{"id":6655,"date":"2023-08-17T07:23:21","date_gmt":"2023-08-17T07:23:21","guid":{"rendered":"https:\/\/diligentplug.com\/chems\/?post_type=product&#038;p=6655"},"modified":"2025-01-31T08:51:52","modified_gmt":"2025-01-31T08:51:52","slug":"4f-mph","status":"publish","type":"product","link":"https:\/\/rckopen.com\/cs\/produkt\/4f-mph\/","title":{"rendered":"Koupit 4F-MPH online"},"content":{"rendered":"<h2>De opkomst van 4F-MPH: onderzoek naar de groeiende Online Kopen populariteit ervan<\/h2>\n<p>V posledn\u00ed dob\u011b popt\u00e1vka po <a href=\"https:\/\/rckopen.com\/cs\/produkt\/4f-mph\/\">4F-MPH<\/a> na prodej se ohromn\u011b zv\u00fd\u0161il, co\u017e p\u0159it\u00e1hlo pozornost mnoha lid\u00ed po cel\u00e9m sv\u011bt\u011b. Tento n\u00e1r\u016fst popularity lze p\u0159i\u010d\u00edst n\u011bkolika faktor\u016fm, v\u010detn\u011b \u00fa\u010dinnosti, dostupnosti a pohodl\u00ed online objedn\u00e1vky 4F-MPH. Poj\u010fme se pod\u00edvat, pro\u010d je 4F-MPH st\u00e1le popul\u00e1rn\u011bj\u0161\u00ed a kde jej m\u016f\u017eete naj\u00edt online. <a href=\"https:\/\/rckopen.com\/cs\/\">RCKOpen.com<\/a><\/p>\n<h3>4F-MPH rozum\u011bt<\/h3>\n<p><a href=\"https:\/\/en.wikipedia.org\/wiki\/4-Fluoromethylphenidate\">4F-MPH<\/a> je siln\u00fd psychostimulant pat\u0159\u00edc\u00ed do chemick\u00fdch t\u0159\u00edd fenetylamin a amfetamin. Je zn\u00e1m\u00fd pro sv\u00e9 stimula\u010dn\u00ed \u00fa\u010dinky na centr\u00e1ln\u00ed nervov\u00fd syst\u00e9m a je \u010dasto vyhled\u00e1v\u00e1n lidmi, kte\u0159\u00ed cht\u011bj\u00ed zlep\u0161it soust\u0159ed\u011bn\u00ed, koncentraci a produktivitu. Jeho popularita pramen\u00ed z jeho schopnosti poskytnout kognitivn\u00ed podporu bez intenzivn\u00ed euforie spojen\u00e9 s jin\u00fdmi stimulanty.<\/p>\n<h3>\u00da\u010dinnost a p\u0159\u00ednosy<\/h3>\n<p>Jedn\u00edm z hlavn\u00edch d\u016fvod\u016f rostouc\u00ed popularity 4F-MPH na prodej je jeho \u00fa\u010dinnost. U\u017eivatel\u00e9 uv\u00e1d\u011bj\u00ed, \u017ee po jeho konzumaci poci\u0165uj\u00ed zv\u00fd\u0161enou bd\u011blost, lep\u0161\u00ed kognitivn\u00ed funkce a zv\u00fd\u0161enou motivaci. D\u00edky t\u011bmto \u00fa\u010dink\u016fm je atraktivn\u00ed pro studenty, profesion\u00e1ly i jednotlivce, kte\u0159\u00ed hledaj\u00ed dal\u0161\u00ed v\u00fdhodu p\u0159i sv\u00fdch ka\u017edodenn\u00edch aktivit\u00e1ch.<\/p>\n<h3>Dostupnost a pohodl\u00ed<\/h3>\n<p>S p\u0159\u00edchodem online tr\u017ei\u0161\u0165 se objedn\u00e1v\u00e1n\u00ed 4F-MPH stalo dostupn\u011bj\u0161\u00edm ne\u017e kdykoli p\u0159edt\u00edm. Pry\u010d jsou doby, kdy jsme byli z\u00e1visl\u00ed na tradi\u010dn\u00edch kan\u00e1lech; nyn\u00ed si jednotlivci mohou snadno objednat 4F-MPH z pohodl\u00ed domova, a to pouh\u00fdmi n\u011bkolika kliknut\u00edmi. Tato dostupnost v\u00fdznamn\u011b p\u0159isp\u011bla k jeho \u0161irok\u00e9 oblib\u011b mezi u\u017eivateli po cel\u00e9m sv\u011bt\u011b.<\/p>\n<h3>Kde koupit 4F-MPH<\/h3>\n<p>Pokud si chcete koupit 4F-MPH online, je nutn\u00e9 si vybrat renomovan\u00e9ho dodavatele, jako je rckopen.com. Jako d\u016fv\u011bryhodn\u00fd zdroj v\u00fdzkumn\u00fdch chemik\u00e1li\u00ed nab\u00edz\u00ed rckopen.com vysoce kvalitn\u00ed 4F-MPH na prodej, \u010d\u00edm\u017e zaji\u0161\u0165uje, \u017ee z\u00e1kazn\u00edci obdr\u017e\u00ed spolehliv\u00fd produkt, kter\u00fd spl\u0148uje jejich pot\u0159eby.<\/p>\n<h3>Pr\u00e1vn\u00ed aspekty<\/h3>\n<p>Je d\u016fle\u017eit\u00e9 zd\u016fraznit pr\u00e1vn\u00ed aspekty leg\u00e1ln\u00edho n\u00e1kupu 4F-MPH. A\u010dkoli jej lze zakoupit online, kupuj\u00edc\u00ed mus\u00ed zajistit, aby dodr\u017eovali m\u00edstn\u00ed p\u0159edpisy t\u00fdkaj\u00edc\u00ed se prodeje a konzumace t\u011bchto l\u00e1tek. Rckopen.com nab\u00edz\u00ed z\u00e1kazn\u00edk\u016fm bezpe\u010dn\u00fd a leg\u00e1ln\u00ed zp\u016fsob n\u00e1kupu 4F-MPH a zaji\u0161\u0165uje klid a transparentnost v cel\u00e9m procesu n\u00e1kupu.<\/p>\n<p>N\u00e1r\u016fst prodeje 4F-MPH lze p\u0159i\u010d\u00edst jeho \u00fa\u010dinnosti, dostupnosti a snadn\u00e9mu n\u00e1kupu online. D\u00edky sv\u00e9 schopnosti zlep\u0161ovat kognitivn\u00ed funkce a produktivitu si z\u00edskal \u0161irokou popularitu mezi jednotlivci, kte\u0159\u00ed hledaj\u00ed kognitivn\u00ed podporu. Pokud si chcete koupit 4F-MPH ve Velk\u00e9 Brit\u00e1nii, v\u00fdb\u011br renomovan\u00e9ho dodavatele, jako je rckopen.com, zaji\u0161\u0165uje bezpe\u010dnou a leg\u00e1ln\u00ed transakci, kter\u00e1 u\u017eivatel\u016fm umo\u017e\u0148uje zodpov\u011bdn\u011b za\u017e\u00edt v\u00fdhody tohoto siln\u00e9ho stimulantu.<\/p>\n<p>&nbsp;<\/p>","protected":false},"excerpt":{"rendered":"<p><strong>N\u00e1zev IUPAC: <\/strong>Methyl 2-(4-fluorofenyl)-2-(piperidin-2-yl)acet\u00e1t<\/p>\n<p><strong>CAS # <\/strong>1354631-33-6<\/p>\n<p><strong>Dal\u0161\u00ed n\u00e1zev: <\/strong>4-fluoromethylfenid\u00e1t, 4-FMPH<\/p>\n<p><strong>Vzhled: <\/strong>pr\u00e1\u0161ek<\/p>\n<p><strong>NMR anal\u00fdza: <\/strong>C14H18FNO2<\/p>","protected":false},"featured_media":6683,"comment_status":"open","ping_status":"closed","template":"","meta":{"_joinchat":[]},"product_brand":[],"product_cat":[147],"product_tag":[],"class_list":{"0":"post-6655","1":"product","2":"type-product","3":"status-publish","4":"has-post-thumbnail","6":"product_cat-piperidinen","8":"first","9":"instock","10":"shipping-taxable","11":"purchasable","12":"product-type-variable"},"yoast_head":"<!-- This site is optimized with the Yoast SEO plugin v26.3 - https:\/\/yoast.com\/wordpress\/plugins\/seo\/ -->\n<title>4F-MPH Online Kopen - 4F-MPH te koop<\/title>\n<meta name=\"description\" content=\"Wij zijn de toonaangevende winkel die 4F-MPH te koop heeft. Als u 4F-MPH wilt kopen, neem dan direct contact met ons op en laat de bestelling bezorgen. Bestel nu!\" \/>\n<meta name=\"robots\" content=\"index, follow, max-snippet:-1, max-image-preview:large, max-video-preview:-1\" \/>\n<link rel=\"canonical\" href=\"https:\/\/rckopen.com\/cs\/produkt\/4f-mph\/\" \/>\n<meta property=\"og:locale\" content=\"cs_CZ\" \/>\n<meta property=\"og:type\" content=\"article\" \/>\n<meta property=\"og:title\" content=\"4F-MPH Online Kopen - 4F-MPH te koop\" \/>\n<meta property=\"og:description\" content=\"Wij zijn de toonaangevende winkel die 4F-MPH te koop heeft. Als u 4F-MPH wilt kopen, neem dan direct contact met ons op en laat de bestelling bezorgen. Bestel nu!\" \/>\n<meta property=\"og:url\" content=\"https:\/\/rckopen.com\/cs\/produkt\/4f-mph\/\" \/>\n<meta property=\"og:site_name\" content=\"RC Kopen\" \/>\n<meta property=\"article:modified_time\" content=\"2025-01-31T08:51:52+00:00\" \/>\n<meta property=\"og:image\" content=\"https:\/\/rckopen.com\/wp-content\/uploads\/2023\/08\/4-FMA-1.jpg\" \/>\n\t<meta property=\"og:image:width\" content=\"600\" \/>\n\t<meta property=\"og:image:height\" content=\"600\" \/>\n\t<meta property=\"og:image:type\" content=\"image\/jpeg\" \/>\n<meta name=\"twitter:card\" content=\"summary_large_image\" \/>\n<meta name=\"twitter:label1\" content=\"Odhadovan\u00e1 doba \u010dten\u00ed\" \/>\n\t<meta name=\"twitter:data1\" content=\"3 minuty\" \/>\n<script type=\"application\/ld+json\" class=\"yoast-schema-graph\">{\"@context\":\"https:\/\/schema.org\",\"@graph\":[{\"@type\":\"WebPage\",\"@id\":\"https:\/\/rckopen.com\/product\/4f-mph\/\",\"url\":\"https:\/\/rckopen.com\/product\/4f-mph\/\",\"name\":\"4F-MPH Online Kopen - 4F-MPH te koop\",\"isPartOf\":{\"@id\":\"https:\/\/rckopen.com\/#website\"},\"primaryImageOfPage\":{\"@id\":\"https:\/\/rckopen.com\/product\/4f-mph\/#primaryimage\"},\"image\":{\"@id\":\"https:\/\/rckopen.com\/product\/4f-mph\/#primaryimage\"},\"thumbnailUrl\":\"https:\/\/rckopen.com\/wp-content\/uploads\/2023\/08\/4-FMA-1.jpg\",\"datePublished\":\"2023-08-17T07:23:21+00:00\",\"dateModified\":\"2025-01-31T08:51:52+00:00\",\"description\":\"Wij zijn de toonaangevende winkel die 4F-MPH te koop heeft. Als u 4F-MPH wilt kopen, neem dan direct contact met ons op en laat de bestelling bezorgen. Bestel nu!\",\"breadcrumb\":{\"@id\":\"https:\/\/rckopen.com\/product\/4f-mph\/#breadcrumb\"},\"inLanguage\":\"cs\",\"potentialAction\":[{\"@type\":\"ReadAction\",\"target\":[\"https:\/\/rckopen.com\/product\/4f-mph\/\"]}]},{\"@type\":\"ImageObject\",\"inLanguage\":\"cs\",\"@id\":\"https:\/\/rckopen.com\/product\/4f-mph\/#primaryimage\",\"url\":\"https:\/\/rckopen.com\/wp-content\/uploads\/2023\/08\/4-FMA-1.jpg\",\"contentUrl\":\"https:\/\/rckopen.com\/wp-content\/uploads\/2023\/08\/4-FMA-1.jpg\",\"width\":600,\"height\":600,\"caption\":\"4F-MPH Online Kopen\"},{\"@type\":\"BreadcrumbList\",\"@id\":\"https:\/\/rckopen.com\/product\/4f-mph\/#breadcrumb\",\"itemListElement\":[{\"@type\":\"ListItem\",\"position\":1,\"name\":\"Home\",\"item\":\"https:\/\/rckopen.com\/\"},{\"@type\":\"ListItem\",\"position\":2,\"name\":\"Shop\",\"item\":\"https:\/\/rckopen.com\/shop\/\"},{\"@type\":\"ListItem\",\"position\":3,\"name\":\"4F-MPH Online Kopen\"}]},{\"@type\":\"WebSite\",\"@id\":\"https:\/\/rckopen.com\/#website\",\"url\":\"https:\/\/rckopen.com\/\",\"name\":\"RC Kopen\",\"description\":\"Research Chemicals\",\"potentialAction\":[{\"@type\":\"SearchAction\",\"target\":{\"@type\":\"EntryPoint\",\"urlTemplate\":\"https:\/\/rckopen.com\/?s={search_term_string}\"},\"query-input\":{\"@type\":\"PropertyValueSpecification\",\"valueRequired\":true,\"valueName\":\"search_term_string\"}}],\"inLanguage\":\"cs\"}]}<\/script>\n<!-- \/ Yoast SEO plugin. -->","yoast_head_json":{"title":"4F-MPH Online Kopen - 4F-MPH te koop","description":"Wij zijn de toonaangevende winkel die 4F-MPH te koop heeft. Als u 4F-MPH wilt kopen, neem dan direct contact met ons op en laat de bestelling bezorgen. Bestel nu!","robots":{"index":"index","follow":"follow","max-snippet":"max-snippet:-1","max-image-preview":"max-image-preview:large","max-video-preview":"max-video-preview:-1"},"canonical":"https:\/\/rckopen.com\/cs\/produkt\/4f-mph\/","og_locale":"cs_CZ","og_type":"article","og_title":"4F-MPH Online Kopen - 4F-MPH te koop","og_description":"Wij zijn de toonaangevende winkel die 4F-MPH te koop heeft. Als u 4F-MPH wilt kopen, neem dan direct contact met ons op en laat de bestelling bezorgen. Bestel nu!","og_url":"https:\/\/rckopen.com\/cs\/produkt\/4f-mph\/","og_site_name":"RC Kopen","article_modified_time":"2025-01-31T08:51:52+00:00","og_image":[{"width":600,"height":600,"url":"https:\/\/rckopen.com\/wp-content\/uploads\/2023\/08\/4-FMA-1.jpg","type":"image\/jpeg"}],"twitter_card":"summary_large_image","twitter_misc":{"Odhadovan\u00e1 doba \u010dten\u00ed":"3 minuty"},"schema":{"@context":"https:\/\/schema.org","@graph":[{"@type":"WebPage","@id":"https:\/\/rckopen.com\/product\/4f-mph\/","url":"https:\/\/rckopen.com\/product\/4f-mph\/","name":"4F-MPH Online Kopen - 4F-MPH te koop","isPartOf":{"@id":"https:\/\/rckopen.com\/#website"},"primaryImageOfPage":{"@id":"https:\/\/rckopen.com\/product\/4f-mph\/#primaryimage"},"image":{"@id":"https:\/\/rckopen.com\/product\/4f-mph\/#primaryimage"},"thumbnailUrl":"https:\/\/rckopen.com\/wp-content\/uploads\/2023\/08\/4-FMA-1.jpg","datePublished":"2023-08-17T07:23:21+00:00","dateModified":"2025-01-31T08:51:52+00:00","description":"Wij zijn de toonaangevende winkel die 4F-MPH te koop heeft. Als u 4F-MPH wilt kopen, neem dan direct contact met ons op en laat de bestelling bezorgen. Bestel nu!","breadcrumb":{"@id":"https:\/\/rckopen.com\/product\/4f-mph\/#breadcrumb"},"inLanguage":"cs","potentialAction":[{"@type":"ReadAction","target":["https:\/\/rckopen.com\/product\/4f-mph\/"]}]},{"@type":"ImageObject","inLanguage":"cs","@id":"https:\/\/rckopen.com\/product\/4f-mph\/#primaryimage","url":"https:\/\/rckopen.com\/wp-content\/uploads\/2023\/08\/4-FMA-1.jpg","contentUrl":"https:\/\/rckopen.com\/wp-content\/uploads\/2023\/08\/4-FMA-1.jpg","width":600,"height":600,"caption":"4F-MPH Online Kopen"},{"@type":"BreadcrumbList","@id":"https:\/\/rckopen.com\/product\/4f-mph\/#breadcrumb","itemListElement":[{"@type":"ListItem","position":1,"name":"Home","item":"https:\/\/rckopen.com\/"},{"@type":"ListItem","position":2,"name":"Shop","item":"https:\/\/rckopen.com\/shop\/"},{"@type":"ListItem","position":3,"name":"4F-MPH Online Kopen"}]},{"@type":"WebSite","@id":"https:\/\/rckopen.com\/#website","url":"https:\/\/rckopen.com\/","name":"RC Kopen","description":"Research Chemicals","potentialAction":[{"@type":"SearchAction","target":{"@type":"EntryPoint","urlTemplate":"https:\/\/rckopen.com\/?s={search_term_string}"},"query-input":{"@type":"PropertyValueSpecification","valueRequired":true,"valueName":"search_term_string"}}],"inLanguage":"cs"}]}},"_links":{"self":[{"href":"https:\/\/rckopen.com\/cs\/wp-json\/wp\/v2\/product\/6655","targetHints":{"allow":["GET"]}}],"collection":[{"href":"https:\/\/rckopen.com\/cs\/wp-json\/wp\/v2\/product"}],"about":[{"href":"https:\/\/rckopen.com\/cs\/wp-json\/wp\/v2\/types\/product"}],"replies":[{"embeddable":true,"href":"https:\/\/rckopen.com\/cs\/wp-json\/wp\/v2\/comments?post=6655"}],"wp:featuredmedia":[{"embeddable":true,"href":"https:\/\/rckopen.com\/cs\/wp-json\/wp\/v2\/media\/6683"}],"wp:attachment":[{"href":"https:\/\/rckopen.com\/cs\/wp-json\/wp\/v2\/media?parent=6655"}],"wp:term":[{"taxonomy":"product_brand","embeddable":true,"href":"https:\/\/rckopen.com\/cs\/wp-json\/wp\/v2\/product_brand?post=6655"},{"taxonomy":"product_cat","embeddable":true,"href":"https:\/\/rckopen.com\/cs\/wp-json\/wp\/v2\/product_cat?post=6655"},{"taxonomy":"product_tag","embeddable":true,"href":"https:\/\/rckopen.com\/cs\/wp-json\/wp\/v2\/product_tag?post=6655"}],"curies":[{"name":"wp","href":"https:\/\/api.w.org\/{rel}","templated":true}]}}