{"id":6661,"date":"2023-08-17T07:38:49","date_gmt":"2023-08-17T07:38:49","guid":{"rendered":"https:\/\/diligentplug.com\/chems\/?post_type=product&#038;p=6661"},"modified":"2025-01-31T05:33:53","modified_gmt":"2025-01-31T05:33:53","slug":"4-mpm","status":"publish","type":"product","link":"https:\/\/rckopen.com\/cs\/produkt\/4-mpm\/","title":{"rendered":"Koupit 4-MPM online"},"content":{"rendered":"<h2>4 MPM online kopen<\/h2>\n<p>Kone\u010dn\u00fd pr\u016fvodce bezpe\u010dn\u00fdm n\u00e1kupem 4-MPM online<br \/>\nChcete? <a href=\"https:\/\/rckopen.com\/cs\/produkt\/4-mpm\/\">Koupit 4-MPM<\/a>, ale nev\u00edte, kde za\u010d\u00edt? U\u017e nehledejte! Shrom\u00e1\u017edili jsme zasv\u011bcen\u00e9 tipy, kter\u00e9 v\u00e1m pomohou bezpe\u010dn\u011b nakupovat 4-MPM online. A\u0165 u\u017e jste zku\u0161en\u00fd v\u00fdzkumn\u00edk nebo nov\u00e1\u010dek v oblasti chemick\u00fdch slou\u010denin, tyto tipy zajist\u00ed hladkou a bezpe\u010dnou transakci.<\/p>\n<h3>Porozum\u011bn\u00ed 4-MPM<\/h3>\n<p>Ne\u017e se pono\u0159\u00edte do procesu n\u00e1kupu, je d\u016fle\u017eit\u00e9 pochopit, co je 4-MPM. 4-MPM, tak\u00e9 zn\u00e1m\u00fd jako <a href=\"https:\/\/en.wikipedia.org\/wiki\/4-Methylphenmetrazine\">4-methylfenmetrazin,<\/a> je v\u00fdzkumn\u00e1 l\u00e1tka \u010dasto pou\u017e\u00edvan\u00e1 pro v\u011bdeck\u00e9 \u00fa\u010dely. Jeho vlastnosti z n\u011bj d\u011blaj\u00ed cenn\u00fd n\u00e1stroj pro v\u00fdzkumn\u00edky zkoumaj\u00edc\u00ed r\u016fzn\u00e9 obory.<\/p>\n<h3>Vyhled\u00e1n\u00ed renomovan\u00e9ho dodavatele<\/h3>\n<p>Pokud chcete koupit 4-MPM leg\u00e1ln\u011b, je nezbytn\u00e9 j\u00edt s renomovan\u00fdm dodavatelem, jako je nap\u0159 <a href=\"https:\/\/rckopen.com\/cs\/\">Rckopen.com<\/a> koupit. D\u00edky z\u00e1znam\u016fm o dod\u00e1vk\u00e1ch vysoce kvalitn\u00edch v\u00fdzkumn\u00fdch chemik\u00e1li\u00ed nab\u00edz\u00ed Rckopen.com klid na ka\u017ed\u00fd n\u00e1kup. Jejich oddanost kvalit\u011b a spokojenosti z\u00e1kazn\u00edk\u016f je v tomto odv\u011btv\u00ed odli\u0161uje.<\/p>\n<h3>Zaji\u0161t\u011bn\u00ed z\u00e1konnosti a souladu s p\u0159edpisy<\/h3>\n<p>Jedn\u00edm z nejd\u016fle\u017eit\u011bj\u0161\u00edch aspekt\u016f zak\u00e1zky 4-MPM je zaji\u0161t\u011bn\u00ed z\u00e1konnosti a souladu s p\u0159edpisy. Rckopen.com dodr\u017euje v\u0161echny z\u00e1konn\u00e9 po\u017eadavky a nab\u00edz\u00ed z\u00e1kazn\u00edk\u016fm bezpe\u010dn\u00fd a leg\u00e1ln\u00ed zp\u016fsob, jak z\u00edskat 4-MPM. M\u016f\u017eete si b\u00fdt jisti, \u017ee p\u0159i n\u00e1kupu od Rckopen.com kupujete 4-MPM bez l\u00e9ka\u0159sk\u00e9ho p\u0159edpisu.<\/p>\n<h3>Bezpe\u010dnostn\u00ed opat\u0159en\u00ed<\/h3>\n<p>Bezpe\u010dnost by m\u011bla b\u00fdt v\u017edy nejvy\u0161\u0161\u00ed prioritou p\u0159i n\u00e1kupu v\u00fdzkumn\u00fdch chemik\u00e1li\u00ed online. Spole\u010dnost Rckopen.com bere bezpe\u010dnost v\u00e1\u017en\u011b a prov\u00e1d\u00ed p\u0159\u00edsn\u00e1 opat\u0159en\u00ed pro kontrolu kvality, aby zajistila \u010distotu a integritu sv\u00fdch produkt\u016f. Krom\u011b toho poskytuje jasn\u00e9 pokyny pro bezpe\u010dn\u00e9 zach\u00e1zen\u00ed a skladov\u00e1n\u00ed, aby se minimalizovala mo\u017en\u00e1 rizika.<\/p>\n<h3>Proces objedn\u00e1v\u00e1n\u00ed<\/h3>\n<p>Objedn\u00e1n\u00ed 4-MPM z Rckopen.com je jednoduch\u00fd proces. Sta\u010d\u00ed nav\u0161t\u00edvit jejich webov\u00e9 str\u00e1nky, prohl\u00e9dnout si nab\u00eddku v\u00fdzkumn\u00fdch chemik\u00e1li\u00ed a p\u0159idat po\u017eadovan\u00e9 produkty do ko\u0161\u00edku. D\u00edky bezpe\u010dn\u00fdm mo\u017enostem platby a diskr\u00e9tn\u00ed p\u0159eprav\u011b si m\u016f\u017eete 4-MPM objednat s d\u016fv\u011brou.<\/p>\n<h3>P\u0159eprava a dod\u00e1n\u00ed<\/h3>\n<p>Rckopen.com nab\u00edz\u00ed rychl\u00e9 a spolehliv\u00e9 mo\u017enosti p\u0159epravy, aby va\u0161e objedn\u00e1vka dorazila rychle a diskr\u00e9tn\u011b. A\u0165 u\u017e se nach\u00e1z\u00edte ve Velk\u00e9 Brit\u00e1nii nebo v zahrani\u010d\u00ed, m\u016f\u017eete se spolehnout, \u017ee Rckopen.com doru\u010d\u00ed va\u0161e 4-MPM bezpe\u010dn\u011b a spolehliv\u011b na prodej.<\/p>\n<p>N\u00e1kup 4-MPM online m\u016f\u017ee b\u00fdt bezpe\u010dn\u00fd a bezprobl\u00e9mov\u00fd, pokud si vyberete renomovan\u00e9ho dodavatele, jako je Rckopen.com. D\u00edky jejich z\u00e1vazku ke kvalit\u011b, legalit\u011b a spokojenosti z\u00e1kazn\u00edk\u016f si m\u016f\u017eete 4-MPM koupit s d\u016fv\u011brou. Tak pro\u010d \u010dekat? Nav\u0161tivte Rckopen.com je\u0161t\u011b dnes a odhalte potenci\u00e1l 4-MPM pro sv\u00e9 v\u00fdzkumn\u00e9 pot\u0159eby.<\/p>","protected":false},"excerpt":{"rendered":"<p><strong>N\u00e1zev IUPAC: <\/strong>3-methyl-2-(p-tolyl)mopholin<\/p>\n<p><strong>CAS # <\/strong>NEUPLAT\u0147UJE SE<\/p>\n<p><strong>Dal\u0161\u00ed n\u00e1zev: <\/strong>4-methylfenmetrazin<\/p>\n<p><strong>Vzhled: <\/strong>krystaly<\/p>\n<p><strong>NMR anal\u00fdza: <\/strong>NEUPLAT\u0147UJE SE<\/p>","protected":false},"featured_media":6686,"comment_status":"open","ping_status":"closed","template":"","meta":{"_joinchat":[]},"product_brand":[],"product_cat":[147],"product_tag":[],"class_list":{"0":"post-6661","1":"product","2":"type-product","3":"status-publish","4":"has-post-thumbnail","6":"product_cat-piperidinen","8":"first","9":"instock","10":"shipping-taxable","11":"purchasable","12":"product-type-variable"},"yoast_head":"<!-- This site is optimized with the Yoast SEO plugin v26.3 - https:\/\/yoast.com\/wordpress\/plugins\/seo\/ -->\n<title>4-MPM online kopen - 4-MPM te koop | RC Kopen<\/title>\n<meta name=\"description\" content=\"Aan uw vereiste om 4-MPM te kopen kan worden voldaan in onze online rc kopen-winkel, aangezien we hier 4-MPM te koop hebben. Plaats uw bestelling en ontvang elke dag betaalbare aanbiedingen.\" \/>\n<meta name=\"robots\" content=\"index, follow, max-snippet:-1, max-image-preview:large, max-video-preview:-1\" \/>\n<link rel=\"canonical\" href=\"https:\/\/rckopen.com\/cs\/produkt\/4-mpm\/\" \/>\n<meta property=\"og:locale\" content=\"cs_CZ\" \/>\n<meta property=\"og:type\" content=\"article\" \/>\n<meta property=\"og:title\" content=\"4-MPM online kopen - 4-MPM te koop | RC Kopen\" \/>\n<meta property=\"og:description\" content=\"Aan uw vereiste om 4-MPM te kopen kan worden voldaan in onze online rc kopen-winkel, aangezien we hier 4-MPM te koop hebben. Plaats uw bestelling en ontvang elke dag betaalbare aanbiedingen.\" \/>\n<meta property=\"og:url\" content=\"https:\/\/rckopen.com\/cs\/produkt\/4-mpm\/\" \/>\n<meta property=\"og:site_name\" content=\"RC Kopen\" \/>\n<meta property=\"article:modified_time\" content=\"2025-01-31T05:33:53+00:00\" \/>\n<meta property=\"og:image\" content=\"https:\/\/rckopen.com\/wp-content\/uploads\/2023\/08\/4-MPM.jpg\" \/>\n\t<meta property=\"og:image:width\" content=\"600\" \/>\n\t<meta property=\"og:image:height\" content=\"600\" \/>\n\t<meta property=\"og:image:type\" content=\"image\/jpeg\" \/>\n<meta name=\"twitter:card\" content=\"summary_large_image\" \/>\n<meta name=\"twitter:label1\" content=\"Odhadovan\u00e1 doba \u010dten\u00ed\" \/>\n\t<meta name=\"twitter:data1\" content=\"2 minuty\" \/>\n<script type=\"application\/ld+json\" class=\"yoast-schema-graph\">{\"@context\":\"https:\/\/schema.org\",\"@graph\":[{\"@type\":\"WebPage\",\"@id\":\"https:\/\/rckopen.com\/product\/4-mpm\/\",\"url\":\"https:\/\/rckopen.com\/product\/4-mpm\/\",\"name\":\"4-MPM online kopen - 4-MPM te koop | RC Kopen\",\"isPartOf\":{\"@id\":\"https:\/\/rckopen.com\/#website\"},\"primaryImageOfPage\":{\"@id\":\"https:\/\/rckopen.com\/product\/4-mpm\/#primaryimage\"},\"image\":{\"@id\":\"https:\/\/rckopen.com\/product\/4-mpm\/#primaryimage\"},\"thumbnailUrl\":\"https:\/\/rckopen.com\/wp-content\/uploads\/2023\/08\/4-MPM.jpg\",\"datePublished\":\"2023-08-17T07:38:49+00:00\",\"dateModified\":\"2025-01-31T05:33:53+00:00\",\"description\":\"Aan uw vereiste om 4-MPM te kopen kan worden voldaan in onze online rc kopen-winkel, aangezien we hier 4-MPM te koop hebben. Plaats uw bestelling en ontvang elke dag betaalbare aanbiedingen.\",\"breadcrumb\":{\"@id\":\"https:\/\/rckopen.com\/product\/4-mpm\/#breadcrumb\"},\"inLanguage\":\"cs\",\"potentialAction\":[{\"@type\":\"ReadAction\",\"target\":[\"https:\/\/rckopen.com\/product\/4-mpm\/\"]}]},{\"@type\":\"ImageObject\",\"inLanguage\":\"cs\",\"@id\":\"https:\/\/rckopen.com\/product\/4-mpm\/#primaryimage\",\"url\":\"https:\/\/rckopen.com\/wp-content\/uploads\/2023\/08\/4-MPM.jpg\",\"contentUrl\":\"https:\/\/rckopen.com\/wp-content\/uploads\/2023\/08\/4-MPM.jpg\",\"width\":600,\"height\":600,\"caption\":\"4-MPM online kopen\"},{\"@type\":\"BreadcrumbList\",\"@id\":\"https:\/\/rckopen.com\/product\/4-mpm\/#breadcrumb\",\"itemListElement\":[{\"@type\":\"ListItem\",\"position\":1,\"name\":\"Home\",\"item\":\"https:\/\/rckopen.com\/\"},{\"@type\":\"ListItem\",\"position\":2,\"name\":\"Shop\",\"item\":\"https:\/\/rckopen.com\/shop\/\"},{\"@type\":\"ListItem\",\"position\":3,\"name\":\"4-MPM online kopen\"}]},{\"@type\":\"WebSite\",\"@id\":\"https:\/\/rckopen.com\/#website\",\"url\":\"https:\/\/rckopen.com\/\",\"name\":\"RC Kopen\",\"description\":\"Research Chemicals\",\"potentialAction\":[{\"@type\":\"SearchAction\",\"target\":{\"@type\":\"EntryPoint\",\"urlTemplate\":\"https:\/\/rckopen.com\/?s={search_term_string}\"},\"query-input\":{\"@type\":\"PropertyValueSpecification\",\"valueRequired\":true,\"valueName\":\"search_term_string\"}}],\"inLanguage\":\"cs\"}]}<\/script>\n<!-- \/ Yoast SEO plugin. -->","yoast_head_json":{"title":"4-MPM online kopen - 4-MPM te koop | RC Kopen","description":"Aan uw vereiste om 4-MPM te kopen kan worden voldaan in onze online rc kopen-winkel, aangezien we hier 4-MPM te koop hebben. Plaats uw bestelling en ontvang elke dag betaalbare aanbiedingen.","robots":{"index":"index","follow":"follow","max-snippet":"max-snippet:-1","max-image-preview":"max-image-preview:large","max-video-preview":"max-video-preview:-1"},"canonical":"https:\/\/rckopen.com\/cs\/produkt\/4-mpm\/","og_locale":"cs_CZ","og_type":"article","og_title":"4-MPM online kopen - 4-MPM te koop | RC Kopen","og_description":"Aan uw vereiste om 4-MPM te kopen kan worden voldaan in onze online rc kopen-winkel, aangezien we hier 4-MPM te koop hebben. Plaats uw bestelling en ontvang elke dag betaalbare aanbiedingen.","og_url":"https:\/\/rckopen.com\/cs\/produkt\/4-mpm\/","og_site_name":"RC Kopen","article_modified_time":"2025-01-31T05:33:53+00:00","og_image":[{"width":600,"height":600,"url":"https:\/\/rckopen.com\/wp-content\/uploads\/2023\/08\/4-MPM.jpg","type":"image\/jpeg"}],"twitter_card":"summary_large_image","twitter_misc":{"Odhadovan\u00e1 doba \u010dten\u00ed":"2 minuty"},"schema":{"@context":"https:\/\/schema.org","@graph":[{"@type":"WebPage","@id":"https:\/\/rckopen.com\/product\/4-mpm\/","url":"https:\/\/rckopen.com\/product\/4-mpm\/","name":"4-MPM online kopen - 4-MPM te koop | RC Kopen","isPartOf":{"@id":"https:\/\/rckopen.com\/#website"},"primaryImageOfPage":{"@id":"https:\/\/rckopen.com\/product\/4-mpm\/#primaryimage"},"image":{"@id":"https:\/\/rckopen.com\/product\/4-mpm\/#primaryimage"},"thumbnailUrl":"https:\/\/rckopen.com\/wp-content\/uploads\/2023\/08\/4-MPM.jpg","datePublished":"2023-08-17T07:38:49+00:00","dateModified":"2025-01-31T05:33:53+00:00","description":"Aan uw vereiste om 4-MPM te kopen kan worden voldaan in onze online rc kopen-winkel, aangezien we hier 4-MPM te koop hebben. Plaats uw bestelling en ontvang elke dag betaalbare aanbiedingen.","breadcrumb":{"@id":"https:\/\/rckopen.com\/product\/4-mpm\/#breadcrumb"},"inLanguage":"cs","potentialAction":[{"@type":"ReadAction","target":["https:\/\/rckopen.com\/product\/4-mpm\/"]}]},{"@type":"ImageObject","inLanguage":"cs","@id":"https:\/\/rckopen.com\/product\/4-mpm\/#primaryimage","url":"https:\/\/rckopen.com\/wp-content\/uploads\/2023\/08\/4-MPM.jpg","contentUrl":"https:\/\/rckopen.com\/wp-content\/uploads\/2023\/08\/4-MPM.jpg","width":600,"height":600,"caption":"4-MPM online kopen"},{"@type":"BreadcrumbList","@id":"https:\/\/rckopen.com\/product\/4-mpm\/#breadcrumb","itemListElement":[{"@type":"ListItem","position":1,"name":"Home","item":"https:\/\/rckopen.com\/"},{"@type":"ListItem","position":2,"name":"Shop","item":"https:\/\/rckopen.com\/shop\/"},{"@type":"ListItem","position":3,"name":"4-MPM online kopen"}]},{"@type":"WebSite","@id":"https:\/\/rckopen.com\/#website","url":"https:\/\/rckopen.com\/","name":"RC Kopen","description":"Research Chemicals","potentialAction":[{"@type":"SearchAction","target":{"@type":"EntryPoint","urlTemplate":"https:\/\/rckopen.com\/?s={search_term_string}"},"query-input":{"@type":"PropertyValueSpecification","valueRequired":true,"valueName":"search_term_string"}}],"inLanguage":"cs"}]}},"_links":{"self":[{"href":"https:\/\/rckopen.com\/cs\/wp-json\/wp\/v2\/product\/6661","targetHints":{"allow":["GET"]}}],"collection":[{"href":"https:\/\/rckopen.com\/cs\/wp-json\/wp\/v2\/product"}],"about":[{"href":"https:\/\/rckopen.com\/cs\/wp-json\/wp\/v2\/types\/product"}],"replies":[{"embeddable":true,"href":"https:\/\/rckopen.com\/cs\/wp-json\/wp\/v2\/comments?post=6661"}],"wp:featuredmedia":[{"embeddable":true,"href":"https:\/\/rckopen.com\/cs\/wp-json\/wp\/v2\/media\/6686"}],"wp:attachment":[{"href":"https:\/\/rckopen.com\/cs\/wp-json\/wp\/v2\/media?parent=6661"}],"wp:term":[{"taxonomy":"product_brand","embeddable":true,"href":"https:\/\/rckopen.com\/cs\/wp-json\/wp\/v2\/product_brand?post=6661"},{"taxonomy":"product_cat","embeddable":true,"href":"https:\/\/rckopen.com\/cs\/wp-json\/wp\/v2\/product_cat?post=6661"},{"taxonomy":"product_tag","embeddable":true,"href":"https:\/\/rckopen.com\/cs\/wp-json\/wp\/v2\/product_tag?post=6661"}],"curies":[{"name":"wp","href":"https:\/\/api.w.org\/{rel}","templated":true}]}}