{"id":6662,"date":"2023-08-17T07:51:48","date_gmt":"2023-08-17T07:51:48","guid":{"rendered":"https:\/\/diligentplug.com\/chems\/?post_type=product&#038;p=6662"},"modified":"2025-02-01T07:35:18","modified_gmt":"2025-02-01T07:35:18","slug":"3-fpm","status":"publish","type":"product","link":"https:\/\/rckopen.com\/cs\/produkt\/3-fpm\/","title":{"rendered":"Koupit 3-FPM online"},"content":{"rendered":"<h2>3 FPM Online Kopen<\/h2>\n<p>V\u00e1\u0161 pr\u016fvodce hled\u00e1n\u00edm kvalitn\u00edch 3-FPM online<br \/>\nHled\u00e1te spolehliv\u00fd zdroj <a href=\"https:\/\/rckopen.com\/cs\/produkt\/3-fpm\/\">3-FPM na prodej online<\/a>? U\u017e nehledejte! V\u010dela <a href=\"https:\/\/rckopen.com\/cs\/\">rckopen.com<\/a> Nab\u00edz\u00edme k prodeji 3-FPM nejvy\u0161\u0161\u00ed kvality, co\u017e zaji\u0161\u0165uje bezprobl\u00e9mov\u00fd n\u00e1kup. A\u0165 u\u017e jste ve Velk\u00e9 Brit\u00e1nii nebo jinde, nab\u00edz\u00edme leg\u00e1ln\u00ed p\u0159\u00edstup k 3-FPM bez l\u00e9ka\u0159sk\u00e9ho p\u0159edpisu. Zde je v\u00e1\u0161 podrobn\u00fd pr\u016fvodce n\u00e1kupem \u0161pi\u010dkov\u00e9ho 3-FPM na na\u0161\u00ed platform\u011b:<\/p>\n<p>Prozkoumejte d\u016fv\u011bryhodn\u00e9 dodavatele<br \/>\nPokud jste leg\u00e1ln\u00ed <a href=\"https:\/\/en.wikipedia.org\/wiki\/3-Fluorophenmetrazine\">3-FPM<\/a> Pokud chcete nakupovat online, je nezbytn\u00e9 prozkoumat spolehliv\u00e9 dodavatele. Na rckopen.com jsme hrd\u00ed na svou pov\u011bst d\u016fv\u011bryhodn\u00e9ho zdroje pro n\u00e1kup v\u00fdzkumn\u00fdch chemik\u00e1li\u00ed. N\u00e1\u0161 z\u00e1vazek ke kvalit\u011b a spokojenosti z\u00e1kazn\u00edk\u016f n\u00e1s odli\u0161uje od ostatn\u00edch dodavatel\u016f na trhu.<\/p>\n<p>Kontrola kvality v\u00fdrobk\u016f<br \/>\nU v\u00fdzkumn\u00fdch chemik\u00e1li\u00ed, jako je 3-FPM, je nejd\u016fle\u017eit\u011bj\u0161\u00ed kvalita. Na\u0161e produkty proch\u00e1zej\u00ed p\u0159\u00edsn\u00fdm testov\u00e1n\u00edm, aby byla zaji\u0161t\u011bna jejich \u010distota a \u00fa\u010dinnost. Kdy\u017e si koup\u00edte 3-FPM od rckopen.com, m\u016f\u017eete si b\u00fdt jisti, \u017ee obdr\u017e\u00edte vysoce kvalitn\u00ed produkt, kter\u00fd spl\u0148uje va\u0161e v\u00fdzkumn\u00e9 pot\u0159eby.<br \/>\nProhl\u00e9dn\u011bte si na\u0161i nab\u00eddku<\/p>\n<p>kde si mohu koupit 3-FPM online? Objevte n\u00e1\u0161 \u0161irok\u00fd v\u00fdb\u011br 3-FPM a dal\u0161\u00edch v\u00fdzkumn\u00fdch chemik\u00e1li\u00ed, kter\u00e9 lze zakoupit na na\u0161ich webov\u00fdch str\u00e1nk\u00e1ch. Pouh\u00fdmi n\u011bkolika kliknut\u00edmi m\u016f\u017eete proch\u00e1zet n\u00e1\u0161 invent\u00e1\u0159 a naj\u00edt perfektn\u00ed produkt pro va\u0161e v\u00fdzkumn\u00e9 projekty.<\/p>\n<p>Objednejte si<br \/>\nJste p\u0159ipraveni koupit 3-FPM? Objedn\u00e1n\u00ed z rckopen.com je rychl\u00e9 a snadn\u00e9. Jednodu\u0161e vlo\u017ete produkty, kter\u00e9 chcete, do ko\u0161\u00edku, p\u0159ejd\u011bte k pokladn\u011b a dokon\u010dete sv\u016fj n\u00e1kup bezpe\u010dn\u011b prost\u0159ednictv\u00edm na\u0161\u00ed \u0161ifrovan\u00e9 platebn\u00ed br\u00e1ny.<\/p>\n<p>U\u017eijte si rychlou a diskr\u00e9tn\u00ed p\u0159epravu<br \/>\nPo zad\u00e1n\u00ed objedn\u00e1vky se postar\u00e1me o zbytek. Nab\u00edz\u00edme rychlou a diskr\u00e9tn\u00ed p\u0159epravu, abychom zajistili, \u017ee se k v\u00e1m 3-FPM v prodeji dostane rychle a bezpe\u010dn\u011b. D\u00edky na\u0161\u00ed efektivn\u00ed doru\u010dovac\u00ed slu\u017eb\u011b se m\u016f\u017eete bez prodlen\u00ed soust\u0159edit na sv\u016fj v\u00fdzkum.<\/p>\n<p>Z\u00e1ruka spokojenosti z\u00e1kazn\u00edk\u016f<br \/>\nVe spole\u010dnosti rckopen.com je pro n\u00e1s spokojenost z\u00e1kazn\u00edk\u016f na prvn\u00edm m\u00edst\u011b. Pokud m\u00e1te jak\u00e9koli dotazy nebo p\u0159ipom\u00ednky k va\u0161\u00ed objedn\u00e1vce, n\u00e1\u0161 t\u00fdm podpory je zde, aby v\u00e1m pomohl na ka\u017ed\u00e9m kroku. Sna\u017e\u00edme se poskytnout v\u00fdjime\u010dn\u00fd z\u00e1\u017eitek z n\u00e1kupu od za\u010d\u00e1tku a\u017e do konce.<\/p>\n<p>N\u00e1kup kvalitn\u00edch 3-FPM online nebyl nikdy jednodu\u0161\u0161\u00ed. S rckopen.com si m\u016f\u017eete koupit 3-FPM online leg\u00e1ln\u011b a bez l\u00e9ka\u0159sk\u00e9ho p\u0159edpisu a bu\u010fte si jisti, \u017ee z\u00edsk\u00e1v\u00e1te pr\u00e9miov\u00fd produkt. Prozkoumejte na\u0161i webovou str\u00e1nku je\u0161t\u011b dnes a ud\u011blejte prvn\u00ed krok k pokroku ve sv\u00e9m v\u00fdzkumu.<\/p>","protected":false},"excerpt":{"rendered":"<p>N\u00e1zev podle IUPAC: 2-(3-fluorofenyl)-3-methylmorpholin, monohydrochlorid<br \/>\nCAS # 1803562-83-5<br \/>\nDal\u0161\u00ed n\u00e1zev: 3-fluorfenmetrazin (hydrochlorid)<br \/>\nVzhled: pr\u00e1\u0161ek<br \/>\nNMR anal\u00fdza: C11H14FNO - HCl<\/p>","protected":false},"featured_media":6687,"comment_status":"open","ping_status":"closed","template":"","meta":{"_joinchat":[]},"product_brand":[],"product_cat":[147],"product_tag":[],"class_list":{"0":"post-6662","1":"product","2":"type-product","3":"status-publish","4":"has-post-thumbnail","6":"product_cat-piperidinen","8":"first","9":"instock","10":"shipping-taxable","11":"purchasable","12":"product-type-variable"},"yoast_head":"<!-- This site is optimized with the Yoast SEO plugin v26.3 - https:\/\/yoast.com\/wordpress\/plugins\/seo\/ -->\n<title>3-FPM online kopen - 3-FPM te koop | RC Kopen<\/title>\n<meta name=\"description\" content=\"Onze RCKopen winkel heeft de topkwaliteit 3-FPM te koop. U kunt nooit om de kwaliteit van onze producten heen. Als u dat nodig heeft, kunt u 3-FPM meteen online kopen. Bestel nu!\" \/>\n<meta name=\"robots\" content=\"index, follow, max-snippet:-1, max-image-preview:large, max-video-preview:-1\" \/>\n<link rel=\"canonical\" href=\"https:\/\/rckopen.com\/cs\/produkt\/3-fpm\/\" \/>\n<meta property=\"og:locale\" content=\"cs_CZ\" \/>\n<meta property=\"og:type\" content=\"article\" \/>\n<meta property=\"og:title\" content=\"3-FPM online kopen - 3-FPM te koop | RC Kopen\" \/>\n<meta property=\"og:description\" content=\"Onze RCKopen winkel heeft de topkwaliteit 3-FPM te koop. U kunt nooit om de kwaliteit van onze producten heen. Als u dat nodig heeft, kunt u 3-FPM meteen online kopen. Bestel nu!\" \/>\n<meta property=\"og:url\" content=\"https:\/\/rckopen.com\/cs\/produkt\/3-fpm\/\" \/>\n<meta property=\"og:site_name\" content=\"RC Kopen\" \/>\n<meta property=\"article:modified_time\" content=\"2025-02-01T07:35:18+00:00\" \/>\n<meta property=\"og:image\" content=\"https:\/\/rckopen.com\/wp-content\/uploads\/2023\/08\/3-FPM.jpg\" \/>\n\t<meta property=\"og:image:width\" content=\"600\" \/>\n\t<meta property=\"og:image:height\" content=\"600\" \/>\n\t<meta property=\"og:image:type\" content=\"image\/jpeg\" \/>\n<meta name=\"twitter:card\" content=\"summary_large_image\" \/>\n<meta name=\"twitter:label1\" content=\"Odhadovan\u00e1 doba \u010dten\u00ed\" \/>\n\t<meta name=\"twitter:data1\" content=\"2 minuty\" \/>\n<script type=\"application\/ld+json\" class=\"yoast-schema-graph\">{\"@context\":\"https:\/\/schema.org\",\"@graph\":[{\"@type\":\"WebPage\",\"@id\":\"https:\/\/rckopen.com\/product\/3-fpm\/\",\"url\":\"https:\/\/rckopen.com\/product\/3-fpm\/\",\"name\":\"3-FPM online kopen - 3-FPM te koop | RC Kopen\",\"isPartOf\":{\"@id\":\"https:\/\/rckopen.com\/#website\"},\"primaryImageOfPage\":{\"@id\":\"https:\/\/rckopen.com\/product\/3-fpm\/#primaryimage\"},\"image\":{\"@id\":\"https:\/\/rckopen.com\/product\/3-fpm\/#primaryimage\"},\"thumbnailUrl\":\"https:\/\/rckopen.com\/wp-content\/uploads\/2023\/08\/3-FPM.jpg\",\"datePublished\":\"2023-08-17T07:51:48+00:00\",\"dateModified\":\"2025-02-01T07:35:18+00:00\",\"description\":\"Onze RCKopen winkel heeft de topkwaliteit 3-FPM te koop. U kunt nooit om de kwaliteit van onze producten heen. Als u dat nodig heeft, kunt u 3-FPM meteen online kopen. Bestel nu!\",\"breadcrumb\":{\"@id\":\"https:\/\/rckopen.com\/product\/3-fpm\/#breadcrumb\"},\"inLanguage\":\"cs\",\"potentialAction\":[{\"@type\":\"ReadAction\",\"target\":[\"https:\/\/rckopen.com\/product\/3-fpm\/\"]}]},{\"@type\":\"ImageObject\",\"inLanguage\":\"cs\",\"@id\":\"https:\/\/rckopen.com\/product\/3-fpm\/#primaryimage\",\"url\":\"https:\/\/rckopen.com\/wp-content\/uploads\/2023\/08\/3-FPM.jpg\",\"contentUrl\":\"https:\/\/rckopen.com\/wp-content\/uploads\/2023\/08\/3-FPM.jpg\",\"width\":600,\"height\":600,\"caption\":\"3-FPM Online Kopen\"},{\"@type\":\"BreadcrumbList\",\"@id\":\"https:\/\/rckopen.com\/product\/3-fpm\/#breadcrumb\",\"itemListElement\":[{\"@type\":\"ListItem\",\"position\":1,\"name\":\"Home\",\"item\":\"https:\/\/rckopen.com\/\"},{\"@type\":\"ListItem\",\"position\":2,\"name\":\"Shop\",\"item\":\"https:\/\/rckopen.com\/shop\/\"},{\"@type\":\"ListItem\",\"position\":3,\"name\":\"3-FPM Online Kopen\"}]},{\"@type\":\"WebSite\",\"@id\":\"https:\/\/rckopen.com\/#website\",\"url\":\"https:\/\/rckopen.com\/\",\"name\":\"RC Kopen\",\"description\":\"Research Chemicals\",\"potentialAction\":[{\"@type\":\"SearchAction\",\"target\":{\"@type\":\"EntryPoint\",\"urlTemplate\":\"https:\/\/rckopen.com\/?s={search_term_string}\"},\"query-input\":{\"@type\":\"PropertyValueSpecification\",\"valueRequired\":true,\"valueName\":\"search_term_string\"}}],\"inLanguage\":\"cs\"}]}<\/script>\n<!-- \/ Yoast SEO plugin. -->","yoast_head_json":{"title":"3-FPM online kopen - 3-FPM te koop | RC Kopen","description":"Onze RCKopen winkel heeft de topkwaliteit 3-FPM te koop. U kunt nooit om de kwaliteit van onze producten heen. Als u dat nodig heeft, kunt u 3-FPM meteen online kopen. Bestel nu!","robots":{"index":"index","follow":"follow","max-snippet":"max-snippet:-1","max-image-preview":"max-image-preview:large","max-video-preview":"max-video-preview:-1"},"canonical":"https:\/\/rckopen.com\/cs\/produkt\/3-fpm\/","og_locale":"cs_CZ","og_type":"article","og_title":"3-FPM online kopen - 3-FPM te koop | RC Kopen","og_description":"Onze RCKopen winkel heeft de topkwaliteit 3-FPM te koop. U kunt nooit om de kwaliteit van onze producten heen. Als u dat nodig heeft, kunt u 3-FPM meteen online kopen. Bestel nu!","og_url":"https:\/\/rckopen.com\/cs\/produkt\/3-fpm\/","og_site_name":"RC Kopen","article_modified_time":"2025-02-01T07:35:18+00:00","og_image":[{"width":600,"height":600,"url":"https:\/\/rckopen.com\/wp-content\/uploads\/2023\/08\/3-FPM.jpg","type":"image\/jpeg"}],"twitter_card":"summary_large_image","twitter_misc":{"Odhadovan\u00e1 doba \u010dten\u00ed":"2 minuty"},"schema":{"@context":"https:\/\/schema.org","@graph":[{"@type":"WebPage","@id":"https:\/\/rckopen.com\/product\/3-fpm\/","url":"https:\/\/rckopen.com\/product\/3-fpm\/","name":"3-FPM online kopen - 3-FPM te koop | RC Kopen","isPartOf":{"@id":"https:\/\/rckopen.com\/#website"},"primaryImageOfPage":{"@id":"https:\/\/rckopen.com\/product\/3-fpm\/#primaryimage"},"image":{"@id":"https:\/\/rckopen.com\/product\/3-fpm\/#primaryimage"},"thumbnailUrl":"https:\/\/rckopen.com\/wp-content\/uploads\/2023\/08\/3-FPM.jpg","datePublished":"2023-08-17T07:51:48+00:00","dateModified":"2025-02-01T07:35:18+00:00","description":"Onze RCKopen winkel heeft de topkwaliteit 3-FPM te koop. U kunt nooit om de kwaliteit van onze producten heen. Als u dat nodig heeft, kunt u 3-FPM meteen online kopen. Bestel nu!","breadcrumb":{"@id":"https:\/\/rckopen.com\/product\/3-fpm\/#breadcrumb"},"inLanguage":"cs","potentialAction":[{"@type":"ReadAction","target":["https:\/\/rckopen.com\/product\/3-fpm\/"]}]},{"@type":"ImageObject","inLanguage":"cs","@id":"https:\/\/rckopen.com\/product\/3-fpm\/#primaryimage","url":"https:\/\/rckopen.com\/wp-content\/uploads\/2023\/08\/3-FPM.jpg","contentUrl":"https:\/\/rckopen.com\/wp-content\/uploads\/2023\/08\/3-FPM.jpg","width":600,"height":600,"caption":"3-FPM Online Kopen"},{"@type":"BreadcrumbList","@id":"https:\/\/rckopen.com\/product\/3-fpm\/#breadcrumb","itemListElement":[{"@type":"ListItem","position":1,"name":"Home","item":"https:\/\/rckopen.com\/"},{"@type":"ListItem","position":2,"name":"Shop","item":"https:\/\/rckopen.com\/shop\/"},{"@type":"ListItem","position":3,"name":"3-FPM Online Kopen"}]},{"@type":"WebSite","@id":"https:\/\/rckopen.com\/#website","url":"https:\/\/rckopen.com\/","name":"RC Kopen","description":"Research Chemicals","potentialAction":[{"@type":"SearchAction","target":{"@type":"EntryPoint","urlTemplate":"https:\/\/rckopen.com\/?s={search_term_string}"},"query-input":{"@type":"PropertyValueSpecification","valueRequired":true,"valueName":"search_term_string"}}],"inLanguage":"cs"}]}},"_links":{"self":[{"href":"https:\/\/rckopen.com\/cs\/wp-json\/wp\/v2\/product\/6662","targetHints":{"allow":["GET"]}}],"collection":[{"href":"https:\/\/rckopen.com\/cs\/wp-json\/wp\/v2\/product"}],"about":[{"href":"https:\/\/rckopen.com\/cs\/wp-json\/wp\/v2\/types\/product"}],"replies":[{"embeddable":true,"href":"https:\/\/rckopen.com\/cs\/wp-json\/wp\/v2\/comments?post=6662"}],"wp:featuredmedia":[{"embeddable":true,"href":"https:\/\/rckopen.com\/cs\/wp-json\/wp\/v2\/media\/6687"}],"wp:attachment":[{"href":"https:\/\/rckopen.com\/cs\/wp-json\/wp\/v2\/media?parent=6662"}],"wp:term":[{"taxonomy":"product_brand","embeddable":true,"href":"https:\/\/rckopen.com\/cs\/wp-json\/wp\/v2\/product_brand?post=6662"},{"taxonomy":"product_cat","embeddable":true,"href":"https:\/\/rckopen.com\/cs\/wp-json\/wp\/v2\/product_cat?post=6662"},{"taxonomy":"product_tag","embeddable":true,"href":"https:\/\/rckopen.com\/cs\/wp-json\/wp\/v2\/product_tag?post=6662"}],"curies":[{"name":"wp","href":"https:\/\/api.w.org\/{rel}","templated":true}]}}