{"id":6692,"date":"2023-08-17T10:28:13","date_gmt":"2023-08-17T10:28:13","guid":{"rendered":"https:\/\/diligentplug.com\/chems\/?post_type=product&#038;p=6692"},"modified":"2025-01-31T09:51:38","modified_gmt":"2025-01-31T09:51:38","slug":"5-bromo-dmt-fumarate","status":"publish","type":"product","link":"https:\/\/rckopen.com\/cs\/produkt\/5-bromo-dmt-fumarate\/","title":{"rendered":"Koupit 5-Brom-DMT FUMARATE online"},"content":{"rendered":"<h2>Ontgrendel nieuwe ervaringen met 5-CL-DMT online kopen.FUMARATE: uw toegangspoort tot verkenning<\/h2>\n<p>Jste p\u0159ipraveni vydat se na mimo\u0159\u00e1dnou cestu objevov\u00e1n\u00ed a pr\u016fzkumu? Nehledejte nic jin\u00e9ho ne\u017e rckopen.com! Jsme va\u0161\u00ed prvn\u00ed destinac\u00ed <a href=\"https:\/\/rckopen.com\/cs\/produkt\/5-bromo-dmt-fumarate\/\">5-CL-DMT FUMARATE<\/a> na objedn\u00e1vku, skladba, kter\u00e1 slibuje otev\u0159en\u00ed nov\u00fdch sf\u00e9r zku\u0161enost\u00ed a porozum\u011bn\u00ed.<\/p>\n<h3>Kde koupit 5-CL-DMT .FUMARATE: V\u00e1\u0161 d\u016fv\u011bryhodn\u00fd zdroj<\/h3>\n<p>Naj\u00edt spolehliv\u00fd zdroj pro n\u00e1kup 5-CL-DMT .FUMARATE m\u016f\u017ee b\u00fdt probl\u00e9m, ale rckopen.com to usnad\u0148uje. Jako d\u016fv\u011bryhodn\u00fd dodavatel v\u00fdzkumn\u00fdch chemik\u00e1li\u00ed jsme hrd\u00ed na to, \u017ee na\u0161im z\u00e1kazn\u00edk\u016fm nab\u00edz\u00edme pouze ty nejkvalitn\u011bj\u0161\u00ed slou\u010deniny. Kdy\u017e si u n\u00e1s koup\u00edte, m\u016f\u017eete si b\u00fdt jisti, \u017ee z\u00edsk\u00e1te produkt, kter\u00fd spl\u0148uje nejp\u0159\u00edsn\u011bj\u0161\u00ed normy na \u010distotu a \u00fa\u010dinnost.<\/p>\n<p>Za\u017eijte rozd\u00edl: Objednejte si je\u0161t\u011b dnes <a href=\"https:\/\/en.wikipedia.org\/wiki\/5-Bromo-DMT\">5-CL-DMT .FUMAR\u00c1T<\/a><br \/>\nJste p\u0159ipraveni se pono\u0159it a prozkoumat hlubiny sv\u00e9ho v\u011bdom\u00ed s 5-CL-DMT .FUMARATE? Objedn\u00e1v\u00e1n\u00ed z rckopen.com je rychl\u00e9, snadn\u00e9 a bezpe\u010dn\u00e9. Prohl\u00e9dn\u011bte si n\u00e1\u0161 sortiment, p\u0159idejte po\u017eadovan\u00e9 produkty do ko\u0161\u00edku a p\u0159ejd\u011bte k pokladn\u011b. S diskr\u00e9tn\u00edm balen\u00edm a rychl\u00fdm doru\u010den\u00edm m\u016f\u017ee va\u0161e cesta k leg\u00e1ln\u00edmu n\u00e1kupu 5-CL-DMT .FUMAR\u00c1TU za\u010d\u00edt d\u0159\u00edve, ne\u017e si mysl\u00edte.<\/p>\n<h3>Kupte si 5-CL-DMT .FUMARATE leg\u00e1ln\u011b a bezpe\u010dn\u011b<\/h3>\n<p>M\u00e1te obavy z leg\u00e1lnosti n\u00e1kupu 5-CL-DMT .FUMARATE? M\u016f\u017eete si b\u00fdt jisti, \u017ee kdy\u017e budete <a href=\"https:\/\/rckopen.com\/cs\/\">RCKOpen.com<\/a> Pokud nakupujete, \u010din\u00edte tak z\u00e1konn\u00fdm a odpov\u011bdn\u00fdm zp\u016fsobem. P\u0159\u00edsn\u011b dodr\u017eujeme v\u0161echny p\u0159\u00edslu\u0161n\u00e9 p\u0159edpisy a pokyny, abychom zajistili, \u017ee v\u00e1\u0161 n\u00e1kup bude bezpe\u010dn\u00fd a legitimn\u00ed.<\/p>\n<h3>Odemkn\u011bte neomezen\u00e9 mo\u017enosti: objevte n\u00e1\u0161 obchod 5-CL-DMT .FUMARATE<\/h3>\n<p>Jste p\u0159ipraveni vydat se na dal\u0161\u00ed dobrodru\u017estv\u00ed? Nav\u0161tivte n\u00e1\u0161 obchod 5-CL-DMT .FUMARATE je\u0161t\u011b dnes a objevte sv\u011bt mo\u017enost\u00ed. A\u0165 u\u017e chcete roz\u0161\u00ed\u0159it sv\u00e9 pov\u011bdom\u00ed, zv\u00fd\u0161it svou kreativitu nebo prost\u011b za\u017e\u00edt \u017eivot z nov\u00e9 perspektivy, rckopen.com m\u00e1 v\u0161e, co k tomu pot\u0159ebujete.<\/p>\n<h3>Koupit 5-CL-DMT Online.FUMARATE ve Velk\u00e9 Brit\u00e1nii a v z\u00e1mo\u0159\u00ed<\/h3>\n<p>Nach\u00e1z\u00ed se v Brit\u00e1nii, rckopen.com je va\u0161\u00edm preferovan\u00fdm zdrojem pro n\u00e1kup 5-CL-DMT .FUMARATE v Brit\u00e1nii. D\u00edky rychl\u00e9 p\u0159eprav\u011b a konkurenceschopn\u00fdm cen\u00e1m usnad\u0148ujeme obyvatel\u016fm Spojen\u00e9ho kr\u00e1lovstv\u00ed p\u0159\u00edstup k t\u00e9to pozoruhodn\u00e9 sm\u011bsi. N\u00e1\u0161 dosah v\u0161ak sah\u00e1 daleko za hranice Spojen\u00e9ho kr\u00e1lovstv\u00ed \u2013 hrd\u011b slou\u017e\u00edme z\u00e1kazn\u00edk\u016fm z cel\u00e9ho sv\u011bta a dod\u00e1v\u00e1me 5-CL-DMT .FUMARATE nad\u0161enc\u016fm po cel\u00e9m sv\u011bt\u011b.<\/p>\n<h3>Bez p\u0159edpisu: kupte si bezprobl\u00e9mov\u00fd 5-CL-DMT .FUMARATE<\/h3>\n<p>Dejte sbohem pot\u00ed\u017e\u00edm se z\u00edsk\u00e1n\u00edm p\u0159edpisu: na rckopen.com si m\u016f\u017eete koupit 5-CL-DMT .FUMARATE bez zbyte\u010dn\u00e9 byrokracie. P\u0159\u00edstup k transformativn\u00edm slou\u010denin\u00e1m by m\u011bl b\u00fdt jednoduch\u00fd a p\u0159\u00edmo\u010dar\u00fd. Proto jsme pro va\u0161e pohodl\u00ed zjednodu\u0161ili proces n\u00e1kupu.<\/p>\n<h3>Va\u0161e cesta za\u010d\u00edn\u00e1 zde: Objevte 5-CL-DMT .FUMARATE s rckopen.com<\/h3>\n<p>Jste p\u0159ipraveni odemknout nov\u00e9 dimenze v\u011bdom\u00ed a zku\u0161enosti? U\u017e ne\u010dekejte \u2013 nav\u0161tivte rckopen.com je\u0161t\u011b dnes a za\u010dn\u011bte svou cestu s 5-CL-DMT .FUMARATE na prodej. S na\u0161\u00edm z\u00e1vazkem ke kvalit\u011b, bezpe\u010dnosti a spokojenosti z\u00e1kazn\u00edk\u016f jsme va\u0161\u00edm d\u016fv\u011bryhodn\u00fdm partnerem p\u0159i pr\u016fzkumu a objevov\u00e1n\u00ed.<\/p>","protected":false},"excerpt":{"rendered":"<p><strong>N\u00e1zev IUPAC: <\/strong>2-(5-Bromo-1H-indol-3-yl)-N,N-dimethylethan-1-amine<\/p>\n<p><strong>CAS # <\/strong>17274-65-6<\/p>\n<p><strong>Dal\u0161\u00ed n\u00e1zev: <\/strong>5-bromo-N,N-dimethyltryptamin<\/p>\n<p><strong>Forma: <\/strong>pr\u00e1\u0161ek<\/p>\n<p><strong>NMR anal\u00fdza: <\/strong>C12H15BrN2<\/p>\n<p><strong>N\u00e1zev IUPAC: <\/strong>2-(5-Bromo-1H-indol-3-yl)-N,N-dimethylethan-1-amine<\/p>\n<p><strong>CAS # <\/strong>17274-65-6<\/p>\n<p><strong>Dal\u0161\u00ed n\u00e1zev: <\/strong>5-bromo-N,N-dimethyltryptamin<\/p>\n<p><strong>Forma: <\/strong>pr\u00e1\u0161ek<\/p>\n<p><strong>NMR anal\u00fdza: <\/strong>C12H15BrN2<\/p>","protected":false},"featured_media":6857,"comment_status":"open","ping_status":"closed","template":"","meta":{"_joinchat":[]},"product_brand":[],"product_cat":[149],"product_tag":[],"class_list":{"0":"post-6692","1":"product","2":"type-product","3":"status-publish","4":"has-post-thumbnail","6":"product_cat-tryptaminen","8":"first","9":"instock","10":"shipping-taxable","11":"purchasable","12":"product-type-variable"},"yoast_head":"<!-- This site is optimized with the Yoast SEO plugin v26.3 - https:\/\/yoast.com\/wordpress\/plugins\/seo\/ -->\n<title>5-Bromo-DMT-Fumarate online kopen - 5-Bromo-DMT te koop<\/title>\n<meta name=\"description\" content=\"Onze winkel heeft de topkwaliteit 5-Bromo-DMT-Fumaraat te koop. U kunt nooit om de kwaliteit van onze producten heen. Als u dat nodig heeft, kunt u 5-Bromo-DMT-Fumaraat meteen online kopen. Bestel nu!\" \/>\n<meta name=\"robots\" content=\"index, follow, max-snippet:-1, max-image-preview:large, max-video-preview:-1\" \/>\n<link rel=\"canonical\" href=\"https:\/\/rckopen.com\/cs\/produkt\/5-bromo-dmt-fumarate\/\" \/>\n<meta property=\"og:locale\" content=\"cs_CZ\" \/>\n<meta property=\"og:type\" content=\"article\" \/>\n<meta property=\"og:title\" content=\"5-Bromo-DMT-Fumarate online kopen - 5-Bromo-DMT te koop\" \/>\n<meta property=\"og:description\" content=\"Onze winkel heeft de topkwaliteit 5-Bromo-DMT-Fumaraat te koop. U kunt nooit om de kwaliteit van onze producten heen. Als u dat nodig heeft, kunt u 5-Bromo-DMT-Fumaraat meteen online kopen. Bestel nu!\" \/>\n<meta property=\"og:url\" content=\"https:\/\/rckopen.com\/cs\/produkt\/5-bromo-dmt-fumarate\/\" \/>\n<meta property=\"og:site_name\" content=\"RC Kopen\" \/>\n<meta property=\"article:modified_time\" content=\"2025-01-31T09:51:38+00:00\" \/>\n<meta property=\"og:image\" content=\"https:\/\/rckopen.com\/wp-content\/uploads\/2023\/08\/5-Bromo-DMT-.FUMARATE.jpg\" \/>\n\t<meta property=\"og:image:width\" content=\"600\" \/>\n\t<meta property=\"og:image:height\" content=\"600\" \/>\n\t<meta property=\"og:image:type\" content=\"image\/jpeg\" \/>\n<meta name=\"twitter:card\" content=\"summary_large_image\" \/>\n<meta name=\"twitter:label1\" content=\"Odhadovan\u00e1 doba \u010dten\u00ed\" \/>\n\t<meta name=\"twitter:data1\" content=\"3 minuty\" \/>\n<script type=\"application\/ld+json\" class=\"yoast-schema-graph\">{\"@context\":\"https:\/\/schema.org\",\"@graph\":[{\"@type\":\"WebPage\",\"@id\":\"https:\/\/rckopen.com\/product\/5-bromo-dmt-fumarate\/\",\"url\":\"https:\/\/rckopen.com\/product\/5-bromo-dmt-fumarate\/\",\"name\":\"5-Bromo-DMT-Fumarate online kopen - 5-Bromo-DMT te koop\",\"isPartOf\":{\"@id\":\"https:\/\/rckopen.com\/#website\"},\"primaryImageOfPage\":{\"@id\":\"https:\/\/rckopen.com\/product\/5-bromo-dmt-fumarate\/#primaryimage\"},\"image\":{\"@id\":\"https:\/\/rckopen.com\/product\/5-bromo-dmt-fumarate\/#primaryimage\"},\"thumbnailUrl\":\"https:\/\/rckopen.com\/wp-content\/uploads\/2023\/08\/5-Bromo-DMT-.FUMARATE.jpg\",\"datePublished\":\"2023-08-17T10:28:13+00:00\",\"dateModified\":\"2025-01-31T09:51:38+00:00\",\"description\":\"Onze winkel heeft de topkwaliteit 5-Bromo-DMT-Fumaraat te koop. U kunt nooit om de kwaliteit van onze producten heen. Als u dat nodig heeft, kunt u 5-Bromo-DMT-Fumaraat meteen online kopen. Bestel nu!\",\"breadcrumb\":{\"@id\":\"https:\/\/rckopen.com\/product\/5-bromo-dmt-fumarate\/#breadcrumb\"},\"inLanguage\":\"cs\",\"potentialAction\":[{\"@type\":\"ReadAction\",\"target\":[\"https:\/\/rckopen.com\/product\/5-bromo-dmt-fumarate\/\"]}]},{\"@type\":\"ImageObject\",\"inLanguage\":\"cs\",\"@id\":\"https:\/\/rckopen.com\/product\/5-bromo-dmt-fumarate\/#primaryimage\",\"url\":\"https:\/\/rckopen.com\/wp-content\/uploads\/2023\/08\/5-Bromo-DMT-.FUMARATE.jpg\",\"contentUrl\":\"https:\/\/rckopen.com\/wp-content\/uploads\/2023\/08\/5-Bromo-DMT-.FUMARATE.jpg\",\"width\":600,\"height\":600,\"caption\":\"5-Bromo-DMT-.FUMARATE online kopen\"},{\"@type\":\"BreadcrumbList\",\"@id\":\"https:\/\/rckopen.com\/product\/5-bromo-dmt-fumarate\/#breadcrumb\",\"itemListElement\":[{\"@type\":\"ListItem\",\"position\":1,\"name\":\"Home\",\"item\":\"https:\/\/rckopen.com\/\"},{\"@type\":\"ListItem\",\"position\":2,\"name\":\"Shop\",\"item\":\"https:\/\/rckopen.com\/shop\/\"},{\"@type\":\"ListItem\",\"position\":3,\"name\":\"5-Bromo-DMT FUMARATE online kopen\"}]},{\"@type\":\"WebSite\",\"@id\":\"https:\/\/rckopen.com\/#website\",\"url\":\"https:\/\/rckopen.com\/\",\"name\":\"RC Kopen\",\"description\":\"Research Chemicals\",\"potentialAction\":[{\"@type\":\"SearchAction\",\"target\":{\"@type\":\"EntryPoint\",\"urlTemplate\":\"https:\/\/rckopen.com\/?s={search_term_string}\"},\"query-input\":{\"@type\":\"PropertyValueSpecification\",\"valueRequired\":true,\"valueName\":\"search_term_string\"}}],\"inLanguage\":\"cs\"}]}<\/script>\n<!-- \/ Yoast SEO plugin. -->","yoast_head_json":{"title":"5-Bromo-DMT-Fumarate online kopen - 5-Bromo-DMT te koop","description":"Onze winkel heeft de topkwaliteit 5-Bromo-DMT-Fumaraat te koop. U kunt nooit om de kwaliteit van onze producten heen. Als u dat nodig heeft, kunt u 5-Bromo-DMT-Fumaraat meteen online kopen. Bestel nu!","robots":{"index":"index","follow":"follow","max-snippet":"max-snippet:-1","max-image-preview":"max-image-preview:large","max-video-preview":"max-video-preview:-1"},"canonical":"https:\/\/rckopen.com\/cs\/produkt\/5-bromo-dmt-fumarate\/","og_locale":"cs_CZ","og_type":"article","og_title":"5-Bromo-DMT-Fumarate online kopen - 5-Bromo-DMT te koop","og_description":"Onze winkel heeft de topkwaliteit 5-Bromo-DMT-Fumaraat te koop. U kunt nooit om de kwaliteit van onze producten heen. Als u dat nodig heeft, kunt u 5-Bromo-DMT-Fumaraat meteen online kopen. Bestel nu!","og_url":"https:\/\/rckopen.com\/cs\/produkt\/5-bromo-dmt-fumarate\/","og_site_name":"RC Kopen","article_modified_time":"2025-01-31T09:51:38+00:00","og_image":[{"width":600,"height":600,"url":"https:\/\/rckopen.com\/wp-content\/uploads\/2023\/08\/5-Bromo-DMT-.FUMARATE.jpg","type":"image\/jpeg"}],"twitter_card":"summary_large_image","twitter_misc":{"Odhadovan\u00e1 doba \u010dten\u00ed":"3 minuty"},"schema":{"@context":"https:\/\/schema.org","@graph":[{"@type":"WebPage","@id":"https:\/\/rckopen.com\/product\/5-bromo-dmt-fumarate\/","url":"https:\/\/rckopen.com\/product\/5-bromo-dmt-fumarate\/","name":"5-Bromo-DMT-Fumarate online kopen - 5-Bromo-DMT te koop","isPartOf":{"@id":"https:\/\/rckopen.com\/#website"},"primaryImageOfPage":{"@id":"https:\/\/rckopen.com\/product\/5-bromo-dmt-fumarate\/#primaryimage"},"image":{"@id":"https:\/\/rckopen.com\/product\/5-bromo-dmt-fumarate\/#primaryimage"},"thumbnailUrl":"https:\/\/rckopen.com\/wp-content\/uploads\/2023\/08\/5-Bromo-DMT-.FUMARATE.jpg","datePublished":"2023-08-17T10:28:13+00:00","dateModified":"2025-01-31T09:51:38+00:00","description":"Onze winkel heeft de topkwaliteit 5-Bromo-DMT-Fumaraat te koop. U kunt nooit om de kwaliteit van onze producten heen. Als u dat nodig heeft, kunt u 5-Bromo-DMT-Fumaraat meteen online kopen. Bestel nu!","breadcrumb":{"@id":"https:\/\/rckopen.com\/product\/5-bromo-dmt-fumarate\/#breadcrumb"},"inLanguage":"cs","potentialAction":[{"@type":"ReadAction","target":["https:\/\/rckopen.com\/product\/5-bromo-dmt-fumarate\/"]}]},{"@type":"ImageObject","inLanguage":"cs","@id":"https:\/\/rckopen.com\/product\/5-bromo-dmt-fumarate\/#primaryimage","url":"https:\/\/rckopen.com\/wp-content\/uploads\/2023\/08\/5-Bromo-DMT-.FUMARATE.jpg","contentUrl":"https:\/\/rckopen.com\/wp-content\/uploads\/2023\/08\/5-Bromo-DMT-.FUMARATE.jpg","width":600,"height":600,"caption":"5-Bromo-DMT-.FUMARATE online kopen"},{"@type":"BreadcrumbList","@id":"https:\/\/rckopen.com\/product\/5-bromo-dmt-fumarate\/#breadcrumb","itemListElement":[{"@type":"ListItem","position":1,"name":"Home","item":"https:\/\/rckopen.com\/"},{"@type":"ListItem","position":2,"name":"Shop","item":"https:\/\/rckopen.com\/shop\/"},{"@type":"ListItem","position":3,"name":"5-Bromo-DMT FUMARATE online kopen"}]},{"@type":"WebSite","@id":"https:\/\/rckopen.com\/#website","url":"https:\/\/rckopen.com\/","name":"RC Kopen","description":"Research Chemicals","potentialAction":[{"@type":"SearchAction","target":{"@type":"EntryPoint","urlTemplate":"https:\/\/rckopen.com\/?s={search_term_string}"},"query-input":{"@type":"PropertyValueSpecification","valueRequired":true,"valueName":"search_term_string"}}],"inLanguage":"cs"}]}},"_links":{"self":[{"href":"https:\/\/rckopen.com\/cs\/wp-json\/wp\/v2\/product\/6692","targetHints":{"allow":["GET"]}}],"collection":[{"href":"https:\/\/rckopen.com\/cs\/wp-json\/wp\/v2\/product"}],"about":[{"href":"https:\/\/rckopen.com\/cs\/wp-json\/wp\/v2\/types\/product"}],"replies":[{"embeddable":true,"href":"https:\/\/rckopen.com\/cs\/wp-json\/wp\/v2\/comments?post=6692"}],"wp:featuredmedia":[{"embeddable":true,"href":"https:\/\/rckopen.com\/cs\/wp-json\/wp\/v2\/media\/6857"}],"wp:attachment":[{"href":"https:\/\/rckopen.com\/cs\/wp-json\/wp\/v2\/media?parent=6692"}],"wp:term":[{"taxonomy":"product_brand","embeddable":true,"href":"https:\/\/rckopen.com\/cs\/wp-json\/wp\/v2\/product_brand?post=6692"},{"taxonomy":"product_cat","embeddable":true,"href":"https:\/\/rckopen.com\/cs\/wp-json\/wp\/v2\/product_cat?post=6692"},{"taxonomy":"product_tag","embeddable":true,"href":"https:\/\/rckopen.com\/cs\/wp-json\/wp\/v2\/product_tag?post=6692"}],"curies":[{"name":"wp","href":"https:\/\/api.w.org\/{rel}","templated":true}]}}