{"id":6696,"date":"2023-08-17T10:32:21","date_gmt":"2023-08-17T10:32:21","guid":{"rendered":"https:\/\/diligentplug.com\/chems\/?post_type=product&#038;p=6696"},"modified":"2025-02-01T08:33:54","modified_gmt":"2025-02-01T08:33:54","slug":"5-meo-dipt","status":"publish","type":"product","link":"https:\/\/rckopen.com\/cs\/produkt\/5-meo-dipt\/","title":{"rendered":"Koupit 5-MEO-DIPT online"},"content":{"rendered":"<h2>Onthulling van de beste deals: waar u online betaalbare 5-MeO-DIPT Online Kopen kunt vinden<\/h2>\n<p>V\u00edtejte v kone\u010dn\u00e9 destinaci pro zaji\u0161t\u011bn\u00ed nejlep\u0161\u00edch nab\u00eddek <a href=\"https:\/\/rckopen.com\/cs\/produkt\/5-meo-dipt\/\">5-MeO-DIPT<\/a> 5-MeO-DIPTa \u2013 va\u0161e br\u00e1na k vysoce kvalitn\u00edm produkt\u016fm za bezkonkuren\u010dn\u00ed ceny. V\u010dela <a href=\"https:\/\/rckopen.com\/cs\/\">RCKOpen.com<\/a> jsme hrd\u00ed na to, \u017ee poskytujeme bezprobl\u00e9mov\u00e9 nakupov\u00e1n\u00ed pro ty, kte\u0159\u00ed cht\u011bj\u00ed koupit 5-MeO-DIPT online. Se z\u00e1vazkem k cenov\u00e9 dostupnosti, z\u00e1konnosti a v\u00fdjime\u010dn\u00fdm z\u00e1kaznick\u00fdm slu\u017eb\u00e1m jsme va\u0161\u00edm d\u016fv\u011bryhodn\u00fdm zdrojem pro v\u0161echny va\u0161e pot\u0159eby 5-MeO-DIPT.<\/p>\n<h3>Zkoum\u00e1n\u00ed va\u0161ich mo\u017enost\u00ed: Kde koupit 5-MeO-DIPT online?<\/h3>\n<p>Pt\u00e1te se, kde jste <a href=\"https:\/\/en.wikipedia.org\/wiki\/5-MeO-DiPT\">5-MeO-DIPT<\/a> d\u00e1 se koupit online? U\u017e v tom nehledejte. RCKopen poskytuje pohodlnou platformu pro leg\u00e1ln\u00ed n\u00e1kup 5-MeO-DIPT, co\u017e zaji\u0161\u0165uje bezprobl\u00e9mov\u00fd z\u00e1\u017eitek od za\u010d\u00e1tku do konce. Na\u0161e u\u017eivatelsky p\u0159\u00edv\u011btiv\u00e9 rozhran\u00ed a mo\u017enosti bezpe\u010dn\u00e9 platby usnad\u0148uj\u00ed zad\u00e1n\u00ed objedn\u00e1vky a rychl\u00e9 obdr\u017een\u00ed po\u017eadovan\u00fdch produkt\u016f.<\/p>\n<h3>Objevte bezkonkuren\u010dn\u00ed nab\u00eddky: 5-MeO-DIPT na prodej<\/h3>\n<p>V RCKopen ch\u00e1peme d\u016fle\u017eitost cenov\u00e9 dostupnosti bez kompromis\u016f v kvalit\u011b. To je d\u016fvod, pro\u010d nab\u00edz\u00edme 5-MeO-DIPT k prodeji za konkuren\u010dn\u00ed ceny, abyste si mohli u\u017e\u00edvat jeho v\u00fdhod, ani\u017e byste museli utr\u00e1cet spoustu pen\u011bz. A\u0165 u\u017e jste ost\u0159\u00edlen\u00ed nad\u0161enci nebo nov\u00e1\u010dci ve sv\u011bt\u011b 5-MeO-DIPT, m\u00e1me pro ka\u017ed\u00e9ho n\u011bco.<\/p>\n<h3>Objedn\u00e1v\u00e1n\u00ed bez n\u00e1mahy: takto lze objednat 5-MeO-DIPT<\/h3>\n<p>Zad\u00e1n\u00ed objedn\u00e1vky online na 5-MeO-DIPT nebylo nikdy jednodu\u0161\u0161\u00ed. Jednodu\u0161e si prohl\u00e9dn\u011bte na\u0161i \u0161irokou nab\u00eddku, p\u0159idejte po\u017eadovan\u00e9 produkty do ko\u0161\u00edku a p\u0159ejd\u011bte k pokladn\u011b \u2013 je to tak snadn\u00e9. D\u00edky diskr\u00e9tn\u00edmu balen\u00ed a spolehliv\u00e9 p\u0159eprav\u011b m\u016f\u017eete d\u016fv\u011b\u0159ovat RCKopen, \u017ee va\u0161i objedn\u00e1vku doru\u010d\u00ed a\u017e dom\u016f diskr\u00e9tn\u011b a efektivn\u011b.<\/p>\n<h3>Legitimn\u00ed a bezpe\u010dn\u00e9: Kupte si 5-MeO-DIPT leg\u00e1ln\u011b online<\/h3>\n<p>Kdy\u017e si koup\u00edte 5-MeO-DIPT od RCKopen, m\u016f\u017eete si b\u00fdt jisti, \u017ee nakupujete z renomovan\u00e9ho a leg\u00e1ln\u00edho zdroje. Dodr\u017eujeme v\u0161echny nezbytn\u00e9 p\u0159edpisy a sm\u011brnice a zaji\u0161\u0165ujeme, \u017ee na\u0161e produkty spl\u0148uj\u00ed nejvy\u0161\u0161\u00ed standardy bezpe\u010dnosti a z\u00e1konnosti. Va\u0161e spokojenost a klid jsou na\u0161e hlavn\u00ed priority.<\/p>\n<h3>V\u00e1\u0161 d\u016fv\u011bryhodn\u00fd obchod 5-MeO-DIPT<\/h3>\n<p>RCKopen je v\u00edce ne\u017e jen obchod: jsme va\u0161\u00edm d\u016fv\u011bryhodn\u00fdm partnerem p\u0159i va\u0161em pr\u016fzkumu 5-MeO-DIPT. D\u00edky na\u0161emu rozs\u00e1hl\u00e9mu sortimentu produkt\u016f, informovan\u00e9mu person\u00e1lu a odhodl\u00e1n\u00ed ke spokojenosti z\u00e1kazn\u00edk\u016f se v\u00e1m sna\u017e\u00edme poskytnout co nejlep\u0161\u00ed n\u00e1kupn\u00ed z\u00e1\u017eitek. D\u016fv\u011b\u0159ujte RCKopen jako sv\u00e9mu preferovan\u00e9mu obchodu 5-MeO-DIPT.<\/p>\n<h3>Pohodln\u00e1 doprava: Kupte si 5-MeO-DIPT online ve Velk\u00e9 Brit\u00e1nii<\/h3>\n<p>A\u0165 u\u017e jste ve Velk\u00e9 Brit\u00e1nii nebo kdekoli jinde na sv\u011bt\u011b, RCKopen nab\u00edz\u00ed pohodln\u00e9 mo\u017enosti dopravy, abyste zajistili, \u017ee obdr\u017e\u00edte a zakoup\u00edte 5-MeO-DIPT bez prodlen\u00ed ve Velk\u00e9 Brit\u00e1nii. D\u00edky rychl\u00fdm a spolehliv\u00fdm doru\u010dovac\u00edm slu\u017eb\u00e1m si m\u016f\u017eete sv\u00e9 produkty u\u017e\u00edvat s minim\u00e1ln\u00ed \u010dekac\u00ed dobou, a\u0165 jste kdekoli.<\/p>\n<h2>Geen recept nodig: 5-MeO-DIPT Online Kopen zonder recept<\/h2>\n<p>Zapome\u0148te na pot\u00ed\u017ee se z\u00edsk\u00e1v\u00e1n\u00edm p\u0159edpisu - v RCKopen si m\u016f\u017eete koupit 5-MeO-DIPT bez l\u00e9ka\u0159sk\u00e9ho p\u0159edpisu. V\u011b\u0159\u00edme, \u017ee tuto \u00fa\u010dinnou l\u00e1tku zp\u0159\u00edstupn\u00edme ka\u017ed\u00e9mu, kdo ji hled\u00e1, tak\u017ee si ji m\u016f\u017eete koupit snadno a pohodln\u011b bez ohledu na va\u0161e okolnosti.<\/p>\n<h3>Za\u017eijte rozd\u00edl: nakupujte v RCK je\u0161t\u011b dnes<\/h3>\n<p>Jste p\u0159ipraveni vyrazit na cestu s 5-MeO-DIPT? Nehledejte nic jin\u00e9ho ne\u017e RCKopen pro v\u0161echny va\u0161e pot\u0159eby. S nep\u0159ekonateln\u00fdmi nab\u00eddkami, prvot\u0159\u00eddn\u00edm z\u00e1kaznick\u00fdm servisem a z\u00e1vazkem k dokonalosti jsme va\u0161\u00edm jedin\u00fdm c\u00edlem pro cenov\u011b dostupn\u00fd 5-MeO-DIPT na prodej online. Nakupte u n\u00e1s je\u0161t\u011b dnes a za\u017eijte rozd\u00edl na vlastn\u00ed k\u016f\u017ei.<\/p>","protected":false},"excerpt":{"rendered":"<p><strong>N\u00e1zev IUPAC: <\/strong>5-Methoxy-N,N-diizopropyltryptamin - hydrochlorid<\/p>\n<p><strong>CAS # <\/strong>4021-34-5<\/p>\n<p><strong>Forma: <\/strong>HCl<\/p>\n<p><strong>NMR anal\u00fdza: <\/strong>C17H26N2O<\/p>","protected":false},"featured_media":6874,"comment_status":"open","ping_status":"closed","template":"","meta":{"_joinchat":[]},"product_brand":[],"product_cat":[149],"product_tag":[],"class_list":{"0":"post-6696","1":"product","2":"type-product","3":"status-publish","4":"has-post-thumbnail","6":"product_cat-tryptaminen","8":"first","9":"instock","10":"shipping-taxable","11":"purchasable","12":"product-type-variable"},"yoast_head":"<!-- This site is optimized with the Yoast SEO plugin v26.3 - https:\/\/yoast.com\/wordpress\/plugins\/seo\/ -->\n<title>5 Meo Dipt online kopen - 5 Meo Dipt te koop<\/title>\n<meta name=\"description\" content=\"Haal de beste 5 Meo Dipt. 5 Meo Dipt online kopen in onze online winkel, want we hebben 5 Meo Dipt van hoge kwaliteit te koop. Koop de jouwe nu tegen lage tarieven. Bestel nu!\" \/>\n<meta name=\"robots\" content=\"index, follow, max-snippet:-1, max-image-preview:large, max-video-preview:-1\" \/>\n<link rel=\"canonical\" href=\"https:\/\/rckopen.com\/cs\/produkt\/5-meo-dipt\/\" \/>\n<meta property=\"og:locale\" content=\"cs_CZ\" \/>\n<meta property=\"og:type\" content=\"article\" \/>\n<meta property=\"og:title\" content=\"5 Meo Dipt online kopen - 5 Meo Dipt te koop\" \/>\n<meta property=\"og:description\" content=\"Haal de beste 5 Meo Dipt. 5 Meo Dipt online kopen in onze online winkel, want we hebben 5 Meo Dipt van hoge kwaliteit te koop. Koop de jouwe nu tegen lage tarieven. Bestel nu!\" \/>\n<meta property=\"og:url\" content=\"https:\/\/rckopen.com\/cs\/produkt\/5-meo-dipt\/\" \/>\n<meta property=\"og:site_name\" content=\"RC Kopen\" \/>\n<meta property=\"article:modified_time\" content=\"2025-02-01T08:33:54+00:00\" \/>\n<meta property=\"og:image\" content=\"https:\/\/rckopen.com\/wp-content\/uploads\/2023\/08\/5-MEO-DIPT.jpg\" \/>\n\t<meta property=\"og:image:width\" content=\"600\" \/>\n\t<meta property=\"og:image:height\" content=\"600\" \/>\n\t<meta property=\"og:image:type\" content=\"image\/jpeg\" \/>\n<meta name=\"twitter:card\" content=\"summary_large_image\" \/>\n<meta name=\"twitter:label1\" content=\"Odhadovan\u00e1 doba \u010dten\u00ed\" \/>\n\t<meta name=\"twitter:data1\" content=\"3 minuty\" \/>\n<script type=\"application\/ld+json\" class=\"yoast-schema-graph\">{\"@context\":\"https:\/\/schema.org\",\"@graph\":[{\"@type\":\"WebPage\",\"@id\":\"https:\/\/rckopen.com\/product\/5-meo-dipt\/\",\"url\":\"https:\/\/rckopen.com\/product\/5-meo-dipt\/\",\"name\":\"5 Meo Dipt online kopen - 5 Meo Dipt te koop\",\"isPartOf\":{\"@id\":\"https:\/\/rckopen.com\/#website\"},\"primaryImageOfPage\":{\"@id\":\"https:\/\/rckopen.com\/product\/5-meo-dipt\/#primaryimage\"},\"image\":{\"@id\":\"https:\/\/rckopen.com\/product\/5-meo-dipt\/#primaryimage\"},\"thumbnailUrl\":\"https:\/\/rckopen.com\/wp-content\/uploads\/2023\/08\/5-MEO-DIPT.jpg\",\"datePublished\":\"2023-08-17T10:32:21+00:00\",\"dateModified\":\"2025-02-01T08:33:54+00:00\",\"description\":\"Haal de beste 5 Meo Dipt. 5 Meo Dipt online kopen in onze online winkel, want we hebben 5 Meo Dipt van hoge kwaliteit te koop. Koop de jouwe nu tegen lage tarieven. Bestel nu!\",\"breadcrumb\":{\"@id\":\"https:\/\/rckopen.com\/product\/5-meo-dipt\/#breadcrumb\"},\"inLanguage\":\"cs\",\"potentialAction\":[{\"@type\":\"ReadAction\",\"target\":[\"https:\/\/rckopen.com\/product\/5-meo-dipt\/\"]}]},{\"@type\":\"ImageObject\",\"inLanguage\":\"cs\",\"@id\":\"https:\/\/rckopen.com\/product\/5-meo-dipt\/#primaryimage\",\"url\":\"https:\/\/rckopen.com\/wp-content\/uploads\/2023\/08\/5-MEO-DIPT.jpg\",\"contentUrl\":\"https:\/\/rckopen.com\/wp-content\/uploads\/2023\/08\/5-MEO-DIPT.jpg\",\"width\":600,\"height\":600,\"caption\":\"5-MEO-DIPT Online Kopen\"},{\"@type\":\"BreadcrumbList\",\"@id\":\"https:\/\/rckopen.com\/product\/5-meo-dipt\/#breadcrumb\",\"itemListElement\":[{\"@type\":\"ListItem\",\"position\":1,\"name\":\"Home\",\"item\":\"https:\/\/rckopen.com\/\"},{\"@type\":\"ListItem\",\"position\":2,\"name\":\"Shop\",\"item\":\"https:\/\/rckopen.com\/shop\/\"},{\"@type\":\"ListItem\",\"position\":3,\"name\":\"5-MEO-DIPT Online Kopen\"}]},{\"@type\":\"WebSite\",\"@id\":\"https:\/\/rckopen.com\/#website\",\"url\":\"https:\/\/rckopen.com\/\",\"name\":\"RC Kopen\",\"description\":\"Research Chemicals\",\"potentialAction\":[{\"@type\":\"SearchAction\",\"target\":{\"@type\":\"EntryPoint\",\"urlTemplate\":\"https:\/\/rckopen.com\/?s={search_term_string}\"},\"query-input\":{\"@type\":\"PropertyValueSpecification\",\"valueRequired\":true,\"valueName\":\"search_term_string\"}}],\"inLanguage\":\"cs\"}]}<\/script>\n<!-- \/ Yoast SEO plugin. -->","yoast_head_json":{"title":"5 Meo Dipt online kopen - 5 Meo Dipt te koop","description":"Haal de beste 5 Meo Dipt. 5 Meo Dipt online kopen in onze online winkel, want we hebben 5 Meo Dipt van hoge kwaliteit te koop. Koop de jouwe nu tegen lage tarieven. Bestel nu!","robots":{"index":"index","follow":"follow","max-snippet":"max-snippet:-1","max-image-preview":"max-image-preview:large","max-video-preview":"max-video-preview:-1"},"canonical":"https:\/\/rckopen.com\/cs\/produkt\/5-meo-dipt\/","og_locale":"cs_CZ","og_type":"article","og_title":"5 Meo Dipt online kopen - 5 Meo Dipt te koop","og_description":"Haal de beste 5 Meo Dipt. 5 Meo Dipt online kopen in onze online winkel, want we hebben 5 Meo Dipt van hoge kwaliteit te koop. Koop de jouwe nu tegen lage tarieven. Bestel nu!","og_url":"https:\/\/rckopen.com\/cs\/produkt\/5-meo-dipt\/","og_site_name":"RC Kopen","article_modified_time":"2025-02-01T08:33:54+00:00","og_image":[{"width":600,"height":600,"url":"https:\/\/rckopen.com\/wp-content\/uploads\/2023\/08\/5-MEO-DIPT.jpg","type":"image\/jpeg"}],"twitter_card":"summary_large_image","twitter_misc":{"Odhadovan\u00e1 doba \u010dten\u00ed":"3 minuty"},"schema":{"@context":"https:\/\/schema.org","@graph":[{"@type":"WebPage","@id":"https:\/\/rckopen.com\/product\/5-meo-dipt\/","url":"https:\/\/rckopen.com\/product\/5-meo-dipt\/","name":"5 Meo Dipt online kopen - 5 Meo Dipt te koop","isPartOf":{"@id":"https:\/\/rckopen.com\/#website"},"primaryImageOfPage":{"@id":"https:\/\/rckopen.com\/product\/5-meo-dipt\/#primaryimage"},"image":{"@id":"https:\/\/rckopen.com\/product\/5-meo-dipt\/#primaryimage"},"thumbnailUrl":"https:\/\/rckopen.com\/wp-content\/uploads\/2023\/08\/5-MEO-DIPT.jpg","datePublished":"2023-08-17T10:32:21+00:00","dateModified":"2025-02-01T08:33:54+00:00","description":"Haal de beste 5 Meo Dipt. 5 Meo Dipt online kopen in onze online winkel, want we hebben 5 Meo Dipt van hoge kwaliteit te koop. Koop de jouwe nu tegen lage tarieven. Bestel nu!","breadcrumb":{"@id":"https:\/\/rckopen.com\/product\/5-meo-dipt\/#breadcrumb"},"inLanguage":"cs","potentialAction":[{"@type":"ReadAction","target":["https:\/\/rckopen.com\/product\/5-meo-dipt\/"]}]},{"@type":"ImageObject","inLanguage":"cs","@id":"https:\/\/rckopen.com\/product\/5-meo-dipt\/#primaryimage","url":"https:\/\/rckopen.com\/wp-content\/uploads\/2023\/08\/5-MEO-DIPT.jpg","contentUrl":"https:\/\/rckopen.com\/wp-content\/uploads\/2023\/08\/5-MEO-DIPT.jpg","width":600,"height":600,"caption":"5-MEO-DIPT Online Kopen"},{"@type":"BreadcrumbList","@id":"https:\/\/rckopen.com\/product\/5-meo-dipt\/#breadcrumb","itemListElement":[{"@type":"ListItem","position":1,"name":"Home","item":"https:\/\/rckopen.com\/"},{"@type":"ListItem","position":2,"name":"Shop","item":"https:\/\/rckopen.com\/shop\/"},{"@type":"ListItem","position":3,"name":"5-MEO-DIPT Online Kopen"}]},{"@type":"WebSite","@id":"https:\/\/rckopen.com\/#website","url":"https:\/\/rckopen.com\/","name":"RC Kopen","description":"Research Chemicals","potentialAction":[{"@type":"SearchAction","target":{"@type":"EntryPoint","urlTemplate":"https:\/\/rckopen.com\/?s={search_term_string}"},"query-input":{"@type":"PropertyValueSpecification","valueRequired":true,"valueName":"search_term_string"}}],"inLanguage":"cs"}]}},"_links":{"self":[{"href":"https:\/\/rckopen.com\/cs\/wp-json\/wp\/v2\/product\/6696","targetHints":{"allow":["GET"]}}],"collection":[{"href":"https:\/\/rckopen.com\/cs\/wp-json\/wp\/v2\/product"}],"about":[{"href":"https:\/\/rckopen.com\/cs\/wp-json\/wp\/v2\/types\/product"}],"replies":[{"embeddable":true,"href":"https:\/\/rckopen.com\/cs\/wp-json\/wp\/v2\/comments?post=6696"}],"wp:featuredmedia":[{"embeddable":true,"href":"https:\/\/rckopen.com\/cs\/wp-json\/wp\/v2\/media\/6874"}],"wp:attachment":[{"href":"https:\/\/rckopen.com\/cs\/wp-json\/wp\/v2\/media?parent=6696"}],"wp:term":[{"taxonomy":"product_brand","embeddable":true,"href":"https:\/\/rckopen.com\/cs\/wp-json\/wp\/v2\/product_brand?post=6696"},{"taxonomy":"product_cat","embeddable":true,"href":"https:\/\/rckopen.com\/cs\/wp-json\/wp\/v2\/product_cat?post=6696"},{"taxonomy":"product_tag","embeddable":true,"href":"https:\/\/rckopen.com\/cs\/wp-json\/wp\/v2\/product_tag?post=6696"}],"curies":[{"name":"wp","href":"https:\/\/api.w.org\/{rel}","templated":true}]}}