{"id":6699,"date":"2023-08-17T10:40:02","date_gmt":"2023-08-17T10:40:02","guid":{"rendered":"https:\/\/diligentplug.com\/chems\/?post_type=product&#038;p=6699"},"modified":"2025-02-03T07:08:42","modified_gmt":"2025-02-03T07:08:42","slug":"ept","status":"publish","type":"product","link":"https:\/\/rckopen.com\/cs\/produkt\/ept\/","title":{"rendered":"Koupit EPT online"},"content":{"rendered":"<h2>De opties verkennen: waar u EPT online kopen kunt vinden<\/h2>\n<p>Hled\u00e1te? <a href=\"https:\/\/rckopen.com\/cs\/produkt\/ept\/\">EPT<\/a> a chcete prozkoumat spolehliv\u00e9 zdroje a koupit tento z\u00e1kladn\u00ed produkt bez jak\u00fdchkoli pot\u00ed\u017e\u00ed? U\u017e nehledejte! A\u0165 u\u017e si chcete koupit EPT, p\u0159em\u00fd\u0161l\u00edte, kde EPT naj\u00edt, nebo si chcete EPT objednat leg\u00e1ln\u011b, m\u00e1me pro v\u00e1s \u0159e\u0161en\u00ed. Na Rckopen.com jsme hrd\u00ed na to, \u017ee jsme va\u0161\u00ed c\u00edlovou destinac\u00ed pro v\u0161echny v\u011bci EPT. D\u00edky na\u0161\u00ed u\u017eivatelsky p\u0159\u00edv\u011btiv\u00e9 platform\u011b a odhodl\u00e1n\u00ed ke kvalit\u011b je n\u00e1kup EPT online bezprobl\u00e9mov\u00fd.<\/p>\n<h3>Kde naj\u00edt EPT na prodej<\/h3>\n<p>Nalezen\u00ed <a href=\"https:\/\/en.wikipedia.org\/wiki\/EPT\">EPT<\/a> na prodej by nem\u011bl b\u00fdt probl\u00e9m. Proto jsme si stanovili za c\u00edl poskytovat pohodln\u00e9 \u0159e\u0161en\u00ed. Na Rckopen.com nab\u00edz\u00edme rozmanitou \u0161k\u00e1lu EPT produkt\u016f, kter\u00e9 vyhovuj\u00ed va\u0161im pot\u0159eb\u00e1m. A\u0165 u\u017e pot\u0159ebujete konkr\u00e9tn\u00ed slo\u017een\u00ed nebo d\u00e1vkov\u00e1n\u00ed, n\u00e1\u0161 rozs\u00e1hl\u00fd v\u00fdb\u011br zajist\u00ed, \u017ee najdete p\u0159esn\u011b to, co hled\u00e1te.<\/p>\n<h3>Objednejte si EPT snadno a leg\u00e1ln\u011b<\/h3>\n<p>P\u0159i n\u00e1kupu EPT je nejd\u016fle\u017eit\u011bj\u0161\u00ed leg\u00e1lnost a pohodl\u00ed. Na Rckopen.com d\u00e1v\u00e1me p\u0159ednost oboj\u00edmu. D\u00edky na\u0161emu jednoduch\u00e9mu procesu objedn\u00e1v\u00e1n\u00ed si m\u016f\u017eete EPT koupit snadno a bez l\u00e9ka\u0159sk\u00e9ho p\u0159edpisu. Nav\u00edc d\u00edky na\u0161emu z\u00e1vazku k dodr\u017eov\u00e1n\u00ed p\u0159edpis\u016f si m\u016f\u017eete b\u00fdt jisti, \u017ee ka\u017ed\u00fd n\u00e1kup je leg\u00e1ln\u00ed a f\u00e9rov\u00fd.<\/p>\n<h3>Objevte n\u00e1\u0161 obchod EPT<\/h3>\n<p>V\u00edtejte v na\u0161em obchod\u011b EPT, kde najdete v\u0161e, co pot\u0159ebujete pro EPT. M\u00e1me v\u0161e, co pot\u0159ebujete, aby se v\u00e1m u n\u00e1s dob\u0159e nakupovalo - od \u0161pi\u010dkov\u00fdch produkt\u016f a\u017e po v\u00fdjime\u010dn\u00fd z\u00e1kaznick\u00fd servis. Prohl\u00e9dn\u011bte si na\u0161e rozs\u00e1hl\u00e9 skladov\u00e9 z\u00e1soby, s d\u016fv\u011brou si objednejte a vyzkou\u0161ejte si pohodl\u00ed n\u00e1kupu EPT bez l\u00e9ka\u0159sk\u00e9ho p\u0159edpisu online, pouze na Rckopen.com.<\/p>\n<p>Koupit EPT Online UK<\/p>\n<p>Pro z\u00e1kazn\u00edky ve Spojen\u00e9m kr\u00e1lovstv\u00ed nebyl n\u00e1kup EPT online nikdy jednodu\u0161\u0161\u00ed. Z <a href=\"https:\/\/rckopen.com\/cs\/\">rckopen.com<\/a>\u00a0EPT si m\u016f\u017eete leg\u00e1ln\u011b koupit z pohodl\u00ed va\u0161eho domova a nechat si ho doru\u010dit p\u0159\u00edmo k v\u00e1m dom\u016f. Na\u0161e efektivn\u00ed doprava zaji\u0161\u0165uje rychl\u00e9 doru\u010den\u00ed, tak\u017ee si v\u00fdhody EPT m\u016f\u017eete u\u017e\u00edvat hned.<\/p>\n<h3>Pro\u010d si vybrat Rckopen.com?<\/h3>\n<p>Pro\u010d si p\u0159i tolika dostupn\u00fdch mo\u017enostech vybrat pro sv\u00e9 pot\u0159eby EPT pr\u00e1v\u011b Rckopen.com? Odpov\u011b\u010f je jednoduch\u00e1: usilujeme o dokonalost. Od na\u0161eho z\u00e1vazku ke kvalitn\u00edm produkt\u016fm a\u017e po v\u00fdjime\u010dn\u00fd z\u00e1kaznick\u00fd servis - vych\u00e1z\u00edme vst\u0159\u00edc va\u0161\u00ed spokojenosti. Kdy\u017e si koup\u00edte EPT od spole\u010dnosti Rckopen.com, nekupujete si pouze v\u00fdrobek - investujete do klidu a pohody.<\/p>\n<p>Pokud jde o vyhled\u00e1v\u00e1n\u00ed a n\u00e1kup EPT online, Rckopen.com je va\u0161\u00edm nejlep\u0161\u00edm c\u00edlem. D\u00edky na\u0161emu rozs\u00e1hl\u00e9mu v\u00fdb\u011bru, snadn\u00e9mu procesu objedn\u00e1v\u00e1n\u00ed a z\u00e1vazku k leg\u00e1lnosti a kvalit\u011b jsme va\u0161\u00edm d\u016fv\u011bryhodn\u00fdm partnerem na ka\u017ed\u00e9m kroku. Tak pro\u010d \u010dekat? Prozkoumejte n\u00e1\u0161 obchod s EPT je\u0161t\u011b dnes a vyzkou\u0161ejte si pohodl\u00ed nakupov\u00e1n\u00ed na Rckopen.com.<\/p>","protected":false},"excerpt":{"rendered":"<p><strong>N\u00e1zev IUPAC: <\/strong>3-[2-(ethyl(propyl)amino)ethyl]-1H-indol<\/p>\n<p><strong>Dal\u0161\u00ed n\u00e1zev: <\/strong>N-ethyl-N-propyltryptamin<\/p>\n<p><strong>Vzhled: <\/strong>pr\u00e1\u0161ek<\/p>\n<p><strong>Forma: <\/strong>fumar\u00e1t<\/p>\n<p><strong>NMR anal\u00fdza: <\/strong>NEUPLAT\u0147UJE SE<\/p>","protected":false},"featured_media":6885,"comment_status":"open","ping_status":"closed","template":"","meta":{"_joinchat":[]},"product_brand":[],"product_cat":[149],"product_tag":[],"class_list":{"0":"post-6699","1":"product","2":"type-product","3":"status-publish","4":"has-post-thumbnail","6":"product_cat-tryptaminen","8":"first","9":"instock","10":"shipping-taxable","11":"purchasable","12":"product-type-variable"},"yoast_head":"<!-- This site is optimized with the Yoast SEO plugin v26.3 - https:\/\/yoast.com\/wordpress\/plugins\/seo\/ -->\n<title>EPT online kopen - EPT online te koop<\/title>\n<meta name=\"description\" content=\"Als u EPT online wilt kopen, heeft RCKopen een hoogwaardige EPT te koop. Wij helpen u om EPT online tegen goedkope tarieven te kopen. Plaats vandaag nog een bestelling!\" \/>\n<meta name=\"robots\" content=\"index, follow, max-snippet:-1, max-image-preview:large, max-video-preview:-1\" \/>\n<link rel=\"canonical\" href=\"https:\/\/rckopen.com\/cs\/produkt\/ept\/\" \/>\n<meta property=\"og:locale\" content=\"cs_CZ\" \/>\n<meta property=\"og:type\" content=\"article\" \/>\n<meta property=\"og:title\" content=\"EPT online kopen - EPT online te koop\" \/>\n<meta property=\"og:description\" content=\"Als u EPT online wilt kopen, heeft RCKopen een hoogwaardige EPT te koop. Wij helpen u om EPT online tegen goedkope tarieven te kopen. Plaats vandaag nog een bestelling!\" \/>\n<meta property=\"og:url\" content=\"https:\/\/rckopen.com\/cs\/produkt\/ept\/\" \/>\n<meta property=\"og:site_name\" content=\"RC Kopen\" \/>\n<meta property=\"article:modified_time\" content=\"2025-02-03T07:08:42+00:00\" \/>\n<meta property=\"og:image\" content=\"https:\/\/rckopen.com\/wp-content\/uploads\/2023\/08\/EPT.jpg\" \/>\n\t<meta property=\"og:image:width\" content=\"600\" \/>\n\t<meta property=\"og:image:height\" content=\"600\" \/>\n\t<meta property=\"og:image:type\" content=\"image\/jpeg\" \/>\n<meta name=\"twitter:card\" content=\"summary_large_image\" \/>\n<meta name=\"twitter:label1\" content=\"Odhadovan\u00e1 doba \u010dten\u00ed\" \/>\n\t<meta name=\"twitter:data1\" content=\"3 minuty\" \/>\n<script type=\"application\/ld+json\" class=\"yoast-schema-graph\">{\"@context\":\"https:\/\/schema.org\",\"@graph\":[{\"@type\":\"WebPage\",\"@id\":\"https:\/\/rckopen.com\/product\/ept\/\",\"url\":\"https:\/\/rckopen.com\/product\/ept\/\",\"name\":\"EPT online kopen - EPT online te koop\",\"isPartOf\":{\"@id\":\"https:\/\/rckopen.com\/#website\"},\"primaryImageOfPage\":{\"@id\":\"https:\/\/rckopen.com\/product\/ept\/#primaryimage\"},\"image\":{\"@id\":\"https:\/\/rckopen.com\/product\/ept\/#primaryimage\"},\"thumbnailUrl\":\"https:\/\/rckopen.com\/wp-content\/uploads\/2023\/08\/EPT.jpg\",\"datePublished\":\"2023-08-17T10:40:02+00:00\",\"dateModified\":\"2025-02-03T07:08:42+00:00\",\"description\":\"Als u EPT online wilt kopen, heeft RCKopen een hoogwaardige EPT te koop. Wij helpen u om EPT online tegen goedkope tarieven te kopen. Plaats vandaag nog een bestelling!\",\"breadcrumb\":{\"@id\":\"https:\/\/rckopen.com\/product\/ept\/#breadcrumb\"},\"inLanguage\":\"cs\",\"potentialAction\":[{\"@type\":\"ReadAction\",\"target\":[\"https:\/\/rckopen.com\/product\/ept\/\"]}]},{\"@type\":\"ImageObject\",\"inLanguage\":\"cs\",\"@id\":\"https:\/\/rckopen.com\/product\/ept\/#primaryimage\",\"url\":\"https:\/\/rckopen.com\/wp-content\/uploads\/2023\/08\/EPT.jpg\",\"contentUrl\":\"https:\/\/rckopen.com\/wp-content\/uploads\/2023\/08\/EPT.jpg\",\"width\":600,\"height\":600,\"caption\":\"EPT online kopen\"},{\"@type\":\"BreadcrumbList\",\"@id\":\"https:\/\/rckopen.com\/product\/ept\/#breadcrumb\",\"itemListElement\":[{\"@type\":\"ListItem\",\"position\":1,\"name\":\"Home\",\"item\":\"https:\/\/rckopen.com\/\"},{\"@type\":\"ListItem\",\"position\":2,\"name\":\"Shop\",\"item\":\"https:\/\/rckopen.com\/shop\/\"},{\"@type\":\"ListItem\",\"position\":3,\"name\":\"EPT online kopen\"}]},{\"@type\":\"WebSite\",\"@id\":\"https:\/\/rckopen.com\/#website\",\"url\":\"https:\/\/rckopen.com\/\",\"name\":\"RC Kopen\",\"description\":\"Research Chemicals\",\"potentialAction\":[{\"@type\":\"SearchAction\",\"target\":{\"@type\":\"EntryPoint\",\"urlTemplate\":\"https:\/\/rckopen.com\/?s={search_term_string}\"},\"query-input\":{\"@type\":\"PropertyValueSpecification\",\"valueRequired\":true,\"valueName\":\"search_term_string\"}}],\"inLanguage\":\"cs\"}]}<\/script>\n<!-- \/ Yoast SEO plugin. -->","yoast_head_json":{"title":"EPT online kopen - EPT online te koop","description":"Als u EPT online wilt kopen, heeft RCKopen een hoogwaardige EPT te koop. Wij helpen u om EPT online tegen goedkope tarieven te kopen. Plaats vandaag nog een bestelling!","robots":{"index":"index","follow":"follow","max-snippet":"max-snippet:-1","max-image-preview":"max-image-preview:large","max-video-preview":"max-video-preview:-1"},"canonical":"https:\/\/rckopen.com\/cs\/produkt\/ept\/","og_locale":"cs_CZ","og_type":"article","og_title":"EPT online kopen - EPT online te koop","og_description":"Als u EPT online wilt kopen, heeft RCKopen een hoogwaardige EPT te koop. Wij helpen u om EPT online tegen goedkope tarieven te kopen. Plaats vandaag nog een bestelling!","og_url":"https:\/\/rckopen.com\/cs\/produkt\/ept\/","og_site_name":"RC Kopen","article_modified_time":"2025-02-03T07:08:42+00:00","og_image":[{"width":600,"height":600,"url":"https:\/\/rckopen.com\/wp-content\/uploads\/2023\/08\/EPT.jpg","type":"image\/jpeg"}],"twitter_card":"summary_large_image","twitter_misc":{"Odhadovan\u00e1 doba \u010dten\u00ed":"3 minuty"},"schema":{"@context":"https:\/\/schema.org","@graph":[{"@type":"WebPage","@id":"https:\/\/rckopen.com\/product\/ept\/","url":"https:\/\/rckopen.com\/product\/ept\/","name":"EPT online kopen - EPT online te koop","isPartOf":{"@id":"https:\/\/rckopen.com\/#website"},"primaryImageOfPage":{"@id":"https:\/\/rckopen.com\/product\/ept\/#primaryimage"},"image":{"@id":"https:\/\/rckopen.com\/product\/ept\/#primaryimage"},"thumbnailUrl":"https:\/\/rckopen.com\/wp-content\/uploads\/2023\/08\/EPT.jpg","datePublished":"2023-08-17T10:40:02+00:00","dateModified":"2025-02-03T07:08:42+00:00","description":"Als u EPT online wilt kopen, heeft RCKopen een hoogwaardige EPT te koop. Wij helpen u om EPT online tegen goedkope tarieven te kopen. Plaats vandaag nog een bestelling!","breadcrumb":{"@id":"https:\/\/rckopen.com\/product\/ept\/#breadcrumb"},"inLanguage":"cs","potentialAction":[{"@type":"ReadAction","target":["https:\/\/rckopen.com\/product\/ept\/"]}]},{"@type":"ImageObject","inLanguage":"cs","@id":"https:\/\/rckopen.com\/product\/ept\/#primaryimage","url":"https:\/\/rckopen.com\/wp-content\/uploads\/2023\/08\/EPT.jpg","contentUrl":"https:\/\/rckopen.com\/wp-content\/uploads\/2023\/08\/EPT.jpg","width":600,"height":600,"caption":"EPT online kopen"},{"@type":"BreadcrumbList","@id":"https:\/\/rckopen.com\/product\/ept\/#breadcrumb","itemListElement":[{"@type":"ListItem","position":1,"name":"Home","item":"https:\/\/rckopen.com\/"},{"@type":"ListItem","position":2,"name":"Shop","item":"https:\/\/rckopen.com\/shop\/"},{"@type":"ListItem","position":3,"name":"EPT online kopen"}]},{"@type":"WebSite","@id":"https:\/\/rckopen.com\/#website","url":"https:\/\/rckopen.com\/","name":"RC Kopen","description":"Research Chemicals","potentialAction":[{"@type":"SearchAction","target":{"@type":"EntryPoint","urlTemplate":"https:\/\/rckopen.com\/?s={search_term_string}"},"query-input":{"@type":"PropertyValueSpecification","valueRequired":true,"valueName":"search_term_string"}}],"inLanguage":"cs"}]}},"_links":{"self":[{"href":"https:\/\/rckopen.com\/cs\/wp-json\/wp\/v2\/product\/6699","targetHints":{"allow":["GET"]}}],"collection":[{"href":"https:\/\/rckopen.com\/cs\/wp-json\/wp\/v2\/product"}],"about":[{"href":"https:\/\/rckopen.com\/cs\/wp-json\/wp\/v2\/types\/product"}],"replies":[{"embeddable":true,"href":"https:\/\/rckopen.com\/cs\/wp-json\/wp\/v2\/comments?post=6699"}],"wp:featuredmedia":[{"embeddable":true,"href":"https:\/\/rckopen.com\/cs\/wp-json\/wp\/v2\/media\/6885"}],"wp:attachment":[{"href":"https:\/\/rckopen.com\/cs\/wp-json\/wp\/v2\/media?parent=6699"}],"wp:term":[{"taxonomy":"product_brand","embeddable":true,"href":"https:\/\/rckopen.com\/cs\/wp-json\/wp\/v2\/product_brand?post=6699"},{"taxonomy":"product_cat","embeddable":true,"href":"https:\/\/rckopen.com\/cs\/wp-json\/wp\/v2\/product_cat?post=6699"},{"taxonomy":"product_tag","embeddable":true,"href":"https:\/\/rckopen.com\/cs\/wp-json\/wp\/v2\/product_tag?post=6699"}],"curies":[{"name":"wp","href":"https:\/\/api.w.org\/{rel}","templated":true}]}}