{"id":6701,"date":"2023-08-17T10:41:31","date_gmt":"2023-08-17T10:41:31","guid":{"rendered":"https:\/\/diligentplug.com\/chems\/?post_type=product&#038;p=6701"},"modified":"2025-01-31T05:25:22","modified_gmt":"2025-01-31T05:25:22","slug":"4-ho-mcpt","status":"publish","type":"product","link":"https:\/\/rckopen.com\/cs\/produkt\/4-ho-mcpt\/","title":{"rendered":"Koupit 4-HO-MCPT online"},"content":{"rendered":"<h2>Uw vertrouwde bron voor 4-HO-MCPT-aan online kopen<\/h2>\n<p>V\u00edtejte v RCKOpen, va\u0161\u00ed p\u0159edn\u00ed destinaci pro online n\u00e1kup 4-HO-MCPT. Poskytujeme pohodlnou a bezpe\u010dnou platformu pro lidi, kte\u0159\u00ed <a href=\"https:\/\/rckopen.com\/cs\/produkt\/4-ho-mcpt\/\">4-HO-MCPT<\/a> chcete koupit leg\u00e1ln\u011b a bez l\u00e9ka\u0159sk\u00e9ho p\u0159edpisu. A\u0165 u\u017e jste ve Velk\u00e9 Brit\u00e1nii nebo kdekoli jinde na sv\u011bt\u011b, n\u00e1\u0161 obchod 4-HO-MCPT je va\u0161\u00edm jedin\u00fdm kontaktn\u00edm m\u00edstem, kde snadno z\u00edsk\u00e1te tento komplex.<\/p>\n<h3>Pro\u010d si vybrat RCKOpen pro sv\u00e9 pot\u0159eby 4-HO-MCPT<\/h3>\n<p>V\u010dela <a href=\"https:\/\/rckopen.com\/cs\/\">Rckopen.com<\/a> ch\u00e1peme d\u016fle\u017eitost kvality, bezpe\u010dnosti a spolehlivosti, pokud jde o n\u00e1kup v\u00fdzkumn\u00fdch chemik\u00e1li\u00ed. Proto se sna\u017e\u00edme na\u0161im z\u00e1kazn\u00edk\u016fm poskytovat produkty a slu\u017eby na t\u00e9 nejvy\u0161\u0161\u00ed \u00farovni. Zde je n\u011bkolik d\u016fvod\u016f, pro\u010d RCKOpen vynik\u00e1 jako ide\u00e1ln\u00ed volba pro v\u00e1\u0161 4-HO-MCPT na prodej:<\/p>\n<p>1. \u0160irok\u00fd v\u00fdb\u011br: Nab\u00edz\u00edme \u0161irokou \u0161k\u00e1lu v\u00fdzkumn\u00fdch chemik\u00e1li\u00ed, v\u010detn\u011b 4-HO-MCPT, co\u017e v\u00e1m umo\u017en\u00ed p\u0159\u00edstup ke slou\u010denin\u00e1m, kter\u00e9 pot\u0159ebujete pro sv\u00e9 experimenty a studie.<\/p>\n<p>2. \u0160pi\u010dkov\u00e9 produkty: Na\u0161e <a href=\"https:\/\/en.wikipedia.org\/wiki\/4-HO-McPT\">4-HO-MCPT<\/a> na prodej poch\u00e1z\u00ed od renomovan\u00fdch v\u00fdrobc\u016f a proch\u00e1z\u00ed p\u0159\u00edsn\u00fdm testov\u00e1n\u00edm, aby byla zaji\u0161t\u011bna \u010distota a \u00fa\u010dinnost.<\/p>\n<p>3. Pohodl\u00ed: Prost\u0159ednictv\u00edm na\u0161ich u\u017eivatelsky p\u0159\u00edv\u011btiv\u00fdch webov\u00fdch str\u00e1nek si m\u016f\u017eete snadno prohl\u00e9dnout na\u0161i nab\u00eddku, objednat si a nechat si diskr\u00e9tn\u011b doru\u010dit objedn\u00e1vku 4-HO-MCPT a\u017e dom\u016f.<\/p>\n<p>4. Dodr\u017eov\u00e1n\u00ed pr\u00e1vn\u00edch p\u0159edpis\u016f: Jedn\u00e1me v pln\u00e9m souladu se z\u00e1konem, co\u017e v\u00e1m umo\u017e\u0148uje koupit 4-HO-MCPT leg\u00e1ln\u011b bez nutnosti l\u00e9ka\u0159sk\u00e9ho p\u0159edpisu.<\/p>\n<p>5. Bezpe\u010dn\u00e9 transakce: va\u0161e bezpe\u010dnost a soukrom\u00ed jsou pro n\u00e1s prioritou. Proto pou\u017e\u00edv\u00e1me \u0161ifrovan\u00e9 platebn\u00ed br\u00e1ny a diskr\u00e9tn\u00ed balen\u00ed, abychom zajistili bezpe\u010dn\u00e9 a d\u016fv\u011brn\u00e9 nakupov\u00e1n\u00ed.<\/p>\n<h3>Jak si mohu koupit 4-HO-MCPT online na RCKOpen?<\/h3>\n<p>N\u00e1kup 4-HO-MCPT online od RCKOpen je rychl\u00fd a snadn\u00fd. Sta\u010d\u00ed postupovat podle n\u00e1sleduj\u00edc\u00edch krok\u016f:<\/p>\n<p>1. Prohl\u00e9dn\u011bte si na\u0161i nab\u00eddku: Prozkoumejte na\u0161e webov\u00e9 str\u00e1nky a kupte si leg\u00e1ln\u011b 4-HO-MCPT v\u0161echny produkty, kter\u00e9 spl\u0148uj\u00ed va\u0161e po\u017eadavky.<\/p>\n<p>2. P\u0159idat do ko\u0161\u00edku: Po nalezen\u00ed po\u017eadovan\u00e9 polo\u017eky ji p\u0159idejte do ko\u0161\u00edku a p\u0159ejd\u011bte k pokladn\u011b.<\/p>\n<p>3. Bezpe\u010dn\u00e1 platba: dokon\u010dete n\u00e1kup bezpe\u010dn\u011b pomoc\u00ed jedn\u00e9 z na\u0161ich \u0161ifrovan\u00fdch platebn\u00edch mo\u017enost\u00ed.<\/p>\n<p>4. Diskr\u00e9tn\u00ed doru\u010den\u00ed: pohodln\u011b se usa\u010fte, zat\u00edmco my diskr\u00e9tn\u011b zabal\u00edme a ode\u0161leme va\u0161i objedn\u00e1vku 4-HO-MCPT na v\u00e1mi zadanou adresu.<\/p>\n<p>Vyzkou\u0161ejte rozd\u00edl RCKOpen je\u0161t\u011b dnes<br \/>\nNespokojte se s nekvalitn\u00edmi v\u00fdrobky nebo nespolehliv\u00fdmi dodavateli. Vyzkou\u0161ejte rozd\u00edl RCKOpen a z\u00edskejte p\u0159\u00edstup k vysoce kvalitn\u00edmu 4-HO-MCPT na prodej a dal\u0161\u00edm v\u00fdzkumn\u00fdm chemik\u00e1li\u00edm. A\u0165 u\u017e jste v\u00fdzkumn\u00edk, v\u011bdec nebo nad\u0161enec, jsme p\u0159ipraveni splnit va\u0161e pot\u0159eby s profesionalitou a poctivost\u00ed. Nav\u0161tivte na\u0161e webov\u00e9 str\u00e1nky je\u0161t\u011b dnes a ud\u011blejte prvn\u00ed krok ke zlep\u0161en\u00ed sv\u00e9ho v\u00fdzkumn\u00e9ho \u00fasil\u00ed s RCKOpen.<\/p>","protected":false},"excerpt":{"rendered":"<p>rckopen.com nab\u00edz\u00ed produkty, kter\u00e9 nejsou ur\u010deny k lidsk\u00e9 spot\u0159eb\u011b. Pokud tento v\u00fdrobek (ne\u00famysln\u011b ) zkonzumujete, m\u016f\u017ee to m\u00edt v\u00e1\u017en\u00e9 zdravotn\u00ed n\u00e1sledky.<\/p>","protected":false},"featured_media":6887,"comment_status":"open","ping_status":"closed","template":"","meta":{"_joinchat":[]},"product_brand":[],"product_cat":[149],"product_tag":[],"class_list":{"0":"post-6701","1":"product","2":"type-product","3":"status-publish","4":"has-post-thumbnail","6":"product_cat-tryptaminen","8":"first","9":"instock","10":"shipping-taxable","11":"purchasable","12":"product-type-variable"},"yoast_head":"<!-- This site is optimized with the Yoast SEO plugin v26.3 - https:\/\/yoast.com\/wordpress\/plugins\/seo\/ -->\n<title>4-HO-MCPT online kopen - 4-HO-MCPT te koop<\/title>\n<meta name=\"description\" content=\"Als je 4-ho-mcpt online kopen, dan is een bezoek aan onze online RC Kopen winkel de beste optie. Wij hebben 4-ho-mcpt te koop. Plaats nu uw bestelling!\" \/>\n<meta name=\"robots\" content=\"index, follow, max-snippet:-1, max-image-preview:large, max-video-preview:-1\" \/>\n<link rel=\"canonical\" href=\"https:\/\/rckopen.com\/cs\/produkt\/4-ho-mcpt\/\" \/>\n<meta property=\"og:locale\" content=\"cs_CZ\" \/>\n<meta property=\"og:type\" content=\"article\" \/>\n<meta property=\"og:title\" content=\"4-HO-MCPT online kopen - 4-HO-MCPT te koop\" \/>\n<meta property=\"og:description\" content=\"Als je 4-ho-mcpt online kopen, dan is een bezoek aan onze online RC Kopen winkel de beste optie. Wij hebben 4-ho-mcpt te koop. Plaats nu uw bestelling!\" \/>\n<meta property=\"og:url\" content=\"https:\/\/rckopen.com\/cs\/produkt\/4-ho-mcpt\/\" \/>\n<meta property=\"og:site_name\" content=\"RC Kopen\" \/>\n<meta property=\"article:modified_time\" content=\"2025-01-31T05:25:22+00:00\" \/>\n<meta property=\"og:image\" content=\"https:\/\/rckopen.com\/wp-content\/uploads\/2023\/08\/4-HO-MiPT-1.jpg\" \/>\n\t<meta property=\"og:image:width\" content=\"600\" \/>\n\t<meta property=\"og:image:height\" content=\"600\" \/>\n\t<meta property=\"og:image:type\" content=\"image\/jpeg\" \/>\n<meta name=\"twitter:card\" content=\"summary_large_image\" \/>\n<meta name=\"twitter:label1\" content=\"Odhadovan\u00e1 doba \u010dten\u00ed\" \/>\n\t<meta name=\"twitter:data1\" content=\"3 minuty\" \/>\n<script type=\"application\/ld+json\" class=\"yoast-schema-graph\">{\"@context\":\"https:\/\/schema.org\",\"@graph\":[{\"@type\":\"WebPage\",\"@id\":\"https:\/\/rckopen.com\/product\/4-ho-mcpt\/\",\"url\":\"https:\/\/rckopen.com\/product\/4-ho-mcpt\/\",\"name\":\"4-HO-MCPT online kopen - 4-HO-MCPT te koop\",\"isPartOf\":{\"@id\":\"https:\/\/rckopen.com\/#website\"},\"primaryImageOfPage\":{\"@id\":\"https:\/\/rckopen.com\/product\/4-ho-mcpt\/#primaryimage\"},\"image\":{\"@id\":\"https:\/\/rckopen.com\/product\/4-ho-mcpt\/#primaryimage\"},\"thumbnailUrl\":\"https:\/\/rckopen.com\/wp-content\/uploads\/2023\/08\/4-HO-MiPT-1.jpg\",\"datePublished\":\"2023-08-17T10:41:31+00:00\",\"dateModified\":\"2025-01-31T05:25:22+00:00\",\"description\":\"Als je 4-ho-mcpt online kopen, dan is een bezoek aan onze online RC Kopen winkel de beste optie. Wij hebben 4-ho-mcpt te koop. Plaats nu uw bestelling!\",\"breadcrumb\":{\"@id\":\"https:\/\/rckopen.com\/product\/4-ho-mcpt\/#breadcrumb\"},\"inLanguage\":\"cs\",\"potentialAction\":[{\"@type\":\"ReadAction\",\"target\":[\"https:\/\/rckopen.com\/product\/4-ho-mcpt\/\"]}]},{\"@type\":\"ImageObject\",\"inLanguage\":\"cs\",\"@id\":\"https:\/\/rckopen.com\/product\/4-ho-mcpt\/#primaryimage\",\"url\":\"https:\/\/rckopen.com\/wp-content\/uploads\/2023\/08\/4-HO-MiPT-1.jpg\",\"contentUrl\":\"https:\/\/rckopen.com\/wp-content\/uploads\/2023\/08\/4-HO-MiPT-1.jpg\",\"width\":600,\"height\":600,\"caption\":\"4-HO-MiPT online kopen\"},{\"@type\":\"BreadcrumbList\",\"@id\":\"https:\/\/rckopen.com\/product\/4-ho-mcpt\/#breadcrumb\",\"itemListElement\":[{\"@type\":\"ListItem\",\"position\":1,\"name\":\"Home\",\"item\":\"https:\/\/rckopen.com\/\"},{\"@type\":\"ListItem\",\"position\":2,\"name\":\"Shop\",\"item\":\"https:\/\/rckopen.com\/shop\/\"},{\"@type\":\"ListItem\",\"position\":3,\"name\":\"4-HO-MCPT online kopen\"}]},{\"@type\":\"WebSite\",\"@id\":\"https:\/\/rckopen.com\/#website\",\"url\":\"https:\/\/rckopen.com\/\",\"name\":\"RC Kopen\",\"description\":\"Research Chemicals\",\"potentialAction\":[{\"@type\":\"SearchAction\",\"target\":{\"@type\":\"EntryPoint\",\"urlTemplate\":\"https:\/\/rckopen.com\/?s={search_term_string}\"},\"query-input\":{\"@type\":\"PropertyValueSpecification\",\"valueRequired\":true,\"valueName\":\"search_term_string\"}}],\"inLanguage\":\"cs\"}]}<\/script>\n<!-- \/ Yoast SEO plugin. -->","yoast_head_json":{"title":"4-HO-MCPT online kopen - 4-HO-MCPT te koop","description":"Als je 4-ho-mcpt online kopen, dan is een bezoek aan onze online RC Kopen winkel de beste optie. Wij hebben 4-ho-mcpt te koop. Plaats nu uw bestelling!","robots":{"index":"index","follow":"follow","max-snippet":"max-snippet:-1","max-image-preview":"max-image-preview:large","max-video-preview":"max-video-preview:-1"},"canonical":"https:\/\/rckopen.com\/cs\/produkt\/4-ho-mcpt\/","og_locale":"cs_CZ","og_type":"article","og_title":"4-HO-MCPT online kopen - 4-HO-MCPT te koop","og_description":"Als je 4-ho-mcpt online kopen, dan is een bezoek aan onze online RC Kopen winkel de beste optie. Wij hebben 4-ho-mcpt te koop. Plaats nu uw bestelling!","og_url":"https:\/\/rckopen.com\/cs\/produkt\/4-ho-mcpt\/","og_site_name":"RC Kopen","article_modified_time":"2025-01-31T05:25:22+00:00","og_image":[{"width":600,"height":600,"url":"https:\/\/rckopen.com\/wp-content\/uploads\/2023\/08\/4-HO-MiPT-1.jpg","type":"image\/jpeg"}],"twitter_card":"summary_large_image","twitter_misc":{"Odhadovan\u00e1 doba \u010dten\u00ed":"3 minuty"},"schema":{"@context":"https:\/\/schema.org","@graph":[{"@type":"WebPage","@id":"https:\/\/rckopen.com\/product\/4-ho-mcpt\/","url":"https:\/\/rckopen.com\/product\/4-ho-mcpt\/","name":"4-HO-MCPT online kopen - 4-HO-MCPT te koop","isPartOf":{"@id":"https:\/\/rckopen.com\/#website"},"primaryImageOfPage":{"@id":"https:\/\/rckopen.com\/product\/4-ho-mcpt\/#primaryimage"},"image":{"@id":"https:\/\/rckopen.com\/product\/4-ho-mcpt\/#primaryimage"},"thumbnailUrl":"https:\/\/rckopen.com\/wp-content\/uploads\/2023\/08\/4-HO-MiPT-1.jpg","datePublished":"2023-08-17T10:41:31+00:00","dateModified":"2025-01-31T05:25:22+00:00","description":"Als je 4-ho-mcpt online kopen, dan is een bezoek aan onze online RC Kopen winkel de beste optie. Wij hebben 4-ho-mcpt te koop. Plaats nu uw bestelling!","breadcrumb":{"@id":"https:\/\/rckopen.com\/product\/4-ho-mcpt\/#breadcrumb"},"inLanguage":"cs","potentialAction":[{"@type":"ReadAction","target":["https:\/\/rckopen.com\/product\/4-ho-mcpt\/"]}]},{"@type":"ImageObject","inLanguage":"cs","@id":"https:\/\/rckopen.com\/product\/4-ho-mcpt\/#primaryimage","url":"https:\/\/rckopen.com\/wp-content\/uploads\/2023\/08\/4-HO-MiPT-1.jpg","contentUrl":"https:\/\/rckopen.com\/wp-content\/uploads\/2023\/08\/4-HO-MiPT-1.jpg","width":600,"height":600,"caption":"4-HO-MiPT online kopen"},{"@type":"BreadcrumbList","@id":"https:\/\/rckopen.com\/product\/4-ho-mcpt\/#breadcrumb","itemListElement":[{"@type":"ListItem","position":1,"name":"Home","item":"https:\/\/rckopen.com\/"},{"@type":"ListItem","position":2,"name":"Shop","item":"https:\/\/rckopen.com\/shop\/"},{"@type":"ListItem","position":3,"name":"4-HO-MCPT online kopen"}]},{"@type":"WebSite","@id":"https:\/\/rckopen.com\/#website","url":"https:\/\/rckopen.com\/","name":"RC Kopen","description":"Research Chemicals","potentialAction":[{"@type":"SearchAction","target":{"@type":"EntryPoint","urlTemplate":"https:\/\/rckopen.com\/?s={search_term_string}"},"query-input":{"@type":"PropertyValueSpecification","valueRequired":true,"valueName":"search_term_string"}}],"inLanguage":"cs"}]}},"_links":{"self":[{"href":"https:\/\/rckopen.com\/cs\/wp-json\/wp\/v2\/product\/6701","targetHints":{"allow":["GET"]}}],"collection":[{"href":"https:\/\/rckopen.com\/cs\/wp-json\/wp\/v2\/product"}],"about":[{"href":"https:\/\/rckopen.com\/cs\/wp-json\/wp\/v2\/types\/product"}],"replies":[{"embeddable":true,"href":"https:\/\/rckopen.com\/cs\/wp-json\/wp\/v2\/comments?post=6701"}],"wp:featuredmedia":[{"embeddable":true,"href":"https:\/\/rckopen.com\/cs\/wp-json\/wp\/v2\/media\/6887"}],"wp:attachment":[{"href":"https:\/\/rckopen.com\/cs\/wp-json\/wp\/v2\/media?parent=6701"}],"wp:term":[{"taxonomy":"product_brand","embeddable":true,"href":"https:\/\/rckopen.com\/cs\/wp-json\/wp\/v2\/product_brand?post=6701"},{"taxonomy":"product_cat","embeddable":true,"href":"https:\/\/rckopen.com\/cs\/wp-json\/wp\/v2\/product_cat?post=6701"},{"taxonomy":"product_tag","embeddable":true,"href":"https:\/\/rckopen.com\/cs\/wp-json\/wp\/v2\/product_tag?post=6701"}],"curies":[{"name":"wp","href":"https:\/\/api.w.org\/{rel}","templated":true}]}}