{"id":6751,"date":"2023-08-17T10:53:13","date_gmt":"2023-08-17T10:53:13","guid":{"rendered":"https:\/\/diligentplug.com\/chems\/?post_type=product&#038;p=6751"},"modified":"2025-09-16T09:27:39","modified_gmt":"2025-09-16T09:27:39","slug":"4-aco-malt","status":"publish","type":"product","link":"https:\/\/rckopen.com\/cs\/produkt\/4-aco-slad\/","title":{"rendered":"Koupit 4-ACO-MALT online"},"content":{"rendered":"<h2>4-ACO-MOUT online kopen<\/h2>\n<p><a href=\"https:\/\/rckopen.com\/cs\/produkt\/4-aco-slad\/\">Koupit 4-ACO-MALT online<\/a> za nejlep\u0161\u00ed cenu \u2013 Narcomeds<br \/>\nV\u00edtejte na str\u00e1nk\u00e1ch Narcomeds, nejlep\u0161\u00edho m\u00edsta pro bezprobl\u00e9mov\u00fd n\u00e1kup 4-ACO-MALT online. Nab\u00edz\u00edme \u0161pi\u010dkovou kvalitu 4-ACO-MALT na prodej za nejlep\u0161\u00ed ceny a zaji\u0161\u0165ujeme spokojenost a pohodl\u00ed z\u00e1kazn\u00edk\u016f.<br \/>\nChcete si objednat 4-ACO-MALT, ale pot\u0159ebujete pomoci naj\u00edt spolehliv\u00fd zdroj? Nehledejte nic jin\u00e9ho ne\u017e Narcomeds. Specializujeme se na poskytov\u00e1n\u00ed bezprobl\u00e9mov\u00e9ho nakupov\u00e1n\u00ed pro ty, kte\u0159\u00ed si cht\u011bj\u00ed koupit 4-ACO-MALT leg\u00e1ln\u011b a bez l\u00e9ka\u0159sk\u00e9ho p\u0159edpisu.<br \/>\nVyu\u017eijte spolehlivosti, autenti\u010dnosti a slu\u017eeb Narcomeds.com orientovan\u00fdch na z\u00e1kazn\u00edka p\u0159i n\u00e1kupu 4-ACO-MALT v N\u011bmecku.<\/p>\n<h3>4-ACO-MALT na prodej: v\u00fdrobky se z\u00e1rukou kvality:<\/h3>\n<p>Kdy\u017e hled\u00e1te <a href=\"https:\/\/en.wikipedia.org\/wiki\/4-HO-MALT\">4-ACO-MALT<\/a> na prodej, pak up\u0159ednostn\u011bte renomovan\u00e9 platformy jako Narcomeds.com pro zaji\u0161t\u011bn\u00ed kvality a autenticity. U\u017eijte si pohodl\u00ed online nakupov\u00e1n\u00ed v kombinaci se z\u00e1rukou pr\u00e9miov\u00fdch produkt\u016f 4-ACO-MALT s Narcomeds.com. Nakupujte rozmanit\u00fd invent\u00e1\u0159 obchodu 4-ACO-MALT spole\u010dnosti Narcomeds.com pro r\u016fzn\u00e1 mno\u017estv\u00ed a mo\u017enosti balen\u00ed, aby vyhovovaly va\u0161im pot\u0159eb\u00e1m.<\/p>\n<h3>Objednejte si snadno 4-ACO-MALT:<\/h3>\n<p>Proj\u00edt procesem objedn\u00e1v\u00e1n\u00ed p\u0159\u00edpravku 4-ACO-MALT by m\u011blo b\u00fdt snadn\u00e9. Narcomeds.com nab\u00edz\u00ed u\u017eivatelsky p\u0159\u00edv\u011btiv\u00e9 rozhran\u00ed pro bezprobl\u00e9mov\u00e9 transakce.<\/p>\n<p>Ve spole\u010dnosti Narcomed si uv\u011bdomujeme d\u016fle\u017eitost kvality a legality p\u0159i n\u00e1kupu v\u00fdzkumn\u00fdch chemik\u00e1li\u00ed, jako je 4-ACO-MALT. Proto jsme se etablovali jako d\u016fv\u011bryhodn\u00fd obchod s 4-ACO-MALT, aby na\u0161i z\u00e1kazn\u00edci mohli nakupovat s d\u016fv\u011brou.<\/p>\n<p>A\u0165 u\u017e se nach\u00e1z\u00edte v N\u011bmecku nebo v jin\u00e9 \u010d\u00e1sti sv\u011bta, Narcomeds nab\u00edz\u00ed glob\u00e1ln\u00ed p\u0159epravu, kter\u00e1 z\u00e1kazn\u00edk\u016fm usnad\u0148uje n\u00e1kup 4-ACO-MALT kdekoli. <a href=\"https:\/\/rckopen.com\/cs\/\">RCKopen<\/a><\/p>\n<p>Koupit 4-ACO-MALT leg\u00e1ln\u011b: dodr\u017eov\u00e1n\u00ed p\u0159edpis\u016f a bezpe\u010dnost:<br \/>\nZajist\u011bte si leg\u00e1lnost a bezpe\u010dnost p\u0159i leg\u00e1ln\u00edm n\u00e1kupu 4-ACO-MALT. Narcomeds.com dodr\u017euje v\u0161echny p\u0159edpisy pro bezpe\u010dn\u00fd n\u00e1kup.<\/p>\n<h3>Kde koupit 4-ACO-MALT?<\/h3>\n<p>N\u00e1\u0161 z\u00e1vazek ke spokojenosti z\u00e1kazn\u00edk\u016f p\u0159esahuje hranice a zaji\u0161\u0165uje hladk\u00fd a bezpe\u010dn\u00fd pr\u016fb\u011bh transakce.<br \/>\nPro\u010d si pro n\u00e1kup 4-ACO-MALT vybrat Rckopen.com? Up\u0159ednost\u0148ujeme bezpe\u010dnost a spokojenost z\u00e1kazn\u00edka nade v\u0161e. Na\u0161e produkty podl\u00e9haj\u00ed p\u0159\u00edsn\u00fdm kontrol\u00e1m kvality, aby byla zaji\u0161t\u011bna \u010distota a \u00fa\u010dinnost. Na\u0161e diskr\u00e9tn\u00ed balen\u00ed nav\u00edc zaji\u0161\u0165uje ochranu va\u0161eho soukrom\u00ed na ka\u017ed\u00e9m kroku.<\/p>\n<p>Vyzkou\u0161ejte si pohodln\u00e9 nakupov\u00e1n\u00ed online pro 4-ACO-MALT u Narcomeds. D\u00edky na\u0161im u\u017eivatelsky p\u0159\u00edv\u011btiv\u00fdm webov\u00fdm str\u00e1nk\u00e1m a zabezpe\u010den\u00fdm mo\u017enostem platby je objedn\u00e1vka 4-ACO-MALT snadn\u00e1, sta\u010d\u00ed jen n\u011bkolik kliknut\u00ed.<br \/>\nU\u0161et\u0159ete \u010das hled\u00e1n\u00edm spolehliv\u00fdch zdroj\u016f pro n\u00e1kup 4-ACO-MALT. D\u016fv\u011b\u0159ujte Narcomed pro v\u0161echny va\u0161e pot\u0159eby chemick\u00e9ho v\u00fdzkumu a u\u017eijte si bezprobl\u00e9mov\u00e9 nakupov\u00e1n\u00ed od za\u010d\u00e1tku do konce. Objednejte nyn\u00ed a zjist\u011bte, pro\u010d up\u0159ednost\u0148ujeme n\u00e1kup 4-ACO-MALT online.<\/p>","protected":false},"excerpt":{"rendered":"<p><strong>N\u00e1zev IUPAC: <\/strong>3-(2-(allyl(methyl)amino)ethyl)-1H-indol-4-yl acet\u00e1t<\/p>\n<p><strong>Dal\u0161\u00ed n\u00e1zev: <\/strong>4-acetoxy-MALT<\/p>\n<p><strong>NMR anal\u00fdza: <\/strong>C16H20N2O2<\/p>","protected":false},"featured_media":6893,"comment_status":"open","ping_status":"closed","template":"","meta":{"_joinchat":[]},"product_brand":[],"product_cat":[149],"product_tag":[],"class_list":{"0":"post-6751","1":"product","2":"type-product","3":"status-publish","4":"has-post-thumbnail","6":"product_cat-tryptaminen","8":"first","9":"instock","10":"shipping-taxable","11":"purchasable","12":"product-type-variable"},"yoast_head":"<!-- This site is optimized with the Yoast SEO plugin v26.3 - https:\/\/yoast.com\/wordpress\/plugins\/seo\/ -->\n<title>4-ACO-Malt online kopen- 4-ACO-Malt online te koop<\/title>\n<meta name=\"description\" content=\"U kunt 4-ACO-Malt online kopen tegen de beste prijzen via onze online Rc kopen. We hebben goedkope en hoogwaardige 4-ACO-Malt te koop en bieden wereldwijde levering. U kunt overal en altijd bestellen.\" \/>\n<meta name=\"robots\" content=\"index, follow, max-snippet:-1, max-image-preview:large, max-video-preview:-1\" \/>\n<link rel=\"canonical\" href=\"https:\/\/rckopen.com\/cs\/produkt\/4-aco-slad\/\" \/>\n<meta property=\"og:locale\" content=\"cs_CZ\" \/>\n<meta property=\"og:type\" content=\"article\" \/>\n<meta property=\"og:title\" content=\"4-ACO-Malt online kopen- 4-ACO-Malt online te koop\" \/>\n<meta property=\"og:description\" content=\"U kunt 4-ACO-Malt online kopen tegen de beste prijzen via onze online Rc kopen. We hebben goedkope en hoogwaardige 4-ACO-Malt te koop en bieden wereldwijde levering. U kunt overal en altijd bestellen.\" \/>\n<meta property=\"og:url\" content=\"https:\/\/rckopen.com\/cs\/produkt\/4-aco-slad\/\" \/>\n<meta property=\"og:site_name\" content=\"RC Kopen\" \/>\n<meta property=\"article:modified_time\" content=\"2025-09-16T09:27:39+00:00\" \/>\n<meta property=\"og:image\" content=\"https:\/\/rckopen.com\/wp-content\/uploads\/2023\/08\/4-ACO-MALT.jpg\" \/>\n\t<meta property=\"og:image:width\" content=\"600\" \/>\n\t<meta property=\"og:image:height\" content=\"600\" \/>\n\t<meta property=\"og:image:type\" content=\"image\/jpeg\" \/>\n<meta name=\"twitter:card\" content=\"summary_large_image\" \/>\n<meta name=\"twitter:label1\" content=\"Odhadovan\u00e1 doba \u010dten\u00ed\" \/>\n\t<meta name=\"twitter:data1\" content=\"3 minuty\" \/>\n<script type=\"application\/ld+json\" class=\"yoast-schema-graph\">{\"@context\":\"https:\/\/schema.org\",\"@graph\":[{\"@type\":\"WebPage\",\"@id\":\"https:\/\/rckopen.com\/product\/4-aco-malt\/\",\"url\":\"https:\/\/rckopen.com\/product\/4-aco-malt\/\",\"name\":\"4-ACO-Malt online kopen- 4-ACO-Malt online te koop\",\"isPartOf\":{\"@id\":\"https:\/\/rckopen.com\/#website\"},\"primaryImageOfPage\":{\"@id\":\"https:\/\/rckopen.com\/product\/4-aco-malt\/#primaryimage\"},\"image\":{\"@id\":\"https:\/\/rckopen.com\/product\/4-aco-malt\/#primaryimage\"},\"thumbnailUrl\":\"https:\/\/rckopen.com\/wp-content\/uploads\/2023\/08\/4-ACO-MALT.jpg\",\"datePublished\":\"2023-08-17T10:53:13+00:00\",\"dateModified\":\"2025-09-16T09:27:39+00:00\",\"description\":\"U kunt 4-ACO-Malt online kopen tegen de beste prijzen via onze online Rc kopen. We hebben goedkope en hoogwaardige 4-ACO-Malt te koop en bieden wereldwijde levering. U kunt overal en altijd bestellen.\",\"breadcrumb\":{\"@id\":\"https:\/\/rckopen.com\/product\/4-aco-malt\/#breadcrumb\"},\"inLanguage\":\"cs\",\"potentialAction\":[{\"@type\":\"ReadAction\",\"target\":[\"https:\/\/rckopen.com\/product\/4-aco-malt\/\"]}]},{\"@type\":\"ImageObject\",\"inLanguage\":\"cs\",\"@id\":\"https:\/\/rckopen.com\/product\/4-aco-malt\/#primaryimage\",\"url\":\"https:\/\/rckopen.com\/wp-content\/uploads\/2023\/08\/4-ACO-MALT.jpg\",\"contentUrl\":\"https:\/\/rckopen.com\/wp-content\/uploads\/2023\/08\/4-ACO-MALT.jpg\",\"width\":600,\"height\":600,\"caption\":\"4-ACO-MALT online kopen\"},{\"@type\":\"BreadcrumbList\",\"@id\":\"https:\/\/rckopen.com\/product\/4-aco-malt\/#breadcrumb\",\"itemListElement\":[{\"@type\":\"ListItem\",\"position\":1,\"name\":\"Home\",\"item\":\"https:\/\/rckopen.com\/\"},{\"@type\":\"ListItem\",\"position\":2,\"name\":\"Shop\",\"item\":\"https:\/\/rckopen.com\/shop\/\"},{\"@type\":\"ListItem\",\"position\":3,\"name\":\"4-ACO-MALT online kopen\"}]},{\"@type\":\"WebSite\",\"@id\":\"https:\/\/rckopen.com\/#website\",\"url\":\"https:\/\/rckopen.com\/\",\"name\":\"RC Kopen\",\"description\":\"Research Chemicals\",\"potentialAction\":[{\"@type\":\"SearchAction\",\"target\":{\"@type\":\"EntryPoint\",\"urlTemplate\":\"https:\/\/rckopen.com\/?s={search_term_string}\"},\"query-input\":{\"@type\":\"PropertyValueSpecification\",\"valueRequired\":true,\"valueName\":\"search_term_string\"}}],\"inLanguage\":\"cs\"}]}<\/script>\n<!-- \/ Yoast SEO plugin. -->","yoast_head_json":{"title":"4-ACO-Malt online kopen- 4-ACO-Malt online te koop","description":"U kunt 4-ACO-Malt online kopen tegen de beste prijzen via onze online Rc kopen. We hebben goedkope en hoogwaardige 4-ACO-Malt te koop en bieden wereldwijde levering. U kunt overal en altijd bestellen.","robots":{"index":"index","follow":"follow","max-snippet":"max-snippet:-1","max-image-preview":"max-image-preview:large","max-video-preview":"max-video-preview:-1"},"canonical":"https:\/\/rckopen.com\/cs\/produkt\/4-aco-slad\/","og_locale":"cs_CZ","og_type":"article","og_title":"4-ACO-Malt online kopen- 4-ACO-Malt online te koop","og_description":"U kunt 4-ACO-Malt online kopen tegen de beste prijzen via onze online Rc kopen. We hebben goedkope en hoogwaardige 4-ACO-Malt te koop en bieden wereldwijde levering. U kunt overal en altijd bestellen.","og_url":"https:\/\/rckopen.com\/cs\/produkt\/4-aco-slad\/","og_site_name":"RC Kopen","article_modified_time":"2025-09-16T09:27:39+00:00","og_image":[{"width":600,"height":600,"url":"https:\/\/rckopen.com\/wp-content\/uploads\/2023\/08\/4-ACO-MALT.jpg","type":"image\/jpeg"}],"twitter_card":"summary_large_image","twitter_misc":{"Odhadovan\u00e1 doba \u010dten\u00ed":"3 minuty"},"schema":{"@context":"https:\/\/schema.org","@graph":[{"@type":"WebPage","@id":"https:\/\/rckopen.com\/product\/4-aco-malt\/","url":"https:\/\/rckopen.com\/product\/4-aco-malt\/","name":"4-ACO-Malt online kopen- 4-ACO-Malt online te koop","isPartOf":{"@id":"https:\/\/rckopen.com\/#website"},"primaryImageOfPage":{"@id":"https:\/\/rckopen.com\/product\/4-aco-malt\/#primaryimage"},"image":{"@id":"https:\/\/rckopen.com\/product\/4-aco-malt\/#primaryimage"},"thumbnailUrl":"https:\/\/rckopen.com\/wp-content\/uploads\/2023\/08\/4-ACO-MALT.jpg","datePublished":"2023-08-17T10:53:13+00:00","dateModified":"2025-09-16T09:27:39+00:00","description":"U kunt 4-ACO-Malt online kopen tegen de beste prijzen via onze online Rc kopen. We hebben goedkope en hoogwaardige 4-ACO-Malt te koop en bieden wereldwijde levering. U kunt overal en altijd bestellen.","breadcrumb":{"@id":"https:\/\/rckopen.com\/product\/4-aco-malt\/#breadcrumb"},"inLanguage":"cs","potentialAction":[{"@type":"ReadAction","target":["https:\/\/rckopen.com\/product\/4-aco-malt\/"]}]},{"@type":"ImageObject","inLanguage":"cs","@id":"https:\/\/rckopen.com\/product\/4-aco-malt\/#primaryimage","url":"https:\/\/rckopen.com\/wp-content\/uploads\/2023\/08\/4-ACO-MALT.jpg","contentUrl":"https:\/\/rckopen.com\/wp-content\/uploads\/2023\/08\/4-ACO-MALT.jpg","width":600,"height":600,"caption":"4-ACO-MALT online kopen"},{"@type":"BreadcrumbList","@id":"https:\/\/rckopen.com\/product\/4-aco-malt\/#breadcrumb","itemListElement":[{"@type":"ListItem","position":1,"name":"Home","item":"https:\/\/rckopen.com\/"},{"@type":"ListItem","position":2,"name":"Shop","item":"https:\/\/rckopen.com\/shop\/"},{"@type":"ListItem","position":3,"name":"4-ACO-MALT online kopen"}]},{"@type":"WebSite","@id":"https:\/\/rckopen.com\/#website","url":"https:\/\/rckopen.com\/","name":"RC Kopen","description":"Research Chemicals","potentialAction":[{"@type":"SearchAction","target":{"@type":"EntryPoint","urlTemplate":"https:\/\/rckopen.com\/?s={search_term_string}"},"query-input":{"@type":"PropertyValueSpecification","valueRequired":true,"valueName":"search_term_string"}}],"inLanguage":"cs"}]}},"_links":{"self":[{"href":"https:\/\/rckopen.com\/cs\/wp-json\/wp\/v2\/product\/6751","targetHints":{"allow":["GET"]}}],"collection":[{"href":"https:\/\/rckopen.com\/cs\/wp-json\/wp\/v2\/product"}],"about":[{"href":"https:\/\/rckopen.com\/cs\/wp-json\/wp\/v2\/types\/product"}],"replies":[{"embeddable":true,"href":"https:\/\/rckopen.com\/cs\/wp-json\/wp\/v2\/comments?post=6751"}],"wp:featuredmedia":[{"embeddable":true,"href":"https:\/\/rckopen.com\/cs\/wp-json\/wp\/v2\/media\/6893"}],"wp:attachment":[{"href":"https:\/\/rckopen.com\/cs\/wp-json\/wp\/v2\/media?parent=6751"}],"wp:term":[{"taxonomy":"product_brand","embeddable":true,"href":"https:\/\/rckopen.com\/cs\/wp-json\/wp\/v2\/product_brand?post=6751"},{"taxonomy":"product_cat","embeddable":true,"href":"https:\/\/rckopen.com\/cs\/wp-json\/wp\/v2\/product_cat?post=6751"},{"taxonomy":"product_tag","embeddable":true,"href":"https:\/\/rckopen.com\/cs\/wp-json\/wp\/v2\/product_tag?post=6751"}],"curies":[{"name":"wp","href":"https:\/\/api.w.org\/{rel}","templated":true}]}}