{"id":6753,"date":"2023-08-17T10:56:53","date_gmt":"2023-08-17T10:56:53","guid":{"rendered":"https:\/\/diligentplug.com\/chems\/?post_type=product&#038;p=6753"},"modified":"2025-02-03T06:58:59","modified_gmt":"2025-02-03T06:58:59","slug":"dpt-hcl","status":"publish","type":"product","link":"https:\/\/rckopen.com\/cs\/produkt\/dpt-hcl\/","title":{"rendered":"Koupit DPT HCL online"},"content":{"rendered":"<h2>V\u00fdhody n\u00e1kupu DPT HCL online: v\u0161e, co pot\u0159ebujete v\u011bd\u011bt<\/h2>\n<p>V oblasti psychoaktivn\u00edch l\u00e1tek se rozli\u0161uje <a href=\"https:\/\/rckopen.com\/cs\/produkt\/dpt-hcl\/\">DPT HCL<\/a> d\u00edky sv\u00fdm jedine\u010dn\u00fdm vlastnostem a \u00fa\u010dink\u016fm. Pro ty, kte\u0159\u00ed cht\u011bj\u00ed prozkoumat jeho mo\u017enosti, nab\u00edz\u00ed n\u00e1kup DPT HCL online \u0159adu v\u00fdhod. Poj\u010fme se pod\u00edvat na to, pro\u010d n\u00e1kup DPT HCL online m\u016f\u017ee zm\u011bnit hru a jak Rckopen.com nab\u00edz\u00ed nad\u0161enc\u016fm bezprobl\u00e9mov\u00fd z\u00e1\u017eitek.<\/p>\n<h3>Pohodl\u00ed a dostupnost<\/h3>\n<p>Kde ty <a href=\"https:\/\/en.wikipedia.org\/wiki\/Dipropyltryptamine\">DPT HCL<\/a> P\u0159i n\u00e1kupu online z\u00edsk\u00e1te bezkonkuren\u010dn\u00ed pohodl\u00ed. Pry\u010d jsou dny ne\u00fanavn\u00e9ho hled\u00e1n\u00ed kamenn\u00e9ho obchodu, kter\u00fd skladuje tuto konkr\u00e9tn\u00ed l\u00e1tku. Pouh\u00fdmi n\u011bkolika kliknut\u00edmi z\u00edsk\u00e1te p\u0159\u00edstup k Rckopen.com kdykoli a kdekoli. Tato dostupnost je zvl\u00e1\u0161t\u011b v\u00fdhodn\u00e1 pro jednotlivce, kte\u0159\u00ed maj\u00ed bydli\u0161t\u011b v regionech, kde DPT HCL nemus\u00ed b\u00fdt snadno dostupn\u00e9 v m\u00edstn\u00edch obchodech.<\/p>\n<h3>Diskr\u00e9tn\u00ed balen\u00ed<\/h3>\n<p>Soukrom\u00ed je prvo\u0159ad\u00e9 p\u0159i n\u00e1kupu l\u00e1tek, jako je DPT HCL. V\u010dela <a href=\"https:\/\/rckopen.com\/cs\/\">rckopen.com<\/a> m\u016f\u017eete si b\u00fdt jisti, \u017ee va\u0161e objedn\u00e1vka bude zabalena diskr\u00e9tn\u011b, bez ozna\u010den\u00ed jej\u00edho obsahu. Toto diskr\u00e9tn\u00ed balen\u00ed zaji\u0161\u0165uje klid b\u011bhem cel\u00e9ho n\u00e1kupn\u00edho procesu.<\/p>\n<h3>Zabezpe\u010den\u00e9 transakce<\/h3>\n<p>Obavy o bezpe\u010dnost leg\u00e1ln\u00edho n\u00e1kupu DPT HCL jsou opr\u00e1vn\u011bn\u00e9. Rckopen.com v\u0161ak u v\u0161ech transakc\u00ed up\u0159ednost\u0148uje bezpe\u010dnost a z\u00e1konnost. P\u0159\u00edsn\u011b dodr\u017eujeme p\u0159edpisy a d\u00e1v\u00e1me v\u00e1m jistotu, \u017ee v\u00e1\u0161 n\u00e1kup je leg\u00e1ln\u00ed a bezpe\u010dn\u00fd.<\/p>\n<h3>Celosv\u011btov\u00e1 p\u0159eprava<\/h3>\n<p>Bez ohledu na va\u0161i polohu nab\u00edz\u00ed Rckopen.com dopravu po cel\u00e9m sv\u011bt\u011b. A\u0165 u\u017e \u017eijete v Nizozemsku nebo v kter\u00e9koli jin\u00e9 \u010d\u00e1sti sv\u011bta, m\u016f\u017eete si objednat DPT HCL a nechat si ho doru\u010dit a\u017e dom\u016f. N\u00e1\u0161 efektivn\u00ed proces p\u0159epravy zaji\u0161\u0165uje v\u010dasn\u00e9 doru\u010den\u00ed, tak\u017ee m\u016f\u017eete za\u010d\u00edt svou psychedelickou cestu bez prodlen\u00ed.<\/p>\n<h3>Legitimn\u00ed zdroj<\/h3>\n<p>Kdy\u017e si koup\u00edte DPT HCL od Rckopen.com, kupujete od legitimn\u00edho zdroje. Klademe d\u016fraz na kvalitu a pravost a na\u0161e produkty z\u00edsk\u00e1v\u00e1me od renomovan\u00fdch dodavatel\u016f. T\u00edm je zaji\u0161t\u011bno, \u017ee obdr\u017e\u00edte autentick\u00fd obchod DPT HCL, kter\u00fd spl\u0148uje p\u0159\u00edsn\u00e9 normy kvality.<\/p>\n<p>N\u00e1kup DPT HCL online v holand\u0161tin\u011b nab\u00edz\u00ed \u0159adu v\u00fdhod, od pohodl\u00ed a dostupnosti a\u017e po diskr\u00e9tn\u00ed balen\u00ed a odborn\u00e9 poradenstv\u00ed. S Rckopen.com m\u016f\u017eete za\u010d\u00edt svou psychedelickou cestu s jistotou, proto\u017ee v\u00edte, \u017ee nakupujete z d\u016fv\u011bryhodn\u00e9ho zdroje. Objevte na\u0161i kolekci je\u0161t\u011b dnes a odemkn\u011bte transforma\u010dn\u00ed potenci\u00e1l DPT HCL. Nav\u0161tivte Rckopen.com a kupte si DPT HCL leg\u00e1ln\u011b a bezpe\u010dn\u011b, bez nutnosti l\u00e9ka\u0159sk\u00e9ho p\u0159edpisu.<\/p>","protected":false},"excerpt":{"rendered":"<p><strong>N\u00e1zev IUPAC: <\/strong>N-[2-(1H-indol-3-yl)]ethyl-N-propylpropan-1-amine<\/p>\n<p><strong>CAS # <\/strong>61-52-9<\/p>\n<p><strong>Dal\u0161\u00ed n\u00e1zev: <\/strong>N,N-dipropyltryptamin<\/p>\n<p><strong>Vzhled: <\/strong>pr\u00e1\u0161ek<\/p>\n<p><strong>Forma: <\/strong>hcl<\/p>\n<p><strong>NMR anal\u00fdza: <\/strong>C16H24N2<\/p>","protected":false},"featured_media":6902,"comment_status":"open","ping_status":"closed","template":"","meta":{"_joinchat":[]},"product_brand":[],"product_cat":[149],"product_tag":[],"class_list":{"0":"post-6753","1":"product","2":"type-product","3":"status-publish","4":"has-post-thumbnail","6":"product_cat-tryptaminen","8":"first","9":"instock","10":"shipping-taxable","11":"purchasable","12":"product-type-variable"},"yoast_head":"<!-- This site is optimized with the Yoast SEO plugin v26.3 - https:\/\/yoast.com\/wordpress\/plugins\/seo\/ -->\n<title>DPT HCL online kopen - DPT HCL te koop<\/title>\n<meta name=\"description\" content=\"Onze winkel heeft de topkwaliteit DPT HCL te koop. U kunt nooit om de kwaliteit van onze producten heen. Als u het nodig heeft, DPT HCL dan meteen online kopen. Bestel nu in onze online winkel voor een goede nachtrust en kalmte.\" \/>\n<meta name=\"robots\" content=\"index, follow, max-snippet:-1, max-image-preview:large, max-video-preview:-1\" \/>\n<link rel=\"canonical\" href=\"https:\/\/rckopen.com\/cs\/produkt\/dpt-hcl\/\" \/>\n<meta property=\"og:locale\" content=\"cs_CZ\" \/>\n<meta property=\"og:type\" content=\"article\" \/>\n<meta property=\"og:title\" content=\"DPT HCL online kopen - DPT HCL te koop\" \/>\n<meta property=\"og:description\" content=\"Onze winkel heeft de topkwaliteit DPT HCL te koop. U kunt nooit om de kwaliteit van onze producten heen. Als u het nodig heeft, DPT HCL dan meteen online kopen. Bestel nu in onze online winkel voor een goede nachtrust en kalmte.\" \/>\n<meta property=\"og:url\" content=\"https:\/\/rckopen.com\/cs\/produkt\/dpt-hcl\/\" \/>\n<meta property=\"og:site_name\" content=\"RC Kopen\" \/>\n<meta property=\"article:modified_time\" content=\"2025-02-03T06:58:59+00:00\" \/>\n<meta property=\"og:image\" content=\"https:\/\/rckopen.com\/wp-content\/uploads\/2023\/08\/DPT-HCL.jpg\" \/>\n\t<meta property=\"og:image:width\" content=\"600\" \/>\n\t<meta property=\"og:image:height\" content=\"600\" \/>\n\t<meta property=\"og:image:type\" content=\"image\/jpeg\" \/>\n<meta name=\"twitter:card\" content=\"summary_large_image\" \/>\n<meta name=\"twitter:label1\" content=\"Odhadovan\u00e1 doba \u010dten\u00ed\" \/>\n\t<meta name=\"twitter:data1\" content=\"2 minuty\" \/>\n<script type=\"application\/ld+json\" class=\"yoast-schema-graph\">{\"@context\":\"https:\/\/schema.org\",\"@graph\":[{\"@type\":\"WebPage\",\"@id\":\"https:\/\/rckopen.com\/product\/dpt-hcl\/\",\"url\":\"https:\/\/rckopen.com\/product\/dpt-hcl\/\",\"name\":\"DPT HCL online kopen - DPT HCL te koop\",\"isPartOf\":{\"@id\":\"https:\/\/rckopen.com\/#website\"},\"primaryImageOfPage\":{\"@id\":\"https:\/\/rckopen.com\/product\/dpt-hcl\/#primaryimage\"},\"image\":{\"@id\":\"https:\/\/rckopen.com\/product\/dpt-hcl\/#primaryimage\"},\"thumbnailUrl\":\"https:\/\/rckopen.com\/wp-content\/uploads\/2023\/08\/DPT-HCL.jpg\",\"datePublished\":\"2023-08-17T10:56:53+00:00\",\"dateModified\":\"2025-02-03T06:58:59+00:00\",\"description\":\"Onze winkel heeft de topkwaliteit DPT HCL te koop. U kunt nooit om de kwaliteit van onze producten heen. Als u het nodig heeft, DPT HCL dan meteen online kopen. Bestel nu in onze online winkel voor een goede nachtrust en kalmte.\",\"breadcrumb\":{\"@id\":\"https:\/\/rckopen.com\/product\/dpt-hcl\/#breadcrumb\"},\"inLanguage\":\"cs\",\"potentialAction\":[{\"@type\":\"ReadAction\",\"target\":[\"https:\/\/rckopen.com\/product\/dpt-hcl\/\"]}]},{\"@type\":\"ImageObject\",\"inLanguage\":\"cs\",\"@id\":\"https:\/\/rckopen.com\/product\/dpt-hcl\/#primaryimage\",\"url\":\"https:\/\/rckopen.com\/wp-content\/uploads\/2023\/08\/DPT-HCL.jpg\",\"contentUrl\":\"https:\/\/rckopen.com\/wp-content\/uploads\/2023\/08\/DPT-HCL.jpg\",\"width\":600,\"height\":600,\"caption\":\"DPT-HCL online kopen\"},{\"@type\":\"BreadcrumbList\",\"@id\":\"https:\/\/rckopen.com\/product\/dpt-hcl\/#breadcrumb\",\"itemListElement\":[{\"@type\":\"ListItem\",\"position\":1,\"name\":\"Home\",\"item\":\"https:\/\/rckopen.com\/\"},{\"@type\":\"ListItem\",\"position\":2,\"name\":\"Shop\",\"item\":\"https:\/\/rckopen.com\/shop\/\"},{\"@type\":\"ListItem\",\"position\":3,\"name\":\"DPT HCL online kopen\"}]},{\"@type\":\"WebSite\",\"@id\":\"https:\/\/rckopen.com\/#website\",\"url\":\"https:\/\/rckopen.com\/\",\"name\":\"RC Kopen\",\"description\":\"Research Chemicals\",\"potentialAction\":[{\"@type\":\"SearchAction\",\"target\":{\"@type\":\"EntryPoint\",\"urlTemplate\":\"https:\/\/rckopen.com\/?s={search_term_string}\"},\"query-input\":{\"@type\":\"PropertyValueSpecification\",\"valueRequired\":true,\"valueName\":\"search_term_string\"}}],\"inLanguage\":\"cs\"}]}<\/script>\n<!-- \/ Yoast SEO plugin. -->","yoast_head_json":{"title":"DPT HCL online kopen - DPT HCL te koop","description":"Onze winkel heeft de topkwaliteit DPT HCL te koop. U kunt nooit om de kwaliteit van onze producten heen. Als u het nodig heeft, DPT HCL dan meteen online kopen. Bestel nu in onze online winkel voor een goede nachtrust en kalmte.","robots":{"index":"index","follow":"follow","max-snippet":"max-snippet:-1","max-image-preview":"max-image-preview:large","max-video-preview":"max-video-preview:-1"},"canonical":"https:\/\/rckopen.com\/cs\/produkt\/dpt-hcl\/","og_locale":"cs_CZ","og_type":"article","og_title":"DPT HCL online kopen - DPT HCL te koop","og_description":"Onze winkel heeft de topkwaliteit DPT HCL te koop. U kunt nooit om de kwaliteit van onze producten heen. Als u het nodig heeft, DPT HCL dan meteen online kopen. Bestel nu in onze online winkel voor een goede nachtrust en kalmte.","og_url":"https:\/\/rckopen.com\/cs\/produkt\/dpt-hcl\/","og_site_name":"RC Kopen","article_modified_time":"2025-02-03T06:58:59+00:00","og_image":[{"width":600,"height":600,"url":"https:\/\/rckopen.com\/wp-content\/uploads\/2023\/08\/DPT-HCL.jpg","type":"image\/jpeg"}],"twitter_card":"summary_large_image","twitter_misc":{"Odhadovan\u00e1 doba \u010dten\u00ed":"2 minuty"},"schema":{"@context":"https:\/\/schema.org","@graph":[{"@type":"WebPage","@id":"https:\/\/rckopen.com\/product\/dpt-hcl\/","url":"https:\/\/rckopen.com\/product\/dpt-hcl\/","name":"DPT HCL online kopen - DPT HCL te koop","isPartOf":{"@id":"https:\/\/rckopen.com\/#website"},"primaryImageOfPage":{"@id":"https:\/\/rckopen.com\/product\/dpt-hcl\/#primaryimage"},"image":{"@id":"https:\/\/rckopen.com\/product\/dpt-hcl\/#primaryimage"},"thumbnailUrl":"https:\/\/rckopen.com\/wp-content\/uploads\/2023\/08\/DPT-HCL.jpg","datePublished":"2023-08-17T10:56:53+00:00","dateModified":"2025-02-03T06:58:59+00:00","description":"Onze winkel heeft de topkwaliteit DPT HCL te koop. U kunt nooit om de kwaliteit van onze producten heen. Als u het nodig heeft, DPT HCL dan meteen online kopen. Bestel nu in onze online winkel voor een goede nachtrust en kalmte.","breadcrumb":{"@id":"https:\/\/rckopen.com\/product\/dpt-hcl\/#breadcrumb"},"inLanguage":"cs","potentialAction":[{"@type":"ReadAction","target":["https:\/\/rckopen.com\/product\/dpt-hcl\/"]}]},{"@type":"ImageObject","inLanguage":"cs","@id":"https:\/\/rckopen.com\/product\/dpt-hcl\/#primaryimage","url":"https:\/\/rckopen.com\/wp-content\/uploads\/2023\/08\/DPT-HCL.jpg","contentUrl":"https:\/\/rckopen.com\/wp-content\/uploads\/2023\/08\/DPT-HCL.jpg","width":600,"height":600,"caption":"DPT-HCL online kopen"},{"@type":"BreadcrumbList","@id":"https:\/\/rckopen.com\/product\/dpt-hcl\/#breadcrumb","itemListElement":[{"@type":"ListItem","position":1,"name":"Home","item":"https:\/\/rckopen.com\/"},{"@type":"ListItem","position":2,"name":"Shop","item":"https:\/\/rckopen.com\/shop\/"},{"@type":"ListItem","position":3,"name":"DPT HCL online kopen"}]},{"@type":"WebSite","@id":"https:\/\/rckopen.com\/#website","url":"https:\/\/rckopen.com\/","name":"RC Kopen","description":"Research Chemicals","potentialAction":[{"@type":"SearchAction","target":{"@type":"EntryPoint","urlTemplate":"https:\/\/rckopen.com\/?s={search_term_string}"},"query-input":{"@type":"PropertyValueSpecification","valueRequired":true,"valueName":"search_term_string"}}],"inLanguage":"cs"}]}},"_links":{"self":[{"href":"https:\/\/rckopen.com\/cs\/wp-json\/wp\/v2\/product\/6753","targetHints":{"allow":["GET"]}}],"collection":[{"href":"https:\/\/rckopen.com\/cs\/wp-json\/wp\/v2\/product"}],"about":[{"href":"https:\/\/rckopen.com\/cs\/wp-json\/wp\/v2\/types\/product"}],"replies":[{"embeddable":true,"href":"https:\/\/rckopen.com\/cs\/wp-json\/wp\/v2\/comments?post=6753"}],"wp:featuredmedia":[{"embeddable":true,"href":"https:\/\/rckopen.com\/cs\/wp-json\/wp\/v2\/media\/6902"}],"wp:attachment":[{"href":"https:\/\/rckopen.com\/cs\/wp-json\/wp\/v2\/media?parent=6753"}],"wp:term":[{"taxonomy":"product_brand","embeddable":true,"href":"https:\/\/rckopen.com\/cs\/wp-json\/wp\/v2\/product_brand?post=6753"},{"taxonomy":"product_cat","embeddable":true,"href":"https:\/\/rckopen.com\/cs\/wp-json\/wp\/v2\/product_cat?post=6753"},{"taxonomy":"product_tag","embeddable":true,"href":"https:\/\/rckopen.com\/cs\/wp-json\/wp\/v2\/product_tag?post=6753"}],"curies":[{"name":"wp","href":"https:\/\/api.w.org\/{rel}","templated":true}]}}