{"id":6757,"date":"2023-08-17T11:01:22","date_gmt":"2023-08-17T11:01:22","guid":{"rendered":"https:\/\/diligentplug.com\/chems\/?post_type=product&#038;p=6757"},"modified":"2025-02-04T05:18:12","modified_gmt":"2025-02-04T05:18:12","slug":"met-fumarate","status":"publish","type":"product","link":"https:\/\/rckopen.com\/cs\/produkt\/s-fumaratem\/","title":{"rendered":"Koupit MET fumar\u00e1t online"},"content":{"rendered":"<h2>Ontdek de beste deals voor MET Fumarate online kopen<\/h2>\n<p>Chcete si koupit MET fumar\u00e1t online? Nejste si jisti, kde naj\u00edt nejlep\u0161\u00ed nab\u00eddky, nebo si jej m\u016f\u017eete koupit leg\u00e1ln\u011b bez l\u00e9ka\u0159sk\u00e9ho p\u0159edpisu? U\u017e nehledejte! Na rckopen.com se sna\u017e\u00edme poskytovat v\u00e1m fumar\u00e1t MET nejvy\u0161\u0161\u00ed kvality za konkurenceschopn\u00e9 ceny.<\/p>\n<h3>Proto byste si pro v\u0161echny sv\u00e9 pot\u0159eby m\u011bli vybrat MET Fumarate:<br \/>\nPro\u010d si vybrat MET Fumar\u00e1t z rckopen.com?<\/h3>\n<p>Na rckopen.com ch\u00e1peme d\u016fle\u017eitost kvality a legality, kde koupit MET Fumarate. Proto db\u00e1me na to, aby v\u0161echny na\u0161e produkty poch\u00e1zely od renomovan\u00fdch dodavatel\u016f a spl\u0148ovaly z\u00e1konn\u00e9 po\u017eadavky. Kdy\u017e si u n\u00e1s koup\u00edte MET Fumarate, m\u016f\u017eete si b\u00fdt jisti, \u017ee z\u00edsk\u00e1v\u00e1te origin\u00e1ln\u00ed v\u00fdrobek, kter\u00fd spl\u0148uje nejvy\u0161\u0161\u00ed standardy kvality a bezpe\u010dnosti.<\/p>\n<h3>Pohodl\u00ed p\u0159i n\u00e1kupu MET Fumar\u00e1tu online<\/h3>\n<p>S na\u0161\u00edm online n\u00e1kupn\u00edm obchodem byl n\u00e1kup MET fumar\u00e1tu v\u017edy v\u00fdzvou. A\u0165 u\u017e jste ve Velk\u00e9 Brit\u00e1nii nebo jinde, MET fumar\u00e1t si m\u016f\u017eete objednat z pohodl\u00ed va\u0161eho domova pomoc\u00ed n\u011bkolika kliknut\u00ed. U\u017e \u017e\u00e1dn\u00e9 starosti s n\u00e1v\u0161t\u011bvou v\u00edce obchod\u016f nebo \u010dek\u00e1n\u00edm v dlouh\u00fdch front\u00e1ch: nav\u0161tivte na\u0161e webov\u00e9 str\u00e1nky, objednejte si a my se postar\u00e1me o zbytek.<\/p>\n<h3>Konkuren\u010dn\u00ed ceny a speci\u00e1ln\u00ed nab\u00eddky<\/h3>\n<p>Ka\u017ed\u00fd by m\u011bl m\u00edt p\u0159\u00edstup k cenov\u011b dostupn\u00fdm l\u00e9k\u016fm, a proto nab\u00edz\u00edme konkurenceschopn\u00e9 ceny v\u0161ech na\u0161ich produkt\u016f. Sledujte na\u0161e speci\u00e1ln\u00ed nab\u00eddky a slevy, abyste p\u0159i n\u00e1kupu MET Fumarate u\u0161et\u0159ili je\u0161t\u011b v\u00edce.<\/p>\n<h3>Rychl\u00e1 a diskr\u00e9tn\u00ed p\u0159eprava<\/h3>\n<p>Ch\u00e1peme d\u016fle\u017eitost ochrany osobn\u00edch \u00fadaj\u016f p\u0159i n\u00e1kupu l\u00e9k\u016f online. Proto nab\u00edz\u00edme rychlou a diskr\u00e9tn\u00ed p\u0159epravu v\u0161ech objedn\u00e1vek. Va\u0161e objedn\u00e1vka MET Fumarate bude bezpe\u010dn\u011b zabalena a doru\u010dena p\u0159\u00edmo k v\u00e1m dom\u016f, \u010d\u00edm\u017e bude zaji\u0161t\u011bna naprost\u00e1 d\u016fv\u011brnost v ka\u017ed\u00e9m kroku.<\/p>\n<h3>Z\u00e1ruka spokojenosti z\u00e1kazn\u00edk\u016f<\/h3>\n<p>Va\u0161e spokojenost je pro n\u00e1s nejvy\u0161\u0161\u00ed prioritou. Pokud z jak\u00e9hokoli d\u016fvodu nejste s n\u00e1kupem MET Fumarate zcela spokojeni, kontaktujte pros\u00edm n\u00e1\u0161 p\u0159\u00e1telsk\u00fd t\u00fdm z\u00e1kaznick\u00e9ho servisu a my ud\u011bl\u00e1me v\u0161e pro to, abychom v\u0161e napravili.<\/p>\n<h3>Objednejte si MET Fumar\u00e1t je\u0161t\u011b dnes!<\/h3>\n<p>Nedovolte, aby v\u00e1m pot\u00ed\u017ee s hled\u00e1n\u00edm MET fumar\u00e1tu na prodej zabr\u00e1nily v z\u00edsk\u00e1n\u00ed pomoci, kterou pot\u0159ebujete. Objednejte je\u0161t\u011b dnes na rckopen.com a za\u017eijte pohodl\u00ed n\u00e1kupu MET fumar\u00e1tu online. S na\u0161imi konkuren\u010dn\u00edmi cenami, rychlou dopravou a z\u00e1vazkem ke kvalit\u011b nenajdete nikde jinde lep\u0161\u00ed m\u00edsto pro online n\u00e1kup MET Fumar\u00e1tu.<\/p>","protected":false},"excerpt":{"rendered":"<p><strong>N\u00e1zev IUPAC: <\/strong>Ethyl-(2-(1H-indol-3-yl)-ethyl)methylamin<\/p>\n<p><strong>CAS # <\/strong>5599-69-9<\/p>\n<p><strong>Dal\u0161\u00ed n\u00e1zev: <\/strong>N-ethyl-N-methyltryptamin<\/p>\n<p><strong>Forma: <\/strong>fumar\u00e1t<\/p>\n<p><strong>NMR anal\u00fdza: <\/strong>C13H18N2<\/p>","protected":false},"featured_media":0,"comment_status":"open","ping_status":"closed","template":"","meta":{"_joinchat":[]},"product_brand":[],"product_cat":[149],"product_tag":[],"class_list":{"0":"post-6757","1":"product","2":"type-product","3":"status-publish","5":"product_cat-tryptaminen","7":"first","8":"instock","9":"shipping-taxable","10":"purchasable","11":"product-type-variable"},"yoast_head":"<!-- This site is optimized with the Yoast SEO plugin v26.3 - https:\/\/yoast.com\/wordpress\/plugins\/seo\/ -->\n<title>MET-Fumarate online kopen - MET-Fumarate online te koop<\/title>\n<meta name=\"description\" content=\"Als u MET Fumaraat online zonder recept wilt kopen, is rckopen.com de beste plaats om MET Fumaraat online kopen, MET Fumaraat te koop en MET Fumaraat online tegen de beste prijs te kopen. Bestel nu!\" \/>\n<meta name=\"robots\" content=\"index, follow, max-snippet:-1, max-image-preview:large, max-video-preview:-1\" \/>\n<link rel=\"canonical\" href=\"https:\/\/rckopen.com\/cs\/produkt\/s-fumaratem\/\" \/>\n<meta property=\"og:locale\" content=\"cs_CZ\" \/>\n<meta property=\"og:type\" content=\"article\" \/>\n<meta property=\"og:title\" content=\"MET-Fumarate online kopen - MET-Fumarate online te koop\" \/>\n<meta property=\"og:description\" content=\"Als u MET Fumaraat online zonder recept wilt kopen, is rckopen.com de beste plaats om MET Fumaraat online kopen, MET Fumaraat te koop en MET Fumaraat online tegen de beste prijs te kopen. Bestel nu!\" \/>\n<meta property=\"og:url\" content=\"https:\/\/rckopen.com\/cs\/produkt\/s-fumaratem\/\" \/>\n<meta property=\"og:site_name\" content=\"RC Kopen\" \/>\n<meta property=\"article:modified_time\" content=\"2025-02-04T05:18:12+00:00\" \/>\n<meta name=\"twitter:card\" content=\"summary_large_image\" \/>\n<meta name=\"twitter:label1\" content=\"Odhadovan\u00e1 doba \u010dten\u00ed\" \/>\n\t<meta name=\"twitter:data1\" content=\"2 minuty\" \/>\n<script type=\"application\/ld+json\" class=\"yoast-schema-graph\">{\"@context\":\"https:\/\/schema.org\",\"@graph\":[{\"@type\":\"WebPage\",\"@id\":\"https:\/\/rckopen.com\/product\/met-fumarate\/\",\"url\":\"https:\/\/rckopen.com\/product\/met-fumarate\/\",\"name\":\"MET-Fumarate online kopen - MET-Fumarate online te koop\",\"isPartOf\":{\"@id\":\"https:\/\/rckopen.com\/#website\"},\"datePublished\":\"2023-08-17T11:01:22+00:00\",\"dateModified\":\"2025-02-04T05:18:12+00:00\",\"description\":\"Als u MET Fumaraat online zonder recept wilt kopen, is rckopen.com de beste plaats om MET Fumaraat online kopen, MET Fumaraat te koop en MET Fumaraat online tegen de beste prijs te kopen. Bestel nu!\",\"breadcrumb\":{\"@id\":\"https:\/\/rckopen.com\/product\/met-fumarate\/#breadcrumb\"},\"inLanguage\":\"cs\",\"potentialAction\":[{\"@type\":\"ReadAction\",\"target\":[\"https:\/\/rckopen.com\/product\/met-fumarate\/\"]}]},{\"@type\":\"BreadcrumbList\",\"@id\":\"https:\/\/rckopen.com\/product\/met-fumarate\/#breadcrumb\",\"itemListElement\":[{\"@type\":\"ListItem\",\"position\":1,\"name\":\"Home\",\"item\":\"https:\/\/rckopen.com\/\"},{\"@type\":\"ListItem\",\"position\":2,\"name\":\"Shop\",\"item\":\"https:\/\/rckopen.com\/shop\/\"},{\"@type\":\"ListItem\",\"position\":3,\"name\":\"MET Fumarate online Kopen\"}]},{\"@type\":\"WebSite\",\"@id\":\"https:\/\/rckopen.com\/#website\",\"url\":\"https:\/\/rckopen.com\/\",\"name\":\"RC Kopen\",\"description\":\"Research Chemicals\",\"potentialAction\":[{\"@type\":\"SearchAction\",\"target\":{\"@type\":\"EntryPoint\",\"urlTemplate\":\"https:\/\/rckopen.com\/?s={search_term_string}\"},\"query-input\":{\"@type\":\"PropertyValueSpecification\",\"valueRequired\":true,\"valueName\":\"search_term_string\"}}],\"inLanguage\":\"cs\"}]}<\/script>\n<!-- \/ Yoast SEO plugin. -->","yoast_head_json":{"title":"MET-Fumarate online kopen - MET-Fumarate online te koop","description":"Als u MET Fumaraat online zonder recept wilt kopen, is rckopen.com de beste plaats om MET Fumaraat online kopen, MET Fumaraat te koop en MET Fumaraat online tegen de beste prijs te kopen. Bestel nu!","robots":{"index":"index","follow":"follow","max-snippet":"max-snippet:-1","max-image-preview":"max-image-preview:large","max-video-preview":"max-video-preview:-1"},"canonical":"https:\/\/rckopen.com\/cs\/produkt\/s-fumaratem\/","og_locale":"cs_CZ","og_type":"article","og_title":"MET-Fumarate online kopen - MET-Fumarate online te koop","og_description":"Als u MET Fumaraat online zonder recept wilt kopen, is rckopen.com de beste plaats om MET Fumaraat online kopen, MET Fumaraat te koop en MET Fumaraat online tegen de beste prijs te kopen. Bestel nu!","og_url":"https:\/\/rckopen.com\/cs\/produkt\/s-fumaratem\/","og_site_name":"RC Kopen","article_modified_time":"2025-02-04T05:18:12+00:00","twitter_card":"summary_large_image","twitter_misc":{"Odhadovan\u00e1 doba \u010dten\u00ed":"2 minuty"},"schema":{"@context":"https:\/\/schema.org","@graph":[{"@type":"WebPage","@id":"https:\/\/rckopen.com\/product\/met-fumarate\/","url":"https:\/\/rckopen.com\/product\/met-fumarate\/","name":"MET-Fumarate online kopen - MET-Fumarate online te koop","isPartOf":{"@id":"https:\/\/rckopen.com\/#website"},"datePublished":"2023-08-17T11:01:22+00:00","dateModified":"2025-02-04T05:18:12+00:00","description":"Als u MET Fumaraat online zonder recept wilt kopen, is rckopen.com de beste plaats om MET Fumaraat online kopen, MET Fumaraat te koop en MET Fumaraat online tegen de beste prijs te kopen. Bestel nu!","breadcrumb":{"@id":"https:\/\/rckopen.com\/product\/met-fumarate\/#breadcrumb"},"inLanguage":"cs","potentialAction":[{"@type":"ReadAction","target":["https:\/\/rckopen.com\/product\/met-fumarate\/"]}]},{"@type":"BreadcrumbList","@id":"https:\/\/rckopen.com\/product\/met-fumarate\/#breadcrumb","itemListElement":[{"@type":"ListItem","position":1,"name":"Home","item":"https:\/\/rckopen.com\/"},{"@type":"ListItem","position":2,"name":"Shop","item":"https:\/\/rckopen.com\/shop\/"},{"@type":"ListItem","position":3,"name":"MET Fumarate online Kopen"}]},{"@type":"WebSite","@id":"https:\/\/rckopen.com\/#website","url":"https:\/\/rckopen.com\/","name":"RC Kopen","description":"Research Chemicals","potentialAction":[{"@type":"SearchAction","target":{"@type":"EntryPoint","urlTemplate":"https:\/\/rckopen.com\/?s={search_term_string}"},"query-input":{"@type":"PropertyValueSpecification","valueRequired":true,"valueName":"search_term_string"}}],"inLanguage":"cs"}]}},"_links":{"self":[{"href":"https:\/\/rckopen.com\/cs\/wp-json\/wp\/v2\/product\/6757","targetHints":{"allow":["GET"]}}],"collection":[{"href":"https:\/\/rckopen.com\/cs\/wp-json\/wp\/v2\/product"}],"about":[{"href":"https:\/\/rckopen.com\/cs\/wp-json\/wp\/v2\/types\/product"}],"replies":[{"embeddable":true,"href":"https:\/\/rckopen.com\/cs\/wp-json\/wp\/v2\/comments?post=6757"}],"wp:attachment":[{"href":"https:\/\/rckopen.com\/cs\/wp-json\/wp\/v2\/media?parent=6757"}],"wp:term":[{"taxonomy":"product_brand","embeddable":true,"href":"https:\/\/rckopen.com\/cs\/wp-json\/wp\/v2\/product_brand?post=6757"},{"taxonomy":"product_cat","embeddable":true,"href":"https:\/\/rckopen.com\/cs\/wp-json\/wp\/v2\/product_cat?post=6757"},{"taxonomy":"product_tag","embeddable":true,"href":"https:\/\/rckopen.com\/cs\/wp-json\/wp\/v2\/product_tag?post=6757"}],"curies":[{"name":"wp","href":"https:\/\/api.w.org\/{rel}","templated":true}]}}