{"id":6758,"date":"2023-08-17T11:02:40","date_gmt":"2023-08-17T11:02:40","guid":{"rendered":"https:\/\/diligentplug.com\/chems\/?post_type=product&#038;p=6758"},"modified":"2025-02-01T08:40:08","modified_gmt":"2025-02-01T08:40:08","slug":"5-meo-met","status":"publish","type":"product","link":"https:\/\/rckopen.com\/cs\/produkt\/5-meo-s\/","title":{"rendered":"5-MEO-MET"},"content":{"rendered":"<h2>5-MEO-MET online kopen<\/h2>\n<p>Rc Buy nab\u00edzen\u00e9 pro v\u00fdzkumn\u00e9 \u00fa\u010dely; lidsk\u00e1 spot\u0159eba je p\u0159\u00edsn\u011b zak\u00e1z\u00e1na. V\u00e1\u0161 komplexn\u00ed pr\u016fvodce n\u00e1kupem online je zcela zak\u00e1z\u00e1n. <a href=\"https:\/\/rckopen.com\/cs\/produkt\/5-meo-s\/\">5-MEO-MET<\/a><br \/>\nUva\u017eujete o objedn\u00e1n\u00ed 5-MEO-MET? Nic nep\u0159ehl\u00e9dn\u011bte. Zde najdete v\u0161e, co pot\u0159ebujete v\u011bd\u011bt k chytr\u00e9mu n\u00e1kupu.<br \/>\nPorozum\u011bn\u00ed 5-MEO-MET<\/p>\n<p>5-Methoxy-N-ethyl-N-methyltryptamin, l\u00e9pe zn\u00e1m\u00fd jako <a href=\"https:\/\/en.wikipedia.org\/wiki\/5-MeO-MET\">5-MEO-MET<\/a>, je siln\u00e1 psychedelick\u00e1 l\u00e1tka pat\u0159\u00edc\u00ed do t\u0159\u00eddy tryptaminu. Je zn\u00e1m\u00fd pro sv\u00e9 jedine\u010dn\u00e9 \u00fa\u010dinky na v\u011bdom\u00ed, v\u010detn\u011b vizu\u00e1ln\u00edch zkreslen\u00ed, zm\u011bn\u011bn\u00e9ho vn\u00edm\u00e1n\u00ed \u010dasu a hlubok\u00e9 introspekce.<\/p>\n<h3>Pro\u010d si koupit 5-MEO-MET online?<\/h3>\n<p>1. Pohodl\u00ed: N\u00e1kup 5-MEO-MET online nab\u00edz\u00ed jedine\u010dn\u00e9 pohodl\u00ed. Z pohodl\u00ed k\u0159esla si m\u016f\u017eete prohl\u00e9dnout \u0161irokou nab\u00eddku produkt\u016f.<\/p>\n<p>2. Soukrom\u00ed: N\u00e1kupy online nab\u00edzej\u00ed diskr\u00e9tn\u00ed zp\u016fsob, jak si objednat 5-MEO-MET, ani\u017e byste vzbudili ne\u017e\u00e1douc\u00ed pozornost.<\/p>\n<p>3. Rozmanitost: Internetov\u00ed prodejci \u010dasto nab\u00edzej\u00ed \u0161ir\u0161\u00ed sortiment ne\u017e tradi\u010dn\u00ed kamenn\u00e9 obchody, tak\u017ee si m\u016f\u017eete vybrat z r\u016fzn\u00fdch forem a d\u00e1vkov\u00e1n\u00ed.<\/p>\n<h3>Kde si m\u016f\u017eete koupit 5-MEO-MET online?<\/h3>\n<p>Nalezen\u00ed spolehliv\u00e9ho zdroje pro n\u00e1kup 5-MEO-MET je z\u00e1sadn\u00ed pro bezpe\u010dn\u00fd a uspokojiv\u00fd z\u00e1\u017eitek. Zde je n\u011bkolik faktor\u016f, kter\u00e9 je t\u0159eba vz\u00edt v \u00favahu p\u0159i v\u00fdb\u011bru online dodavatele:<\/p>\n<p>1. Pov\u011bst: Vyb\u00edrejte si dodavatele s prokazatelnou histori\u00ed v oblasti dod\u00e1vek vysoce kvalitn\u00edch v\u00fdrobk\u016f a vynikaj\u00edc\u00edho z\u00e1kaznick\u00e9ho servisu.<\/p>\n<p>2. Recenze: Zkontrolujte recenze a posudky z\u00e1kazn\u00edk\u016f, abyste posoudili spolehlivost a d\u016fv\u011bryhodnost dodavatele.<\/p>\n<p>3. Z\u00e1konnost: Ujist\u011bte se, \u017ee prodejce p\u016fsob\u00ed v r\u00e1mci z\u00e1konn\u00fdch limit\u016f va\u0161\u00ed jurisdikce, abyste mohli 5-MEO-MET koupit leg\u00e1ln\u011b.<\/p>\n<h3>RCkopen.com: v\u00e1\u0161 d\u016fv\u011bryhodn\u00fd obchod 5-MEO-MET<\/h3>\n<p><a href=\"https:\/\/rckopen.com\/cs\/\">RCKOpen.com<\/a> je va\u0161e obl\u00edben\u00e1 destinace pro n\u00e1kup 5-MEO-MET online na prodej. Toto je d\u016fvod, pro\u010d:<\/p>\n<p>1. Zaji\u0161t\u011bn\u00ed kvality: Na RCkopen.com up\u0159ednost\u0148ujeme kvalitu a \u010distotu. Na\u0161e produkty proch\u00e1zej\u00ed p\u0159\u00edsn\u00fdm testov\u00e1n\u00edm, aby byla zaji\u0161t\u011bna shoda s pr\u016fmyslov\u00fdmi standardy.<\/p>\n<p>2. \u0160irok\u00fd v\u00fdb\u011br: Prozkoumejte na\u0161i \u0161irokou nab\u00eddku produkt\u016f 5-MEO-MET, v\u010detn\u011b pr\u00e1\u0161ku a pelet, a najd\u011bte si mo\u017enost, kter\u00e1 nejl\u00e9pe vyhovuje va\u0161im pot\u0159eb\u00e1m.<\/p>\n<p>3. Bezpe\u010dn\u00e9 transakce: Prioritou je pro n\u00e1s va\u0161e soukrom\u00ed a bezpe\u010dnost. P\u0159i objedn\u00e1v\u00e1n\u00ed p\u0159\u00edpravku 5-MEO-MET z rckopen.com si m\u016f\u017eete vychutnat bezpe\u010dn\u00e9 a \u0161ifrovan\u00e9 transakce.<\/p>\n<h3>Jak objednat 5-MEO-MET prost\u0159ednictv\u00edm rckopen.com<\/h3>\n<p>1. Prohl\u00e9dn\u011bte si na\u0161i webovou str\u00e1nku: Nav\u0161tivte RCkopen.com a prozkoumejte n\u00e1\u0161 v\u00fdb\u011br produkt\u016f 5-MEO-MET na prodej.<\/p>\n<p>2. V\u00fdb\u011br produktu: Vyberte si po\u017eadovan\u00fd tvar a mno\u017estv\u00ed 5-MEO-MET z na\u0161eho katalogu.<\/p>\n<p>3. Objednejte si zbo\u017e\u00ed: Prove\u010fte jednoduch\u00fd proces objedn\u00e1vky a bezpe\u010dn\u011b ji ode\u0161lete.<\/p>\n<p>4. P\u0159ijm\u011bte sv\u016fj bal\u00ed\u010dek: V klidu se usa\u010fte a odpo\u010d\u00edvejte, zat\u00edmco v\u00e1m diskr\u00e9tn\u011b doru\u010d\u00edme 5-MEO-MET a\u017e dom\u016f.<\/p>\n<h3>Koupit 5-MEO-MET bez l\u00e9ka\u0159sk\u00e9ho p\u0159edpisu na rckopen.com<\/h3>\n<p>V RCkopen.com ch\u00e1peme d\u016fle\u017eitost p\u0159\u00edstupnosti. Proto nab\u00edz\u00edme pohodl\u00ed n\u00e1kupu 5-MEO-MET bez l\u00e9ka\u0159sk\u00e9ho p\u0159edpisu.<\/p>\n<p>S\u00eddl\u00edte ve Spojen\u00e9m kr\u00e1lovstv\u00ed? Rckopen.com vych\u00e1z\u00ed vst\u0159\u00edc z\u00e1kazn\u00edk\u016fm po cel\u00e9 Velk\u00e9 Brit\u00e1nii a nab\u00edz\u00ed rychl\u00e9 a spolehliv\u00e9 mo\u017enosti dopravy pro va\u0161e pohodl\u00ed. Kupte si 5-MEO-MET online pouze u n\u00e1s ve Velk\u00e9 Brit\u00e1nii.<\/p>","protected":false},"excerpt":{"rendered":"<p><strong>N\u00e1zev IUPAC: <\/strong>null<\/p>\n<p><strong>CAS # <\/strong>null<\/p>\n<p><strong>Dal\u0161\u00ed n\u00e1zev: <\/strong>5-MEO-MET<\/p>\n<p><strong>Vzhled: <\/strong>pr\u00e1\u0161ek<\/p>\n<p><strong>Forma: <\/strong>fumar\u00e1t<\/p>\n<p><strong>NMR anal\u00fdza: <\/strong>NEUPLAT\u0147UJE SE<\/p>","protected":false},"featured_media":6946,"comment_status":"open","ping_status":"closed","template":"","meta":{"_joinchat":[]},"product_brand":[],"product_cat":[149],"product_tag":[],"class_list":{"0":"post-6758","1":"product","2":"type-product","3":"status-publish","4":"has-post-thumbnail","6":"product_cat-tryptaminen","8":"first","9":"instock","10":"shipping-taxable","11":"purchasable","12":"product-type-variable"},"yoast_head":"<!-- This site is optimized with the Yoast SEO plugin v26.3 - https:\/\/yoast.com\/wordpress\/plugins\/seo\/ -->\n<title>5 Meo Met online kopen - 5 Meo Met te koop<\/title>\n<meta name=\"description\" content=\"5 Meo Met online kopen op onze website voor producten van hoge kwaliteit. Geniet van het gemak van het bestellen van 5 Meo Met te koop en ervaar de beste service en productvariatie. Plaats nu uw bestelling!\" \/>\n<meta name=\"robots\" content=\"index, follow, max-snippet:-1, max-image-preview:large, max-video-preview:-1\" \/>\n<link rel=\"canonical\" href=\"https:\/\/rckopen.com\/cs\/produkt\/5-meo-s\/\" \/>\n<meta property=\"og:locale\" content=\"cs_CZ\" \/>\n<meta property=\"og:type\" content=\"article\" \/>\n<meta property=\"og:title\" content=\"5 Meo Met online kopen - 5 Meo Met te koop\" \/>\n<meta property=\"og:description\" content=\"5 Meo Met online kopen op onze website voor producten van hoge kwaliteit. Geniet van het gemak van het bestellen van 5 Meo Met te koop en ervaar de beste service en productvariatie. Plaats nu uw bestelling!\" \/>\n<meta property=\"og:url\" content=\"https:\/\/rckopen.com\/cs\/produkt\/5-meo-s\/\" \/>\n<meta property=\"og:site_name\" content=\"RC Kopen\" \/>\n<meta property=\"article:modified_time\" content=\"2025-02-01T08:40:08+00:00\" \/>\n<meta property=\"og:image\" content=\"https:\/\/rckopen.com\/wp-content\/uploads\/2023\/08\/5-MEO-MET.jpg\" \/>\n\t<meta property=\"og:image:width\" content=\"600\" \/>\n\t<meta property=\"og:image:height\" content=\"600\" \/>\n\t<meta property=\"og:image:type\" content=\"image\/jpeg\" \/>\n<meta name=\"twitter:card\" content=\"summary_large_image\" \/>\n<meta name=\"twitter:label1\" content=\"Odhadovan\u00e1 doba \u010dten\u00ed\" \/>\n\t<meta name=\"twitter:data1\" content=\"3 minuty\" \/>\n<script type=\"application\/ld+json\" class=\"yoast-schema-graph\">{\"@context\":\"https:\/\/schema.org\",\"@graph\":[{\"@type\":\"WebPage\",\"@id\":\"https:\/\/rckopen.com\/product\/5-meo-met\/\",\"url\":\"https:\/\/rckopen.com\/product\/5-meo-met\/\",\"name\":\"5 Meo Met online kopen - 5 Meo Met te koop\",\"isPartOf\":{\"@id\":\"https:\/\/rckopen.com\/#website\"},\"primaryImageOfPage\":{\"@id\":\"https:\/\/rckopen.com\/product\/5-meo-met\/#primaryimage\"},\"image\":{\"@id\":\"https:\/\/rckopen.com\/product\/5-meo-met\/#primaryimage\"},\"thumbnailUrl\":\"https:\/\/rckopen.com\/wp-content\/uploads\/2023\/08\/5-MEO-MET.jpg\",\"datePublished\":\"2023-08-17T11:02:40+00:00\",\"dateModified\":\"2025-02-01T08:40:08+00:00\",\"description\":\"5 Meo Met online kopen op onze website voor producten van hoge kwaliteit. Geniet van het gemak van het bestellen van 5 Meo Met te koop en ervaar de beste service en productvariatie. Plaats nu uw bestelling!\",\"breadcrumb\":{\"@id\":\"https:\/\/rckopen.com\/product\/5-meo-met\/#breadcrumb\"},\"inLanguage\":\"cs\",\"potentialAction\":[{\"@type\":\"ReadAction\",\"target\":[\"https:\/\/rckopen.com\/product\/5-meo-met\/\"]}]},{\"@type\":\"ImageObject\",\"inLanguage\":\"cs\",\"@id\":\"https:\/\/rckopen.com\/product\/5-meo-met\/#primaryimage\",\"url\":\"https:\/\/rckopen.com\/wp-content\/uploads\/2023\/08\/5-MEO-MET.jpg\",\"contentUrl\":\"https:\/\/rckopen.com\/wp-content\/uploads\/2023\/08\/5-MEO-MET.jpg\",\"width\":600,\"height\":600,\"caption\":\"5-MEO-MET\"},{\"@type\":\"BreadcrumbList\",\"@id\":\"https:\/\/rckopen.com\/product\/5-meo-met\/#breadcrumb\",\"itemListElement\":[{\"@type\":\"ListItem\",\"position\":1,\"name\":\"Home\",\"item\":\"https:\/\/rckopen.com\/\"},{\"@type\":\"ListItem\",\"position\":2,\"name\":\"Shop\",\"item\":\"https:\/\/rckopen.com\/shop\/\"},{\"@type\":\"ListItem\",\"position\":3,\"name\":\"5-MEO-MET\"}]},{\"@type\":\"WebSite\",\"@id\":\"https:\/\/rckopen.com\/#website\",\"url\":\"https:\/\/rckopen.com\/\",\"name\":\"RC Kopen\",\"description\":\"Research Chemicals\",\"potentialAction\":[{\"@type\":\"SearchAction\",\"target\":{\"@type\":\"EntryPoint\",\"urlTemplate\":\"https:\/\/rckopen.com\/?s={search_term_string}\"},\"query-input\":{\"@type\":\"PropertyValueSpecification\",\"valueRequired\":true,\"valueName\":\"search_term_string\"}}],\"inLanguage\":\"cs\"}]}<\/script>\n<!-- \/ Yoast SEO plugin. -->","yoast_head_json":{"title":"5 Meo Met online kopen - 5 Meo Met te koop","description":"5 Meo Met online kopen op onze website voor producten van hoge kwaliteit. Geniet van het gemak van het bestellen van 5 Meo Met te koop en ervaar de beste service en productvariatie. Plaats nu uw bestelling!","robots":{"index":"index","follow":"follow","max-snippet":"max-snippet:-1","max-image-preview":"max-image-preview:large","max-video-preview":"max-video-preview:-1"},"canonical":"https:\/\/rckopen.com\/cs\/produkt\/5-meo-s\/","og_locale":"cs_CZ","og_type":"article","og_title":"5 Meo Met online kopen - 5 Meo Met te koop","og_description":"5 Meo Met online kopen op onze website voor producten van hoge kwaliteit. Geniet van het gemak van het bestellen van 5 Meo Met te koop en ervaar de beste service en productvariatie. Plaats nu uw bestelling!","og_url":"https:\/\/rckopen.com\/cs\/produkt\/5-meo-s\/","og_site_name":"RC Kopen","article_modified_time":"2025-02-01T08:40:08+00:00","og_image":[{"width":600,"height":600,"url":"https:\/\/rckopen.com\/wp-content\/uploads\/2023\/08\/5-MEO-MET.jpg","type":"image\/jpeg"}],"twitter_card":"summary_large_image","twitter_misc":{"Odhadovan\u00e1 doba \u010dten\u00ed":"3 minuty"},"schema":{"@context":"https:\/\/schema.org","@graph":[{"@type":"WebPage","@id":"https:\/\/rckopen.com\/product\/5-meo-met\/","url":"https:\/\/rckopen.com\/product\/5-meo-met\/","name":"5 Meo Met online kopen - 5 Meo Met te koop","isPartOf":{"@id":"https:\/\/rckopen.com\/#website"},"primaryImageOfPage":{"@id":"https:\/\/rckopen.com\/product\/5-meo-met\/#primaryimage"},"image":{"@id":"https:\/\/rckopen.com\/product\/5-meo-met\/#primaryimage"},"thumbnailUrl":"https:\/\/rckopen.com\/wp-content\/uploads\/2023\/08\/5-MEO-MET.jpg","datePublished":"2023-08-17T11:02:40+00:00","dateModified":"2025-02-01T08:40:08+00:00","description":"5 Meo Met online kopen op onze website voor producten van hoge kwaliteit. Geniet van het gemak van het bestellen van 5 Meo Met te koop en ervaar de beste service en productvariatie. Plaats nu uw bestelling!","breadcrumb":{"@id":"https:\/\/rckopen.com\/product\/5-meo-met\/#breadcrumb"},"inLanguage":"cs","potentialAction":[{"@type":"ReadAction","target":["https:\/\/rckopen.com\/product\/5-meo-met\/"]}]},{"@type":"ImageObject","inLanguage":"cs","@id":"https:\/\/rckopen.com\/product\/5-meo-met\/#primaryimage","url":"https:\/\/rckopen.com\/wp-content\/uploads\/2023\/08\/5-MEO-MET.jpg","contentUrl":"https:\/\/rckopen.com\/wp-content\/uploads\/2023\/08\/5-MEO-MET.jpg","width":600,"height":600,"caption":"5-MEO-MET"},{"@type":"BreadcrumbList","@id":"https:\/\/rckopen.com\/product\/5-meo-met\/#breadcrumb","itemListElement":[{"@type":"ListItem","position":1,"name":"Home","item":"https:\/\/rckopen.com\/"},{"@type":"ListItem","position":2,"name":"Shop","item":"https:\/\/rckopen.com\/shop\/"},{"@type":"ListItem","position":3,"name":"5-MEO-MET"}]},{"@type":"WebSite","@id":"https:\/\/rckopen.com\/#website","url":"https:\/\/rckopen.com\/","name":"RC Kopen","description":"Research Chemicals","potentialAction":[{"@type":"SearchAction","target":{"@type":"EntryPoint","urlTemplate":"https:\/\/rckopen.com\/?s={search_term_string}"},"query-input":{"@type":"PropertyValueSpecification","valueRequired":true,"valueName":"search_term_string"}}],"inLanguage":"cs"}]}},"_links":{"self":[{"href":"https:\/\/rckopen.com\/cs\/wp-json\/wp\/v2\/product\/6758","targetHints":{"allow":["GET"]}}],"collection":[{"href":"https:\/\/rckopen.com\/cs\/wp-json\/wp\/v2\/product"}],"about":[{"href":"https:\/\/rckopen.com\/cs\/wp-json\/wp\/v2\/types\/product"}],"replies":[{"embeddable":true,"href":"https:\/\/rckopen.com\/cs\/wp-json\/wp\/v2\/comments?post=6758"}],"wp:featuredmedia":[{"embeddable":true,"href":"https:\/\/rckopen.com\/cs\/wp-json\/wp\/v2\/media\/6946"}],"wp:attachment":[{"href":"https:\/\/rckopen.com\/cs\/wp-json\/wp\/v2\/media?parent=6758"}],"wp:term":[{"taxonomy":"product_brand","embeddable":true,"href":"https:\/\/rckopen.com\/cs\/wp-json\/wp\/v2\/product_brand?post=6758"},{"taxonomy":"product_cat","embeddable":true,"href":"https:\/\/rckopen.com\/cs\/wp-json\/wp\/v2\/product_cat?post=6758"},{"taxonomy":"product_tag","embeddable":true,"href":"https:\/\/rckopen.com\/cs\/wp-json\/wp\/v2\/product_tag?post=6758"}],"curies":[{"name":"wp","href":"https:\/\/api.w.org\/{rel}","templated":true}]}}