{"id":6771,"date":"2023-08-17T11:07:31","date_gmt":"2023-08-17T11:07:31","guid":{"rendered":"https:\/\/diligentplug.com\/chems\/?post_type=product&#038;p=6771"},"modified":"2025-01-31T05:24:05","modified_gmt":"2025-01-31T05:24:05","slug":"4-ho-ept","status":"publish","type":"product","link":"https:\/\/rckopen.com\/cs\/produkt\/4-ho-ept\/","title":{"rendered":"Koupit 4-HO-EPT online"},"content":{"rendered":"<h2>Ontdek de beste plek om 4-HO-EPT online kopen \u2013 RCKopen<\/h2>\n<p>V\u00edtejte na <a href=\"https:\/\/rckopen.com\/cs\/\">Rckopen.com<\/a>, va\u0161e \u010d\u00edslo jedna destinace pro n\u00e1kup <a href=\"https:\/\/rckopen.com\/cs\/produkt\/4-ho-ept\/\">4-HO-EPT<\/a> a dal\u0161\u00ed v\u00fdzkumn\u00e9 chemik\u00e1lie. A\u0165 u\u017e jste akademick\u00fd v\u00fdzkumn\u00edk, chemick\u00fd nad\u0161enec nebo profesion\u00e1l v oboru, poskytujeme bezpe\u010dnou platformu pro snadn\u00e9 z\u00edsk\u00e1n\u00ed vysoce kvalitn\u00edho 4-HO-EPT.<\/p>\n<h3>Pro\u010d si vybrat RCKopen pro sv\u00e9 pot\u0159eby 4-HO-EPT?<\/h3>\n<p>V RCKopen jsme hrd\u00ed na to, \u017ee poskytujeme prvot\u0159\u00eddn\u00ed <a href=\"https:\/\/en.wikipedia.org\/wiki\/4-HO-EPT\">4-HO-EPT<\/a> nab\u00edzet k prodeji a poskytovat v\u00fdjime\u010dn\u00fd z\u00e1kaznick\u00fd servis. To je d\u016fvod, pro\u010d vynik\u00e1me:<br \/>\nRozmanitost: Prozkoumejte n\u00e1\u0161 \u0161irok\u00fd v\u00fdb\u011br v\u00fdzkumn\u00fdch chemik\u00e1li\u00ed, objednejte si 4-HO-EPT a zajist\u011bte si, \u017ee najdete slou\u010deniny, kter\u00e9 pot\u0159ebujete pro sv\u00e9 studie nebo experimenty.<\/p>\n<p>Zaji\u0161t\u011bn\u00ed kvality: V\u00fdrobky 4-HO-EPT odeb\u00edr\u00e1me od renomovan\u00fdch dodavatel\u016f, \u010d\u00edm\u017e zaji\u0161\u0165ujeme \u010distotu a pravost ka\u017ed\u00e9ho nab\u00edzen\u00e9ho produktu.<br \/>\nDodr\u017eov\u00e1n\u00ed pr\u00e1vn\u00edch p\u0159edpis\u016f: M\u016f\u017eete si b\u00fdt jisti, \u017ee kdy\u017e si u n\u00e1s koup\u00edte 4-HO-EPT, z\u00edsk\u00e1te ho leg\u00e1ln\u011b. Dodr\u017eujeme v\u0161echny p\u0159edpisy a sm\u011brnice a zaji\u0161\u0165ujeme bezprobl\u00e9mov\u00fd a vyhovuj\u00edc\u00ed n\u00e1kupn\u00ed proces.<\/p>\n<p>Bezpe\u010dn\u00e9 transakce: va\u0161e bezpe\u010dnost je na\u0161\u00ed prioritou. D\u00edky \u0161ifrovan\u00fdm platebn\u00edm bran\u00e1m a bezpe\u010dn\u00fdm pokladn\u00edm proces\u016fm si u n\u00e1s m\u016f\u017eete 4-HO-EPT koupit s d\u016fv\u011brou.<\/p>\n<p>Kde si m\u016f\u017eete koupit 4-HO-EPT bez l\u00e9ka\u0159sk\u00e9ho p\u0159edpisu? U\u017e nehledejte!<br \/>\nZaj\u00edm\u00e1 v\u00e1s, kde koupit 4-HO-EPT bez l\u00e9ka\u0159sk\u00e9ho p\u0159edpisu? RCKopen se o v\u00e1s postar\u00e1. Prost\u0159ednictv\u00edm na\u0161\u00ed platformy si m\u016f\u017eete 4-HO-EPT objednat bez probl\u00e9m\u016f, ani\u017e byste pot\u0159ebovali l\u00e9ka\u0159sk\u00fd p\u0159edpis. Sta\u010d\u00ed si prohl\u00e9dnout na\u0161e webov\u00e9 str\u00e1nky, p\u0159idat po\u017eadovan\u00e9 produkty do ko\u0161\u00edku a p\u0159ej\u00edt k pokladn\u011b - je to tak jednoduch\u00e9.<\/p>\n<h3>Za\u017eijte pohodln\u00e9 nakupov\u00e1n\u00ed pro n\u00e1kup 4-HO-EPT online<\/h3>\n<p>Zapome\u0148te na slo\u017eit\u00e9 obch\u00e1zen\u00ed r\u016fzn\u00fdch obchod\u016f p\u0159i hled\u00e1n\u00ed 4-HO-EPT. S RCKopen si m\u016f\u017eete koupit 4-HO-EPT online z pohodl\u00ed sv\u00e9ho k\u0159esla. D\u00edky na\u0161emu u\u017eivatelsky p\u0159\u00edv\u011btiv\u00e9mu rozhran\u00ed je proch\u00e1zen\u00ed a n\u00e1kup hra\u010dka, kter\u00e1 v\u00e1m u\u0161et\u0159\u00ed \u010das i n\u00e1mahu.<\/p>\n<h3>Kupte si 4-HO-EPT online leg\u00e1ln\u011b ve Velk\u00e9 Brit\u00e1nii i v zahrani\u010d\u00ed<\/h3>\n<p>Pro z\u00e1kazn\u00edky ve Velk\u00e9 Brit\u00e1nii a v zahrani\u010d\u00ed nab\u00edz\u00ed RCKopen pohodln\u00e9 \u0159e\u0161en\u00ed, jak si leg\u00e1ln\u011b koupit 4-HO-EPT. A\u0165 u\u017e prov\u00e1d\u00edte v\u00fdzkum na akademick\u00e9 p\u016fd\u011b nebo v pr\u016fmyslu, na\u0161e platforma zaru\u010duje p\u0159\u00edstup k 4-HO-EPT v souladu s platn\u00fdmi z\u00e1kony a p\u0159edpisy.<\/p>\n<h3>Jste p\u0159ipraveni za\u010d\u00edt? Kupte si 4-HO-EPT online je\u0161t\u011b dnes!<\/h3>\n<p>S n\u00e1kupem 4-HO-EPT ve Velk\u00e9 Brit\u00e1nii pro va\u0161e v\u00fdzkumn\u00e9 \u00fasil\u00ed ji\u017e neot\u00e1lejte. Prohl\u00e9dn\u011bte si na\u0161e webov\u00e9 str\u00e1nky, projd\u011bte si n\u00e1\u0161 sortiment a objednejte si je\u0161t\u011b dnes. D\u00edky rychl\u00e9mu doru\u010den\u00ed a spolehliv\u00fdm slu\u017eb\u00e1m je RCKopen va\u0161\u00edm obl\u00edben\u00fdm m\u00edstem pro n\u00e1kup 4-HO-EPT online. Odhalte potenci\u00e1l sv\u00e9ho v\u00fdzkumu s RCKopen.<\/p>","protected":false},"excerpt":{"rendered":"<p><strong>N\u00e1zev IUPAC: <\/strong>3-{2-[Ethyl(propyl)amino]ethyl}-1H-indol-4-ol<\/p>\n<p><strong>CAS # <\/strong>NEUPLAT\u0147UJE SE<\/p>\n<p><strong>Dal\u0161\u00ed n\u00e1zev: <\/strong>4-hydroxy-N-ethyl-N-propyltryptamin<\/p>\n<p><strong>Vzhled: <\/strong>pr\u00e1\u0161ek<\/p>\n<p><strong>Forma: <\/strong>fumar\u00e1t<\/p>\n<p><strong>NMR anal\u00fdza: <\/strong>C15H22N2O<\/p>","protected":false},"featured_media":6948,"comment_status":"open","ping_status":"closed","template":"","meta":{"_joinchat":[]},"product_brand":[],"product_cat":[149],"product_tag":[],"class_list":{"0":"post-6771","1":"product","2":"type-product","3":"status-publish","4":"has-post-thumbnail","6":"product_cat-tryptaminen","8":"first","9":"instock","10":"shipping-taxable","11":"purchasable","12":"product-type-variable"},"yoast_head":"<!-- This site is optimized with the Yoast SEO plugin v26.3 - https:\/\/yoast.com\/wordpress\/plugins\/seo\/ -->\n<title>4-Ho-EPT online kopen - 4-Ho-EPT te koop | RC Kopen<\/title>\n<meta name=\"description\" content=\"In onze RC Kopen online winkel hebben we 4-Ho-EPT te koop. 4-Ho-EPT kunt u bij ons eenvoudig online kopen van topkwaliteit tegen de beste prijzen. Bestel nu!\" \/>\n<meta name=\"robots\" content=\"index, follow, max-snippet:-1, max-image-preview:large, max-video-preview:-1\" \/>\n<link rel=\"canonical\" href=\"https:\/\/rckopen.com\/cs\/produkt\/4-ho-ept\/\" \/>\n<meta property=\"og:locale\" content=\"cs_CZ\" \/>\n<meta property=\"og:type\" content=\"article\" \/>\n<meta property=\"og:title\" content=\"4-Ho-EPT online kopen - 4-Ho-EPT te koop | RC Kopen\" \/>\n<meta property=\"og:description\" content=\"In onze RC Kopen online winkel hebben we 4-Ho-EPT te koop. 4-Ho-EPT kunt u bij ons eenvoudig online kopen van topkwaliteit tegen de beste prijzen. Bestel nu!\" \/>\n<meta property=\"og:url\" content=\"https:\/\/rckopen.com\/cs\/produkt\/4-ho-ept\/\" \/>\n<meta property=\"og:site_name\" content=\"RC Kopen\" \/>\n<meta property=\"article:modified_time\" content=\"2025-01-31T05:24:05+00:00\" \/>\n<meta property=\"og:image\" content=\"https:\/\/rckopen.com\/wp-content\/uploads\/2023\/08\/4-HO-EPT.jpg\" \/>\n\t<meta property=\"og:image:width\" content=\"600\" \/>\n\t<meta property=\"og:image:height\" content=\"600\" \/>\n\t<meta property=\"og:image:type\" content=\"image\/jpeg\" \/>\n<meta name=\"twitter:card\" content=\"summary_large_image\" \/>\n<meta name=\"twitter:label1\" content=\"Odhadovan\u00e1 doba \u010dten\u00ed\" \/>\n\t<meta name=\"twitter:data1\" content=\"2 minuty\" \/>\n<script type=\"application\/ld+json\" class=\"yoast-schema-graph\">{\"@context\":\"https:\/\/schema.org\",\"@graph\":[{\"@type\":\"WebPage\",\"@id\":\"https:\/\/rckopen.com\/product\/4-ho-ept\/\",\"url\":\"https:\/\/rckopen.com\/product\/4-ho-ept\/\",\"name\":\"4-Ho-EPT online kopen - 4-Ho-EPT te koop | RC Kopen\",\"isPartOf\":{\"@id\":\"https:\/\/rckopen.com\/#website\"},\"primaryImageOfPage\":{\"@id\":\"https:\/\/rckopen.com\/product\/4-ho-ept\/#primaryimage\"},\"image\":{\"@id\":\"https:\/\/rckopen.com\/product\/4-ho-ept\/#primaryimage\"},\"thumbnailUrl\":\"https:\/\/rckopen.com\/wp-content\/uploads\/2023\/08\/4-HO-EPT.jpg\",\"datePublished\":\"2023-08-17T11:07:31+00:00\",\"dateModified\":\"2025-01-31T05:24:05+00:00\",\"description\":\"In onze RC Kopen online winkel hebben we 4-Ho-EPT te koop. 4-Ho-EPT kunt u bij ons eenvoudig online kopen van topkwaliteit tegen de beste prijzen. Bestel nu!\",\"breadcrumb\":{\"@id\":\"https:\/\/rckopen.com\/product\/4-ho-ept\/#breadcrumb\"},\"inLanguage\":\"cs\",\"potentialAction\":[{\"@type\":\"ReadAction\",\"target\":[\"https:\/\/rckopen.com\/product\/4-ho-ept\/\"]}]},{\"@type\":\"ImageObject\",\"inLanguage\":\"cs\",\"@id\":\"https:\/\/rckopen.com\/product\/4-ho-ept\/#primaryimage\",\"url\":\"https:\/\/rckopen.com\/wp-content\/uploads\/2023\/08\/4-HO-EPT.jpg\",\"contentUrl\":\"https:\/\/rckopen.com\/wp-content\/uploads\/2023\/08\/4-HO-EPT.jpg\",\"width\":600,\"height\":600,\"caption\":\"4-HO-EPT online kopen\"},{\"@type\":\"BreadcrumbList\",\"@id\":\"https:\/\/rckopen.com\/product\/4-ho-ept\/#breadcrumb\",\"itemListElement\":[{\"@type\":\"ListItem\",\"position\":1,\"name\":\"Home\",\"item\":\"https:\/\/rckopen.com\/\"},{\"@type\":\"ListItem\",\"position\":2,\"name\":\"Shop\",\"item\":\"https:\/\/rckopen.com\/shop\/\"},{\"@type\":\"ListItem\",\"position\":3,\"name\":\"4-HO-EPT online kopen\"}]},{\"@type\":\"WebSite\",\"@id\":\"https:\/\/rckopen.com\/#website\",\"url\":\"https:\/\/rckopen.com\/\",\"name\":\"RC Kopen\",\"description\":\"Research Chemicals\",\"potentialAction\":[{\"@type\":\"SearchAction\",\"target\":{\"@type\":\"EntryPoint\",\"urlTemplate\":\"https:\/\/rckopen.com\/?s={search_term_string}\"},\"query-input\":{\"@type\":\"PropertyValueSpecification\",\"valueRequired\":true,\"valueName\":\"search_term_string\"}}],\"inLanguage\":\"cs\"}]}<\/script>\n<!-- \/ Yoast SEO plugin. -->","yoast_head_json":{"title":"4-Ho-EPT online kopen - 4-Ho-EPT te koop | RC Kopen","description":"In onze RC Kopen online winkel hebben we 4-Ho-EPT te koop. 4-Ho-EPT kunt u bij ons eenvoudig online kopen van topkwaliteit tegen de beste prijzen. Bestel nu!","robots":{"index":"index","follow":"follow","max-snippet":"max-snippet:-1","max-image-preview":"max-image-preview:large","max-video-preview":"max-video-preview:-1"},"canonical":"https:\/\/rckopen.com\/cs\/produkt\/4-ho-ept\/","og_locale":"cs_CZ","og_type":"article","og_title":"4-Ho-EPT online kopen - 4-Ho-EPT te koop | RC Kopen","og_description":"In onze RC Kopen online winkel hebben we 4-Ho-EPT te koop. 4-Ho-EPT kunt u bij ons eenvoudig online kopen van topkwaliteit tegen de beste prijzen. Bestel nu!","og_url":"https:\/\/rckopen.com\/cs\/produkt\/4-ho-ept\/","og_site_name":"RC Kopen","article_modified_time":"2025-01-31T05:24:05+00:00","og_image":[{"width":600,"height":600,"url":"https:\/\/rckopen.com\/wp-content\/uploads\/2023\/08\/4-HO-EPT.jpg","type":"image\/jpeg"}],"twitter_card":"summary_large_image","twitter_misc":{"Odhadovan\u00e1 doba \u010dten\u00ed":"2 minuty"},"schema":{"@context":"https:\/\/schema.org","@graph":[{"@type":"WebPage","@id":"https:\/\/rckopen.com\/product\/4-ho-ept\/","url":"https:\/\/rckopen.com\/product\/4-ho-ept\/","name":"4-Ho-EPT online kopen - 4-Ho-EPT te koop | RC Kopen","isPartOf":{"@id":"https:\/\/rckopen.com\/#website"},"primaryImageOfPage":{"@id":"https:\/\/rckopen.com\/product\/4-ho-ept\/#primaryimage"},"image":{"@id":"https:\/\/rckopen.com\/product\/4-ho-ept\/#primaryimage"},"thumbnailUrl":"https:\/\/rckopen.com\/wp-content\/uploads\/2023\/08\/4-HO-EPT.jpg","datePublished":"2023-08-17T11:07:31+00:00","dateModified":"2025-01-31T05:24:05+00:00","description":"In onze RC Kopen online winkel hebben we 4-Ho-EPT te koop. 4-Ho-EPT kunt u bij ons eenvoudig online kopen van topkwaliteit tegen de beste prijzen. Bestel nu!","breadcrumb":{"@id":"https:\/\/rckopen.com\/product\/4-ho-ept\/#breadcrumb"},"inLanguage":"cs","potentialAction":[{"@type":"ReadAction","target":["https:\/\/rckopen.com\/product\/4-ho-ept\/"]}]},{"@type":"ImageObject","inLanguage":"cs","@id":"https:\/\/rckopen.com\/product\/4-ho-ept\/#primaryimage","url":"https:\/\/rckopen.com\/wp-content\/uploads\/2023\/08\/4-HO-EPT.jpg","contentUrl":"https:\/\/rckopen.com\/wp-content\/uploads\/2023\/08\/4-HO-EPT.jpg","width":600,"height":600,"caption":"4-HO-EPT online kopen"},{"@type":"BreadcrumbList","@id":"https:\/\/rckopen.com\/product\/4-ho-ept\/#breadcrumb","itemListElement":[{"@type":"ListItem","position":1,"name":"Home","item":"https:\/\/rckopen.com\/"},{"@type":"ListItem","position":2,"name":"Shop","item":"https:\/\/rckopen.com\/shop\/"},{"@type":"ListItem","position":3,"name":"4-HO-EPT online kopen"}]},{"@type":"WebSite","@id":"https:\/\/rckopen.com\/#website","url":"https:\/\/rckopen.com\/","name":"RC Kopen","description":"Research Chemicals","potentialAction":[{"@type":"SearchAction","target":{"@type":"EntryPoint","urlTemplate":"https:\/\/rckopen.com\/?s={search_term_string}"},"query-input":{"@type":"PropertyValueSpecification","valueRequired":true,"valueName":"search_term_string"}}],"inLanguage":"cs"}]}},"_links":{"self":[{"href":"https:\/\/rckopen.com\/cs\/wp-json\/wp\/v2\/product\/6771","targetHints":{"allow":["GET"]}}],"collection":[{"href":"https:\/\/rckopen.com\/cs\/wp-json\/wp\/v2\/product"}],"about":[{"href":"https:\/\/rckopen.com\/cs\/wp-json\/wp\/v2\/types\/product"}],"replies":[{"embeddable":true,"href":"https:\/\/rckopen.com\/cs\/wp-json\/wp\/v2\/comments?post=6771"}],"wp:featuredmedia":[{"embeddable":true,"href":"https:\/\/rckopen.com\/cs\/wp-json\/wp\/v2\/media\/6948"}],"wp:attachment":[{"href":"https:\/\/rckopen.com\/cs\/wp-json\/wp\/v2\/media?parent=6771"}],"wp:term":[{"taxonomy":"product_brand","embeddable":true,"href":"https:\/\/rckopen.com\/cs\/wp-json\/wp\/v2\/product_brand?post=6771"},{"taxonomy":"product_cat","embeddable":true,"href":"https:\/\/rckopen.com\/cs\/wp-json\/wp\/v2\/product_cat?post=6771"},{"taxonomy":"product_tag","embeddable":true,"href":"https:\/\/rckopen.com\/cs\/wp-json\/wp\/v2\/product_tag?post=6771"}],"curies":[{"name":"wp","href":"https:\/\/api.w.org\/{rel}","templated":true}]}}