{"id":6772,"date":"2023-08-17T11:08:31","date_gmt":"2023-08-17T11:08:31","guid":{"rendered":"https:\/\/diligentplug.com\/chems\/?post_type=product&#038;p=6772"},"modified":"2025-01-31T05:22:13","modified_gmt":"2025-01-31T05:22:13","slug":"4-ho-dpt","status":"publish","type":"product","link":"https:\/\/rckopen.com\/cs\/produkt\/4-ho-dpt\/","title":{"rendered":"Koupit 4-HO-DPT online"},"content":{"rendered":"<h2>Ontdek de ultieme bestemming voor 4-HO-DPT online kopen liefhebbers &#8211; RCKopen<\/h2>\n<p>V\u00edtejte na <a href=\"https:\/\/rckopen.com\/cs\/\">Rckopen.com<\/a>, va\u0161e \u010d\u00edslo jedna destinace pro n\u00e1kup <a href=\"https:\/\/rckopen.com\/cs\/produkt\/4-ho-dpt\/\">4-HO-DPT<\/a> na prodej a dal\u0161\u00ed vysoce kvalitn\u00ed v\u00fdzkumn\u00e9 chemik\u00e1lie. Poskytujeme bezprobl\u00e9movou online platformu, kde mohou nad\u0161enci jako vy snadno p\u0159istupovat k \u0161irok\u00e9 \u0161k\u00e1le produkt\u016f na podporu va\u0161eho v\u00fdzkumn\u00e9ho \u00fasil\u00ed.<\/p>\n<h3>V\u00e1\u0161 d\u016fv\u011bryhodn\u00fd zdroj produkt\u016f 4-HO-DPT<\/h3>\n<p>V\u00edtejte v RCKopen, kde najdete spolehliv\u00fd a renomovan\u00fd zdroj k n\u00e1kupu 4-HO-DPT online. Jsme hrd\u00ed na to, \u017ee jsme va\u0161\u00ed preferovanou destinac\u00ed pro v\u00fdzkumn\u00e9 chemik\u00e1lie nejvy\u0161\u0161\u00ed kvality. S na\u0161\u00edm z\u00e1vazkem ke kvalit\u011b, dodr\u017eov\u00e1n\u00ed p\u0159edpis\u016f a spokojenosti z\u00e1kazn\u00edk\u016f n\u00e1m m\u016f\u017eete d\u016fv\u011b\u0159ovat, \u017ee v\u00e1m to poskytneme <a href=\"https:\/\/en.wikipedia.org\/wiki\/4-HO-DPT\">4-HO-DPT<\/a>-poskytujte produkty, kter\u00e9 pot\u0159ebujete pro sv\u00e9 v\u00fdzkumn\u00e9 \u00fasil\u00ed. Objevte na\u0161i platformu je\u0161t\u011b dnes a za\u017eijte rozd\u00edl mezi n\u00e1kupem od d\u016fv\u011bryhodn\u00e9ho dodavatele.<\/p>\n<h3>Zajist\u011bte si doru\u010den\u00ed n\u00e1kupu 4-HO-DPT online<\/h3>\n<p>Zaj\u00edm\u00e1 v\u00e1s, kde koupit 4-HO-DPT online? U\u017e v tom nehledejte. V RCKopen ch\u00e1peme d\u016fle\u017eitost pohodl\u00ed a spolehlivosti, pokud jde o z\u00edsk\u00e1v\u00e1n\u00ed v\u00fdzkumn\u00fdch chemik\u00e1li\u00ed. To je d\u016fvod, pro\u010d nab\u00edz\u00edme bezprobl\u00e9mov\u00fd online n\u00e1kup, tak\u017ee si m\u016f\u017eete 4-HO-DPT koupit online s d\u016fv\u011brou.<\/p>\n<p>Objevte na\u0161i \u0161irokou nab\u00eddku<br \/>\nA\u0165 u\u017e jste zku\u0161en\u00fd v\u00fdzkumn\u00edk nebo pr\u00e1v\u011b za\u010d\u00edn\u00e1te, n\u00e1\u0161 obchod 4-HO-DPT nab\u00edz\u00ed \u0161irokou \u0161k\u00e1lu mo\u017enost\u00ed, kter\u00e9 spln\u00ed va\u0161e specifick\u00e9 pot\u0159eby. Od 4-HO-DPT na prodej po dal\u0161\u00ed souvisej\u00edc\u00ed produkty se sna\u017e\u00edme udr\u017eovat rozmanit\u00e9 z\u00e1soby, abychom splnili po\u017eadavky na\u0161ich v\u00e1\u017een\u00fdch z\u00e1kazn\u00edk\u016f.<\/p>\n<p>Legitimn\u00ed a spolehliv\u00e9<br \/>\nM\u016f\u017eete si b\u00fdt jisti, \u017ee kdy\u017e si objedn\u00e1te 4-HO-DPT od RCKopen, vyb\u00edr\u00e1te si renomovan\u00fd zdroj zav\u00e1zan\u00fd ke kvalit\u011b a souladu. Fungujeme v r\u00e1mci z\u00e1konn\u00fdch limit\u016f a zaji\u0161\u0165ujeme, \u017ee si 4-HO-DPT m\u016f\u017eete koupit leg\u00e1ln\u011b bez obav.<\/p>\n<p>Glob\u00e1ln\u00ed dosah, m\u00edstn\u00ed slu\u017eby<br \/>\nRCKopen se s\u00eddlem ve Spojen\u00e9m kr\u00e1lovstv\u00ed funguje jako vhodn\u00e9 centrum pro v\u00fdzkumn\u00edky z cel\u00e9ho sv\u011bta. A\u0165 u\u017e s\u00eddl\u00edte ve Velk\u00e9 Brit\u00e1nii nebo v zahrani\u010d\u00ed, na\u0161e platforma v\u00e1m umo\u017e\u0148uje koupit 4-HO-DPT ve Velk\u00e9 Brit\u00e1nii a nechat si jej doru\u010dit p\u0159\u00edmo dom\u016f.<\/p>\n<p>P\u0159\u00edstupn\u00e9 v\u0161em<br \/>\nV RCKopen up\u0159ednost\u0148ujeme dostupnost. K n\u00e1kupu 4-HO-DPT bez p\u0159edpisu prost\u0159ednictv\u00edm na\u0161\u00ed platformy nepot\u0159ebujete p\u0159edpis. V\u011b\u0159\u00edme v pos\u00edlen\u00ed postaven\u00ed v\u00fdzkumn\u00fdch pracovn\u00edk\u016f a usnadn\u011bn\u00ed jejich \u00fasil\u00ed s lehkost\u00ed.<\/p>\n<p>Zlep\u0161ete sv\u016fj v\u00fdzkum pomoc\u00ed RCKopen<br \/>\nVylep\u0161ete sv\u00e9 zku\u0161enosti s v\u00fdzkumem s RCKopen, va\u0161\u00edm kone\u010dn\u00fdm c\u00edlem pro 4-HO-DPT a dal\u0161\u00ed. Prozkoumejte na\u0161e u\u017eivatelsky p\u0159\u00edv\u011btiv\u00e9 webov\u00e9 str\u00e1nky je\u0161t\u011b dnes a pus\u0165te se do pr\u016fzkumu s d\u016fv\u011brou. Odemkn\u011bte mo\u017enosti a vylep\u0161ete sv\u016fj v\u011bdeck\u00fd pr\u016fzkum s na\u0161imi pr\u00e9miov\u00fdmi produkty a v\u00fdjime\u010dn\u00fdmi slu\u017ebami.<\/p>","protected":false},"excerpt":{"rendered":"<p><strong>N\u00e1zev IUPAC: <\/strong>4-hydroxy-N,N-dipropyltryptamin<\/p>\n<p><strong>Vzhled: <\/strong>pr\u00e1\u0161ek<\/p>\n<p><strong>NMR anal\u00fdza: <\/strong>NEUPLAT\u0147UJE SE<\/p>","protected":false},"featured_media":6949,"comment_status":"open","ping_status":"closed","template":"","meta":{"_joinchat":[]},"product_brand":[],"product_cat":[149],"product_tag":[],"class_list":{"0":"post-6772","1":"product","2":"type-product","3":"status-publish","4":"has-post-thumbnail","6":"product_cat-tryptaminen","8":"first","9":"instock","10":"shipping-taxable","11":"purchasable","12":"product-type-variable"},"yoast_head":"<!-- This site is optimized with the Yoast SEO plugin v26.3 - https:\/\/yoast.com\/wordpress\/plugins\/seo\/ -->\n<title>4-HO-DPT online kopen - 4-HO-DPT online te koop | RC kopen<\/title>\n<meta name=\"description\" content=\"Als je gepassioneerd bent door 4-ho-dpt, dan is onze winkel de beste plek om 4-ho-dpt online kopen. U kunt 4-ho-dpt te koop hebben tegen de laagste prijs. Bestel nu en ontvang hem binnenkort!\" \/>\n<meta name=\"robots\" content=\"index, follow, max-snippet:-1, max-image-preview:large, max-video-preview:-1\" \/>\n<link rel=\"canonical\" href=\"https:\/\/rckopen.com\/cs\/produkt\/4-ho-dpt\/\" \/>\n<meta property=\"og:locale\" content=\"cs_CZ\" \/>\n<meta property=\"og:type\" content=\"article\" \/>\n<meta property=\"og:title\" content=\"4-HO-DPT online kopen - 4-HO-DPT online te koop | RC kopen\" \/>\n<meta property=\"og:description\" content=\"Als je gepassioneerd bent door 4-ho-dpt, dan is onze winkel de beste plek om 4-ho-dpt online kopen. U kunt 4-ho-dpt te koop hebben tegen de laagste prijs. Bestel nu en ontvang hem binnenkort!\" \/>\n<meta property=\"og:url\" content=\"https:\/\/rckopen.com\/cs\/produkt\/4-ho-dpt\/\" \/>\n<meta property=\"og:site_name\" content=\"RC Kopen\" \/>\n<meta property=\"article:modified_time\" content=\"2025-01-31T05:22:13+00:00\" \/>\n<meta property=\"og:image\" content=\"https:\/\/rckopen.com\/wp-content\/uploads\/2023\/08\/4-HO-DPT.jpg\" \/>\n\t<meta property=\"og:image:width\" content=\"600\" \/>\n\t<meta property=\"og:image:height\" content=\"600\" \/>\n\t<meta property=\"og:image:type\" content=\"image\/jpeg\" \/>\n<meta name=\"twitter:card\" content=\"summary_large_image\" \/>\n<meta name=\"twitter:label1\" content=\"Odhadovan\u00e1 doba \u010dten\u00ed\" \/>\n\t<meta name=\"twitter:data1\" content=\"2 minuty\" \/>\n<script type=\"application\/ld+json\" class=\"yoast-schema-graph\">{\"@context\":\"https:\/\/schema.org\",\"@graph\":[{\"@type\":\"WebPage\",\"@id\":\"https:\/\/rckopen.com\/product\/4-ho-dpt\/\",\"url\":\"https:\/\/rckopen.com\/product\/4-ho-dpt\/\",\"name\":\"4-HO-DPT online kopen - 4-HO-DPT online te koop | RC kopen\",\"isPartOf\":{\"@id\":\"https:\/\/rckopen.com\/#website\"},\"primaryImageOfPage\":{\"@id\":\"https:\/\/rckopen.com\/product\/4-ho-dpt\/#primaryimage\"},\"image\":{\"@id\":\"https:\/\/rckopen.com\/product\/4-ho-dpt\/#primaryimage\"},\"thumbnailUrl\":\"https:\/\/rckopen.com\/wp-content\/uploads\/2023\/08\/4-HO-DPT.jpg\",\"datePublished\":\"2023-08-17T11:08:31+00:00\",\"dateModified\":\"2025-01-31T05:22:13+00:00\",\"description\":\"Als je gepassioneerd bent door 4-ho-dpt, dan is onze winkel de beste plek om 4-ho-dpt online kopen. U kunt 4-ho-dpt te koop hebben tegen de laagste prijs. Bestel nu en ontvang hem binnenkort!\",\"breadcrumb\":{\"@id\":\"https:\/\/rckopen.com\/product\/4-ho-dpt\/#breadcrumb\"},\"inLanguage\":\"cs\",\"potentialAction\":[{\"@type\":\"ReadAction\",\"target\":[\"https:\/\/rckopen.com\/product\/4-ho-dpt\/\"]}]},{\"@type\":\"ImageObject\",\"inLanguage\":\"cs\",\"@id\":\"https:\/\/rckopen.com\/product\/4-ho-dpt\/#primaryimage\",\"url\":\"https:\/\/rckopen.com\/wp-content\/uploads\/2023\/08\/4-HO-DPT.jpg\",\"contentUrl\":\"https:\/\/rckopen.com\/wp-content\/uploads\/2023\/08\/4-HO-DPT.jpg\",\"width\":600,\"height\":600,\"caption\":\"4-HO-DPT online kopen\"},{\"@type\":\"BreadcrumbList\",\"@id\":\"https:\/\/rckopen.com\/product\/4-ho-dpt\/#breadcrumb\",\"itemListElement\":[{\"@type\":\"ListItem\",\"position\":1,\"name\":\"Home\",\"item\":\"https:\/\/rckopen.com\/\"},{\"@type\":\"ListItem\",\"position\":2,\"name\":\"Shop\",\"item\":\"https:\/\/rckopen.com\/shop\/\"},{\"@type\":\"ListItem\",\"position\":3,\"name\":\"4-HO-DPT online kopen\"}]},{\"@type\":\"WebSite\",\"@id\":\"https:\/\/rckopen.com\/#website\",\"url\":\"https:\/\/rckopen.com\/\",\"name\":\"RC Kopen\",\"description\":\"Research Chemicals\",\"potentialAction\":[{\"@type\":\"SearchAction\",\"target\":{\"@type\":\"EntryPoint\",\"urlTemplate\":\"https:\/\/rckopen.com\/?s={search_term_string}\"},\"query-input\":{\"@type\":\"PropertyValueSpecification\",\"valueRequired\":true,\"valueName\":\"search_term_string\"}}],\"inLanguage\":\"cs\"}]}<\/script>\n<!-- \/ Yoast SEO plugin. -->","yoast_head_json":{"title":"4-HO-DPT online kopen - 4-HO-DPT online te koop | RC kopen","description":"Als je gepassioneerd bent door 4-ho-dpt, dan is onze winkel de beste plek om 4-ho-dpt online kopen. U kunt 4-ho-dpt te koop hebben tegen de laagste prijs. Bestel nu en ontvang hem binnenkort!","robots":{"index":"index","follow":"follow","max-snippet":"max-snippet:-1","max-image-preview":"max-image-preview:large","max-video-preview":"max-video-preview:-1"},"canonical":"https:\/\/rckopen.com\/cs\/produkt\/4-ho-dpt\/","og_locale":"cs_CZ","og_type":"article","og_title":"4-HO-DPT online kopen - 4-HO-DPT online te koop | RC kopen","og_description":"Als je gepassioneerd bent door 4-ho-dpt, dan is onze winkel de beste plek om 4-ho-dpt online kopen. U kunt 4-ho-dpt te koop hebben tegen de laagste prijs. Bestel nu en ontvang hem binnenkort!","og_url":"https:\/\/rckopen.com\/cs\/produkt\/4-ho-dpt\/","og_site_name":"RC Kopen","article_modified_time":"2025-01-31T05:22:13+00:00","og_image":[{"width":600,"height":600,"url":"https:\/\/rckopen.com\/wp-content\/uploads\/2023\/08\/4-HO-DPT.jpg","type":"image\/jpeg"}],"twitter_card":"summary_large_image","twitter_misc":{"Odhadovan\u00e1 doba \u010dten\u00ed":"2 minuty"},"schema":{"@context":"https:\/\/schema.org","@graph":[{"@type":"WebPage","@id":"https:\/\/rckopen.com\/product\/4-ho-dpt\/","url":"https:\/\/rckopen.com\/product\/4-ho-dpt\/","name":"4-HO-DPT online kopen - 4-HO-DPT online te koop | RC kopen","isPartOf":{"@id":"https:\/\/rckopen.com\/#website"},"primaryImageOfPage":{"@id":"https:\/\/rckopen.com\/product\/4-ho-dpt\/#primaryimage"},"image":{"@id":"https:\/\/rckopen.com\/product\/4-ho-dpt\/#primaryimage"},"thumbnailUrl":"https:\/\/rckopen.com\/wp-content\/uploads\/2023\/08\/4-HO-DPT.jpg","datePublished":"2023-08-17T11:08:31+00:00","dateModified":"2025-01-31T05:22:13+00:00","description":"Als je gepassioneerd bent door 4-ho-dpt, dan is onze winkel de beste plek om 4-ho-dpt online kopen. U kunt 4-ho-dpt te koop hebben tegen de laagste prijs. Bestel nu en ontvang hem binnenkort!","breadcrumb":{"@id":"https:\/\/rckopen.com\/product\/4-ho-dpt\/#breadcrumb"},"inLanguage":"cs","potentialAction":[{"@type":"ReadAction","target":["https:\/\/rckopen.com\/product\/4-ho-dpt\/"]}]},{"@type":"ImageObject","inLanguage":"cs","@id":"https:\/\/rckopen.com\/product\/4-ho-dpt\/#primaryimage","url":"https:\/\/rckopen.com\/wp-content\/uploads\/2023\/08\/4-HO-DPT.jpg","contentUrl":"https:\/\/rckopen.com\/wp-content\/uploads\/2023\/08\/4-HO-DPT.jpg","width":600,"height":600,"caption":"4-HO-DPT online kopen"},{"@type":"BreadcrumbList","@id":"https:\/\/rckopen.com\/product\/4-ho-dpt\/#breadcrumb","itemListElement":[{"@type":"ListItem","position":1,"name":"Home","item":"https:\/\/rckopen.com\/"},{"@type":"ListItem","position":2,"name":"Shop","item":"https:\/\/rckopen.com\/shop\/"},{"@type":"ListItem","position":3,"name":"4-HO-DPT online kopen"}]},{"@type":"WebSite","@id":"https:\/\/rckopen.com\/#website","url":"https:\/\/rckopen.com\/","name":"RC Kopen","description":"Research Chemicals","potentialAction":[{"@type":"SearchAction","target":{"@type":"EntryPoint","urlTemplate":"https:\/\/rckopen.com\/?s={search_term_string}"},"query-input":{"@type":"PropertyValueSpecification","valueRequired":true,"valueName":"search_term_string"}}],"inLanguage":"cs"}]}},"_links":{"self":[{"href":"https:\/\/rckopen.com\/cs\/wp-json\/wp\/v2\/product\/6772","targetHints":{"allow":["GET"]}}],"collection":[{"href":"https:\/\/rckopen.com\/cs\/wp-json\/wp\/v2\/product"}],"about":[{"href":"https:\/\/rckopen.com\/cs\/wp-json\/wp\/v2\/types\/product"}],"replies":[{"embeddable":true,"href":"https:\/\/rckopen.com\/cs\/wp-json\/wp\/v2\/comments?post=6772"}],"wp:featuredmedia":[{"embeddable":true,"href":"https:\/\/rckopen.com\/cs\/wp-json\/wp\/v2\/media\/6949"}],"wp:attachment":[{"href":"https:\/\/rckopen.com\/cs\/wp-json\/wp\/v2\/media?parent=6772"}],"wp:term":[{"taxonomy":"product_brand","embeddable":true,"href":"https:\/\/rckopen.com\/cs\/wp-json\/wp\/v2\/product_brand?post=6772"},{"taxonomy":"product_cat","embeddable":true,"href":"https:\/\/rckopen.com\/cs\/wp-json\/wp\/v2\/product_cat?post=6772"},{"taxonomy":"product_tag","embeddable":true,"href":"https:\/\/rckopen.com\/cs\/wp-json\/wp\/v2\/product_tag?post=6772"}],"curies":[{"name":"wp","href":"https:\/\/api.w.org\/{rel}","templated":true}]}}