{"id":6774,"date":"2023-08-17T11:14:28","date_gmt":"2023-08-17T11:14:28","guid":{"rendered":"https:\/\/diligentplug.com\/chems\/?post_type=product&#038;p=6774"},"modified":"2025-01-31T05:20:08","modified_gmt":"2025-01-31T05:20:08","slug":"4-ho-det","status":"publish","type":"product","link":"https:\/\/rckopen.com\/cs\/produkt\/4-ho-det\/","title":{"rendered":"Koupit 4-HO-DET online"},"content":{"rendered":"<h2>Koupit 4-HO-DET online<\/h2>\n<p>Odemkn\u011bte si nejlep\u0161\u00ed z\u00e1\u017eitek ze 4-HO-DET s rckopen.com<br \/>\nV\u00edtejte na <a href=\"https:\/\/rckopen.com\/cs\/\">Rckopen.com<\/a>, va\u0161e kone\u010dn\u00e1 destinace pro n\u00e1kup 4-HO-DET a dal\u0161\u00edch v\u00fdzkumn\u00fdch chemik\u00e1li\u00ed. Se z\u00e1vazkem kvality, z\u00e1konnosti a spokojenosti z\u00e1kazn\u00edk\u016f jsme hrd\u00ed na to, \u017ee jsme d\u016fv\u011bryhodn\u00fdm obchodem 4-HO-DET, kter\u00fd poskytuje slu\u017eby v\u00fdzkumn\u00edk\u016fm po cel\u00e9m sv\u011bt\u011b. A\u0165 u\u017e jste ve Spojen\u00e9m kr\u00e1lovstv\u00ed nebo v zahrani\u010d\u00ed, na\u0161e bezprobl\u00e9mov\u00e1 online platforma zaji\u0161\u0165uje bezpe\u010dn\u00e9 a bezprobl\u00e9mov\u00e9 transakce, co\u017e v\u00e1m umo\u017e\u0148uje leg\u00e1ln\u011b s d\u016fv\u011brou nakupovat 4-HO-DET. Objevte n\u00e1\u0161 \u0161irok\u00fd sortiment, u\u017eijte si rychl\u00e9 dod\u00e1n\u00ed a za\u017eijte specializovanou z\u00e1kaznickou podporu na ka\u017ed\u00e9m kroku. Nav\u0161tivte n\u00e1s na rckopen.com a odemkn\u011bte to nejlep\u0161\u00ed z hran\u00ed je\u0161t\u011b dnes <a href=\"https:\/\/rckopen.com\/cs\/produkt\/4-ho-det\/\">4-HO-DET-inkoop<\/a>.<\/p>\n<h3>Va\u0161e nejlep\u0161\u00ed destinace pro n\u00e1kup 4-HO-DET online<\/h3>\n<p>Chcete si koupit 4-HO-DET online? Va\u0161e hled\u00e1n\u00ed kon\u010d\u00ed zde na rckopen.com, kde nab\u00edz\u00edme prvot\u0159\u00eddn\u00ed v\u00fdb\u011br 4-HO-DET na prodej. D\u00edky na\u0161emu z\u00e1vazku k dokonalosti jsme va\u0161\u00edm obl\u00edben\u00fdm obchodem s 4-HO-DET pro v\u0161echny va\u0161e v\u00fdzkumn\u00e9 pot\u0159eby.<\/p>\n<h3>Bezpe\u010dn\u00e9, leg\u00e1ln\u00ed a bezprobl\u00e9mov\u00e9 transakce 4-HO-DET<\/h3>\n<p>Va\u0161e bezpe\u010dnost a klid jsou na\u0161\u00ed nejvy\u0161\u0161\u00ed prioritou. <a href=\"https:\/\/en.wikipedia.org\/wiki\/4-HO-DET\">Koupit 4-HO-DET online<\/a> bez l\u00e9ka\u0159sk\u00e9ho p\u0159edpisu prost\u0159ednictv\u00edm na\u0161\u00ed zabezpe\u010den\u00e9 platformy. Pouh\u00fdmi n\u011bkolika kliknut\u00edmi si m\u016f\u017eete objednat 4-HO-DET s d\u016fv\u011brou, proto\u017ee v\u00edte, \u017ee dost\u00e1v\u00e1te legitimn\u00ed produkt.<\/p>\n<h3>Rychl\u00e9 doru\u010den\u00ed, a\u0165 jste kdekoli<\/h3>\n<p>A\u0165 u\u017e \u017eijete ve Velk\u00e9 Brit\u00e1nii nebo jinde, n\u00e1\u0161 efektivn\u00ed syst\u00e9m dod\u00e1vek zaji\u0161\u0165uje rychl\u00fd p\u0159\u00edstup k n\u00e1kupu 4-HO-DET ve Velk\u00e9 Brit\u00e1nii i v zahrani\u010d\u00ed. Vyhn\u011bte se pot\u00ed\u017e\u00edm s p\u0159edepisov\u00e1n\u00edm l\u00e9k\u016f - n\u00e1\u0161 diskr\u00e9tn\u00ed obchod 4-HO-DET zaru\u010duje v\u010dasn\u00e9 a d\u016fv\u011brn\u00e9 slu\u017eby.<\/p>\n<h3>Objevte na\u0161i rozmanitou nab\u00eddku v\u00fdzkumn\u00fdch chemik\u00e1li\u00ed<\/h3>\n<p>Na rckopen.com jsme hrd\u00ed na n\u00e1\u0161 rozs\u00e1hl\u00fd v\u00fdb\u011br v\u00fdzkumn\u00fdch chemik\u00e1li\u00ed. Krom\u011b n\u00e1kupu 4-HO-DET online m\u016f\u017eete prozkoumat r\u016fzn\u00e9 slou\u010deniny vhodn\u00e9 pro va\u0161e experimenty. V\u011b\u0159te, \u017ee v\u00e1m poskytneme vysoce kvalitn\u00ed produkty za konkurenceschopn\u00e9 ceny.<\/p>\n<h3>Specializovan\u00e1 z\u00e1kaznick\u00e1 podpora pro v\u00e1\u0161 klid<\/h3>\n<p>Pot\u0159ebujete pomoc nebo m\u00e1te dotazy k na\u0161im produkt\u016fm? N\u00e1\u0161 specializovan\u00fd t\u00fdm z\u00e1kaznick\u00e9ho servisu je p\u0159ipraven v\u00e1m pomoci. Prioritou je pro n\u00e1s va\u0161e spokojenost a sna\u017e\u00edme se rychle \u0159e\u0161it jak\u00e9koli probl\u00e9my, abychom zajistili bezprobl\u00e9mov\u00fd n\u00e1kup produkt\u016f 4-HO-DET.<\/p>\n<h3>Zaji\u0161t\u011bn\u00ed kvality na ka\u017ed\u00e9m kroku<\/h3>\n<p>Od z\u00edsk\u00e1n\u00ed a\u017e po dod\u00e1n\u00ed dodr\u017eujeme p\u0159\u00edsn\u00e9 normy kvality, abychom zajistili integritu na\u0161ich v\u00fdrobk\u016f. Bu\u010fte si jisti: kdy\u017e si koup\u00edte 4-HO-DET od rckopen.com, dostanete jen to nejlep\u0161\u00ed.<\/p>\n<p>Na rckopen.com je va\u0161e spokojenost na\u0161\u00ed prioritou. Za\u017eijte pohodl\u00ed, spolehlivost a dokonalost n\u00e1kupu 4-HO-DET a dal\u0161\u00edch v\u00fdzkumn\u00fdch chemik\u00e1li\u00ed online od n\u00e1s je\u0161t\u011b dnes!<\/p>","protected":false},"excerpt":{"rendered":"<p>rckopen.com nab\u00edz\u00ed produkty, kter\u00e9 nejsou ur\u010deny k lidsk\u00e9 spot\u0159eb\u011b. Pokud tento v\u00fdrobek (ne\u00famysln\u011b ) zkonzumujete, m\u016f\u017ee to m\u00edt v\u00e1\u017en\u00e9 zdravotn\u00ed n\u00e1sledky.<\/p>","protected":false},"featured_media":6962,"comment_status":"open","ping_status":"closed","template":"","meta":{"_joinchat":[]},"product_brand":[],"product_cat":[149],"product_tag":[],"class_list":{"0":"post-6774","1":"product","2":"type-product","3":"status-publish","4":"has-post-thumbnail","6":"product_cat-tryptaminen","8":"first","9":"instock","10":"shipping-taxable","11":"purchasable","12":"product-type-variable"},"yoast_head":"<!-- This site is optimized with the Yoast SEO plugin v26.3 - https:\/\/yoast.com\/wordpress\/plugins\/seo\/ -->\n<title>4-HO-DET te koop - 4-HO-DET online kopen | RC Kopen<\/title>\n<meta name=\"description\" content=\"U kunt 4-HO-Det te koop krijgen tegen de beste prijzen in onze online RCKopen-winkel. Wij zijn hier om u te helpen 4-HO-DET online kopen. Maak vandaag nog contact met de beste winkel van de stad!\" \/>\n<meta name=\"robots\" content=\"index, follow, max-snippet:-1, max-image-preview:large, max-video-preview:-1\" \/>\n<link rel=\"canonical\" href=\"https:\/\/rckopen.com\/cs\/produkt\/4-ho-det\/\" \/>\n<meta property=\"og:locale\" content=\"cs_CZ\" \/>\n<meta property=\"og:type\" content=\"article\" \/>\n<meta property=\"og:title\" content=\"4-HO-DET te koop - 4-HO-DET online kopen | RC Kopen\" \/>\n<meta property=\"og:description\" content=\"U kunt 4-HO-Det te koop krijgen tegen de beste prijzen in onze online RCKopen-winkel. Wij zijn hier om u te helpen 4-HO-DET online kopen. Maak vandaag nog contact met de beste winkel van de stad!\" \/>\n<meta property=\"og:url\" content=\"https:\/\/rckopen.com\/cs\/produkt\/4-ho-det\/\" \/>\n<meta property=\"og:site_name\" content=\"RC Kopen\" \/>\n<meta property=\"article:modified_time\" content=\"2025-01-31T05:20:08+00:00\" \/>\n<meta property=\"og:image\" content=\"https:\/\/rckopen.com\/wp-content\/uploads\/2023\/08\/4-HO-DET.jpg\" \/>\n\t<meta property=\"og:image:width\" content=\"600\" \/>\n\t<meta property=\"og:image:height\" content=\"600\" \/>\n\t<meta property=\"og:image:type\" content=\"image\/jpeg\" \/>\n<meta name=\"twitter:card\" content=\"summary_large_image\" \/>\n<meta name=\"twitter:label1\" content=\"Odhadovan\u00e1 doba \u010dten\u00ed\" \/>\n\t<meta name=\"twitter:data1\" content=\"2 minuty\" \/>\n<script type=\"application\/ld+json\" class=\"yoast-schema-graph\">{\"@context\":\"https:\/\/schema.org\",\"@graph\":[{\"@type\":\"WebPage\",\"@id\":\"https:\/\/rckopen.com\/product\/4-ho-det\/\",\"url\":\"https:\/\/rckopen.com\/product\/4-ho-det\/\",\"name\":\"4-HO-DET te koop - 4-HO-DET online kopen | RC Kopen\",\"isPartOf\":{\"@id\":\"https:\/\/rckopen.com\/#website\"},\"primaryImageOfPage\":{\"@id\":\"https:\/\/rckopen.com\/product\/4-ho-det\/#primaryimage\"},\"image\":{\"@id\":\"https:\/\/rckopen.com\/product\/4-ho-det\/#primaryimage\"},\"thumbnailUrl\":\"https:\/\/rckopen.com\/wp-content\/uploads\/2023\/08\/4-HO-DET.jpg\",\"datePublished\":\"2023-08-17T11:14:28+00:00\",\"dateModified\":\"2025-01-31T05:20:08+00:00\",\"description\":\"U kunt 4-HO-Det te koop krijgen tegen de beste prijzen in onze online RCKopen-winkel. Wij zijn hier om u te helpen 4-HO-DET online kopen. Maak vandaag nog contact met de beste winkel van de stad!\",\"breadcrumb\":{\"@id\":\"https:\/\/rckopen.com\/product\/4-ho-det\/#breadcrumb\"},\"inLanguage\":\"cs\",\"potentialAction\":[{\"@type\":\"ReadAction\",\"target\":[\"https:\/\/rckopen.com\/product\/4-ho-det\/\"]}]},{\"@type\":\"ImageObject\",\"inLanguage\":\"cs\",\"@id\":\"https:\/\/rckopen.com\/product\/4-ho-det\/#primaryimage\",\"url\":\"https:\/\/rckopen.com\/wp-content\/uploads\/2023\/08\/4-HO-DET.jpg\",\"contentUrl\":\"https:\/\/rckopen.com\/wp-content\/uploads\/2023\/08\/4-HO-DET.jpg\",\"width\":600,\"height\":600,\"caption\":\"4-HO-DET online kopen\"},{\"@type\":\"BreadcrumbList\",\"@id\":\"https:\/\/rckopen.com\/product\/4-ho-det\/#breadcrumb\",\"itemListElement\":[{\"@type\":\"ListItem\",\"position\":1,\"name\":\"Home\",\"item\":\"https:\/\/rckopen.com\/\"},{\"@type\":\"ListItem\",\"position\":2,\"name\":\"Shop\",\"item\":\"https:\/\/rckopen.com\/shop\/\"},{\"@type\":\"ListItem\",\"position\":3,\"name\":\"4-HO-DET online kopen\"}]},{\"@type\":\"WebSite\",\"@id\":\"https:\/\/rckopen.com\/#website\",\"url\":\"https:\/\/rckopen.com\/\",\"name\":\"RC Kopen\",\"description\":\"Research Chemicals\",\"potentialAction\":[{\"@type\":\"SearchAction\",\"target\":{\"@type\":\"EntryPoint\",\"urlTemplate\":\"https:\/\/rckopen.com\/?s={search_term_string}\"},\"query-input\":{\"@type\":\"PropertyValueSpecification\",\"valueRequired\":true,\"valueName\":\"search_term_string\"}}],\"inLanguage\":\"cs\"}]}<\/script>\n<!-- \/ Yoast SEO plugin. -->","yoast_head_json":{"title":"4-HO-DET te koop - 4-HO-DET online kopen | RC Kopen","description":"U kunt 4-HO-Det te koop krijgen tegen de beste prijzen in onze online RCKopen-winkel. Wij zijn hier om u te helpen 4-HO-DET online kopen. Maak vandaag nog contact met de beste winkel van de stad!","robots":{"index":"index","follow":"follow","max-snippet":"max-snippet:-1","max-image-preview":"max-image-preview:large","max-video-preview":"max-video-preview:-1"},"canonical":"https:\/\/rckopen.com\/cs\/produkt\/4-ho-det\/","og_locale":"cs_CZ","og_type":"article","og_title":"4-HO-DET te koop - 4-HO-DET online kopen | RC Kopen","og_description":"U kunt 4-HO-Det te koop krijgen tegen de beste prijzen in onze online RCKopen-winkel. Wij zijn hier om u te helpen 4-HO-DET online kopen. Maak vandaag nog contact met de beste winkel van de stad!","og_url":"https:\/\/rckopen.com\/cs\/produkt\/4-ho-det\/","og_site_name":"RC Kopen","article_modified_time":"2025-01-31T05:20:08+00:00","og_image":[{"width":600,"height":600,"url":"https:\/\/rckopen.com\/wp-content\/uploads\/2023\/08\/4-HO-DET.jpg","type":"image\/jpeg"}],"twitter_card":"summary_large_image","twitter_misc":{"Odhadovan\u00e1 doba \u010dten\u00ed":"2 minuty"},"schema":{"@context":"https:\/\/schema.org","@graph":[{"@type":"WebPage","@id":"https:\/\/rckopen.com\/product\/4-ho-det\/","url":"https:\/\/rckopen.com\/product\/4-ho-det\/","name":"4-HO-DET te koop - 4-HO-DET online kopen | RC Kopen","isPartOf":{"@id":"https:\/\/rckopen.com\/#website"},"primaryImageOfPage":{"@id":"https:\/\/rckopen.com\/product\/4-ho-det\/#primaryimage"},"image":{"@id":"https:\/\/rckopen.com\/product\/4-ho-det\/#primaryimage"},"thumbnailUrl":"https:\/\/rckopen.com\/wp-content\/uploads\/2023\/08\/4-HO-DET.jpg","datePublished":"2023-08-17T11:14:28+00:00","dateModified":"2025-01-31T05:20:08+00:00","description":"U kunt 4-HO-Det te koop krijgen tegen de beste prijzen in onze online RCKopen-winkel. Wij zijn hier om u te helpen 4-HO-DET online kopen. Maak vandaag nog contact met de beste winkel van de stad!","breadcrumb":{"@id":"https:\/\/rckopen.com\/product\/4-ho-det\/#breadcrumb"},"inLanguage":"cs","potentialAction":[{"@type":"ReadAction","target":["https:\/\/rckopen.com\/product\/4-ho-det\/"]}]},{"@type":"ImageObject","inLanguage":"cs","@id":"https:\/\/rckopen.com\/product\/4-ho-det\/#primaryimage","url":"https:\/\/rckopen.com\/wp-content\/uploads\/2023\/08\/4-HO-DET.jpg","contentUrl":"https:\/\/rckopen.com\/wp-content\/uploads\/2023\/08\/4-HO-DET.jpg","width":600,"height":600,"caption":"4-HO-DET online kopen"},{"@type":"BreadcrumbList","@id":"https:\/\/rckopen.com\/product\/4-ho-det\/#breadcrumb","itemListElement":[{"@type":"ListItem","position":1,"name":"Home","item":"https:\/\/rckopen.com\/"},{"@type":"ListItem","position":2,"name":"Shop","item":"https:\/\/rckopen.com\/shop\/"},{"@type":"ListItem","position":3,"name":"4-HO-DET online kopen"}]},{"@type":"WebSite","@id":"https:\/\/rckopen.com\/#website","url":"https:\/\/rckopen.com\/","name":"RC Kopen","description":"Research Chemicals","potentialAction":[{"@type":"SearchAction","target":{"@type":"EntryPoint","urlTemplate":"https:\/\/rckopen.com\/?s={search_term_string}"},"query-input":{"@type":"PropertyValueSpecification","valueRequired":true,"valueName":"search_term_string"}}],"inLanguage":"cs"}]}},"_links":{"self":[{"href":"https:\/\/rckopen.com\/cs\/wp-json\/wp\/v2\/product\/6774","targetHints":{"allow":["GET"]}}],"collection":[{"href":"https:\/\/rckopen.com\/cs\/wp-json\/wp\/v2\/product"}],"about":[{"href":"https:\/\/rckopen.com\/cs\/wp-json\/wp\/v2\/types\/product"}],"replies":[{"embeddable":true,"href":"https:\/\/rckopen.com\/cs\/wp-json\/wp\/v2\/comments?post=6774"}],"wp:featuredmedia":[{"embeddable":true,"href":"https:\/\/rckopen.com\/cs\/wp-json\/wp\/v2\/media\/6962"}],"wp:attachment":[{"href":"https:\/\/rckopen.com\/cs\/wp-json\/wp\/v2\/media?parent=6774"}],"wp:term":[{"taxonomy":"product_brand","embeddable":true,"href":"https:\/\/rckopen.com\/cs\/wp-json\/wp\/v2\/product_brand?post=6774"},{"taxonomy":"product_cat","embeddable":true,"href":"https:\/\/rckopen.com\/cs\/wp-json\/wp\/v2\/product_cat?post=6774"},{"taxonomy":"product_tag","embeddable":true,"href":"https:\/\/rckopen.com\/cs\/wp-json\/wp\/v2\/product_tag?post=6774"}],"curies":[{"name":"wp","href":"https:\/\/api.w.org\/{rel}","templated":true}]}}