{"id":6778,"date":"2023-08-17T11:34:51","date_gmt":"2023-08-17T11:34:51","guid":{"rendered":"https:\/\/diligentplug.com\/chems\/?post_type=product&#038;p=6778"},"modified":"2025-01-31T05:00:26","modified_gmt":"2025-01-31T05:00:26","slug":"4-cl-pvp","status":"publish","type":"product","link":"https:\/\/rckopen.com\/cs\/produkt\/4-cl-pvp\/","title":{"rendered":"Koupit 4-CL-PVP online"},"content":{"rendered":"<h2>Wat is 4-CL-PVP ?<\/h2>\n<p><a href=\"https:\/\/rckopen.com\/cs\/produkt\/4-cl-pvp\/\">Koupit 4-CL-PVP online<\/a>, 4-CL-PVP (4-Chlor-alfa-pyrrolidinovalerofenon) je v\u00fdzkumn\u00e1 chemik\u00e1lie ze t\u0159\u00eddy pyrrolidinofenon\u016f. Je to tak\u00e9 krystalick\u00fd analog a-PVP, co\u017e znamen\u00e1, \u017ee v\u00fdzkumn\u00edci zjistili, \u017ee je to skv\u011bl\u00e1 alternativa! 4-CL-PVP m\u00e1 sv\u00e9 stimula\u010dn\u00ed \u00fa\u010dinky, proto\u017ee je inhibitorem zp\u011btn\u00e9ho vychyt\u00e1v\u00e1n\u00ed norepinefrinu-dopaminu. Neofici\u00e1ln\u00ed zpr\u00e1vy uv\u00e1d\u011bj\u00ed, \u017ee \u00fa\u010dastn\u00edci vykazovali \u00fa\u010dinky vysok\u00e9 energie, zv\u00fd\u0161enou bd\u011blost a euforii<a href=\"https:\/\/chemswell.com\/product-category\/research-chemicals\/\">.<\/a><\/p>\n<h2>Koupit 4-CL-PVP krystal online<\/h2>\n<p>Kupte si u n\u00e1s krystal 4-CL-PVP online. m\u00e1me nejlep\u0161\u00ed kvalitu a \u010distotu krystalu 4-CL-PVP na prodej online se zaru\u010den\u00fdm dod\u00e1n\u00edm.<\/p>\n<h3>4-cl-pvp krystal na prodej online ( Koupit 4-cl-pvp krystal online )<\/h3>\n<p><a href=\"https:\/\/en.wikipedia.org\/wiki\/4-Chloro-%CE%B1-pyrrolidinovalerophenone\">4-CL-PVP<\/a> krystal na prodej online, je to nov\u00fd chemick\u00fd v\u00fdzkum a je za\u0159azen do rodiny kathinon\u016f. Na zanerpharma.com si m\u016f\u017eete koupit krystaly 4-CL-PVP online, v\u00fdzkumnou chemik\u00e1lii, kter\u00e1 m\u00e1 molekulovou hmotnost 265,12 g\/mol a \u010d\u00edslo CAS 902324-25-5. N\u00e1\u0161 internetov\u00fd obchod s chemik\u00e1liemi prod\u00e1v\u00e1 4-CL-PVP s \u010distotou slo\u017een\u00ed p\u0159es 99,7 % a nakupujte krystaly 4-CL-PVP online. Kupte si od n\u00e1s kathinony a dal\u0161\u00ed v\u00fdzkumn\u00e9 chemik\u00e1lie<a href=\"https:\/\/rckopen.com\/cs\/produkt\/2-mmc\/ \u200e\/\">.<\/a><\/p>\n<h4>Koupit krystal 4-cl-pvp online \u2013 krystaly 4-Cl-PVP na prodej<\/h4>\n<p>4-CL-PVP krystal na prodej online, je to nov\u00e1 v\u00fdzkumn\u00e1 chemick\u00e1 l\u00e1tka a je za\u0159azena do skupiny stimulant\u016f. Chemick\u00fd vzorec 4-CL-PVP je C15H20ClNO s n\u00e1zvem podle IUPAC 1-(4-chlorfenyl)-2-(pyrrolidin-1-yl)pentan-1-on 265,12 a molekulovou hmotnost\u00ed 265,12. Vzhledem k tomu, \u017ee 4-CL-PVP je na trhu zcela nov\u00fd, nejsou k dispozici \u017e\u00e1dn\u00e9 v\u00fdzkumn\u00e9 \u00fadaje.<\/p>\n<p><a href=\"https:\/\/rckopen.com\/cs\/\">RCKopen<\/a> nab\u00edz\u00ed produkty, kter\u00e9 nejsou ur\u010deny k lidsk\u00e9 spot\u0159eb\u011b. Pokud tento produkt zkonzumujete (ne\u00famysln\u011b), m\u016f\u017ee to m\u00edt v\u00e1\u017en\u00e9 zdravotn\u00ed n\u00e1sledky.<\/p>","protected":false},"excerpt":{"rendered":"<p>N\u00e1zev podle IUPAC: 1-(4-chlorfenyl)-2-(pyrrolidin-1-yl)pentan-1-on<\/p>\n<p>CAS # 902324-25-5<\/p>\n<p>Vzhled: krystaly<\/p>\n<p>NMR anal\u00fdza: C15H20CINO<\/p>\n<p>4-CL-PVP najdete v na\u0161\u00ed nab\u00eddce v\u00fdzkumn\u00fdch chemik\u00e1li\u00ed. Jedn\u00e1 se o pom\u011brn\u011b novou v\u00fdzkumnou chemik\u00e1lii, kter\u00e1 je pova\u017eov\u00e1na za n\u00e1hradu a-PVP. Struktura RC je krystalick\u00e1. L\u00e9\u010divo se tak\u00e9 naz\u00fdv\u00e1: 1-(4-chlorfenyl)-2-(pyrrolidin-1-yl)pentan-1-on.<\/p>","protected":false},"featured_media":7660,"comment_status":"open","ping_status":"closed","template":"","meta":{"_joinchat":[]},"product_brand":[],"product_cat":[134],"product_tag":[],"class_list":{"0":"post-6778","1":"product","2":"type-product","3":"status-publish","4":"has-post-thumbnail","6":"product_cat-cathinon","8":"first","9":"instock","10":"shipping-taxable","11":"purchasable","12":"product-type-variable"},"yoast_head":"<!-- This site is optimized with the Yoast SEO plugin v26.3 - https:\/\/yoast.com\/wordpress\/plugins\/seo\/ -->\n<title>4-CL-PVP - 4-CL-PVP online te koop - 4-CL-PVP online kopen<\/title>\n<meta name=\"description\" content=\"RCKopen-winkel kunt u 4-CL-PVP tegen lage tarieven te koop krijgen. Wij werken alleen met A-kwaliteit producten. 4-CL-PVP nu online kopen in onze winkel.\" \/>\n<meta name=\"robots\" content=\"index, follow, max-snippet:-1, max-image-preview:large, max-video-preview:-1\" \/>\n<link rel=\"canonical\" href=\"https:\/\/rckopen.com\/cs\/produkt\/4-cl-pvp\/\" \/>\n<meta property=\"og:locale\" content=\"cs_CZ\" \/>\n<meta property=\"og:type\" content=\"article\" \/>\n<meta property=\"og:title\" content=\"4-CL-PVP - 4-CL-PVP online te koop - 4-CL-PVP online kopen\" \/>\n<meta property=\"og:description\" content=\"RCKopen-winkel kunt u 4-CL-PVP tegen lage tarieven te koop krijgen. Wij werken alleen met A-kwaliteit producten. 4-CL-PVP nu online kopen in onze winkel.\" \/>\n<meta property=\"og:url\" content=\"https:\/\/rckopen.com\/cs\/produkt\/4-cl-pvp\/\" \/>\n<meta property=\"og:site_name\" content=\"RC Kopen\" \/>\n<meta property=\"article:modified_time\" content=\"2025-01-31T05:00:26+00:00\" \/>\n<meta property=\"og:image\" content=\"https:\/\/rckopen.com\/wp-content\/uploads\/2023\/08\/4-CL-PVP-1.jpg\" \/>\n\t<meta property=\"og:image:width\" content=\"600\" \/>\n\t<meta property=\"og:image:height\" content=\"600\" \/>\n\t<meta property=\"og:image:type\" content=\"image\/jpeg\" \/>\n<meta name=\"twitter:card\" content=\"summary_large_image\" \/>\n<meta name=\"twitter:label1\" content=\"Odhadovan\u00e1 doba \u010dten\u00ed\" \/>\n\t<meta name=\"twitter:data1\" content=\"2 minuty\" \/>\n<script type=\"application\/ld+json\" class=\"yoast-schema-graph\">{\"@context\":\"https:\/\/schema.org\",\"@graph\":[{\"@type\":\"WebPage\",\"@id\":\"https:\/\/rckopen.com\/product\/4-cl-pvp\/\",\"url\":\"https:\/\/rckopen.com\/product\/4-cl-pvp\/\",\"name\":\"4-CL-PVP - 4-CL-PVP online te koop - 4-CL-PVP online kopen\",\"isPartOf\":{\"@id\":\"https:\/\/rckopen.com\/#website\"},\"primaryImageOfPage\":{\"@id\":\"https:\/\/rckopen.com\/product\/4-cl-pvp\/#primaryimage\"},\"image\":{\"@id\":\"https:\/\/rckopen.com\/product\/4-cl-pvp\/#primaryimage\"},\"thumbnailUrl\":\"https:\/\/rckopen.com\/wp-content\/uploads\/2023\/08\/4-CL-PVP-1.jpg\",\"datePublished\":\"2023-08-17T11:34:51+00:00\",\"dateModified\":\"2025-01-31T05:00:26+00:00\",\"description\":\"RCKopen-winkel kunt u 4-CL-PVP tegen lage tarieven te koop krijgen. Wij werken alleen met A-kwaliteit producten. 4-CL-PVP nu online kopen in onze winkel.\",\"breadcrumb\":{\"@id\":\"https:\/\/rckopen.com\/product\/4-cl-pvp\/#breadcrumb\"},\"inLanguage\":\"cs\",\"potentialAction\":[{\"@type\":\"ReadAction\",\"target\":[\"https:\/\/rckopen.com\/product\/4-cl-pvp\/\"]}]},{\"@type\":\"ImageObject\",\"inLanguage\":\"cs\",\"@id\":\"https:\/\/rckopen.com\/product\/4-cl-pvp\/#primaryimage\",\"url\":\"https:\/\/rckopen.com\/wp-content\/uploads\/2023\/08\/4-CL-PVP-1.jpg\",\"contentUrl\":\"https:\/\/rckopen.com\/wp-content\/uploads\/2023\/08\/4-CL-PVP-1.jpg\",\"width\":600,\"height\":600,\"caption\":\"4-CL-PVP online kopen\"},{\"@type\":\"BreadcrumbList\",\"@id\":\"https:\/\/rckopen.com\/product\/4-cl-pvp\/#breadcrumb\",\"itemListElement\":[{\"@type\":\"ListItem\",\"position\":1,\"name\":\"Home\",\"item\":\"https:\/\/rckopen.com\/\"},{\"@type\":\"ListItem\",\"position\":2,\"name\":\"Shop\",\"item\":\"https:\/\/rckopen.com\/shop\/\"},{\"@type\":\"ListItem\",\"position\":3,\"name\":\"4-CL-PVP online kopen\"}]},{\"@type\":\"WebSite\",\"@id\":\"https:\/\/rckopen.com\/#website\",\"url\":\"https:\/\/rckopen.com\/\",\"name\":\"RC Kopen\",\"description\":\"Research Chemicals\",\"potentialAction\":[{\"@type\":\"SearchAction\",\"target\":{\"@type\":\"EntryPoint\",\"urlTemplate\":\"https:\/\/rckopen.com\/?s={search_term_string}\"},\"query-input\":{\"@type\":\"PropertyValueSpecification\",\"valueRequired\":true,\"valueName\":\"search_term_string\"}}],\"inLanguage\":\"cs\"}]}<\/script>\n<!-- \/ Yoast SEO plugin. -->","yoast_head_json":{"title":"4-CL-PVP - 4-CL-PVP online te koop - 4-CL-PVP online kopen","description":"RCKopen-winkel kunt u 4-CL-PVP tegen lage tarieven te koop krijgen. Wij werken alleen met A-kwaliteit producten. 4-CL-PVP nu online kopen in onze winkel.","robots":{"index":"index","follow":"follow","max-snippet":"max-snippet:-1","max-image-preview":"max-image-preview:large","max-video-preview":"max-video-preview:-1"},"canonical":"https:\/\/rckopen.com\/cs\/produkt\/4-cl-pvp\/","og_locale":"cs_CZ","og_type":"article","og_title":"4-CL-PVP - 4-CL-PVP online te koop - 4-CL-PVP online kopen","og_description":"RCKopen-winkel kunt u 4-CL-PVP tegen lage tarieven te koop krijgen. Wij werken alleen met A-kwaliteit producten. 4-CL-PVP nu online kopen in onze winkel.","og_url":"https:\/\/rckopen.com\/cs\/produkt\/4-cl-pvp\/","og_site_name":"RC Kopen","article_modified_time":"2025-01-31T05:00:26+00:00","og_image":[{"width":600,"height":600,"url":"https:\/\/rckopen.com\/wp-content\/uploads\/2023\/08\/4-CL-PVP-1.jpg","type":"image\/jpeg"}],"twitter_card":"summary_large_image","twitter_misc":{"Odhadovan\u00e1 doba \u010dten\u00ed":"2 minuty"},"schema":{"@context":"https:\/\/schema.org","@graph":[{"@type":"WebPage","@id":"https:\/\/rckopen.com\/product\/4-cl-pvp\/","url":"https:\/\/rckopen.com\/product\/4-cl-pvp\/","name":"4-CL-PVP - 4-CL-PVP online te koop - 4-CL-PVP online kopen","isPartOf":{"@id":"https:\/\/rckopen.com\/#website"},"primaryImageOfPage":{"@id":"https:\/\/rckopen.com\/product\/4-cl-pvp\/#primaryimage"},"image":{"@id":"https:\/\/rckopen.com\/product\/4-cl-pvp\/#primaryimage"},"thumbnailUrl":"https:\/\/rckopen.com\/wp-content\/uploads\/2023\/08\/4-CL-PVP-1.jpg","datePublished":"2023-08-17T11:34:51+00:00","dateModified":"2025-01-31T05:00:26+00:00","description":"RCKopen-winkel kunt u 4-CL-PVP tegen lage tarieven te koop krijgen. Wij werken alleen met A-kwaliteit producten. 4-CL-PVP nu online kopen in onze winkel.","breadcrumb":{"@id":"https:\/\/rckopen.com\/product\/4-cl-pvp\/#breadcrumb"},"inLanguage":"cs","potentialAction":[{"@type":"ReadAction","target":["https:\/\/rckopen.com\/product\/4-cl-pvp\/"]}]},{"@type":"ImageObject","inLanguage":"cs","@id":"https:\/\/rckopen.com\/product\/4-cl-pvp\/#primaryimage","url":"https:\/\/rckopen.com\/wp-content\/uploads\/2023\/08\/4-CL-PVP-1.jpg","contentUrl":"https:\/\/rckopen.com\/wp-content\/uploads\/2023\/08\/4-CL-PVP-1.jpg","width":600,"height":600,"caption":"4-CL-PVP online kopen"},{"@type":"BreadcrumbList","@id":"https:\/\/rckopen.com\/product\/4-cl-pvp\/#breadcrumb","itemListElement":[{"@type":"ListItem","position":1,"name":"Home","item":"https:\/\/rckopen.com\/"},{"@type":"ListItem","position":2,"name":"Shop","item":"https:\/\/rckopen.com\/shop\/"},{"@type":"ListItem","position":3,"name":"4-CL-PVP online kopen"}]},{"@type":"WebSite","@id":"https:\/\/rckopen.com\/#website","url":"https:\/\/rckopen.com\/","name":"RC Kopen","description":"Research Chemicals","potentialAction":[{"@type":"SearchAction","target":{"@type":"EntryPoint","urlTemplate":"https:\/\/rckopen.com\/?s={search_term_string}"},"query-input":{"@type":"PropertyValueSpecification","valueRequired":true,"valueName":"search_term_string"}}],"inLanguage":"cs"}]}},"_links":{"self":[{"href":"https:\/\/rckopen.com\/cs\/wp-json\/wp\/v2\/product\/6778","targetHints":{"allow":["GET"]}}],"collection":[{"href":"https:\/\/rckopen.com\/cs\/wp-json\/wp\/v2\/product"}],"about":[{"href":"https:\/\/rckopen.com\/cs\/wp-json\/wp\/v2\/types\/product"}],"replies":[{"embeddable":true,"href":"https:\/\/rckopen.com\/cs\/wp-json\/wp\/v2\/comments?post=6778"}],"wp:featuredmedia":[{"embeddable":true,"href":"https:\/\/rckopen.com\/cs\/wp-json\/wp\/v2\/media\/7660"}],"wp:attachment":[{"href":"https:\/\/rckopen.com\/cs\/wp-json\/wp\/v2\/media?parent=6778"}],"wp:term":[{"taxonomy":"product_brand","embeddable":true,"href":"https:\/\/rckopen.com\/cs\/wp-json\/wp\/v2\/product_brand?post=6778"},{"taxonomy":"product_cat","embeddable":true,"href":"https:\/\/rckopen.com\/cs\/wp-json\/wp\/v2\/product_cat?post=6778"},{"taxonomy":"product_tag","embeddable":true,"href":"https:\/\/rckopen.com\/cs\/wp-json\/wp\/v2\/product_tag?post=6778"}],"curies":[{"name":"wp","href":"https:\/\/api.w.org\/{rel}","templated":true}]}}