{"id":6798,"date":"2023-08-17T11:47:26","date_gmt":"2023-08-17T11:47:26","guid":{"rendered":"https:\/\/diligentplug.com\/chems\/?post_type=product&#038;p=6798"},"modified":"2025-02-04T07:27:56","modified_gmt":"2025-02-04T07:27:56","slug":"red-maluku","status":"publish","type":"product","link":"https:\/\/rckopen.com\/cs\/produkt\/cervena-maluku\/","title":{"rendered":"Kupte si Red Maluku online"},"content":{"rendered":"<p>rckopen.com nab\u00edz\u00ed produkty, kter\u00e9 nejsou ur\u010deny k lidsk\u00e9 spot\u0159eb\u011b. Konzumace tohoto v\u00fdrobku (ne\u00famysln\u00e1) by mohla m\u00edt v\u00e1\u017en\u00e9 zdravotn\u00ed n\u00e1sledky.<\/p>","protected":false},"excerpt":{"rendered":"<p><strong>N\u00e1zev IUPAC:<\/strong><\/p>\n<p><strong>Forma: <\/strong>pr\u00e1\u0161ek<\/p>\n<p><strong>NMR anal\u00fdza: <\/strong>NEUPLAT\u0147UJE SE<\/p>","protected":false},"featured_media":7657,"comment_status":"open","ping_status":"closed","template":"","meta":{"_joinchat":[]},"product_brand":[],"product_cat":[139],"product_tag":[],"class_list":{"0":"post-6798","1":"product","2":"type-product","3":"status-publish","4":"has-post-thumbnail","6":"product_cat-kratom","8":"first","9":"instock","10":"shipping-taxable","11":"purchasable","12":"product-type-variable"},"yoast_head":"<!-- This site is optimized with the Yoast SEO plugin v26.3 - https:\/\/yoast.com\/wordpress\/plugins\/seo\/ -->\n<title>Rode Maluku online kopen - Rode Maluku te koop | RC Kopen<\/title>\n<meta name=\"description\" content=\"Red Maluku online kopen op onze website voor producten van hoge kwaliteit. Geniet van het gemak van het bestellen van Red Maluku te koop en ervaar de beste service en productvariatie. Druk nu op uw bestelling!\" \/>\n<meta name=\"robots\" content=\"index, follow, max-snippet:-1, max-image-preview:large, max-video-preview:-1\" \/>\n<link rel=\"canonical\" href=\"https:\/\/rckopen.com\/cs\/produkt\/cervena-maluku\/\" \/>\n<meta property=\"og:locale\" content=\"cs_CZ\" \/>\n<meta property=\"og:type\" content=\"article\" \/>\n<meta property=\"og:title\" content=\"Rode Maluku online kopen - Rode Maluku te koop | RC Kopen\" \/>\n<meta property=\"og:description\" content=\"Red Maluku online kopen op onze website voor producten van hoge kwaliteit. Geniet van het gemak van het bestellen van Red Maluku te koop en ervaar de beste service en productvariatie. Druk nu op uw bestelling!\" \/>\n<meta property=\"og:url\" content=\"https:\/\/rckopen.com\/cs\/produkt\/cervena-maluku\/\" \/>\n<meta property=\"og:site_name\" content=\"RC Kopen\" \/>\n<meta property=\"article:modified_time\" content=\"2025-02-04T07:27:56+00:00\" \/>\n<meta property=\"og:image\" content=\"https:\/\/rckopen.com\/wp-content\/uploads\/2023\/08\/red-maluku.jpg\" \/>\n\t<meta property=\"og:image:width\" content=\"600\" \/>\n\t<meta property=\"og:image:height\" content=\"600\" \/>\n\t<meta property=\"og:image:type\" content=\"image\/jpeg\" \/>\n<meta name=\"twitter:card\" content=\"summary_large_image\" \/>\n<meta name=\"twitter:label1\" content=\"Odhadovan\u00e1 doba \u010dten\u00ed\" \/>\n\t<meta name=\"twitter:data1\" content=\"1 minuta\" \/>\n<script type=\"application\/ld+json\" class=\"yoast-schema-graph\">{\"@context\":\"https:\/\/schema.org\",\"@graph\":[{\"@type\":\"WebPage\",\"@id\":\"https:\/\/rckopen.com\/product\/red-maluku\/\",\"url\":\"https:\/\/rckopen.com\/product\/red-maluku\/\",\"name\":\"Rode Maluku online kopen - Rode Maluku te koop | RC Kopen\",\"isPartOf\":{\"@id\":\"https:\/\/rckopen.com\/#website\"},\"primaryImageOfPage\":{\"@id\":\"https:\/\/rckopen.com\/product\/red-maluku\/#primaryimage\"},\"image\":{\"@id\":\"https:\/\/rckopen.com\/product\/red-maluku\/#primaryimage\"},\"thumbnailUrl\":\"https:\/\/rckopen.com\/wp-content\/uploads\/2023\/08\/red-maluku.jpg\",\"datePublished\":\"2023-08-17T11:47:26+00:00\",\"dateModified\":\"2025-02-04T07:27:56+00:00\",\"description\":\"Red Maluku online kopen op onze website voor producten van hoge kwaliteit. Geniet van het gemak van het bestellen van Red Maluku te koop en ervaar de beste service en productvariatie. Druk nu op uw bestelling!\",\"breadcrumb\":{\"@id\":\"https:\/\/rckopen.com\/product\/red-maluku\/#breadcrumb\"},\"inLanguage\":\"cs\",\"potentialAction\":[{\"@type\":\"ReadAction\",\"target\":[\"https:\/\/rckopen.com\/product\/red-maluku\/\"]}]},{\"@type\":\"ImageObject\",\"inLanguage\":\"cs\",\"@id\":\"https:\/\/rckopen.com\/product\/red-maluku\/#primaryimage\",\"url\":\"https:\/\/rckopen.com\/wp-content\/uploads\/2023\/08\/red-maluku.jpg\",\"contentUrl\":\"https:\/\/rckopen.com\/wp-content\/uploads\/2023\/08\/red-maluku.jpg\",\"width\":600,\"height\":600,\"caption\":\"red-maluku Online Kopen\"},{\"@type\":\"BreadcrumbList\",\"@id\":\"https:\/\/rckopen.com\/product\/red-maluku\/#breadcrumb\",\"itemListElement\":[{\"@type\":\"ListItem\",\"position\":1,\"name\":\"Home\",\"item\":\"https:\/\/rckopen.com\/\"},{\"@type\":\"ListItem\",\"position\":2,\"name\":\"Shop\",\"item\":\"https:\/\/rckopen.com\/shop\/\"},{\"@type\":\"ListItem\",\"position\":3,\"name\":\"Red Maluku online kopen\"}]},{\"@type\":\"WebSite\",\"@id\":\"https:\/\/rckopen.com\/#website\",\"url\":\"https:\/\/rckopen.com\/\",\"name\":\"RC Kopen\",\"description\":\"Research Chemicals\",\"potentialAction\":[{\"@type\":\"SearchAction\",\"target\":{\"@type\":\"EntryPoint\",\"urlTemplate\":\"https:\/\/rckopen.com\/?s={search_term_string}\"},\"query-input\":{\"@type\":\"PropertyValueSpecification\",\"valueRequired\":true,\"valueName\":\"search_term_string\"}}],\"inLanguage\":\"cs\"}]}<\/script>\n<!-- \/ Yoast SEO plugin. -->","yoast_head_json":{"title":"Rode Maluku online kopen - Rode Maluku te koop | RC Kopen","description":"Red Maluku online kopen op onze website voor producten van hoge kwaliteit. Geniet van het gemak van het bestellen van Red Maluku te koop en ervaar de beste service en productvariatie. Druk nu op uw bestelling!","robots":{"index":"index","follow":"follow","max-snippet":"max-snippet:-1","max-image-preview":"max-image-preview:large","max-video-preview":"max-video-preview:-1"},"canonical":"https:\/\/rckopen.com\/cs\/produkt\/cervena-maluku\/","og_locale":"cs_CZ","og_type":"article","og_title":"Rode Maluku online kopen - Rode Maluku te koop | RC Kopen","og_description":"Red Maluku online kopen op onze website voor producten van hoge kwaliteit. Geniet van het gemak van het bestellen van Red Maluku te koop en ervaar de beste service en productvariatie. Druk nu op uw bestelling!","og_url":"https:\/\/rckopen.com\/cs\/produkt\/cervena-maluku\/","og_site_name":"RC Kopen","article_modified_time":"2025-02-04T07:27:56+00:00","og_image":[{"width":600,"height":600,"url":"https:\/\/rckopen.com\/wp-content\/uploads\/2023\/08\/red-maluku.jpg","type":"image\/jpeg"}],"twitter_card":"summary_large_image","twitter_misc":{"Odhadovan\u00e1 doba \u010dten\u00ed":"1 minuta"},"schema":{"@context":"https:\/\/schema.org","@graph":[{"@type":"WebPage","@id":"https:\/\/rckopen.com\/product\/red-maluku\/","url":"https:\/\/rckopen.com\/product\/red-maluku\/","name":"Rode Maluku online kopen - Rode Maluku te koop | RC Kopen","isPartOf":{"@id":"https:\/\/rckopen.com\/#website"},"primaryImageOfPage":{"@id":"https:\/\/rckopen.com\/product\/red-maluku\/#primaryimage"},"image":{"@id":"https:\/\/rckopen.com\/product\/red-maluku\/#primaryimage"},"thumbnailUrl":"https:\/\/rckopen.com\/wp-content\/uploads\/2023\/08\/red-maluku.jpg","datePublished":"2023-08-17T11:47:26+00:00","dateModified":"2025-02-04T07:27:56+00:00","description":"Red Maluku online kopen op onze website voor producten van hoge kwaliteit. Geniet van het gemak van het bestellen van Red Maluku te koop en ervaar de beste service en productvariatie. Druk nu op uw bestelling!","breadcrumb":{"@id":"https:\/\/rckopen.com\/product\/red-maluku\/#breadcrumb"},"inLanguage":"cs","potentialAction":[{"@type":"ReadAction","target":["https:\/\/rckopen.com\/product\/red-maluku\/"]}]},{"@type":"ImageObject","inLanguage":"cs","@id":"https:\/\/rckopen.com\/product\/red-maluku\/#primaryimage","url":"https:\/\/rckopen.com\/wp-content\/uploads\/2023\/08\/red-maluku.jpg","contentUrl":"https:\/\/rckopen.com\/wp-content\/uploads\/2023\/08\/red-maluku.jpg","width":600,"height":600,"caption":"red-maluku Online Kopen"},{"@type":"BreadcrumbList","@id":"https:\/\/rckopen.com\/product\/red-maluku\/#breadcrumb","itemListElement":[{"@type":"ListItem","position":1,"name":"Home","item":"https:\/\/rckopen.com\/"},{"@type":"ListItem","position":2,"name":"Shop","item":"https:\/\/rckopen.com\/shop\/"},{"@type":"ListItem","position":3,"name":"Red Maluku online kopen"}]},{"@type":"WebSite","@id":"https:\/\/rckopen.com\/#website","url":"https:\/\/rckopen.com\/","name":"RC Kopen","description":"Research Chemicals","potentialAction":[{"@type":"SearchAction","target":{"@type":"EntryPoint","urlTemplate":"https:\/\/rckopen.com\/?s={search_term_string}"},"query-input":{"@type":"PropertyValueSpecification","valueRequired":true,"valueName":"search_term_string"}}],"inLanguage":"cs"}]}},"_links":{"self":[{"href":"https:\/\/rckopen.com\/cs\/wp-json\/wp\/v2\/product\/6798","targetHints":{"allow":["GET"]}}],"collection":[{"href":"https:\/\/rckopen.com\/cs\/wp-json\/wp\/v2\/product"}],"about":[{"href":"https:\/\/rckopen.com\/cs\/wp-json\/wp\/v2\/types\/product"}],"replies":[{"embeddable":true,"href":"https:\/\/rckopen.com\/cs\/wp-json\/wp\/v2\/comments?post=6798"}],"wp:featuredmedia":[{"embeddable":true,"href":"https:\/\/rckopen.com\/cs\/wp-json\/wp\/v2\/media\/7657"}],"wp:attachment":[{"href":"https:\/\/rckopen.com\/cs\/wp-json\/wp\/v2\/media?parent=6798"}],"wp:term":[{"taxonomy":"product_brand","embeddable":true,"href":"https:\/\/rckopen.com\/cs\/wp-json\/wp\/v2\/product_brand?post=6798"},{"taxonomy":"product_cat","embeddable":true,"href":"https:\/\/rckopen.com\/cs\/wp-json\/wp\/v2\/product_cat?post=6798"},{"taxonomy":"product_tag","embeddable":true,"href":"https:\/\/rckopen.com\/cs\/wp-json\/wp\/v2\/product_tag?post=6798"}],"curies":[{"name":"wp","href":"https:\/\/api.w.org\/{rel}","templated":true}]}}