{"id":6802,"date":"2023-08-17T12:12:47","date_gmt":"2023-08-17T12:12:47","guid":{"rendered":"https:\/\/diligentplug.com\/chems\/?post_type=product&#038;p=6802"},"modified":"2025-01-31T05:32:23","modified_gmt":"2025-01-31T05:32:23","slug":"koop-4-ho-met-2","status":"publish","type":"product","link":"https:\/\/rckopen.com\/cs\/produkt\/koupit-4-ho-s-2\/","title":{"rendered":"Koupit 4-HO-MPT online"},"content":{"rendered":"<div data-content-type=\"row\" data-appearance=\"contained\" data-element=\"main\">\n<div data-enable-parallax=\"0\" data-parallax-speed=\"0.5\" data-background-images=\"{}\" data-background-type=\"image\" data-video-loop=\"true\" data-video-play-only-visible=\"true\" data-video-lazy-load=\"true\" data-video-fallback-src=\"\" data-element=\"inner\" data-pb-style=\"OI9WT2O\">\n<div data-content-type=\"text\" data-appearance=\"default\" data-element=\"main\">\n<h2>Uw one-stop-shop voor 4-HO-MPT online kopen<\/h2>\n<p>Chcete? <a href=\"https:\/\/rckopen.com\/cs\/produkt\/koupit-4-ho-s-2\/\">Koupit 4-HO-MPT online<\/a>? Jste na spr\u00e1vn\u00e9m m\u00edst\u011b! RCKopen poskytuje bezprobl\u00e9mov\u00fd n\u00e1kup pro nad\u0161ence 4-HO-MPT po cel\u00e9m sv\u011bt\u011b.<\/p>\n<h3>Pro\u010d si vybrat RCKopen pro sv\u00e9 pot\u0159eby 4-HO-MPT?<\/h3>\n<p>V RCKopen ch\u00e1peme d\u016fle\u017eitost kvality a z\u00e1konnosti, pokud jde o chemick\u00fd v\u00fdzkum. Proto se sna\u017e\u00edme pouze o to <a href=\"https:\/\/en.wikipedia.org\/wiki\/4-HO-MPT\">4-HO-MPT<\/a> nejvy\u0161\u0161\u00ed kvality na prodej, aby v\u00fdzkumn\u00edci mohli prov\u00e1d\u011bt sv\u00e9 experimenty s jistotou a klidem.<\/p>\n<h3>Pohodl\u00ed a spolehlivost<\/h3>\n<p>Kde koupit 4-HO-MPT bez pot\u00ed\u017e\u00ed s p\u0159edpisy nebo pr\u00e1vn\u00edmi probl\u00e9my. Nehledejte nic jin\u00e9ho ne\u017e <a href=\"https:\/\/rckopen.com\/cs\/\">Rckopen.com<\/a>. N\u00e1\u0161 u\u017eivatelsky p\u0159\u00edv\u011btiv\u00fd web usnad\u0148uje objedn\u00e1n\u00ed 4-HO-MPT pomoc\u00ed n\u011bkolika kliknut\u00ed a na\u0161e diskr\u00e9tn\u00ed doprava zaji\u0161\u0165uje, \u017ee v\u00e1\u0161 bal\u00ed\u010dek bezpe\u010dn\u011b doraz\u00ed.s<\/p>\n<h3>Leg\u00e1ln\u00ed a legitimn\u00ed<\/h3>\n<p>M\u016f\u017eete si b\u00fdt jisti, \u017ee kdy\u017e si koup\u00edte 4-HO-MPT od RCKopen, nakupujete z d\u016fv\u011bryhodn\u00e9ho zdroje. Pracujeme v pln\u00e9m souladu se v\u0161emi p\u0159\u00edslu\u0161n\u00fdmi z\u00e1kony a p\u0159edpisy, tak\u017ee m\u016f\u017eete nakupovat s jistotou a v\u011bdom\u00edm, \u017ee v\u00e1\u0161 n\u00e1kup poch\u00e1z\u00ed z leg\u00e1ln\u00edch a legitimn\u00edch zdroj\u016f.<\/p>\n<h3>K dispozici je mezin\u00e1rodn\u00ed p\u0159eprava<\/h3>\n<p>A\u0165 u\u017e se nach\u00e1z\u00edte ve Velk\u00e9 Brit\u00e1nii nebo v zahrani\u010d\u00ed, RCKopen nab\u00edz\u00ed 4-HO-MPT na prodej s mo\u017enost\u00ed dopravy po cel\u00e9m sv\u011bt\u011b. A\u0165 jste kdekoli, m\u016f\u017eete se dostat do na\u0161eho obchodu s 4-HO-MPT a nechat si v\u00fdzkumnou l\u00e1tku doru\u010dit a\u017e dom\u016f.<\/p>\n<h3>Zaru\u010den\u00e1 spokojenost z\u00e1kazn\u00edk\u016f<\/h3>\n<p>Va\u0161e spokojenost je pro n\u00e1s v RCKopen nejvy\u0161\u0161\u00ed prioritou. Od na\u0161eho jednoduch\u00e9ho procesu objedn\u00e1v\u00e1n\u00ed a\u017e po n\u00e1\u0161 pohotov\u00fd t\u00fdm z\u00e1kaznick\u00e9ho servisu se sna\u017e\u00edme, abyste s n\u00e1mi m\u011bli co nejlep\u0161\u00ed zku\u0161enosti na ka\u017ed\u00e9m kroku.<\/p>\n<h3>Za\u010dn\u011bte svou v\u00fdzkumnou cestu je\u0161t\u011b dnes<\/h3>\n<p>Jste p\u0159ipraveni koupit 4-HO-MPT a posunout sv\u016fj v\u00fdzkum na dal\u0161\u00ed \u00farove\u0148? Nav\u0161tivte nyn\u00ed RCKopen, prozkoumejte n\u00e1\u0161 v\u00fdb\u011br vysoce kvalitn\u00edch v\u00fdzkumn\u00fdch chemik\u00e1li\u00ed a zadejte svou objedn\u00e1vku s d\u016fv\u011brou. Odemkn\u011bte potenci\u00e1l 4-HO-MPT ve sv\u00fdch experimentech je\u0161t\u011b dnes!<\/p>\n<h3>P\u0159ehledn\u00e9 informace o produktu<\/h3>\n<p>Ve spole\u010dnosti RCKopen v\u011b\u0159\u00edme v transparentnost. Proto nab\u00edz\u00edme podrobn\u00e9 informace o na\u0161ich produktech 4-HO-MPT, v\u010detn\u011b \u00farovn\u011b \u010distoty, doporu\u010den\u00fdch d\u00e1vek a mo\u017en\u00fdch \u00fa\u010dink\u016f. S n\u00e1mi v\u017edy p\u0159esn\u011b v\u00edte, co dost\u00e1v\u00e1te.<\/p>\n<h3>Bezpe\u010dn\u00e9 mo\u017enosti platby<\/h3>\n<p>Va\u0161e bezpe\u010dnost je na\u0161\u00ed prioritou. Kdy\u017e si objedn\u00e1te 4-HO-MPT od RCKopen, m\u016f\u017eete si vybrat z r\u016fzn\u00fdch bezpe\u010dn\u00fdch platebn\u00edch mo\u017enost\u00ed, abyste zajistili, \u017ee va\u0161e transakce bude chr\u00e1n\u011bna. K ochran\u011b va\u0161ich osobn\u00edch a finan\u010dn\u00edch \u00fadaj\u016f pou\u017e\u00edv\u00e1me \u0161ifrovac\u00ed technologii, tak\u017ee m\u016f\u017eete nakupovat s klidnou mysl\u00ed.<\/p>\n<\/div>\n<\/div>\n<\/div>\n<div data-content-type=\"row\" data-appearance=\"contained\" data-element=\"main\">\n<div data-enable-parallax=\"0\" data-parallax-speed=\"0.5\" data-background-images=\"{}\" data-background-type=\"image\" data-video-loop=\"true\" data-video-play-only-visible=\"true\" data-video-lazy-load=\"true\" data-video-fallback-src=\"\" data-element=\"inner\" data-pb-style=\"X1KCBWS\">\n<div data-content-type=\"text\" data-appearance=\"default\" data-element=\"main\"><\/div>\n<\/div>\n<\/div>","protected":false},"excerpt":{"rendered":"<p>Uw one-stop-shop voor 4-HO-MPT online kopen Wilt u 4-HO-MPT online kopen? U bent bij ons aan het juiste adres! RCKopen biedt een naadloze aankoopervaring voor 4-HO-MPT-enthousiastelingen over de hele wereld. Waarom kiezen voor RCKopen voor uw 4-HO-MPT-behoeften? Bij RCKopen begrijpen we het belang van kwaliteit en legaliteit als het gaat<\/p>","protected":false},"featured_media":7664,"comment_status":"open","ping_status":"closed","template":"","meta":{"_joinchat":[]},"product_brand":[],"product_cat":[149],"product_tag":[],"class_list":{"0":"post-6802","1":"product","2":"type-product","3":"status-publish","4":"has-post-thumbnail","6":"product_cat-tryptaminen","8":"first","9":"instock","10":"shipping-taxable","11":"purchasable","12":"product-type-variable"},"yoast_head":"<!-- This site is optimized with the Yoast SEO plugin v26.3 - https:\/\/yoast.com\/wordpress\/plugins\/seo\/ -->\n<title>4-HO-MPT online kopen - 4-HO-MPT te koop | RC Kopen<\/title>\n<meta name=\"description\" content=\"4-HO-MPT online kopen Je kunt contact opnemen met onze RCKOPEN en 4-ho-mpt online bestellen. We hebben 4-ho-mpt te koop tegen goedkope prijzen.\" \/>\n<meta name=\"robots\" content=\"index, follow, max-snippet:-1, max-image-preview:large, max-video-preview:-1\" \/>\n<link rel=\"canonical\" href=\"https:\/\/rckopen.com\/cs\/produkt\/koupit-4-ho-s-2\/\" \/>\n<meta property=\"og:locale\" content=\"cs_CZ\" \/>\n<meta property=\"og:type\" content=\"article\" \/>\n<meta property=\"og:title\" content=\"4-HO-MPT online kopen - 4-HO-MPT te koop | RC Kopen\" \/>\n<meta property=\"og:description\" content=\"4-HO-MPT online kopen Je kunt contact opnemen met onze RCKOPEN en 4-ho-mpt online bestellen. We hebben 4-ho-mpt te koop tegen goedkope prijzen.\" \/>\n<meta property=\"og:url\" content=\"https:\/\/rckopen.com\/cs\/produkt\/koupit-4-ho-s-2\/\" \/>\n<meta property=\"og:site_name\" content=\"RC Kopen\" \/>\n<meta property=\"article:modified_time\" content=\"2025-01-31T05:32:23+00:00\" \/>\n<meta property=\"og:image\" content=\"https:\/\/rckopen.com\/wp-content\/uploads\/2023\/08\/4-HO-MET-1.jpg\" \/>\n\t<meta property=\"og:image:width\" content=\"600\" \/>\n\t<meta property=\"og:image:height\" content=\"600\" \/>\n\t<meta property=\"og:image:type\" content=\"image\/jpeg\" \/>\n<meta name=\"twitter:card\" content=\"summary_large_image\" \/>\n<meta name=\"twitter:label1\" content=\"Odhadovan\u00e1 doba \u010dten\u00ed\" \/>\n\t<meta name=\"twitter:data1\" content=\"2 minuty\" \/>\n<script type=\"application\/ld+json\" class=\"yoast-schema-graph\">{\"@context\":\"https:\/\/schema.org\",\"@graph\":[{\"@type\":\"WebPage\",\"@id\":\"https:\/\/rckopen.com\/product\/koop-4-ho-met-2\/\",\"url\":\"https:\/\/rckopen.com\/product\/koop-4-ho-met-2\/\",\"name\":\"4-HO-MPT online kopen - 4-HO-MPT te koop | RC Kopen\",\"isPartOf\":{\"@id\":\"https:\/\/rckopen.com\/#website\"},\"primaryImageOfPage\":{\"@id\":\"https:\/\/rckopen.com\/product\/koop-4-ho-met-2\/#primaryimage\"},\"image\":{\"@id\":\"https:\/\/rckopen.com\/product\/koop-4-ho-met-2\/#primaryimage\"},\"thumbnailUrl\":\"https:\/\/rckopen.com\/wp-content\/uploads\/2023\/08\/4-HO-MET-1.jpg\",\"datePublished\":\"2023-08-17T12:12:47+00:00\",\"dateModified\":\"2025-01-31T05:32:23+00:00\",\"description\":\"4-HO-MPT online kopen Je kunt contact opnemen met onze RCKOPEN en 4-ho-mpt online bestellen. We hebben 4-ho-mpt te koop tegen goedkope prijzen.\",\"breadcrumb\":{\"@id\":\"https:\/\/rckopen.com\/product\/koop-4-ho-met-2\/#breadcrumb\"},\"inLanguage\":\"cs\",\"potentialAction\":[{\"@type\":\"ReadAction\",\"target\":[\"https:\/\/rckopen.com\/product\/koop-4-ho-met-2\/\"]}]},{\"@type\":\"ImageObject\",\"inLanguage\":\"cs\",\"@id\":\"https:\/\/rckopen.com\/product\/koop-4-ho-met-2\/#primaryimage\",\"url\":\"https:\/\/rckopen.com\/wp-content\/uploads\/2023\/08\/4-HO-MET-1.jpg\",\"contentUrl\":\"https:\/\/rckopen.com\/wp-content\/uploads\/2023\/08\/4-HO-MET-1.jpg\",\"width\":600,\"height\":600,\"caption\":\"4-HO-MET online kopen\"},{\"@type\":\"BreadcrumbList\",\"@id\":\"https:\/\/rckopen.com\/product\/koop-4-ho-met-2\/#breadcrumb\",\"itemListElement\":[{\"@type\":\"ListItem\",\"position\":1,\"name\":\"Home\",\"item\":\"https:\/\/rckopen.com\/\"},{\"@type\":\"ListItem\",\"position\":2,\"name\":\"Shop\",\"item\":\"https:\/\/rckopen.com\/shop\/\"},{\"@type\":\"ListItem\",\"position\":3,\"name\":\"4-HO-MPT online kopen\"}]},{\"@type\":\"WebSite\",\"@id\":\"https:\/\/rckopen.com\/#website\",\"url\":\"https:\/\/rckopen.com\/\",\"name\":\"RC Kopen\",\"description\":\"Research Chemicals\",\"potentialAction\":[{\"@type\":\"SearchAction\",\"target\":{\"@type\":\"EntryPoint\",\"urlTemplate\":\"https:\/\/rckopen.com\/?s={search_term_string}\"},\"query-input\":{\"@type\":\"PropertyValueSpecification\",\"valueRequired\":true,\"valueName\":\"search_term_string\"}}],\"inLanguage\":\"cs\"}]}<\/script>\n<!-- \/ Yoast SEO plugin. -->","yoast_head_json":{"title":"4-HO-MPT online kopen - 4-HO-MPT te koop | RC Kopen","description":"4-HO-MPT online kopen Je kunt contact opnemen met onze RCKOPEN en 4-ho-mpt online bestellen. We hebben 4-ho-mpt te koop tegen goedkope prijzen.","robots":{"index":"index","follow":"follow","max-snippet":"max-snippet:-1","max-image-preview":"max-image-preview:large","max-video-preview":"max-video-preview:-1"},"canonical":"https:\/\/rckopen.com\/cs\/produkt\/koupit-4-ho-s-2\/","og_locale":"cs_CZ","og_type":"article","og_title":"4-HO-MPT online kopen - 4-HO-MPT te koop | RC Kopen","og_description":"4-HO-MPT online kopen Je kunt contact opnemen met onze RCKOPEN en 4-ho-mpt online bestellen. We hebben 4-ho-mpt te koop tegen goedkope prijzen.","og_url":"https:\/\/rckopen.com\/cs\/produkt\/koupit-4-ho-s-2\/","og_site_name":"RC Kopen","article_modified_time":"2025-01-31T05:32:23+00:00","og_image":[{"width":600,"height":600,"url":"https:\/\/rckopen.com\/wp-content\/uploads\/2023\/08\/4-HO-MET-1.jpg","type":"image\/jpeg"}],"twitter_card":"summary_large_image","twitter_misc":{"Odhadovan\u00e1 doba \u010dten\u00ed":"2 minuty"},"schema":{"@context":"https:\/\/schema.org","@graph":[{"@type":"WebPage","@id":"https:\/\/rckopen.com\/product\/koop-4-ho-met-2\/","url":"https:\/\/rckopen.com\/product\/koop-4-ho-met-2\/","name":"4-HO-MPT online kopen - 4-HO-MPT te koop | RC Kopen","isPartOf":{"@id":"https:\/\/rckopen.com\/#website"},"primaryImageOfPage":{"@id":"https:\/\/rckopen.com\/product\/koop-4-ho-met-2\/#primaryimage"},"image":{"@id":"https:\/\/rckopen.com\/product\/koop-4-ho-met-2\/#primaryimage"},"thumbnailUrl":"https:\/\/rckopen.com\/wp-content\/uploads\/2023\/08\/4-HO-MET-1.jpg","datePublished":"2023-08-17T12:12:47+00:00","dateModified":"2025-01-31T05:32:23+00:00","description":"4-HO-MPT online kopen Je kunt contact opnemen met onze RCKOPEN en 4-ho-mpt online bestellen. We hebben 4-ho-mpt te koop tegen goedkope prijzen.","breadcrumb":{"@id":"https:\/\/rckopen.com\/product\/koop-4-ho-met-2\/#breadcrumb"},"inLanguage":"cs","potentialAction":[{"@type":"ReadAction","target":["https:\/\/rckopen.com\/product\/koop-4-ho-met-2\/"]}]},{"@type":"ImageObject","inLanguage":"cs","@id":"https:\/\/rckopen.com\/product\/koop-4-ho-met-2\/#primaryimage","url":"https:\/\/rckopen.com\/wp-content\/uploads\/2023\/08\/4-HO-MET-1.jpg","contentUrl":"https:\/\/rckopen.com\/wp-content\/uploads\/2023\/08\/4-HO-MET-1.jpg","width":600,"height":600,"caption":"4-HO-MET online kopen"},{"@type":"BreadcrumbList","@id":"https:\/\/rckopen.com\/product\/koop-4-ho-met-2\/#breadcrumb","itemListElement":[{"@type":"ListItem","position":1,"name":"Home","item":"https:\/\/rckopen.com\/"},{"@type":"ListItem","position":2,"name":"Shop","item":"https:\/\/rckopen.com\/shop\/"},{"@type":"ListItem","position":3,"name":"4-HO-MPT online kopen"}]},{"@type":"WebSite","@id":"https:\/\/rckopen.com\/#website","url":"https:\/\/rckopen.com\/","name":"RC Kopen","description":"Research Chemicals","potentialAction":[{"@type":"SearchAction","target":{"@type":"EntryPoint","urlTemplate":"https:\/\/rckopen.com\/?s={search_term_string}"},"query-input":{"@type":"PropertyValueSpecification","valueRequired":true,"valueName":"search_term_string"}}],"inLanguage":"cs"}]}},"_links":{"self":[{"href":"https:\/\/rckopen.com\/cs\/wp-json\/wp\/v2\/product\/6802","targetHints":{"allow":["GET"]}}],"collection":[{"href":"https:\/\/rckopen.com\/cs\/wp-json\/wp\/v2\/product"}],"about":[{"href":"https:\/\/rckopen.com\/cs\/wp-json\/wp\/v2\/types\/product"}],"replies":[{"embeddable":true,"href":"https:\/\/rckopen.com\/cs\/wp-json\/wp\/v2\/comments?post=6802"}],"wp:featuredmedia":[{"embeddable":true,"href":"https:\/\/rckopen.com\/cs\/wp-json\/wp\/v2\/media\/7664"}],"wp:attachment":[{"href":"https:\/\/rckopen.com\/cs\/wp-json\/wp\/v2\/media?parent=6802"}],"wp:term":[{"taxonomy":"product_brand","embeddable":true,"href":"https:\/\/rckopen.com\/cs\/wp-json\/wp\/v2\/product_brand?post=6802"},{"taxonomy":"product_cat","embeddable":true,"href":"https:\/\/rckopen.com\/cs\/wp-json\/wp\/v2\/product_cat?post=6802"},{"taxonomy":"product_tag","embeddable":true,"href":"https:\/\/rckopen.com\/cs\/wp-json\/wp\/v2\/product_tag?post=6802"}],"curies":[{"name":"wp","href":"https:\/\/api.w.org\/{rel}","templated":true}]}}