{"id":6993,"date":"2023-08-18T08:08:58","date_gmt":"2023-08-18T08:08:58","guid":{"rendered":"https:\/\/diligentplug.com\/chems\/?post_type=product&#038;p=6993"},"modified":"2025-02-07T07:28:11","modified_gmt":"2025-02-07T07:28:11","slug":"koop-4-ho-met","status":"publish","type":"product","link":"https:\/\/rckopen.com\/cs\/produkt\/koupit-4-ho-s-3\/","title":{"rendered":"Koupit 4-HO-MET online"},"content":{"rendered":"<h2>Koupit 4-HO-MET online<\/h2>\n<h2>Voordelen van het kopen van 4-HO-MET online kopen bij RCKopen<\/h2>\n<p>Hled\u00e1te? <a href=\"https:\/\/rckopen.com\/cs\/produkt\/koupit-4-ho-s-3\/\">Koupit 4-HO-MET online<\/a> \u0161pi\u010dkov\u00e9 kvality? Nehledejte nic jin\u00e9ho ne\u017e RCKopen, v\u00e1\u0161 kone\u010dn\u00fd c\u00edl pro z\u00edsk\u00e1n\u00ed t\u00e9to vyhled\u00e1van\u00e9 l\u00e1tky. Proto je objedn\u00e1n\u00ed 4-HO-MET u n\u00e1s chytrou volbou:<\/p>\n<h3>\u0160irok\u00fd v\u00fdb\u011br<\/h3>\n<p>V\u010dela <a href=\"https:\/\/rckopen.com\/cs\/\">RCKopen<\/a> nab\u00edz\u00edme \u0161irokou \u0161k\u00e1lu v\u00fdzkumn\u00fdch chemik\u00e1li\u00ed v\u010detn\u011b 4-HO-MET n\u00e1kupu online, abyste m\u011bli p\u0159\u00edstup k produkt\u016fm, kter\u00e9 pot\u0159ebujete pro sv\u00e9 experimenty a v\u00fdzkum.<\/p>\n<h3>Z\u00e1ruka nejvy\u0161\u0161\u00ed kvality<\/h3>\n<p>Kdy\u017e vy <a href=\"https:\/\/en.wikipedia.org\/wiki\/4-HO-MET\">Koupit 4-HO-MET online\u00a0<\/a> Kdy\u017e u n\u00e1s nakoup\u00edte, m\u016f\u017eete si b\u00fdt jisti, \u017ee dostanete produkt nejvy\u0161\u0161\u00ed kvality. Na\u0161e p\u0159\u00edsn\u00e1 opat\u0159en\u00ed kontroly kvality zaji\u0161\u0165uj\u00ed \u010distotu a \u00fa\u010dinnost, spl\u0148uj\u00edc\u00ed standardy v\u00fdzkumn\u00edk\u016f a v\u011bdc\u016f po cel\u00e9m sv\u011bt\u011b.<\/p>\n<h3>Dodr\u017eov\u00e1n\u00ed pr\u00e1vn\u00edch p\u0159edpis\u016f<\/h3>\n<p>Objedn\u00e1vka u RCKopen znamen\u00e1 leg\u00e1ln\u00ed n\u00e1kup 4-HO-MET. P\u0159\u00edsn\u011b dodr\u017eujeme p\u0159edpisy a sm\u011brnice a zaji\u0161\u0165ujeme, aby v\u0161echny transakce byly v souladu se z\u00e1konem.<\/p>\n<h3>Bezpe\u010dn\u00e1 a diskr\u00e9tn\u00ed p\u0159eprava<\/h3>\n<p>Va\u0161e soukrom\u00ed a bezpe\u010dnost jsou pro n\u00e1s prioritou. U v\u0161ech objedn\u00e1vek nab\u00edz\u00edme bezpe\u010dn\u00e9 a diskr\u00e9tn\u00ed mo\u017enosti p\u0159epravy, kter\u00e9 v\u00e1m zajist\u00ed klid p\u0159i doru\u010dov\u00e1n\u00ed.<\/p>\n<h3>Pohodln\u00fd proces objedn\u00e1v\u00e1n\u00ed<\/h3>\n<p>S na\u0161imi u\u017eivatelsky p\u0159\u00edv\u011btiv\u00fdmi webov\u00fdmi str\u00e1nkami je n\u00e1kup Koupit 4-HO-MET rychl\u00fd a snadn\u00fd. Sta\u010d\u00ed si prohl\u00e9dnout na\u0161i nab\u00eddku, p\u0159idat po\u017eadovan\u00e9 produkty do ko\u0161\u00edku a p\u0159ej\u00edt k pokladn\u011b - je to tak snadn\u00e9!<\/p>\n<h3>Rychl\u00e9 dod\u00e1n\u00ed<\/h3>\n<p>Ch\u00e1peme d\u016fle\u017eitost v\u010dasn\u00e9ho dod\u00e1n\u00ed, a proto se sna\u017e\u00edme objedn\u00e1vky odes\u00edlat rychle. Za\u017eijte rychl\u00e9 dodac\u00ed lh\u016fty, kdy\u017e si objedn\u00e1te Koupit 4-HO-MET od RCKopen.<\/p>\n<h3>D\u016fv\u011bryhodn\u00e1 pov\u011bst<\/h3>\n<p>Spole\u010dnost RCKopen si v komunit\u011b chemick\u00e9ho v\u00fdzkumu vybudovala pov\u011bst spolehliv\u00e9 a profesion\u00e1ln\u00ed spole\u010dnosti. Nespo\u010det v\u00fdzkumn\u00fdch pracovn\u00edk\u016f a v\u011bdc\u016f se na n\u00e1s spol\u00e9h\u00e1, pokud jde o jejich pot\u0159eby v oblasti dod\u00e1vek chemik\u00e1li\u00ed.<\/p>\n<h3>Vynikaj\u00edc\u00ed z\u00e1kaznick\u00e1 podpora<\/h3>\n<p>M\u00e1te n\u011bjak\u00e9 dotazy nebo pot\u0159ebujete pomoc? N\u00e1\u0161 specializovan\u00fd t\u00fdm z\u00e1kaznick\u00e9ho servisu je p\u0159ipraven v\u00e1m pomoci. Kdykoli se na n\u00e1s obra\u0165te a z\u00edskejte rychlou a u\u017eite\u010dnou pomoc s va\u0161imi dotazy.<\/p>\n<h3>Glob\u00e1ln\u00ed dostupnost<\/h3>\n<p>A\u0165 u\u017e jste ve Velk\u00e9 Brit\u00e1nii nebo kdekoli na sv\u011bt\u011b, RCKopen usnad\u0148uje n\u00e1kup 4-HO-MET bez l\u00e9ka\u0159sk\u00e9ho p\u0159edpisu. U\u017eijte si bezprobl\u00e9mov\u00e9 objedn\u00e1v\u00e1n\u00ed a doru\u010den\u00ed, a\u0165 jste kdekoli.<\/p>\n<h3>Nakupujte 4-HO-MET online s d\u016fv\u011brou<\/h3>\n<p>Nespokojte se s nestandardn\u00edmi v\u00fdzkumn\u00fdmi chemik\u00e1liemi \u2013 zvolte RCKopen pro n\u00e1kup 4-HO-MET nejvy\u0161\u0161\u00ed kvality a bezprobl\u00e9mov\u00fd n\u00e1kup. Objednejte si nyn\u00ed a zjist\u011bte, pro\u010d n\u00e1m v\u00fdzkumn\u00edci d\u016fv\u011b\u0159uj\u00ed ve v\u0161ech sv\u00fdch chemick\u00fdch pot\u0159eb\u00e1ch. Jste p\u0159ipraveni koupit 4-HO-MET? Nav\u0161tivte RCKopen je\u0161t\u011b dnes!<\/p>","protected":false},"excerpt":{"rendered":"<h6>N\u00e1zev IUPAC:<\/h6>\n<p>3-(2-(ethyl(methyl)amino)ethyl)-1H-indol-4-ol<\/p>","protected":false},"featured_media":6999,"comment_status":"open","ping_status":"closed","template":"","meta":{"_joinchat":[]},"product_brand":[],"product_cat":[149],"product_tag":[],"class_list":{"0":"post-6993","1":"product","2":"type-product","3":"status-publish","4":"has-post-thumbnail","6":"product_cat-tryptaminen","8":"first","9":"instock","10":"shipping-taxable","11":"purchasable","12":"product-type-variable"},"yoast_head":"<!-- This site is optimized with the Yoast SEO plugin v26.3 - https:\/\/yoast.com\/wordpress\/plugins\/seo\/ -->\n<title>4-HO-MET online kopen - 4-HO-MET te koop<\/title>\n<meta name=\"description\" content=\"4-HO-MET te koop is nu eenvoudig verkrijgbaar in onze online winkel. U kunt rechtstreeks verbinding maken met onze RC-koopwinkel en 4-HO-MET online kopen tegen de beste prijzen.\" \/>\n<meta name=\"robots\" content=\"index, follow, max-snippet:-1, max-image-preview:large, max-video-preview:-1\" \/>\n<link rel=\"canonical\" href=\"https:\/\/rckopen.com\/cs\/produkt\/koupit-4-ho-s-3\/\" \/>\n<meta property=\"og:locale\" content=\"cs_CZ\" \/>\n<meta property=\"og:type\" content=\"article\" \/>\n<meta property=\"og:title\" content=\"4-HO-MET online kopen - 4-HO-MET te koop\" \/>\n<meta property=\"og:description\" content=\"4-HO-MET te koop is nu eenvoudig verkrijgbaar in onze online winkel. U kunt rechtstreeks verbinding maken met onze RC-koopwinkel en 4-HO-MET online kopen tegen de beste prijzen.\" \/>\n<meta property=\"og:url\" content=\"https:\/\/rckopen.com\/cs\/produkt\/koupit-4-ho-s-3\/\" \/>\n<meta property=\"og:site_name\" content=\"RC Kopen\" \/>\n<meta property=\"article:modified_time\" content=\"2025-02-07T07:28:11+00:00\" \/>\n<meta property=\"og:image\" content=\"https:\/\/rckopen.com\/wp-content\/uploads\/2023\/08\/4-HO-MET.jpg\" \/>\n\t<meta property=\"og:image:width\" content=\"600\" \/>\n\t<meta property=\"og:image:height\" content=\"600\" \/>\n\t<meta property=\"og:image:type\" content=\"image\/jpeg\" \/>\n<meta name=\"twitter:card\" content=\"summary_large_image\" \/>\n<meta name=\"twitter:label1\" content=\"Odhadovan\u00e1 doba \u010dten\u00ed\" \/>\n\t<meta name=\"twitter:data1\" content=\"2 minuty\" \/>\n<script type=\"application\/ld+json\" class=\"yoast-schema-graph\">{\"@context\":\"https:\/\/schema.org\",\"@graph\":[{\"@type\":\"WebPage\",\"@id\":\"https:\/\/rckopen.com\/product\/koop-4-ho-met\/\",\"url\":\"https:\/\/rckopen.com\/product\/koop-4-ho-met\/\",\"name\":\"4-HO-MET online kopen - 4-HO-MET te koop\",\"isPartOf\":{\"@id\":\"https:\/\/rckopen.com\/#website\"},\"primaryImageOfPage\":{\"@id\":\"https:\/\/rckopen.com\/product\/koop-4-ho-met\/#primaryimage\"},\"image\":{\"@id\":\"https:\/\/rckopen.com\/product\/koop-4-ho-met\/#primaryimage\"},\"thumbnailUrl\":\"https:\/\/rckopen.com\/wp-content\/uploads\/2023\/08\/4-HO-MET.jpg\",\"datePublished\":\"2023-08-18T08:08:58+00:00\",\"dateModified\":\"2025-02-07T07:28:11+00:00\",\"description\":\"4-HO-MET te koop is nu eenvoudig verkrijgbaar in onze online winkel. U kunt rechtstreeks verbinding maken met onze RC-koopwinkel en 4-HO-MET online kopen tegen de beste prijzen.\",\"breadcrumb\":{\"@id\":\"https:\/\/rckopen.com\/product\/koop-4-ho-met\/#breadcrumb\"},\"inLanguage\":\"cs\",\"potentialAction\":[{\"@type\":\"ReadAction\",\"target\":[\"https:\/\/rckopen.com\/product\/koop-4-ho-met\/\"]}]},{\"@type\":\"ImageObject\",\"inLanguage\":\"cs\",\"@id\":\"https:\/\/rckopen.com\/product\/koop-4-ho-met\/#primaryimage\",\"url\":\"https:\/\/rckopen.com\/wp-content\/uploads\/2023\/08\/4-HO-MET.jpg\",\"contentUrl\":\"https:\/\/rckopen.com\/wp-content\/uploads\/2023\/08\/4-HO-MET.jpg\",\"width\":600,\"height\":600,\"caption\":\"4-HO-MET online kopen\"},{\"@type\":\"BreadcrumbList\",\"@id\":\"https:\/\/rckopen.com\/product\/koop-4-ho-met\/#breadcrumb\",\"itemListElement\":[{\"@type\":\"ListItem\",\"position\":1,\"name\":\"Home\",\"item\":\"https:\/\/rckopen.com\/\"},{\"@type\":\"ListItem\",\"position\":2,\"name\":\"Shop\",\"item\":\"https:\/\/rckopen.com\/shop\/\"},{\"@type\":\"ListItem\",\"position\":3,\"name\":\"4-HO-MET online kopen\"}]},{\"@type\":\"WebSite\",\"@id\":\"https:\/\/rckopen.com\/#website\",\"url\":\"https:\/\/rckopen.com\/\",\"name\":\"RC Kopen\",\"description\":\"Research Chemicals\",\"potentialAction\":[{\"@type\":\"SearchAction\",\"target\":{\"@type\":\"EntryPoint\",\"urlTemplate\":\"https:\/\/rckopen.com\/?s={search_term_string}\"},\"query-input\":{\"@type\":\"PropertyValueSpecification\",\"valueRequired\":true,\"valueName\":\"search_term_string\"}}],\"inLanguage\":\"cs\"}]}<\/script>\n<!-- \/ Yoast SEO plugin. -->","yoast_head_json":{"title":"4-HO-MET online kopen - 4-HO-MET te koop","description":"4-HO-MET te koop is nu eenvoudig verkrijgbaar in onze online winkel. U kunt rechtstreeks verbinding maken met onze RC-koopwinkel en 4-HO-MET online kopen tegen de beste prijzen.","robots":{"index":"index","follow":"follow","max-snippet":"max-snippet:-1","max-image-preview":"max-image-preview:large","max-video-preview":"max-video-preview:-1"},"canonical":"https:\/\/rckopen.com\/cs\/produkt\/koupit-4-ho-s-3\/","og_locale":"cs_CZ","og_type":"article","og_title":"4-HO-MET online kopen - 4-HO-MET te koop","og_description":"4-HO-MET te koop is nu eenvoudig verkrijgbaar in onze online winkel. U kunt rechtstreeks verbinding maken met onze RC-koopwinkel en 4-HO-MET online kopen tegen de beste prijzen.","og_url":"https:\/\/rckopen.com\/cs\/produkt\/koupit-4-ho-s-3\/","og_site_name":"RC Kopen","article_modified_time":"2025-02-07T07:28:11+00:00","og_image":[{"width":600,"height":600,"url":"https:\/\/rckopen.com\/wp-content\/uploads\/2023\/08\/4-HO-MET.jpg","type":"image\/jpeg"}],"twitter_card":"summary_large_image","twitter_misc":{"Odhadovan\u00e1 doba \u010dten\u00ed":"2 minuty"},"schema":{"@context":"https:\/\/schema.org","@graph":[{"@type":"WebPage","@id":"https:\/\/rckopen.com\/product\/koop-4-ho-met\/","url":"https:\/\/rckopen.com\/product\/koop-4-ho-met\/","name":"4-HO-MET online kopen - 4-HO-MET te koop","isPartOf":{"@id":"https:\/\/rckopen.com\/#website"},"primaryImageOfPage":{"@id":"https:\/\/rckopen.com\/product\/koop-4-ho-met\/#primaryimage"},"image":{"@id":"https:\/\/rckopen.com\/product\/koop-4-ho-met\/#primaryimage"},"thumbnailUrl":"https:\/\/rckopen.com\/wp-content\/uploads\/2023\/08\/4-HO-MET.jpg","datePublished":"2023-08-18T08:08:58+00:00","dateModified":"2025-02-07T07:28:11+00:00","description":"4-HO-MET te koop is nu eenvoudig verkrijgbaar in onze online winkel. U kunt rechtstreeks verbinding maken met onze RC-koopwinkel en 4-HO-MET online kopen tegen de beste prijzen.","breadcrumb":{"@id":"https:\/\/rckopen.com\/product\/koop-4-ho-met\/#breadcrumb"},"inLanguage":"cs","potentialAction":[{"@type":"ReadAction","target":["https:\/\/rckopen.com\/product\/koop-4-ho-met\/"]}]},{"@type":"ImageObject","inLanguage":"cs","@id":"https:\/\/rckopen.com\/product\/koop-4-ho-met\/#primaryimage","url":"https:\/\/rckopen.com\/wp-content\/uploads\/2023\/08\/4-HO-MET.jpg","contentUrl":"https:\/\/rckopen.com\/wp-content\/uploads\/2023\/08\/4-HO-MET.jpg","width":600,"height":600,"caption":"4-HO-MET online kopen"},{"@type":"BreadcrumbList","@id":"https:\/\/rckopen.com\/product\/koop-4-ho-met\/#breadcrumb","itemListElement":[{"@type":"ListItem","position":1,"name":"Home","item":"https:\/\/rckopen.com\/"},{"@type":"ListItem","position":2,"name":"Shop","item":"https:\/\/rckopen.com\/shop\/"},{"@type":"ListItem","position":3,"name":"4-HO-MET online kopen"}]},{"@type":"WebSite","@id":"https:\/\/rckopen.com\/#website","url":"https:\/\/rckopen.com\/","name":"RC Kopen","description":"Research Chemicals","potentialAction":[{"@type":"SearchAction","target":{"@type":"EntryPoint","urlTemplate":"https:\/\/rckopen.com\/?s={search_term_string}"},"query-input":{"@type":"PropertyValueSpecification","valueRequired":true,"valueName":"search_term_string"}}],"inLanguage":"cs"}]}},"_links":{"self":[{"href":"https:\/\/rckopen.com\/cs\/wp-json\/wp\/v2\/product\/6993","targetHints":{"allow":["GET"]}}],"collection":[{"href":"https:\/\/rckopen.com\/cs\/wp-json\/wp\/v2\/product"}],"about":[{"href":"https:\/\/rckopen.com\/cs\/wp-json\/wp\/v2\/types\/product"}],"replies":[{"embeddable":true,"href":"https:\/\/rckopen.com\/cs\/wp-json\/wp\/v2\/comments?post=6993"}],"wp:featuredmedia":[{"embeddable":true,"href":"https:\/\/rckopen.com\/cs\/wp-json\/wp\/v2\/media\/6999"}],"wp:attachment":[{"href":"https:\/\/rckopen.com\/cs\/wp-json\/wp\/v2\/media?parent=6993"}],"wp:term":[{"taxonomy":"product_brand","embeddable":true,"href":"https:\/\/rckopen.com\/cs\/wp-json\/wp\/v2\/product_brand?post=6993"},{"taxonomy":"product_cat","embeddable":true,"href":"https:\/\/rckopen.com\/cs\/wp-json\/wp\/v2\/product_cat?post=6993"},{"taxonomy":"product_tag","embeddable":true,"href":"https:\/\/rckopen.com\/cs\/wp-json\/wp\/v2\/product_tag?post=6993"}],"curies":[{"name":"wp","href":"https:\/\/api.w.org\/{rel}","templated":true}]}}