{"id":8152,"date":"2024-04-15T16:42:14","date_gmt":"2024-04-15T16:42:14","guid":{"rendered":"https:\/\/rckopen.com\/?post_type=product&#038;p=8152"},"modified":"2025-02-04T04:23:08","modified_gmt":"2025-02-04T04:23:08","slug":"koop-caluanie-muelear-oxidize-online","status":"publish","type":"product","link":"https:\/\/rckopen.com\/cs\/produkt\/koop-caluanie-muelear-oxidize-online\/","title":{"rendered":"Koupit Caluanie Muelear Oxidize online"},"content":{"rendered":"<h2 style=\"text-align: justify;\">Koupit Caluanie Muelear Oxidize online<\/h2>\n<p style=\"text-align: justify;\"><a href=\"https:\/\/rckopen.com\/cs\/produkt\/koop-caluanie-muelear-oxidize-online\/\">Koupit Caluanie Muelear Oxidize online<\/a>, chemick\u00fd produkt Caluanie je sv\u011btle hn\u011bd\u00e1 visk\u00f3zn\u00ed kapalina z\u00edskan\u00e1 transmogrifikac\u00ed surov\u00e9ho palmov\u00e9ho roztoku. Surov\u00fd Caluanie se z 99 % vyr\u00e1b\u00ed v z\u00e1vod\u011b na pasterizaci Muelear Oxidize a je to vynikaj\u00edc\u00ed chemik\u00e1lie s potenci\u00e1ln\u00edmi aplikacemi po cel\u00e9m sv\u011bt\u011b v p\u0159ev\u00e1\u017en\u011b chemick\u00e9m centralizovan\u00e9m v\u00fdrobn\u00edm pr\u016fmyslu.<\/p>\n<p style=\"text-align: justify;\">Caluanie je \u0161iroce pou\u017e\u00edv\u00e1n v chemick\u00e9m pr\u016fmyslu, v pr\u016fmyslu n\u00e1t\u011brov\u00fdch hmot jako hygroskopick\u00e9 \u010dinidlo a je \u0161iroce pou\u017eiteln\u00fd v pr\u016fmyslu n\u00e1t\u011br\u016f, barev, plast\u016f a tiska\u0159sk\u00fdch barev. Kupte si 100% \u010dist\u00e9 chemik\u00e1lie Caluanie ze spolehliv\u00e9ho zdroje. <a href=\"https:\/\/rckopen.com\/cs\/\">RCKopen<\/a><\/p>\n<p style=\"text-align: justify;\">Caluaine je nahn\u011bdl\u00e1 visk\u00f3zn\u00ed kapalina generovan\u00e1 Muelear Oxidize. \u0158\u00edk\u00e1 se j\u00ed t\u011b\u017ek\u00e1 voda, proto\u017ee obsahuje v\u00edce t\u011b\u017ek\u00fdch atom\u016f vod\u00edku ne\u017e typick\u00fdch atom\u016f vod\u00edku. Caluanie Muelear Oxidize je navr\u017een tak, aby rozpou\u0161t\u011bl a spaloval oxidy kov\u016f a z\u00e1rove\u0148 se vyh\u00fdbal interakc\u00edm s jin\u00fdmi chemik\u00e1liemi.<\/p>\n<p style=\"text-align: justify;\">Tato \u010dir\u00e1 bezbarv\u00e1 kapalina byla laboratorn\u011b testov\u00e1na, aby se ov\u011b\u0159ilo, \u017ee ru\u010dn\u00ed manipulace nem\u00e1 \u017e\u00e1dn\u00e9 negativn\u00ed \u00fa\u010dinky. Caluaine lze zakoupit v na\u0161em obchod\u011b s d\u016fv\u011brou v jeho \u010distotu a bezpe\u010dnost. Velkoobchodn\u00ed n\u00e1kupy maj\u00ed n\u00e1rok na v\u00fdrazn\u00e9 \u00faspory!<\/p>\n<p style=\"text-align: justify;\">Caluanie Muelear Oxidize je k dispozici pro n\u011bkolik aplikac\u00ed<\/p>\n<p style=\"text-align: justify;\">V pr\u016fmyslov\u00e9m sektoru se chemik\u00e1lie \u0161iroce pou\u017e\u00edvaj\u00ed pro r\u016fzn\u00e9 aplikace. Caluaine Muelear <a href=\"https:\/\/en.wikipedia.org\/wiki\/Oxidizing_acid\">Oxidize<\/a> je velmi \u017e\u00e1dan\u00fd produkt v kovopr\u016fmyslu a chemick\u00e9m pr\u016fmyslu. Mezi hlavn\u00ed aplikace pat\u0159\u00ed:<\/p>\n<p style=\"text-align: justify;\">Kovov\u00e9 hardwarov\u00e9 zpracov\u00e1n\u00ed<br \/>\nOdstra\u0148ov\u00e1n\u00ed skvrn<br \/>\nEmulgov\u00e1n\u00ed<br \/>\nZu\u0161lech\u0165ov\u00e1n\u00ed drahokam\u016f a polodrahokam\u016f<br \/>\nChemick\u00e9 brou\u0161en\u00ed kov\u016f<br \/>\nOdstra\u0148ov\u00e1n\u00ed l\u00e1tek, kter\u00e9 jin\u00e9 chemik\u00e1lie nemohou<\/p>\n<p style=\"text-align: justify;\">Tato slou\u010denina je dostupn\u00e1 jak pro laboratorn\u00ed pou\u017eit\u00ed, tak pro pr\u016fmyslov\u00e9 aplikace. Caluanie Muelear Oxidize je na prodej v\u011bdeck\u00fdmi instituty a lidmi specializovan\u00fdmi na oxida\u010dn\u00ed \u010dinidla a t\u011b\u017ekou vodu. Vyhn\u011bte se nespr\u00e1vn\u00e9mu pou\u017eit\u00ed tohoto produktu, proto\u017ee m\u016f\u017ee zp\u016fsobit otravu. Aby se sn\u00ed\u017eilo nebezpe\u010d\u00ed, m\u011bli by b\u00fdt odborn\u00ed pracovn\u00edci v pr\u016fmyslu \u0159\u00e1dn\u011b vy\u0161koleni.<\/p>\n<p style=\"text-align: justify;\">Pr\u00e1ce s t\u011bmito slou\u010deninami vy\u017eaduje z\u00e1kladn\u00ed pochopen\u00ed bezpe\u010dnostn\u00edch po\u017eadavk\u016f pro manipulaci a skladov\u00e1n\u00ed chemik\u00e1li\u00ed. Aby se zabr\u00e1nilo po\u017eit\u00ed nebo kontaktu s k\u016f\u017e\u00ed, je t\u0159eba nosit ochrann\u00fd od\u011bv. Sna\u017e\u00edme se zajistit, aby kvalita nebyla naru\u0161ena z na\u0161\u00ed strany, ale p\u0159i pou\u017e\u00edv\u00e1n\u00ed tohoto produktu byste m\u011bli b\u00fdt opatrn\u00ed.<\/p>\n<h2 style=\"text-align: justify;\">Wij bieden Caluanie Muelear Oxidize online kopen aan<\/h2>\n<p style=\"text-align: justify;\">Produkt: Caluanie Muelear Oxidize (surov\u00fd Caluanie 99% je generov\u00e1n z Muelear oxidise), Caluanie (Oxida\u010dn\u00ed rozd\u011blovac\u00ed termostat, t\u011b\u017ek\u00e1 voda):<\/p>\n<p style=\"text-align: justify;\">Tento produkt se pou\u017e\u00edv\u00e1 k brou\u0161en\u00ed a zpracov\u00e1n\u00ed drah\u00fdch kov\u016f a polodrahokam\u016f. Pou\u017e\u00edv\u00e1 se ke zpracov\u00e1n\u00ed drah\u00fdch a polodrahokam\u016f a drcen\u00ed kov\u016f v chemick\u00e9m pr\u016fmyslu. Caluanie Mulear Oxid online USA<\/p>\n<h3 style=\"text-align: justify;\">Co z n\u00e1s d\u011bl\u00e1 p\u0159edn\u00edho v\u00fdrobce Caluanie Muelear Oxidize?<\/h3>\n<p style=\"text-align: justify;\">Probl\u00e9m v\u011bt\u0161iny chemik\u00e1li\u00ed je dnes v tom, \u017ee p\u0159ich\u00e1zej\u00ed v r\u016fzn\u00fdch koncentrac\u00edch. Vzhledem k tvrd\u00e9 konkurenci je kvalita jedn\u00edm z nejpal\u010div\u011bj\u0161\u00edch probl\u00e9m\u016f. Maloobjemov\u00e9 v\u00fdrobn\u00ed jednotky vyu\u017e\u00edvaj\u00ed strategie sni\u017eov\u00e1n\u00ed n\u00e1klad\u016f k maximalizaci zisku prodejem nekvalitn\u00edho zbo\u017e\u00ed. Caluanie Chemicals LTD mezi n\u011b nepat\u0159\u00ed.<\/p>\n<p style=\"text-align: justify;\">Pokud jde o zaji\u0161t\u011bn\u00ed kvality a vytv\u00e1\u0159en\u00ed hodnoty, m\u00e1me v\u00e1\u0161e\u0148 j\u00edt nad r\u00e1mec. Laboratorn\u011b testovan\u00fd Caluanie Muelear Oxidize je u n\u00e1s dostupn\u00fd za bezkonkuren\u010dn\u00ed ceny. Krom\u011b toho db\u00e1me na bezpe\u010dnost na\u0161ich klient\u016f a poskytujeme vhodn\u00e9 pokyny. Na\u0161e slu\u017eby mohou b\u00fdt p\u0159izp\u016fsobeny konkr\u00e9tn\u00edm pot\u0159eb\u00e1m a v p\u0159\u00edpad\u011b jak\u00fdchkoli dotaz\u016f nebo p\u0159ipom\u00ednek n\u00e1s m\u016f\u017eete kdykoli kontaktovat.<\/p>\n<p style=\"text-align: justify;\">Dostupn\u00e9 balen\u00ed: 5L a hromadn\u00e9 balen\u00ed od 20L, 50L, 100L nebo dle po\u017eadavku kupuj\u00edc\u00edho.<\/p>","protected":false},"excerpt":{"rendered":"<p>Nab\u00edz\u00edme k prodeji Caluanie Muelear Oxidize. Produkt: Caluanie Muelear Oxidize (surov\u00e1 Caluanie 99% se vyr\u00e1b\u00ed z Muelear oxidise) Caluanie (oxida\u010dn\u00ed rozd\u011blovac\u00ed termostat, t\u011b\u017ek\u00e1 voda): Cena kanystru (1ks) -5 l.<\/p>\n<p>Jsme spolehliv\u00e1 dodavatelsk\u00e1 spole\u010dnost a dosahujeme \u00fasp\u011bchu 100% ve v\u0161ech zem\u00edch.<\/p>\n<p>T\u011b\u017ek\u00e1 voda m\u011bn\u00ed vlastnosti kovu a \u010din\u00ed ho k\u0159ehk\u00fdm. Jakmile se v\u0161ak t\u011b\u017ek\u00e1 voda vypa\u0159\u00ed, kov se vr\u00e1t\u00ed do p\u016fvodn\u00edho stavu.<\/p>","protected":false},"featured_media":8159,"comment_status":"open","ping_status":"closed","template":"","meta":{"_joinchat":[]},"product_brand":[],"product_cat":[194],"product_tag":[],"class_list":{"0":"post-8152","1":"product","2":"type-product","3":"status-publish","4":"has-post-thumbnail","6":"product_cat-liquid-mercury","8":"first","9":"instock","10":"shipping-taxable","11":"purchasable","12":"product-type-variable"},"yoast_head":"<!-- This site is optimized with the Yoast SEO plugin v26.3 - https:\/\/yoast.com\/wordpress\/plugins\/seo\/ -->\n<title>Caluanie Muelear Oxidize online kopen @ Rckopen<\/title>\n<meta name=\"description\" content=\"caluanie muelear oxidize te koop is nu eenvoudig verkrijgbaar in onze online winkel. U kunt rechtstreeks verbinding maken met onze RC-koopwinkel en caluanie muelear oxidize online kopen tegen de beste prijzen.\" \/>\n<meta name=\"robots\" content=\"index, follow, max-snippet:-1, max-image-preview:large, max-video-preview:-1\" \/>\n<link rel=\"canonical\" href=\"https:\/\/rckopen.com\/cs\/produkt\/koop-caluanie-muelear-oxidize-online\/\" \/>\n<meta property=\"og:locale\" content=\"cs_CZ\" \/>\n<meta property=\"og:type\" content=\"article\" \/>\n<meta property=\"og:title\" content=\"Caluanie Muelear Oxidize online kopen @ Rckopen\" \/>\n<meta property=\"og:description\" content=\"caluanie muelear oxidize te koop is nu eenvoudig verkrijgbaar in onze online winkel. U kunt rechtstreeks verbinding maken met onze RC-koopwinkel en caluanie muelear oxidize online kopen tegen de beste prijzen.\" \/>\n<meta property=\"og:url\" content=\"https:\/\/rckopen.com\/cs\/produkt\/koop-caluanie-muelear-oxidize-online\/\" \/>\n<meta property=\"og:site_name\" content=\"RC Kopen\" \/>\n<meta property=\"article:modified_time\" content=\"2025-02-04T04:23:08+00:00\" \/>\n<meta property=\"og:image\" content=\"https:\/\/rckopen.com\/wp-content\/uploads\/2024\/04\/caluanie-muelear-oxidize.jpg\" \/>\n\t<meta property=\"og:image:width\" content=\"600\" \/>\n\t<meta property=\"og:image:height\" content=\"600\" \/>\n\t<meta property=\"og:image:type\" content=\"image\/jpeg\" \/>\n<meta name=\"twitter:card\" content=\"summary_large_image\" \/>\n<meta name=\"twitter:label1\" content=\"Odhadovan\u00e1 doba \u010dten\u00ed\" \/>\n\t<meta name=\"twitter:data1\" content=\"3 minuty\" \/>\n<script type=\"application\/ld+json\" class=\"yoast-schema-graph\">{\"@context\":\"https:\/\/schema.org\",\"@graph\":[{\"@type\":\"WebPage\",\"@id\":\"https:\/\/rckopen.com\/product\/koop-caluanie-muelear-oxidize-online\/\",\"url\":\"https:\/\/rckopen.com\/product\/koop-caluanie-muelear-oxidize-online\/\",\"name\":\"Caluanie Muelear Oxidize online kopen @ Rckopen\",\"isPartOf\":{\"@id\":\"https:\/\/rckopen.com\/#website\"},\"primaryImageOfPage\":{\"@id\":\"https:\/\/rckopen.com\/product\/koop-caluanie-muelear-oxidize-online\/#primaryimage\"},\"image\":{\"@id\":\"https:\/\/rckopen.com\/product\/koop-caluanie-muelear-oxidize-online\/#primaryimage\"},\"thumbnailUrl\":\"https:\/\/rckopen.com\/wp-content\/uploads\/2024\/04\/caluanie-muelear-oxidize.jpg\",\"datePublished\":\"2024-04-15T16:42:14+00:00\",\"dateModified\":\"2025-02-04T04:23:08+00:00\",\"description\":\"caluanie muelear oxidize te koop is nu eenvoudig verkrijgbaar in onze online winkel. U kunt rechtstreeks verbinding maken met onze RC-koopwinkel en caluanie muelear oxidize online kopen tegen de beste prijzen.\",\"breadcrumb\":{\"@id\":\"https:\/\/rckopen.com\/product\/koop-caluanie-muelear-oxidize-online\/#breadcrumb\"},\"inLanguage\":\"cs\",\"potentialAction\":[{\"@type\":\"ReadAction\",\"target\":[\"https:\/\/rckopen.com\/product\/koop-caluanie-muelear-oxidize-online\/\"]}]},{\"@type\":\"ImageObject\",\"inLanguage\":\"cs\",\"@id\":\"https:\/\/rckopen.com\/product\/koop-caluanie-muelear-oxidize-online\/#primaryimage\",\"url\":\"https:\/\/rckopen.com\/wp-content\/uploads\/2024\/04\/caluanie-muelear-oxidize.jpg\",\"contentUrl\":\"https:\/\/rckopen.com\/wp-content\/uploads\/2024\/04\/caluanie-muelear-oxidize.jpg\",\"width\":600,\"height\":600,\"caption\":\"Caluanie Muelear Oxidize online kopen\"},{\"@type\":\"BreadcrumbList\",\"@id\":\"https:\/\/rckopen.com\/product\/koop-caluanie-muelear-oxidize-online\/#breadcrumb\",\"itemListElement\":[{\"@type\":\"ListItem\",\"position\":1,\"name\":\"Home\",\"item\":\"https:\/\/rckopen.com\/\"},{\"@type\":\"ListItem\",\"position\":2,\"name\":\"Shop\",\"item\":\"https:\/\/rckopen.com\/shop\/\"},{\"@type\":\"ListItem\",\"position\":3,\"name\":\"Caluanie Muelear Oxidize online kopen\"}]},{\"@type\":\"WebSite\",\"@id\":\"https:\/\/rckopen.com\/#website\",\"url\":\"https:\/\/rckopen.com\/\",\"name\":\"RC Kopen\",\"description\":\"Research Chemicals\",\"potentialAction\":[{\"@type\":\"SearchAction\",\"target\":{\"@type\":\"EntryPoint\",\"urlTemplate\":\"https:\/\/rckopen.com\/?s={search_term_string}\"},\"query-input\":{\"@type\":\"PropertyValueSpecification\",\"valueRequired\":true,\"valueName\":\"search_term_string\"}}],\"inLanguage\":\"cs\"}]}<\/script>\n<!-- \/ Yoast SEO plugin. -->","yoast_head_json":{"title":"Caluanie Muelear Oxidize online kopen @ Rckopen","description":"caluanie muelear oxidize te koop is nu eenvoudig verkrijgbaar in onze online winkel. U kunt rechtstreeks verbinding maken met onze RC-koopwinkel en caluanie muelear oxidize online kopen tegen de beste prijzen.","robots":{"index":"index","follow":"follow","max-snippet":"max-snippet:-1","max-image-preview":"max-image-preview:large","max-video-preview":"max-video-preview:-1"},"canonical":"https:\/\/rckopen.com\/cs\/produkt\/koop-caluanie-muelear-oxidize-online\/","og_locale":"cs_CZ","og_type":"article","og_title":"Caluanie Muelear Oxidize online kopen @ Rckopen","og_description":"caluanie muelear oxidize te koop is nu eenvoudig verkrijgbaar in onze online winkel. U kunt rechtstreeks verbinding maken met onze RC-koopwinkel en caluanie muelear oxidize online kopen tegen de beste prijzen.","og_url":"https:\/\/rckopen.com\/cs\/produkt\/koop-caluanie-muelear-oxidize-online\/","og_site_name":"RC Kopen","article_modified_time":"2025-02-04T04:23:08+00:00","og_image":[{"width":600,"height":600,"url":"https:\/\/rckopen.com\/wp-content\/uploads\/2024\/04\/caluanie-muelear-oxidize.jpg","type":"image\/jpeg"}],"twitter_card":"summary_large_image","twitter_misc":{"Odhadovan\u00e1 doba \u010dten\u00ed":"3 minuty"},"schema":{"@context":"https:\/\/schema.org","@graph":[{"@type":"WebPage","@id":"https:\/\/rckopen.com\/product\/koop-caluanie-muelear-oxidize-online\/","url":"https:\/\/rckopen.com\/product\/koop-caluanie-muelear-oxidize-online\/","name":"Caluanie Muelear Oxidize online kopen @ Rckopen","isPartOf":{"@id":"https:\/\/rckopen.com\/#website"},"primaryImageOfPage":{"@id":"https:\/\/rckopen.com\/product\/koop-caluanie-muelear-oxidize-online\/#primaryimage"},"image":{"@id":"https:\/\/rckopen.com\/product\/koop-caluanie-muelear-oxidize-online\/#primaryimage"},"thumbnailUrl":"https:\/\/rckopen.com\/wp-content\/uploads\/2024\/04\/caluanie-muelear-oxidize.jpg","datePublished":"2024-04-15T16:42:14+00:00","dateModified":"2025-02-04T04:23:08+00:00","description":"caluanie muelear oxidize te koop is nu eenvoudig verkrijgbaar in onze online winkel. U kunt rechtstreeks verbinding maken met onze RC-koopwinkel en caluanie muelear oxidize online kopen tegen de beste prijzen.","breadcrumb":{"@id":"https:\/\/rckopen.com\/product\/koop-caluanie-muelear-oxidize-online\/#breadcrumb"},"inLanguage":"cs","potentialAction":[{"@type":"ReadAction","target":["https:\/\/rckopen.com\/product\/koop-caluanie-muelear-oxidize-online\/"]}]},{"@type":"ImageObject","inLanguage":"cs","@id":"https:\/\/rckopen.com\/product\/koop-caluanie-muelear-oxidize-online\/#primaryimage","url":"https:\/\/rckopen.com\/wp-content\/uploads\/2024\/04\/caluanie-muelear-oxidize.jpg","contentUrl":"https:\/\/rckopen.com\/wp-content\/uploads\/2024\/04\/caluanie-muelear-oxidize.jpg","width":600,"height":600,"caption":"Caluanie Muelear Oxidize online kopen"},{"@type":"BreadcrumbList","@id":"https:\/\/rckopen.com\/product\/koop-caluanie-muelear-oxidize-online\/#breadcrumb","itemListElement":[{"@type":"ListItem","position":1,"name":"Home","item":"https:\/\/rckopen.com\/"},{"@type":"ListItem","position":2,"name":"Shop","item":"https:\/\/rckopen.com\/shop\/"},{"@type":"ListItem","position":3,"name":"Caluanie Muelear Oxidize online kopen"}]},{"@type":"WebSite","@id":"https:\/\/rckopen.com\/#website","url":"https:\/\/rckopen.com\/","name":"RC Kopen","description":"Research Chemicals","potentialAction":[{"@type":"SearchAction","target":{"@type":"EntryPoint","urlTemplate":"https:\/\/rckopen.com\/?s={search_term_string}"},"query-input":{"@type":"PropertyValueSpecification","valueRequired":true,"valueName":"search_term_string"}}],"inLanguage":"cs"}]}},"_links":{"self":[{"href":"https:\/\/rckopen.com\/cs\/wp-json\/wp\/v2\/product\/8152","targetHints":{"allow":["GET"]}}],"collection":[{"href":"https:\/\/rckopen.com\/cs\/wp-json\/wp\/v2\/product"}],"about":[{"href":"https:\/\/rckopen.com\/cs\/wp-json\/wp\/v2\/types\/product"}],"replies":[{"embeddable":true,"href":"https:\/\/rckopen.com\/cs\/wp-json\/wp\/v2\/comments?post=8152"}],"wp:featuredmedia":[{"embeddable":true,"href":"https:\/\/rckopen.com\/cs\/wp-json\/wp\/v2\/media\/8159"}],"wp:attachment":[{"href":"https:\/\/rckopen.com\/cs\/wp-json\/wp\/v2\/media?parent=8152"}],"wp:term":[{"taxonomy":"product_brand","embeddable":true,"href":"https:\/\/rckopen.com\/cs\/wp-json\/wp\/v2\/product_brand?post=8152"},{"taxonomy":"product_cat","embeddable":true,"href":"https:\/\/rckopen.com\/cs\/wp-json\/wp\/v2\/product_cat?post=8152"},{"taxonomy":"product_tag","embeddable":true,"href":"https:\/\/rckopen.com\/cs\/wp-json\/wp\/v2\/product_tag?post=8152"}],"curies":[{"name":"wp","href":"https:\/\/api.w.org\/{rel}","templated":true}]}}