{"id":7771,"date":"2018-08-24T01:24:09","date_gmt":"2018-08-24T01:24:09","guid":{"rendered":"http:\/\/192.168.1.209\/greenfarm\/?page_id=13"},"modified":"2023-08-28T08:01:44","modified_gmt":"2023-08-28T08:01:44","slug":"over-ons","status":"publish","type":"page","link":"https:\/\/rckopen.com\/de\/uber-uns\/","title":{"rendered":"\u00dcber uns"},"content":{"rendered":"<section class=\"wpb-content-wrapper\"><div class=\"vc_row wpb_row vc_row-fluid about-introduce\"><div class=\"wpb_column vc_column_container vc_col-sm-12\"><div class=\"vc_column-inner\"><div class=\"wpb_wrapper\">\n\t<div  class=\"wpb_single_image wpb_content_element vc_align_center\">\n\t\t\n\t\t<figure class=\"wpb_wrapper vc_figure\">\n\t\t\t<div class=\"vc_single_image-wrapper   vc_box_border_grey\"><\/div>\n\t\t<\/figure>\n\t<\/div>\n\n\t<div class=\"wpb_text_column wpb_content_element\" >\n\t\t<div class=\"wpb_wrapper\">\n\t\t\t<h3 style=\"text-align: justify;\">RC Kopen ist ein seit 2020 in Europa registriertes Unternehmen.<\/h3>\n<p style=\"text-align: justify;\">RCKopen ist eines der wenigen Online-Unternehmen, das hochreine Forschungschemikalien f\u00fcr individuelle und\/oder firmeninterne Laborforschung und -analyse anbietet. Wir bieten unseren Kunden sowohl die gefragtesten als auch seltene Forschungschemikalien mit einem Reinheitsgrad von mindestens 98%. Jede neue Produktcharge wird im Labor gepr\u00fcft und mit einem Analysezertifikat versehen. Auf diese Weise wissen wir immer, dass wir unseren Kunden au\u00dfergew\u00f6hnlich reine Chemikalien liefern.<\/p>\n<p style=\"text-align: justify;\">Durch unsere Bem\u00fchungen liefern wir Chemikalien von h\u00f6chster Qualit\u00e4t und Reinheit zu einem wettbewerbsf\u00e4higen Preis. Konsistente Qualit\u00e4t, reiche Exporterfahrung, geringes Risiko, schneller Service und kurze Vorlaufzeit, all diese Vorteile gewinnen mehr und mehr Kunden und hohen Marktanteil f\u00fcr uns.<\/p>\n<p style=\"text-align: justify;\">Wir sind kein typisches An- und Verkaufsunternehmen. Unsere Preise sind erschwinglich und entsprechen den Durchschnittspreisen auf dem Markt f\u00fcr Forschungschemikalien. Da wir uns dem Komfort und der Zufriedenheit unserer Kunden verpflichtet f\u00fchlen, versuchen wir stets, die Erwartungen unserer Kunden zu erf\u00fcllen und zu \u00fcbertreffen, und bieten eine breite Palette von Zahlungs- und Versandoptionen. Wir sind fast der einzige Anbieter, der den weltweiten Versand von Paketen gew\u00e4hrleistet.<\/p>\n<p style=\"text-align: justify;\">Sollten unerwartete Umst\u00e4nde eintreten, wird unser Kundendienstteam Sie stets unterst\u00fctzen und f\u00fcr jede Situation die am besten geeignete L\u00f6sung finden. Wir h\u00f6ren auf unsere Kunden und ber\u00fccksichtigen jedes Feedback und jede Kritik. Dies hilft uns auch, den Markt weiterzuentwickeln, neue Produkte auf den Markt zu bringen und unseren Kunden mehr und mehr Neuheiten zu bieten.<\/p>\n<p style=\"text-align: justify;\">Es ist uns gelungen, eine langfristige Beziehung zu vielen Einzel- und Gro\u00dfhandelskunden aufzubauen, deren Zahl st\u00e4ndig w\u00e4chst. Die meisten Kunden kehren regelm\u00e4\u00dfig auf unsere Website zur\u00fcck, weil sie wissen, dass sie hier eine gro\u00dfe Auswahl an Qualit\u00e4tsprodukten, flexible Zahlungsm\u00f6glichkeiten, schnelle und versicherte Lieferung, einen sicheren und bequemen Bestellvorgang sowie einen schnellen und effizienten Kundenservice vorfinden. Wir wissen jedoch, dass es immer Raum f\u00fcr Perfektion gibt!<\/p>\n\n\t\t<\/div>\n\t<\/div>\n<div class=\"vc_empty_space\"   style=\"height: 32px\"><span class=\"vc_empty_space_inner\"><\/span><\/div><\/div><\/div><\/div><\/div><div class=\"vc_row wpb_row vc_row-fluid about-what-we-do\"><div class=\"wpb_column vc_column_container vc_col-sm-4\"><div class=\"vc_column-inner\"><div class=\"wpb_wrapper\">\n\t<div  class=\"wpb_single_image wpb_content_element vc_align_center\">\n\t\t\n\t\t<figure class=\"wpb_wrapper vc_figure\">\n\t\t\t<div class=\"vc_single_image-wrapper   vc_box_border_grey\"><\/div>\n\t\t<\/figure>\n\t<\/div>\n\n\t<div class=\"wpb_text_column wpb_content_element\" >\n\t\t<div class=\"wpb_wrapper\">\n\t\t\t<h4>Was sollen wir tun?<\/h4>\n<p>Als zuverl\u00e4ssiger Lieferant von Forschungschemikalien bieten wir ein umfangreiches Sortiment an hochwertigen Verbindungen f\u00fcr die wissenschaftliche Forschung. Unsere Produkte werden strengen Tests unterzogen, um ihre Reinheit und Authentizit\u00e4t zu gew\u00e4hrleisten und die Spitzenforschung in verschiedenen Bereichen zu unterst\u00fctzen. Mit unserem Engagement f\u00fcr Integrit\u00e4t und Innovation sind wir Ihr zuverl\u00e4ssiger Partner, wenn es darum geht, wissenschaftliche Entdeckungen voranzutreiben.<\/p>\n\n\t\t<\/div>\n\t<\/div>\n<\/div><\/div><\/div><div class=\"wpb_column vc_column_container vc_col-sm-4\"><div class=\"vc_column-inner\"><div class=\"wpb_wrapper\">\n\t<div  class=\"wpb_single_image wpb_content_element vc_align_center\">\n\t\t\n\t\t<figure class=\"wpb_wrapper vc_figure\">\n\t\t\t<div class=\"vc_single_image-wrapper   vc_box_border_grey\"><\/div>\n\t\t<\/figure>\n\t<\/div>\n\n\t<div class=\"wpb_text_column wpb_content_element\" >\n\t\t<div class=\"wpb_wrapper\">\n\t\t\t<h4>Unser Auftrag<\/h4>\n<p>Unsere Aufgabe als Lieferant von Forschungschemikalien ist es, den wissenschaftlichen Fortschritt zu f\u00f6rdern, indem wir Forschern auf der ganzen Welt qualitativ hochwertige Verbindungen zur Verf\u00fcgung stellen. Wir sind bestrebt, Innovationen zu erm\u00f6glichen, indem wir die Authentizit\u00e4t, Reinheit und Zuverl\u00e4ssigkeit unserer Produkte sicherstellen, damit Forscher in verschiedenen Bereichen Durchbr\u00fcche erzielen k\u00f6nnen. Wir haben uns ethischen Praktiken und Spitzenleistungen verschrieben und sind bestrebt, der Katalysator f\u00fcr transformative Entdeckungen zu sein.<\/p>\n\n\t\t<\/div>\n\t<\/div>\n<\/div><\/div><\/div><div class=\"wpb_column vc_column_container vc_col-sm-4\"><div class=\"vc_column-inner\"><div class=\"wpb_wrapper\">\n\t<div  class=\"wpb_single_image wpb_content_element vc_align_center\">\n\t\t\n\t\t<figure class=\"wpb_wrapper vc_figure\">\n\t\t\t<div class=\"vc_single_image-wrapper   vc_box_border_grey\"><\/div>\n\t\t<\/figure>\n\t<\/div>\n\n\t<div class=\"wpb_text_column wpb_content_element\" >\n\t\t<div class=\"wpb_wrapper\">\n\t\t\t<h4>Geschichte von uns<\/h4>\n<p>Seit mehr als einem Jahrzehnt sind wir ein f\u00fchrender Anbieter von Forschungschemikalien, der kontinuierlich hochmoderne Verbindungen f\u00fcr die wissenschaftliche Forschung bereitstellt. Unser Weg ist gepr\u00e4gt von einem unersch\u00fctterlichen Engagement f\u00fcr Qualit\u00e4t, Compliance und Innovation, das zu dauerhaften Partnerschaften mit Forschern auf der ganzen Welt f\u00fchrt. Von unseren bescheidenen Anf\u00e4ngen bis hin zu einem vertrauensw\u00fcrdigen Namen in der Branche ist unsere Geschichte ein Zeugnis f\u00fcr unser Engagement, Forschung und Wissen voranzutreiben.<\/p>\n\n\t\t<\/div>\n\t<\/div>\n<\/div><\/div><\/div><\/div>\n<\/section>","protected":false},"excerpt":{"rendered":"RC Kopen is een bedrijf geregistreerd in Europa sinds 2020. RCKopen is een van de weinige online bedrijven die zeer zuivere onderzoekschemicali\u00ebn leveren voor individueel en\/of bedrijfslaboratoriumonderzoek en -analyse. Wij bieden onze klanten zowel de meest gevraagde als zeldzame onderzoekschemicali\u00ebn met een zuiverheid van minstens 98%. Elke nieuwe batch producten","protected":false},"author":1,"featured_media":0,"parent":0,"menu_order":0,"comment_status":"closed","ping_status":"closed","template":"page-templates\/about-page.php","meta":{"_joinchat":[],"footnotes":""},"class_list":["post-7771","page","type-page","status-publish","hentry"],"yoast_head":"<!-- This site is optimized with the Yoast SEO plugin v26.3 - https:\/\/yoast.com\/wordpress\/plugins\/seo\/ -->\n<title>Over ons - RC Kopen<\/title>\n<meta name=\"robots\" content=\"index, follow, max-snippet:-1, max-image-preview:large, max-video-preview:-1\" \/>\n<link rel=\"canonical\" href=\"https:\/\/rckopen.com\/de\/uber-uns\/\" \/>\n<meta property=\"og:locale\" content=\"de_DE\" \/>\n<meta property=\"og:type\" content=\"article\" \/>\n<meta property=\"og:title\" content=\"Over ons - RC Kopen\" \/>\n<meta property=\"og:url\" content=\"https:\/\/rckopen.com\/de\/uber-uns\/\" \/>\n<meta property=\"og:site_name\" content=\"RC Kopen\" \/>\n<meta property=\"article:modified_time\" content=\"2023-08-28T08:01:44+00:00\" \/>\n<meta name=\"twitter:card\" content=\"summary_large_image\" \/>\n<meta name=\"twitter:label1\" content=\"Gesch\u00e4tzte Lesezeit\" \/>\n\t<meta name=\"twitter:data1\" content=\"3\u00a0Minuten\" \/>\n<script type=\"application\/ld+json\" class=\"yoast-schema-graph\">{\"@context\":\"https:\/\/schema.org\",\"@graph\":[{\"@type\":\"WebPage\",\"@id\":\"https:\/\/rckopen.com\/over-ons\/\",\"url\":\"https:\/\/rckopen.com\/over-ons\/\",\"name\":\"Over ons - RC Kopen\",\"isPartOf\":{\"@id\":\"https:\/\/rckopen.com\/#website\"},\"datePublished\":\"2018-08-24T01:24:09+00:00\",\"dateModified\":\"2023-08-28T08:01:44+00:00\",\"breadcrumb\":{\"@id\":\"https:\/\/rckopen.com\/over-ons\/#breadcrumb\"},\"inLanguage\":\"de-CH\",\"potentialAction\":[{\"@type\":\"ReadAction\",\"target\":[\"https:\/\/rckopen.com\/over-ons\/\"]}]},{\"@type\":\"BreadcrumbList\",\"@id\":\"https:\/\/rckopen.com\/over-ons\/#breadcrumb\",\"itemListElement\":[{\"@type\":\"ListItem\",\"position\":1,\"name\":\"Home\",\"item\":\"https:\/\/rckopen.com\/\"},{\"@type\":\"ListItem\",\"position\":2,\"name\":\"Over ons\"}]},{\"@type\":\"WebSite\",\"@id\":\"https:\/\/rckopen.com\/#website\",\"url\":\"https:\/\/rckopen.com\/\",\"name\":\"RC Kopen\",\"description\":\"Research Chemicals\",\"potentialAction\":[{\"@type\":\"SearchAction\",\"target\":{\"@type\":\"EntryPoint\",\"urlTemplate\":\"https:\/\/rckopen.com\/?s={search_term_string}\"},\"query-input\":{\"@type\":\"PropertyValueSpecification\",\"valueRequired\":true,\"valueName\":\"search_term_string\"}}],\"inLanguage\":\"de-CH\"}]}<\/script>\n<!-- \/ Yoast SEO plugin. -->","yoast_head_json":{"title":"Over ons - RC Kopen","robots":{"index":"index","follow":"follow","max-snippet":"max-snippet:-1","max-image-preview":"max-image-preview:large","max-video-preview":"max-video-preview:-1"},"canonical":"https:\/\/rckopen.com\/de\/uber-uns\/","og_locale":"de_DE","og_type":"article","og_title":"Over ons - RC Kopen","og_url":"https:\/\/rckopen.com\/de\/uber-uns\/","og_site_name":"RC Kopen","article_modified_time":"2023-08-28T08:01:44+00:00","twitter_card":"summary_large_image","twitter_misc":{"Gesch\u00e4tzte Lesezeit":"3\u00a0Minuten"},"schema":{"@context":"https:\/\/schema.org","@graph":[{"@type":"WebPage","@id":"https:\/\/rckopen.com\/over-ons\/","url":"https:\/\/rckopen.com\/over-ons\/","name":"Over ons - RC Kopen","isPartOf":{"@id":"https:\/\/rckopen.com\/#website"},"datePublished":"2018-08-24T01:24:09+00:00","dateModified":"2023-08-28T08:01:44+00:00","breadcrumb":{"@id":"https:\/\/rckopen.com\/over-ons\/#breadcrumb"},"inLanguage":"de-CH","potentialAction":[{"@type":"ReadAction","target":["https:\/\/rckopen.com\/over-ons\/"]}]},{"@type":"BreadcrumbList","@id":"https:\/\/rckopen.com\/over-ons\/#breadcrumb","itemListElement":[{"@type":"ListItem","position":1,"name":"Home","item":"https:\/\/rckopen.com\/"},{"@type":"ListItem","position":2,"name":"Over ons"}]},{"@type":"WebSite","@id":"https:\/\/rckopen.com\/#website","url":"https:\/\/rckopen.com\/","name":"RC Kopen","description":"Research Chemicals","potentialAction":[{"@type":"SearchAction","target":{"@type":"EntryPoint","urlTemplate":"https:\/\/rckopen.com\/?s={search_term_string}"},"query-input":{"@type":"PropertyValueSpecification","valueRequired":true,"valueName":"search_term_string"}}],"inLanguage":"de-CH"}]}},"_links":{"self":[{"href":"https:\/\/rckopen.com\/de\/wp-json\/wp\/v2\/pages\/7771","targetHints":{"allow":["GET"]}}],"collection":[{"href":"https:\/\/rckopen.com\/de\/wp-json\/wp\/v2\/pages"}],"about":[{"href":"https:\/\/rckopen.com\/de\/wp-json\/wp\/v2\/types\/page"}],"author":[{"embeddable":true,"href":"https:\/\/rckopen.com\/de\/wp-json\/wp\/v2\/users\/1"}],"replies":[{"embeddable":true,"href":"https:\/\/rckopen.com\/de\/wp-json\/wp\/v2\/comments?post=7771"}],"version-history":[{"count":5,"href":"https:\/\/rckopen.com\/de\/wp-json\/wp\/v2\/pages\/7771\/revisions"}],"predecessor-version":[{"id":7947,"href":"https:\/\/rckopen.com\/de\/wp-json\/wp\/v2\/pages\/7771\/revisions\/7947"}],"wp:attachment":[{"href":"https:\/\/rckopen.com\/de\/wp-json\/wp\/v2\/media?parent=7771"}],"curies":[{"name":"wp","href":"https:\/\/api.w.org\/{rel}","templated":true}]}}