{"id":6227,"date":"2023-08-14T06:36:53","date_gmt":"2023-08-14T06:36:53","guid":{"rendered":"https:\/\/diligentplug.com\/chems\/?post_type=product&#038;p=6227"},"modified":"2025-06-20T07:35:26","modified_gmt":"2025-06-20T07:35:26","slug":"3-fa","status":"publish","type":"product","link":"https:\/\/rckopen.com\/de\/produkt\/3-fa\/","title":{"rendered":"3-FA online kaufen"},"content":{"rendered":"<h2><b>3-FA: Fortschrittliche neurochemische Forschung mit einem leistungsstarken Stimulus<\/b><\/h2>\n<p><b>Entdecken Sie den n\u00e4chsten Schritt in der Stimulusforschung<\/b><b><br \/>\n<\/b><span style=\"font-weight: 400;\"> Sind Sie auf der Suche nach einer zuverl\u00e4ssigen, hochwertigen Forschungschemikalie zur Erforschung der stimulierenden Eigenschaften und zur Verbesserung Ihrer neurochemischen Studien? Dann suchen Sie nicht weiter als <\/span><a href=\"https:\/\/rckopen.com\/de\/produkt\/3-fa\/\"><b>3-FA<\/b><\/a><span style=\"font-weight: 400;\">ein starkes Stimulans, das aufgrund seines Einflusses auf das Serotonin-, Dopamin- und Noradrenalin-System in der wissenschaftlichen Gemeinschaft rasch an Interesse gewinnt. Forscher und Fachleute verlassen sich auf <\/span><b>3-FA<\/b><span style=\"font-weight: 400;\"> f\u00fcr die pr\u00e4zise Untersuchung von kognitiven Funktionen, Stimmungsschwankungen und Wachsamkeit.<\/span><\/p>\n<h3><b>Was ist 3-FA?<\/b><\/h3>\n<p><b>Chemische Eigenschaften und Klassifizierung<\/b><b><br \/>\n<\/b><span style=\"font-weight: 400;\"> 3-FA, auch bekannt als 3-Fluoramphetamin, ist ein fluoriertes Derivat von Amphetamin. Es hat eine \u00e4hnliche chemische Struktur wie Verbindungen wie MDMA und Methamphetamin, unterscheidet sich jedoch durch die Fluorgruppe an der 3-Position des aromatischen Rings. Die Website <\/span><b>Summenformel<\/b><span style=\"font-weight: 400;\"> f\u00fcr 3-FA ist <\/span><b>C9H12FN<\/b><span style=\"font-weight: 400;\">und f\u00e4llt damit unter die Kategorie <\/span><b>substituierte Amphetamine<\/b><span style=\"font-weight: 400;\">. Diese einzigartige Struktur tr\u00e4gt zu seiner ausgepr\u00e4gten stimulierenden Wirkung bei und macht es zu einem wertvollen Instrument f\u00fcr verschiedene pharmakologische und neurochemische Studien.<\/span><\/p>\n<p><b>Wie wirkt 3-FA im Gehirn?<\/b><b><br \/>\n<\/b><span style=\"font-weight: 400;\"> 3-FA ist ein <\/span><b>Stimulans des zentralen Nervensystems<\/b><span style=\"font-weight: 400;\"> das durch Einwirkung auf <\/span><b>Neurotransmitter<\/b><span style=\"font-weight: 400;\"> wie Serotonin, Dopamin und Norepinephrin. Die Fluorgruppe steigert die Aktivit\u00e4t, was zu einer st\u00e4rkeren stimulierenden Wirkung f\u00fchrt. Die Forscher untersuchen, wie diese Chemikalie die Gehirnchemie und das Verhalten ver\u00e4ndert, was sie f\u00fcr die Untersuchung der <\/span><b>kognitive und affektive St\u00f6rungen<\/b><span style=\"font-weight: 400;\">. Die <\/span><b>Dopamin freisetzend<\/b><span style=\"font-weight: 400;\"> Seine Eigenschaften machen ihn auch zu einem idealen Kandidaten f\u00fcr <\/span><b>Sucht<\/b><span style=\"font-weight: 400;\"> und <\/span><b>neurodegenerative Krankheiten<\/b><span style=\"font-weight: 400;\"> verstehen.<\/span><\/p>\n<h3><b>Warum 3-FA online kaufen?<\/b><\/h3>\n<p><b>Bequemlichkeit und Zug\u00e4nglichkeit<\/b><b><br \/>\n<\/b><span style=\"font-weight: 400;\"> Angesichts der wachsenden Nachfrage nach <\/span><b>Forschungschemikalien<\/b><span style=\"font-weight: 400;\"> und <\/span><b>neurochemische Studien<\/b><span style=\"font-weight: 400;\"> kauft <\/span><b>3-FA online<\/b><span style=\"font-weight: 400;\"> immer beliebter. Der Online-Markt bietet unvergleichliche <\/span><b>Bequemlichkeit<\/b><span style=\"font-weight: 400;\"> und <\/span><b>Zug\u00e4nglichkeit<\/b><span style=\"font-weight: 400;\">So k\u00f6nnen Sie sich Ihre Forschungsprodukte einfach nach Hause liefern lassen. Unabh\u00e4ngig von Ihrem Standort k\u00f6nnen Sie ganz einfach <\/span><b>3-FA online bestellen<\/b><span style=\"font-weight: 400;\"> mit nur wenigen Klicks.<\/span><\/p>\n<p><b>Pr\u00e4zise Dosierung und hochwertige Optionen<\/b><b><br \/>\n<\/b><span style=\"font-weight: 400;\"> Ob Sie lieber <\/span><b>Pulver<\/b><span style=\"font-weight: 400;\">, <\/span><b>Kristall<\/b><span style=\"font-weight: 400;\">, oder <\/span><b>Kapseln<\/b><span style=\"font-weight: 400;\">bieten Online-Anbieter oft verschiedene Formen von <\/span><b>3-FA<\/b><span style=\"font-weight: 400;\"> mit <\/span><b>genaue Dosierung<\/b><span style=\"font-weight: 400;\">Optionen. Dadurch wird sichergestellt, dass Sie Ihre Experimente mit Pr\u00e4zision durchf\u00fchren k\u00f6nnen. Au\u00dferdem erhalten Sie durch den Online-Kauf Zugang zu <\/span><b>Forschungsgrad<\/b><span style=\"font-weight: 400;\"> Produkte, die garantieren, dass die <\/span><b>Reinheit und Qualit\u00e4t<\/b><span style=\"font-weight: 400;\"> der Chemikalie entspricht hohen wissenschaftlichen Standards.<\/span><\/p>\n<p><b>Vielzahl von Anbietern<\/b><b><br \/>\n<\/b><span style=\"font-weight: 400;\"> Von <\/span><b>Online-Markt<\/b><span style=\"font-weight: 400;\"> bietet eine breite Palette von Anbietern mit jeweils unterschiedlichen <\/span><b>Preisstrukturen<\/b><span style=\"font-weight: 400;\">Versandmethoden und bieten Qualit\u00e4tsgarantien. Wenn Sie <\/span><a href=\"https:\/\/en.wikipedia.org\/wiki\/3-Fluoroamphetamine\"><b>3-FA zum Verkauf<\/b><\/a><span style=\"font-weight: 400;\"> von zuverl\u00e4ssigen Quellen kauft, k\u00f6nnen Sie die Preise vergleichen und die <\/span><b>bester Ort, um 3-FA zu kaufen<\/b><span style=\"font-weight: 400;\"> W\u00e4hlen Sie auf der Grundlage von Kundenrezensionen, Versandgeschwindigkeit und Produktreputation.<\/span><\/p>\n<h3><b>H\u00e4ufige Verwendung von 3-FA in der Forschung<\/b><\/h3>\n<p><b>Stimulanzien und neurochemische Forschung<\/b><b><br \/>\n<\/b><span style=\"font-weight: 400;\"> 3-FA ist ein wichtiges Instrument f\u00fcr <\/span><b>neurochemische Forschung<\/b><span style=\"font-weight: 400;\"> Untersuchung der Auswirkungen von Stimulanzien auf das Gehirn. Die Auswirkungen auf <\/span><b>Dopamin<\/b><span style=\"font-weight: 400;\"> und <\/span><b>Serotonin<\/b><span style=\"font-weight: 400;\">-Pfade macht es zu einer idealen Verbindung f\u00fcr das Studium <\/span><b>Neurotransmitter-Dynamik<\/b><span style=\"font-weight: 400;\">. Forscher verwenden 3-FA in <\/span><b>Neurotoxikologie<\/b><span style=\"font-weight: 400;\">-Forschung und <\/span><b>pharmakologische Tests<\/b><span style=\"font-weight: 400;\">mit dem Ziel zu verstehen, welche Auswirkungen die Verbindung auf <\/span><b>Wachsamkeit, sensorische Verarbeitung<\/b><span style=\"font-weight: 400;\"> und kognitive Funktionen.<\/span><\/p>\n<p><b>Verhaltensforschung und kognitive Effekte<\/b><b><br \/>\n<\/b><span style=\"font-weight: 400;\"> 3-FA spielt auch eine entscheidende Rolle bei der Untersuchung seiner Auswirkungen auf <\/span><b>Abstimmung<\/b><span style=\"font-weight: 400;\">, <\/span><b>Erkennung<\/b><span style=\"font-weight: 400;\"> und <\/span><b>k\u00f6rperliche Aktivit\u00e4t<\/b><span style=\"font-weight: 400;\">. Durch die Beobachtung dieser Effekte in einer kontrollierten Umgebung gewinnen die Wissenschaftler Erkenntnisse dar\u00fcber, wie Verbindungen wie 3-FA eingesetzt werden k\u00f6nnen, um <\/span><b>affektive St\u00f6rungen<\/b><span style=\"font-weight: 400;\">, <\/span><b>ADHS<\/b><span style=\"font-weight: 400;\"> und andere psychische St\u00f6rungen zu verstehen.<\/span><\/p>\n<h3><b>Rechtliche Erw\u00e4gungen und sichere Beschaffung<\/b><\/h3>\n<p><b>Rechtlicher Status<\/b><b><br \/>\n<\/b><span style=\"font-weight: 400;\"> Obwohl <\/span><b>3-FA<\/b><span style=\"font-weight: 400;\"> in einigen Regionen f\u00fcr Forschungszwecke legal ist, wird sie als <\/span><b>geregelter Stoff<\/b><span style=\"font-weight: 400;\">. Es ist wichtig, dass die <\/span><b>rechtliche Implikationen<\/b><span style=\"font-weight: 400;\"> des Online-Kaufs von 3-FA und stellen Sie sicher, dass Sie die l\u00e4nderspezifischen Vorschriften f\u00fcr die Einfuhr und Verwendung von Forschungschemikalien einhalten.<\/span><\/p>\n<p><b>Risikofreie K\u00e4ufe<\/b><b><br \/>\n<\/b><span style=\"font-weight: 400;\"> Das Risiko, illegale oder gef\u00e4lschte Produkte zu kaufen, ist ein gro\u00dfes Problem beim Online-Kauf <\/span><b>Forschungschemikalien<\/b><span style=\"font-weight: 400;\">. Es ist wichtig, zu w\u00e4hlen <\/span><b>zuverl\u00e4ssige Lieferanten<\/b><span style=\"font-weight: 400;\"> die spezialisiert sind auf die Bereitstellung <\/span><b>Chemikalien f\u00fcr die Forschung<\/b><span style=\"font-weight: 400;\">. Auf diese Weise garantieren Sie sowohl die <\/span><b>Reinheit<\/b><span style=\"font-weight: 400;\"> der Chemikalie als die <\/span><b>die Genauigkeit Ihrer Forschungsergebnisse<\/b><span style=\"font-weight: 400;\">.<\/span><\/p>\n<h3><b>Wie w\u00e4hlt man einen zuverl\u00e4ssigen Lieferanten, um 3-FA online zu kaufen?<\/b><\/h3>\n<p><b>Forschung zur Reputation von Lieferanten<\/b><b><br \/>\n<\/b><span style=\"font-weight: 400;\"> Der Schl\u00fcssel zum sicheren Kauf <\/span><b>3-FA online<\/b><span style=\"font-weight: 400;\"> ist es, einen seri\u00f6sen Anbieter zu w\u00e4hlen. Suchen Sie nach <\/span><b>Kundenrezensionen<\/b><span style=\"font-weight: 400;\">, <\/span><b>Produkt-Feedback<\/b><span style=\"font-weight: 400;\"> und <\/span><b>zertifizierte Akkreditierungen<\/b><span style=\"font-weight: 400;\"> um sicherzustellen, dass Sie von einer zuverl\u00e4ssigen Quelle kaufen. Die <\/span><b>bester Ort, um 3-FA zu kaufen<\/b><span style=\"font-weight: 400;\"> online von einem Anbieter mit nachgewiesener Erfolgsbilanz in <\/span><b>Kundenzufriedenheit<\/b><span style=\"font-weight: 400;\"> und <\/span><b>Produktzuverl\u00e4ssigkeit<\/b><span style=\"font-weight: 400;\">.<\/span><\/p>\n<p><b>Zertifizierte Produkte und Analysezertifikate<\/b><b><br \/>\n<\/b><span style=\"font-weight: 400;\"> Vergewissern Sie sich vor einem Kauf, dass der Anbieter <\/span><b>Analysebescheinigungen (COA)<\/b><span style=\"font-weight: 400;\"> f\u00fcr ihre Produkte. Dies garantiert die <\/span><b>Reinheit<\/b><span style=\"font-weight: 400;\"> und <\/span><b>Identit\u00e4t<\/b><span style=\"font-weight: 400;\"> der von Ihnen gekauften Chemikalie, so dass sich Ihre Forschung auf <\/span><b>hochwertige Materialien<\/b><span style=\"font-weight: 400;\">.<\/span><\/p>\n<h3><b>Risiken beim Online-Kauf von 3-FA<\/b><\/h3>\n<p><b>F\u00e4lschungen und verunreinigte Produkte<\/b><b><br \/>\n<\/b><span style=\"font-weight: 400;\"> Eines der Risiken beim Online-Kauf <\/span><b>3-FA<\/b><span style=\"font-weight: 400;\"> ist es, gepanschte oder unreine Produkte zu erhalten. Nicht zertifizierte Lieferanten k\u00f6nnen minderwertige Chemikalien anbieten, die Ihre Forschung gef\u00e4hrden k\u00f6nnten. Der Kauf bei einer <\/span><b>zertifizierter Anbieter<\/b><span style=\"font-weight: 400;\"> verringert das Risiko, ein Produkt zu erhalten, das nicht den erforderlichen Standards f\u00fcr die wissenschaftliche Verwendung entspricht.<\/span><\/p>\n<p><b>Gesundheitliche und rechtliche Risiken<\/b><b><br \/>\n<\/b><span style=\"font-weight: 400;\"> Es ist wichtig, sich der folgenden Punkte bewusst zu sein <\/span><b>legal<\/b><span style=\"font-weight: 400;\"> und <\/span><b>Gesundheitsrisiken<\/b><span style=\"font-weight: 400;\"> vom Kauf und der Verwendung nicht zertifizierter Stoffe. Stellen Sie sicher, dass Sie <\/span><b>kauft nur von legalen, verifizierten Quellen<\/b><span style=\"font-weight: 400;\"> um die m\u00f6glichen Folgen des Konsums illegaler oder unreiner Substanzen zu vermeiden.<\/span><\/p>\n<h3><b>Fazit: Informierte und verantwortungsvolle Eink\u00e4ufe t\u00e4tigen<\/b><\/h3>\n<p><b>Erschlie\u00dfen Sie wertvolle Forschungsm\u00f6glichkeiten mit 3-FA<\/b><b><br \/>\n<\/b><span style=\"font-weight: 400;\"> T\u00fcr <\/span><b>3-FA online kaufen<\/b><span style=\"font-weight: 400;\">erhalten Sie Zugang zu einem wertvollen Instrument f\u00fcr <\/span><b>neurochemisch<\/b><span style=\"font-weight: 400;\">, <\/span><b>Verhalten<\/b><span style=\"font-weight: 400;\"> und <\/span><b>pharmakologische Untersuchung<\/b><span style=\"font-weight: 400;\">. Ob Sie nun die stimulierenden Eigenschaften, das Dopamin- und Serotoninsystem oder die kognitiven Funktionen erforschen wollen, <\/span><b>3-FA<\/b><span style=\"font-weight: 400;\"> ist ein Stoff, den Sie f\u00fcr Ihre Forschung in Betracht ziehen sollten.<\/span><\/p>\n<p><b>W\u00e4hlen Sie Qualit\u00e4t, Sicherheit und Legalit\u00e4t<\/b><b><br \/>\n<\/b><span style=\"font-weight: 400;\"> Bevor Sie <\/span><b>3-FA<\/b><span style=\"font-weight: 400;\"> Bestellungen, stellen Sie sicher, dass Sie einen informierten Kauf bei einem <\/span><b>zuverl\u00e4ssiger Lieferant<\/b><span style=\"font-weight: 400;\">. Auf diese Weise k\u00f6nnen Sie sicher sein, dass die <\/span><b>Reinheit<\/b><span style=\"font-weight: 400;\"> und <\/span><b>Qualit\u00e4t<\/b><span style=\"font-weight: 400;\"> Ihres Produkts tragen zur Genauigkeit und zum Erfolg Ihrer Forschung bei. Immer Priorit\u00e4ten setzen <\/span><b>Einhaltung von Rechtsvorschriften<\/b><span style=\"font-weight: 400;\"> und <\/span><b>Forschungsintegrit\u00e4t<\/b><span style=\"font-weight: 400;\"> bei Ihren Kaufentscheidungen<\/span><\/p>","protected":false},"excerpt":{"rendered":"<p>IUPAC-Name: (RS)-1-(3-Fluorphenyl)propan-2-amin<\/p>\n<p>CAS # 1626-71-7<\/p>\n<p>Andere Bezeichnung: 3-Fluoramphetamin<\/p>\n<p>Erscheinungsbild: Pulver<\/p>\n<p>NMR-Analyse: C9H12FN<\/p>","protected":false},"featured_media":6235,"comment_status":"open","ping_status":"closed","template":"","meta":{"_joinchat":[]},"product_brand":[],"product_cat":[127],"product_tag":[],"class_list":{"0":"post-6227","1":"product","2":"type-product","3":"status-publish","4":"has-post-thumbnail","6":"product_cat-amfetamine","8":"first","9":"instock","10":"shipping-taxable","11":"purchasable","12":"product-type-variable"},"yoast_head":"<!-- This site is optimized with the Yoast SEO plugin v26.3 - https:\/\/yoast.com\/wordpress\/plugins\/seo\/ -->\n<title>3-FA online kopen- 3-FA te koop - 3-FA Kopen | RC Kopen<\/title>\n<meta name=\"description\" content=\"U kunt contact opnemen met onze online RCKopen-winkel en 3-fa online kopen. U kunt 3-fa te koop krijgen tegen goedkope prijzen.\" \/>\n<meta name=\"robots\" content=\"index, follow, max-snippet:-1, max-image-preview:large, max-video-preview:-1\" \/>\n<link rel=\"canonical\" href=\"https:\/\/rckopen.com\/de\/produkt\/3-fa\/\" \/>\n<meta property=\"og:locale\" content=\"de_DE\" \/>\n<meta property=\"og:type\" content=\"article\" \/>\n<meta property=\"og:title\" content=\"3-FA online kopen- 3-FA te koop - 3-FA Kopen | RC Kopen\" \/>\n<meta property=\"og:description\" content=\"U kunt contact opnemen met onze online RCKopen-winkel en 3-fa online kopen. U kunt 3-fa te koop krijgen tegen goedkope prijzen.\" \/>\n<meta property=\"og:url\" content=\"https:\/\/rckopen.com\/de\/produkt\/3-fa\/\" \/>\n<meta property=\"og:site_name\" content=\"RC Kopen\" \/>\n<meta property=\"article:modified_time\" content=\"2025-06-20T07:35:26+00:00\" \/>\n<meta property=\"og:image\" content=\"https:\/\/rckopen.com\/wp-content\/uploads\/2023\/08\/3-fa.jpg\" \/>\n\t<meta property=\"og:image:width\" content=\"600\" \/>\n\t<meta property=\"og:image:height\" content=\"600\" \/>\n\t<meta property=\"og:image:type\" content=\"image\/jpeg\" \/>\n<meta name=\"twitter:card\" content=\"summary_large_image\" \/>\n<meta name=\"twitter:label1\" content=\"Gesch\u00e4tzte Lesezeit\" \/>\n\t<meta name=\"twitter:data1\" content=\"5\u00a0Minuten\" \/>\n<script type=\"application\/ld+json\" class=\"yoast-schema-graph\">{\"@context\":\"https:\/\/schema.org\",\"@graph\":[{\"@type\":\"WebPage\",\"@id\":\"https:\/\/rckopen.com\/product\/3-fa\/\",\"url\":\"https:\/\/rckopen.com\/product\/3-fa\/\",\"name\":\"3-FA online kopen- 3-FA te koop - 3-FA Kopen | RC Kopen\",\"isPartOf\":{\"@id\":\"https:\/\/rckopen.com\/#website\"},\"primaryImageOfPage\":{\"@id\":\"https:\/\/rckopen.com\/product\/3-fa\/#primaryimage\"},\"image\":{\"@id\":\"https:\/\/rckopen.com\/product\/3-fa\/#primaryimage\"},\"thumbnailUrl\":\"https:\/\/rckopen.com\/wp-content\/uploads\/2023\/08\/3-fa.jpg\",\"datePublished\":\"2023-08-14T06:36:53+00:00\",\"dateModified\":\"2025-06-20T07:35:26+00:00\",\"description\":\"U kunt contact opnemen met onze online RCKopen-winkel en 3-fa online kopen. U kunt 3-fa te koop krijgen tegen goedkope prijzen.\",\"breadcrumb\":{\"@id\":\"https:\/\/rckopen.com\/product\/3-fa\/#breadcrumb\"},\"inLanguage\":\"de-CH\",\"potentialAction\":[{\"@type\":\"ReadAction\",\"target\":[\"https:\/\/rckopen.com\/product\/3-fa\/\"]}]},{\"@type\":\"ImageObject\",\"inLanguage\":\"de-CH\",\"@id\":\"https:\/\/rckopen.com\/product\/3-fa\/#primaryimage\",\"url\":\"https:\/\/rckopen.com\/wp-content\/uploads\/2023\/08\/3-fa.jpg\",\"contentUrl\":\"https:\/\/rckopen.com\/wp-content\/uploads\/2023\/08\/3-fa.jpg\",\"width\":600,\"height\":600,\"caption\":\"Buy 3-fa online kopen\"},{\"@type\":\"BreadcrumbList\",\"@id\":\"https:\/\/rckopen.com\/product\/3-fa\/#breadcrumb\",\"itemListElement\":[{\"@type\":\"ListItem\",\"position\":1,\"name\":\"Home\",\"item\":\"https:\/\/rckopen.com\/\"},{\"@type\":\"ListItem\",\"position\":2,\"name\":\"Shop\",\"item\":\"https:\/\/rckopen.com\/shop\/\"},{\"@type\":\"ListItem\",\"position\":3,\"name\":\"3-FA Online Kopen\"}]},{\"@type\":\"WebSite\",\"@id\":\"https:\/\/rckopen.com\/#website\",\"url\":\"https:\/\/rckopen.com\/\",\"name\":\"RC Kopen\",\"description\":\"Research Chemicals\",\"potentialAction\":[{\"@type\":\"SearchAction\",\"target\":{\"@type\":\"EntryPoint\",\"urlTemplate\":\"https:\/\/rckopen.com\/?s={search_term_string}\"},\"query-input\":{\"@type\":\"PropertyValueSpecification\",\"valueRequired\":true,\"valueName\":\"search_term_string\"}}],\"inLanguage\":\"de-CH\"}]}<\/script>\n<!-- \/ Yoast SEO plugin. -->","yoast_head_json":{"title":"3-FA online kopen- 3-FA te koop - 3-FA Kopen | RC Kopen","description":"U kunt contact opnemen met onze online RCKopen-winkel en 3-fa online kopen. U kunt 3-fa te koop krijgen tegen goedkope prijzen.","robots":{"index":"index","follow":"follow","max-snippet":"max-snippet:-1","max-image-preview":"max-image-preview:large","max-video-preview":"max-video-preview:-1"},"canonical":"https:\/\/rckopen.com\/de\/produkt\/3-fa\/","og_locale":"de_DE","og_type":"article","og_title":"3-FA online kopen- 3-FA te koop - 3-FA Kopen | RC Kopen","og_description":"U kunt contact opnemen met onze online RCKopen-winkel en 3-fa online kopen. U kunt 3-fa te koop krijgen tegen goedkope prijzen.","og_url":"https:\/\/rckopen.com\/de\/produkt\/3-fa\/","og_site_name":"RC Kopen","article_modified_time":"2025-06-20T07:35:26+00:00","og_image":[{"width":600,"height":600,"url":"https:\/\/rckopen.com\/wp-content\/uploads\/2023\/08\/3-fa.jpg","type":"image\/jpeg"}],"twitter_card":"summary_large_image","twitter_misc":{"Gesch\u00e4tzte Lesezeit":"5\u00a0Minuten"},"schema":{"@context":"https:\/\/schema.org","@graph":[{"@type":"WebPage","@id":"https:\/\/rckopen.com\/product\/3-fa\/","url":"https:\/\/rckopen.com\/product\/3-fa\/","name":"3-FA online kopen- 3-FA te koop - 3-FA Kopen | RC Kopen","isPartOf":{"@id":"https:\/\/rckopen.com\/#website"},"primaryImageOfPage":{"@id":"https:\/\/rckopen.com\/product\/3-fa\/#primaryimage"},"image":{"@id":"https:\/\/rckopen.com\/product\/3-fa\/#primaryimage"},"thumbnailUrl":"https:\/\/rckopen.com\/wp-content\/uploads\/2023\/08\/3-fa.jpg","datePublished":"2023-08-14T06:36:53+00:00","dateModified":"2025-06-20T07:35:26+00:00","description":"U kunt contact opnemen met onze online RCKopen-winkel en 3-fa online kopen. U kunt 3-fa te koop krijgen tegen goedkope prijzen.","breadcrumb":{"@id":"https:\/\/rckopen.com\/product\/3-fa\/#breadcrumb"},"inLanguage":"de-CH","potentialAction":[{"@type":"ReadAction","target":["https:\/\/rckopen.com\/product\/3-fa\/"]}]},{"@type":"ImageObject","inLanguage":"de-CH","@id":"https:\/\/rckopen.com\/product\/3-fa\/#primaryimage","url":"https:\/\/rckopen.com\/wp-content\/uploads\/2023\/08\/3-fa.jpg","contentUrl":"https:\/\/rckopen.com\/wp-content\/uploads\/2023\/08\/3-fa.jpg","width":600,"height":600,"caption":"Buy 3-fa online kopen"},{"@type":"BreadcrumbList","@id":"https:\/\/rckopen.com\/product\/3-fa\/#breadcrumb","itemListElement":[{"@type":"ListItem","position":1,"name":"Home","item":"https:\/\/rckopen.com\/"},{"@type":"ListItem","position":2,"name":"Shop","item":"https:\/\/rckopen.com\/shop\/"},{"@type":"ListItem","position":3,"name":"3-FA Online Kopen"}]},{"@type":"WebSite","@id":"https:\/\/rckopen.com\/#website","url":"https:\/\/rckopen.com\/","name":"RC Kopen","description":"Research Chemicals","potentialAction":[{"@type":"SearchAction","target":{"@type":"EntryPoint","urlTemplate":"https:\/\/rckopen.com\/?s={search_term_string}"},"query-input":{"@type":"PropertyValueSpecification","valueRequired":true,"valueName":"search_term_string"}}],"inLanguage":"de-CH"}]}},"_links":{"self":[{"href":"https:\/\/rckopen.com\/de\/wp-json\/wp\/v2\/product\/6227","targetHints":{"allow":["GET"]}}],"collection":[{"href":"https:\/\/rckopen.com\/de\/wp-json\/wp\/v2\/product"}],"about":[{"href":"https:\/\/rckopen.com\/de\/wp-json\/wp\/v2\/types\/product"}],"replies":[{"embeddable":true,"href":"https:\/\/rckopen.com\/de\/wp-json\/wp\/v2\/comments?post=6227"}],"wp:featuredmedia":[{"embeddable":true,"href":"https:\/\/rckopen.com\/de\/wp-json\/wp\/v2\/media\/6235"}],"wp:attachment":[{"href":"https:\/\/rckopen.com\/de\/wp-json\/wp\/v2\/media?parent=6227"}],"wp:term":[{"taxonomy":"product_brand","embeddable":true,"href":"https:\/\/rckopen.com\/de\/wp-json\/wp\/v2\/product_brand?post=6227"},{"taxonomy":"product_cat","embeddable":true,"href":"https:\/\/rckopen.com\/de\/wp-json\/wp\/v2\/product_cat?post=6227"},{"taxonomy":"product_tag","embeddable":true,"href":"https:\/\/rckopen.com\/de\/wp-json\/wp\/v2\/product_tag?post=6227"}],"curies":[{"name":"wp","href":"https:\/\/api.w.org\/{rel}","templated":true}]}}