{"id":6230,"date":"2023-08-14T07:12:58","date_gmt":"2023-08-14T07:12:58","guid":{"rendered":"https:\/\/diligentplug.com\/chems\/?post_type=product&#038;p=6230"},"modified":"2025-01-30T05:40:36","modified_gmt":"2025-01-30T05:40:36","slug":"3-mma-powder","status":"publish","type":"product","link":"https:\/\/rckopen.com\/de\/produkt\/3-mma-pulver\/","title":{"rendered":"3-MMA Pulver online kaufen"},"content":{"rendered":"<h2>Algemene informatie over 3-MMA-poeder online kopen<\/h2>\n<p><a href=\"https:\/\/rckopen.com\/de\/produkt\/3-mma-pulver\/\">3-MMA Pulver online kaufen<\/a>3-Methoxy-4-Methylamphetamin \u2013 bekannt als 3-MMA \u2013 ist eine wichtige Chemikalie der Cathinon-Klasse. 3MMA \u2013 auch \u201eMethylmeskalin\u201c genannt \u2013 ist eine psychedelische Chemikalie, die als Amphetamin klassifiziert wird. Die chemische Struktur \u00e4hnelt der von Meskalin, einer bemerkenswerten, h\u00e4ufig vorkommenden und sehr begehrten Verbindung, die in bestimmten Dornpflanzen vorkommt. Man geht davon aus, dass 3MMA eine st\u00e4rkere Pr\u00e4ferenz f\u00fcr den 5-HT2A-Rezeptorsubtyp aufweist. 3MMC kaufen oder 3MMC bestellen? Dies ist nicht mehr m\u00f6glich, da der Kauf von 3-MMC verboten ist. 3-MMC ersetzen? <a href=\"https:\/\/rckopen.com\/de\/produkt\/2-fma\/\">Dann klicken Sie hier!<\/a><\/p>\n<p>In jedem Fall wird das spezifische System der Aktivit\u00e4t nur teilweise beobachtet. Die Auswirkungen von 3MMA k\u00f6nnen au\u00dfergew\u00f6hnlich sein und h\u00e4ngen von einigen Variablen ab, darunter Messungen, individuelle Widerstandsf\u00e4higkeit und nat\u00fcrliche Elemente.<\/p>\n<h3>Chemische Zusammensetzung von 3-MMA-Pulver.<\/h3>\n<p>Die chemische Zusammensetzung von <a href=\"https:\/\/en.wikipedia.org\/wiki\/3-Methoxymethamphetamine\">3-MMA (3-Methylmethamphetamin) Pulver<\/a> kann durch die Molek\u00fclformel C11H17N dargestellt werden.<\/p>\n<p>Die Zahlen hinter jedem Elementsymbol geben die Anzahl der Atome des jeweiligen Elements in einem Molek\u00fcl 3-MMA an.<\/p>\n<p>Diese chemische Struktur zeigt, dass 3-MMA aus 11 Kohlenstoffatomen (C11), 17 Wasserstoffatomen (H17) und einem Stickstoffatom (N) besteht.<\/p>\n<p>Die Chemie von 3-MMA (3-Methylmethamphetamin)-Pulver umfasst seine Molekularstruktur und seine Eigenschaften. Aufgrund der begrenzten Informationen \u00fcber 3-MMA, einschlie\u00dflich seiner chemischen Eigenschaften und Synthesemethoden, ist es jedoch schwierig, die Chemie von 3-MMA vollst\u00e4ndig zu verstehen<a href=\"https:\/\/en.wikipedia.org\/w\/index.php?search=3-MMA&amp;title=Special%3ASearch&amp;ns0=1\">.<\/a><\/p>\n<p>Dem Namen nach handelt es sich bei 3-MMA wahrscheinlich um ein Derivat von Methamphetamin, das zur Klasse der Amphetaminverbindungen geh\u00f6rt. Methamphetamin ist durch einen Phenylring gekennzeichnet, der an eine Aminogruppe (NH2) mit einer Methylgruppe (CH3) in der 3-Position des Phenylrings gebunden ist.<\/p>\n<h3>Hochwertiges 3-MMA Pulver online kaufen.<\/h3>\n<p><a href=\"https:\/\/rckopen.com\/de\/\">RC BUY<\/a> RC SHOP verf\u00fcgt \u00fcber jahrelange Erfahrung in der Entwicklung von Forschungschemikalien, was es uns erm\u00f6glicht, die h\u00f6chste Qualit\u00e4t dieser Forschungschemikalien zu gew\u00e4hrleisten. Der Kauf von 3-MMA-Pulver-Chemikalien ist einfach und von h\u00f6chster Qualit\u00e4t. Die Kosten f\u00fcr 3-MMA-Pulver sind im Vergleich zu anderen Unternehmen relativ niedrig.<\/p>\n<p>Die Forschungschemikalien, einschlie\u00dflich 3-MMA-Pulver, erf\u00fcllen alle Sicherheitsanforderungen. Forschungschemikalien werden sorgf\u00e4ltig verteilt und an einem k\u00fchlen, trockenen Ort gelagert.<\/p>\n<p>Alle Produkte werden regelm\u00e4\u00dfig auf Qualit\u00e4t, Reinheit und Sicherheit gepr\u00fcft. Unser Buy 3-MMA Pulver ist nur f\u00fcr Forschungszwecke bestimmt.<\/p>\n<p>Unsere Produkte haben einen fairen Preis und Sie k\u00f6nnen 3-MMA-Pulver online zu sehr niedrigen Preisen kaufen.<\/p>\n<h3>Laborgepr\u00fcftes 3-MMA-Pulver mit Ergebnissen.<\/h3>\n<p>macht erneut Fortschritte bei der umfassenden Erf\u00fcllung der Kundenw\u00fcnsche. Mehrere Umfragen haben gezeigt, dass die Kunden vor dem Kauf von synthetischen Forschungschemikalien so viele Daten wie erwartet anfordern. Au\u00dferdem ver\u00f6ffentlichen wir alle Laborergebnisse zu jeder Forschungschemikalie in einem PDF-Dokument.<\/p>\n<p>Unser 3-MMA Pulver erf\u00fcllt durchg\u00e4ngig die Wirkstoffe und kann von jedem 3-MMA Pulver kaufen.<\/p>\n<p>Wir verteilen alle Laborergebnisse zu jeder Forschungschemikalie auf einem PDF-Dokument.<\/p>\n<h3>Sichere Bestellung bei 3-MMA Pulver.<\/h3>\n<p>Die Designer-Forschungschemikalien von RC BUY sind von hervorragender Qualit\u00e4t und haben einen fairen Preis. Wenn Sie Ihre Forschungschemikalien bei RC SHOP bestellen, garantieren wir Ihnen daher, dass wir Ihre Bestellung schnell und sicher zu Ihnen nach Hause liefern, da Forschungschemikalien bei RCKOPEN immer im Angebot sind.<\/p>\n<p>Bei RC BUY k\u00f6nnen Sie synthetische Forschungsverbindungen ganz einfach mit Bitcoin oder Bank\u00fcberweisung bestellen.<\/p>\n<p>Wir versenden Forschungschemikalien am selben Werktag, wenn die Zahlung vor 15:00 Uhr MESZ eingegangen ist. Wir liefern nicht an Personen unter 18 Jahren!<\/p>\n<p>Das zum Verkauf stehende 3-MMA-Pulver ist nur f\u00fcr Forschungszwecke bestimmt.<\/p>\n<h3>Diskreter Versand von Forschungschemikalien.<\/h3>\n<p>RC KOPEN verpackt Ihre Bestellung sicher und zuverl\u00e4ssig, um einen ordnungsgem\u00e4\u00dfen Transport zu gew\u00e4hrleisten. Dar\u00fcber hinaus verpacken wir vollkommen unauff\u00e4llig und nichts l\u00e4sst von au\u00dfen erahnen, was sich darin befinden k\u00f6nnte.<\/p>\n<p>Hinweis: rckopen.com bietet Produkte an, die nicht f\u00fcr den menschlichen Verzehr bestimmt sind. Der (unbeabsichtigte) Verzehr dieses Produkts kann schwerwiegende medizinische Folgen haben.<\/p>","protected":false},"excerpt":{"rendered":"<p>IUPAC-Name:N-Methyl-1-(3-methylphenyl)propan-2-amin<\/p>\n<p>CAS # 1419922-19-2<\/p>\n<p>Andere Bezeichnung: 3-Methyl-Methamphetamin (3-Me-MA)<\/p>\n<p>Form: Pulver<\/p>\n<p>NMR-Analyse: N\/A<\/p>","protected":false},"featured_media":6252,"comment_status":"open","ping_status":"closed","template":"","meta":{"_joinchat":[]},"product_brand":[],"product_cat":[127],"product_tag":[],"class_list":{"0":"post-6230","1":"product","2":"type-product","3":"status-publish","4":"has-post-thumbnail","6":"product_cat-amfetamine","8":"first","9":"instock","10":"shipping-taxable","11":"purchasable","12":"product-type-variable"},"yoast_head":"<!-- This site is optimized with the Yoast SEO plugin v26.3 - https:\/\/yoast.com\/wordpress\/plugins\/seo\/ -->\n<title>3-MMA-poeder online kopen- 3-MMA-poeder online te koop<\/title>\n<meta name=\"description\" content=\"Als u 3-MMA-poeder online wilt kopen, heeft RCKopen een hoogwaardig 3-MMA-poeder te koop. Wij helpen u 3-MMA-poeder online te kopen tegen goedkope tarieven.\" \/>\n<meta name=\"robots\" content=\"index, follow, max-snippet:-1, max-image-preview:large, max-video-preview:-1\" \/>\n<link rel=\"canonical\" href=\"https:\/\/rckopen.com\/de\/produkt\/3-mma-pulver\/\" \/>\n<meta property=\"og:locale\" content=\"de_DE\" \/>\n<meta property=\"og:type\" content=\"article\" \/>\n<meta property=\"og:title\" content=\"3-MMA-poeder online kopen- 3-MMA-poeder online te koop\" \/>\n<meta property=\"og:description\" content=\"Als u 3-MMA-poeder online wilt kopen, heeft RCKopen een hoogwaardig 3-MMA-poeder te koop. Wij helpen u 3-MMA-poeder online te kopen tegen goedkope tarieven.\" \/>\n<meta property=\"og:url\" content=\"https:\/\/rckopen.com\/de\/produkt\/3-mma-pulver\/\" \/>\n<meta property=\"og:site_name\" content=\"RC Kopen\" \/>\n<meta property=\"article:modified_time\" content=\"2025-01-30T05:40:36+00:00\" \/>\n<meta property=\"og:image\" content=\"https:\/\/rckopen.com\/wp-content\/uploads\/2023\/08\/dmc-Dimethocaine-freebase.jpg\" \/>\n\t<meta property=\"og:image:width\" content=\"600\" \/>\n\t<meta property=\"og:image:height\" content=\"600\" \/>\n\t<meta property=\"og:image:type\" content=\"image\/jpeg\" \/>\n<meta name=\"twitter:card\" content=\"summary_large_image\" \/>\n<meta name=\"twitter:label1\" content=\"Gesch\u00e4tzte Lesezeit\" \/>\n\t<meta name=\"twitter:data1\" content=\"3\u00a0Minuten\" \/>\n<script type=\"application\/ld+json\" class=\"yoast-schema-graph\">{\"@context\":\"https:\/\/schema.org\",\"@graph\":[{\"@type\":\"WebPage\",\"@id\":\"https:\/\/rckopen.com\/product\/3-mma-powder\/\",\"url\":\"https:\/\/rckopen.com\/product\/3-mma-powder\/\",\"name\":\"3-MMA-poeder online kopen- 3-MMA-poeder online te koop\",\"isPartOf\":{\"@id\":\"https:\/\/rckopen.com\/#website\"},\"primaryImageOfPage\":{\"@id\":\"https:\/\/rckopen.com\/product\/3-mma-powder\/#primaryimage\"},\"image\":{\"@id\":\"https:\/\/rckopen.com\/product\/3-mma-powder\/#primaryimage\"},\"thumbnailUrl\":\"https:\/\/rckopen.com\/wp-content\/uploads\/2023\/08\/dmc-Dimethocaine-freebase.jpg\",\"datePublished\":\"2023-08-14T07:12:58+00:00\",\"dateModified\":\"2025-01-30T05:40:36+00:00\",\"description\":\"Als u 3-MMA-poeder online wilt kopen, heeft RCKopen een hoogwaardig 3-MMA-poeder te koop. Wij helpen u 3-MMA-poeder online te kopen tegen goedkope tarieven.\",\"breadcrumb\":{\"@id\":\"https:\/\/rckopen.com\/product\/3-mma-powder\/#breadcrumb\"},\"inLanguage\":\"de-CH\",\"potentialAction\":[{\"@type\":\"ReadAction\",\"target\":[\"https:\/\/rckopen.com\/product\/3-mma-powder\/\"]}]},{\"@type\":\"ImageObject\",\"inLanguage\":\"de-CH\",\"@id\":\"https:\/\/rckopen.com\/product\/3-mma-powder\/#primaryimage\",\"url\":\"https:\/\/rckopen.com\/wp-content\/uploads\/2023\/08\/dmc-Dimethocaine-freebase.jpg\",\"contentUrl\":\"https:\/\/rckopen.com\/wp-content\/uploads\/2023\/08\/dmc-Dimethocaine-freebase.jpg\",\"width\":600,\"height\":600,\"caption\":\"dmc-(Dimethocaine)-freebase online kopen\"},{\"@type\":\"BreadcrumbList\",\"@id\":\"https:\/\/rckopen.com\/product\/3-mma-powder\/#breadcrumb\",\"itemListElement\":[{\"@type\":\"ListItem\",\"position\":1,\"name\":\"Home\",\"item\":\"https:\/\/rckopen.com\/\"},{\"@type\":\"ListItem\",\"position\":2,\"name\":\"Shop\",\"item\":\"https:\/\/rckopen.com\/shop\/\"},{\"@type\":\"ListItem\",\"position\":3,\"name\":\"3-MMA powder online kopen\"}]},{\"@type\":\"WebSite\",\"@id\":\"https:\/\/rckopen.com\/#website\",\"url\":\"https:\/\/rckopen.com\/\",\"name\":\"RC Kopen\",\"description\":\"Research Chemicals\",\"potentialAction\":[{\"@type\":\"SearchAction\",\"target\":{\"@type\":\"EntryPoint\",\"urlTemplate\":\"https:\/\/rckopen.com\/?s={search_term_string}\"},\"query-input\":{\"@type\":\"PropertyValueSpecification\",\"valueRequired\":true,\"valueName\":\"search_term_string\"}}],\"inLanguage\":\"de-CH\"}]}<\/script>\n<!-- \/ Yoast SEO plugin. -->","yoast_head_json":{"title":"3-MMA-poeder online kopen- 3-MMA-poeder online te koop","description":"Als u 3-MMA-poeder online wilt kopen, heeft RCKopen een hoogwaardig 3-MMA-poeder te koop. Wij helpen u 3-MMA-poeder online te kopen tegen goedkope tarieven.","robots":{"index":"index","follow":"follow","max-snippet":"max-snippet:-1","max-image-preview":"max-image-preview:large","max-video-preview":"max-video-preview:-1"},"canonical":"https:\/\/rckopen.com\/de\/produkt\/3-mma-pulver\/","og_locale":"de_DE","og_type":"article","og_title":"3-MMA-poeder online kopen- 3-MMA-poeder online te koop","og_description":"Als u 3-MMA-poeder online wilt kopen, heeft RCKopen een hoogwaardig 3-MMA-poeder te koop. Wij helpen u 3-MMA-poeder online te kopen tegen goedkope tarieven.","og_url":"https:\/\/rckopen.com\/de\/produkt\/3-mma-pulver\/","og_site_name":"RC Kopen","article_modified_time":"2025-01-30T05:40:36+00:00","og_image":[{"width":600,"height":600,"url":"https:\/\/rckopen.com\/wp-content\/uploads\/2023\/08\/dmc-Dimethocaine-freebase.jpg","type":"image\/jpeg"}],"twitter_card":"summary_large_image","twitter_misc":{"Gesch\u00e4tzte Lesezeit":"3\u00a0Minuten"},"schema":{"@context":"https:\/\/schema.org","@graph":[{"@type":"WebPage","@id":"https:\/\/rckopen.com\/product\/3-mma-powder\/","url":"https:\/\/rckopen.com\/product\/3-mma-powder\/","name":"3-MMA-poeder online kopen- 3-MMA-poeder online te koop","isPartOf":{"@id":"https:\/\/rckopen.com\/#website"},"primaryImageOfPage":{"@id":"https:\/\/rckopen.com\/product\/3-mma-powder\/#primaryimage"},"image":{"@id":"https:\/\/rckopen.com\/product\/3-mma-powder\/#primaryimage"},"thumbnailUrl":"https:\/\/rckopen.com\/wp-content\/uploads\/2023\/08\/dmc-Dimethocaine-freebase.jpg","datePublished":"2023-08-14T07:12:58+00:00","dateModified":"2025-01-30T05:40:36+00:00","description":"Als u 3-MMA-poeder online wilt kopen, heeft RCKopen een hoogwaardig 3-MMA-poeder te koop. Wij helpen u 3-MMA-poeder online te kopen tegen goedkope tarieven.","breadcrumb":{"@id":"https:\/\/rckopen.com\/product\/3-mma-powder\/#breadcrumb"},"inLanguage":"de-CH","potentialAction":[{"@type":"ReadAction","target":["https:\/\/rckopen.com\/product\/3-mma-powder\/"]}]},{"@type":"ImageObject","inLanguage":"de-CH","@id":"https:\/\/rckopen.com\/product\/3-mma-powder\/#primaryimage","url":"https:\/\/rckopen.com\/wp-content\/uploads\/2023\/08\/dmc-Dimethocaine-freebase.jpg","contentUrl":"https:\/\/rckopen.com\/wp-content\/uploads\/2023\/08\/dmc-Dimethocaine-freebase.jpg","width":600,"height":600,"caption":"dmc-(Dimethocaine)-freebase online kopen"},{"@type":"BreadcrumbList","@id":"https:\/\/rckopen.com\/product\/3-mma-powder\/#breadcrumb","itemListElement":[{"@type":"ListItem","position":1,"name":"Home","item":"https:\/\/rckopen.com\/"},{"@type":"ListItem","position":2,"name":"Shop","item":"https:\/\/rckopen.com\/shop\/"},{"@type":"ListItem","position":3,"name":"3-MMA powder online kopen"}]},{"@type":"WebSite","@id":"https:\/\/rckopen.com\/#website","url":"https:\/\/rckopen.com\/","name":"RC Kopen","description":"Research Chemicals","potentialAction":[{"@type":"SearchAction","target":{"@type":"EntryPoint","urlTemplate":"https:\/\/rckopen.com\/?s={search_term_string}"},"query-input":{"@type":"PropertyValueSpecification","valueRequired":true,"valueName":"search_term_string"}}],"inLanguage":"de-CH"}]}},"_links":{"self":[{"href":"https:\/\/rckopen.com\/de\/wp-json\/wp\/v2\/product\/6230","targetHints":{"allow":["GET"]}}],"collection":[{"href":"https:\/\/rckopen.com\/de\/wp-json\/wp\/v2\/product"}],"about":[{"href":"https:\/\/rckopen.com\/de\/wp-json\/wp\/v2\/types\/product"}],"replies":[{"embeddable":true,"href":"https:\/\/rckopen.com\/de\/wp-json\/wp\/v2\/comments?post=6230"}],"wp:featuredmedia":[{"embeddable":true,"href":"https:\/\/rckopen.com\/de\/wp-json\/wp\/v2\/media\/6252"}],"wp:attachment":[{"href":"https:\/\/rckopen.com\/de\/wp-json\/wp\/v2\/media?parent=6230"}],"wp:term":[{"taxonomy":"product_brand","embeddable":true,"href":"https:\/\/rckopen.com\/de\/wp-json\/wp\/v2\/product_brand?post=6230"},{"taxonomy":"product_cat","embeddable":true,"href":"https:\/\/rckopen.com\/de\/wp-json\/wp\/v2\/product_cat?post=6230"},{"taxonomy":"product_tag","embeddable":true,"href":"https:\/\/rckopen.com\/de\/wp-json\/wp\/v2\/product_tag?post=6230"}],"curies":[{"name":"wp","href":"https:\/\/api.w.org\/{rel}","templated":true}]}}