{"id":6266,"date":"2023-08-14T07:39:22","date_gmt":"2023-08-14T07:39:22","guid":{"rendered":"https:\/\/diligentplug.com\/chems\/?post_type=product&#038;p=6266"},"modified":"2025-02-04T05:10:22","modified_gmt":"2025-02-04T05:10:22","slug":"meai","status":"publish","type":"product","link":"https:\/\/rckopen.com\/de\/produkt\/meai\/","title":{"rendered":"MEAI online kaufen"},"content":{"rendered":"<h2>Allgemeine Informationen zum Online-Kauf von MEAI-Kristall<\/h2>\n<p>MEAI online kaufen, MEAI (5-Methoxy-2-aminoindan) wurde erstmals in den 1990er Jahren synthetisiert und entdeckt.<\/p>\n<p>MEAI Crystal, auch bekannt als 5-Methoxy-2-aminoindan, ist eine chemische Verbindung, die zur Klasse der Aminoindane geh\u00f6rt. Als Forschungschemikalie wurde sie auf ihre potenziellen psychoaktiven Wirkungen untersucht<a href=\"https:\/\/rckopen.com\/de\/produkt\/nm-2ai\/\">.<\/a><\/p>\n<p>MEAI Crystal liegt in der Regel in kristalliner Form vor und wird in der Regel als Forschungschemikalie verkauft. Es ist wichtig zu wissen, dass MEAI Crystal und andere \u00e4hnliche Verbindungen psychoaktive Wirkungen haben k\u00f6nnen, aber ihre spezifischen Wirkmechanismen und pharmakologischen Eigenschaften sind nicht vollst\u00e4ndig bekannt oder gut dokumentiert.<\/p>\n<h3>Chemische Zusammensetzung von MEAI-Kristall<\/h3>\n<p>Die chemische Zusammensetzung von MEAI (5-Methoxy-2-aminoindan) Crystal l\u00e4sst sich wie folgt beschreiben:Chemische Formel: C11H15NOMolekulargewicht: 177,24 g\/mol<\/p>\n<p>MEAI-Kristall ist eine Verbindung, die aus 11 Kohlenstoffatomen (C11), 15 Wasserstoffatomen (H15), einem Stickstoffatom (N) und einem Sauerstoffatom (O) besteht. Er besteht aus einer Kernstruktur von 2 Aminoindan mit einer Methoxygruppe (CH3O) an Position 5 des Indanrings. Die Aminogruppe (NH2) befindet sich in der 2-Position des Indanrings<a href=\"https:\/\/en.wikipedia.org\/wiki\/MEAI\">.<\/a><\/p>\n<p>Im Allgemeinen kann die chemische Zusammensetzung von MEAI-Kristall durch die chemische Formel C11H15NO dargestellt werden, die die spezifische Anordnung und Anzahl der Atome in der Verbindung angibt.<\/p>\n<h3>Hochwertiges MEAI-Kristall online kaufen.<\/h3>\n<p>Buy Rc ist seit vielen Jahren in der Forschungschemikalienbranche engagiert, was es uns erm\u00f6glicht, die besten dieser Forschungschemikalien zu garantieren. MEAI Crystal zu kaufen ist einfach und von h\u00f6chster Qualit\u00e4t. Die Eink\u00e4ufe von MEAI Crystal sind geringer als die anderer Organisationen.<\/p>\n<p>Die Forschungschemikalien, einschlie\u00dflich MEAI Crystal, erf\u00fcllen alle Sicherheitsanforderungen. Forschungschemikalien werden sorgf\u00e4ltig verteilt und an einem ausgezeichneten, trockenen Ort gelagert.<\/p>\n<p>Alle Artikel werden konsequent auf Qualit\u00e4t, Sicherheit und Reinheit gepr\u00fcft.<\/p>\n<p>Unser MEAI Crystal ist nur f\u00fcr Forschungszwecke bestimmt. Unsere Artikel haben einen fairen Preis und Sie k\u00f6nnen MEAI Crystal Forschungsverbindungen online zu au\u00dfergew\u00f6hnlich g\u00fcnstigen Preisen kaufen.<\/p>\n<h3>Laborgepr\u00fcfter MEAI Crystal mit Ergebnissen.<\/h3>\n<p>macht erneut Fortschritte bei der umfassenden Erf\u00fcllung der Kundenw\u00fcnsche. Mehrere Umfragen haben gezeigt, dass die Kunden vor dem Kauf von synthetischen Forschungschemikalien so viele Daten wie erwartet anfordern. Au\u00dferdem ver\u00f6ffentlichen wir alle Laborergebnisse zu jeder Forschungschemikalie in einem PDF-Dokument.<\/p>\n<p>Unser MEAI Crystal online trifft konsequent die Wirkstoffe und ist f\u00fcr alle sichtbar.<\/p>\n<p>Wir verteilen alle Laborergebnisse zu jeder Forschungschemikalie auf einem PDF-Dokument.<\/p>\n<h3>Bestellen Sie MEAI Crystal sicher online.<\/h3>\n<p>RC SHOP Designer Forschungschemikalien sind von hervorragender Qualit\u00e4t und haben einen fairen Preis. Wenn Sie also Ihre Forschungschemikalien bei RC SHOP anfordern, garantieren wir Ihnen, dass wir Ihre Anfrage schnell und sicher zu Ihnen nach Hause liefern, da der Verkauf von Forschungschemikalien bei RC SHOP immer verf\u00fcgbar ist.<\/p>\n<p>Die Beantragung von synthetischen Forschungsverbindungen mit Bitcoin oder Bank\u00fcberweisung ist bei RC SHOP einfach.<\/p>\n<p>Wir versenden Forschungschemikalien am selben Werktag, wenn die Zahlung vor 15:00 Uhr MESZ eingegangen ist. Wir liefern nicht an Personen unter 18 Jahren!<\/p>\n<h3>Der zum Verkauf stehende MEAI-Kristall ist nur f\u00fcr Forschungszwecke bestimmt.<\/h3>\n<p>Diskreter Versand von Forschungschemikalien.<\/p>\n<p>RC SHOP verpackt Ihre Bestellung sicher und gesch\u00fctzt, um einen ordnungsgem\u00e4\u00dfen Transport zu gew\u00e4hrleisten. Au\u00dferdem verpacken wir vollkommen unauff\u00e4llig, und nichts wird von au\u00dfen gezeigt, was drin sein k\u00f6nnte.<\/p>\n<p>Hinweis: rckopen.com bietet Produkte an, die nicht f\u00fcr den menschlichen Verzehr bestimmt sind. Der (unbeabsichtigte) Verzehr dieses Produkts kann schwerwiegende gesundheitliche Folgen haben. Kaufen Sie MEAI online.<\/p>","protected":false},"excerpt":{"rendered":"<p>IUPAC-Name: 5-Methoxy-2-indanamin<\/p>\n<p>CAS # 73305-09-6<\/p>\n<p>Erscheinungsbild: Kristalle<\/p>\n<p>NMR-Analyse: C10H13NO<\/p>","protected":false},"featured_media":6280,"comment_status":"open","ping_status":"closed","template":"","meta":{"_joinchat":[]},"product_brand":[],"product_cat":[127],"product_tag":[],"class_list":{"0":"post-6266","1":"product","2":"type-product","3":"status-publish","4":"has-post-thumbnail","6":"product_cat-amfetamine","8":"first","9":"instock","10":"shipping-taxable","11":"purchasable","12":"product-type-variable"},"yoast_head":"<!-- This site is optimized with the Yoast SEO plugin v26.3 - https:\/\/yoast.com\/wordpress\/plugins\/seo\/ -->\n<title>MEAI Online kopen - MEAI online te kopen | RC Kopen<\/title>\n<meta name=\"description\" content=\"Op zoek naar Koop MEAI van hoge kwaliteit die online te koop is, is RC kopen een toonaangevende winkel waar u MEAI online kopen tegen de beste prijs.\" \/>\n<meta name=\"robots\" content=\"index, follow, max-snippet:-1, max-image-preview:large, max-video-preview:-1\" \/>\n<link rel=\"canonical\" href=\"https:\/\/rckopen.com\/de\/produkt\/meai\/\" \/>\n<meta property=\"og:locale\" content=\"de_DE\" \/>\n<meta property=\"og:type\" content=\"article\" \/>\n<meta property=\"og:title\" content=\"MEAI Online kopen - MEAI online te kopen | RC Kopen\" \/>\n<meta property=\"og:description\" content=\"Op zoek naar Koop MEAI van hoge kwaliteit die online te koop is, is RC kopen een toonaangevende winkel waar u MEAI online kopen tegen de beste prijs.\" \/>\n<meta property=\"og:url\" content=\"https:\/\/rckopen.com\/de\/produkt\/meai\/\" \/>\n<meta property=\"og:site_name\" content=\"RC Kopen\" \/>\n<meta property=\"article:modified_time\" content=\"2025-02-04T05:10:22+00:00\" \/>\n<meta property=\"og:image\" content=\"https:\/\/rckopen.com\/wp-content\/uploads\/2023\/08\/MEAI.jpg\" \/>\n\t<meta property=\"og:image:width\" content=\"600\" \/>\n\t<meta property=\"og:image:height\" content=\"600\" \/>\n\t<meta property=\"og:image:type\" content=\"image\/jpeg\" \/>\n<meta name=\"twitter:card\" content=\"summary_large_image\" \/>\n<meta name=\"twitter:label1\" content=\"Gesch\u00e4tzte Lesezeit\" \/>\n\t<meta name=\"twitter:data1\" content=\"3\u00a0Minuten\" \/>\n<script type=\"application\/ld+json\" class=\"yoast-schema-graph\">{\"@context\":\"https:\/\/schema.org\",\"@graph\":[{\"@type\":\"WebPage\",\"@id\":\"https:\/\/rckopen.com\/product\/meai\/\",\"url\":\"https:\/\/rckopen.com\/product\/meai\/\",\"name\":\"MEAI Online kopen - MEAI online te kopen | RC Kopen\",\"isPartOf\":{\"@id\":\"https:\/\/rckopen.com\/#website\"},\"primaryImageOfPage\":{\"@id\":\"https:\/\/rckopen.com\/product\/meai\/#primaryimage\"},\"image\":{\"@id\":\"https:\/\/rckopen.com\/product\/meai\/#primaryimage\"},\"thumbnailUrl\":\"https:\/\/rckopen.com\/wp-content\/uploads\/2023\/08\/MEAI.jpg\",\"datePublished\":\"2023-08-14T07:39:22+00:00\",\"dateModified\":\"2025-02-04T05:10:22+00:00\",\"description\":\"Op zoek naar Koop MEAI van hoge kwaliteit die online te koop is, is RC kopen een toonaangevende winkel waar u MEAI online kopen tegen de beste prijs.\",\"breadcrumb\":{\"@id\":\"https:\/\/rckopen.com\/product\/meai\/#breadcrumb\"},\"inLanguage\":\"de-CH\",\"potentialAction\":[{\"@type\":\"ReadAction\",\"target\":[\"https:\/\/rckopen.com\/product\/meai\/\"]}]},{\"@type\":\"ImageObject\",\"inLanguage\":\"de-CH\",\"@id\":\"https:\/\/rckopen.com\/product\/meai\/#primaryimage\",\"url\":\"https:\/\/rckopen.com\/wp-content\/uploads\/2023\/08\/MEAI.jpg\",\"contentUrl\":\"https:\/\/rckopen.com\/wp-content\/uploads\/2023\/08\/MEAI.jpg\",\"width\":600,\"height\":600,\"caption\":\"MEAI online kopen\"},{\"@type\":\"BreadcrumbList\",\"@id\":\"https:\/\/rckopen.com\/product\/meai\/#breadcrumb\",\"itemListElement\":[{\"@type\":\"ListItem\",\"position\":1,\"name\":\"Home\",\"item\":\"https:\/\/rckopen.com\/\"},{\"@type\":\"ListItem\",\"position\":2,\"name\":\"Shop\",\"item\":\"https:\/\/rckopen.com\/shop\/\"},{\"@type\":\"ListItem\",\"position\":3,\"name\":\"MEAI Online kopen\"}]},{\"@type\":\"WebSite\",\"@id\":\"https:\/\/rckopen.com\/#website\",\"url\":\"https:\/\/rckopen.com\/\",\"name\":\"RC Kopen\",\"description\":\"Research Chemicals\",\"potentialAction\":[{\"@type\":\"SearchAction\",\"target\":{\"@type\":\"EntryPoint\",\"urlTemplate\":\"https:\/\/rckopen.com\/?s={search_term_string}\"},\"query-input\":{\"@type\":\"PropertyValueSpecification\",\"valueRequired\":true,\"valueName\":\"search_term_string\"}}],\"inLanguage\":\"de-CH\"}]}<\/script>\n<!-- \/ Yoast SEO plugin. -->","yoast_head_json":{"title":"MEAI Online kopen - MEAI online te kopen | RC Kopen","description":"Op zoek naar Koop MEAI van hoge kwaliteit die online te koop is, is RC kopen een toonaangevende winkel waar u MEAI online kopen tegen de beste prijs.","robots":{"index":"index","follow":"follow","max-snippet":"max-snippet:-1","max-image-preview":"max-image-preview:large","max-video-preview":"max-video-preview:-1"},"canonical":"https:\/\/rckopen.com\/de\/produkt\/meai\/","og_locale":"de_DE","og_type":"article","og_title":"MEAI Online kopen - MEAI online te kopen | RC Kopen","og_description":"Op zoek naar Koop MEAI van hoge kwaliteit die online te koop is, is RC kopen een toonaangevende winkel waar u MEAI online kopen tegen de beste prijs.","og_url":"https:\/\/rckopen.com\/de\/produkt\/meai\/","og_site_name":"RC Kopen","article_modified_time":"2025-02-04T05:10:22+00:00","og_image":[{"width":600,"height":600,"url":"https:\/\/rckopen.com\/wp-content\/uploads\/2023\/08\/MEAI.jpg","type":"image\/jpeg"}],"twitter_card":"summary_large_image","twitter_misc":{"Gesch\u00e4tzte Lesezeit":"3\u00a0Minuten"},"schema":{"@context":"https:\/\/schema.org","@graph":[{"@type":"WebPage","@id":"https:\/\/rckopen.com\/product\/meai\/","url":"https:\/\/rckopen.com\/product\/meai\/","name":"MEAI Online kopen - MEAI online te kopen | RC Kopen","isPartOf":{"@id":"https:\/\/rckopen.com\/#website"},"primaryImageOfPage":{"@id":"https:\/\/rckopen.com\/product\/meai\/#primaryimage"},"image":{"@id":"https:\/\/rckopen.com\/product\/meai\/#primaryimage"},"thumbnailUrl":"https:\/\/rckopen.com\/wp-content\/uploads\/2023\/08\/MEAI.jpg","datePublished":"2023-08-14T07:39:22+00:00","dateModified":"2025-02-04T05:10:22+00:00","description":"Op zoek naar Koop MEAI van hoge kwaliteit die online te koop is, is RC kopen een toonaangevende winkel waar u MEAI online kopen tegen de beste prijs.","breadcrumb":{"@id":"https:\/\/rckopen.com\/product\/meai\/#breadcrumb"},"inLanguage":"de-CH","potentialAction":[{"@type":"ReadAction","target":["https:\/\/rckopen.com\/product\/meai\/"]}]},{"@type":"ImageObject","inLanguage":"de-CH","@id":"https:\/\/rckopen.com\/product\/meai\/#primaryimage","url":"https:\/\/rckopen.com\/wp-content\/uploads\/2023\/08\/MEAI.jpg","contentUrl":"https:\/\/rckopen.com\/wp-content\/uploads\/2023\/08\/MEAI.jpg","width":600,"height":600,"caption":"MEAI online kopen"},{"@type":"BreadcrumbList","@id":"https:\/\/rckopen.com\/product\/meai\/#breadcrumb","itemListElement":[{"@type":"ListItem","position":1,"name":"Home","item":"https:\/\/rckopen.com\/"},{"@type":"ListItem","position":2,"name":"Shop","item":"https:\/\/rckopen.com\/shop\/"},{"@type":"ListItem","position":3,"name":"MEAI Online kopen"}]},{"@type":"WebSite","@id":"https:\/\/rckopen.com\/#website","url":"https:\/\/rckopen.com\/","name":"RC Kopen","description":"Research Chemicals","potentialAction":[{"@type":"SearchAction","target":{"@type":"EntryPoint","urlTemplate":"https:\/\/rckopen.com\/?s={search_term_string}"},"query-input":{"@type":"PropertyValueSpecification","valueRequired":true,"valueName":"search_term_string"}}],"inLanguage":"de-CH"}]}},"_links":{"self":[{"href":"https:\/\/rckopen.com\/de\/wp-json\/wp\/v2\/product\/6266","targetHints":{"allow":["GET"]}}],"collection":[{"href":"https:\/\/rckopen.com\/de\/wp-json\/wp\/v2\/product"}],"about":[{"href":"https:\/\/rckopen.com\/de\/wp-json\/wp\/v2\/types\/product"}],"replies":[{"embeddable":true,"href":"https:\/\/rckopen.com\/de\/wp-json\/wp\/v2\/comments?post=6266"}],"wp:featuredmedia":[{"embeddable":true,"href":"https:\/\/rckopen.com\/de\/wp-json\/wp\/v2\/media\/6280"}],"wp:attachment":[{"href":"https:\/\/rckopen.com\/de\/wp-json\/wp\/v2\/media?parent=6266"}],"wp:term":[{"taxonomy":"product_brand","embeddable":true,"href":"https:\/\/rckopen.com\/de\/wp-json\/wp\/v2\/product_brand?post=6266"},{"taxonomy":"product_cat","embeddable":true,"href":"https:\/\/rckopen.com\/de\/wp-json\/wp\/v2\/product_cat?post=6266"},{"taxonomy":"product_tag","embeddable":true,"href":"https:\/\/rckopen.com\/de\/wp-json\/wp\/v2\/product_tag?post=6266"}],"curies":[{"name":"wp","href":"https:\/\/api.w.org\/{rel}","templated":true}]}}