{"id":6269,"date":"2023-08-14T08:42:16","date_gmt":"2023-08-14T08:42:16","guid":{"rendered":"https:\/\/diligentplug.com\/chems\/?post_type=product&#038;p=6269"},"modified":"2025-01-31T05:15:11","modified_gmt":"2025-01-31T05:15:11","slug":"4-fea","status":"publish","type":"product","link":"https:\/\/rckopen.com\/de\/produkt\/4-merkmale\/","title":{"rendered":"4-FEA online kaufen"},"content":{"rendered":"<h2>4-FEA online kaufen<\/h2>\n<p><a href=\"https:\/\/rckopen.com\/de\/produkt\/4-merkmale\/\">4-FEA kaufen<\/a>, Bij <a href=\"https:\/\/rckopen.com\/de\/\">Rckopen.com<\/a> k\u00f6nnen Sie zuverl\u00e4ssiges 4-FMA f\u00fcr Forschungszwecke kaufen? 4-FMA geh\u00f6rt zur Untergruppe der Amphetamine und hat \u00e4hnliche Wirkungen wie MDMA, darunter Euphorie, Energie und gesteigerte Empathie. Die Dosierung von 4-FMA beeinflusst die Intensit\u00e4t der Studie und es ist ratsam, es von einem seri\u00f6sen Verk\u00e4ufer wie Funcaps zu kaufen, um Qualit\u00e4t und Herkunft sicherzustellen. Bitte beachten Sie, dass 4-FMA nicht f\u00fcr den menschlichen Verzehr bestimmt ist und sicher gehandhabt und gelagert werden muss.<\/p>\n<h1><strong>4 FMA<\/strong><\/h1>\n<p><a href=\"https:\/\/en.wikipedia.org\/wiki\/4-Fluoromethamphetamine\">4-FMA<\/a>, dessen wissenschaftlicher Name 4-Fluormethamphetamin lautet, ist ein Subtyp von Amphetamin. Der erste offizielle Verkauf von 4 FMA fand 2006 in Japan statt. Diese Forschungschemikalie ist, wie die \u00e4u\u00dferst beliebten Forschungschemikalien 2-FA und 3-FA, im Laufe der Jahre in den Niederlanden immer beliebter geworden. Diese Popularit\u00e4t, die in den Niederlanden seit 2007 zunimmt, ist auch auf die untersuchten Effekte zur\u00fcckzuf\u00fchren. Wenn Sie 4 FMA f\u00fcr Forschungszwecke kaufen m\u00f6chten, empfehlen wir Ihnen, dies von einem zuverl\u00e4ssigen Anbieter wie Funcaps zu tun. Der Grund hierf\u00fcr liegt darin, dass wir sowohl f\u00fcr die Qualit\u00e4t als auch f\u00fcr die Herkunft des gekauften Forschungsmaterials garantieren. Dar\u00fcber hinaus kann der Order4-FMA-Effekt bei Ihrer Recherche zu anderen Ergebnissen f\u00fchren, wenn Sie es von einem unseri\u00f6sen Verk\u00e4ufer kaufen, da dann nicht sicher ist, was darin enthalten ist.<\/p>\n<div data-content-type=\"row\" data-appearance=\"contained\" data-element=\"main\">\n<div data-enable-parallax=\"0\" data-parallax-speed=\"0.5\" data-background-images=\"{}\" data-background-type=\"image\" data-video-loop=\"true\" data-video-play-only-visible=\"true\" data-video-lazy-load=\"true\" data-video-fallback-src=\"\" data-element=\"inner\" data-pb-style=\"SM2UFQT\">\n<div data-content-type=\"text\" data-appearance=\"default\" data-element=\"main\">\n<h2>4-FMA-BETRIEB<\/h2>\n<p>Die Wirkungen von 4-Fluoromethamphetamin wurden erforscht. Die Wirkungen von 4-FMA variieren von Studie zu Studie, keine zwei Studien sind nat\u00fcrlich gleich. Die gemessene 4-FMA-Erfahrung kann also von Studie zu Studie variieren, aber der rote Faden ist folgender: Es wird berichtet, dass es eine \u00e4hnliche Wirkung wie MDMA hat, indem es euphorische Erfahrungen verst\u00e4rkt. Es wird auch gesagt, dass es einem mehr Energie gibt. Die Zunahme gl\u00fccklicher und warmer Gef\u00fchle, die auch als \"Kuschelgef\u00fchl\" bezeichnet werden, steht im Einklang mit der erlebten erh\u00f6hten Empathie. Es steigert auch das Gef\u00fchl der Zusammengeh\u00f6rigkeit und das Bed\u00fcrfnis, sich anderen gegen\u00fcber verbal zu \u00f6ffnen. Dies steht im Einklang mit anderen chemischen Forschungsergebnissen, die in einer kontrollierten Umgebung getestet wurden. Ist dies nicht die Forschung, die Sie suchen? Dann sehen Sie sich unsere anderen beliebten Forschungschemikalien an, wie z. B. Cathinone!<\/p>\n<p>Bitte beachten Sie, dass alle Informationen \u00fcber diese Forschungschemikalien und die Forschungschemikalien selbst nur f\u00fcr Bildungs- und Forschungszwecke bestimmt sind. Diese Produkte sind keine Nahrungserg\u00e4nzungsmittel und sind nicht f\u00fcr den menschlichen Verzehr geeignet.<\/p>\n<p>Da es sich um ein Amphetamin handelt, kann die 4-FMA-Erfahrung auch zu Z\u00e4hneknirschen f\u00fchren und den Appetit nehmen. Die Forschung zeigt auch, dass der \u00dcberhitzungseffekt weniger ein Problem ist als bei anderen bekannten Amphetaminen. Einig ist man sich darin, dass die 4-FMA-Dosierung, wie z. B. bei XTC, direkt mit der Intensit\u00e4t zusammenh\u00e4ngt, mit der man die Musik im K\u00f6rper \"aufnimmt\". Nicht zuletzt stellt die Studie fest, dass die empathische Wirkung in den ersten drei Stunden am st\u00e4rksten sp\u00fcrbar ist, wonach 4 FMA in der folgenden Stunde eine energetische Wirkung hat. Es kann bis zu einer Stunde dauern, bis all dies sp\u00fcrbar wird.<\/p>\n<p>Dar\u00fcber hinaus ist laut Forschung und Nutzern, die sich online ge\u00e4u\u00dfert haben, die folgende Nebenwirkung zu erwarten: 4-FMA kann zwischen vier und sechs Stunden wirken. Szenarien, in denen mehr wurde nach einer ersten Dosis genommen f\u00fchrte zu einer sp\u00fcrbaren Wirkung von 24 Stunden. Es wird auch darauf hingewiesen, dass die sp\u00fcrbaren Auswirkungen des Kaufs von 4-FEA viel im Vergleich zu verbotenen Drogen wie MDMA sind. Es ist anzumerken, dass die sp\u00fcrbaren Wirkungen von einer Forschungssituation zur anderen variieren k\u00f6nnen und werden. Genau wie Menschen sind auch keine zwei Studien jemals gleich.<\/p>\n<\/div>\n<\/div>\n<\/div>\n<div data-content-type=\"row\" data-appearance=\"contained\" data-element=\"main\">\n<div data-enable-parallax=\"0\" data-parallax-speed=\"0.5\" data-background-images=\"{}\" data-background-type=\"image\" data-video-loop=\"true\" data-video-play-only-visible=\"true\" data-video-lazy-load=\"true\" data-video-fallback-src=\"\" data-element=\"inner\" data-pb-style=\"PDUI88Q\">\n<div data-content-type=\"text\" data-appearance=\"default\" data-element=\"main\">\n<h2>4-FMA DOSIERUNG<\/h2>\n<p>Inwieweit die Wirkungen von 4 FMA sp\u00fcrbar sind, h\u00e4ngt direkt von der untersuchten Dosis ab. Die in der Forschung \u00fcblicherweise verwendeten Dosen liegen zwischen 70 und 140 mg. Normalerweise kommt 4 FMA als wei\u00dfes Pulver vor. Dieses Pulver kann auch in Form einer Kapsel oder eines Pellets vorkommen. Eine h\u00f6here Dosis kann dazu f\u00fchren, dass sich die Forschungsergebnisse in h\u00f6heren Lagen bemerkbar machen. Bei hohen Dosen soll eine der gr\u00f6\u00dften Nachwirkungen die Schlaflosigkeit sein.<\/p>\n<\/div>\n<\/div>\n<\/div>\n<div data-content-type=\"row\" data-appearance=\"contained\" data-element=\"main\">\n<div data-enable-parallax=\"0\" data-parallax-speed=\"0.5\" data-background-images=\"{}\" data-background-type=\"image\" data-video-loop=\"true\" data-video-play-only-visible=\"true\" data-video-lazy-load=\"true\" data-video-fallback-src=\"\" data-element=\"inner\" data-pb-style=\"D1DX3KR\">\n<div data-content-type=\"text\" data-appearance=\"default\" data-element=\"main\">\n<h2>WIE WIR LIEFERN<\/h2>\n<p>Alle unsere Pakete werden mit DHL oder PostNL geliefert. DHL f\u00fcr ausl\u00e4ndische Sendungen und PostNL f\u00fcr inl\u00e4ndische Sendungen. Wenn Sie an einem Werktag vor 16.30 Uhr bestellen, wird das Paket noch am selben Tag verschickt. Dar\u00fcber hinaus wird die Verpackung mit absoluter Diskretion behandelt. So haben wir innerhalb der Niederlande vier M\u00f6glichkeiten f\u00fcr die Lieferung. Und zwar:<\/p>\n<ul>\n<li>Bei einer normalen Sendung handelt es sich um eine Bestellung in einem leeren Umschlag ohne Absender. Die Lieferzeit hierf\u00fcr betr\u00e4gt etwa ein bis zwei Tage<\/li>\n<li>Sendungsverfolgung, wie oben, nur mit Track &amp; Trace<\/li>\n<li>Sonderzeiten', diese Bestellung mit Track &amp; Trace wird zu einer bestimmten Zeit geliefert<\/li>\n<li>PostNL Abholstelle, hier k\u00f6nnen Sie w\u00e4hlen, ob Sie Ihr Paket bei einer PostNL Abholstelle in Ihrer N\u00e4he abholen m\u00f6chten<\/li>\n<\/ul>\n<\/div>\n<\/div>\n<\/div>\n<div data-content-type=\"row\" data-appearance=\"contained\" data-element=\"main\">\n<div data-enable-parallax=\"0\" data-parallax-speed=\"0.5\" data-background-images=\"{}\" data-background-type=\"image\" data-video-loop=\"true\" data-video-play-only-visible=\"true\" data-video-lazy-load=\"true\" data-video-fallback-src=\"\" data-element=\"inner\" data-pb-style=\"P3WNWOB\">\n<div data-content-type=\"text\" data-appearance=\"default\" data-element=\"main\">\n<h2>SICHERHEITSEMPFEHLUNGEN ZU UNTERSUCHUNGEN 4 FMA<\/h2>\n<p>Bei Kontakt von 4 FMA mit den Augen: Mindestens 10 bis 15 Minuten lang sorgf\u00e4ltig mit Wasser aussp\u00fclen, ggf. Kontaktlinsen entfernen. Bei Ber\u00fchrung mit der Haut: Mit Wasser absp\u00fclen, wenn m\u00f6glich auch mit Seife. Bei Einatmen: F\u00fcr frische Luft sorgen und eine Position einnehmen, die das Atmen erleichtert.<a href=\"https:\/\/en.wikipedia.org\/w\/index.php?search=4-FEA&amp;title=Special%3ASearch&amp;ns0=1\">.<\/a><\/p>\n<p>4-FMA darf nicht mit W\u00e4rmequellen in Ber\u00fchrung kommen. Lagern Sie es in einer trockenen Umgebung bei Raumtemperatur und bewahren Sie es in einer geeigneten Verpackung auf. Bewahren Sie es au\u00dferhalb der Reichweite von Kindern auf. Eine gute Stabilit\u00e4t des gekauften 4-FEA unter den oben genannten Bedingungen kann bis zu zwei Jahre dauern<a href=\"https:\/\/rckopen.com\/de\/produkt\/dmc-dimethocain-freebase\/\">.<\/a><\/p>\n<\/div>\n<\/div>\n<\/div>","protected":false},"excerpt":{"rendered":"<p>IUPAC-Name: N-Ethyl-4-fluor-\u03b1-methyl-benzol-ethanamin, Monohydrochlorid<\/p>\n<p><strong>CAS # <\/strong>3823-31-2<\/p>\n<p><strong>Anderer Name: <\/strong>4-Fluorethamphetamin (Hydrochlorid)<\/p>\n<p><strong>Erscheinungsbild: <\/strong>Pulver<\/p>\n<p><strong>Form: <\/strong>null<\/p>\n<p><strong>NMR-Analyse: <\/strong>C11H16FN - HCl<\/p>","protected":false},"featured_media":6323,"comment_status":"open","ping_status":"closed","template":"","meta":{"_joinchat":[]},"product_brand":[],"product_cat":[127],"product_tag":[],"class_list":{"0":"post-6269","1":"product","2":"type-product","3":"status-publish","4":"has-post-thumbnail","6":"product_cat-amfetamine","8":"first","9":"instock","10":"shipping-taxable","11":"purchasable","12":"product-type-variable"},"yoast_head":"<!-- This site is optimized with the Yoast SEO plugin v26.3 - https:\/\/yoast.com\/wordpress\/plugins\/seo\/ -->\n<title>4-FEA online kopen - 4-FMA te koop<\/title>\n<meta name=\"description\" content=\"4-FEA online kopen, Als je 4-FEA uit onze RC kopen-winkel nog niet hebt geprobeerd, dan mis je veel. Wij helpen u 4-FEA te koop tegen goedkope tarieven te kopen.\" \/>\n<meta name=\"robots\" content=\"index, follow, max-snippet:-1, max-image-preview:large, max-video-preview:-1\" \/>\n<link rel=\"canonical\" href=\"https:\/\/rckopen.com\/de\/produkt\/4-merkmale\/\" \/>\n<meta property=\"og:locale\" content=\"de_DE\" \/>\n<meta property=\"og:type\" content=\"article\" \/>\n<meta property=\"og:title\" content=\"4-FEA online kopen - 4-FMA te koop\" \/>\n<meta property=\"og:description\" content=\"4-FEA online kopen, Als je 4-FEA uit onze RC kopen-winkel nog niet hebt geprobeerd, dan mis je veel. Wij helpen u 4-FEA te koop tegen goedkope tarieven te kopen.\" \/>\n<meta property=\"og:url\" content=\"https:\/\/rckopen.com\/de\/produkt\/4-merkmale\/\" \/>\n<meta property=\"og:site_name\" content=\"RC Kopen\" \/>\n<meta property=\"article:modified_time\" content=\"2025-01-31T05:15:11+00:00\" \/>\n<meta property=\"og:image\" content=\"https:\/\/rckopen.com\/wp-content\/uploads\/2023\/08\/4-FEA.jpg\" \/>\n\t<meta property=\"og:image:width\" content=\"600\" \/>\n\t<meta property=\"og:image:height\" content=\"600\" \/>\n\t<meta property=\"og:image:type\" content=\"image\/jpeg\" \/>\n<meta name=\"twitter:card\" content=\"summary_large_image\" \/>\n<meta name=\"twitter:label1\" content=\"Gesch\u00e4tzte Lesezeit\" \/>\n\t<meta name=\"twitter:data1\" content=\"5\u00a0Minuten\" \/>\n<script type=\"application\/ld+json\" class=\"yoast-schema-graph\">{\"@context\":\"https:\/\/schema.org\",\"@graph\":[{\"@type\":\"WebPage\",\"@id\":\"https:\/\/rckopen.com\/product\/4-fea\/\",\"url\":\"https:\/\/rckopen.com\/product\/4-fea\/\",\"name\":\"4-FEA online kopen - 4-FMA te koop\",\"isPartOf\":{\"@id\":\"https:\/\/rckopen.com\/#website\"},\"primaryImageOfPage\":{\"@id\":\"https:\/\/rckopen.com\/product\/4-fea\/#primaryimage\"},\"image\":{\"@id\":\"https:\/\/rckopen.com\/product\/4-fea\/#primaryimage\"},\"thumbnailUrl\":\"https:\/\/rckopen.com\/wp-content\/uploads\/2023\/08\/4-FEA.jpg\",\"datePublished\":\"2023-08-14T08:42:16+00:00\",\"dateModified\":\"2025-01-31T05:15:11+00:00\",\"description\":\"4-FEA online kopen, Als je 4-FEA uit onze RC kopen-winkel nog niet hebt geprobeerd, dan mis je veel. Wij helpen u 4-FEA te koop tegen goedkope tarieven te kopen.\",\"breadcrumb\":{\"@id\":\"https:\/\/rckopen.com\/product\/4-fea\/#breadcrumb\"},\"inLanguage\":\"de-CH\",\"potentialAction\":[{\"@type\":\"ReadAction\",\"target\":[\"https:\/\/rckopen.com\/product\/4-fea\/\"]}]},{\"@type\":\"ImageObject\",\"inLanguage\":\"de-CH\",\"@id\":\"https:\/\/rckopen.com\/product\/4-fea\/#primaryimage\",\"url\":\"https:\/\/rckopen.com\/wp-content\/uploads\/2023\/08\/4-FEA.jpg\",\"contentUrl\":\"https:\/\/rckopen.com\/wp-content\/uploads\/2023\/08\/4-FEA.jpg\",\"width\":600,\"height\":600,\"caption\":\"4-FEA online kopen\"},{\"@type\":\"BreadcrumbList\",\"@id\":\"https:\/\/rckopen.com\/product\/4-fea\/#breadcrumb\",\"itemListElement\":[{\"@type\":\"ListItem\",\"position\":1,\"name\":\"Home\",\"item\":\"https:\/\/rckopen.com\/\"},{\"@type\":\"ListItem\",\"position\":2,\"name\":\"Shop\",\"item\":\"https:\/\/rckopen.com\/shop\/\"},{\"@type\":\"ListItem\",\"position\":3,\"name\":\"4-FEA online kopen\"}]},{\"@type\":\"WebSite\",\"@id\":\"https:\/\/rckopen.com\/#website\",\"url\":\"https:\/\/rckopen.com\/\",\"name\":\"RC Kopen\",\"description\":\"Research Chemicals\",\"potentialAction\":[{\"@type\":\"SearchAction\",\"target\":{\"@type\":\"EntryPoint\",\"urlTemplate\":\"https:\/\/rckopen.com\/?s={search_term_string}\"},\"query-input\":{\"@type\":\"PropertyValueSpecification\",\"valueRequired\":true,\"valueName\":\"search_term_string\"}}],\"inLanguage\":\"de-CH\"}]}<\/script>\n<!-- \/ Yoast SEO plugin. -->","yoast_head_json":{"title":"4-FEA online kopen - 4-FMA te koop","description":"4-FEA online kopen, Als je 4-FEA uit onze RC kopen-winkel nog niet hebt geprobeerd, dan mis je veel. Wij helpen u 4-FEA te koop tegen goedkope tarieven te kopen.","robots":{"index":"index","follow":"follow","max-snippet":"max-snippet:-1","max-image-preview":"max-image-preview:large","max-video-preview":"max-video-preview:-1"},"canonical":"https:\/\/rckopen.com\/de\/produkt\/4-merkmale\/","og_locale":"de_DE","og_type":"article","og_title":"4-FEA online kopen - 4-FMA te koop","og_description":"4-FEA online kopen, Als je 4-FEA uit onze RC kopen-winkel nog niet hebt geprobeerd, dan mis je veel. Wij helpen u 4-FEA te koop tegen goedkope tarieven te kopen.","og_url":"https:\/\/rckopen.com\/de\/produkt\/4-merkmale\/","og_site_name":"RC Kopen","article_modified_time":"2025-01-31T05:15:11+00:00","og_image":[{"width":600,"height":600,"url":"https:\/\/rckopen.com\/wp-content\/uploads\/2023\/08\/4-FEA.jpg","type":"image\/jpeg"}],"twitter_card":"summary_large_image","twitter_misc":{"Gesch\u00e4tzte Lesezeit":"5\u00a0Minuten"},"schema":{"@context":"https:\/\/schema.org","@graph":[{"@type":"WebPage","@id":"https:\/\/rckopen.com\/product\/4-fea\/","url":"https:\/\/rckopen.com\/product\/4-fea\/","name":"4-FEA online kopen - 4-FMA te koop","isPartOf":{"@id":"https:\/\/rckopen.com\/#website"},"primaryImageOfPage":{"@id":"https:\/\/rckopen.com\/product\/4-fea\/#primaryimage"},"image":{"@id":"https:\/\/rckopen.com\/product\/4-fea\/#primaryimage"},"thumbnailUrl":"https:\/\/rckopen.com\/wp-content\/uploads\/2023\/08\/4-FEA.jpg","datePublished":"2023-08-14T08:42:16+00:00","dateModified":"2025-01-31T05:15:11+00:00","description":"4-FEA online kopen, Als je 4-FEA uit onze RC kopen-winkel nog niet hebt geprobeerd, dan mis je veel. Wij helpen u 4-FEA te koop tegen goedkope tarieven te kopen.","breadcrumb":{"@id":"https:\/\/rckopen.com\/product\/4-fea\/#breadcrumb"},"inLanguage":"de-CH","potentialAction":[{"@type":"ReadAction","target":["https:\/\/rckopen.com\/product\/4-fea\/"]}]},{"@type":"ImageObject","inLanguage":"de-CH","@id":"https:\/\/rckopen.com\/product\/4-fea\/#primaryimage","url":"https:\/\/rckopen.com\/wp-content\/uploads\/2023\/08\/4-FEA.jpg","contentUrl":"https:\/\/rckopen.com\/wp-content\/uploads\/2023\/08\/4-FEA.jpg","width":600,"height":600,"caption":"4-FEA online kopen"},{"@type":"BreadcrumbList","@id":"https:\/\/rckopen.com\/product\/4-fea\/#breadcrumb","itemListElement":[{"@type":"ListItem","position":1,"name":"Home","item":"https:\/\/rckopen.com\/"},{"@type":"ListItem","position":2,"name":"Shop","item":"https:\/\/rckopen.com\/shop\/"},{"@type":"ListItem","position":3,"name":"4-FEA online kopen"}]},{"@type":"WebSite","@id":"https:\/\/rckopen.com\/#website","url":"https:\/\/rckopen.com\/","name":"RC Kopen","description":"Research Chemicals","potentialAction":[{"@type":"SearchAction","target":{"@type":"EntryPoint","urlTemplate":"https:\/\/rckopen.com\/?s={search_term_string}"},"query-input":{"@type":"PropertyValueSpecification","valueRequired":true,"valueName":"search_term_string"}}],"inLanguage":"de-CH"}]}},"_links":{"self":[{"href":"https:\/\/rckopen.com\/de\/wp-json\/wp\/v2\/product\/6269","targetHints":{"allow":["GET"]}}],"collection":[{"href":"https:\/\/rckopen.com\/de\/wp-json\/wp\/v2\/product"}],"about":[{"href":"https:\/\/rckopen.com\/de\/wp-json\/wp\/v2\/types\/product"}],"replies":[{"embeddable":true,"href":"https:\/\/rckopen.com\/de\/wp-json\/wp\/v2\/comments?post=6269"}],"wp:featuredmedia":[{"embeddable":true,"href":"https:\/\/rckopen.com\/de\/wp-json\/wp\/v2\/media\/6323"}],"wp:attachment":[{"href":"https:\/\/rckopen.com\/de\/wp-json\/wp\/v2\/media?parent=6269"}],"wp:term":[{"taxonomy":"product_brand","embeddable":true,"href":"https:\/\/rckopen.com\/de\/wp-json\/wp\/v2\/product_brand?post=6269"},{"taxonomy":"product_cat","embeddable":true,"href":"https:\/\/rckopen.com\/de\/wp-json\/wp\/v2\/product_cat?post=6269"},{"taxonomy":"product_tag","embeddable":true,"href":"https:\/\/rckopen.com\/de\/wp-json\/wp\/v2\/product_tag?post=6269"}],"curies":[{"name":"wp","href":"https:\/\/api.w.org\/{rel}","templated":true}]}}