{"id":6335,"date":"2023-08-14T10:37:18","date_gmt":"2023-08-14T10:37:18","guid":{"rendered":"https:\/\/diligentplug.com\/chems\/?post_type=product&#038;p=6335"},"modified":"2025-02-03T05:49:16","modified_gmt":"2025-02-03T05:49:16","slug":"bromonordiazepam","status":"publish","type":"product","link":"https:\/\/rckopen.com\/de\/produkt\/bromonordiazepam\/","title":{"rendered":"Bromonordiazepam online kaufen"},"content":{"rendered":"<h2>Algemene informatie Bromonordiazepam online kopen<\/h2>\n<p>Bromazepam ist ein Benzodiazepin. Es ist haupts\u00e4chlich ein Mittel gegen Angstzust\u00e4nde mit \u00e4hnlichen Nachwirkungen wie Diazepam (Valium). Bromazepam wird nicht nur zur Behandlung von Spannungen oder Wutanf\u00e4llen eingesetzt, sondern kann auch als Pr\u00e4medikation vor einem kleineren medizinischen Eingriff verwendet werden. Bromazepam wird regelm\u00e4\u00dfig in Portionen von 3 mg und 6 mg Tabletten angeboten.<\/p>\n<p>Es wurde 1961 von Roche lizenziert und 1974 f\u00fcr die klinische Anwendung zugelassen.<\/p>\n<p>Nach der Verabreichung von Bromazepam \u00fcber Nacht kommt es zu einem sehr starken R\u00fcckgang der Magens\u00e4uresekretion w\u00e4hrend der Ruhephase, gefolgt von einem au\u00dfergew\u00f6hnlich kritischen Rebound der Magens\u00e4ure-Testsubstanz am n\u00e4chsten Tag.<\/p>\n<h3>Chemische Zusammensetzung von Bromonordiazepam<\/h3>\n<p>Seine \u00fcbliche Bezeichnung ist 7-Brom-1,3-dihydro-5-phenyl-2H-1,4-benzodiazepin-2-on. Die Molekulargleichung von Bromazepam lautet C15H11BrN2O. Bromazepam ist ein wissenschaftlicher Referenzstandard, der als Metabolit von Benzodiazepin eingestuft wird.1 Desalkylgidazepam ist ein Metabolit von Gidazepam. Diese Explorationsverbindung ist f\u00fcr forensische und Forschungsanwendungen vorgesehen.<\/p>\n<h3>Pharmakologie von Bromonordiazepam<\/h3>\n<p>Bromazepam ist ein \"klassisches\" Benzodiazepin; andere Benzodiazepine alten Stils sind: Diazepam, Clonazepam, Oxazepam, Lorazepam, Nitrazepam, Flurazepam und Clorazepat. Die Molekularstruktur besteht aus einem Diazepin, das mit einem Benzolring und einem Pyridinring verbunden ist, wobei der Benzolring ein einsames Stickstoffteilchen aufweist, das eines der Kohlenstoffmolek\u00fcle in der Ringstruktur ersetzt. Es handelt sich um ein 1,4-Benzodiazepin, was bedeutet, dass sich die Stickstoffatome des siebenseitigen Diazepinrings in den Positionen 1 und 4 befinden.<\/p>\n<p>Bromazepam bindet an den GABA-Rezeptor GABAA, verursacht eine Konformations\u00e4nderung und verl\u00e4ngert die hemmende Wirkung von GABA. Es wirkt als positiver Modulator und entwickelt eine Rezeptorreaktion, wenn es durch GABA selbst oder einen Agonisten (wie z. B. Liquor) ausgel\u00f6st wird. Im Gegensatz zu Barbital sind BZDs keine GABA-Rezeptor-Aktivatoren und beruhen auf der Verl\u00e4ngerung der biologischen Aktivit\u00e4t der Synapse. Bromazepam ist ein semiaktives Benzodiazepin, das im Gegensatz zu anderen Substanzen seiner Gruppe m\u00e4\u00dfig lipophil ist und \u00fcber oxidative Wege in der Leber verwertet wird. Es hat keine stimulierenden oder antipsychotischen Eigenschaften.<\/p>\n<h3>Hochwertiges Bromonordiazepam-Pulver online kaufen<\/h3>\n<p>RC Buy verf\u00fcgt \u00fcber langj\u00e4hrige Erfahrung in der Designerindustrie f\u00fcr Forschungschemikalien, was es uns erm\u00f6glicht, die h\u00f6chste Qualit\u00e4t dieser Forschungschemikalien zu gew\u00e4hrleisten. Das Forschungschemikalien-Team verkauft Bromonordiazepam und 2,5 mg Pellets. Die Forschungschemikalien, einschlie\u00dflich Bromonordiazepam, erf\u00fcllen alle Sicherheitsanforderungen. Die Forschungschemikalien werden sorgf\u00e4ltig verteilt und an einem k\u00fchlen, trockenen Ort gelagert.<\/p>\n<p>Alle Produkte werden regelm\u00e4\u00dfig auf Qualit\u00e4t, Reinheit und Sicherheit gepr\u00fcft. Bewahren Sie Bromonordiazepam immer bei Raumtemperatur und au\u00dferhalb der Reichweite von Kindern und Haustieren auf. Unser Bromonordiazepam ist nicht f\u00fcr den pers\u00f6nlichen Gebrauch bestimmt. Es ist nur f\u00fcr Forschungszwecke bestimmt.<\/p>\n<p>Es sollte nicht mit Alkohol oder Forschungschemikalien gemischt werden, wenn Sie diese Forschungschemikalie untersuchen! bromonordizepam Pulver online kaufen RC Buy. Alle unsere Produkte haben einen fairen Preis!<\/p>\n<h3>Bromonordiazepam wurde im Labor getestet und ergab.<\/h3>\n<p>macht erneut Fortschritte bei der umfassenden Erf\u00fcllung der Kundenw\u00fcnsche. Mehrere Umfragen haben gezeigt, dass die Kunden vor dem Kauf von synthetischen Forschungschemikalien so viele Daten wie erwartet anfordern. Au\u00dferdem ver\u00f6ffentlichen wir alle Laborergebnisse zu jeder Forschungschemikalie in einem PDF-Dokument.<\/p>\n<p>Unser Bromonordiazepam erf\u00fcllt durchweg die Anforderungen an die Wirkstoffe und ist f\u00fcr jedermann klar erkennbar.<\/p>\n<p>Wir verteilen alle Laborergebnisse zu jeder Forschungschemikalie auf einem PDF-Dokument.<\/p>\n<h3>Sicher bestellen bei bromonordiazepam.<\/h3>\n<p>RCKOPEN Designer-Forschungschemikalien sind von ausgezeichneter Qualit\u00e4t und haben einen fairen Preis. Wenn Sie Ihre Forschungschemikalien bei TRRC SHOP anfordern, garantieren wir daher, dass wir Ihre Anfrage schnell und sicher an Ihr Forschungslabor senden, da auf RCKOPEN immer Forschungschemikalien zum Verkauf angeboten werden.<\/p>\n<p>Bei RCKOPEN k\u00f6nnen Sie synthetische Forschungsverbindungen ganz einfach per Bitcoin oder Bank\u00fcberweisung anfordern.<\/p>\n<p>Wir versenden Forschungschemikalien noch am selben Werktag, wenn die Zahlung vor 15:00 Uhr MESZ eingeht.<\/p>\n<p>Wir liefern keine Artikel an Personen unter 18 Jahren!<\/p>\n<p>bromonordiazepam zum Verkauf ist nur f\u00fcr Forschungszwecke bestimmt.<\/p>\n<h3>Diskreter Versand von Forschungschemikalien.<\/h3>\n<p>RCKOPEN versendet Ihre Bestellung. Kaufen Sie Bromonor Diazepam online \u2013 Bromonor Diazepam zu verkaufen | RC Buy sicher und zuverl\u00e4ssig verpacken, um einen guten Transport zu gew\u00e4hrleisten. Dar\u00fcber hinaus verpacken wir vollkommen unauff\u00e4llig und nichts l\u00e4sst von au\u00dfen erahnen, was sich darin befinden k\u00f6nnte.<\/p>","protected":false},"excerpt":{"rendered":"<p><strong>IUPAC-Name: <\/strong>7-bromo-5-phenyl-1,3-dihydro-1,4-benzodiazepin-2-one<\/p>\n<p><strong>CAS # <\/strong>2894-61-3<\/p>\n<p><strong>Anderer Name: <\/strong>Desalkylgidazepam<\/p>\n<p><strong>Form: <\/strong>Pulver<\/p>\n<p><strong>NMR-Analyse: <\/strong>C15H11BrN2O<\/p>","protected":false},"featured_media":6351,"comment_status":"open","ping_status":"closed","template":"","meta":{"_joinchat":[]},"product_brand":[],"product_cat":[128],"product_tag":[],"class_list":{"0":"post-6335","1":"product","2":"type-product","3":"status-publish","4":"has-post-thumbnail","6":"product_cat-benzodiazepinen","8":"first","9":"instock","10":"shipping-taxable","11":"purchasable","12":"product-type-variable"},"yoast_head":"<!-- This site is optimized with the Yoast SEO plugin v26.3 - https:\/\/yoast.com\/wordpress\/plugins\/seo\/ -->\n<title>Koop Bromonor Diazepam online - Bromonor Diazepam te koop | RC Kopen<\/title>\n<meta name=\"description\" content=\"U kunt Bromonordiazepam te koop krijgen in onze winkel en het zonder problemen bij u thuis krijgen. Wij helpen u broomordiazepam online te kopen. Bestel nu!\" \/>\n<meta name=\"robots\" content=\"index, follow, max-snippet:-1, max-image-preview:large, max-video-preview:-1\" \/>\n<link rel=\"canonical\" href=\"https:\/\/rckopen.com\/de\/produkt\/bromonordiazepam\/\" \/>\n<meta property=\"og:locale\" content=\"de_DE\" \/>\n<meta property=\"og:type\" content=\"article\" \/>\n<meta property=\"og:title\" content=\"Koop Bromonor Diazepam online - Bromonor Diazepam te koop | RC Kopen\" \/>\n<meta property=\"og:description\" content=\"U kunt Bromonordiazepam te koop krijgen in onze winkel en het zonder problemen bij u thuis krijgen. Wij helpen u broomordiazepam online te kopen. Bestel nu!\" \/>\n<meta property=\"og:url\" content=\"https:\/\/rckopen.com\/de\/produkt\/bromonordiazepam\/\" \/>\n<meta property=\"og:site_name\" content=\"RC Kopen\" \/>\n<meta property=\"article:modified_time\" content=\"2025-02-03T05:49:16+00:00\" \/>\n<meta property=\"og:image\" content=\"https:\/\/rckopen.com\/wp-content\/uploads\/2023\/08\/Bromazolam.jpg\" \/>\n\t<meta property=\"og:image:width\" content=\"600\" \/>\n\t<meta property=\"og:image:height\" content=\"600\" \/>\n\t<meta property=\"og:image:type\" content=\"image\/jpeg\" \/>\n<meta name=\"twitter:card\" content=\"summary_large_image\" \/>\n<meta name=\"twitter:label1\" content=\"Gesch\u00e4tzte Lesezeit\" \/>\n\t<meta name=\"twitter:data1\" content=\"4\u00a0Minuten\" \/>\n<script type=\"application\/ld+json\" class=\"yoast-schema-graph\">{\"@context\":\"https:\/\/schema.org\",\"@graph\":[{\"@type\":\"WebPage\",\"@id\":\"https:\/\/rckopen.com\/product\/bromonordiazepam\/\",\"url\":\"https:\/\/rckopen.com\/product\/bromonordiazepam\/\",\"name\":\"Koop Bromonor Diazepam online - Bromonor Diazepam te koop | RC Kopen\",\"isPartOf\":{\"@id\":\"https:\/\/rckopen.com\/#website\"},\"primaryImageOfPage\":{\"@id\":\"https:\/\/rckopen.com\/product\/bromonordiazepam\/#primaryimage\"},\"image\":{\"@id\":\"https:\/\/rckopen.com\/product\/bromonordiazepam\/#primaryimage\"},\"thumbnailUrl\":\"https:\/\/rckopen.com\/wp-content\/uploads\/2023\/08\/Bromazolam.jpg\",\"datePublished\":\"2023-08-14T10:37:18+00:00\",\"dateModified\":\"2025-02-03T05:49:16+00:00\",\"description\":\"U kunt Bromonordiazepam te koop krijgen in onze winkel en het zonder problemen bij u thuis krijgen. Wij helpen u broomordiazepam online te kopen. Bestel nu!\",\"breadcrumb\":{\"@id\":\"https:\/\/rckopen.com\/product\/bromonordiazepam\/#breadcrumb\"},\"inLanguage\":\"de-CH\",\"potentialAction\":[{\"@type\":\"ReadAction\",\"target\":[\"https:\/\/rckopen.com\/product\/bromonordiazepam\/\"]}]},{\"@type\":\"ImageObject\",\"inLanguage\":\"de-CH\",\"@id\":\"https:\/\/rckopen.com\/product\/bromonordiazepam\/#primaryimage\",\"url\":\"https:\/\/rckopen.com\/wp-content\/uploads\/2023\/08\/Bromazolam.jpg\",\"contentUrl\":\"https:\/\/rckopen.com\/wp-content\/uploads\/2023\/08\/Bromazolam.jpg\",\"width\":600,\"height\":600,\"caption\":\"Bromazolam online kopen\"},{\"@type\":\"BreadcrumbList\",\"@id\":\"https:\/\/rckopen.com\/product\/bromonordiazepam\/#breadcrumb\",\"itemListElement\":[{\"@type\":\"ListItem\",\"position\":1,\"name\":\"Home\",\"item\":\"https:\/\/rckopen.com\/\"},{\"@type\":\"ListItem\",\"position\":2,\"name\":\"Shop\",\"item\":\"https:\/\/rckopen.com\/shop\/\"},{\"@type\":\"ListItem\",\"position\":3,\"name\":\"bromonordiazepam online kopen\"}]},{\"@type\":\"WebSite\",\"@id\":\"https:\/\/rckopen.com\/#website\",\"url\":\"https:\/\/rckopen.com\/\",\"name\":\"RC Kopen\",\"description\":\"Research Chemicals\",\"potentialAction\":[{\"@type\":\"SearchAction\",\"target\":{\"@type\":\"EntryPoint\",\"urlTemplate\":\"https:\/\/rckopen.com\/?s={search_term_string}\"},\"query-input\":{\"@type\":\"PropertyValueSpecification\",\"valueRequired\":true,\"valueName\":\"search_term_string\"}}],\"inLanguage\":\"de-CH\"}]}<\/script>\n<!-- \/ Yoast SEO plugin. -->","yoast_head_json":{"title":"Koop Bromonor Diazepam online - Bromonor Diazepam te koop | RC Kopen","description":"U kunt Bromonordiazepam te koop krijgen in onze winkel en het zonder problemen bij u thuis krijgen. Wij helpen u broomordiazepam online te kopen. Bestel nu!","robots":{"index":"index","follow":"follow","max-snippet":"max-snippet:-1","max-image-preview":"max-image-preview:large","max-video-preview":"max-video-preview:-1"},"canonical":"https:\/\/rckopen.com\/de\/produkt\/bromonordiazepam\/","og_locale":"de_DE","og_type":"article","og_title":"Koop Bromonor Diazepam online - Bromonor Diazepam te koop | RC Kopen","og_description":"U kunt Bromonordiazepam te koop krijgen in onze winkel en het zonder problemen bij u thuis krijgen. Wij helpen u broomordiazepam online te kopen. Bestel nu!","og_url":"https:\/\/rckopen.com\/de\/produkt\/bromonordiazepam\/","og_site_name":"RC Kopen","article_modified_time":"2025-02-03T05:49:16+00:00","og_image":[{"width":600,"height":600,"url":"https:\/\/rckopen.com\/wp-content\/uploads\/2023\/08\/Bromazolam.jpg","type":"image\/jpeg"}],"twitter_card":"summary_large_image","twitter_misc":{"Gesch\u00e4tzte Lesezeit":"4\u00a0Minuten"},"schema":{"@context":"https:\/\/schema.org","@graph":[{"@type":"WebPage","@id":"https:\/\/rckopen.com\/product\/bromonordiazepam\/","url":"https:\/\/rckopen.com\/product\/bromonordiazepam\/","name":"Koop Bromonor Diazepam online - Bromonor Diazepam te koop | RC Kopen","isPartOf":{"@id":"https:\/\/rckopen.com\/#website"},"primaryImageOfPage":{"@id":"https:\/\/rckopen.com\/product\/bromonordiazepam\/#primaryimage"},"image":{"@id":"https:\/\/rckopen.com\/product\/bromonordiazepam\/#primaryimage"},"thumbnailUrl":"https:\/\/rckopen.com\/wp-content\/uploads\/2023\/08\/Bromazolam.jpg","datePublished":"2023-08-14T10:37:18+00:00","dateModified":"2025-02-03T05:49:16+00:00","description":"U kunt Bromonordiazepam te koop krijgen in onze winkel en het zonder problemen bij u thuis krijgen. Wij helpen u broomordiazepam online te kopen. Bestel nu!","breadcrumb":{"@id":"https:\/\/rckopen.com\/product\/bromonordiazepam\/#breadcrumb"},"inLanguage":"de-CH","potentialAction":[{"@type":"ReadAction","target":["https:\/\/rckopen.com\/product\/bromonordiazepam\/"]}]},{"@type":"ImageObject","inLanguage":"de-CH","@id":"https:\/\/rckopen.com\/product\/bromonordiazepam\/#primaryimage","url":"https:\/\/rckopen.com\/wp-content\/uploads\/2023\/08\/Bromazolam.jpg","contentUrl":"https:\/\/rckopen.com\/wp-content\/uploads\/2023\/08\/Bromazolam.jpg","width":600,"height":600,"caption":"Bromazolam online kopen"},{"@type":"BreadcrumbList","@id":"https:\/\/rckopen.com\/product\/bromonordiazepam\/#breadcrumb","itemListElement":[{"@type":"ListItem","position":1,"name":"Home","item":"https:\/\/rckopen.com\/"},{"@type":"ListItem","position":2,"name":"Shop","item":"https:\/\/rckopen.com\/shop\/"},{"@type":"ListItem","position":3,"name":"bromonordiazepam online kopen"}]},{"@type":"WebSite","@id":"https:\/\/rckopen.com\/#website","url":"https:\/\/rckopen.com\/","name":"RC Kopen","description":"Research Chemicals","potentialAction":[{"@type":"SearchAction","target":{"@type":"EntryPoint","urlTemplate":"https:\/\/rckopen.com\/?s={search_term_string}"},"query-input":{"@type":"PropertyValueSpecification","valueRequired":true,"valueName":"search_term_string"}}],"inLanguage":"de-CH"}]}},"_links":{"self":[{"href":"https:\/\/rckopen.com\/de\/wp-json\/wp\/v2\/product\/6335","targetHints":{"allow":["GET"]}}],"collection":[{"href":"https:\/\/rckopen.com\/de\/wp-json\/wp\/v2\/product"}],"about":[{"href":"https:\/\/rckopen.com\/de\/wp-json\/wp\/v2\/types\/product"}],"replies":[{"embeddable":true,"href":"https:\/\/rckopen.com\/de\/wp-json\/wp\/v2\/comments?post=6335"}],"wp:featuredmedia":[{"embeddable":true,"href":"https:\/\/rckopen.com\/de\/wp-json\/wp\/v2\/media\/6351"}],"wp:attachment":[{"href":"https:\/\/rckopen.com\/de\/wp-json\/wp\/v2\/media?parent=6335"}],"wp:term":[{"taxonomy":"product_brand","embeddable":true,"href":"https:\/\/rckopen.com\/de\/wp-json\/wp\/v2\/product_brand?post=6335"},{"taxonomy":"product_cat","embeddable":true,"href":"https:\/\/rckopen.com\/de\/wp-json\/wp\/v2\/product_cat?post=6335"},{"taxonomy":"product_tag","embeddable":true,"href":"https:\/\/rckopen.com\/de\/wp-json\/wp\/v2\/product_tag?post=6335"}],"curies":[{"name":"wp","href":"https:\/\/api.w.org\/{rel}","templated":true}]}}