{"id":6336,"date":"2023-08-14T10:47:10","date_gmt":"2023-08-14T10:47:10","guid":{"rendered":"https:\/\/diligentplug.com\/chems\/?post_type=product&#038;p=6336"},"modified":"2025-02-03T07:19:30","modified_gmt":"2025-02-03T07:19:30","slug":"flubromazepam-hcl","status":"publish","type":"product","link":"https:\/\/rckopen.com\/de\/produkt\/flubromazepam-hcl\/","title":{"rendered":"FLUBROMAZEPAM HCL ONLINE KAUFEN"},"content":{"rendered":"<h2>Algemene informatie over flubromazepam FLUBROMAZEPAM HCL ONLINE KOPEN<\/h2>\n<p><a href=\"https:\/\/rckopen.com\/de\/produkt\/flubromazepam-hcl\/\">Flubromazepam Hcl online kaufen<\/a> ist ein Benzodiazepin-Derivat, das als Forschungschemikalie Aufmerksamkeit erregt hat. Es wurde erstmals in den 1960er Jahren vorgestellt und seine pharmakologischen Eigenschaften wurden bis zu einem gewissen Grad untersucht.<\/p>\n<p>Flubromazepam besteht aus Kohlenstoff- (C), Wasserstoff- (H), Brom- (Br), Fluor- (F), Stickstoff- (N) und Sauerstoffatomen (O), die in einer spezifischen Struktur angeordnet sind.<\/p>\n<p><a href=\"https:\/\/en.wikipedia.org\/wiki\/Flubromazepam\">Flubromazepam<\/a> hat eine \u00e4hnliche chemische Struktur wie andere Benzodiazepine. Der chemische Name lautet 7-Brom-5-(2-fluorphenyl)-1,3-dihydro-1,4-benzodiazepin-2-on. Es wirkt haupts\u00e4chlich als positiver allosterischer Modulator des GABA-A-Rezeptors und verst\u00e4rkt die hemmende Wirkung von GABA.<\/p>\n<p>Flubromazepam hat \u00e4hnliche Wirkungen wie andere Benzodiazepine. Flubromazepam ist eine sehr potente Substanz, und der typische Anwendungsbereich ist mager und wird gew\u00f6hnlich in Mikrogramm gemessen.<\/p>\n<p>Es ist wichtig, darauf hinzuweisen, dass die Verwendung von Flubromazepam oder jeder anderen nicht regulierten Forschungschemikalie erhebliche Risiken birgt.<\/p>\n<h3>Chemische Zusammensetzung von Flubromazepam<\/h3>\n<p>Die chemische Zusammensetzung von Flubromazepam, das auch unter seinem IUPAC-Namen 7-Brom-5-(2-Fluorphenyl)-1,3-dihydro-1,4-benzodiazepin-2-on bekannt ist, l\u00e4sst sich wie folgt aufteilen:<\/p>\n<p>- Molekulare Formel: C15H10BrFN2O<\/p>\n<p>- Molekulargewicht: 333,16 g\/mol<\/p>\n<p>Die Molekularformel C15H10BrFN2O steht f\u00fcr eine chemische Verbindung, die aus f\u00fcnfzehn Kohlenstoffatomen (C15), zehn Wasserstoffatomen (H10), einem Bromatom (Br), einem Fluoratom (F), zwei Stickstoffatomen (N2) und einem Sauerstoffatom ( O) Buy Flubromazepam Hcl besteht.<\/p>\n<h3>Hier finden Sie einen \u00dcberblick \u00fcber die chemischen Bestandteile und ihre Rolle:<\/h3>\n<p>Benzodiazepin-2-on: Dies ist die Kernstruktur von Flubromazepam. Es handelt sich um ein bicyclisches Ringsystem, das aus vier Kohlenstoffatomen, einem Sauerstoffatom und einem Stickstoffatom besteht.<br \/>\n7-Brom: Ein Bromatom ist an das 7. Kohlenstoffatom der Benzodiazepin-2-on-Struktur gebunden. Brom ist ein Halogenelement.<br \/>\n5-(2-Fluorphenyl): Hierbei handelt es sich um einen Phenylring mit einem Fluoratom an der zweiten Position (ortho-Position). Die Phenylgruppe besteht aus einem sechsgliedrigen Kohlenstoffring mit abwechselnden Einfach- und Doppelbindungen<a href=\"https:\/\/safemedistore.com\/\">.<\/a><\/p>\n<p>Die chemische Zusammensetzung von Flubromazepam spiegelt die spezifische Anordnung der Atome und funktionellen Gruppen wider, die zu seinen pharmakologischen Wirkungen als Benzodiazepin-Derivat beitragen.<\/p>\n<h3>Flubromazepam in hoher Qualit\u00e4t online kaufen.<\/h3>\n<p>RCKOPEN verf\u00fcgt \u00fcber langj\u00e4hrige Erfahrung im Bereich der Entwicklung von Forschungschemikalien, wodurch wir die h\u00f6chste Qualit\u00e4t dieser Forschungschemikalien garantieren k\u00f6nnen. Flubromazepam zu kaufen ist einfach und von h\u00f6chster Qualit\u00e4t. Die Kosten f\u00fcr Flubromazepam sind im Vergleich zu anderen Unternehmen relativ niedrig. Forschungschemikalien, einschlie\u00dflich Flubromazepam, erf\u00fcllen alle Sicherheitsanforderungen. Forschungschemikalien werden sorgf\u00e4ltig verteilt und an einem k\u00fchlen, trockenen Ort gelagert.<\/p>\n<p>Alle Produkte werden regelm\u00e4\u00dfig auf Qualit\u00e4t, Reinheit und Sicherheit gepr\u00fcft. Sie sind nur f\u00fcr Forschungszwecke bestimmt.<\/p>\n<p>Unsere Produkte haben einen fairen Preis und Sie k\u00f6nnen die Chemikalie Flubromazepam online zu sehr g\u00fcnstigen Konditionen kaufen.<\/p>\n<h3>Laboruntersuchung von Flubromazepam mit Ergebnissen.<\/h3>\n<p>macht erneut Fortschritte bei der umfassenden Erf\u00fcllung der Kundenw\u00fcnsche. Mehrere Umfragen haben gezeigt, dass die Kunden vor dem Kauf von synthetischen Forschungschemikalien so viele Daten wie erwartet anfordern. Au\u00dferdem ver\u00f6ffentlichen wir alle Laborergebnisse zu jeder Forschungschemikalie in einem PDF-Dokument.<\/p>\n<p>Unsere flubromazepam online gekauft konsequent erf\u00fcllt die Wirkstoffe und kann von jedermann gesehen werden.<\/p>\n<h3>Wir verteilen alle Labor-Folgen jeder Forschungschemikalie auf einem PDF-Dokument.Sicheres Bestellen bei flubromazepam.<\/h3>\n<p><a href=\"https:\/\/rckopen.com\/de\/\">rckopen.com<\/a> Designer-Forschungschemikalien sind von ausgezeichneter Qualit\u00e4t und haben einen fairen Preis. Wenn Sie Ihre Forschungschemikalien bei RC Kopen anfordern, garantieren wir daher, dass wir Ihre Anfrage schnell und sicher an Ihr Forschungslabor weiterleiten, da der Verkauf von Forschungschemikalien bei RC Kopen immer m\u00f6glich ist.<\/p>\n<p>Das Anfordern von synthetischen Forschungssubstanzen mit Bitcoin oder Bank\u00fcberweisung ist bei RC Kopen ganz einfach.<\/p>\n<p>Wir versenden Forschungschemikalien noch am selben Werktag, wenn die Zahlung vor 15:00 Uhr MESZ eingeht.<\/p>\n<p>Wir liefern keine Artikel an Personen unter 18 Jahren!<\/p>\n<p>Flubromazepam zum Verkauf ist nur f\u00fcr Forschungszwecke.<\/p>\n<h3>Diskreter Versand von Forschungschemikalien.<\/h3>\n<p>RCKOPEN verpackt Ihre Bestellung sicher und gesch\u00fctzt, um einen ordnungsgem\u00e4\u00dfen Transport zu gew\u00e4hrleisten. Au\u00dferdem verpacken wir v\u00f6llig unauff\u00e4llig, und nichts ist auf der Au\u00dfenseite von dem, was im Inneren sein k\u00f6nnte gezeigt<a href=\"https:\/\/rckopen.com\/de\/\">.<\/a><\/p>","protected":false},"excerpt":{"rendered":"<p><strong>IUPAC-Name:<\/strong><\/p>\n<p>7-Brom-5-(2-fluorphenyl)-1,3-dihydro-2H-1,4-benzodiazepin-2-one<\/p>\n<p><strong>CAS # <\/strong>2647-50-9<\/p>\n<p><strong>Form: <\/strong>Pulver<\/p>\n<p><strong>NMR-Analyse: <\/strong>C15H10BrFN2O<\/p>","protected":false},"featured_media":6358,"comment_status":"open","ping_status":"closed","template":"","meta":{"_joinchat":[]},"product_brand":[],"product_cat":[128],"product_tag":[],"class_list":{"0":"post-6336","1":"product","2":"type-product","3":"status-publish","4":"has-post-thumbnail","6":"product_cat-benzodiazepinen","8":"first","9":"instock","10":"shipping-taxable","11":"purchasable","12":"product-type-variable"},"yoast_head":"<!-- This site is optimized with the Yoast SEO plugin v26.3 - https:\/\/yoast.com\/wordpress\/plugins\/seo\/ -->\n<title>Flubromazepam Hcl online kopen- Flubromazepam Hcl te koop<\/title>\n<meta name=\"description\" content=\"Flubromazepam Hcl online kopen in onze vertrouwde online winkel voor producten van topkwaliteit. Koop Flubromazepam Hcl eenvoudig en veilig te koop op ons platform voor ultieme klanttevredenheid. Bestel nu!\" \/>\n<meta name=\"robots\" content=\"index, follow, max-snippet:-1, max-image-preview:large, max-video-preview:-1\" \/>\n<link rel=\"canonical\" href=\"https:\/\/rckopen.com\/de\/produkt\/flubromazepam-hcl\/\" \/>\n<meta property=\"og:locale\" content=\"de_DE\" \/>\n<meta property=\"og:type\" content=\"article\" \/>\n<meta property=\"og:title\" content=\"Flubromazepam Hcl online kopen- Flubromazepam Hcl te koop\" \/>\n<meta property=\"og:description\" content=\"Flubromazepam Hcl online kopen in onze vertrouwde online winkel voor producten van topkwaliteit. Koop Flubromazepam Hcl eenvoudig en veilig te koop op ons platform voor ultieme klanttevredenheid. Bestel nu!\" \/>\n<meta property=\"og:url\" content=\"https:\/\/rckopen.com\/de\/produkt\/flubromazepam-hcl\/\" \/>\n<meta property=\"og:site_name\" content=\"RC Kopen\" \/>\n<meta property=\"article:modified_time\" content=\"2025-02-03T07:19:30+00:00\" \/>\n<meta property=\"og:image\" content=\"https:\/\/rckopen.com\/wp-content\/uploads\/2023\/08\/FLUBROMAZEPAM-HCL.jpg\" \/>\n\t<meta property=\"og:image:width\" content=\"600\" \/>\n\t<meta property=\"og:image:height\" content=\"600\" \/>\n\t<meta property=\"og:image:type\" content=\"image\/jpeg\" \/>\n<meta name=\"twitter:card\" content=\"summary_large_image\" \/>\n<meta name=\"twitter:label1\" content=\"Gesch\u00e4tzte Lesezeit\" \/>\n\t<meta name=\"twitter:data1\" content=\"3\u00a0Minuten\" \/>\n<script type=\"application\/ld+json\" class=\"yoast-schema-graph\">{\"@context\":\"https:\/\/schema.org\",\"@graph\":[{\"@type\":\"WebPage\",\"@id\":\"https:\/\/rckopen.com\/product\/flubromazepam-hcl\/\",\"url\":\"https:\/\/rckopen.com\/product\/flubromazepam-hcl\/\",\"name\":\"Flubromazepam Hcl online kopen- Flubromazepam Hcl te koop\",\"isPartOf\":{\"@id\":\"https:\/\/rckopen.com\/#website\"},\"primaryImageOfPage\":{\"@id\":\"https:\/\/rckopen.com\/product\/flubromazepam-hcl\/#primaryimage\"},\"image\":{\"@id\":\"https:\/\/rckopen.com\/product\/flubromazepam-hcl\/#primaryimage\"},\"thumbnailUrl\":\"https:\/\/rckopen.com\/wp-content\/uploads\/2023\/08\/FLUBROMAZEPAM-HCL.jpg\",\"datePublished\":\"2023-08-14T10:47:10+00:00\",\"dateModified\":\"2025-02-03T07:19:30+00:00\",\"description\":\"Flubromazepam Hcl online kopen in onze vertrouwde online winkel voor producten van topkwaliteit. Koop Flubromazepam Hcl eenvoudig en veilig te koop op ons platform voor ultieme klanttevredenheid. Bestel nu!\",\"breadcrumb\":{\"@id\":\"https:\/\/rckopen.com\/product\/flubromazepam-hcl\/#breadcrumb\"},\"inLanguage\":\"de-CH\",\"potentialAction\":[{\"@type\":\"ReadAction\",\"target\":[\"https:\/\/rckopen.com\/product\/flubromazepam-hcl\/\"]}]},{\"@type\":\"ImageObject\",\"inLanguage\":\"de-CH\",\"@id\":\"https:\/\/rckopen.com\/product\/flubromazepam-hcl\/#primaryimage\",\"url\":\"https:\/\/rckopen.com\/wp-content\/uploads\/2023\/08\/FLUBROMAZEPAM-HCL.jpg\",\"contentUrl\":\"https:\/\/rckopen.com\/wp-content\/uploads\/2023\/08\/FLUBROMAZEPAM-HCL.jpg\",\"width\":600,\"height\":600,\"caption\":\"FLUBROMAZEPAM-HCL ONLINE KOPEN\"},{\"@type\":\"BreadcrumbList\",\"@id\":\"https:\/\/rckopen.com\/product\/flubromazepam-hcl\/#breadcrumb\",\"itemListElement\":[{\"@type\":\"ListItem\",\"position\":1,\"name\":\"Home\",\"item\":\"https:\/\/rckopen.com\/\"},{\"@type\":\"ListItem\",\"position\":2,\"name\":\"Shop\",\"item\":\"https:\/\/rckopen.com\/shop\/\"},{\"@type\":\"ListItem\",\"position\":3,\"name\":\"FLUBROMAZEPAM HCL ONLINE KOPEN\"}]},{\"@type\":\"WebSite\",\"@id\":\"https:\/\/rckopen.com\/#website\",\"url\":\"https:\/\/rckopen.com\/\",\"name\":\"RC Kopen\",\"description\":\"Research Chemicals\",\"potentialAction\":[{\"@type\":\"SearchAction\",\"target\":{\"@type\":\"EntryPoint\",\"urlTemplate\":\"https:\/\/rckopen.com\/?s={search_term_string}\"},\"query-input\":{\"@type\":\"PropertyValueSpecification\",\"valueRequired\":true,\"valueName\":\"search_term_string\"}}],\"inLanguage\":\"de-CH\"}]}<\/script>\n<!-- \/ Yoast SEO plugin. -->","yoast_head_json":{"title":"Flubromazepam Hcl online kopen- Flubromazepam Hcl te koop","description":"Flubromazepam Hcl online kopen in onze vertrouwde online winkel voor producten van topkwaliteit. Koop Flubromazepam Hcl eenvoudig en veilig te koop op ons platform voor ultieme klanttevredenheid. Bestel nu!","robots":{"index":"index","follow":"follow","max-snippet":"max-snippet:-1","max-image-preview":"max-image-preview:large","max-video-preview":"max-video-preview:-1"},"canonical":"https:\/\/rckopen.com\/de\/produkt\/flubromazepam-hcl\/","og_locale":"de_DE","og_type":"article","og_title":"Flubromazepam Hcl online kopen- Flubromazepam Hcl te koop","og_description":"Flubromazepam Hcl online kopen in onze vertrouwde online winkel voor producten van topkwaliteit. Koop Flubromazepam Hcl eenvoudig en veilig te koop op ons platform voor ultieme klanttevredenheid. Bestel nu!","og_url":"https:\/\/rckopen.com\/de\/produkt\/flubromazepam-hcl\/","og_site_name":"RC Kopen","article_modified_time":"2025-02-03T07:19:30+00:00","og_image":[{"width":600,"height":600,"url":"https:\/\/rckopen.com\/wp-content\/uploads\/2023\/08\/FLUBROMAZEPAM-HCL.jpg","type":"image\/jpeg"}],"twitter_card":"summary_large_image","twitter_misc":{"Gesch\u00e4tzte Lesezeit":"3\u00a0Minuten"},"schema":{"@context":"https:\/\/schema.org","@graph":[{"@type":"WebPage","@id":"https:\/\/rckopen.com\/product\/flubromazepam-hcl\/","url":"https:\/\/rckopen.com\/product\/flubromazepam-hcl\/","name":"Flubromazepam Hcl online kopen- Flubromazepam Hcl te koop","isPartOf":{"@id":"https:\/\/rckopen.com\/#website"},"primaryImageOfPage":{"@id":"https:\/\/rckopen.com\/product\/flubromazepam-hcl\/#primaryimage"},"image":{"@id":"https:\/\/rckopen.com\/product\/flubromazepam-hcl\/#primaryimage"},"thumbnailUrl":"https:\/\/rckopen.com\/wp-content\/uploads\/2023\/08\/FLUBROMAZEPAM-HCL.jpg","datePublished":"2023-08-14T10:47:10+00:00","dateModified":"2025-02-03T07:19:30+00:00","description":"Flubromazepam Hcl online kopen in onze vertrouwde online winkel voor producten van topkwaliteit. Koop Flubromazepam Hcl eenvoudig en veilig te koop op ons platform voor ultieme klanttevredenheid. Bestel nu!","breadcrumb":{"@id":"https:\/\/rckopen.com\/product\/flubromazepam-hcl\/#breadcrumb"},"inLanguage":"de-CH","potentialAction":[{"@type":"ReadAction","target":["https:\/\/rckopen.com\/product\/flubromazepam-hcl\/"]}]},{"@type":"ImageObject","inLanguage":"de-CH","@id":"https:\/\/rckopen.com\/product\/flubromazepam-hcl\/#primaryimage","url":"https:\/\/rckopen.com\/wp-content\/uploads\/2023\/08\/FLUBROMAZEPAM-HCL.jpg","contentUrl":"https:\/\/rckopen.com\/wp-content\/uploads\/2023\/08\/FLUBROMAZEPAM-HCL.jpg","width":600,"height":600,"caption":"FLUBROMAZEPAM-HCL ONLINE KOPEN"},{"@type":"BreadcrumbList","@id":"https:\/\/rckopen.com\/product\/flubromazepam-hcl\/#breadcrumb","itemListElement":[{"@type":"ListItem","position":1,"name":"Home","item":"https:\/\/rckopen.com\/"},{"@type":"ListItem","position":2,"name":"Shop","item":"https:\/\/rckopen.com\/shop\/"},{"@type":"ListItem","position":3,"name":"FLUBROMAZEPAM HCL ONLINE KOPEN"}]},{"@type":"WebSite","@id":"https:\/\/rckopen.com\/#website","url":"https:\/\/rckopen.com\/","name":"RC Kopen","description":"Research Chemicals","potentialAction":[{"@type":"SearchAction","target":{"@type":"EntryPoint","urlTemplate":"https:\/\/rckopen.com\/?s={search_term_string}"},"query-input":{"@type":"PropertyValueSpecification","valueRequired":true,"valueName":"search_term_string"}}],"inLanguage":"de-CH"}]}},"_links":{"self":[{"href":"https:\/\/rckopen.com\/de\/wp-json\/wp\/v2\/product\/6336","targetHints":{"allow":["GET"]}}],"collection":[{"href":"https:\/\/rckopen.com\/de\/wp-json\/wp\/v2\/product"}],"about":[{"href":"https:\/\/rckopen.com\/de\/wp-json\/wp\/v2\/types\/product"}],"replies":[{"embeddable":true,"href":"https:\/\/rckopen.com\/de\/wp-json\/wp\/v2\/comments?post=6336"}],"wp:featuredmedia":[{"embeddable":true,"href":"https:\/\/rckopen.com\/de\/wp-json\/wp\/v2\/media\/6358"}],"wp:attachment":[{"href":"https:\/\/rckopen.com\/de\/wp-json\/wp\/v2\/media?parent=6336"}],"wp:term":[{"taxonomy":"product_brand","embeddable":true,"href":"https:\/\/rckopen.com\/de\/wp-json\/wp\/v2\/product_brand?post=6336"},{"taxonomy":"product_cat","embeddable":true,"href":"https:\/\/rckopen.com\/de\/wp-json\/wp\/v2\/product_cat?post=6336"},{"taxonomy":"product_tag","embeddable":true,"href":"https:\/\/rckopen.com\/de\/wp-json\/wp\/v2\/product_tag?post=6336"}],"curies":[{"name":"wp","href":"https:\/\/api.w.org\/{rel}","templated":true}]}}