{"id":6337,"date":"2023-08-14T11:12:18","date_gmt":"2023-08-14T11:12:18","guid":{"rendered":"https:\/\/diligentplug.com\/chems\/?post_type=product&#038;p=6337"},"modified":"2025-02-05T10:44:58","modified_gmt":"2025-02-05T10:44:58","slug":"deschloroetizolam","status":"publish","type":"product","link":"https:\/\/rckopen.com\/de\/produkt\/dechloroetizolam\/","title":{"rendered":"Deschloroetizolam online kaufen"},"content":{"rendered":"<h2>Deschloroetizolam online kaufen<\/h2>\n<p>Bekannt unter mehreren Namen, darunter <a href=\"https:\/\/rckopen.com\/de\/produkt\/dechloroetizolam\/\">Deschloroketamin<\/a>, DXE und 2\u2032-Oxo-PCM, DCK ist chemisch den Arylcyclohexylaminen \u00e4hnlich. Dieser Stoff wird f\u00fcr 0,35 Gramm pro St\u00fcck verkauft. Wir verkaufen auch in Pelletform, mit vier 20-mg-St\u00fccken pro Packung. Dieses Produkt ist f\u00fcr unterprivilegierte Menschen wirklich von Vorteil, f\u00fcr die Verbraucher jedoch nicht sehr vorteilhaft. Bewahren Sie es daher au\u00dferhalb der Reichweite von Kindern und Haustieren auf und lesen Sie vor der Verwendung die Sicherheitshinweise auf unserer Website.<\/p>\n<h3>Deschloretizolam und das Verpacken<\/h3>\n<p>In Dosen ist Deschloroketamin in verschiedenen Farben und D\u00fcften erh\u00e4ltlich:<br \/>\nEs gibt eine silberne, zwei goldene, f\u00fcnf violette, zehn blaue und f\u00fcnfundzwanzig schwarze.<br \/>\nWir liefern unsere Produkte in die gesamten Niederlande. <a href=\"https:\/\/rckopen.com\/de\/\">RC BUY<\/a><\/p>\n<p>&nbsp;<\/p>","protected":false},"excerpt":{"rendered":"<p><strong>IUPAC-Name: <\/strong>2-ethyl-9-methyl-4-phenyl-6H-thieno[3,2-f][1,2,4]triazolo[4,3-a][1,4]diazepine<\/p>\n<p><strong>CAS # <\/strong>40054-73-7<\/p>\n<p><strong>Anderer Name: <\/strong>Etizolam-2<\/p>\n<p><strong>Erscheinungsbild: <\/strong>Pulver<\/p>\n<p><strong>NMR-Analyse: <\/strong>C17H16N4S<\/p>","protected":false},"featured_media":6359,"comment_status":"open","ping_status":"closed","template":"","meta":{"_joinchat":[]},"product_brand":[],"product_cat":[128],"product_tag":[],"class_list":{"0":"post-6337","1":"product","2":"type-product","3":"status-publish","4":"has-post-thumbnail","6":"product_cat-benzodiazepinen","8":"first","9":"instock","10":"shipping-taxable","11":"purchasable","12":"product-type-variable"},"yoast_head":"<!-- This site is optimized with the Yoast SEO plugin v26.3 - https:\/\/yoast.com\/wordpress\/plugins\/seo\/ -->\n<title>deschlooretizolam online kopen - Deschlooretizolam online te koop<\/title>\n<meta name=\"description\" content=\"Op zoek naar deschlooretizolam van hoge kwaliteit online te kopen? RC kopen is een toonaangevende winkel waar u Deschloroetizolam online kunt kopen tegen de beste prijs. Bestel nu met discrete verzending!\" \/>\n<meta name=\"robots\" content=\"index, follow, max-snippet:-1, max-image-preview:large, max-video-preview:-1\" \/>\n<link rel=\"canonical\" href=\"https:\/\/rckopen.com\/de\/produkt\/dechloroetizolam\/\" \/>\n<meta property=\"og:locale\" content=\"de_DE\" \/>\n<meta property=\"og:type\" content=\"article\" \/>\n<meta property=\"og:title\" content=\"deschlooretizolam online kopen - Deschlooretizolam online te koop\" \/>\n<meta property=\"og:description\" content=\"Op zoek naar deschlooretizolam van hoge kwaliteit online te kopen? RC kopen is een toonaangevende winkel waar u Deschloroetizolam online kunt kopen tegen de beste prijs. Bestel nu met discrete verzending!\" \/>\n<meta property=\"og:url\" content=\"https:\/\/rckopen.com\/de\/produkt\/dechloroetizolam\/\" \/>\n<meta property=\"og:site_name\" content=\"RC Kopen\" \/>\n<meta property=\"article:modified_time\" content=\"2025-02-05T10:44:58+00:00\" \/>\n<meta property=\"og:image\" content=\"https:\/\/rckopen.com\/wp-content\/uploads\/2023\/08\/Deschloroetizolam.jpg\" \/>\n\t<meta property=\"og:image:width\" content=\"600\" \/>\n\t<meta property=\"og:image:height\" content=\"600\" \/>\n\t<meta property=\"og:image:type\" content=\"image\/jpeg\" \/>\n<meta name=\"twitter:card\" content=\"summary_large_image\" \/>\n<meta name=\"twitter:label1\" content=\"Gesch\u00e4tzte Lesezeit\" \/>\n\t<meta name=\"twitter:data1\" content=\"1\u00a0Minute\" \/>\n<script type=\"application\/ld+json\" class=\"yoast-schema-graph\">{\"@context\":\"https:\/\/schema.org\",\"@graph\":[{\"@type\":\"WebPage\",\"@id\":\"https:\/\/rckopen.com\/product\/deschloroetizolam\/\",\"url\":\"https:\/\/rckopen.com\/product\/deschloroetizolam\/\",\"name\":\"deschlooretizolam online kopen - Deschlooretizolam online te koop\",\"isPartOf\":{\"@id\":\"https:\/\/rckopen.com\/#website\"},\"primaryImageOfPage\":{\"@id\":\"https:\/\/rckopen.com\/product\/deschloroetizolam\/#primaryimage\"},\"image\":{\"@id\":\"https:\/\/rckopen.com\/product\/deschloroetizolam\/#primaryimage\"},\"thumbnailUrl\":\"https:\/\/rckopen.com\/wp-content\/uploads\/2023\/08\/Deschloroetizolam.jpg\",\"datePublished\":\"2023-08-14T11:12:18+00:00\",\"dateModified\":\"2025-02-05T10:44:58+00:00\",\"description\":\"Op zoek naar deschlooretizolam van hoge kwaliteit online te kopen? RC kopen is een toonaangevende winkel waar u Deschloroetizolam online kunt kopen tegen de beste prijs. Bestel nu met discrete verzending!\",\"breadcrumb\":{\"@id\":\"https:\/\/rckopen.com\/product\/deschloroetizolam\/#breadcrumb\"},\"inLanguage\":\"de-CH\",\"potentialAction\":[{\"@type\":\"ReadAction\",\"target\":[\"https:\/\/rckopen.com\/product\/deschloroetizolam\/\"]}]},{\"@type\":\"ImageObject\",\"inLanguage\":\"de-CH\",\"@id\":\"https:\/\/rckopen.com\/product\/deschloroetizolam\/#primaryimage\",\"url\":\"https:\/\/rckopen.com\/wp-content\/uploads\/2023\/08\/Deschloroetizolam.jpg\",\"contentUrl\":\"https:\/\/rckopen.com\/wp-content\/uploads\/2023\/08\/Deschloroetizolam.jpg\",\"width\":600,\"height\":600,\"caption\":\"Deschloroetizolam online kopen\"},{\"@type\":\"BreadcrumbList\",\"@id\":\"https:\/\/rckopen.com\/product\/deschloroetizolam\/#breadcrumb\",\"itemListElement\":[{\"@type\":\"ListItem\",\"position\":1,\"name\":\"Home\",\"item\":\"https:\/\/rckopen.com\/\"},{\"@type\":\"ListItem\",\"position\":2,\"name\":\"Shop\",\"item\":\"https:\/\/rckopen.com\/shop\/\"},{\"@type\":\"ListItem\",\"position\":3,\"name\":\"Deschloroetizolam online kopen\"}]},{\"@type\":\"WebSite\",\"@id\":\"https:\/\/rckopen.com\/#website\",\"url\":\"https:\/\/rckopen.com\/\",\"name\":\"RC Kopen\",\"description\":\"Research Chemicals\",\"potentialAction\":[{\"@type\":\"SearchAction\",\"target\":{\"@type\":\"EntryPoint\",\"urlTemplate\":\"https:\/\/rckopen.com\/?s={search_term_string}\"},\"query-input\":{\"@type\":\"PropertyValueSpecification\",\"valueRequired\":true,\"valueName\":\"search_term_string\"}}],\"inLanguage\":\"de-CH\"}]}<\/script>\n<!-- \/ Yoast SEO plugin. -->","yoast_head_json":{"title":"deschlooretizolam online kopen - Deschlooretizolam online te koop","description":"Op zoek naar deschlooretizolam van hoge kwaliteit online te kopen? RC kopen is een toonaangevende winkel waar u Deschloroetizolam online kunt kopen tegen de beste prijs. Bestel nu met discrete verzending!","robots":{"index":"index","follow":"follow","max-snippet":"max-snippet:-1","max-image-preview":"max-image-preview:large","max-video-preview":"max-video-preview:-1"},"canonical":"https:\/\/rckopen.com\/de\/produkt\/dechloroetizolam\/","og_locale":"de_DE","og_type":"article","og_title":"deschlooretizolam online kopen - Deschlooretizolam online te koop","og_description":"Op zoek naar deschlooretizolam van hoge kwaliteit online te kopen? RC kopen is een toonaangevende winkel waar u Deschloroetizolam online kunt kopen tegen de beste prijs. Bestel nu met discrete verzending!","og_url":"https:\/\/rckopen.com\/de\/produkt\/dechloroetizolam\/","og_site_name":"RC Kopen","article_modified_time":"2025-02-05T10:44:58+00:00","og_image":[{"width":600,"height":600,"url":"https:\/\/rckopen.com\/wp-content\/uploads\/2023\/08\/Deschloroetizolam.jpg","type":"image\/jpeg"}],"twitter_card":"summary_large_image","twitter_misc":{"Gesch\u00e4tzte Lesezeit":"1\u00a0Minute"},"schema":{"@context":"https:\/\/schema.org","@graph":[{"@type":"WebPage","@id":"https:\/\/rckopen.com\/product\/deschloroetizolam\/","url":"https:\/\/rckopen.com\/product\/deschloroetizolam\/","name":"deschlooretizolam online kopen - Deschlooretizolam online te koop","isPartOf":{"@id":"https:\/\/rckopen.com\/#website"},"primaryImageOfPage":{"@id":"https:\/\/rckopen.com\/product\/deschloroetizolam\/#primaryimage"},"image":{"@id":"https:\/\/rckopen.com\/product\/deschloroetizolam\/#primaryimage"},"thumbnailUrl":"https:\/\/rckopen.com\/wp-content\/uploads\/2023\/08\/Deschloroetizolam.jpg","datePublished":"2023-08-14T11:12:18+00:00","dateModified":"2025-02-05T10:44:58+00:00","description":"Op zoek naar deschlooretizolam van hoge kwaliteit online te kopen? RC kopen is een toonaangevende winkel waar u Deschloroetizolam online kunt kopen tegen de beste prijs. Bestel nu met discrete verzending!","breadcrumb":{"@id":"https:\/\/rckopen.com\/product\/deschloroetizolam\/#breadcrumb"},"inLanguage":"de-CH","potentialAction":[{"@type":"ReadAction","target":["https:\/\/rckopen.com\/product\/deschloroetizolam\/"]}]},{"@type":"ImageObject","inLanguage":"de-CH","@id":"https:\/\/rckopen.com\/product\/deschloroetizolam\/#primaryimage","url":"https:\/\/rckopen.com\/wp-content\/uploads\/2023\/08\/Deschloroetizolam.jpg","contentUrl":"https:\/\/rckopen.com\/wp-content\/uploads\/2023\/08\/Deschloroetizolam.jpg","width":600,"height":600,"caption":"Deschloroetizolam online kopen"},{"@type":"BreadcrumbList","@id":"https:\/\/rckopen.com\/product\/deschloroetizolam\/#breadcrumb","itemListElement":[{"@type":"ListItem","position":1,"name":"Home","item":"https:\/\/rckopen.com\/"},{"@type":"ListItem","position":2,"name":"Shop","item":"https:\/\/rckopen.com\/shop\/"},{"@type":"ListItem","position":3,"name":"Deschloroetizolam online kopen"}]},{"@type":"WebSite","@id":"https:\/\/rckopen.com\/#website","url":"https:\/\/rckopen.com\/","name":"RC Kopen","description":"Research Chemicals","potentialAction":[{"@type":"SearchAction","target":{"@type":"EntryPoint","urlTemplate":"https:\/\/rckopen.com\/?s={search_term_string}"},"query-input":{"@type":"PropertyValueSpecification","valueRequired":true,"valueName":"search_term_string"}}],"inLanguage":"de-CH"}]}},"_links":{"self":[{"href":"https:\/\/rckopen.com\/de\/wp-json\/wp\/v2\/product\/6337","targetHints":{"allow":["GET"]}}],"collection":[{"href":"https:\/\/rckopen.com\/de\/wp-json\/wp\/v2\/product"}],"about":[{"href":"https:\/\/rckopen.com\/de\/wp-json\/wp\/v2\/types\/product"}],"replies":[{"embeddable":true,"href":"https:\/\/rckopen.com\/de\/wp-json\/wp\/v2\/comments?post=6337"}],"wp:featuredmedia":[{"embeddable":true,"href":"https:\/\/rckopen.com\/de\/wp-json\/wp\/v2\/media\/6359"}],"wp:attachment":[{"href":"https:\/\/rckopen.com\/de\/wp-json\/wp\/v2\/media?parent=6337"}],"wp:term":[{"taxonomy":"product_brand","embeddable":true,"href":"https:\/\/rckopen.com\/de\/wp-json\/wp\/v2\/product_brand?post=6337"},{"taxonomy":"product_cat","embeddable":true,"href":"https:\/\/rckopen.com\/de\/wp-json\/wp\/v2\/product_cat?post=6337"},{"taxonomy":"product_tag","embeddable":true,"href":"https:\/\/rckopen.com\/de\/wp-json\/wp\/v2\/product_tag?post=6337"}],"curies":[{"name":"wp","href":"https:\/\/api.w.org\/{rel}","templated":true}]}}