{"id":6338,"date":"2023-08-14T11:16:55","date_gmt":"2023-08-14T11:16:55","guid":{"rendered":"https:\/\/diligentplug.com\/chems\/?post_type=product&#038;p=6338"},"modified":"2025-02-04T05:48:28","modified_gmt":"2025-02-04T05:48:28","slug":"norflurazepam","status":"publish","type":"product","link":"https:\/\/rckopen.com\/de\/produkt\/norflurazepam\/","title":{"rendered":"Norflurazepam online kaufen"},"content":{"rendered":"<h2>Algemene informatie over Norflurazepam online kopen<\/h2>\n<p>N-Desalkylflurazepam (auch Norflurazepam genannt) ist ein Benzodiazepin-Analogon und ein funktionierender Metabolit einiger anderer Benzodiazepin-Forschungschemikalien, einschlie\u00dflich Flurazepam, Flutoprazepam, Fludiazepam, Midazolam, Flutazolam, Quazepam und Ethylloflazepat. Es hat eine lange Wirkungsdauer, neigt zur Akkumulation und ist nicht selektiv an verschiedene Subtypen des Benzodiazepinrezeptors gebunden. Es wurde ab 2016 als Forschungschemikalie f\u00fcr Entwickler verkauft.<\/p>\n<p>Norflurazepam ist ein Pr\u00fcfpr\u00e4parat, das zur Klasse der Benzodiazepine geh\u00f6rt. Norflurazepam ist ein Pr\u00fcfpr\u00e4parat, was bedeutet, dass noch nicht viel Forschung zu dieser Substanz betrieben wurde.<\/p>\n<h3>Chemische Zusammensetzung von Norflurazepam<\/h3>\n<p>Die IUPAC-Bezeichnung lautet 7-Chlor-5-(2-fluorphenyl)-1,3-dihydro-1,4-benzodiazepin-2-on.Impurity Flurazepam USP-related Compound F applications. Sein Atomrezept lautet C15H10ClFN2O. Das Farbschema ist wei\u00df bis blassgelb stark und enth\u00e4lt ein Molekulargewicht von 288,7. Der Schmelzpunkt von Norflurazepam liegt bei 204-206\u02daC.<\/p>\n<h3>Pharmakologie Norflurazepam<\/h3>\n<p>Norflurazepam geh\u00f6rt zu einer Gruppe von ZNS-Depressiva, die den hemmenden Neurotransmitter GABA an verschiedenen GABA-Rezeptoren im gesamten ZNS hemmen. Da sie im Vergleich zu fr\u00fcheren synthetischen Substanzen wie Barbituraten eine geringere Neigung haben, eine potenziell t\u00f6dliche ZNS-Depression zu verursachen, wird Norflurazepam im Allgemeinen in der chemischen Wahnsinnsforschung verwendet.<\/p>\n<p>Verschiedene Norflurazepam variieren in ihrer Verwertungsrate in pharmakologisch dynamischen Strukturen. Synthetische Verbindungen haben eine Halbwertszeit von weniger als 24 Stunden und sind kurzlebig.<\/p>\n<h3>Kaufen Sie hochwertiges Norflurazepam<\/h3>\n<p>RC Buy verf\u00fcgt \u00fcber langj\u00e4hrige Erfahrung in der Forschungschemie-Designer-Industrie, die es uns erm\u00f6glicht, die h\u00f6chste Qualit\u00e4t dieser Forschungschemikalien zu gew\u00e4hrleisten. Das Forschungschemikalien-Team verkauft Norflurazepam. Forschungschemikalien, einschlie\u00dflich Norflurazepam, erf\u00fcllen alle Sicherheitsanforderungen. Die Forschungschemikalien werden sorgf\u00e4ltig verteilt und an einem k\u00fchlen, trockenen Ort gelagert.<\/p>\n<p>Alle Produkte werden regelm\u00e4\u00dfig auf Qualit\u00e4t, Reinheit und Sicherheit gepr\u00fcft. Lagern Sie Norflurazepam immer bei Raumtemperatur und au\u00dferhalb der Reichweite von Kindern und Haustieren. Unser Norflurazepam ist nicht f\u00fcr den pers\u00f6nlichen Gebrauch bestimmt. Es ist nur f\u00fcr Forschungszwecke bestimmt.<\/p>\n<p>Es sollte nicht mit Alkohol oder Forschungschemikalien gemischt werden, wenn Sie diese Forschungschemikalie erforschen!<\/p>\n<h3>Laboruntersuchung von Norflurazepam mit Ergebnissen.<\/h3>\n<p>macht erneut Fortschritte bei der umfassenden Erf\u00fcllung der Kundenw\u00fcnsche. Mehrere Umfragen haben gezeigt, dass die Kunden vor dem Kauf von synthetischen Forschungschemikalien so viele Daten wie erwartet anfordern. Au\u00dferdem ver\u00f6ffentlichen wir alle Laborergebnisse zu jeder Forschungschemikalie in einem PDF-Dokument.<\/p>\n<p>Unser Norflurazepam-Pulver erf\u00fcllt durchweg die Anforderungen an die Wirkstoffe und ist f\u00fcr jedermann klar erkennbar.<\/p>\n<p>Wir verteilen alle Laborfolgen jeder Forschungschemikalie auf einem PDF-Dokument.Norflurazepam Pulver sicher bestellen<\/p>\n<p>Die Designer-Forschungschemikalien von RC SHOP sind von hervorragender Qualit\u00e4t und haben einen fairen Preis. Wenn Sie Ihre Forschungschemikalien bei TRRC SHOP anfordern, garantieren wir daher, dass wir Ihre Anfrage schnell und sicher an Ihr Forschungslabor senden, da Forschungschemikalien bei RC SHOP immer zum Verkauf angeboten werden.<\/p>\n<p>Bei RC SHOP k\u00f6nnen Sie synthetische Forschungsverbindungen ganz einfach mit Bitcoin oder Bank\u00fcberweisung bestellen. Bei Zahlungseingang bis 15:00 Uhr MESZ versenden wir Forschungschemikalien noch am gleichen Werktag. An Personen unter 18 Jahren erfolgt kein Versand!<\/p>\n<h3>Norflurazepam-Pulver ist nur f\u00fcr Forschungszwecke bestimmt.<\/h3>\n<p>Diskreter Versand von Forschungschemikalien.<\/p>\n<p>RC SHOP verpackt Ihre Bestellung sicher und gesch\u00fctzt, um einen ordnungsgem\u00e4\u00dfen Transport zu gew\u00e4hrleisten. Au\u00dferdem verpacken wir vollkommen unauff\u00e4llig, und nichts wird von au\u00dfen gezeigt, was drin sein k\u00f6nnte.<\/p>","protected":false},"excerpt":{"rendered":"<p><strong>IUPAC-Name: <\/strong>7-chloro-5-(2-fluorophenyl)-1,3-dihydro-2H-1,4-benzodiazepin-2-one<\/p>\n<p><strong>CAS # <\/strong>2886-65-9<\/p>\n<p><strong>Erscheinungsbild: <\/strong>Pulver<\/p>\n<p><strong>NMR-Analyse: <\/strong>C15H10ClFN2O<\/p>","protected":false},"featured_media":6368,"comment_status":"open","ping_status":"closed","template":"","meta":{"_joinchat":[]},"product_brand":[],"product_cat":[128],"product_tag":[],"class_list":{"0":"post-6338","1":"product","2":"type-product","3":"status-publish","4":"has-post-thumbnail","6":"product_cat-benzodiazepinen","8":"first","9":"instock","10":"shipping-taxable","11":"purchasable","12":"product-type-variable"},"yoast_head":"<!-- This site is optimized with the Yoast SEO plugin v26.3 - https:\/\/yoast.com\/wordpress\/plugins\/seo\/ -->\n<title>Koop Norflurazepam online - Norflurazepam te koop<\/title>\n<meta name=\"description\" content=\"Wij zijn de toonaangevende winkel die norflurazepam te koop aanbiedt. Als u norflurazepam wilt kopen, neem dan onmiddellijk contact met ons op en laat de bestelling bezorgen. Bestel nu!\" \/>\n<meta name=\"robots\" content=\"index, follow, max-snippet:-1, max-image-preview:large, max-video-preview:-1\" \/>\n<link rel=\"canonical\" href=\"https:\/\/rckopen.com\/de\/produkt\/norflurazepam\/\" \/>\n<meta property=\"og:locale\" content=\"de_DE\" \/>\n<meta property=\"og:type\" content=\"article\" \/>\n<meta property=\"og:title\" content=\"Koop Norflurazepam online - Norflurazepam te koop\" \/>\n<meta property=\"og:description\" content=\"Wij zijn de toonaangevende winkel die norflurazepam te koop aanbiedt. Als u norflurazepam wilt kopen, neem dan onmiddellijk contact met ons op en laat de bestelling bezorgen. Bestel nu!\" \/>\n<meta property=\"og:url\" content=\"https:\/\/rckopen.com\/de\/produkt\/norflurazepam\/\" \/>\n<meta property=\"og:site_name\" content=\"RC Kopen\" \/>\n<meta property=\"article:modified_time\" content=\"2025-02-04T05:48:28+00:00\" \/>\n<meta property=\"og:image\" content=\"https:\/\/rckopen.com\/wp-content\/uploads\/2023\/08\/Norflurazepam.jpg\" \/>\n\t<meta property=\"og:image:width\" content=\"600\" \/>\n\t<meta property=\"og:image:height\" content=\"600\" \/>\n\t<meta property=\"og:image:type\" content=\"image\/jpeg\" \/>\n<meta name=\"twitter:card\" content=\"summary_large_image\" \/>\n<meta name=\"twitter:label1\" content=\"Gesch\u00e4tzte Lesezeit\" \/>\n\t<meta name=\"twitter:data1\" content=\"3\u00a0Minuten\" \/>\n<script type=\"application\/ld+json\" class=\"yoast-schema-graph\">{\"@context\":\"https:\/\/schema.org\",\"@graph\":[{\"@type\":\"WebPage\",\"@id\":\"https:\/\/rckopen.com\/product\/norflurazepam\/\",\"url\":\"https:\/\/rckopen.com\/product\/norflurazepam\/\",\"name\":\"Koop Norflurazepam online - Norflurazepam te koop\",\"isPartOf\":{\"@id\":\"https:\/\/rckopen.com\/#website\"},\"primaryImageOfPage\":{\"@id\":\"https:\/\/rckopen.com\/product\/norflurazepam\/#primaryimage\"},\"image\":{\"@id\":\"https:\/\/rckopen.com\/product\/norflurazepam\/#primaryimage\"},\"thumbnailUrl\":\"https:\/\/rckopen.com\/wp-content\/uploads\/2023\/08\/Norflurazepam.jpg\",\"datePublished\":\"2023-08-14T11:16:55+00:00\",\"dateModified\":\"2025-02-04T05:48:28+00:00\",\"description\":\"Wij zijn de toonaangevende winkel die norflurazepam te koop aanbiedt. Als u norflurazepam wilt kopen, neem dan onmiddellijk contact met ons op en laat de bestelling bezorgen. Bestel nu!\",\"breadcrumb\":{\"@id\":\"https:\/\/rckopen.com\/product\/norflurazepam\/#breadcrumb\"},\"inLanguage\":\"de-CH\",\"potentialAction\":[{\"@type\":\"ReadAction\",\"target\":[\"https:\/\/rckopen.com\/product\/norflurazepam\/\"]}]},{\"@type\":\"ImageObject\",\"inLanguage\":\"de-CH\",\"@id\":\"https:\/\/rckopen.com\/product\/norflurazepam\/#primaryimage\",\"url\":\"https:\/\/rckopen.com\/wp-content\/uploads\/2023\/08\/Norflurazepam.jpg\",\"contentUrl\":\"https:\/\/rckopen.com\/wp-content\/uploads\/2023\/08\/Norflurazepam.jpg\",\"width\":600,\"height\":600,\"caption\":\"Norflurazepam online kopen\"},{\"@type\":\"BreadcrumbList\",\"@id\":\"https:\/\/rckopen.com\/product\/norflurazepam\/#breadcrumb\",\"itemListElement\":[{\"@type\":\"ListItem\",\"position\":1,\"name\":\"Home\",\"item\":\"https:\/\/rckopen.com\/\"},{\"@type\":\"ListItem\",\"position\":2,\"name\":\"Shop\",\"item\":\"https:\/\/rckopen.com\/shop\/\"},{\"@type\":\"ListItem\",\"position\":3,\"name\":\"Norflurazepam online kopen\"}]},{\"@type\":\"WebSite\",\"@id\":\"https:\/\/rckopen.com\/#website\",\"url\":\"https:\/\/rckopen.com\/\",\"name\":\"RC Kopen\",\"description\":\"Research Chemicals\",\"potentialAction\":[{\"@type\":\"SearchAction\",\"target\":{\"@type\":\"EntryPoint\",\"urlTemplate\":\"https:\/\/rckopen.com\/?s={search_term_string}\"},\"query-input\":{\"@type\":\"PropertyValueSpecification\",\"valueRequired\":true,\"valueName\":\"search_term_string\"}}],\"inLanguage\":\"de-CH\"}]}<\/script>\n<!-- \/ Yoast SEO plugin. -->","yoast_head_json":{"title":"Koop Norflurazepam online - Norflurazepam te koop","description":"Wij zijn de toonaangevende winkel die norflurazepam te koop aanbiedt. Als u norflurazepam wilt kopen, neem dan onmiddellijk contact met ons op en laat de bestelling bezorgen. Bestel nu!","robots":{"index":"index","follow":"follow","max-snippet":"max-snippet:-1","max-image-preview":"max-image-preview:large","max-video-preview":"max-video-preview:-1"},"canonical":"https:\/\/rckopen.com\/de\/produkt\/norflurazepam\/","og_locale":"de_DE","og_type":"article","og_title":"Koop Norflurazepam online - Norflurazepam te koop","og_description":"Wij zijn de toonaangevende winkel die norflurazepam te koop aanbiedt. Als u norflurazepam wilt kopen, neem dan onmiddellijk contact met ons op en laat de bestelling bezorgen. Bestel nu!","og_url":"https:\/\/rckopen.com\/de\/produkt\/norflurazepam\/","og_site_name":"RC Kopen","article_modified_time":"2025-02-04T05:48:28+00:00","og_image":[{"width":600,"height":600,"url":"https:\/\/rckopen.com\/wp-content\/uploads\/2023\/08\/Norflurazepam.jpg","type":"image\/jpeg"}],"twitter_card":"summary_large_image","twitter_misc":{"Gesch\u00e4tzte Lesezeit":"3\u00a0Minuten"},"schema":{"@context":"https:\/\/schema.org","@graph":[{"@type":"WebPage","@id":"https:\/\/rckopen.com\/product\/norflurazepam\/","url":"https:\/\/rckopen.com\/product\/norflurazepam\/","name":"Koop Norflurazepam online - Norflurazepam te koop","isPartOf":{"@id":"https:\/\/rckopen.com\/#website"},"primaryImageOfPage":{"@id":"https:\/\/rckopen.com\/product\/norflurazepam\/#primaryimage"},"image":{"@id":"https:\/\/rckopen.com\/product\/norflurazepam\/#primaryimage"},"thumbnailUrl":"https:\/\/rckopen.com\/wp-content\/uploads\/2023\/08\/Norflurazepam.jpg","datePublished":"2023-08-14T11:16:55+00:00","dateModified":"2025-02-04T05:48:28+00:00","description":"Wij zijn de toonaangevende winkel die norflurazepam te koop aanbiedt. Als u norflurazepam wilt kopen, neem dan onmiddellijk contact met ons op en laat de bestelling bezorgen. Bestel nu!","breadcrumb":{"@id":"https:\/\/rckopen.com\/product\/norflurazepam\/#breadcrumb"},"inLanguage":"de-CH","potentialAction":[{"@type":"ReadAction","target":["https:\/\/rckopen.com\/product\/norflurazepam\/"]}]},{"@type":"ImageObject","inLanguage":"de-CH","@id":"https:\/\/rckopen.com\/product\/norflurazepam\/#primaryimage","url":"https:\/\/rckopen.com\/wp-content\/uploads\/2023\/08\/Norflurazepam.jpg","contentUrl":"https:\/\/rckopen.com\/wp-content\/uploads\/2023\/08\/Norflurazepam.jpg","width":600,"height":600,"caption":"Norflurazepam online kopen"},{"@type":"BreadcrumbList","@id":"https:\/\/rckopen.com\/product\/norflurazepam\/#breadcrumb","itemListElement":[{"@type":"ListItem","position":1,"name":"Home","item":"https:\/\/rckopen.com\/"},{"@type":"ListItem","position":2,"name":"Shop","item":"https:\/\/rckopen.com\/shop\/"},{"@type":"ListItem","position":3,"name":"Norflurazepam online kopen"}]},{"@type":"WebSite","@id":"https:\/\/rckopen.com\/#website","url":"https:\/\/rckopen.com\/","name":"RC Kopen","description":"Research Chemicals","potentialAction":[{"@type":"SearchAction","target":{"@type":"EntryPoint","urlTemplate":"https:\/\/rckopen.com\/?s={search_term_string}"},"query-input":{"@type":"PropertyValueSpecification","valueRequired":true,"valueName":"search_term_string"}}],"inLanguage":"de-CH"}]}},"_links":{"self":[{"href":"https:\/\/rckopen.com\/de\/wp-json\/wp\/v2\/product\/6338","targetHints":{"allow":["GET"]}}],"collection":[{"href":"https:\/\/rckopen.com\/de\/wp-json\/wp\/v2\/product"}],"about":[{"href":"https:\/\/rckopen.com\/de\/wp-json\/wp\/v2\/types\/product"}],"replies":[{"embeddable":true,"href":"https:\/\/rckopen.com\/de\/wp-json\/wp\/v2\/comments?post=6338"}],"wp:featuredmedia":[{"embeddable":true,"href":"https:\/\/rckopen.com\/de\/wp-json\/wp\/v2\/media\/6368"}],"wp:attachment":[{"href":"https:\/\/rckopen.com\/de\/wp-json\/wp\/v2\/media?parent=6338"}],"wp:term":[{"taxonomy":"product_brand","embeddable":true,"href":"https:\/\/rckopen.com\/de\/wp-json\/wp\/v2\/product_brand?post=6338"},{"taxonomy":"product_cat","embeddable":true,"href":"https:\/\/rckopen.com\/de\/wp-json\/wp\/v2\/product_cat?post=6338"},{"taxonomy":"product_tag","embeddable":true,"href":"https:\/\/rckopen.com\/de\/wp-json\/wp\/v2\/product_tag?post=6338"}],"curies":[{"name":"wp","href":"https:\/\/api.w.org\/{rel}","templated":true}]}}