{"id":6341,"date":"2023-08-14T12:59:45","date_gmt":"2023-08-14T12:59:45","guid":{"rendered":"https:\/\/diligentplug.com\/chems\/?post_type=product&#038;p=6341"},"modified":"2025-02-03T05:45:25","modified_gmt":"2025-02-03T05:45:25","slug":"bromazolam","status":"publish","type":"product","link":"https:\/\/rckopen.com\/de\/produkt\/bromazolam\/","title":{"rendered":"Bromazolam online Kaufen"},"content":{"rendered":"<h2>Allgemeine Informationen \u00fcber Bromazolam<\/h2>\n<p><a href=\"https:\/\/rckopen.com\/de\/produkt\/bromazolam\/\">Bromazolam<\/a> ist ein Benzodiazepin-Derivat, das strukturell anderen Benzodiazepinen wie Adinazolam, Clonazolam, Deschloroetizolam und Diclazepam \u00e4hnelt.<\/p>\n<p><a href=\"https:\/\/en.wikipedia.org\/wiki\/Bromazolam\">Bromazolam<\/a> is niet goedgekeurd voor medisch gebruik en wordt beschouwd als een chemische stof voor onderzoek. Het wordt voornamelijk online verkocht als research chemical.<\/p>\n<p>Die Chemikalie ist in der Regel in Tabletten oder Bromazolam-Pulver zu finden, und ihre Verwendung h\u00e4ngt von ihrer Form und Reinheit ab.<\/p>\n<h3>Chemische Zusammensetzung von Bromazolam<\/h3>\n<p>Die chemische Bezeichnung f\u00fcr Bromazolam ist 8-Brom-6-(2-fluorphenyl)-1-methyl-4H-[1,2,4]triazolo[4,3-a][1,4]benzodiazepin. Die Summenformel ist (C17H13BrN4) und das Molekulargewicht betr\u00e4gt 370,2 g\/mol.<\/p>\n<p>Bromazolam ist ein Triazolobenzodiazepin, das hei\u00dft, es hat einen Benzolring, der mit einem Triazolring und einem Diazepinring verschmolzen ist. Es enth\u00e4lt au\u00dferdem ein Bromatom an den 8 Positionen, eine Methylgruppe an der Position 1 und ein Fluoratom an den 2 Positionen des Phenylrings.<\/p>\n<p>Die chemische Struktur von Bromazolam \u00e4hnelt der anderer Benzodiazepine, wie Adinazolam, Clonazolam, Deschloroetizolam und Diclazepam, aber der Triazolring verleiht ihm einzigartige pharmakologische Eigenschaften. Diese Eigenschaften tragen zu seiner hohen Potenz und schnellen Wirkung im Vergleich zu anderen Benzodiazepinen bei.<\/p>\n<h3>Bromazolam online kaufen in hoher Qualit\u00e4t<\/h3>\n<p><a href=\"https:\/\/rckopen.com\/de\/\">rckopen.com<\/a> verf\u00fcgt \u00fcber langj\u00e4hrige Erfahrung im Bereich des Designs von Forschungschemikalien. Dadurch k\u00f6nnen wir die h\u00f6chste Qualit\u00e4t dieser Forschungschemikalien garantieren. Bromazolam kaufen ist einfach und von h\u00f6chster Qualit\u00e4t. Die Kosten f\u00fcr Bromazolam sind im Vergleich zu anderen Unternehmen relativ niedrig. Forschungschemikalien, einschlie\u00dflich Bromazolam, erf\u00fcllen alle Sicherheitsanforderungen. Forschungschemikalien werden sorgf\u00e4ltig verteilt und an einem k\u00fchlen, trockenen Ort gelagert.<\/p>\n<p>Alle Produkte werden regelm\u00e4\u00dfig auf Qualit\u00e4t, Reinheit und Sicherheit gepr\u00fcft. Bewahren Sie Bromazolam immer bei Raumtemperatur und au\u00dferhalb der Reichweite von Kindern und Haustieren auf. Unser Bromazolam ist nicht f\u00fcr den pers\u00f6nlichen Gebrauch bestimmt. Unsere Produkte haben einen fairen Preis und Sie k\u00f6nnen Bromazolam online zu sehr niedrigen Preisen kaufen.<\/p>\n<h3>Laboruntersuchung von Bromazolam mit Ergebnissen.<\/h3>\n<p>macht erneut Fortschritte bei der umfassenden Erf\u00fcllung der Kundenw\u00fcnsche. Mehrere Umfragen haben gezeigt, dass die Kunden vor dem Kauf von synthetischen Forschungschemikalien so viele Daten wie erwartet anfordern. Au\u00dferdem ver\u00f6ffentlichen wir alle Laborergebnisse zu jeder Forschungschemikalie in einem PDF-Dokument.<\/p>\n<p>Unser Bromazolam-Pulver ist konsequent wirkstoffgetreu und f\u00fcr alle sichtbar, wir verteilen alle Laborabl\u00e4ufe jeder Forschungschemikalie auf einem PDF-Dokument.<\/p>\n<h3>Sicher bestellen bei Bromazolam.<\/h3>\n<p>RC Kopen Designer Forschungschemikalien sind von ausgezeichneter Qualit\u00e4t und haben einen fairen Preis. Deshalb garantieren wir Ihnen, wenn Sie Ihre Forschungschemikalien bei RC Kopen anfordern, dass wir Ihre Anfrage schnell und sicher zu Ihnen nach Hause liefern, denn der Verkauf von Forschungschemikalien ist bei RC Kopen immer verf\u00fcgbar.<\/p>\n<p>Das Anfordern von synthetischen Forschungssubstanzen mit Bitcoin oder Bank\u00fcberweisung ist bei RC Kopen ganz einfach.<\/p>\n<p>Wir versenden Pulver f\u00fcr Forschungschemikalien noch am selben Werktag, wenn die Zahlung bis 15:00 Uhr MESZ eingegangen ist. wir liefern nicht an Personen unter 18 Jahren. der Verkauf von Forschungschemikalien erfolgt nur zu Forschungszwecken.<\/p>\n<h3>Diskreter Versand von Forschungschemikalien.<\/h3>\n<p>RC Kopen verpackt Ihre Bestellung sicher und gesch\u00fctzt, um einen ordnungsgem\u00e4\u00dfen Transport zu gew\u00e4hrleisten. Au\u00dferdem verpacken wir v\u00f6llig unauff\u00e4llig, und nichts ist auf der Au\u00dfenseite von dem, was drin sein k\u00f6nnte gezeigt.<\/p>","protected":false},"excerpt":{"rendered":"<p><strong>IUPAC-Name: <\/strong>8-bromo-1-methyl-6-phenyl-4H-benzo[f][1,2,4]triazolo[4,3-a][1,4]diazepine<\/p>\n<p><strong>CAS # <\/strong>71368-80-4<\/p>\n<p><strong>Erscheinungsbild: <\/strong>Pulver<\/p>\n<p><strong>NMR-Analyse: <\/strong>C17H13BrN4<\/p>","protected":false},"featured_media":6351,"comment_status":"open","ping_status":"closed","template":"","meta":{"_joinchat":[]},"product_brand":[],"product_cat":[128],"product_tag":[],"class_list":{"0":"post-6341","1":"product","2":"type-product","3":"status-publish","4":"has-post-thumbnail","6":"product_cat-benzodiazepinen","8":"first","9":"instock","10":"shipping-taxable","11":"purchasable","12":"product-type-variable"},"yoast_head":"<!-- This site is optimized with the Yoast SEO plugin v26.3 - https:\/\/yoast.com\/wordpress\/plugins\/seo\/ -->\n<title>Koop Bromazolam online - Bromazolam te koop | RC Kopen<\/title>\n<meta name=\"description\" content=\"U kunt contact opnemen met onze online winkel en Bromazolam online kopen. We hebben Bromazolam te koop tegen goedkope prijzen. Haal de jouwe meteen bij jou thuis!\" \/>\n<meta name=\"robots\" content=\"index, follow, max-snippet:-1, max-image-preview:large, max-video-preview:-1\" \/>\n<link rel=\"canonical\" href=\"https:\/\/rckopen.com\/de\/produkt\/bromazolam\/\" \/>\n<meta property=\"og:locale\" content=\"de_DE\" \/>\n<meta property=\"og:type\" content=\"article\" \/>\n<meta property=\"og:title\" content=\"Koop Bromazolam online - Bromazolam te koop | RC Kopen\" \/>\n<meta property=\"og:description\" content=\"U kunt contact opnemen met onze online winkel en Bromazolam online kopen. We hebben Bromazolam te koop tegen goedkope prijzen. Haal de jouwe meteen bij jou thuis!\" \/>\n<meta property=\"og:url\" content=\"https:\/\/rckopen.com\/de\/produkt\/bromazolam\/\" \/>\n<meta property=\"og:site_name\" content=\"RC Kopen\" \/>\n<meta property=\"article:modified_time\" content=\"2025-02-03T05:45:25+00:00\" \/>\n<meta property=\"og:image\" content=\"https:\/\/rckopen.com\/wp-content\/uploads\/2023\/08\/Bromazolam.jpg\" \/>\n\t<meta property=\"og:image:width\" content=\"600\" \/>\n\t<meta property=\"og:image:height\" content=\"600\" \/>\n\t<meta property=\"og:image:type\" content=\"image\/jpeg\" \/>\n<meta name=\"twitter:card\" content=\"summary_large_image\" \/>\n<meta name=\"twitter:label1\" content=\"Gesch\u00e4tzte Lesezeit\" \/>\n\t<meta name=\"twitter:data1\" content=\"3\u00a0Minuten\" \/>\n<script type=\"application\/ld+json\" class=\"yoast-schema-graph\">{\"@context\":\"https:\/\/schema.org\",\"@graph\":[{\"@type\":\"WebPage\",\"@id\":\"https:\/\/rckopen.com\/product\/bromazolam\/\",\"url\":\"https:\/\/rckopen.com\/product\/bromazolam\/\",\"name\":\"Koop Bromazolam online - Bromazolam te koop | RC Kopen\",\"isPartOf\":{\"@id\":\"https:\/\/rckopen.com\/#website\"},\"primaryImageOfPage\":{\"@id\":\"https:\/\/rckopen.com\/product\/bromazolam\/#primaryimage\"},\"image\":{\"@id\":\"https:\/\/rckopen.com\/product\/bromazolam\/#primaryimage\"},\"thumbnailUrl\":\"https:\/\/rckopen.com\/wp-content\/uploads\/2023\/08\/Bromazolam.jpg\",\"datePublished\":\"2023-08-14T12:59:45+00:00\",\"dateModified\":\"2025-02-03T05:45:25+00:00\",\"description\":\"U kunt contact opnemen met onze online winkel en Bromazolam online kopen. We hebben Bromazolam te koop tegen goedkope prijzen. Haal de jouwe meteen bij jou thuis!\",\"breadcrumb\":{\"@id\":\"https:\/\/rckopen.com\/product\/bromazolam\/#breadcrumb\"},\"inLanguage\":\"de-CH\",\"potentialAction\":[{\"@type\":\"ReadAction\",\"target\":[\"https:\/\/rckopen.com\/product\/bromazolam\/\"]}]},{\"@type\":\"ImageObject\",\"inLanguage\":\"de-CH\",\"@id\":\"https:\/\/rckopen.com\/product\/bromazolam\/#primaryimage\",\"url\":\"https:\/\/rckopen.com\/wp-content\/uploads\/2023\/08\/Bromazolam.jpg\",\"contentUrl\":\"https:\/\/rckopen.com\/wp-content\/uploads\/2023\/08\/Bromazolam.jpg\",\"width\":600,\"height\":600,\"caption\":\"Bromazolam online kopen\"},{\"@type\":\"BreadcrumbList\",\"@id\":\"https:\/\/rckopen.com\/product\/bromazolam\/#breadcrumb\",\"itemListElement\":[{\"@type\":\"ListItem\",\"position\":1,\"name\":\"Home\",\"item\":\"https:\/\/rckopen.com\/\"},{\"@type\":\"ListItem\",\"position\":2,\"name\":\"Shop\",\"item\":\"https:\/\/rckopen.com\/shop\/\"},{\"@type\":\"ListItem\",\"position\":3,\"name\":\"Bromazolam online kopen\"}]},{\"@type\":\"WebSite\",\"@id\":\"https:\/\/rckopen.com\/#website\",\"url\":\"https:\/\/rckopen.com\/\",\"name\":\"RC Kopen\",\"description\":\"Research Chemicals\",\"potentialAction\":[{\"@type\":\"SearchAction\",\"target\":{\"@type\":\"EntryPoint\",\"urlTemplate\":\"https:\/\/rckopen.com\/?s={search_term_string}\"},\"query-input\":{\"@type\":\"PropertyValueSpecification\",\"valueRequired\":true,\"valueName\":\"search_term_string\"}}],\"inLanguage\":\"de-CH\"}]}<\/script>\n<!-- \/ Yoast SEO plugin. -->","yoast_head_json":{"title":"Koop Bromazolam online - Bromazolam te koop | RC Kopen","description":"U kunt contact opnemen met onze online winkel en Bromazolam online kopen. We hebben Bromazolam te koop tegen goedkope prijzen. Haal de jouwe meteen bij jou thuis!","robots":{"index":"index","follow":"follow","max-snippet":"max-snippet:-1","max-image-preview":"max-image-preview:large","max-video-preview":"max-video-preview:-1"},"canonical":"https:\/\/rckopen.com\/de\/produkt\/bromazolam\/","og_locale":"de_DE","og_type":"article","og_title":"Koop Bromazolam online - Bromazolam te koop | RC Kopen","og_description":"U kunt contact opnemen met onze online winkel en Bromazolam online kopen. We hebben Bromazolam te koop tegen goedkope prijzen. Haal de jouwe meteen bij jou thuis!","og_url":"https:\/\/rckopen.com\/de\/produkt\/bromazolam\/","og_site_name":"RC Kopen","article_modified_time":"2025-02-03T05:45:25+00:00","og_image":[{"width":600,"height":600,"url":"https:\/\/rckopen.com\/wp-content\/uploads\/2023\/08\/Bromazolam.jpg","type":"image\/jpeg"}],"twitter_card":"summary_large_image","twitter_misc":{"Gesch\u00e4tzte Lesezeit":"3\u00a0Minuten"},"schema":{"@context":"https:\/\/schema.org","@graph":[{"@type":"WebPage","@id":"https:\/\/rckopen.com\/product\/bromazolam\/","url":"https:\/\/rckopen.com\/product\/bromazolam\/","name":"Koop Bromazolam online - Bromazolam te koop | RC Kopen","isPartOf":{"@id":"https:\/\/rckopen.com\/#website"},"primaryImageOfPage":{"@id":"https:\/\/rckopen.com\/product\/bromazolam\/#primaryimage"},"image":{"@id":"https:\/\/rckopen.com\/product\/bromazolam\/#primaryimage"},"thumbnailUrl":"https:\/\/rckopen.com\/wp-content\/uploads\/2023\/08\/Bromazolam.jpg","datePublished":"2023-08-14T12:59:45+00:00","dateModified":"2025-02-03T05:45:25+00:00","description":"U kunt contact opnemen met onze online winkel en Bromazolam online kopen. We hebben Bromazolam te koop tegen goedkope prijzen. Haal de jouwe meteen bij jou thuis!","breadcrumb":{"@id":"https:\/\/rckopen.com\/product\/bromazolam\/#breadcrumb"},"inLanguage":"de-CH","potentialAction":[{"@type":"ReadAction","target":["https:\/\/rckopen.com\/product\/bromazolam\/"]}]},{"@type":"ImageObject","inLanguage":"de-CH","@id":"https:\/\/rckopen.com\/product\/bromazolam\/#primaryimage","url":"https:\/\/rckopen.com\/wp-content\/uploads\/2023\/08\/Bromazolam.jpg","contentUrl":"https:\/\/rckopen.com\/wp-content\/uploads\/2023\/08\/Bromazolam.jpg","width":600,"height":600,"caption":"Bromazolam online kopen"},{"@type":"BreadcrumbList","@id":"https:\/\/rckopen.com\/product\/bromazolam\/#breadcrumb","itemListElement":[{"@type":"ListItem","position":1,"name":"Home","item":"https:\/\/rckopen.com\/"},{"@type":"ListItem","position":2,"name":"Shop","item":"https:\/\/rckopen.com\/shop\/"},{"@type":"ListItem","position":3,"name":"Bromazolam online kopen"}]},{"@type":"WebSite","@id":"https:\/\/rckopen.com\/#website","url":"https:\/\/rckopen.com\/","name":"RC Kopen","description":"Research Chemicals","potentialAction":[{"@type":"SearchAction","target":{"@type":"EntryPoint","urlTemplate":"https:\/\/rckopen.com\/?s={search_term_string}"},"query-input":{"@type":"PropertyValueSpecification","valueRequired":true,"valueName":"search_term_string"}}],"inLanguage":"de-CH"}]}},"_links":{"self":[{"href":"https:\/\/rckopen.com\/de\/wp-json\/wp\/v2\/product\/6341","targetHints":{"allow":["GET"]}}],"collection":[{"href":"https:\/\/rckopen.com\/de\/wp-json\/wp\/v2\/product"}],"about":[{"href":"https:\/\/rckopen.com\/de\/wp-json\/wp\/v2\/types\/product"}],"replies":[{"embeddable":true,"href":"https:\/\/rckopen.com\/de\/wp-json\/wp\/v2\/comments?post=6341"}],"wp:featuredmedia":[{"embeddable":true,"href":"https:\/\/rckopen.com\/de\/wp-json\/wp\/v2\/media\/6351"}],"wp:attachment":[{"href":"https:\/\/rckopen.com\/de\/wp-json\/wp\/v2\/media?parent=6341"}],"wp:term":[{"taxonomy":"product_brand","embeddable":true,"href":"https:\/\/rckopen.com\/de\/wp-json\/wp\/v2\/product_brand?post=6341"},{"taxonomy":"product_cat","embeddable":true,"href":"https:\/\/rckopen.com\/de\/wp-json\/wp\/v2\/product_cat?post=6341"},{"taxonomy":"product_tag","embeddable":true,"href":"https:\/\/rckopen.com\/de\/wp-json\/wp\/v2\/product_tag?post=6341"}],"curies":[{"name":"wp","href":"https:\/\/api.w.org\/{rel}","templated":true}]}}