{"id":6342,"date":"2023-08-14T13:03:15","date_gmt":"2023-08-14T13:03:15","guid":{"rendered":"https:\/\/diligentplug.com\/chems\/?post_type=product&#038;p=6342"},"modified":"2025-02-05T10:18:44","modified_gmt":"2025-02-05T10:18:44","slug":"5-mapb-white","status":"publish","type":"product","link":"https:\/\/rckopen.com\/de\/produkt\/5-mapb-weis\/","title":{"rendered":"5-MAPB wei\u00df online kaufen"},"content":{"rendered":"<h2>5-MAPB wei\u00df online kaufen<\/h2>\n<p>Die synthetische Verbindung <a href=\"https:\/\/rckopen.com\/de\/produkt\/5-mapb-weis\/\">5-MAPB wei\u00df<\/a><span style=\"font-size: 1rem;\">, auch bekannt als 5-MAPB, ist ein Mitglied der Klasse der substituierten Benzofurane. Hierbei werden auch die bekannten 6-APB, 5-APB und 5-MAPB White Songs gespielt. Wir verkaufen Artikel mit einem Gewicht von 0,5 Gramm und 5-MAPB. Dieses Produkt ist f\u00fcr unterprivilegierte Menschen wirklich von Vorteil, f\u00fcr die Verbraucher jedoch nicht sehr vorteilhaft. Bewahren Sie es daher au\u00dferhalb der Reichweite von Kindern und Haustieren auf und lesen Sie vor der Verwendung die Sicherheitshinweise auf unserer Website. <a href=\"https:\/\/rckopen.com\/de\/\">Rc kopen<\/a><\/span><\/p>\n<p>Verpackung 5-MAPB wei\u00df wird in Beuteln mit verschiedenen Farben und Texturen verpackt:<br \/>\nEs gibt eine silberne, zwei goldene, f\u00fcnf violette, zehn blaue und f\u00fcnfundzwanzig schwarze.<\/p>\n<h3>Wir liefern unsere Produkte in die gesamten Niederlande.<\/h3>\n<p>Den Beipackzettel finden Sie hier.<br \/>\nHier bei V.I.B.<\/p>\n<p>1-(1-Benzofuran-5-yl), 5-(2-Methylaminopropyl)benzofuran und 5-mapb (CAS 1823925-53-6)Hydrochlorid von N-Methylpropan-2-amin, 1-(Benzofuran-5-yl)-N-Methylpropan-2-aminhydroxid<\/p>\n<p>&nbsp;<\/p>","protected":false},"excerpt":{"rendered":"<p><strong>IUPAC-Name: <\/strong>1-(Benzofuran-5-yl)-N-methylpropan-2-amin<\/p>\n<p><strong>CAS # <\/strong>1823925-53-6<\/p>\n<p><strong>Erscheinungsbild: <\/strong>wollwei\u00dfes Pulver<\/p>\n<p><strong>Form: <\/strong>HCl<\/p>\n<p><strong>NMR-Analyse: <\/strong>C12H15NO.HCL<\/p>","protected":false},"featured_media":6370,"comment_status":"open","ping_status":"closed","template":"","meta":{"_joinchat":[]},"product_brand":[],"product_cat":[128],"product_tag":[],"class_list":{"0":"post-6342","1":"product","2":"type-product","3":"status-publish","4":"has-post-thumbnail","6":"product_cat-benzodiazepinen","8":"first","9":"instock","10":"shipping-taxable","11":"purchasable","12":"product-type-variable"},"yoast_head":"<!-- This site is optimized with the Yoast SEO plugin v26.3 - https:\/\/yoast.com\/wordpress\/plugins\/seo\/ -->\n<title>Koop 5Mapb Wit online - 5Mapb Wit te koop<\/title>\n<meta name=\"description\" content=\"Koop 5Mapb White online in onze winkel tegen betaalbare prijzen. Ons team helpt u bij het online kopen van 5Mapb White. Plaats nu uw bestelling!\" \/>\n<meta name=\"robots\" content=\"index, follow, max-snippet:-1, max-image-preview:large, max-video-preview:-1\" \/>\n<link rel=\"canonical\" href=\"https:\/\/rckopen.com\/de\/produkt\/5-mapb-weis\/\" \/>\n<meta property=\"og:locale\" content=\"de_DE\" \/>\n<meta property=\"og:type\" content=\"article\" \/>\n<meta property=\"og:title\" content=\"Koop 5Mapb Wit online - 5Mapb Wit te koop\" \/>\n<meta property=\"og:description\" content=\"Koop 5Mapb White online in onze winkel tegen betaalbare prijzen. Ons team helpt u bij het online kopen van 5Mapb White. Plaats nu uw bestelling!\" \/>\n<meta property=\"og:url\" content=\"https:\/\/rckopen.com\/de\/produkt\/5-mapb-weis\/\" \/>\n<meta property=\"og:site_name\" content=\"RC Kopen\" \/>\n<meta property=\"article:modified_time\" content=\"2025-02-05T10:18:44+00:00\" \/>\n<meta property=\"og:image\" content=\"https:\/\/rckopen.com\/wp-content\/uploads\/2023\/08\/5-MAPB-white.jpg\" \/>\n\t<meta property=\"og:image:width\" content=\"600\" \/>\n\t<meta property=\"og:image:height\" content=\"600\" \/>\n\t<meta property=\"og:image:type\" content=\"image\/jpeg\" \/>\n<meta name=\"twitter:card\" content=\"summary_large_image\" \/>\n<meta name=\"twitter:label1\" content=\"Gesch\u00e4tzte Lesezeit\" \/>\n\t<meta name=\"twitter:data1\" content=\"1\u00a0Minute\" \/>\n<script type=\"application\/ld+json\" class=\"yoast-schema-graph\">{\"@context\":\"https:\/\/schema.org\",\"@graph\":[{\"@type\":\"WebPage\",\"@id\":\"https:\/\/rckopen.com\/product\/5-mapb-white\/\",\"url\":\"https:\/\/rckopen.com\/product\/5-mapb-white\/\",\"name\":\"Koop 5Mapb Wit online - 5Mapb Wit te koop\",\"isPartOf\":{\"@id\":\"https:\/\/rckopen.com\/#website\"},\"primaryImageOfPage\":{\"@id\":\"https:\/\/rckopen.com\/product\/5-mapb-white\/#primaryimage\"},\"image\":{\"@id\":\"https:\/\/rckopen.com\/product\/5-mapb-white\/#primaryimage\"},\"thumbnailUrl\":\"https:\/\/rckopen.com\/wp-content\/uploads\/2023\/08\/5-MAPB-white.jpg\",\"datePublished\":\"2023-08-14T13:03:15+00:00\",\"dateModified\":\"2025-02-05T10:18:44+00:00\",\"description\":\"Koop 5Mapb White online in onze winkel tegen betaalbare prijzen. Ons team helpt u bij het online kopen van 5Mapb White. Plaats nu uw bestelling!\",\"breadcrumb\":{\"@id\":\"https:\/\/rckopen.com\/product\/5-mapb-white\/#breadcrumb\"},\"inLanguage\":\"de-CH\",\"potentialAction\":[{\"@type\":\"ReadAction\",\"target\":[\"https:\/\/rckopen.com\/product\/5-mapb-white\/\"]}]},{\"@type\":\"ImageObject\",\"inLanguage\":\"de-CH\",\"@id\":\"https:\/\/rckopen.com\/product\/5-mapb-white\/#primaryimage\",\"url\":\"https:\/\/rckopen.com\/wp-content\/uploads\/2023\/08\/5-MAPB-white.jpg\",\"contentUrl\":\"https:\/\/rckopen.com\/wp-content\/uploads\/2023\/08\/5-MAPB-white.jpg\",\"width\":600,\"height\":600,\"caption\":\"5-MAPB-white online kopen\"},{\"@type\":\"BreadcrumbList\",\"@id\":\"https:\/\/rckopen.com\/product\/5-mapb-white\/#breadcrumb\",\"itemListElement\":[{\"@type\":\"ListItem\",\"position\":1,\"name\":\"Home\",\"item\":\"https:\/\/rckopen.com\/\"},{\"@type\":\"ListItem\",\"position\":2,\"name\":\"Shop\",\"item\":\"https:\/\/rckopen.com\/shop\/\"},{\"@type\":\"ListItem\",\"position\":3,\"name\":\"5-MAPB white online kopen\"}]},{\"@type\":\"WebSite\",\"@id\":\"https:\/\/rckopen.com\/#website\",\"url\":\"https:\/\/rckopen.com\/\",\"name\":\"RC Kopen\",\"description\":\"Research Chemicals\",\"potentialAction\":[{\"@type\":\"SearchAction\",\"target\":{\"@type\":\"EntryPoint\",\"urlTemplate\":\"https:\/\/rckopen.com\/?s={search_term_string}\"},\"query-input\":{\"@type\":\"PropertyValueSpecification\",\"valueRequired\":true,\"valueName\":\"search_term_string\"}}],\"inLanguage\":\"de-CH\"}]}<\/script>\n<!-- \/ Yoast SEO plugin. -->","yoast_head_json":{"title":"Koop 5Mapb Wit online - 5Mapb Wit te koop","description":"Koop 5Mapb White online in onze winkel tegen betaalbare prijzen. Ons team helpt u bij het online kopen van 5Mapb White. Plaats nu uw bestelling!","robots":{"index":"index","follow":"follow","max-snippet":"max-snippet:-1","max-image-preview":"max-image-preview:large","max-video-preview":"max-video-preview:-1"},"canonical":"https:\/\/rckopen.com\/de\/produkt\/5-mapb-weis\/","og_locale":"de_DE","og_type":"article","og_title":"Koop 5Mapb Wit online - 5Mapb Wit te koop","og_description":"Koop 5Mapb White online in onze winkel tegen betaalbare prijzen. Ons team helpt u bij het online kopen van 5Mapb White. Plaats nu uw bestelling!","og_url":"https:\/\/rckopen.com\/de\/produkt\/5-mapb-weis\/","og_site_name":"RC Kopen","article_modified_time":"2025-02-05T10:18:44+00:00","og_image":[{"width":600,"height":600,"url":"https:\/\/rckopen.com\/wp-content\/uploads\/2023\/08\/5-MAPB-white.jpg","type":"image\/jpeg"}],"twitter_card":"summary_large_image","twitter_misc":{"Gesch\u00e4tzte Lesezeit":"1\u00a0Minute"},"schema":{"@context":"https:\/\/schema.org","@graph":[{"@type":"WebPage","@id":"https:\/\/rckopen.com\/product\/5-mapb-white\/","url":"https:\/\/rckopen.com\/product\/5-mapb-white\/","name":"Koop 5Mapb Wit online - 5Mapb Wit te koop","isPartOf":{"@id":"https:\/\/rckopen.com\/#website"},"primaryImageOfPage":{"@id":"https:\/\/rckopen.com\/product\/5-mapb-white\/#primaryimage"},"image":{"@id":"https:\/\/rckopen.com\/product\/5-mapb-white\/#primaryimage"},"thumbnailUrl":"https:\/\/rckopen.com\/wp-content\/uploads\/2023\/08\/5-MAPB-white.jpg","datePublished":"2023-08-14T13:03:15+00:00","dateModified":"2025-02-05T10:18:44+00:00","description":"Koop 5Mapb White online in onze winkel tegen betaalbare prijzen. Ons team helpt u bij het online kopen van 5Mapb White. Plaats nu uw bestelling!","breadcrumb":{"@id":"https:\/\/rckopen.com\/product\/5-mapb-white\/#breadcrumb"},"inLanguage":"de-CH","potentialAction":[{"@type":"ReadAction","target":["https:\/\/rckopen.com\/product\/5-mapb-white\/"]}]},{"@type":"ImageObject","inLanguage":"de-CH","@id":"https:\/\/rckopen.com\/product\/5-mapb-white\/#primaryimage","url":"https:\/\/rckopen.com\/wp-content\/uploads\/2023\/08\/5-MAPB-white.jpg","contentUrl":"https:\/\/rckopen.com\/wp-content\/uploads\/2023\/08\/5-MAPB-white.jpg","width":600,"height":600,"caption":"5-MAPB-white online kopen"},{"@type":"BreadcrumbList","@id":"https:\/\/rckopen.com\/product\/5-mapb-white\/#breadcrumb","itemListElement":[{"@type":"ListItem","position":1,"name":"Home","item":"https:\/\/rckopen.com\/"},{"@type":"ListItem","position":2,"name":"Shop","item":"https:\/\/rckopen.com\/shop\/"},{"@type":"ListItem","position":3,"name":"5-MAPB white online kopen"}]},{"@type":"WebSite","@id":"https:\/\/rckopen.com\/#website","url":"https:\/\/rckopen.com\/","name":"RC Kopen","description":"Research Chemicals","potentialAction":[{"@type":"SearchAction","target":{"@type":"EntryPoint","urlTemplate":"https:\/\/rckopen.com\/?s={search_term_string}"},"query-input":{"@type":"PropertyValueSpecification","valueRequired":true,"valueName":"search_term_string"}}],"inLanguage":"de-CH"}]}},"_links":{"self":[{"href":"https:\/\/rckopen.com\/de\/wp-json\/wp\/v2\/product\/6342","targetHints":{"allow":["GET"]}}],"collection":[{"href":"https:\/\/rckopen.com\/de\/wp-json\/wp\/v2\/product"}],"about":[{"href":"https:\/\/rckopen.com\/de\/wp-json\/wp\/v2\/types\/product"}],"replies":[{"embeddable":true,"href":"https:\/\/rckopen.com\/de\/wp-json\/wp\/v2\/comments?post=6342"}],"wp:featuredmedia":[{"embeddable":true,"href":"https:\/\/rckopen.com\/de\/wp-json\/wp\/v2\/media\/6370"}],"wp:attachment":[{"href":"https:\/\/rckopen.com\/de\/wp-json\/wp\/v2\/media?parent=6342"}],"wp:term":[{"taxonomy":"product_brand","embeddable":true,"href":"https:\/\/rckopen.com\/de\/wp-json\/wp\/v2\/product_brand?post=6342"},{"taxonomy":"product_cat","embeddable":true,"href":"https:\/\/rckopen.com\/de\/wp-json\/wp\/v2\/product_cat?post=6342"},{"taxonomy":"product_tag","embeddable":true,"href":"https:\/\/rckopen.com\/de\/wp-json\/wp\/v2\/product_tag?post=6342"}],"curies":[{"name":"wp","href":"https:\/\/api.w.org\/{rel}","templated":true}]}}