{"id":6374,"date":"2023-08-14T13:18:43","date_gmt":"2023-08-14T13:18:43","guid":{"rendered":"https:\/\/diligentplug.com\/chems\/?post_type=product&#038;p=6374"},"modified":"2025-02-06T05:34:17","modified_gmt":"2025-02-06T05:34:17","slug":"fluclotizolam-blotters-1mg","status":"publish","type":"product","link":"https:\/\/rckopen.com\/de\/produkt\/fluclotizolam-blotters-1mg\/","title":{"rendered":"Fluclotizolam-Blotter 1 mg online kaufen"},"content":{"rendered":"<h2>Fluclotizolam-Blotter 1 mg online kaufen<\/h2>\n<p>Als neues Benzodiazepin <a href=\"https:\/\/rckopen.com\/de\/produkt\/fluclotizolam-blotters-1mg\/\">fluclotizolam<\/a> L\u00f6schbl\u00e4tter 1 mg hemmen das zentrale Nervensystem. Es gilt als Derivat des bekannten Medikaments der gleichen Klasse, Etizolam. In anderen L\u00e4ndern wird Etizolam haupts\u00e4chlich als verschreibungspflichtiges Medikament gegen Angstzust\u00e4nde verwendet. Obwohl es dreimal so stark ist wie Etizolam, h\u00e4lt die Wirkung von Fluclotizolam-Blottern 1 mg nur halb so lange an, normalerweise bis zu sechs Stunden. In reiner Form ist es ein einfaches wei\u00dfes Pulver, das normalerweise als kleine Pille oder Tablette oder als L\u00f6schpapier verkauft wird. Es sieht fast aus wie Mehl. Es wird auch in fl\u00fcssiger Form eingenommen.<\/p>\n<h3>Wirkungen von Fluclotizolam Blotters 1 mg<\/h3>\n<p>Zum jetzigen Zeitpunkt sind die einzigen wissenschaftlichen oder anekdotischen Beweise, die wir haben, Tests und Beschlagnahmungen durch die Drogenpolizei. Wir wissen, dass es sich um eine Art Benzodiazepin-Relaxans handelt, das Menschen schl\u00e4frig macht. Au\u00dferdem ist es im Gegensatz zu anderen Benzodiazepinen und Thienodiazepinen kein mildes Anxiolytikum. Fluclotizolam ist ein Beruhigungsmittel des neurologischen Systems und kann zu \u201eBlackouts\u201c f\u00fchren. Einige Benutzer klagten \u00fcber schlechte Koordination, undeutliche Sprache, langsame Reaktionszeiten und Verlust der Muskelkontrolle. Fluclotizolam f\u00fchrt normalerweise zu schlechtem Urteilsverm\u00f6gen und sogar Amnesie, w\u00e4hrend es bei einigen Benutzern die Hemmungen verringert. Die \u00fcbliche Dosierung des Medikaments, das hypnotisch wirkt, betr\u00e4gt 0,5 mg auf einem in Fl\u00fcssigkeit getr\u00e4nkten L\u00f6schpapier. <a href=\"https:\/\/rckopen.com\/de\/\">RCkopen<\/a><\/p>\n<h3>Fluclotizolam Vergangenheit<\/h3>\n<p>Hoffmann La Roche, Inc. synthetisierte Fluclotizolam Blotters 1 mg zum ersten Mal im Jahr 1979 und lie\u00df es sp\u00e4ter patentieren. Das Medikament wurde 2017 zun\u00e4chst auf illegalen M\u00e4rkten als legale \u201eForschungschemikalie\u201c zum Verkauf angeboten. Sp\u00e4ter im Jahr kam es in Schweden und D\u00e4nemark zu den ersten Beschlagnahmungen durch die Strafverfolgungsbeh\u00f6rden. Die Substanzen wurden als kleine gr\u00fcne Tabletten und L\u00f6schpapier beschrieben. In den USA ist es in einigen Staaten derzeit legal, da es nicht als Medikament eingestuft ist. Nur wenige L\u00e4nder haben Fluclotizolam Blotters 1 mg f\u00fcr illegal erkl\u00e4rt, obwohl es immer noch als neuartige psychoaktive Droge (NPS) anerkannt ist.<\/p>","protected":false},"excerpt":{"rendered":"<p><strong>IUPAC-Name: <\/strong>2-chloro-4-(2-fluorophenyl)-9-methyl-6H-thieno[3,2-f][1,2,4]triazolo[4,3-a][1,4]diazepine<\/p>\n<p><strong>CAS # <\/strong>54123-15-8<\/p>\n<p><strong>Form: <\/strong>Blotters<\/p>\n<p><strong>NMR-Analyse: <\/strong>C15H10ClFN4S<\/p>","protected":false},"featured_media":6380,"comment_status":"open","ping_status":"closed","template":"","meta":{"_joinchat":[]},"product_brand":[],"product_cat":[130],"product_tag":[],"class_list":{"0":"post-6374","1":"product","2":"type-product","3":"status-publish","4":"has-post-thumbnail","6":"product_cat-blotters","8":"first","9":"instock","10":"shipping-taxable","11":"purchasable","12":"product-type-variable"},"yoast_head":"<!-- This site is optimized with the Yoast SEO plugin v26.3 - https:\/\/yoast.com\/wordpress\/plugins\/seo\/ -->\n<title>Fluclotizolam-blotters 1 mg online kopen | RCkopen<\/title>\n<meta name=\"description\" content=\"U kunt Flubrotizolam Blotters 1mg online kopen tegen de beste prijzen via onze online Rc kopen. We hebben goedkope en hoogwaardige Flubrotizolam-blotters 1 mg te koop en bieden wereldwijde levering. U kunt overal en altijd bestellen.\" \/>\n<meta name=\"robots\" content=\"index, follow, max-snippet:-1, max-image-preview:large, max-video-preview:-1\" \/>\n<link rel=\"canonical\" href=\"https:\/\/rckopen.com\/de\/produkt\/fluclotizolam-blotters-1mg\/\" \/>\n<meta property=\"og:locale\" content=\"de_DE\" \/>\n<meta property=\"og:type\" content=\"article\" \/>\n<meta property=\"og:title\" content=\"Fluclotizolam-blotters 1 mg online kopen | RCkopen\" \/>\n<meta property=\"og:description\" content=\"U kunt Flubrotizolam Blotters 1mg online kopen tegen de beste prijzen via onze online Rc kopen. We hebben goedkope en hoogwaardige Flubrotizolam-blotters 1 mg te koop en bieden wereldwijde levering. U kunt overal en altijd bestellen.\" \/>\n<meta property=\"og:url\" content=\"https:\/\/rckopen.com\/de\/produkt\/fluclotizolam-blotters-1mg\/\" \/>\n<meta property=\"og:site_name\" content=\"RC Kopen\" \/>\n<meta property=\"article:modified_time\" content=\"2025-02-06T05:34:17+00:00\" \/>\n<meta property=\"og:image\" content=\"https:\/\/rckopen.com\/wp-content\/uploads\/2023\/08\/fluclotizolam-blotters-1mg.jpg\" \/>\n\t<meta property=\"og:image:width\" content=\"600\" \/>\n\t<meta property=\"og:image:height\" content=\"600\" \/>\n\t<meta property=\"og:image:type\" content=\"image\/jpeg\" \/>\n<meta name=\"twitter:card\" content=\"summary_large_image\" \/>\n<meta name=\"twitter:label1\" content=\"Gesch\u00e4tzte Lesezeit\" \/>\n\t<meta name=\"twitter:data1\" content=\"2\u00a0Minuten\" \/>\n<script type=\"application\/ld+json\" class=\"yoast-schema-graph\">{\"@context\":\"https:\/\/schema.org\",\"@graph\":[{\"@type\":\"WebPage\",\"@id\":\"https:\/\/rckopen.com\/product\/fluclotizolam-blotters-1mg\/\",\"url\":\"https:\/\/rckopen.com\/product\/fluclotizolam-blotters-1mg\/\",\"name\":\"Fluclotizolam-blotters 1 mg online kopen | RCkopen\",\"isPartOf\":{\"@id\":\"https:\/\/rckopen.com\/#website\"},\"primaryImageOfPage\":{\"@id\":\"https:\/\/rckopen.com\/product\/fluclotizolam-blotters-1mg\/#primaryimage\"},\"image\":{\"@id\":\"https:\/\/rckopen.com\/product\/fluclotizolam-blotters-1mg\/#primaryimage\"},\"thumbnailUrl\":\"https:\/\/rckopen.com\/wp-content\/uploads\/2023\/08\/fluclotizolam-blotters-1mg.jpg\",\"datePublished\":\"2023-08-14T13:18:43+00:00\",\"dateModified\":\"2025-02-06T05:34:17+00:00\",\"description\":\"U kunt Flubrotizolam Blotters 1mg online kopen tegen de beste prijzen via onze online Rc kopen. We hebben goedkope en hoogwaardige Flubrotizolam-blotters 1 mg te koop en bieden wereldwijde levering. U kunt overal en altijd bestellen.\",\"breadcrumb\":{\"@id\":\"https:\/\/rckopen.com\/product\/fluclotizolam-blotters-1mg\/#breadcrumb\"},\"inLanguage\":\"de-CH\",\"potentialAction\":[{\"@type\":\"ReadAction\",\"target\":[\"https:\/\/rckopen.com\/product\/fluclotizolam-blotters-1mg\/\"]}]},{\"@type\":\"ImageObject\",\"inLanguage\":\"de-CH\",\"@id\":\"https:\/\/rckopen.com\/product\/fluclotizolam-blotters-1mg\/#primaryimage\",\"url\":\"https:\/\/rckopen.com\/wp-content\/uploads\/2023\/08\/fluclotizolam-blotters-1mg.jpg\",\"contentUrl\":\"https:\/\/rckopen.com\/wp-content\/uploads\/2023\/08\/fluclotizolam-blotters-1mg.jpg\",\"width\":600,\"height\":600,\"caption\":\"fluclotizolam-blotters-1mg online kopen\"},{\"@type\":\"BreadcrumbList\",\"@id\":\"https:\/\/rckopen.com\/product\/fluclotizolam-blotters-1mg\/#breadcrumb\",\"itemListElement\":[{\"@type\":\"ListItem\",\"position\":1,\"name\":\"Home\",\"item\":\"https:\/\/rckopen.com\/\"},{\"@type\":\"ListItem\",\"position\":2,\"name\":\"Shop\",\"item\":\"https:\/\/rckopen.com\/shop\/\"},{\"@type\":\"ListItem\",\"position\":3,\"name\":\"fluclotizolam blotters 1mg online kopen\"}]},{\"@type\":\"WebSite\",\"@id\":\"https:\/\/rckopen.com\/#website\",\"url\":\"https:\/\/rckopen.com\/\",\"name\":\"RC Kopen\",\"description\":\"Research Chemicals\",\"potentialAction\":[{\"@type\":\"SearchAction\",\"target\":{\"@type\":\"EntryPoint\",\"urlTemplate\":\"https:\/\/rckopen.com\/?s={search_term_string}\"},\"query-input\":{\"@type\":\"PropertyValueSpecification\",\"valueRequired\":true,\"valueName\":\"search_term_string\"}}],\"inLanguage\":\"de-CH\"}]}<\/script>\n<!-- \/ Yoast SEO plugin. -->","yoast_head_json":{"title":"Fluclotizolam-blotters 1 mg online kopen | RCkopen","description":"U kunt Flubrotizolam Blotters 1mg online kopen tegen de beste prijzen via onze online Rc kopen. We hebben goedkope en hoogwaardige Flubrotizolam-blotters 1 mg te koop en bieden wereldwijde levering. U kunt overal en altijd bestellen.","robots":{"index":"index","follow":"follow","max-snippet":"max-snippet:-1","max-image-preview":"max-image-preview:large","max-video-preview":"max-video-preview:-1"},"canonical":"https:\/\/rckopen.com\/de\/produkt\/fluclotizolam-blotters-1mg\/","og_locale":"de_DE","og_type":"article","og_title":"Fluclotizolam-blotters 1 mg online kopen | RCkopen","og_description":"U kunt Flubrotizolam Blotters 1mg online kopen tegen de beste prijzen via onze online Rc kopen. We hebben goedkope en hoogwaardige Flubrotizolam-blotters 1 mg te koop en bieden wereldwijde levering. U kunt overal en altijd bestellen.","og_url":"https:\/\/rckopen.com\/de\/produkt\/fluclotizolam-blotters-1mg\/","og_site_name":"RC Kopen","article_modified_time":"2025-02-06T05:34:17+00:00","og_image":[{"width":600,"height":600,"url":"https:\/\/rckopen.com\/wp-content\/uploads\/2023\/08\/fluclotizolam-blotters-1mg.jpg","type":"image\/jpeg"}],"twitter_card":"summary_large_image","twitter_misc":{"Gesch\u00e4tzte Lesezeit":"2\u00a0Minuten"},"schema":{"@context":"https:\/\/schema.org","@graph":[{"@type":"WebPage","@id":"https:\/\/rckopen.com\/product\/fluclotizolam-blotters-1mg\/","url":"https:\/\/rckopen.com\/product\/fluclotizolam-blotters-1mg\/","name":"Fluclotizolam-blotters 1 mg online kopen | RCkopen","isPartOf":{"@id":"https:\/\/rckopen.com\/#website"},"primaryImageOfPage":{"@id":"https:\/\/rckopen.com\/product\/fluclotizolam-blotters-1mg\/#primaryimage"},"image":{"@id":"https:\/\/rckopen.com\/product\/fluclotizolam-blotters-1mg\/#primaryimage"},"thumbnailUrl":"https:\/\/rckopen.com\/wp-content\/uploads\/2023\/08\/fluclotizolam-blotters-1mg.jpg","datePublished":"2023-08-14T13:18:43+00:00","dateModified":"2025-02-06T05:34:17+00:00","description":"U kunt Flubrotizolam Blotters 1mg online kopen tegen de beste prijzen via onze online Rc kopen. We hebben goedkope en hoogwaardige Flubrotizolam-blotters 1 mg te koop en bieden wereldwijde levering. U kunt overal en altijd bestellen.","breadcrumb":{"@id":"https:\/\/rckopen.com\/product\/fluclotizolam-blotters-1mg\/#breadcrumb"},"inLanguage":"de-CH","potentialAction":[{"@type":"ReadAction","target":["https:\/\/rckopen.com\/product\/fluclotizolam-blotters-1mg\/"]}]},{"@type":"ImageObject","inLanguage":"de-CH","@id":"https:\/\/rckopen.com\/product\/fluclotizolam-blotters-1mg\/#primaryimage","url":"https:\/\/rckopen.com\/wp-content\/uploads\/2023\/08\/fluclotizolam-blotters-1mg.jpg","contentUrl":"https:\/\/rckopen.com\/wp-content\/uploads\/2023\/08\/fluclotizolam-blotters-1mg.jpg","width":600,"height":600,"caption":"fluclotizolam-blotters-1mg online kopen"},{"@type":"BreadcrumbList","@id":"https:\/\/rckopen.com\/product\/fluclotizolam-blotters-1mg\/#breadcrumb","itemListElement":[{"@type":"ListItem","position":1,"name":"Home","item":"https:\/\/rckopen.com\/"},{"@type":"ListItem","position":2,"name":"Shop","item":"https:\/\/rckopen.com\/shop\/"},{"@type":"ListItem","position":3,"name":"fluclotizolam blotters 1mg online kopen"}]},{"@type":"WebSite","@id":"https:\/\/rckopen.com\/#website","url":"https:\/\/rckopen.com\/","name":"RC Kopen","description":"Research Chemicals","potentialAction":[{"@type":"SearchAction","target":{"@type":"EntryPoint","urlTemplate":"https:\/\/rckopen.com\/?s={search_term_string}"},"query-input":{"@type":"PropertyValueSpecification","valueRequired":true,"valueName":"search_term_string"}}],"inLanguage":"de-CH"}]}},"_links":{"self":[{"href":"https:\/\/rckopen.com\/de\/wp-json\/wp\/v2\/product\/6374","targetHints":{"allow":["GET"]}}],"collection":[{"href":"https:\/\/rckopen.com\/de\/wp-json\/wp\/v2\/product"}],"about":[{"href":"https:\/\/rckopen.com\/de\/wp-json\/wp\/v2\/types\/product"}],"replies":[{"embeddable":true,"href":"https:\/\/rckopen.com\/de\/wp-json\/wp\/v2\/comments?post=6374"}],"wp:featuredmedia":[{"embeddable":true,"href":"https:\/\/rckopen.com\/de\/wp-json\/wp\/v2\/media\/6380"}],"wp:attachment":[{"href":"https:\/\/rckopen.com\/de\/wp-json\/wp\/v2\/media?parent=6374"}],"wp:term":[{"taxonomy":"product_brand","embeddable":true,"href":"https:\/\/rckopen.com\/de\/wp-json\/wp\/v2\/product_brand?post=6374"},{"taxonomy":"product_cat","embeddable":true,"href":"https:\/\/rckopen.com\/de\/wp-json\/wp\/v2\/product_cat?post=6374"},{"taxonomy":"product_tag","embeddable":true,"href":"https:\/\/rckopen.com\/de\/wp-json\/wp\/v2\/product_tag?post=6374"}],"curies":[{"name":"wp","href":"https:\/\/api.w.org\/{rel}","templated":true}]}}