{"id":6376,"date":"2023-08-14T13:24:52","date_gmt":"2023-08-14T13:24:52","guid":{"rendered":"https:\/\/diligentplug.com\/chems\/?post_type=product&#038;p=6376"},"modified":"2025-02-05T10:49:20","modified_gmt":"2025-02-05T10:49:20","slug":"deschloroetizolam-blotters-2-mg","status":"publish","type":"product","link":"https:\/\/rckopen.com\/de\/produkt\/deschloretizolam-blotters-2-mg\/","title":{"rendered":"Deschloroetizolam Blotters 2 mg online kaufen"},"content":{"rendered":"<h2>Deschloroetizolam Blotters 2 mg online kaufen<\/h2>\n<p>22\u00d75 mg Deschloroetizolam-Blotter 2mg; Ab 0,38 pro Pellet<\/p>\n<p>Pellets of <a href=\"https:\/\/rckopen.com\/de\/produkt\/deschloretizolam-blotters-2-mg\/\">Deschloretizolam Blotters 2 mg<\/a>\u00a0 kann diskret online gekauft werden. Unsere Deschloroetizolam-Pellets sind von h\u00f6chster Qualit\u00e4t und authentisches niederl\u00e4ndisches Bodem! Bestel je direct ist g\u00fcnstiger (um bis zu 110 St\u00fcck) und kostet nur 0,66 \u20ac pro Pellet. Dieses Produkt ist auch als Deschloroetizolam Pelletstrips bekannt. Flubromazepam, Pagoclone, Bromazolam, Norflurazepam, Gidazepam, Diclazepam, Difludiazepam, Meclonazepam und Desmethylflunitrazepam geh\u00f6ren zu den Produkten, die in der Chemotherapie verwendet werden.<\/p>\n<h3>Die besten Deschloroetizolam-Blotter 2 mg (22 x 5 mg) werden diskret bereitgestellt.<\/h3>\n<p>Der f\u00fcr 19.30 Uhr bestellte Arbeitstag ist einfach fantastisch!<\/p>\n<p>Warnung: Wir kaufen nicht von Personen unter 21 Jahren.<br \/>\nDas Produkt Deschloroetizolam Pellets (22x5mg) kann gesundheitssch\u00e4dlich sein und ist nicht zum Verzehr geeignet. Waren Sie \u00fcberrascht, dass er uns nicht get\u00f6tet hat? Die Einhaltung von Sicherheitsvorschriften kann erhebliche gesundheitliche Risiken mit sich bringen. Sie haben Interesse an unseren Sicherheitsbestimmungen?<\/p>\n<h3>Deschloroetizolam-Blotter 2 mg online kaufen<\/h3>\n<p>Wir liefern unser Deschloroetizolam (\u00fcber alle unsere Produkte) in die gesamten Niederlande! Die Art und Weise, wie Sie das gemacht haben, war einfach gro\u00dfartig! Aus diesem Grund ist es wichtig, dass sie nicht mit Alkohol oder Medikamenten gemischt werden! F\u00fcr Hilfe k\u00f6nnen Sie sich jederzeit an unseren Helpdesk wenden! <a href=\"https:\/\/rckopen.com\/de\/\">RC Kopen<\/a><\/p>\n<p>&nbsp;<\/p>","protected":false},"excerpt":{"rendered":"<p><strong>Form: <\/strong>Blotters<\/p>","protected":false},"featured_media":6382,"comment_status":"open","ping_status":"closed","template":"","meta":{"_joinchat":[]},"product_brand":[],"product_cat":[130],"product_tag":[],"class_list":{"0":"post-6376","1":"product","2":"type-product","3":"status-publish","4":"has-post-thumbnail","6":"product_cat-blotters","8":"first","9":"instock","10":"shipping-taxable","11":"purchasable","12":"product-type-variable"},"yoast_head":"<!-- This site is optimized with the Yoast SEO plugin v26.3 - https:\/\/yoast.com\/wordpress\/plugins\/seo\/ -->\n<title>Koop Deschloroetizolam-blotters 2 mg online | RC Kopen<\/title>\n<meta name=\"description\" content=\"Op zoek naar hoogwaardige Deschloroetizolam-blotters 2 mg online te koop? RC kopen is een toonaangevende winkel waar u Deschloroetizolam Blotters 2mg online kunt kopen tegen de beste prijs. Bestel nu met discrete verzending!\" \/>\n<meta name=\"robots\" content=\"index, follow, max-snippet:-1, max-image-preview:large, max-video-preview:-1\" \/>\n<link rel=\"canonical\" href=\"https:\/\/rckopen.com\/de\/produkt\/deschloretizolam-blotters-2-mg\/\" \/>\n<meta property=\"og:locale\" content=\"de_DE\" \/>\n<meta property=\"og:type\" content=\"article\" \/>\n<meta property=\"og:title\" content=\"Koop Deschloroetizolam-blotters 2 mg online | RC Kopen\" \/>\n<meta property=\"og:description\" content=\"Op zoek naar hoogwaardige Deschloroetizolam-blotters 2 mg online te koop? RC kopen is een toonaangevende winkel waar u Deschloroetizolam Blotters 2mg online kunt kopen tegen de beste prijs. Bestel nu met discrete verzending!\" \/>\n<meta property=\"og:url\" content=\"https:\/\/rckopen.com\/de\/produkt\/deschloretizolam-blotters-2-mg\/\" \/>\n<meta property=\"og:site_name\" content=\"RC Kopen\" \/>\n<meta property=\"article:modified_time\" content=\"2025-02-05T10:49:20+00:00\" \/>\n<meta property=\"og:image\" content=\"https:\/\/rckopen.com\/wp-content\/uploads\/2023\/08\/Deschloroetizolam-blotters-2-mg.jpg\" \/>\n\t<meta property=\"og:image:width\" content=\"600\" \/>\n\t<meta property=\"og:image:height\" content=\"600\" \/>\n\t<meta property=\"og:image:type\" content=\"image\/jpeg\" \/>\n<meta name=\"twitter:card\" content=\"summary_large_image\" \/>\n<meta name=\"twitter:label1\" content=\"Gesch\u00e4tzte Lesezeit\" \/>\n\t<meta name=\"twitter:data1\" content=\"2\u00a0Minuten\" \/>\n<script type=\"application\/ld+json\" class=\"yoast-schema-graph\">{\"@context\":\"https:\/\/schema.org\",\"@graph\":[{\"@type\":\"WebPage\",\"@id\":\"https:\/\/rckopen.com\/product\/deschloroetizolam-blotters-2-mg\/\",\"url\":\"https:\/\/rckopen.com\/product\/deschloroetizolam-blotters-2-mg\/\",\"name\":\"Koop Deschloroetizolam-blotters 2 mg online | RC Kopen\",\"isPartOf\":{\"@id\":\"https:\/\/rckopen.com\/#website\"},\"primaryImageOfPage\":{\"@id\":\"https:\/\/rckopen.com\/product\/deschloroetizolam-blotters-2-mg\/#primaryimage\"},\"image\":{\"@id\":\"https:\/\/rckopen.com\/product\/deschloroetizolam-blotters-2-mg\/#primaryimage\"},\"thumbnailUrl\":\"https:\/\/rckopen.com\/wp-content\/uploads\/2023\/08\/Deschloroetizolam-blotters-2-mg.jpg\",\"datePublished\":\"2023-08-14T13:24:52+00:00\",\"dateModified\":\"2025-02-05T10:49:20+00:00\",\"description\":\"Op zoek naar hoogwaardige Deschloroetizolam-blotters 2 mg online te koop? RC kopen is een toonaangevende winkel waar u Deschloroetizolam Blotters 2mg online kunt kopen tegen de beste prijs. Bestel nu met discrete verzending!\",\"breadcrumb\":{\"@id\":\"https:\/\/rckopen.com\/product\/deschloroetizolam-blotters-2-mg\/#breadcrumb\"},\"inLanguage\":\"de-CH\",\"potentialAction\":[{\"@type\":\"ReadAction\",\"target\":[\"https:\/\/rckopen.com\/product\/deschloroetizolam-blotters-2-mg\/\"]}]},{\"@type\":\"ImageObject\",\"inLanguage\":\"de-CH\",\"@id\":\"https:\/\/rckopen.com\/product\/deschloroetizolam-blotters-2-mg\/#primaryimage\",\"url\":\"https:\/\/rckopen.com\/wp-content\/uploads\/2023\/08\/Deschloroetizolam-blotters-2-mg.jpg\",\"contentUrl\":\"https:\/\/rckopen.com\/wp-content\/uploads\/2023\/08\/Deschloroetizolam-blotters-2-mg.jpg\",\"width\":600,\"height\":600,\"caption\":\"Deschloroetizolam-blotters-2-mg online kopen\"},{\"@type\":\"BreadcrumbList\",\"@id\":\"https:\/\/rckopen.com\/product\/deschloroetizolam-blotters-2-mg\/#breadcrumb\",\"itemListElement\":[{\"@type\":\"ListItem\",\"position\":1,\"name\":\"Home\",\"item\":\"https:\/\/rckopen.com\/\"},{\"@type\":\"ListItem\",\"position\":2,\"name\":\"Shop\",\"item\":\"https:\/\/rckopen.com\/shop\/\"},{\"@type\":\"ListItem\",\"position\":3,\"name\":\"Deschloroetizolam blotters 2 mg online kopen\"}]},{\"@type\":\"WebSite\",\"@id\":\"https:\/\/rckopen.com\/#website\",\"url\":\"https:\/\/rckopen.com\/\",\"name\":\"RC Kopen\",\"description\":\"Research Chemicals\",\"potentialAction\":[{\"@type\":\"SearchAction\",\"target\":{\"@type\":\"EntryPoint\",\"urlTemplate\":\"https:\/\/rckopen.com\/?s={search_term_string}\"},\"query-input\":{\"@type\":\"PropertyValueSpecification\",\"valueRequired\":true,\"valueName\":\"search_term_string\"}}],\"inLanguage\":\"de-CH\"}]}<\/script>\n<!-- \/ Yoast SEO plugin. -->","yoast_head_json":{"title":"Koop Deschloroetizolam-blotters 2 mg online | RC Kopen","description":"Op zoek naar hoogwaardige Deschloroetizolam-blotters 2 mg online te koop? RC kopen is een toonaangevende winkel waar u Deschloroetizolam Blotters 2mg online kunt kopen tegen de beste prijs. Bestel nu met discrete verzending!","robots":{"index":"index","follow":"follow","max-snippet":"max-snippet:-1","max-image-preview":"max-image-preview:large","max-video-preview":"max-video-preview:-1"},"canonical":"https:\/\/rckopen.com\/de\/produkt\/deschloretizolam-blotters-2-mg\/","og_locale":"de_DE","og_type":"article","og_title":"Koop Deschloroetizolam-blotters 2 mg online | RC Kopen","og_description":"Op zoek naar hoogwaardige Deschloroetizolam-blotters 2 mg online te koop? RC kopen is een toonaangevende winkel waar u Deschloroetizolam Blotters 2mg online kunt kopen tegen de beste prijs. Bestel nu met discrete verzending!","og_url":"https:\/\/rckopen.com\/de\/produkt\/deschloretizolam-blotters-2-mg\/","og_site_name":"RC Kopen","article_modified_time":"2025-02-05T10:49:20+00:00","og_image":[{"width":600,"height":600,"url":"https:\/\/rckopen.com\/wp-content\/uploads\/2023\/08\/Deschloroetizolam-blotters-2-mg.jpg","type":"image\/jpeg"}],"twitter_card":"summary_large_image","twitter_misc":{"Gesch\u00e4tzte Lesezeit":"2\u00a0Minuten"},"schema":{"@context":"https:\/\/schema.org","@graph":[{"@type":"WebPage","@id":"https:\/\/rckopen.com\/product\/deschloroetizolam-blotters-2-mg\/","url":"https:\/\/rckopen.com\/product\/deschloroetizolam-blotters-2-mg\/","name":"Koop Deschloroetizolam-blotters 2 mg online | RC Kopen","isPartOf":{"@id":"https:\/\/rckopen.com\/#website"},"primaryImageOfPage":{"@id":"https:\/\/rckopen.com\/product\/deschloroetizolam-blotters-2-mg\/#primaryimage"},"image":{"@id":"https:\/\/rckopen.com\/product\/deschloroetizolam-blotters-2-mg\/#primaryimage"},"thumbnailUrl":"https:\/\/rckopen.com\/wp-content\/uploads\/2023\/08\/Deschloroetizolam-blotters-2-mg.jpg","datePublished":"2023-08-14T13:24:52+00:00","dateModified":"2025-02-05T10:49:20+00:00","description":"Op zoek naar hoogwaardige Deschloroetizolam-blotters 2 mg online te koop? RC kopen is een toonaangevende winkel waar u Deschloroetizolam Blotters 2mg online kunt kopen tegen de beste prijs. Bestel nu met discrete verzending!","breadcrumb":{"@id":"https:\/\/rckopen.com\/product\/deschloroetizolam-blotters-2-mg\/#breadcrumb"},"inLanguage":"de-CH","potentialAction":[{"@type":"ReadAction","target":["https:\/\/rckopen.com\/product\/deschloroetizolam-blotters-2-mg\/"]}]},{"@type":"ImageObject","inLanguage":"de-CH","@id":"https:\/\/rckopen.com\/product\/deschloroetizolam-blotters-2-mg\/#primaryimage","url":"https:\/\/rckopen.com\/wp-content\/uploads\/2023\/08\/Deschloroetizolam-blotters-2-mg.jpg","contentUrl":"https:\/\/rckopen.com\/wp-content\/uploads\/2023\/08\/Deschloroetizolam-blotters-2-mg.jpg","width":600,"height":600,"caption":"Deschloroetizolam-blotters-2-mg online kopen"},{"@type":"BreadcrumbList","@id":"https:\/\/rckopen.com\/product\/deschloroetizolam-blotters-2-mg\/#breadcrumb","itemListElement":[{"@type":"ListItem","position":1,"name":"Home","item":"https:\/\/rckopen.com\/"},{"@type":"ListItem","position":2,"name":"Shop","item":"https:\/\/rckopen.com\/shop\/"},{"@type":"ListItem","position":3,"name":"Deschloroetizolam blotters 2 mg online kopen"}]},{"@type":"WebSite","@id":"https:\/\/rckopen.com\/#website","url":"https:\/\/rckopen.com\/","name":"RC Kopen","description":"Research Chemicals","potentialAction":[{"@type":"SearchAction","target":{"@type":"EntryPoint","urlTemplate":"https:\/\/rckopen.com\/?s={search_term_string}"},"query-input":{"@type":"PropertyValueSpecification","valueRequired":true,"valueName":"search_term_string"}}],"inLanguage":"de-CH"}]}},"_links":{"self":[{"href":"https:\/\/rckopen.com\/de\/wp-json\/wp\/v2\/product\/6376","targetHints":{"allow":["GET"]}}],"collection":[{"href":"https:\/\/rckopen.com\/de\/wp-json\/wp\/v2\/product"}],"about":[{"href":"https:\/\/rckopen.com\/de\/wp-json\/wp\/v2\/types\/product"}],"replies":[{"embeddable":true,"href":"https:\/\/rckopen.com\/de\/wp-json\/wp\/v2\/comments?post=6376"}],"wp:featuredmedia":[{"embeddable":true,"href":"https:\/\/rckopen.com\/de\/wp-json\/wp\/v2\/media\/6382"}],"wp:attachment":[{"href":"https:\/\/rckopen.com\/de\/wp-json\/wp\/v2\/media?parent=6376"}],"wp:term":[{"taxonomy":"product_brand","embeddable":true,"href":"https:\/\/rckopen.com\/de\/wp-json\/wp\/v2\/product_brand?post=6376"},{"taxonomy":"product_cat","embeddable":true,"href":"https:\/\/rckopen.com\/de\/wp-json\/wp\/v2\/product_cat?post=6376"},{"taxonomy":"product_tag","embeddable":true,"href":"https:\/\/rckopen.com\/de\/wp-json\/wp\/v2\/product_tag?post=6376"}],"curies":[{"name":"wp","href":"https:\/\/api.w.org\/{rel}","templated":true}]}}