{"id":6387,"date":"2023-08-17T05:24:08","date_gmt":"2023-08-17T05:24:08","guid":{"rendered":"https:\/\/diligentplug.com\/chems\/?post_type=product&#038;p=6387"},"modified":"2026-02-25T08:25:26","modified_gmt":"2026-02-25T08:25:26","slug":"1cp-al-lad-150-ug-blotters","status":"publish","type":"product","link":"https:\/\/rckopen.com\/de\/produkt\/1cp-al-lad-150-ug-blotters\/","title":{"rendered":"1cp-al-lad 150 ug L\u00f6schbl\u00e4tter Online kaufen"},"content":{"rendered":"<h2><b><span dir=\"auto\" style=\"vertical-align: inherit;\"><span dir=\"auto\" style=\"vertical-align: inherit;\">1cP-AL-LAD 150 \u00b5g Blotters for Sale \u2013 High Quality for Research Use<\/span><\/span><\/b><\/h2>\n<h3><b><span dir=\"auto\" style=\"vertical-align: inherit;\"><span dir=\"auto\" style=\"vertical-align: inherit;\">Introduction<\/span><\/span><\/b><\/h3>\n<p><span style=\"font-weight: 400;\"><span dir=\"auto\" style=\"vertical-align: inherit;\"><span dir=\"auto\" style=\"vertical-align: inherit;\">Want to <\/span><\/span><\/span><a href=\"https:\/\/rckopen.com\/de\/produkt\/1cp-al-lad-150-ug-blotters\/\"><b><span dir=\"auto\" style=\"vertical-align: inherit;\"><span dir=\"auto\" style=\"vertical-align: inherit;\">buy 1cP-AL-LAD 150 \u00b5g blotters online<\/span><\/span><\/b><\/a><span style=\"font-weight: 400;\"><span dir=\"auto\" style=\"vertical-align: inherit;\"><span dir=\"auto\" style=\"vertical-align: inherit;\"> from a reliable supplier? Our premium blotters are specially developed for advanced laboratory research and offer precise dosing, high purity, and consistent performance. Whether you&#8217;re a scientific researcher, chemist, or lab technician, our blotters provide a safe and reliable foundation for your research purposes.<\/span><\/span><\/span><\/p>\n<h3><b><span dir=\"auto\" style=\"vertical-align: inherit;\"><span dir=\"auto\" style=\"vertical-align: inherit;\">What is 1cP-AL-LAD?<\/span><\/span><\/b><\/h3>\n<p><span style=\"font-weight: 400;\"><span dir=\"auto\" style=\"vertical-align: inherit;\"><span dir=\"auto\" style=\"vertical-align: inherit;\">1cP-AL-LAD is a novel lysergamide and a prodrug of AL-LAD. It is chemically related to LSD but has a unique pharmacological profile. It is valued within the research and psychedelic communities for its interesting interactions with serotonin receptors. <\/span><\/span><\/span><b><span dir=\"auto\" style=\"vertical-align: inherit;\"><span dir=\"auto\" style=\"vertical-align: inherit;\">1cP-AL-LAD 150 \u00b5g Blotter <\/span><\/span><\/b><span style=\"font-weight: 400;\"><span dir=\"auto\" style=\"vertical-align: inherit;\"><span dir=\"auto\" style=\"vertical-align: inherit;\">provide a controlled dose ideal for precise laboratory studies.<\/span><\/span><\/span><\/p>\n<h3><b><span dir=\"auto\" style=\"vertical-align: inherit;\"><span dir=\"auto\" style=\"vertical-align: inherit;\">Chemical Profile<\/span><\/span><\/b><\/h3>\n<ul>\n<li style=\"font-weight: 400;\" aria-level=\"1\"><b><span dir=\"auto\" style=\"vertical-align: inherit;\"><span dir=\"auto\" style=\"vertical-align: inherit;\">Molecular formula <\/span><\/span><\/b><span style=\"font-weight: 400;\"><span dir=\"auto\" style=\"vertical-align: inherit;\"><span dir=\"auto\" style=\"vertical-align: inherit;\">: C22H27N3O2<\/span><\/span><\/span><\/li>\n<li style=\"font-weight: 400;\" aria-level=\"1\"><b><span dir=\"auto\" style=\"vertical-align: inherit;\"><span dir=\"auto\" style=\"vertical-align: inherit;\">Molecular Weight <\/span><\/span><\/b><span style=\"font-weight: 400;\"><span dir=\"auto\" style=\"vertical-align: inherit;\"><span dir=\"auto\" style=\"vertical-align: inherit;\">: ~365.5 g\/mol<\/span><\/span><\/span><\/li>\n<li style=\"font-weight: 400;\" aria-level=\"1\"><b><span dir=\"auto\" style=\"vertical-align: inherit;\"><span dir=\"auto\" style=\"vertical-align: inherit;\">Form <\/span><\/span><\/b><span style=\"font-weight: 400;\"><span dir=\"auto\" style=\"vertical-align: inherit;\"><span dir=\"auto\" style=\"vertical-align: inherit;\">: White, odorless blotters of 150 \u00b5g each<\/span><\/span><\/span><\/li>\n<\/ul>\n<p><span style=\"font-weight: 400;\"><span dir=\"auto\" style=\"vertical-align: inherit;\"><span dir=\"auto\" style=\"vertical-align: inherit;\">1cP-AL-LAD acts as a prodrug of AL-LAD, meaning it is converted to AL-LAD in the body. It is considered slightly less potent than LSD but produces similar effects, making <\/span><\/span><\/span><b><span dir=\"auto\" style=\"vertical-align: inherit;\"><span dir=\"auto\" style=\"vertical-align: inherit;\">150 \u00b5g blotters <\/span><\/span><\/b><span style=\"font-weight: 400;\"><span dir=\"auto\" style=\"vertical-align: inherit;\"><span dir=\"auto\" style=\"vertical-align: inherit;\">a standardized dose for research.<\/span><\/span><\/span><\/p>\n<h3><b><span dir=\"auto\" style=\"vertical-align: inherit;\"><span dir=\"auto\" style=\"vertical-align: inherit;\">Legal Status<\/span><\/span><\/b><\/h3>\n<p><span dir=\"auto\" style=\"vertical-align: inherit;\"><span dir=\"auto\" style=\"vertical-align: inherit;\">The legal status of 1cP-AL-LAD varies by country. In some regions, it is not yet regulated, while elsewhere it may fall under analogue legislation.<\/span><\/span><\/p>\n<ul>\n<li style=\"font-weight: 400;\" aria-level=\"1\"><span dir=\"auto\" style=\"vertical-align: inherit;\"><span dir=\"auto\" style=\"vertical-align: inherit;\">United States: May be prohibited under the Federal Analogue Act<\/span><\/span><\/li>\n<li style=\"font-weight: 400;\" aria-level=\"1\"><span dir=\"auto\" style=\"vertical-align: inherit;\"><span dir=\"auto\" style=\"vertical-align: inherit;\">United Kingdom: Banned under the Psychoactive Substances Act<\/span><\/span><\/li>\n<li style=\"font-weight: 400;\" aria-level=\"1\"><span dir=\"auto\" style=\"vertical-align: inherit;\"><span dir=\"auto\" style=\"vertical-align: inherit;\">European Union: Status varies by country<\/span><\/span><\/li>\n<li style=\"font-weight: 400;\" aria-level=\"1\"><span dir=\"auto\" style=\"vertical-align: inherit;\"><span dir=\"auto\" style=\"vertical-align: inherit;\">Canada: Often unregulated, but not approved for consumption<\/span><\/span><\/li>\n<\/ul>\n<p><span dir=\"auto\" style=\"vertical-align: inherit;\"><span style=\"font-weight: 400;\"><a href=\"https:\/\/rckopen.com\/de\/\"><strong><span dir=\"auto\" style=\"vertical-align: inherit;\">Always check<\/span><\/strong><\/a><\/span><span dir=\"auto\" style=\"vertical-align: inherit;\"> local regulations before ordering 1cP-AL-LAD 150 \u00b5g blotters online <\/span><\/span><span style=\"font-weight: 400;\"><span dir=\"auto\" style=\"vertical-align: inherit;\"><span dir=\"auto\" style=\"vertical-align: inherit;\">.<\/span><\/span><\/span><\/p>\n<h3><b><span dir=\"auto\" style=\"vertical-align: inherit;\"><span dir=\"auto\" style=\"vertical-align: inherit;\">Online Shopping: What to Consider<\/span><\/span><\/b><\/h3>\n<p><span dir=\"auto\" style=\"vertical-align: inherit;\"><span dir=\"auto\" style=\"vertical-align: inherit;\">If you are looking for <\/span><\/span><a href=\"https:\/\/en.wikipedia.org\/wiki\/1cP-AL-LAD\"><span dir=\"auto\" style=\"vertical-align: inherit;\"><span dir=\"auto\" style=\"vertical-align: inherit;\">1cP-AL-LAD 150 \u00b5g Blotter zu verkaufen<\/span><\/span><\/a><span dir=\"auto\" style=\"vertical-align: inherit;\"><span dir=\"auto\" style=\"vertical-align: inherit;\"> Achten Sie daher genau auf folgende Merkmale eines zuverl\u00e4ssigen Lieferanten:<\/span><\/span><\/p>\n<ul>\n<li style=\"font-weight: 400;\" aria-level=\"1\"><span dir=\"auto\" style=\"vertical-align: inherit;\"><span dir=\"auto\" style=\"vertical-align: inherit;\">Guter Ruf <\/span><\/span><span dir=\"auto\" style=\"vertical-align: inherit;\"><span dir=\"auto\" style=\"vertical-align: inherit;\">Positive Bewertungen und transparente Kommunikation<\/span><\/span><\/li>\n<li style=\"font-weight: 400;\" aria-level=\"1\"><span dir=\"auto\" style=\"vertical-align: inherit;\"><span dir=\"auto\" style=\"vertical-align: inherit;\">Reinheitsberichte <\/span><\/span><span dir=\"auto\" style=\"vertical-align: inherit;\"><span dir=\"auto\" style=\"vertical-align: inherit;\">Unabh\u00e4ngige Laborpr\u00fcfung und Analysezertifikat (COA)<\/span><\/span><\/li>\n<li style=\"font-weight: 400;\" aria-level=\"1\"><span dir=\"auto\" style=\"vertical-align: inherit;\"><span dir=\"auto\" style=\"vertical-align: inherit;\">Warnschilder <\/span><\/span><span dir=\"auto\" style=\"vertical-align: inherit;\"><span dir=\"auto\" style=\"vertical-align: inherit;\">: No customer service, vague product descriptions, or no lab documentation<\/span><\/span><\/li>\n<\/ul>\n<p><span dir=\"auto\" style=\"vertical-align: inherit;\"><span dir=\"auto\" style=\"vertical-align: inherit;\">Bei uns k\u00f6nnen Sie auf absolute Transparenz, exzellenten Kundenservice und <\/span><\/span><span dir=\"auto\" style=\"vertical-align: inherit;\"><span dir=\"auto\" style=\"vertical-align: inherit;\">Hochwertige 1cP-AL-LAD-Blotter <\/span><\/span><span dir=\"auto\" style=\"vertical-align: inherit;\"><span dir=\"auto\" style=\"vertical-align: inherit;\">.<\/span><\/span><\/p>\n<h3><b><span dir=\"auto\" style=\"vertical-align: inherit;\"><span dir=\"auto\" style=\"vertical-align: inherit;\">Sicherheit und Schadensreduzierung<\/span><\/span><\/b><\/h3>\n<p><span dir=\"auto\" style=\"vertical-align: inherit;\"><span dir=\"auto\" style=\"vertical-align: inherit;\">Nur f\u00fcr Forschungszwecke \u2013 nicht f\u00fcr den menschlichen Verzehr. <\/span><\/span><br \/>\n<span dir=\"auto\" style=\"vertical-align: inherit;\"><span dir=\"auto\" style=\"vertical-align: inherit;\">For safe laboratory use:<\/span><\/span><\/p>\n<ul>\n<li style=\"font-weight: 400;\" aria-level=\"1\"><span dir=\"auto\" style=\"vertical-align: inherit;\"><span dir=\"auto\" style=\"vertical-align: inherit;\">Schutzausr\u00fcstung verwenden: Handschuhe, Schutzbrille und gute Bel\u00fcftung<\/span><\/span><\/li>\n<li style=\"font-weight: 400;\" aria-level=\"1\"><span dir=\"auto\" style=\"vertical-align: inherit;\"><span dir=\"auto\" style=\"vertical-align: inherit;\">Lagerung: K\u00fchl, trocken und luftdicht lagern<\/span><\/span><\/li>\n<li style=\"font-weight: 400;\" aria-level=\"1\"><span dir=\"auto\" style=\"vertical-align: inherit;\"><span dir=\"auto\" style=\"vertical-align: inherit;\">Kennen Sie die Risiken: Nicht mit anderen Substanzen kombinieren; konsultieren Sie die Leitlinien zur Schadensminimierung.<\/span><\/span><\/li>\n<\/ul>\n<h3><b><span dir=\"auto\" style=\"vertical-align: inherit;\"><span dir=\"auto\" style=\"vertical-align: inherit;\">Abschluss<\/span><\/span><\/b><\/h3>\n<p><span style=\"font-weight: 400;\"><span dir=\"auto\" style=\"vertical-align: inherit;\"><span dir=\"auto\" style=\"vertical-align: inherit;\">Wenn Sie nach dem\/der\/dem suchen <\/span><\/span><\/span><b><span dir=\"auto\" style=\"vertical-align: inherit;\"><span dir=\"auto\" style=\"vertical-align: inherit;\">Wo kann man am besten 1cP-AL-LAD 150\u00b5g Blotter kaufen? <\/span><\/span><\/b><span style=\"font-weight: 400;\"><span dir=\"auto\" style=\"vertical-align: inherit;\"><span dir=\"auto\" style=\"vertical-align: inherit;\">Sie sind hier genau richtig. Unsere Produkte entsprechen Laborqualit\u00e4t und werden mit vollst\u00e4ndigen Pr\u00fcfzertifikaten geliefert. Dank diskreter Lieferung und g\u00fcnstiger Preise ist der Kauf einfach und sicher. <\/span><\/span><\/span><b><span dir=\"auto\" style=\"vertical-align: inherit;\"><span dir=\"auto\" style=\"vertical-align: inherit;\">G\u00fcnstige 1cP-AL-LAD 150\u00b5g Blotter online bestellen <\/span><\/span><\/b><span style=\"font-weight: 400;\"><span dir=\"auto\" style=\"vertical-align: inherit;\"><span dir=\"auto\" style=\"vertical-align: inherit;\">.<\/span><\/span><\/span><\/p>","protected":false},"excerpt":{"rendered":"<p><strong><span dir=\"auto\" style=\"vertical-align: inherit;\"><span dir=\"auto\" style=\"vertical-align: inherit;\">IUPAC-Name:<\/span><\/span><\/strong><span dir=\"auto\" style=\"vertical-align: inherit;\"><span dir=\"auto\" style=\"vertical-align: inherit;\"> 1\u2010cyclopropanecarbonyl\u2010(8\u00df)\u2010N,N\u2010diethyl\u20106\u2010(prop\u20102\u2010enyl)\u20109,10\u2010didehydroergoline\u20108\u2010carboxamide hemi\u2010L\u2010tartrate<\/span><\/span><\/p>\n<p><strong><span dir=\"auto\" style=\"vertical-align: inherit;\"><span dir=\"auto\" style=\"vertical-align: inherit;\">Form:<\/span><\/span><\/strong><span dir=\"auto\" style=\"vertical-align: inherit;\"><span dir=\"auto\" style=\"vertical-align: inherit;\"> Blotters<\/span><\/span><\/p>\n<p><strong><span dir=\"auto\" style=\"vertical-align: inherit;\"><span dir=\"auto\" style=\"vertical-align: inherit;\">NMR-Analyse:<\/span><\/span><\/strong><span dir=\"auto\" style=\"vertical-align: inherit;\"><span dir=\"auto\" style=\"vertical-align: inherit;\"> K.A.<\/span><\/span><\/p>","protected":false},"featured_media":6636,"comment_status":"open","ping_status":"closed","template":"","meta":{"_joinchat":[]},"product_brand":[],"product_cat":[130],"product_tag":[],"class_list":{"0":"post-6387","1":"product","2":"type-product","3":"status-publish","4":"has-post-thumbnail","6":"product_cat-blotters","8":"first","9":"instock","10":"shipping-taxable","11":"purchasable","12":"product-type-variable"},"yoast_head":"<!-- This site is optimized with the Yoast SEO plugin v26.3 - https:\/\/yoast.com\/wordpress\/plugins\/seo\/ -->\n<title>1CP-AL-LAD-150-UG-blotters6 online Kopen | RcKopen<\/title>\n<meta name=\"description\" content=\"Wij zijn een betrouwbare winkel die 1CP-AL-LAD-150-UG Blotters6 te koop heeft. 1CP-AL-LAD-150-UG-blotters6 online Kopen tegen de beste prijzen. Neem nu contact met ons op!\" \/>\n<meta name=\"robots\" content=\"index, follow, max-snippet:-1, max-image-preview:large, max-video-preview:-1\" \/>\n<link rel=\"canonical\" href=\"https:\/\/rckopen.com\/de\/produkt\/1cp-al-lad-150-ug-blotters\/\" \/>\n<meta property=\"og:locale\" content=\"de_DE\" \/>\n<meta property=\"og:type\" content=\"article\" \/>\n<meta property=\"og:title\" content=\"1CP-AL-LAD-150-UG-blotters6 online Kopen | RcKopen\" \/>\n<meta property=\"og:description\" content=\"Wij zijn een betrouwbare winkel die 1CP-AL-LAD-150-UG Blotters6 te koop heeft. 1CP-AL-LAD-150-UG-blotters6 online Kopen tegen de beste prijzen. Neem nu contact met ons op!\" \/>\n<meta property=\"og:url\" content=\"https:\/\/rckopen.com\/de\/produkt\/1cp-al-lad-150-ug-blotters\/\" \/>\n<meta property=\"og:site_name\" content=\"RC Kopen\" \/>\n<meta property=\"article:modified_time\" content=\"2026-02-25T08:25:26+00:00\" \/>\n<meta property=\"og:image\" content=\"https:\/\/rckopen.com\/wp-content\/uploads\/2023\/08\/1cp-al-lad-150-ug-blotters.jpg\" \/>\n\t<meta property=\"og:image:width\" content=\"600\" \/>\n\t<meta property=\"og:image:height\" content=\"600\" \/>\n\t<meta property=\"og:image:type\" content=\"image\/jpeg\" \/>\n<meta name=\"twitter:card\" content=\"summary_large_image\" \/>\n<meta name=\"twitter:label1\" content=\"Gesch\u00e4tzte Lesezeit\" \/>\n\t<meta name=\"twitter:data1\" content=\"2\u00a0Minuten\" \/>\n<script type=\"application\/ld+json\" class=\"yoast-schema-graph\">{\"@context\":\"https:\/\/schema.org\",\"@graph\":[{\"@type\":\"WebPage\",\"@id\":\"https:\/\/rckopen.com\/product\/1cp-al-lad-150-ug-blotters\/\",\"url\":\"https:\/\/rckopen.com\/product\/1cp-al-lad-150-ug-blotters\/\",\"name\":\"1CP-AL-LAD-150-UG-blotters6 online Kopen | RcKopen\",\"isPartOf\":{\"@id\":\"https:\/\/rckopen.com\/#website\"},\"primaryImageOfPage\":{\"@id\":\"https:\/\/rckopen.com\/product\/1cp-al-lad-150-ug-blotters\/#primaryimage\"},\"image\":{\"@id\":\"https:\/\/rckopen.com\/product\/1cp-al-lad-150-ug-blotters\/#primaryimage\"},\"thumbnailUrl\":\"https:\/\/rckopen.com\/wp-content\/uploads\/2023\/08\/1cp-al-lad-150-ug-blotters.jpg\",\"datePublished\":\"2023-08-17T05:24:08+00:00\",\"dateModified\":\"2026-02-25T08:25:26+00:00\",\"description\":\"Wij zijn een betrouwbare winkel die 1CP-AL-LAD-150-UG Blotters6 te koop heeft. 1CP-AL-LAD-150-UG-blotters6 online Kopen tegen de beste prijzen. Neem nu contact met ons op!\",\"breadcrumb\":{\"@id\":\"https:\/\/rckopen.com\/product\/1cp-al-lad-150-ug-blotters\/#breadcrumb\"},\"inLanguage\":\"de-CH\",\"potentialAction\":[{\"@type\":\"ReadAction\",\"target\":[\"https:\/\/rckopen.com\/product\/1cp-al-lad-150-ug-blotters\/\"]}]},{\"@type\":\"ImageObject\",\"inLanguage\":\"de-CH\",\"@id\":\"https:\/\/rckopen.com\/product\/1cp-al-lad-150-ug-blotters\/#primaryimage\",\"url\":\"https:\/\/rckopen.com\/wp-content\/uploads\/2023\/08\/1cp-al-lad-150-ug-blotters.jpg\",\"contentUrl\":\"https:\/\/rckopen.com\/wp-content\/uploads\/2023\/08\/1cp-al-lad-150-ug-blotters.jpg\",\"width\":600,\"height\":600,\"caption\":\"1cp-al-lad-150-ug-blotters online kopen\"},{\"@type\":\"BreadcrumbList\",\"@id\":\"https:\/\/rckopen.com\/product\/1cp-al-lad-150-ug-blotters\/#breadcrumb\",\"itemListElement\":[{\"@type\":\"ListItem\",\"position\":1,\"name\":\"Home\",\"item\":\"https:\/\/rckopen.com\/\"},{\"@type\":\"ListItem\",\"position\":2,\"name\":\"Shop\",\"item\":\"https:\/\/rckopen.com\/shop\/\"},{\"@type\":\"ListItem\",\"position\":3,\"name\":\"1cp-al-lad 150 ug blotters Online Kopen\"}]},{\"@type\":\"WebSite\",\"@id\":\"https:\/\/rckopen.com\/#website\",\"url\":\"https:\/\/rckopen.com\/\",\"name\":\"RC Kopen\",\"description\":\"Research Chemicals\",\"potentialAction\":[{\"@type\":\"SearchAction\",\"target\":{\"@type\":\"EntryPoint\",\"urlTemplate\":\"https:\/\/rckopen.com\/?s={search_term_string}\"},\"query-input\":{\"@type\":\"PropertyValueSpecification\",\"valueRequired\":true,\"valueName\":\"search_term_string\"}}],\"inLanguage\":\"de-CH\"}]}<\/script>\n<!-- \/ Yoast SEO plugin. -->","yoast_head_json":{"title":"1CP-AL-LAD-150-UG-blotters6 online Kopen | RcKopen","description":"Wij zijn een betrouwbare winkel die 1CP-AL-LAD-150-UG Blotters6 te koop heeft. 1CP-AL-LAD-150-UG-blotters6 online Kopen tegen de beste prijzen. Neem nu contact met ons op!","robots":{"index":"index","follow":"follow","max-snippet":"max-snippet:-1","max-image-preview":"max-image-preview:large","max-video-preview":"max-video-preview:-1"},"canonical":"https:\/\/rckopen.com\/de\/produkt\/1cp-al-lad-150-ug-blotters\/","og_locale":"de_DE","og_type":"article","og_title":"1CP-AL-LAD-150-UG-blotters6 online Kopen | RcKopen","og_description":"Wij zijn een betrouwbare winkel die 1CP-AL-LAD-150-UG Blotters6 te koop heeft. 1CP-AL-LAD-150-UG-blotters6 online Kopen tegen de beste prijzen. Neem nu contact met ons op!","og_url":"https:\/\/rckopen.com\/de\/produkt\/1cp-al-lad-150-ug-blotters\/","og_site_name":"RC Kopen","article_modified_time":"2026-02-25T08:25:26+00:00","og_image":[{"width":600,"height":600,"url":"https:\/\/rckopen.com\/wp-content\/uploads\/2023\/08\/1cp-al-lad-150-ug-blotters.jpg","type":"image\/jpeg"}],"twitter_card":"summary_large_image","twitter_misc":{"Gesch\u00e4tzte Lesezeit":"2\u00a0Minuten"},"schema":{"@context":"https:\/\/schema.org","@graph":[{"@type":"WebPage","@id":"https:\/\/rckopen.com\/product\/1cp-al-lad-150-ug-blotters\/","url":"https:\/\/rckopen.com\/product\/1cp-al-lad-150-ug-blotters\/","name":"1CP-AL-LAD-150-UG-blotters6 online Kopen | RcKopen","isPartOf":{"@id":"https:\/\/rckopen.com\/#website"},"primaryImageOfPage":{"@id":"https:\/\/rckopen.com\/product\/1cp-al-lad-150-ug-blotters\/#primaryimage"},"image":{"@id":"https:\/\/rckopen.com\/product\/1cp-al-lad-150-ug-blotters\/#primaryimage"},"thumbnailUrl":"https:\/\/rckopen.com\/wp-content\/uploads\/2023\/08\/1cp-al-lad-150-ug-blotters.jpg","datePublished":"2023-08-17T05:24:08+00:00","dateModified":"2026-02-25T08:25:26+00:00","description":"Wij zijn een betrouwbare winkel die 1CP-AL-LAD-150-UG Blotters6 te koop heeft. 1CP-AL-LAD-150-UG-blotters6 online Kopen tegen de beste prijzen. Neem nu contact met ons op!","breadcrumb":{"@id":"https:\/\/rckopen.com\/product\/1cp-al-lad-150-ug-blotters\/#breadcrumb"},"inLanguage":"de-CH","potentialAction":[{"@type":"ReadAction","target":["https:\/\/rckopen.com\/product\/1cp-al-lad-150-ug-blotters\/"]}]},{"@type":"ImageObject","inLanguage":"de-CH","@id":"https:\/\/rckopen.com\/product\/1cp-al-lad-150-ug-blotters\/#primaryimage","url":"https:\/\/rckopen.com\/wp-content\/uploads\/2023\/08\/1cp-al-lad-150-ug-blotters.jpg","contentUrl":"https:\/\/rckopen.com\/wp-content\/uploads\/2023\/08\/1cp-al-lad-150-ug-blotters.jpg","width":600,"height":600,"caption":"1cp-al-lad-150-ug-blotters online kopen"},{"@type":"BreadcrumbList","@id":"https:\/\/rckopen.com\/product\/1cp-al-lad-150-ug-blotters\/#breadcrumb","itemListElement":[{"@type":"ListItem","position":1,"name":"Home","item":"https:\/\/rckopen.com\/"},{"@type":"ListItem","position":2,"name":"Shop","item":"https:\/\/rckopen.com\/shop\/"},{"@type":"ListItem","position":3,"name":"1cp-al-lad 150 ug blotters Online Kopen"}]},{"@type":"WebSite","@id":"https:\/\/rckopen.com\/#website","url":"https:\/\/rckopen.com\/","name":"RC Kopen","description":"Research Chemicals","potentialAction":[{"@type":"SearchAction","target":{"@type":"EntryPoint","urlTemplate":"https:\/\/rckopen.com\/?s={search_term_string}"},"query-input":{"@type":"PropertyValueSpecification","valueRequired":true,"valueName":"search_term_string"}}],"inLanguage":"de-CH"}]}},"_links":{"self":[{"href":"https:\/\/rckopen.com\/de\/wp-json\/wp\/v2\/product\/6387","targetHints":{"allow":["GET"]}}],"collection":[{"href":"https:\/\/rckopen.com\/de\/wp-json\/wp\/v2\/product"}],"about":[{"href":"https:\/\/rckopen.com\/de\/wp-json\/wp\/v2\/types\/product"}],"replies":[{"embeddable":true,"href":"https:\/\/rckopen.com\/de\/wp-json\/wp\/v2\/comments?post=6387"}],"wp:featuredmedia":[{"embeddable":true,"href":"https:\/\/rckopen.com\/de\/wp-json\/wp\/v2\/media\/6636"}],"wp:attachment":[{"href":"https:\/\/rckopen.com\/de\/wp-json\/wp\/v2\/media?parent=6387"}],"wp:term":[{"taxonomy":"product_brand","embeddable":true,"href":"https:\/\/rckopen.com\/de\/wp-json\/wp\/v2\/product_brand?post=6387"},{"taxonomy":"product_cat","embeddable":true,"href":"https:\/\/rckopen.com\/de\/wp-json\/wp\/v2\/product_cat?post=6387"},{"taxonomy":"product_tag","embeddable":true,"href":"https:\/\/rckopen.com\/de\/wp-json\/wp\/v2\/product_tag?post=6387"}],"curies":[{"name":"wp","href":"https:\/\/api.w.org\/{rel}","templated":true}]}}