{"id":6388,"date":"2023-08-14T13:51:48","date_gmt":"2023-08-14T13:51:48","guid":{"rendered":"https:\/\/diligentplug.com\/chems\/?post_type=product&#038;p=6388"},"modified":"2026-02-27T08:15:17","modified_gmt":"2026-02-27T08:15:17","slug":"1cp-mipla-200mcg-blotters","status":"publish","type":"product","link":"https:\/\/rckopen.com\/de\/produkt\/1cp-mipla-200mcg-blotters\/","title":{"rendered":"1cP-MiPLA 200mcg Blotters online kaufen"},"content":{"rendered":"<h2><b>1cP-MiPLA 200mcg Blotters Online 1kopen \u2013 Hoogwaardige Lysergamide voor Onderzoek<\/b><\/h2>\n<p><span style=\"font-weight: 400;\">Entdecken Sie unsere Premium-Angebote <\/span><b>1cP-MiPLA 200mcg Blotter<\/b><span style=\"font-weight: 400;\">Unsere speziell f\u00fcr Forschungszwecke entwickelten Blotter bieten au\u00dfergew\u00f6hnliche Reinheit und gleichbleibende Dosierung und sind somit die ideale Wahl f\u00fcr Wissenschaftler und Institutionen, die fortgeschrittene Studien zu Lysergamid-Analoga durchf\u00fchren. Ob Sie m\u00f6chten <\/span><a href=\"https:\/\/en.wikipedia.org\/wiki\/1cP-LSD\"><b>1cP-MiPLA 200mcg Blotter online kaufen<\/b><\/a><span style=\"font-weight: 400;\"> Oder suchen Sie einen zuverl\u00e4ssigen Lieferanten? Wir bieten gepr\u00fcfte, laborgepr\u00fcfte Produkte mit einem starken Fokus auf Transparenz und Qualit\u00e4t.<\/span><\/p>\n<h3><b>Was ist 1cP-MiPLA?<\/b><\/h3>\n<p><span style=\"font-weight: 400;\">1cP-MiPLA ist eine neuartige Lysergamid-Verbindung, die chemisch mit MiPLA und LSD-Analoga verwandt ist. Sie wirkt als Prodrug, das im K\u00f6rper zu MiPLA umgewandelt wird und Forschern ein wertvolles Werkzeug zur Untersuchung von Rezeptorinteraktionen und Pharmakodynamik bietet. Aufgrund seiner Stabilit\u00e4t und Wirksamkeit gewinnt 1cP-MiPLA in der wissenschaftlichen Gemeinschaft rasch an Bedeutung f\u00fcr potenzielle Anwendungen in der neurochemischen Forschung.<\/span><\/p>\n<p><span style=\"font-weight: 400;\">Die rechtliche Lage kann weltweit variieren. Daher weisen wir ausdr\u00fccklich darauf hin, dass unsere L\u00f6schpapiere ausschlie\u00dflich f\u00fcr Labor- und Forschungszwecke bestimmt sind. Bitte informieren Sie sich vor der Bestellung stets \u00fcber die geltenden Bestimmungen in Ihrem Land.<\/span><\/p>\n<h3><b>Warum die Dosierung von 200 mcg w\u00e4hlen?<\/b><\/h3>\n<p><span style=\"font-weight: 400;\">Unsere 200-\u00b5g-Blotter bieten eine standardisierte Dosierung, ideal f\u00fcr fortgeschrittene Forschungsprotokolle. Im Vergleich zu niedrigeren Dosierungen wie 100 \u00b5g bieten 200 \u00b5g folgende Vorteile:<\/span><\/p>\n<ul>\n<li style=\"font-weight: 400;\" aria-level=\"1\"><span style=\"font-weight: 400;\">Mehr Flexibilit\u00e4t im Versuchsdesign<\/span><\/li>\n<li style=\"font-weight: 400;\" aria-level=\"1\"><span style=\"font-weight: 400;\">Erh\u00f6hte Pr\u00e4zision bei Rezeptorstudien<\/span><\/li>\n<li style=\"font-weight: 400;\" aria-level=\"1\"><span style=\"font-weight: 400;\">Effizientere Nutzung, da pro Test weniger L\u00f6schpapier ben\u00f6tigt wird.<\/span><\/li>\n<\/ul>\n<p><span style=\"font-weight: 400;\">Diese Dosierung ist eine kluge Wahl f\u00fcr Forscher, die zuverl\u00e4ssige und skalierbare Ergebnisse anstreben.<\/span><\/p>\n<h3><b>Reinheit, Qualit\u00e4t und Laborpr\u00fcfung<\/b><\/h3>\n<p><span style=\"font-weight: 400;\">Qualit\u00e4tssicherung hat f\u00fcr uns h\u00f6chste Priorit\u00e4t. Jede Charge <\/span><a href=\"https:\/\/rckopen.com\/de\/\"><b>1cP-MiPLA 200mcg Blotter<\/b><\/a><span style=\"font-weight: 400;\"> Umfangreich in unabh\u00e4ngigen Laboren auf Reinheit und Wirksamkeit gepr\u00fcft. Wir stellen ein Analysezertifikat (COA) zur Verf\u00fcgung, um eine genaue Dosierung und ein kontaminationsfreies Produkt zu gew\u00e4hrleisten. Unsere pr\u00e4zisen Produktionsmethoden garantieren eine gleichm\u00e4\u00dfige S\u00e4ttigung der Blotter und erm\u00f6glichen so reproduzierbare Forschungsergebnisse.<\/span><\/p>\n<h3><b>Lieferantenzuverl\u00e4ssigkeit: Was unterscheidet uns?<\/b><\/h3>\n<p><span style=\"font-weight: 400;\">Wir sind ein zuverl\u00e4ssiger Lieferant von Lysergamiden in Forschungsstandards. Unser Ansatz konzentriert sich auf Chargenkontrolle, professionelle Handhabung und reaktionsschnellen Kundenservice. <\/span><b>1cP-MiPLA 200mcg Blotter online bestellen<\/b><span style=\"font-weight: 400;\">Sie profitieren von transparenter Kommunikation und umfassender Produktdokumentation, sodass Sie vertrauensvoll bestellen und Ihre Ware erhalten k\u00f6nnen.<\/span><\/p>\n<h3><b>Versand- und Zahlungsoptionen<\/b><\/h3>\n<p><span style=\"font-weight: 400;\">Wir bieten diskreten internationalen Versand, der Ihre Privatsph\u00e4re und die Unversehrtheit der Produkte garantiert. Zahlungen sind mit g\u00e4ngigen Kryptow\u00e4hrungen wie Bitcoin und Monero sowie per sicherer Kreditkarte m\u00f6glich. Wir empfehlen Ihnen, sich stets mit den Zollbestimmungen Ihres Landes vertraut zu machen, um m\u00f6gliche Probleme zu vermeiden.<\/span><\/p>\n<h3><b>Sicherheit und Lagerung<\/b><\/h3>\n<p><span style=\"font-weight: 400;\">F\u00fcr den Erhalt der Qualit\u00e4t Ihrer Blotter ist eine sachgem\u00e4\u00dfe Lagerung und sorgf\u00e4ltige Handhabung unerl\u00e4sslich. Bewahren Sie sie k\u00fchl, trocken und vor direkter Sonneneinstrahlung gesch\u00fctzt auf. Beachten Sie stets die geltenden Laborsicherheitsvorschriften, um Verunreinigungen zu vermeiden. Unsere Produkte sind ausschlie\u00dflich f\u00fcr Forschungszwecke bestimmt und nicht f\u00fcr den menschlichen Verzehr geeignet.<\/span><\/p>\n<h3><b>Schlussfolgerung<\/b><\/h3>\n<p><span style=\"font-weight: 400;\">Ervaar de beste kwaliteit onderzoekschemicali\u00ebn met onze <\/span><a href=\"https:\/\/rckopen.com\/de\/produkt\/1cp-mipla-200mcg-blotters\/\"><b>1cP-MiPLA 200mcg Blotter<\/b><\/a><span style=\"font-weight: 400;\"> \u2013 een perfecte combinatie van zuiverheid, precisie en professionaliteit. Of je nu wilt <\/span><b>1cP-MiPLA 200mcg Blotter online kaufen<\/b><span style=\"font-weight: 400;\">, een partij wilt veiligstellen voor je laboratorium of de <\/span><b>beste plek zoekt om 1cP-MiPLA blotters te kopen<\/b><span style=\"font-weight: 400;\">, wij bieden concurrerende prijzen en onge\u00ebvenaarde kwaliteit.<\/span><\/p>\n<p><b>Bestellen Sie Ihre 1cP-MiPLA 200mcg Blotter noch heute online und bringen Sie Ihre Forschung mit zuverl\u00e4ssigen Lysergamid-Analoga auf die n\u00e4chste Stufe.<\/b><\/p>","protected":false},"excerpt":{"rendered":"<p><strong>IUPAC-Name: <\/strong>(6aR,9R)-4-(Cyclopropancarbonyl)-N-isopropyl-N,7-dimethyl-4,6,6a,7,8,9-hexahydroindolo[4,3-fg]chinolin-9-carboxamid-hemi-L-tartrat<\/p>\n<p><strong>Anderer Name: <\/strong>1-Cyclopropionyl-Lysergs\u00e4ure-N,N-Methylisopropylamid-Hemi-L-Tartrat<\/p>","protected":false},"featured_media":6392,"comment_status":"open","ping_status":"closed","template":"","meta":{"_joinchat":[]},"product_brand":[],"product_cat":[130],"product_tag":[],"class_list":{"0":"post-6388","1":"product","2":"type-product","3":"status-publish","4":"has-post-thumbnail","6":"product_cat-blotters","8":"first","9":"instock","10":"shipping-taxable","11":"purchasable","12":"product-type-variable"},"yoast_head":"<!-- This site is optimized with the Yoast SEO plugin v26.3 - https:\/\/yoast.com\/wordpress\/plugins\/seo\/ -->\n<title>1CP-Mipla 200MCG-blotters online kopen - 1CP-Mipla te kopen<\/title>\n<meta name=\"description\" content=\"1CP-Mipla 200MCG-blotters online kopen tegen een redelijke prijs in onze online winkel RCKopen. We zullen uw bestelling voor 1CP-Miplabinnenkort verzenden. 1CP-Mipla 200MCG-blotters te koop!\" \/>\n<meta name=\"robots\" content=\"index, follow, max-snippet:-1, max-image-preview:large, max-video-preview:-1\" \/>\n<link rel=\"canonical\" href=\"https:\/\/rckopen.com\/de\/produkt\/1cp-mipla-200mcg-blotters\/\" \/>\n<meta property=\"og:locale\" content=\"de_DE\" \/>\n<meta property=\"og:type\" content=\"article\" \/>\n<meta property=\"og:title\" content=\"1CP-Mipla 200MCG-blotters online kopen - 1CP-Mipla te kopen\" \/>\n<meta property=\"og:description\" content=\"1CP-Mipla 200MCG-blotters online kopen tegen een redelijke prijs in onze online winkel RCKopen. We zullen uw bestelling voor 1CP-Miplabinnenkort verzenden. 1CP-Mipla 200MCG-blotters te koop!\" \/>\n<meta property=\"og:url\" content=\"https:\/\/rckopen.com\/de\/produkt\/1cp-mipla-200mcg-blotters\/\" \/>\n<meta property=\"og:site_name\" content=\"RC Kopen\" \/>\n<meta property=\"article:modified_time\" content=\"2026-02-27T08:15:17+00:00\" \/>\n<meta property=\"og:image\" content=\"https:\/\/rckopen.com\/wp-content\/uploads\/2023\/08\/1cP-MiPLA-200mcg-Blotters.jpg\" \/>\n\t<meta property=\"og:image:width\" content=\"600\" \/>\n\t<meta property=\"og:image:height\" content=\"600\" \/>\n\t<meta property=\"og:image:type\" content=\"image\/jpeg\" \/>\n<meta name=\"twitter:card\" content=\"summary_large_image\" \/>\n<meta name=\"twitter:label1\" content=\"Gesch\u00e4tzte Lesezeit\" \/>\n\t<meta name=\"twitter:data1\" content=\"3\u00a0Minuten\" \/>\n<script type=\"application\/ld+json\" class=\"yoast-schema-graph\">{\"@context\":\"https:\/\/schema.org\",\"@graph\":[{\"@type\":\"WebPage\",\"@id\":\"https:\/\/rckopen.com\/product\/1cp-mipla-200mcg-blotters\/\",\"url\":\"https:\/\/rckopen.com\/product\/1cp-mipla-200mcg-blotters\/\",\"name\":\"1CP-Mipla 200MCG-blotters online kopen - 1CP-Mipla te kopen\",\"isPartOf\":{\"@id\":\"https:\/\/rckopen.com\/#website\"},\"primaryImageOfPage\":{\"@id\":\"https:\/\/rckopen.com\/product\/1cp-mipla-200mcg-blotters\/#primaryimage\"},\"image\":{\"@id\":\"https:\/\/rckopen.com\/product\/1cp-mipla-200mcg-blotters\/#primaryimage\"},\"thumbnailUrl\":\"https:\/\/rckopen.com\/wp-content\/uploads\/2023\/08\/1cP-MiPLA-200mcg-Blotters.jpg\",\"datePublished\":\"2023-08-14T13:51:48+00:00\",\"dateModified\":\"2026-02-27T08:15:17+00:00\",\"description\":\"1CP-Mipla 200MCG-blotters online kopen tegen een redelijke prijs in onze online winkel RCKopen. We zullen uw bestelling voor 1CP-Miplabinnenkort verzenden. 1CP-Mipla 200MCG-blotters te koop!\",\"breadcrumb\":{\"@id\":\"https:\/\/rckopen.com\/product\/1cp-mipla-200mcg-blotters\/#breadcrumb\"},\"inLanguage\":\"de-CH\",\"potentialAction\":[{\"@type\":\"ReadAction\",\"target\":[\"https:\/\/rckopen.com\/product\/1cp-mipla-200mcg-blotters\/\"]}]},{\"@type\":\"ImageObject\",\"inLanguage\":\"de-CH\",\"@id\":\"https:\/\/rckopen.com\/product\/1cp-mipla-200mcg-blotters\/#primaryimage\",\"url\":\"https:\/\/rckopen.com\/wp-content\/uploads\/2023\/08\/1cP-MiPLA-200mcg-Blotters.jpg\",\"contentUrl\":\"https:\/\/rckopen.com\/wp-content\/uploads\/2023\/08\/1cP-MiPLA-200mcg-Blotters.jpg\",\"width\":600,\"height\":600,\"caption\":\"1cP-MiPLA 200mcg Blotters Online Kopen\"},{\"@type\":\"BreadcrumbList\",\"@id\":\"https:\/\/rckopen.com\/product\/1cp-mipla-200mcg-blotters\/#breadcrumb\",\"itemListElement\":[{\"@type\":\"ListItem\",\"position\":1,\"name\":\"Home\",\"item\":\"https:\/\/rckopen.com\/\"},{\"@type\":\"ListItem\",\"position\":2,\"name\":\"Shop\",\"item\":\"https:\/\/rckopen.com\/shop\/\"},{\"@type\":\"ListItem\",\"position\":3,\"name\":\"1cP-MiPLA 200mcg Blotters Online Kopen\"}]},{\"@type\":\"WebSite\",\"@id\":\"https:\/\/rckopen.com\/#website\",\"url\":\"https:\/\/rckopen.com\/\",\"name\":\"RC Kopen\",\"description\":\"Research Chemicals\",\"potentialAction\":[{\"@type\":\"SearchAction\",\"target\":{\"@type\":\"EntryPoint\",\"urlTemplate\":\"https:\/\/rckopen.com\/?s={search_term_string}\"},\"query-input\":{\"@type\":\"PropertyValueSpecification\",\"valueRequired\":true,\"valueName\":\"search_term_string\"}}],\"inLanguage\":\"de-CH\"}]}<\/script>\n<!-- \/ Yoast SEO plugin. -->","yoast_head_json":{"title":"1CP-Mipla 200MCG-blotters online kopen - 1CP-Mipla te kopen","description":"1CP-Mipla 200MCG-blotters online kopen tegen een redelijke prijs in onze online winkel RCKopen. We zullen uw bestelling voor 1CP-Miplabinnenkort verzenden. 1CP-Mipla 200MCG-blotters te koop!","robots":{"index":"index","follow":"follow","max-snippet":"max-snippet:-1","max-image-preview":"max-image-preview:large","max-video-preview":"max-video-preview:-1"},"canonical":"https:\/\/rckopen.com\/de\/produkt\/1cp-mipla-200mcg-blotters\/","og_locale":"de_DE","og_type":"article","og_title":"1CP-Mipla 200MCG-blotters online kopen - 1CP-Mipla te kopen","og_description":"1CP-Mipla 200MCG-blotters online kopen tegen een redelijke prijs in onze online winkel RCKopen. We zullen uw bestelling voor 1CP-Miplabinnenkort verzenden. 1CP-Mipla 200MCG-blotters te koop!","og_url":"https:\/\/rckopen.com\/de\/produkt\/1cp-mipla-200mcg-blotters\/","og_site_name":"RC Kopen","article_modified_time":"2026-02-27T08:15:17+00:00","og_image":[{"width":600,"height":600,"url":"https:\/\/rckopen.com\/wp-content\/uploads\/2023\/08\/1cP-MiPLA-200mcg-Blotters.jpg","type":"image\/jpeg"}],"twitter_card":"summary_large_image","twitter_misc":{"Gesch\u00e4tzte Lesezeit":"3\u00a0Minuten"},"schema":{"@context":"https:\/\/schema.org","@graph":[{"@type":"WebPage","@id":"https:\/\/rckopen.com\/product\/1cp-mipla-200mcg-blotters\/","url":"https:\/\/rckopen.com\/product\/1cp-mipla-200mcg-blotters\/","name":"1CP-Mipla 200MCG-blotters online kopen - 1CP-Mipla te kopen","isPartOf":{"@id":"https:\/\/rckopen.com\/#website"},"primaryImageOfPage":{"@id":"https:\/\/rckopen.com\/product\/1cp-mipla-200mcg-blotters\/#primaryimage"},"image":{"@id":"https:\/\/rckopen.com\/product\/1cp-mipla-200mcg-blotters\/#primaryimage"},"thumbnailUrl":"https:\/\/rckopen.com\/wp-content\/uploads\/2023\/08\/1cP-MiPLA-200mcg-Blotters.jpg","datePublished":"2023-08-14T13:51:48+00:00","dateModified":"2026-02-27T08:15:17+00:00","description":"1CP-Mipla 200MCG-blotters online kopen tegen een redelijke prijs in onze online winkel RCKopen. We zullen uw bestelling voor 1CP-Miplabinnenkort verzenden. 1CP-Mipla 200MCG-blotters te koop!","breadcrumb":{"@id":"https:\/\/rckopen.com\/product\/1cp-mipla-200mcg-blotters\/#breadcrumb"},"inLanguage":"de-CH","potentialAction":[{"@type":"ReadAction","target":["https:\/\/rckopen.com\/product\/1cp-mipla-200mcg-blotters\/"]}]},{"@type":"ImageObject","inLanguage":"de-CH","@id":"https:\/\/rckopen.com\/product\/1cp-mipla-200mcg-blotters\/#primaryimage","url":"https:\/\/rckopen.com\/wp-content\/uploads\/2023\/08\/1cP-MiPLA-200mcg-Blotters.jpg","contentUrl":"https:\/\/rckopen.com\/wp-content\/uploads\/2023\/08\/1cP-MiPLA-200mcg-Blotters.jpg","width":600,"height":600,"caption":"1cP-MiPLA 200mcg Blotters Online Kopen"},{"@type":"BreadcrumbList","@id":"https:\/\/rckopen.com\/product\/1cp-mipla-200mcg-blotters\/#breadcrumb","itemListElement":[{"@type":"ListItem","position":1,"name":"Home","item":"https:\/\/rckopen.com\/"},{"@type":"ListItem","position":2,"name":"Shop","item":"https:\/\/rckopen.com\/shop\/"},{"@type":"ListItem","position":3,"name":"1cP-MiPLA 200mcg Blotters Online Kopen"}]},{"@type":"WebSite","@id":"https:\/\/rckopen.com\/#website","url":"https:\/\/rckopen.com\/","name":"RC Kopen","description":"Research Chemicals","potentialAction":[{"@type":"SearchAction","target":{"@type":"EntryPoint","urlTemplate":"https:\/\/rckopen.com\/?s={search_term_string}"},"query-input":{"@type":"PropertyValueSpecification","valueRequired":true,"valueName":"search_term_string"}}],"inLanguage":"de-CH"}]}},"_links":{"self":[{"href":"https:\/\/rckopen.com\/de\/wp-json\/wp\/v2\/product\/6388","targetHints":{"allow":["GET"]}}],"collection":[{"href":"https:\/\/rckopen.com\/de\/wp-json\/wp\/v2\/product"}],"about":[{"href":"https:\/\/rckopen.com\/de\/wp-json\/wp\/v2\/types\/product"}],"replies":[{"embeddable":true,"href":"https:\/\/rckopen.com\/de\/wp-json\/wp\/v2\/comments?post=6388"}],"wp:featuredmedia":[{"embeddable":true,"href":"https:\/\/rckopen.com\/de\/wp-json\/wp\/v2\/media\/6392"}],"wp:attachment":[{"href":"https:\/\/rckopen.com\/de\/wp-json\/wp\/v2\/media?parent=6388"}],"wp:term":[{"taxonomy":"product_brand","embeddable":true,"href":"https:\/\/rckopen.com\/de\/wp-json\/wp\/v2\/product_brand?post=6388"},{"taxonomy":"product_cat","embeddable":true,"href":"https:\/\/rckopen.com\/de\/wp-json\/wp\/v2\/product_cat?post=6388"},{"taxonomy":"product_tag","embeddable":true,"href":"https:\/\/rckopen.com\/de\/wp-json\/wp\/v2\/product_tag?post=6388"}],"curies":[{"name":"wp","href":"https:\/\/api.w.org\/{rel}","templated":true}]}}