{"id":6407,"date":"2023-08-15T05:59:12","date_gmt":"2023-08-15T05:59:12","guid":{"rendered":"https:\/\/diligentplug.com\/chems\/?post_type=product&#038;p=6407"},"modified":"2025-09-16T10:19:46","modified_gmt":"2025-09-16T10:19:46","slug":"5c-akb48","status":"publish","type":"product","link":"https:\/\/rckopen.com\/de\/produkt\/5c-akb48\/","title":{"rendered":"5C-AKB48 online kaufen"},"content":{"rendered":"<h2>Was ist 5C-AKB48 online kopen<a href=\"https:\/\/en.wikipedia.org\/w\/index.php?search=+5C-AKB48+&amp;title=Special%3ASearch&amp;ns0=1\">?<\/a><\/h2>\n<p>5C-AKB48 ist ein synthetisches Cannabinoid aus der Klasse der Indazolcarboxamide und ist ein 5-Chlor-Analogon zu 5F-AKB48 (oft als AKB48, 5F-APINACA oder 5F-AKB48 bezeichnet), dem bekannteren synthetischen Cannabinoid<a href=\"https:\/\/rckopen.com\/de\/produkt\/4f-abinaca\/\">.<\/a><\/p>\n<p>5C-AKB48 hat Berichten zufolge eine \u00e4hnliche, aber st\u00e4rkere Wirkung als 5F-AKB48<\/p>\n<h2>Chemische Eigenschaften von 5C-AKB48<\/h2>\n<p>Chemische Formel: C23H30CIN3O<\/p>\n<p>Vollst\u00e4ndiger Name: N-(Adamantan-1-yl)-1-(5-chlorpentyl)-1H-indazol-3-carboxamid<\/p>\n<p>Molare Masse: 400,00 g\/mol<\/p>\n<p>Reinheit: &gt;98%<\/p>\n<h3>Wo kann man 5C-AKB-48 kaufen?<\/h3>\n<p>Hier bei RC BUY bieten wir die h\u00f6chste Qualit\u00e4t 5C-AKB48, die Sie auf dem Markt finden k\u00f6nnen. RC BUY ist auch eine vertrauensw\u00fcrdige N1-Quelle und bietet schnellen, diskreten Versand in verschiedene L\u00e4nder der Welt.<\/p>\n<p>Sie m\u00fcssen mindestens 18 Jahre alt sein, um 5C-AKB48 zu kaufen. Alle g\u00e4ngigen Kreditkarten und Bitcoin werden akzeptiert. Alle Produkte, einschlie\u00dflich 5C-AKB48, sind nur f\u00fcr Forschungszwecke und nicht f\u00fcr den menschlichen Verzehr bestimmt.<\/p>\n<h3>Negative Auswirkungen<\/h3>\n<p>Die Sch\u00e4dlichkeit und die langfristigen Auswirkungen des Freizeitkonsums von 5F-AKB48 auf das Wohlergehen scheinen nicht in einem logischen Zusammenhang zu stehen, und die spezifische Messung der toxischen Substanz ist unklar. Dies ist auf die Tatsache zur\u00fcckzuf\u00fchren, dass es f\u00fcr 5F-AKB48 praktisch keine Erfahrungen mit der Verwendung beim Menschen gibt. Aus Erz\u00e4hlungen von Personen, die 5F-AKB48 im Rahmen des Netzes ausprobiert haben, geht hervor, dass es offenbar keine negativen gesundheitlichen Auswirkungen gibt, die ausschlie\u00dflich auf diese schwierige, niedrig dosierte Droge ohne andere und sparsame Verwendung zur\u00fcckzuf\u00fchren sind (eine vollst\u00e4ndige Garantie kann jedoch nicht gegeben werden). Randomisierte Studien haben gezeigt, dass eine \u00dcberdosierung k\u00f6rperliche Beschwerden wie Herzklopfen, Schwindel und Sedierung hervorruft, und zwar bei viel niedrigeren Dosen als bei hohen Risikodosen, die in der Regel dazu f\u00fchren, dass der Patient stark angespannt ist oder einschl\u00e4ft.<\/p>\n<p>Es wurde oft vorgeschlagen, dass Menschen mit fr\u00fcheren schweren Symptomen diese Substanzen nicht konsumieren sollten, da sie den aktuellen Zustand des Gehirns und der Emotionen eindeutig verst\u00e4rken. Wie THC kann auch der Langzeitkonsum von hergestellten Cannabinoiden, einschlie\u00dflich 5F-AKB48, das Auftreten von dysfunktionalem Verhalten und Psychosen verst\u00e4rken, insbesondere bei gef\u00e4hrdeten Personen mit Risikofaktoren f\u00fcr Geisteskrankheit (z. B. eine fr\u00fchere oder famili\u00e4re Vorgeschichte von Schizophrenie).<\/p>\n<p>rckopen.com bietet Produkte an, die nicht f\u00fcr den menschlichen Verzehr bestimmt sind. Der (unbeabsichtigte) Verzehr dieses Produkts kann schwerwiegende medizinische Folgen haben.<\/p>","protected":false},"excerpt":{"rendered":"<p>IUPAC-Name: N-(Adamantan-1-yl)-1-(5-chlorpentyl)-1H-indazol-3-carboxamid<br \/>\nCAS # 2160555-52-0<br \/>\nNMR-Analyse: C23H30CIN3O<\/p>","protected":false},"featured_media":6423,"comment_status":"open","ping_status":"closed","template":"","meta":{"_joinchat":[]},"product_brand":[],"product_cat":[132],"product_tag":[185,186,187,189,188,191,190],"class_list":{"0":"post-6407","1":"product","2":"type-product","3":"status-publish","4":"has-post-thumbnail","6":"product_cat-cannabinoiden","7":"product_tag-4cn-adb","8":"product_tag-4cn-mdmb-pinaca-5c-apinaca","9":"product_tag-5c-akb48-5f-ab-pinaca-5f-adb-pinaca-5f-adb","10":"product_tag-5f-akb48-5f-cumyl-pinaca","11":"product_tag-5f-mdmb-pinaca-5f-amb-5f-apinaca","12":"product_tag-c-vloeistof","13":"product_tag-sgt-25","15":"first","16":"instock","17":"shipping-taxable","18":"purchasable","19":"product-type-variable"},"yoast_head":"<!-- This site is optimized with the Yoast SEO plugin v26.3 - https:\/\/yoast.com\/wordpress\/plugins\/seo\/ -->\n<title>5C-AKB48 online te koop - 5C-AKB48 online kopen<\/title>\n<meta name=\"description\" content=\"Onze online RC-koopwinkel heeft hoogwaardige 5C-AKB48 te koop. Als u bereid bent 5C-AKB48 online te kopen, laat het ons dan weten.\" \/>\n<meta name=\"robots\" content=\"index, follow, max-snippet:-1, max-image-preview:large, max-video-preview:-1\" \/>\n<link rel=\"canonical\" href=\"https:\/\/rckopen.com\/de\/produkt\/5c-akb48\/\" \/>\n<meta property=\"og:locale\" content=\"de_DE\" \/>\n<meta property=\"og:type\" content=\"article\" \/>\n<meta property=\"og:title\" content=\"5C-AKB48 online te koop - 5C-AKB48 online kopen\" \/>\n<meta property=\"og:description\" content=\"Onze online RC-koopwinkel heeft hoogwaardige 5C-AKB48 te koop. Als u bereid bent 5C-AKB48 online te kopen, laat het ons dan weten.\" \/>\n<meta property=\"og:url\" content=\"https:\/\/rckopen.com\/de\/produkt\/5c-akb48\/\" \/>\n<meta property=\"og:site_name\" content=\"RC Kopen\" \/>\n<meta property=\"article:modified_time\" content=\"2025-09-16T10:19:46+00:00\" \/>\n<meta property=\"og:image\" content=\"https:\/\/rckopen.com\/wp-content\/uploads\/2023\/08\/5C-AKB48.jpg\" \/>\n\t<meta property=\"og:image:width\" content=\"600\" \/>\n\t<meta property=\"og:image:height\" content=\"600\" \/>\n\t<meta property=\"og:image:type\" content=\"image\/jpeg\" \/>\n<meta name=\"twitter:card\" content=\"summary_large_image\" \/>\n<meta name=\"twitter:label1\" content=\"Gesch\u00e4tzte Lesezeit\" \/>\n\t<meta name=\"twitter:data1\" content=\"2\u00a0Minuten\" \/>\n<script type=\"application\/ld+json\" class=\"yoast-schema-graph\">{\"@context\":\"https:\/\/schema.org\",\"@graph\":[{\"@type\":\"WebPage\",\"@id\":\"https:\/\/rckopen.com\/product\/5c-akb48\/\",\"url\":\"https:\/\/rckopen.com\/product\/5c-akb48\/\",\"name\":\"5C-AKB48 online te koop - 5C-AKB48 online kopen\",\"isPartOf\":{\"@id\":\"https:\/\/rckopen.com\/#website\"},\"primaryImageOfPage\":{\"@id\":\"https:\/\/rckopen.com\/product\/5c-akb48\/#primaryimage\"},\"image\":{\"@id\":\"https:\/\/rckopen.com\/product\/5c-akb48\/#primaryimage\"},\"thumbnailUrl\":\"https:\/\/rckopen.com\/wp-content\/uploads\/2023\/08\/5C-AKB48.jpg\",\"datePublished\":\"2023-08-15T05:59:12+00:00\",\"dateModified\":\"2025-09-16T10:19:46+00:00\",\"description\":\"Onze online RC-koopwinkel heeft hoogwaardige 5C-AKB48 te koop. Als u bereid bent 5C-AKB48 online te kopen, laat het ons dan weten.\",\"breadcrumb\":{\"@id\":\"https:\/\/rckopen.com\/product\/5c-akb48\/#breadcrumb\"},\"inLanguage\":\"de-CH\",\"potentialAction\":[{\"@type\":\"ReadAction\",\"target\":[\"https:\/\/rckopen.com\/product\/5c-akb48\/\"]}]},{\"@type\":\"ImageObject\",\"inLanguage\":\"de-CH\",\"@id\":\"https:\/\/rckopen.com\/product\/5c-akb48\/#primaryimage\",\"url\":\"https:\/\/rckopen.com\/wp-content\/uploads\/2023\/08\/5C-AKB48.jpg\",\"contentUrl\":\"https:\/\/rckopen.com\/wp-content\/uploads\/2023\/08\/5C-AKB48.jpg\",\"width\":600,\"height\":600,\"caption\":\"5C-AKB48 online kopen\"},{\"@type\":\"BreadcrumbList\",\"@id\":\"https:\/\/rckopen.com\/product\/5c-akb48\/#breadcrumb\",\"itemListElement\":[{\"@type\":\"ListItem\",\"position\":1,\"name\":\"Home\",\"item\":\"https:\/\/rckopen.com\/\"},{\"@type\":\"ListItem\",\"position\":2,\"name\":\"Shop\",\"item\":\"https:\/\/rckopen.com\/shop\/\"},{\"@type\":\"ListItem\",\"position\":3,\"name\":\"5C-AKB48 online kopen\"}]},{\"@type\":\"WebSite\",\"@id\":\"https:\/\/rckopen.com\/#website\",\"url\":\"https:\/\/rckopen.com\/\",\"name\":\"RC Kopen\",\"description\":\"Research Chemicals\",\"potentialAction\":[{\"@type\":\"SearchAction\",\"target\":{\"@type\":\"EntryPoint\",\"urlTemplate\":\"https:\/\/rckopen.com\/?s={search_term_string}\"},\"query-input\":{\"@type\":\"PropertyValueSpecification\",\"valueRequired\":true,\"valueName\":\"search_term_string\"}}],\"inLanguage\":\"de-CH\"}]}<\/script>\n<!-- \/ Yoast SEO plugin. -->","yoast_head_json":{"title":"5C-AKB48 online te koop - 5C-AKB48 online kopen","description":"Onze online RC-koopwinkel heeft hoogwaardige 5C-AKB48 te koop. Als u bereid bent 5C-AKB48 online te kopen, laat het ons dan weten.","robots":{"index":"index","follow":"follow","max-snippet":"max-snippet:-1","max-image-preview":"max-image-preview:large","max-video-preview":"max-video-preview:-1"},"canonical":"https:\/\/rckopen.com\/de\/produkt\/5c-akb48\/","og_locale":"de_DE","og_type":"article","og_title":"5C-AKB48 online te koop - 5C-AKB48 online kopen","og_description":"Onze online RC-koopwinkel heeft hoogwaardige 5C-AKB48 te koop. Als u bereid bent 5C-AKB48 online te kopen, laat het ons dan weten.","og_url":"https:\/\/rckopen.com\/de\/produkt\/5c-akb48\/","og_site_name":"RC Kopen","article_modified_time":"2025-09-16T10:19:46+00:00","og_image":[{"width":600,"height":600,"url":"https:\/\/rckopen.com\/wp-content\/uploads\/2023\/08\/5C-AKB48.jpg","type":"image\/jpeg"}],"twitter_card":"summary_large_image","twitter_misc":{"Gesch\u00e4tzte Lesezeit":"2\u00a0Minuten"},"schema":{"@context":"https:\/\/schema.org","@graph":[{"@type":"WebPage","@id":"https:\/\/rckopen.com\/product\/5c-akb48\/","url":"https:\/\/rckopen.com\/product\/5c-akb48\/","name":"5C-AKB48 online te koop - 5C-AKB48 online kopen","isPartOf":{"@id":"https:\/\/rckopen.com\/#website"},"primaryImageOfPage":{"@id":"https:\/\/rckopen.com\/product\/5c-akb48\/#primaryimage"},"image":{"@id":"https:\/\/rckopen.com\/product\/5c-akb48\/#primaryimage"},"thumbnailUrl":"https:\/\/rckopen.com\/wp-content\/uploads\/2023\/08\/5C-AKB48.jpg","datePublished":"2023-08-15T05:59:12+00:00","dateModified":"2025-09-16T10:19:46+00:00","description":"Onze online RC-koopwinkel heeft hoogwaardige 5C-AKB48 te koop. Als u bereid bent 5C-AKB48 online te kopen, laat het ons dan weten.","breadcrumb":{"@id":"https:\/\/rckopen.com\/product\/5c-akb48\/#breadcrumb"},"inLanguage":"de-CH","potentialAction":[{"@type":"ReadAction","target":["https:\/\/rckopen.com\/product\/5c-akb48\/"]}]},{"@type":"ImageObject","inLanguage":"de-CH","@id":"https:\/\/rckopen.com\/product\/5c-akb48\/#primaryimage","url":"https:\/\/rckopen.com\/wp-content\/uploads\/2023\/08\/5C-AKB48.jpg","contentUrl":"https:\/\/rckopen.com\/wp-content\/uploads\/2023\/08\/5C-AKB48.jpg","width":600,"height":600,"caption":"5C-AKB48 online kopen"},{"@type":"BreadcrumbList","@id":"https:\/\/rckopen.com\/product\/5c-akb48\/#breadcrumb","itemListElement":[{"@type":"ListItem","position":1,"name":"Home","item":"https:\/\/rckopen.com\/"},{"@type":"ListItem","position":2,"name":"Shop","item":"https:\/\/rckopen.com\/shop\/"},{"@type":"ListItem","position":3,"name":"5C-AKB48 online kopen"}]},{"@type":"WebSite","@id":"https:\/\/rckopen.com\/#website","url":"https:\/\/rckopen.com\/","name":"RC Kopen","description":"Research Chemicals","potentialAction":[{"@type":"SearchAction","target":{"@type":"EntryPoint","urlTemplate":"https:\/\/rckopen.com\/?s={search_term_string}"},"query-input":{"@type":"PropertyValueSpecification","valueRequired":true,"valueName":"search_term_string"}}],"inLanguage":"de-CH"}]}},"_links":{"self":[{"href":"https:\/\/rckopen.com\/de\/wp-json\/wp\/v2\/product\/6407","targetHints":{"allow":["GET"]}}],"collection":[{"href":"https:\/\/rckopen.com\/de\/wp-json\/wp\/v2\/product"}],"about":[{"href":"https:\/\/rckopen.com\/de\/wp-json\/wp\/v2\/types\/product"}],"replies":[{"embeddable":true,"href":"https:\/\/rckopen.com\/de\/wp-json\/wp\/v2\/comments?post=6407"}],"wp:featuredmedia":[{"embeddable":true,"href":"https:\/\/rckopen.com\/de\/wp-json\/wp\/v2\/media\/6423"}],"wp:attachment":[{"href":"https:\/\/rckopen.com\/de\/wp-json\/wp\/v2\/media?parent=6407"}],"wp:term":[{"taxonomy":"product_brand","embeddable":true,"href":"https:\/\/rckopen.com\/de\/wp-json\/wp\/v2\/product_brand?post=6407"},{"taxonomy":"product_cat","embeddable":true,"href":"https:\/\/rckopen.com\/de\/wp-json\/wp\/v2\/product_cat?post=6407"},{"taxonomy":"product_tag","embeddable":true,"href":"https:\/\/rckopen.com\/de\/wp-json\/wp\/v2\/product_tag?post=6407"}],"curies":[{"name":"wp","href":"https:\/\/api.w.org\/{rel}","templated":true}]}}