{"id":6408,"date":"2023-08-15T06:06:13","date_gmt":"2023-08-15T06:06:13","guid":{"rendered":"https:\/\/diligentplug.com\/chems\/?post_type=product&#038;p=6408"},"modified":"2025-02-03T05:16:42","modified_gmt":"2025-02-03T05:16:42","slug":"7-add-wet-batch","status":"publish","type":"product","link":"https:\/\/rckopen.com\/de\/produkt\/7-nasse-charge-hinzufugen\/","title":{"rendered":"7-ADD Nassbatch online kaufen"},"content":{"rendered":"<h2>rckopen.com bietet Produkte an, die nicht f\u00fcr den menschlichen Verzehr bestimmt sind.<br \/>\nAllgemeine Informationen Cannabinoid-Pulver<\/h2>\n<p><a href=\"https:\/\/rckopen.com\/de\/produkt\/7-nasse-charge-hinzufugen\/\">7 ADD online kaufen<\/a> Nasscharge online. Cannabinoide sind in Cannabis vorkommende oder hergestellte Verbindungen, die mit dem Endocannabinoid-System interagieren k\u00f6nnen. Das Phytocannabinoid Tetrahydrocannabinol (THC) (Delta-9-THC) ist das bekannteste Cannabinoid, der wichtigste berauschende Bestandteil von Cannabis. Cannabidiol (CBD) ist ein weiterer wichtiger Bestandteil einiger Cannabispflanzen. Aus Cannabis wurden etwa 113 spezifische Cannabinoide isoliert. Ber\u00fccksichtigt wurde im Jahr 2020, dass Cannabinoide in verschiedenen Pflanzen wie Rhododendron, S\u00fc\u00dfholz und Lebermoos sowie zuvor auch in Echinacea vorkommen.<\/p>\n<h3>Die klassischen Cannabinoide werden haupts\u00e4chlich mit THC in Verbindung gebracht.<\/h3>\n<p>Zu den nichtklassischen Cannabinoiden (Cannabimimimetika) geh\u00f6ren Aminoalkylindole, 1,5-Diarylpyrazole, Chinoline und Arylsulfonamide sowie Eicosanoide, die mit Endocannabinoiden verbunden sind.<\/p>\n<h3>Chemische Zusammensetzung von Cannabinoid<\/h3>\n<p>Der wohl\u00fcberlegte Name f\u00fcr dieses THC-Isomer ist (-)- (6aR,10aR)-6,6,9-Trimethyl-3-pentyl-6a,7,8,10a-tetrahydro-6H-benzo[c]chromen-1 -old. Zwei verwandte Substanzen, \u03949-Tetrahydrocannabinol-2-oic corrosive und \u03949-Tetrahydrocannabinol-4-oic corrosive (THCA), sind ebenfalls in Cannabis enthalten, manchmal in gro\u00dfen Mengen.<\/p>\n<p>Die beiden wichtigsten Cannabinoide sind Delta-9-Tetrahydrocannabinol (THC) und Cannabidiol (CBD). Das bekanntere der beiden ist Delta-9-Tetrahydrocannabinol (THC), die Substanz, die f\u00fcr die psychoaktive Wirkung von Marihuana verantwortlich ist.<\/p>\n<h3>Pharmakologie der Cannabinoide<\/h3>\n<p>Die Pharmakologie von Cannabis wird durch das Vorhandensein einer Vielzahl von Cannabinoiden erschwert. Anandamid ist als endogener Ligand f\u00fcr den Cannabinoidrezeptor anerkannt und hat \u00e4hnliche pharmakologische Eigenschaften wie THC.<\/p>\n<p>Cannabisharz ist eine komprimierte Fl\u00fcssigkeit, die aus den harzigen Teilen der Pflanze hergestellt wird, und Cannabis\u00f6l ist ein l\u00f6sliches Konzentrat des Cannabis.<\/p>\n<p>Es werden zwei aktive Metaboliten gebildet: 11-Hydroxy-\u03949-THC und 8\u03b2-Hydroxy-\u03949-THC. Ersterer wird zus\u00e4tzlich zu \u03949-THC-11-oic korrosiv verarbeitet. Zwei latente Substanzen haben die gleiche Form - 8\u03b1-Hydroxy-\u03949-THC und 8\u03b1,11-Dihydroxy-\u03949-THC - und zahlreiche andere kleinere Metaboliten, von denen viele im Urin und in den F\u00e4kalien als Glucuronidformen erscheinen.<\/p>\n<h3>Kaufen Sie hochwertiges Fluorexetamin online<\/h3>\n<p>RCKOPEN verf\u00fcgt \u00fcber langj\u00e4hrige Erfahrung in der Designerbranche f\u00fcr Forschungschemikalien, was es uns erm\u00f6glicht, die h\u00f6chste Qualit\u00e4t dieser Forschungschemikalien zu garantieren. Das chemische Forschungsteam verkauft Fluorexetamin und 2,5-mg-Pellets. Forschungschemikalien, einschlie\u00dflich Fluorexetamine, erf\u00fcllen alle Sicherheitsanforderungen. Forschungschemikalien werden sorgf\u00e4ltig verteilt und an einem k\u00fchlen, trockenen Ort gelagert.<\/p>\n<p>Alle Produkte werden regelm\u00e4\u00dfig auf Qualit\u00e4t, Reinheit und Sicherheit gepr\u00fcft. Bewahren Sie Fluorexetamin immer bei Raumtemperatur und au\u00dferhalb der Reichweite von Kindern und Haustieren auf. Unser Fluorexetamin ist nicht f\u00fcr den pers\u00f6nlichen Gebrauch bestimmt. Es ist nur f\u00fcr Forschungszwecke bestimmt.<\/p>\n<p>Bei der Untersuchung dieser Forschungschemikalie sollte sie nicht mit Alkohol oder Forschungschemikalien gemischt werden!<\/p>\n<p>Alle unsere Produkte haben einen fairen Preis!<\/p>\n<h3>Laborgepr\u00fcftes Fluorexetamin mit Ergebnissen.<\/h3>\n<p>macht erneut Fortschritte bei der umfassenden Erf\u00fcllung der Kundenw\u00fcnsche. Mehrere Umfragen haben gezeigt, dass die Kunden vor dem Kauf von synthetischen Forschungschemikalien so viele Daten wie erwartet anfordern. Au\u00dferdem ver\u00f6ffentlichen wir alle Laborergebnisse zu jeder Forschungschemikalie in einem PDF-Datensatz<a href=\"https:\/\/legitchemicals.com\/\">.<\/a><\/p>\n<p>Unser Fluorexetamin erf\u00fcllt durchweg die Anforderungen an die Wirkstoffe und ist f\u00fcr jedermann deutlich sichtbar.<\/p>\n<p>Wir verteilen alle Laborergebnisse zu jeder Forschungschemikalie auf einem PDF-Dokument.<\/p>\n<h3>Bestellen Sie sicher bei Fluorexetamine.<\/h3>\n<p>RCKOPEN Designer-Forschungschemikalien sind von ausgezeichneter Qualit\u00e4t und haben einen fairen Preis. Deshalb garantieren wir, dass Sie bei der Bestellung Ihres Fluorexetamins <a href=\"https:\/\/rckopen.com\/de\/\">RCKOPEN<\/a> Anfragen, wir liefern Ihre Anfrage schnell und sicher zu Ihnen nach Hause 7 ADD Nassbatch online kaufen.<\/p>\n<p>Die Beantragung von synthetischen Forschungsverbindungen mit Bitcoin oder Bank\u00fcberweisung ist bei RC KOPEN einfach.<\/p>\n<p>Wir versenden Fluorexetamin am selben Werktag, wenn die Zahlung vor 14:00 Uhr MESZ eingegangen ist. Wir versenden in der Regel nicht an Samstagen, Sonntagen oder nationalen\/internationalen Feiertagen.<\/p>\n<h3>Diskreter Versand von Forschungschemikalien.<\/h3>\n<p>Obwohl Designer-Forschungschemikalien online legal erh\u00e4ltlich sind, liefern wir von RCKOPEN die meisten sicher und kosteng\u00fcnstig. Wir verpacken mit sehr guter Tarnung und nichts ist auf der Au\u00dfenseite von dem, was drin sein k\u00f6nnte, gezeigt.<\/p>\n<p>Wir versenden Bestellungen \u00fcber 500 Euro mit Track and Follow, damit Sie Ihr Paket nach und nach verfolgen k\u00f6nnen. Wir versenden Bestellungen \u00fcber 500 Euro mit kostenlosem Track.<\/p>\n<p>Wir liefern keine Artikel an Personen unter 18 Jahren!<\/p>\n<p>Vorsichtsma\u00dfnahmen<br \/>\nKaufen Sie die richtige individuelle Schutzausr\u00fcstung wie Schutzbrillen und Handschuhe. Reinigen und pflegen Sie sie richtig. Befolgen Sie beim Umgang mit Forschungschemikalien sichere Systeme und nehmen Sie keine Abk\u00fcrzungen.<br \/>\nWenn die Studiensubstanz mit den Augen in Ber\u00fchrung kommt, sp\u00fclen Sie sie gut aus und entfernen Sie die Kontaktlinsen, falls erforderlich.<a href=\"https:\/\/rckopen.com\/de\/produkt\/3-merkmale\/\">.<\/a><br \/>\nVersuchen Sie, bei der Verwendung dieser Chemikalien eine Maske zu tragen, damit sie nicht<\/p>","protected":false},"excerpt":{"rendered":"<p><strong>IUPAC-Name: <\/strong>N-(1-amino-3,3-dimethyl-1-oxobutan-2-yl)-1-butyl-1H-indazole-3-acetamide<\/p>\n<p><strong>Anderer Name: <\/strong>AB-Pyca<\/p>\n<p><strong>Erscheinungsbild: <\/strong>Pulver<\/p>\n<p><strong>Form: <\/strong>Nasspartie<\/p>\n<p><strong>NMR-Analyse: <\/strong>C19H28N4O2<\/p>","protected":false},"featured_media":6424,"comment_status":"open","ping_status":"closed","template":"","meta":{"_joinchat":[]},"product_brand":[],"product_cat":[132],"product_tag":[],"class_list":{"0":"post-6408","1":"product","2":"type-product","3":"status-publish","4":"has-post-thumbnail","6":"product_cat-cannabinoiden","8":"first","9":"instock","10":"shipping-taxable","11":"purchasable","12":"product-type-variable"},"yoast_head":"<!-- This site is optimized with the Yoast SEO plugin v26.3 - https:\/\/yoast.com\/wordpress\/plugins\/seo\/ -->\n<title>7 ADD natte batch online kopen - 7 ADD natte batch te koop<\/title>\n<meta name=\"description\" content=\"Als je 7 ADD Wet Batch uit onze winkel nog niet hebt geprobeerd, dan mis je veel. Wij helpen u 7 ADD Wet Batch online te kopen tegen goedkope tarieven. Ontvang vandaag nog 7 ADD Wet Batch te koop!\" \/>\n<meta name=\"robots\" content=\"index, follow, max-snippet:-1, max-image-preview:large, max-video-preview:-1\" \/>\n<link rel=\"canonical\" href=\"https:\/\/rckopen.com\/de\/produkt\/7-nasse-charge-hinzufugen\/\" \/>\n<meta property=\"og:locale\" content=\"de_DE\" \/>\n<meta property=\"og:type\" content=\"article\" \/>\n<meta property=\"og:title\" content=\"7 ADD natte batch online kopen - 7 ADD natte batch te koop\" \/>\n<meta property=\"og:description\" content=\"Als je 7 ADD Wet Batch uit onze winkel nog niet hebt geprobeerd, dan mis je veel. Wij helpen u 7 ADD Wet Batch online te kopen tegen goedkope tarieven. Ontvang vandaag nog 7 ADD Wet Batch te koop!\" \/>\n<meta property=\"og:url\" content=\"https:\/\/rckopen.com\/de\/produkt\/7-nasse-charge-hinzufugen\/\" \/>\n<meta property=\"og:site_name\" content=\"RC Kopen\" \/>\n<meta property=\"article:modified_time\" content=\"2025-02-03T05:16:42+00:00\" \/>\n<meta property=\"og:image\" content=\"https:\/\/rckopen.com\/wp-content\/uploads\/2023\/08\/7-ADD-wet-batch.jpg\" \/>\n\t<meta property=\"og:image:width\" content=\"600\" \/>\n\t<meta property=\"og:image:height\" content=\"600\" \/>\n\t<meta property=\"og:image:type\" content=\"image\/jpeg\" \/>\n<meta name=\"twitter:card\" content=\"summary_large_image\" \/>\n<meta name=\"twitter:label1\" content=\"Gesch\u00e4tzte Lesezeit\" \/>\n\t<meta name=\"twitter:data1\" content=\"4\u00a0Minuten\" \/>\n<script type=\"application\/ld+json\" class=\"yoast-schema-graph\">{\"@context\":\"https:\/\/schema.org\",\"@graph\":[{\"@type\":\"WebPage\",\"@id\":\"https:\/\/rckopen.com\/product\/7-add-wet-batch\/\",\"url\":\"https:\/\/rckopen.com\/product\/7-add-wet-batch\/\",\"name\":\"7 ADD natte batch online kopen - 7 ADD natte batch te koop\",\"isPartOf\":{\"@id\":\"https:\/\/rckopen.com\/#website\"},\"primaryImageOfPage\":{\"@id\":\"https:\/\/rckopen.com\/product\/7-add-wet-batch\/#primaryimage\"},\"image\":{\"@id\":\"https:\/\/rckopen.com\/product\/7-add-wet-batch\/#primaryimage\"},\"thumbnailUrl\":\"https:\/\/rckopen.com\/wp-content\/uploads\/2023\/08\/7-ADD-wet-batch.jpg\",\"datePublished\":\"2023-08-15T06:06:13+00:00\",\"dateModified\":\"2025-02-03T05:16:42+00:00\",\"description\":\"Als je 7 ADD Wet Batch uit onze winkel nog niet hebt geprobeerd, dan mis je veel. Wij helpen u 7 ADD Wet Batch online te kopen tegen goedkope tarieven. Ontvang vandaag nog 7 ADD Wet Batch te koop!\",\"breadcrumb\":{\"@id\":\"https:\/\/rckopen.com\/product\/7-add-wet-batch\/#breadcrumb\"},\"inLanguage\":\"de-CH\",\"potentialAction\":[{\"@type\":\"ReadAction\",\"target\":[\"https:\/\/rckopen.com\/product\/7-add-wet-batch\/\"]}]},{\"@type\":\"ImageObject\",\"inLanguage\":\"de-CH\",\"@id\":\"https:\/\/rckopen.com\/product\/7-add-wet-batch\/#primaryimage\",\"url\":\"https:\/\/rckopen.com\/wp-content\/uploads\/2023\/08\/7-ADD-wet-batch.jpg\",\"contentUrl\":\"https:\/\/rckopen.com\/wp-content\/uploads\/2023\/08\/7-ADD-wet-batch.jpg\",\"width\":600,\"height\":600,\"caption\":\"7-ADD-wet-batch online kopen\"},{\"@type\":\"BreadcrumbList\",\"@id\":\"https:\/\/rckopen.com\/product\/7-add-wet-batch\/#breadcrumb\",\"itemListElement\":[{\"@type\":\"ListItem\",\"position\":1,\"name\":\"Home\",\"item\":\"https:\/\/rckopen.com\/\"},{\"@type\":\"ListItem\",\"position\":2,\"name\":\"Shop\",\"item\":\"https:\/\/rckopen.com\/shop\/\"},{\"@type\":\"ListItem\",\"position\":3,\"name\":\"7-ADD wet batch online kopen\"}]},{\"@type\":\"WebSite\",\"@id\":\"https:\/\/rckopen.com\/#website\",\"url\":\"https:\/\/rckopen.com\/\",\"name\":\"RC Kopen\",\"description\":\"Research Chemicals\",\"potentialAction\":[{\"@type\":\"SearchAction\",\"target\":{\"@type\":\"EntryPoint\",\"urlTemplate\":\"https:\/\/rckopen.com\/?s={search_term_string}\"},\"query-input\":{\"@type\":\"PropertyValueSpecification\",\"valueRequired\":true,\"valueName\":\"search_term_string\"}}],\"inLanguage\":\"de-CH\"}]}<\/script>\n<!-- \/ Yoast SEO plugin. -->","yoast_head_json":{"title":"7 ADD natte batch online kopen - 7 ADD natte batch te koop","description":"Als je 7 ADD Wet Batch uit onze winkel nog niet hebt geprobeerd, dan mis je veel. Wij helpen u 7 ADD Wet Batch online te kopen tegen goedkope tarieven. Ontvang vandaag nog 7 ADD Wet Batch te koop!","robots":{"index":"index","follow":"follow","max-snippet":"max-snippet:-1","max-image-preview":"max-image-preview:large","max-video-preview":"max-video-preview:-1"},"canonical":"https:\/\/rckopen.com\/de\/produkt\/7-nasse-charge-hinzufugen\/","og_locale":"de_DE","og_type":"article","og_title":"7 ADD natte batch online kopen - 7 ADD natte batch te koop","og_description":"Als je 7 ADD Wet Batch uit onze winkel nog niet hebt geprobeerd, dan mis je veel. Wij helpen u 7 ADD Wet Batch online te kopen tegen goedkope tarieven. Ontvang vandaag nog 7 ADD Wet Batch te koop!","og_url":"https:\/\/rckopen.com\/de\/produkt\/7-nasse-charge-hinzufugen\/","og_site_name":"RC Kopen","article_modified_time":"2025-02-03T05:16:42+00:00","og_image":[{"width":600,"height":600,"url":"https:\/\/rckopen.com\/wp-content\/uploads\/2023\/08\/7-ADD-wet-batch.jpg","type":"image\/jpeg"}],"twitter_card":"summary_large_image","twitter_misc":{"Gesch\u00e4tzte Lesezeit":"4\u00a0Minuten"},"schema":{"@context":"https:\/\/schema.org","@graph":[{"@type":"WebPage","@id":"https:\/\/rckopen.com\/product\/7-add-wet-batch\/","url":"https:\/\/rckopen.com\/product\/7-add-wet-batch\/","name":"7 ADD natte batch online kopen - 7 ADD natte batch te koop","isPartOf":{"@id":"https:\/\/rckopen.com\/#website"},"primaryImageOfPage":{"@id":"https:\/\/rckopen.com\/product\/7-add-wet-batch\/#primaryimage"},"image":{"@id":"https:\/\/rckopen.com\/product\/7-add-wet-batch\/#primaryimage"},"thumbnailUrl":"https:\/\/rckopen.com\/wp-content\/uploads\/2023\/08\/7-ADD-wet-batch.jpg","datePublished":"2023-08-15T06:06:13+00:00","dateModified":"2025-02-03T05:16:42+00:00","description":"Als je 7 ADD Wet Batch uit onze winkel nog niet hebt geprobeerd, dan mis je veel. Wij helpen u 7 ADD Wet Batch online te kopen tegen goedkope tarieven. Ontvang vandaag nog 7 ADD Wet Batch te koop!","breadcrumb":{"@id":"https:\/\/rckopen.com\/product\/7-add-wet-batch\/#breadcrumb"},"inLanguage":"de-CH","potentialAction":[{"@type":"ReadAction","target":["https:\/\/rckopen.com\/product\/7-add-wet-batch\/"]}]},{"@type":"ImageObject","inLanguage":"de-CH","@id":"https:\/\/rckopen.com\/product\/7-add-wet-batch\/#primaryimage","url":"https:\/\/rckopen.com\/wp-content\/uploads\/2023\/08\/7-ADD-wet-batch.jpg","contentUrl":"https:\/\/rckopen.com\/wp-content\/uploads\/2023\/08\/7-ADD-wet-batch.jpg","width":600,"height":600,"caption":"7-ADD-wet-batch online kopen"},{"@type":"BreadcrumbList","@id":"https:\/\/rckopen.com\/product\/7-add-wet-batch\/#breadcrumb","itemListElement":[{"@type":"ListItem","position":1,"name":"Home","item":"https:\/\/rckopen.com\/"},{"@type":"ListItem","position":2,"name":"Shop","item":"https:\/\/rckopen.com\/shop\/"},{"@type":"ListItem","position":3,"name":"7-ADD wet batch online kopen"}]},{"@type":"WebSite","@id":"https:\/\/rckopen.com\/#website","url":"https:\/\/rckopen.com\/","name":"RC Kopen","description":"Research Chemicals","potentialAction":[{"@type":"SearchAction","target":{"@type":"EntryPoint","urlTemplate":"https:\/\/rckopen.com\/?s={search_term_string}"},"query-input":{"@type":"PropertyValueSpecification","valueRequired":true,"valueName":"search_term_string"}}],"inLanguage":"de-CH"}]}},"_links":{"self":[{"href":"https:\/\/rckopen.com\/de\/wp-json\/wp\/v2\/product\/6408","targetHints":{"allow":["GET"]}}],"collection":[{"href":"https:\/\/rckopen.com\/de\/wp-json\/wp\/v2\/product"}],"about":[{"href":"https:\/\/rckopen.com\/de\/wp-json\/wp\/v2\/types\/product"}],"replies":[{"embeddable":true,"href":"https:\/\/rckopen.com\/de\/wp-json\/wp\/v2\/comments?post=6408"}],"wp:featuredmedia":[{"embeddable":true,"href":"https:\/\/rckopen.com\/de\/wp-json\/wp\/v2\/media\/6424"}],"wp:attachment":[{"href":"https:\/\/rckopen.com\/de\/wp-json\/wp\/v2\/media?parent=6408"}],"wp:term":[{"taxonomy":"product_brand","embeddable":true,"href":"https:\/\/rckopen.com\/de\/wp-json\/wp\/v2\/product_brand?post=6408"},{"taxonomy":"product_cat","embeddable":true,"href":"https:\/\/rckopen.com\/de\/wp-json\/wp\/v2\/product_cat?post=6408"},{"taxonomy":"product_tag","embeddable":true,"href":"https:\/\/rckopen.com\/de\/wp-json\/wp\/v2\/product_tag?post=6408"}],"curies":[{"name":"wp","href":"https:\/\/api.w.org\/{rel}","templated":true}]}}