{"id":6431,"date":"2023-08-15T07:54:38","date_gmt":"2023-08-15T07:54:38","guid":{"rendered":"https:\/\/diligentplug.com\/chems\/?post_type=product&#038;p=6431"},"modified":"2025-02-05T10:40:22","modified_gmt":"2025-02-05T10:40:22","slug":"cbd-powder","status":"publish","type":"product","link":"https:\/\/rckopen.com\/de\/produkt\/cbd-pulver\/","title":{"rendered":"CBD Pulver online kaufen"},"content":{"rendered":"<h2>Details about the product<\/h2>\n<h3>CBD-Pulver online kaufen<\/h3>\n<p>Unser CBD-Pulver, das aus hochwertigem CBD-Extrakt hergestellt wird, weist eine Cannabinoidkonzentration von 98 % auf. Aufgrund ihrer geschmacks- und geruchslosen Beschaffenheit k\u00f6nnen diese Pellets in Mahlzeiten eingearbeitet oder direkt verzehrt werden. F\u00fcr viele, denen der Geschmack von CBD zu stark ist, sind sie ein Segen. Dar\u00fcber hinaus k\u00f6nnen Sie damit das THC-zu-CBD-Verh\u00e4ltnis in Ihren THC-Produkten \u00e4ndern, um die gr\u00f6\u00dftm\u00f6gliche Linderung Ihrer spezifischen Symptome zu erzielen.<\/p>\n<h3>VORTEILE UND FUNKTIONALIT\u00c4T VON CBD-TABLETTEN<\/h3>\n<p>Beschwerden wie Schmerzen, Angstzust\u00e4nde, Anspannung, Schlafst\u00f6rungen und Hautprobleme k\u00f6nnen durch die Einnahme von CBD-Pillen gelindert werden. Benutzer k\u00f6nnen eine Verbesserung der Schlafqualit\u00e4t, eine beruhigende Wirkung auf ihre Haut und eine entspannende Wirkung auf ihre Muskeln und Psyche feststellen.<\/p>\n<h3>Extraktion von \u00fcberkritischem CO2<\/h3>\n<p>Unser CBD-Pulverisolat wird aus Hanfpflanzen hergestellt, die eine europ\u00e4ische Zertifizierung erhalten haben. Zur Extraktion wird die \u00fcberkritische CO2-Extraktion verwendet, eine sichere, wirksame und r\u00fcckstandsfreie Technik. Um ein m\u00f6glichst reines Produkt zu gew\u00e4hrleisten, wird das Extrakt anschlie\u00dfend von unerw\u00fcnschten Pflanzenbestandteilen gereinigt.<\/p>\n<h3>WARNHINWEISE ZU CBD-Pulver<\/h3>\n<p>Es k\u00f6nnen sowohl Augen als auch Atemwege gereizt werden. Forschungschemikalien d\u00fcrfen nicht in die Umwelt freigesetzt werden.<\/p>\n<p><strong>SICHERHEITSHINWEIS BEI AUGENKONTAKT CBD Pulver:<\/strong><br \/>\nWenn m\u00f6glich, nehmen Sie Ihre Kontaktlinsen nach einer sanften 10- bis 15-min\u00fctigen Sp\u00fclung mit Wasser heraus.<\/p>\n<p>Nach Ber\u00fchrung mit der Haut mit Wasser und Seife absp\u00fclen.<\/p>\n<p><strong>NACH DER INADEMATION<\/strong>: Nehmen Sie eine Atemposition ein und suchen Sie nach frischer Luft.<\/p>\n<p>Die Forschungschemikalie sollte vor direkter Sonneneinstrahlung gesch\u00fctzt, trocken, bei Raumtemperatur und gut verpackt au\u00dferhalb der Reichweite von Kindern aufbewahrt werden. Unter diesen Bedingungen bleibt das Produkt bis zu zwei Jahre stabil.<\/p>","protected":false},"excerpt":{"rendered":"<p><strong>IUPAC-Name: <\/strong>2-[(1R,6R)-6-isopropenyl-3-methylcyclohex-2-en-1-yl]-5-pentylbenzene-1,3-diol<\/p>\n<p><strong>CAS # <\/strong>13956-29-1<\/p>\n<p><strong>Erscheinungsbild: <\/strong>Pulver<\/p>\n<p><strong>NMR-Analyse: <\/strong>C21H30O2<\/p>","protected":false},"featured_media":6452,"comment_status":"open","ping_status":"closed","template":"","meta":{"_joinchat":[]},"product_brand":[],"product_cat":[132],"product_tag":[],"class_list":{"0":"post-6431","1":"product","2":"type-product","3":"status-publish","4":"has-post-thumbnail","6":"product_cat-cannabinoiden","8":"first","9":"instock","10":"shipping-taxable","11":"purchasable","12":"product-type-variable"},"yoast_head":"<!-- This site is optimized with the Yoast SEO plugin v26.3 - https:\/\/yoast.com\/wordpress\/plugins\/seo\/ -->\n<title>CBD powder online kopen - CBD powder te koop | RC Kopen<\/title>\n<meta name=\"description\" content=\"Het is de beste tijd om onze online Rckopen-winkel te bezoeken en CBD powder online te kopen. Wij hebben hier CBD powder te koop. Ontmoet ons online en plaats vandaag nog uw bestelling.\" \/>\n<meta name=\"robots\" content=\"index, follow, max-snippet:-1, max-image-preview:large, max-video-preview:-1\" \/>\n<link rel=\"canonical\" href=\"https:\/\/rckopen.com\/de\/produkt\/cbd-pulver\/\" \/>\n<meta property=\"og:locale\" content=\"de_DE\" \/>\n<meta property=\"og:type\" content=\"article\" \/>\n<meta property=\"og:title\" content=\"CBD powder online kopen - CBD powder te koop | RC Kopen\" \/>\n<meta property=\"og:description\" content=\"Het is de beste tijd om onze online Rckopen-winkel te bezoeken en CBD powder online te kopen. Wij hebben hier CBD powder te koop. Ontmoet ons online en plaats vandaag nog uw bestelling.\" \/>\n<meta property=\"og:url\" content=\"https:\/\/rckopen.com\/de\/produkt\/cbd-pulver\/\" \/>\n<meta property=\"og:site_name\" content=\"RC Kopen\" \/>\n<meta property=\"article:modified_time\" content=\"2025-02-05T10:40:22+00:00\" \/>\n<meta property=\"og:image\" content=\"https:\/\/rckopen.com\/wp-content\/uploads\/2023\/08\/CBD-powder-1.jpg\" \/>\n\t<meta property=\"og:image:width\" content=\"600\" \/>\n\t<meta property=\"og:image:height\" content=\"600\" \/>\n\t<meta property=\"og:image:type\" content=\"image\/jpeg\" \/>\n<meta name=\"twitter:card\" content=\"summary_large_image\" \/>\n<meta name=\"twitter:label1\" content=\"Gesch\u00e4tzte Lesezeit\" \/>\n\t<meta name=\"twitter:data1\" content=\"2\u00a0Minuten\" \/>\n<script type=\"application\/ld+json\" class=\"yoast-schema-graph\">{\"@context\":\"https:\/\/schema.org\",\"@graph\":[{\"@type\":\"WebPage\",\"@id\":\"https:\/\/rckopen.com\/product\/cbd-powder\/\",\"url\":\"https:\/\/rckopen.com\/product\/cbd-powder\/\",\"name\":\"CBD powder online kopen - CBD powder te koop | RC Kopen\",\"isPartOf\":{\"@id\":\"https:\/\/rckopen.com\/#website\"},\"primaryImageOfPage\":{\"@id\":\"https:\/\/rckopen.com\/product\/cbd-powder\/#primaryimage\"},\"image\":{\"@id\":\"https:\/\/rckopen.com\/product\/cbd-powder\/#primaryimage\"},\"thumbnailUrl\":\"https:\/\/rckopen.com\/wp-content\/uploads\/2023\/08\/CBD-powder-1.jpg\",\"datePublished\":\"2023-08-15T07:54:38+00:00\",\"dateModified\":\"2025-02-05T10:40:22+00:00\",\"description\":\"Het is de beste tijd om onze online Rckopen-winkel te bezoeken en CBD powder online te kopen. Wij hebben hier CBD powder te koop. Ontmoet ons online en plaats vandaag nog uw bestelling.\",\"breadcrumb\":{\"@id\":\"https:\/\/rckopen.com\/product\/cbd-powder\/#breadcrumb\"},\"inLanguage\":\"de-CH\",\"potentialAction\":[{\"@type\":\"ReadAction\",\"target\":[\"https:\/\/rckopen.com\/product\/cbd-powder\/\"]}]},{\"@type\":\"ImageObject\",\"inLanguage\":\"de-CH\",\"@id\":\"https:\/\/rckopen.com\/product\/cbd-powder\/#primaryimage\",\"url\":\"https:\/\/rckopen.com\/wp-content\/uploads\/2023\/08\/CBD-powder-1.jpg\",\"contentUrl\":\"https:\/\/rckopen.com\/wp-content\/uploads\/2023\/08\/CBD-powder-1.jpg\",\"width\":600,\"height\":600,\"caption\":\"CBD-powder online kopen\"},{\"@type\":\"BreadcrumbList\",\"@id\":\"https:\/\/rckopen.com\/product\/cbd-powder\/#breadcrumb\",\"itemListElement\":[{\"@type\":\"ListItem\",\"position\":1,\"name\":\"Home\",\"item\":\"https:\/\/rckopen.com\/\"},{\"@type\":\"ListItem\",\"position\":2,\"name\":\"Shop\",\"item\":\"https:\/\/rckopen.com\/shop\/\"},{\"@type\":\"ListItem\",\"position\":3,\"name\":\"CBD powder online kopen\"}]},{\"@type\":\"WebSite\",\"@id\":\"https:\/\/rckopen.com\/#website\",\"url\":\"https:\/\/rckopen.com\/\",\"name\":\"RC Kopen\",\"description\":\"Research Chemicals\",\"potentialAction\":[{\"@type\":\"SearchAction\",\"target\":{\"@type\":\"EntryPoint\",\"urlTemplate\":\"https:\/\/rckopen.com\/?s={search_term_string}\"},\"query-input\":{\"@type\":\"PropertyValueSpecification\",\"valueRequired\":true,\"valueName\":\"search_term_string\"}}],\"inLanguage\":\"de-CH\"}]}<\/script>\n<!-- \/ Yoast SEO plugin. -->","yoast_head_json":{"title":"CBD powder online kopen - CBD powder te koop | RC Kopen","description":"Het is de beste tijd om onze online Rckopen-winkel te bezoeken en CBD powder online te kopen. Wij hebben hier CBD powder te koop. Ontmoet ons online en plaats vandaag nog uw bestelling.","robots":{"index":"index","follow":"follow","max-snippet":"max-snippet:-1","max-image-preview":"max-image-preview:large","max-video-preview":"max-video-preview:-1"},"canonical":"https:\/\/rckopen.com\/de\/produkt\/cbd-pulver\/","og_locale":"de_DE","og_type":"article","og_title":"CBD powder online kopen - CBD powder te koop | RC Kopen","og_description":"Het is de beste tijd om onze online Rckopen-winkel te bezoeken en CBD powder online te kopen. Wij hebben hier CBD powder te koop. Ontmoet ons online en plaats vandaag nog uw bestelling.","og_url":"https:\/\/rckopen.com\/de\/produkt\/cbd-pulver\/","og_site_name":"RC Kopen","article_modified_time":"2025-02-05T10:40:22+00:00","og_image":[{"width":600,"height":600,"url":"https:\/\/rckopen.com\/wp-content\/uploads\/2023\/08\/CBD-powder-1.jpg","type":"image\/jpeg"}],"twitter_card":"summary_large_image","twitter_misc":{"Gesch\u00e4tzte Lesezeit":"2\u00a0Minuten"},"schema":{"@context":"https:\/\/schema.org","@graph":[{"@type":"WebPage","@id":"https:\/\/rckopen.com\/product\/cbd-powder\/","url":"https:\/\/rckopen.com\/product\/cbd-powder\/","name":"CBD powder online kopen - CBD powder te koop | RC Kopen","isPartOf":{"@id":"https:\/\/rckopen.com\/#website"},"primaryImageOfPage":{"@id":"https:\/\/rckopen.com\/product\/cbd-powder\/#primaryimage"},"image":{"@id":"https:\/\/rckopen.com\/product\/cbd-powder\/#primaryimage"},"thumbnailUrl":"https:\/\/rckopen.com\/wp-content\/uploads\/2023\/08\/CBD-powder-1.jpg","datePublished":"2023-08-15T07:54:38+00:00","dateModified":"2025-02-05T10:40:22+00:00","description":"Het is de beste tijd om onze online Rckopen-winkel te bezoeken en CBD powder online te kopen. Wij hebben hier CBD powder te koop. Ontmoet ons online en plaats vandaag nog uw bestelling.","breadcrumb":{"@id":"https:\/\/rckopen.com\/product\/cbd-powder\/#breadcrumb"},"inLanguage":"de-CH","potentialAction":[{"@type":"ReadAction","target":["https:\/\/rckopen.com\/product\/cbd-powder\/"]}]},{"@type":"ImageObject","inLanguage":"de-CH","@id":"https:\/\/rckopen.com\/product\/cbd-powder\/#primaryimage","url":"https:\/\/rckopen.com\/wp-content\/uploads\/2023\/08\/CBD-powder-1.jpg","contentUrl":"https:\/\/rckopen.com\/wp-content\/uploads\/2023\/08\/CBD-powder-1.jpg","width":600,"height":600,"caption":"CBD-powder online kopen"},{"@type":"BreadcrumbList","@id":"https:\/\/rckopen.com\/product\/cbd-powder\/#breadcrumb","itemListElement":[{"@type":"ListItem","position":1,"name":"Home","item":"https:\/\/rckopen.com\/"},{"@type":"ListItem","position":2,"name":"Shop","item":"https:\/\/rckopen.com\/shop\/"},{"@type":"ListItem","position":3,"name":"CBD powder online kopen"}]},{"@type":"WebSite","@id":"https:\/\/rckopen.com\/#website","url":"https:\/\/rckopen.com\/","name":"RC Kopen","description":"Research Chemicals","potentialAction":[{"@type":"SearchAction","target":{"@type":"EntryPoint","urlTemplate":"https:\/\/rckopen.com\/?s={search_term_string}"},"query-input":{"@type":"PropertyValueSpecification","valueRequired":true,"valueName":"search_term_string"}}],"inLanguage":"de-CH"}]}},"_links":{"self":[{"href":"https:\/\/rckopen.com\/de\/wp-json\/wp\/v2\/product\/6431","targetHints":{"allow":["GET"]}}],"collection":[{"href":"https:\/\/rckopen.com\/de\/wp-json\/wp\/v2\/product"}],"about":[{"href":"https:\/\/rckopen.com\/de\/wp-json\/wp\/v2\/types\/product"}],"replies":[{"embeddable":true,"href":"https:\/\/rckopen.com\/de\/wp-json\/wp\/v2\/comments?post=6431"}],"wp:featuredmedia":[{"embeddable":true,"href":"https:\/\/rckopen.com\/de\/wp-json\/wp\/v2\/media\/6452"}],"wp:attachment":[{"href":"https:\/\/rckopen.com\/de\/wp-json\/wp\/v2\/media?parent=6431"}],"wp:term":[{"taxonomy":"product_brand","embeddable":true,"href":"https:\/\/rckopen.com\/de\/wp-json\/wp\/v2\/product_brand?post=6431"},{"taxonomy":"product_cat","embeddable":true,"href":"https:\/\/rckopen.com\/de\/wp-json\/wp\/v2\/product_cat?post=6431"},{"taxonomy":"product_tag","embeddable":true,"href":"https:\/\/rckopen.com\/de\/wp-json\/wp\/v2\/product_tag?post=6431"}],"curies":[{"name":"wp","href":"https:\/\/api.w.org\/{rel}","templated":true}]}}