{"id":6433,"date":"2023-08-15T08:01:55","date_gmt":"2023-08-15T08:01:55","guid":{"rendered":"https:\/\/diligentplug.com\/chems\/?post_type=product&#038;p=6433"},"modified":"2025-01-31T08:49:19","modified_gmt":"2025-01-31T08:49:19","slug":"4f-abinaca","status":"publish","type":"product","link":"https:\/\/rckopen.com\/de\/produkt\/4f-abinaca\/","title":{"rendered":"4F-ABINACA online kaufen"},"content":{"rendered":"<h2><strong><span data-contrast=\"auto\">Was ist 4F-ADB Pulver Online Kopen?<\/span><\/strong><\/h2>\n<p><a href=\"https:\/\/rckopen.com\/de\/produkt\/4f-abinaca\/\">4F-MDMB-BINACA<\/a> (auch bekannt als 4F-MDMB-BUTINACA oder 4F-ADB) ist ein Indazol-basiertes synthetisches Cannabinoid aus der Indazol-3-carboxamid-Familie. Es wird als Wirkstoff in synthetischen Cannabisprodukten verwendet und als Designerdroge verkauft. Kaufen Sie 4F-Abinaca.<\/p>\n<p>Dies liegt daran, dass diese Chemikalie sehr stark ist. Befolgen Sie die Sicherheitsregeln sorgf\u00e4ltig, um \u00fcberm\u00e4\u00dfiges Experimentieren zu vermeiden. <a href=\"https:\/\/rckopen.com\/de\/\">RCKOopen.com<\/a><\/p>\n<h1>4F-ADB kaufen<\/h1>\n<p>RC KOPEN verkauft 4F-ADB von bester Qualit\u00e4t. Der <a href=\"https:\/\/en.wikipedia.org\/wiki\/4F-MDMB-BINACA\">4F-ADB<\/a> Das von uns angebotene Produkt wird in Pulverform geliefert. Sie m\u00fcssen mindestens 18 Jahre alt sein, um 4F-ADB bei uns zu kaufen<a href=\"https:\/\/rckopen.com\/de\/produktkategorie\/cannabinoide\/\">.<\/a><\/p>\n<h2>Der rechtliche Status von 4F-ADB<\/h2>\n<p>4F-ADB ist derzeit in vielen L\u00e4ndern unbekannt und daher vielerorts legal. Es k\u00f6nnte jedoch als Analogon von 5F-ADB betrachtet werden, was es in L\u00e4ndern mit strengen Analogiegesetzen wie den Vereinigten Staaten illegal machen k\u00f6nnte. 4F-Abinaca kaufen.<\/p>\n<p>rckopen.com bietet Produkte an, die nicht f\u00fcr den menschlichen Verzehr bestimmt sind. Der (unbeabsichtigte) Verzehr dieses Produkts kann schwerwiegende medizinische Folgen haben.<\/p>","protected":false},"excerpt":{"rendered":"<p><strong>IUPAC-Name: <\/strong>N-(1-Adamantyl)-1-(4-fluorobutyl)indazol-3-carboxamid<\/p>\n<p><strong>Erscheinungsbild: <\/strong>Pulver<\/p>\n<p><strong>NMR-Analyse: <\/strong>C22H28FN3O<\/p>","protected":false},"featured_media":6454,"comment_status":"open","ping_status":"closed","template":"","meta":{"_joinchat":[]},"product_brand":[],"product_cat":[132],"product_tag":[],"class_list":{"0":"post-6433","1":"product","2":"type-product","3":"status-publish","4":"has-post-thumbnail","6":"product_cat-cannabinoiden","8":"first","9":"instock","10":"shipping-taxable","11":"purchasable","12":"product-type-variable"},"yoast_head":"<!-- This site is optimized with the Yoast SEO plugin v26.3 - https:\/\/yoast.com\/wordpress\/plugins\/seo\/ -->\n<title>4F-Abinaca online kopen - 4F-Abinaca te koop | RC Kopen<\/title>\n<meta name=\"description\" content=\"U kunt 4F-Abinaca te koop krijgen in onze winkel en zonder problemen bij u thuis krijgen. Wij helpen u om 4F-Abinaca online kopen. Bestel nu!\" \/>\n<meta name=\"robots\" content=\"index, follow, max-snippet:-1, max-image-preview:large, max-video-preview:-1\" \/>\n<link rel=\"canonical\" href=\"https:\/\/rckopen.com\/de\/produkt\/4f-abinaca\/\" \/>\n<meta property=\"og:locale\" content=\"de_DE\" \/>\n<meta property=\"og:type\" content=\"article\" \/>\n<meta property=\"og:title\" content=\"4F-Abinaca online kopen - 4F-Abinaca te koop | RC Kopen\" \/>\n<meta property=\"og:description\" content=\"U kunt 4F-Abinaca te koop krijgen in onze winkel en zonder problemen bij u thuis krijgen. Wij helpen u om 4F-Abinaca online kopen. Bestel nu!\" \/>\n<meta property=\"og:url\" content=\"https:\/\/rckopen.com\/de\/produkt\/4f-abinaca\/\" \/>\n<meta property=\"og:site_name\" content=\"RC Kopen\" \/>\n<meta property=\"article:modified_time\" content=\"2025-01-31T08:49:19+00:00\" \/>\n<meta property=\"og:image\" content=\"https:\/\/rckopen.com\/wp-content\/uploads\/2023\/08\/4F-ABINACA.jpg\" \/>\n\t<meta property=\"og:image:width\" content=\"600\" \/>\n\t<meta property=\"og:image:height\" content=\"600\" \/>\n\t<meta property=\"og:image:type\" content=\"image\/jpeg\" \/>\n<meta name=\"twitter:card\" content=\"summary_large_image\" \/>\n<meta name=\"twitter:label1\" content=\"Gesch\u00e4tzte Lesezeit\" \/>\n\t<meta name=\"twitter:data1\" content=\"1\u00a0Minute\" \/>\n<script type=\"application\/ld+json\" class=\"yoast-schema-graph\">{\"@context\":\"https:\/\/schema.org\",\"@graph\":[{\"@type\":\"WebPage\",\"@id\":\"https:\/\/rckopen.com\/product\/4f-abinaca\/\",\"url\":\"https:\/\/rckopen.com\/product\/4f-abinaca\/\",\"name\":\"4F-Abinaca online kopen - 4F-Abinaca te koop | RC Kopen\",\"isPartOf\":{\"@id\":\"https:\/\/rckopen.com\/#website\"},\"primaryImageOfPage\":{\"@id\":\"https:\/\/rckopen.com\/product\/4f-abinaca\/#primaryimage\"},\"image\":{\"@id\":\"https:\/\/rckopen.com\/product\/4f-abinaca\/#primaryimage\"},\"thumbnailUrl\":\"https:\/\/rckopen.com\/wp-content\/uploads\/2023\/08\/4F-ABINACA.jpg\",\"datePublished\":\"2023-08-15T08:01:55+00:00\",\"dateModified\":\"2025-01-31T08:49:19+00:00\",\"description\":\"U kunt 4F-Abinaca te koop krijgen in onze winkel en zonder problemen bij u thuis krijgen. Wij helpen u om 4F-Abinaca online kopen. Bestel nu!\",\"breadcrumb\":{\"@id\":\"https:\/\/rckopen.com\/product\/4f-abinaca\/#breadcrumb\"},\"inLanguage\":\"de-CH\",\"potentialAction\":[{\"@type\":\"ReadAction\",\"target\":[\"https:\/\/rckopen.com\/product\/4f-abinaca\/\"]}]},{\"@type\":\"ImageObject\",\"inLanguage\":\"de-CH\",\"@id\":\"https:\/\/rckopen.com\/product\/4f-abinaca\/#primaryimage\",\"url\":\"https:\/\/rckopen.com\/wp-content\/uploads\/2023\/08\/4F-ABINACA.jpg\",\"contentUrl\":\"https:\/\/rckopen.com\/wp-content\/uploads\/2023\/08\/4F-ABINACA.jpg\",\"width\":600,\"height\":600,\"caption\":\"4F-ABINACA Online Kopen\"},{\"@type\":\"BreadcrumbList\",\"@id\":\"https:\/\/rckopen.com\/product\/4f-abinaca\/#breadcrumb\",\"itemListElement\":[{\"@type\":\"ListItem\",\"position\":1,\"name\":\"Home\",\"item\":\"https:\/\/rckopen.com\/\"},{\"@type\":\"ListItem\",\"position\":2,\"name\":\"Shop\",\"item\":\"https:\/\/rckopen.com\/shop\/\"},{\"@type\":\"ListItem\",\"position\":3,\"name\":\"4F-ABINACA Online Kopen\"}]},{\"@type\":\"WebSite\",\"@id\":\"https:\/\/rckopen.com\/#website\",\"url\":\"https:\/\/rckopen.com\/\",\"name\":\"RC Kopen\",\"description\":\"Research Chemicals\",\"potentialAction\":[{\"@type\":\"SearchAction\",\"target\":{\"@type\":\"EntryPoint\",\"urlTemplate\":\"https:\/\/rckopen.com\/?s={search_term_string}\"},\"query-input\":{\"@type\":\"PropertyValueSpecification\",\"valueRequired\":true,\"valueName\":\"search_term_string\"}}],\"inLanguage\":\"de-CH\"}]}<\/script>\n<!-- \/ Yoast SEO plugin. -->","yoast_head_json":{"title":"4F-Abinaca online kopen - 4F-Abinaca te koop | RC Kopen","description":"U kunt 4F-Abinaca te koop krijgen in onze winkel en zonder problemen bij u thuis krijgen. Wij helpen u om 4F-Abinaca online kopen. Bestel nu!","robots":{"index":"index","follow":"follow","max-snippet":"max-snippet:-1","max-image-preview":"max-image-preview:large","max-video-preview":"max-video-preview:-1"},"canonical":"https:\/\/rckopen.com\/de\/produkt\/4f-abinaca\/","og_locale":"de_DE","og_type":"article","og_title":"4F-Abinaca online kopen - 4F-Abinaca te koop | RC Kopen","og_description":"U kunt 4F-Abinaca te koop krijgen in onze winkel en zonder problemen bij u thuis krijgen. Wij helpen u om 4F-Abinaca online kopen. Bestel nu!","og_url":"https:\/\/rckopen.com\/de\/produkt\/4f-abinaca\/","og_site_name":"RC Kopen","article_modified_time":"2025-01-31T08:49:19+00:00","og_image":[{"width":600,"height":600,"url":"https:\/\/rckopen.com\/wp-content\/uploads\/2023\/08\/4F-ABINACA.jpg","type":"image\/jpeg"}],"twitter_card":"summary_large_image","twitter_misc":{"Gesch\u00e4tzte Lesezeit":"1\u00a0Minute"},"schema":{"@context":"https:\/\/schema.org","@graph":[{"@type":"WebPage","@id":"https:\/\/rckopen.com\/product\/4f-abinaca\/","url":"https:\/\/rckopen.com\/product\/4f-abinaca\/","name":"4F-Abinaca online kopen - 4F-Abinaca te koop | RC Kopen","isPartOf":{"@id":"https:\/\/rckopen.com\/#website"},"primaryImageOfPage":{"@id":"https:\/\/rckopen.com\/product\/4f-abinaca\/#primaryimage"},"image":{"@id":"https:\/\/rckopen.com\/product\/4f-abinaca\/#primaryimage"},"thumbnailUrl":"https:\/\/rckopen.com\/wp-content\/uploads\/2023\/08\/4F-ABINACA.jpg","datePublished":"2023-08-15T08:01:55+00:00","dateModified":"2025-01-31T08:49:19+00:00","description":"U kunt 4F-Abinaca te koop krijgen in onze winkel en zonder problemen bij u thuis krijgen. Wij helpen u om 4F-Abinaca online kopen. Bestel nu!","breadcrumb":{"@id":"https:\/\/rckopen.com\/product\/4f-abinaca\/#breadcrumb"},"inLanguage":"de-CH","potentialAction":[{"@type":"ReadAction","target":["https:\/\/rckopen.com\/product\/4f-abinaca\/"]}]},{"@type":"ImageObject","inLanguage":"de-CH","@id":"https:\/\/rckopen.com\/product\/4f-abinaca\/#primaryimage","url":"https:\/\/rckopen.com\/wp-content\/uploads\/2023\/08\/4F-ABINACA.jpg","contentUrl":"https:\/\/rckopen.com\/wp-content\/uploads\/2023\/08\/4F-ABINACA.jpg","width":600,"height":600,"caption":"4F-ABINACA Online Kopen"},{"@type":"BreadcrumbList","@id":"https:\/\/rckopen.com\/product\/4f-abinaca\/#breadcrumb","itemListElement":[{"@type":"ListItem","position":1,"name":"Home","item":"https:\/\/rckopen.com\/"},{"@type":"ListItem","position":2,"name":"Shop","item":"https:\/\/rckopen.com\/shop\/"},{"@type":"ListItem","position":3,"name":"4F-ABINACA Online Kopen"}]},{"@type":"WebSite","@id":"https:\/\/rckopen.com\/#website","url":"https:\/\/rckopen.com\/","name":"RC Kopen","description":"Research Chemicals","potentialAction":[{"@type":"SearchAction","target":{"@type":"EntryPoint","urlTemplate":"https:\/\/rckopen.com\/?s={search_term_string}"},"query-input":{"@type":"PropertyValueSpecification","valueRequired":true,"valueName":"search_term_string"}}],"inLanguage":"de-CH"}]}},"_links":{"self":[{"href":"https:\/\/rckopen.com\/de\/wp-json\/wp\/v2\/product\/6433","targetHints":{"allow":["GET"]}}],"collection":[{"href":"https:\/\/rckopen.com\/de\/wp-json\/wp\/v2\/product"}],"about":[{"href":"https:\/\/rckopen.com\/de\/wp-json\/wp\/v2\/types\/product"}],"replies":[{"embeddable":true,"href":"https:\/\/rckopen.com\/de\/wp-json\/wp\/v2\/comments?post=6433"}],"wp:featuredmedia":[{"embeddable":true,"href":"https:\/\/rckopen.com\/de\/wp-json\/wp\/v2\/media\/6454"}],"wp:attachment":[{"href":"https:\/\/rckopen.com\/de\/wp-json\/wp\/v2\/media?parent=6433"}],"wp:term":[{"taxonomy":"product_brand","embeddable":true,"href":"https:\/\/rckopen.com\/de\/wp-json\/wp\/v2\/product_brand?post=6433"},{"taxonomy":"product_cat","embeddable":true,"href":"https:\/\/rckopen.com\/de\/wp-json\/wp\/v2\/product_cat?post=6433"},{"taxonomy":"product_tag","embeddable":true,"href":"https:\/\/rckopen.com\/de\/wp-json\/wp\/v2\/product_tag?post=6433"}],"curies":[{"name":"wp","href":"https:\/\/api.w.org\/{rel}","templated":true}]}}