{"id":6434,"date":"2023-08-15T08:05:17","date_gmt":"2023-08-15T08:05:17","guid":{"rendered":"https:\/\/diligentplug.com\/chems\/?post_type=product&#038;p=6434"},"modified":"2025-02-04T04:28:05","modified_gmt":"2025-02-04T04:28:05","slug":"mdphp-hcl","status":"publish","type":"product","link":"https:\/\/rckopen.com\/de\/produkt\/mdphp-hcl\/","title":{"rendered":"MDPHP HCL online kaufen"},"content":{"rendered":"<h2>MDPHP HCL online kaufen<\/h2>\n<p><a href=\"https:\/\/rckopen.com\/de\/produkt\/mdphp-hcl\/\">MDPHP HCL online kaufen<\/a>,\u00a0 MDPHP ist eine Chemikalie der Cathinon-Klasse. Andere Produkte aus der Cathihinon-Klasse sind 3-CMC und 4-EMC.Wir verkaufen diese Substanz als Freebase und als HCL, beide pro 1 g pro Artikel. Dar\u00fcber hinaus verkaufen wir MDPHP als Pellet, 10 x 25 mg pro St\u00fcck. Dieses Produkt dient ausschlie\u00dflich Forschungszwecken und ist ausdr\u00fccklich nicht zum Verzehr bestimmt. Bewahren Sie es daher au\u00dferhalb der Reichweite von Kindern und Haustieren auf und lesen Sie vor dem Gebrauch die Sicherheitshinweise auf unserer Website<a href=\"https:\/\/rckopen.com\/de\/produktkategorie\/kratom\/\">.<\/a><\/p>\n<h2>MDPHP HCL und seine Verpackung<\/h2>\n<p>MDPHP wird in Beuteln unterschiedlicher Farbe und unterschiedlichen Inhalts verpackt:<br \/>\nSilber = 1 Gegenstand, Gold = 2 Gegenst\u00e4nde, Lila = 5 Gegenst\u00e4nde, Blau = 10 Gegenst\u00e4nde, Schwarz = 25 Gegenst\u00e4nde<\/p>\n<p>Wir liefern unsere Produkte nur innerhalb der Niederlande.<\/p>\n<p>Lesen Sie das Merkblatt hier.<br \/>\nLesen Sie den V.I.B. hier<\/p>\n<p>CAS: 24622-61-5<\/p>\n<p>MDPHP (3\u2032,4\u2032-Methylendioxy-\u03b1-pyrrolidinohexiophenon)<\/p>\n<div id=\"enhancedtextwidget-500\" class=\"widget-2 widget widget_text enhanced-text-widget widget-shortcode area-arbitrary\">\n<div class=\"textwidget widget-text\"><strong>Versand*<\/strong><br \/>\nBestellen Sie unter der Woche vor 17 Uhr mit Briefkastenpost oder 19.30 Uhr mit Paketpost, und wir versenden noch am selben Tag. Kaufen Sie MDPHP HCL! Bestellen Sie am Samstag vor 12 Uhr mit Paketpost und erhalten Sie Ihre Bestellung (fast immer) am Montag!<\/p>\n<h2><strong>Vorsichtsma\u00dfnahmen<\/strong><\/h2>\n<p>Es wird empfohlen, beim Umgang Handschuhe, Schutzbrille und eine Atemschutzmaske zu tragen <a href=\"https:\/\/en.wikipedia.org\/wiki\/MDPHP\">MDPHP<\/a>-Pulver im Labor, da es ein feines Pulver ist, das leicht in die Atemwege gelangen und versehentlich eingeatmet werden kann.<\/p>\n<p>Im Falle einer versehentlichen Exposition wird empfohlen, das Produktetikett (mit IUPAC- und CAS-Informationen) den Angeh\u00f6rigen der Gesundheitsberufe zur Verf\u00fcgung zu stellen.<\/p>\n<p>Unbeabsichtigter Augenkontakt sollte sofort durch gr\u00fcndliches Sp\u00fclen mit Wasser nach dem Entfernen der Kontaktlinsen behandelt werden.<\/p>\n<h2><strong>Waar ik MDPHP online kopen?<\/strong><\/h2>\n<p>Wir von legitchemicals sind stolz darauf, Ihnen MDPHP in h\u00f6chster Qualit\u00e4t anbieten zu k\u00f6nnen. rckopen ist die erste Adresse f\u00fcr alle, die MDPHP kaufen m\u00f6chten. Wir f\u00fchren strenge GC MS-Tests durch, bevor wir unser Sortiment zum Verkauf freigeben.<\/p>\n<p>Bitte beachten Sie, dass Sie mindestens 18 Jahre alt sein m\u00fcssen, um MDPHP online bei legitchemicals zu kaufen. Alle verkauften Forschungschemikalien sind nur f\u00fcr die Laborforschung und nicht f\u00fcr den menschlichen Verzehr bestimmt.\u00a0<strong>Ist die MDPHP legal?<\/strong><strong><br \/>\n<\/strong><\/p>\n<p>Hinsichtlich der Rechtm\u00e4\u00dfigkeit von MDPHP empfehlen wir Ihnen dringend, sich \u00fcber die jeweilige Rechtslage in dem Land zu informieren, in dem Sie leben\/versenden. Wir bem\u00fchen uns nach Kr\u00e4ften, das Risiko f\u00fcr unsere Kunden aufgrund unserer aktiven Lieferbeschr\u00e4nkungen zu minimieren.<\/p>\n<p>Die Gesetze \u00e4ndern sich jedoch weltweit st\u00e4ndig, und legitchemicals kann keine Haftung \u00fcbernehmen, wenn Komplikationen auftreten. Letztendlich liegt es in der Verantwortung des K\u00e4ufers, sicherzustellen, dass das Produkt nicht gegen die Gesetze oder die Rechtsprechung des Versandortes verst\u00f6\u00dft.<\/p>\n<\/div>\n<\/div>\n<p><a href=\"https:\/\/rckopen.com\/de\/\">RCKopen<\/a> bietet Produkte an, die nicht f\u00fcr den menschlichen Verzehr bestimmt sind. Wenn Sie dieses Produkt (unabsichtlich) konsumieren, kann dies schwerwiegende medizinische Folgen haben<a href=\"https:\/\/chemswell.com\/product-category\/psychedelic-drug\/\">.<\/a><\/p>","protected":false},"excerpt":{"rendered":"<p><strong>IUPAC-Name:<\/strong> 1-(1,3-Benzodioxol-5-yl)-2-Pyrrolidin-1-ylhexan-1-on; Hydrochlorid<\/p>\n<p><strong>CAS #<\/strong> 24622-61-5<\/p>\n<p><strong>Erscheinungsbild:<\/strong> Pulver<\/p>\n<p><strong>Die Form:<\/strong> HCL<\/p>\n<p><strong>NMR-Analyse:<\/strong> C17H24ClNO3<\/p>\n<p>Superschnelle und diskrete Lieferung der besten MDPHP Freebase (0,5gr).<\/p>\n<p><strong>Bei Bestellung an Werktagen vor 19.30 Uhr erfolgt der Versand noch am selben Tag!<\/strong><\/p>\n<p><b>Warnung:<\/b><b>\u00a0Wir verkaufen nicht an Personen, die j\u00fcnger als 21 Jahre alt sind.<\/b><br \/>\nDas Produkt MDPHP Freebase (0,5gr) kann gesundheitssch\u00e4dlich sein und ist nicht zum Verzehr geeignet. Bitte beachten Sie, dass die Nichteinhaltung unserer Sicherheitshinweise zu potenziell schwerwiegenden Gesundheitsrisiken f\u00fchren kann. Bitte halten Sie sich daher an unsere Sicherheitshinweise.<\/p>","protected":false},"featured_media":6451,"comment_status":"open","ping_status":"closed","template":"","meta":{"_joinchat":[]},"product_brand":[],"product_cat":[134],"product_tag":[],"class_list":{"0":"post-6434","1":"product","2":"type-product","3":"status-publish","4":"has-post-thumbnail","6":"product_cat-cathinon","8":"first","9":"instock","10":"shipping-taxable","11":"purchasable","12":"product-type-variable"},"yoast_head":"<!-- This site is optimized with the Yoast SEO plugin v26.3 - https:\/\/yoast.com\/wordpress\/plugins\/seo\/ -->\n<title>MDPHP HCL Online kopen | MDPHP HCL te koop | RC Kopen<\/title>\n<meta name=\"description\" content=\"MDPHP HCL van topkwaliteit te koop. U kunt nooit om de kwaliteit van onze producten heen. Als u dat nodig heeft, kunt u MDPHP HCL meteen online kopen.\" \/>\n<meta name=\"robots\" content=\"index, follow, max-snippet:-1, max-image-preview:large, max-video-preview:-1\" \/>\n<link rel=\"canonical\" href=\"https:\/\/rckopen.com\/de\/produkt\/mdphp-hcl\/\" \/>\n<meta property=\"og:locale\" content=\"de_DE\" \/>\n<meta property=\"og:type\" content=\"article\" \/>\n<meta property=\"og:title\" content=\"MDPHP HCL Online kopen | MDPHP HCL te koop | RC Kopen\" \/>\n<meta property=\"og:description\" content=\"MDPHP HCL van topkwaliteit te koop. U kunt nooit om de kwaliteit van onze producten heen. Als u dat nodig heeft, kunt u MDPHP HCL meteen online kopen.\" \/>\n<meta property=\"og:url\" content=\"https:\/\/rckopen.com\/de\/produkt\/mdphp-hcl\/\" \/>\n<meta property=\"og:site_name\" content=\"RC Kopen\" \/>\n<meta property=\"article:modified_time\" content=\"2025-02-04T04:28:05+00:00\" \/>\n<meta property=\"og:image\" content=\"https:\/\/rckopen.com\/wp-content\/uploads\/2023\/08\/MDPHP-HCL.jpg\" \/>\n\t<meta property=\"og:image:width\" content=\"600\" \/>\n\t<meta property=\"og:image:height\" content=\"600\" \/>\n\t<meta property=\"og:image:type\" content=\"image\/jpeg\" \/>\n<meta name=\"twitter:card\" content=\"summary_large_image\" \/>\n<meta name=\"twitter:label1\" content=\"Gesch\u00e4tzte Lesezeit\" \/>\n\t<meta name=\"twitter:data1\" content=\"3\u00a0Minuten\" \/>\n<script type=\"application\/ld+json\" class=\"yoast-schema-graph\">{\"@context\":\"https:\/\/schema.org\",\"@graph\":[{\"@type\":\"WebPage\",\"@id\":\"https:\/\/rckopen.com\/product\/mdphp-hcl\/\",\"url\":\"https:\/\/rckopen.com\/product\/mdphp-hcl\/\",\"name\":\"MDPHP HCL Online kopen | MDPHP HCL te koop | RC Kopen\",\"isPartOf\":{\"@id\":\"https:\/\/rckopen.com\/#website\"},\"primaryImageOfPage\":{\"@id\":\"https:\/\/rckopen.com\/product\/mdphp-hcl\/#primaryimage\"},\"image\":{\"@id\":\"https:\/\/rckopen.com\/product\/mdphp-hcl\/#primaryimage\"},\"thumbnailUrl\":\"https:\/\/rckopen.com\/wp-content\/uploads\/2023\/08\/MDPHP-HCL.jpg\",\"datePublished\":\"2023-08-15T08:05:17+00:00\",\"dateModified\":\"2025-02-04T04:28:05+00:00\",\"description\":\"MDPHP HCL van topkwaliteit te koop. U kunt nooit om de kwaliteit van onze producten heen. Als u dat nodig heeft, kunt u MDPHP HCL meteen online kopen.\",\"breadcrumb\":{\"@id\":\"https:\/\/rckopen.com\/product\/mdphp-hcl\/#breadcrumb\"},\"inLanguage\":\"de-CH\",\"potentialAction\":[{\"@type\":\"ReadAction\",\"target\":[\"https:\/\/rckopen.com\/product\/mdphp-hcl\/\"]}]},{\"@type\":\"ImageObject\",\"inLanguage\":\"de-CH\",\"@id\":\"https:\/\/rckopen.com\/product\/mdphp-hcl\/#primaryimage\",\"url\":\"https:\/\/rckopen.com\/wp-content\/uploads\/2023\/08\/MDPHP-HCL.jpg\",\"contentUrl\":\"https:\/\/rckopen.com\/wp-content\/uploads\/2023\/08\/MDPHP-HCL.jpg\",\"width\":600,\"height\":600,\"caption\":\"MDPHP HCL online kopen\"},{\"@type\":\"BreadcrumbList\",\"@id\":\"https:\/\/rckopen.com\/product\/mdphp-hcl\/#breadcrumb\",\"itemListElement\":[{\"@type\":\"ListItem\",\"position\":1,\"name\":\"Home\",\"item\":\"https:\/\/rckopen.com\/\"},{\"@type\":\"ListItem\",\"position\":2,\"name\":\"Shop\",\"item\":\"https:\/\/rckopen.com\/shop\/\"},{\"@type\":\"ListItem\",\"position\":3,\"name\":\"MDPHP HCL online kopen\"}]},{\"@type\":\"WebSite\",\"@id\":\"https:\/\/rckopen.com\/#website\",\"url\":\"https:\/\/rckopen.com\/\",\"name\":\"RC Kopen\",\"description\":\"Research Chemicals\",\"potentialAction\":[{\"@type\":\"SearchAction\",\"target\":{\"@type\":\"EntryPoint\",\"urlTemplate\":\"https:\/\/rckopen.com\/?s={search_term_string}\"},\"query-input\":{\"@type\":\"PropertyValueSpecification\",\"valueRequired\":true,\"valueName\":\"search_term_string\"}}],\"inLanguage\":\"de-CH\"}]}<\/script>\n<!-- \/ Yoast SEO plugin. -->","yoast_head_json":{"title":"MDPHP HCL Online kopen | MDPHP HCL te koop | RC Kopen","description":"MDPHP HCL van topkwaliteit te koop. U kunt nooit om de kwaliteit van onze producten heen. Als u dat nodig heeft, kunt u MDPHP HCL meteen online kopen.","robots":{"index":"index","follow":"follow","max-snippet":"max-snippet:-1","max-image-preview":"max-image-preview:large","max-video-preview":"max-video-preview:-1"},"canonical":"https:\/\/rckopen.com\/de\/produkt\/mdphp-hcl\/","og_locale":"de_DE","og_type":"article","og_title":"MDPHP HCL Online kopen | MDPHP HCL te koop | RC Kopen","og_description":"MDPHP HCL van topkwaliteit te koop. U kunt nooit om de kwaliteit van onze producten heen. Als u dat nodig heeft, kunt u MDPHP HCL meteen online kopen.","og_url":"https:\/\/rckopen.com\/de\/produkt\/mdphp-hcl\/","og_site_name":"RC Kopen","article_modified_time":"2025-02-04T04:28:05+00:00","og_image":[{"width":600,"height":600,"url":"https:\/\/rckopen.com\/wp-content\/uploads\/2023\/08\/MDPHP-HCL.jpg","type":"image\/jpeg"}],"twitter_card":"summary_large_image","twitter_misc":{"Gesch\u00e4tzte Lesezeit":"3\u00a0Minuten"},"schema":{"@context":"https:\/\/schema.org","@graph":[{"@type":"WebPage","@id":"https:\/\/rckopen.com\/product\/mdphp-hcl\/","url":"https:\/\/rckopen.com\/product\/mdphp-hcl\/","name":"MDPHP HCL Online kopen | MDPHP HCL te koop | RC Kopen","isPartOf":{"@id":"https:\/\/rckopen.com\/#website"},"primaryImageOfPage":{"@id":"https:\/\/rckopen.com\/product\/mdphp-hcl\/#primaryimage"},"image":{"@id":"https:\/\/rckopen.com\/product\/mdphp-hcl\/#primaryimage"},"thumbnailUrl":"https:\/\/rckopen.com\/wp-content\/uploads\/2023\/08\/MDPHP-HCL.jpg","datePublished":"2023-08-15T08:05:17+00:00","dateModified":"2025-02-04T04:28:05+00:00","description":"MDPHP HCL van topkwaliteit te koop. U kunt nooit om de kwaliteit van onze producten heen. Als u dat nodig heeft, kunt u MDPHP HCL meteen online kopen.","breadcrumb":{"@id":"https:\/\/rckopen.com\/product\/mdphp-hcl\/#breadcrumb"},"inLanguage":"de-CH","potentialAction":[{"@type":"ReadAction","target":["https:\/\/rckopen.com\/product\/mdphp-hcl\/"]}]},{"@type":"ImageObject","inLanguage":"de-CH","@id":"https:\/\/rckopen.com\/product\/mdphp-hcl\/#primaryimage","url":"https:\/\/rckopen.com\/wp-content\/uploads\/2023\/08\/MDPHP-HCL.jpg","contentUrl":"https:\/\/rckopen.com\/wp-content\/uploads\/2023\/08\/MDPHP-HCL.jpg","width":600,"height":600,"caption":"MDPHP HCL online kopen"},{"@type":"BreadcrumbList","@id":"https:\/\/rckopen.com\/product\/mdphp-hcl\/#breadcrumb","itemListElement":[{"@type":"ListItem","position":1,"name":"Home","item":"https:\/\/rckopen.com\/"},{"@type":"ListItem","position":2,"name":"Shop","item":"https:\/\/rckopen.com\/shop\/"},{"@type":"ListItem","position":3,"name":"MDPHP HCL online kopen"}]},{"@type":"WebSite","@id":"https:\/\/rckopen.com\/#website","url":"https:\/\/rckopen.com\/","name":"RC Kopen","description":"Research Chemicals","potentialAction":[{"@type":"SearchAction","target":{"@type":"EntryPoint","urlTemplate":"https:\/\/rckopen.com\/?s={search_term_string}"},"query-input":{"@type":"PropertyValueSpecification","valueRequired":true,"valueName":"search_term_string"}}],"inLanguage":"de-CH"}]}},"_links":{"self":[{"href":"https:\/\/rckopen.com\/de\/wp-json\/wp\/v2\/product\/6434","targetHints":{"allow":["GET"]}}],"collection":[{"href":"https:\/\/rckopen.com\/de\/wp-json\/wp\/v2\/product"}],"about":[{"href":"https:\/\/rckopen.com\/de\/wp-json\/wp\/v2\/types\/product"}],"replies":[{"embeddable":true,"href":"https:\/\/rckopen.com\/de\/wp-json\/wp\/v2\/comments?post=6434"}],"wp:featuredmedia":[{"embeddable":true,"href":"https:\/\/rckopen.com\/de\/wp-json\/wp\/v2\/media\/6451"}],"wp:attachment":[{"href":"https:\/\/rckopen.com\/de\/wp-json\/wp\/v2\/media?parent=6434"}],"wp:term":[{"taxonomy":"product_brand","embeddable":true,"href":"https:\/\/rckopen.com\/de\/wp-json\/wp\/v2\/product_brand?post=6434"},{"taxonomy":"product_cat","embeddable":true,"href":"https:\/\/rckopen.com\/de\/wp-json\/wp\/v2\/product_cat?post=6434"},{"taxonomy":"product_tag","embeddable":true,"href":"https:\/\/rckopen.com\/de\/wp-json\/wp\/v2\/product_tag?post=6434"}],"curies":[{"name":"wp","href":"https:\/\/api.w.org\/{rel}","templated":true}]}}