{"id":6435,"date":"2023-08-15T08:07:11","date_gmt":"2023-08-15T08:07:11","guid":{"rendered":"https:\/\/diligentplug.com\/chems\/?post_type=product&#038;p=6435"},"modified":"2025-02-03T05:38:27","modified_gmt":"2025-02-03T05:38:27","slug":"avp","status":"publish","type":"product","link":"https:\/\/rckopen.com\/de\/produkt\/avp\/","title":{"rendered":"AVP ONLINE KAUFEN"},"content":{"rendered":"<h1>AVP ONLINE KAUFEN KRISTALL INFORMATIONEN<\/h1>\n<p><a href=\"https:\/\/rckopen.com\/de\/produkt\/avp\/\">AVP online kaufen<\/a>, AVP-Kristalle sind nur f\u00fcr Forschungszwecke verf\u00fcgbar. Oft h\u00f6ren wir die Frage: Ich h\u00e4tte gerne etwas f\u00fcr meine Forschung, wei\u00df aber nicht, ob ich AVP-Kristalle kaufen soll. Das verstehen wir nur zu gut, es ist nur einfach nicht viel dar\u00fcber bekannt. AVP ist ebenfalls eine k\u00f6rpereigene Substanz, die aus dem AVP-Gen stammt. Eine seiner Funktionen besteht darin, soziale Hemmungen abzubauen, Verlangen zu wecken und dabei zu helfen, Kontakte zu anderen zu kn\u00fcpfen. <a href=\"https:\/\/en.wikipedia.org\/wiki\/AVP\">AVP<\/a> KAUFEN Sie online.<\/p>\n<p>Ist das vielleicht nichts f\u00fcr Sie? Dann schauen Sie sich hier unsere anderen Forschungschemikalien an!<\/p>\n<p>Es kann Reizungen der Atemwege und der Augen verursachen. Geben Sie Forschungschemikalien niemals in die Umwelt ab.<\/p>\n<h2>SICHERHEITSEMPFEHLUNGEN AVP-KRISTALLE:<\/h2>\n<p>BEI KONTAKT MIT DEN AUGEN: Mindestens 10 bis 15 Minuten lang behutsam mit Wasser aussp\u00fclen, ggf. Kontaktlinsen entfernen. BEI BER\u00dcHRUNG MIT DER HAUT: Mit Wasser absp\u00fclen, wenn m\u00f6glich auch mit Seife. BEI EINATMEN: F\u00fcr frische Luft sorgen und eine Position einnehmen, die das Atmen erleichtert.<\/p>\n<p>Setzen Sie das Pulver keinen W\u00e4rmequellen aus. In einer trockenen Umgebung bei Raumtemperatur aufbewahren und in einer geeigneten Verpackung und au\u00dferhalb der Reichweite von Kindern aufbewahren. Eine gute Stabilit\u00e4t des Pulvers unter den oben genannten Bedingungen kann bis zu 2 Jahre dauern<a href=\"https:\/\/rckopen.com\/de\/produkt\/a-pcyp\/\">.<\/a><\/p>\n<p><a href=\"https:\/\/rckopen.com\/de\/\">rckopen.com<\/a> bietet Produkte an, die nicht f\u00fcr den menschlichen Verzehr bestimmt sind. Wenn Sie dieses Produkt (unabsichtlich) konsumieren, kann dies schwerwiegende medizinische Folgen haben. Kaufen Sie AVP online<a href=\"https:\/\/chemswell.com\/product-category\/ecstacy\/\">.<\/a><\/p>","protected":false},"excerpt":{"rendered":"<p>IUPAC-Name: AVP-Kristalle<\/p>\n<p>Sie suchen einen Ort, an dem Sie hochwertige AVP-Kristalle f\u00fcr Ihre Forschung kaufen k\u00f6nnen? Dann sind Sie bei rckopen an der richtigen Adresse! Schnelle Lieferung, hohe Qualit\u00e4t und eine gro\u00dfe Auswahl: rckopen, der Fun-Spezialist! <b>Die Preise sind pro Gramm, die Kristalle sind Qualit\u00e4t!<\/b><\/p>","protected":false},"featured_media":6455,"comment_status":"open","ping_status":"closed","template":"","meta":{"_joinchat":[]},"product_brand":[],"product_cat":[134],"product_tag":[],"class_list":{"0":"post-6435","1":"product","2":"type-product","3":"status-publish","4":"has-post-thumbnail","6":"product_cat-cathinon","8":"first","9":"instock","10":"shipping-taxable","11":"purchasable","12":"product-type-variable"},"yoast_head":"<!-- This site is optimized with the Yoast SEO plugin v26.3 - https:\/\/yoast.com\/wordpress\/plugins\/seo\/ -->\n<title>AVP online kopen - AVP te koop | AVP - RC Kopen<\/title>\n<meta name=\"description\" content=\"Onze online Rc Kopen winkel heeft de beste kwaliteit AVP te koop. Als u AVP online wilt kopen, kunnen wij u van alle kanten helpen. Bestel vandaag nog!\" \/>\n<meta name=\"robots\" content=\"index, follow, max-snippet:-1, max-image-preview:large, max-video-preview:-1\" \/>\n<link rel=\"canonical\" href=\"https:\/\/rckopen.com\/de\/produkt\/avp\/\" \/>\n<meta property=\"og:locale\" content=\"de_DE\" \/>\n<meta property=\"og:type\" content=\"article\" \/>\n<meta property=\"og:title\" content=\"AVP online kopen - AVP te koop | AVP - RC Kopen\" \/>\n<meta property=\"og:description\" content=\"Onze online Rc Kopen winkel heeft de beste kwaliteit AVP te koop. Als u AVP online wilt kopen, kunnen wij u van alle kanten helpen. Bestel vandaag nog!\" \/>\n<meta property=\"og:url\" content=\"https:\/\/rckopen.com\/de\/produkt\/avp\/\" \/>\n<meta property=\"og:site_name\" content=\"RC Kopen\" \/>\n<meta property=\"article:modified_time\" content=\"2025-02-03T05:38:27+00:00\" \/>\n<meta property=\"og:image\" content=\"https:\/\/rckopen.com\/wp-content\/uploads\/2023\/08\/AVP.jpg\" \/>\n\t<meta property=\"og:image:width\" content=\"600\" \/>\n\t<meta property=\"og:image:height\" content=\"600\" \/>\n\t<meta property=\"og:image:type\" content=\"image\/jpeg\" \/>\n<meta name=\"twitter:card\" content=\"summary_large_image\" \/>\n<meta name=\"twitter:label1\" content=\"Gesch\u00e4tzte Lesezeit\" \/>\n\t<meta name=\"twitter:data1\" content=\"2\u00a0Minuten\" \/>\n<script type=\"application\/ld+json\" class=\"yoast-schema-graph\">{\"@context\":\"https:\/\/schema.org\",\"@graph\":[{\"@type\":\"WebPage\",\"@id\":\"https:\/\/rckopen.com\/product\/avp\/\",\"url\":\"https:\/\/rckopen.com\/product\/avp\/\",\"name\":\"AVP online kopen - AVP te koop | AVP - RC Kopen\",\"isPartOf\":{\"@id\":\"https:\/\/rckopen.com\/#website\"},\"primaryImageOfPage\":{\"@id\":\"https:\/\/rckopen.com\/product\/avp\/#primaryimage\"},\"image\":{\"@id\":\"https:\/\/rckopen.com\/product\/avp\/#primaryimage\"},\"thumbnailUrl\":\"https:\/\/rckopen.com\/wp-content\/uploads\/2023\/08\/AVP.jpg\",\"datePublished\":\"2023-08-15T08:07:11+00:00\",\"dateModified\":\"2025-02-03T05:38:27+00:00\",\"description\":\"Onze online Rc Kopen winkel heeft de beste kwaliteit AVP te koop. Als u AVP online wilt kopen, kunnen wij u van alle kanten helpen. Bestel vandaag nog!\",\"breadcrumb\":{\"@id\":\"https:\/\/rckopen.com\/product\/avp\/#breadcrumb\"},\"inLanguage\":\"de-CH\",\"potentialAction\":[{\"@type\":\"ReadAction\",\"target\":[\"https:\/\/rckopen.com\/product\/avp\/\"]}]},{\"@type\":\"ImageObject\",\"inLanguage\":\"de-CH\",\"@id\":\"https:\/\/rckopen.com\/product\/avp\/#primaryimage\",\"url\":\"https:\/\/rckopen.com\/wp-content\/uploads\/2023\/08\/AVP.jpg\",\"contentUrl\":\"https:\/\/rckopen.com\/wp-content\/uploads\/2023\/08\/AVP.jpg\",\"width\":600,\"height\":600,\"caption\":\"AVP Online bestellen\"},{\"@type\":\"BreadcrumbList\",\"@id\":\"https:\/\/rckopen.com\/product\/avp\/#breadcrumb\",\"itemListElement\":[{\"@type\":\"ListItem\",\"position\":1,\"name\":\"Home\",\"item\":\"https:\/\/rckopen.com\/\"},{\"@type\":\"ListItem\",\"position\":2,\"name\":\"Shop\",\"item\":\"https:\/\/rckopen.com\/shop\/\"},{\"@type\":\"ListItem\",\"position\":3,\"name\":\"AVP ONLINE KOPEN\"}]},{\"@type\":\"WebSite\",\"@id\":\"https:\/\/rckopen.com\/#website\",\"url\":\"https:\/\/rckopen.com\/\",\"name\":\"RC Kopen\",\"description\":\"Research Chemicals\",\"potentialAction\":[{\"@type\":\"SearchAction\",\"target\":{\"@type\":\"EntryPoint\",\"urlTemplate\":\"https:\/\/rckopen.com\/?s={search_term_string}\"},\"query-input\":{\"@type\":\"PropertyValueSpecification\",\"valueRequired\":true,\"valueName\":\"search_term_string\"}}],\"inLanguage\":\"de-CH\"}]}<\/script>\n<!-- \/ Yoast SEO plugin. -->","yoast_head_json":{"title":"AVP online kopen - AVP te koop | AVP - RC Kopen","description":"Onze online Rc Kopen winkel heeft de beste kwaliteit AVP te koop. Als u AVP online wilt kopen, kunnen wij u van alle kanten helpen. Bestel vandaag nog!","robots":{"index":"index","follow":"follow","max-snippet":"max-snippet:-1","max-image-preview":"max-image-preview:large","max-video-preview":"max-video-preview:-1"},"canonical":"https:\/\/rckopen.com\/de\/produkt\/avp\/","og_locale":"de_DE","og_type":"article","og_title":"AVP online kopen - AVP te koop | AVP - RC Kopen","og_description":"Onze online Rc Kopen winkel heeft de beste kwaliteit AVP te koop. Als u AVP online wilt kopen, kunnen wij u van alle kanten helpen. Bestel vandaag nog!","og_url":"https:\/\/rckopen.com\/de\/produkt\/avp\/","og_site_name":"RC Kopen","article_modified_time":"2025-02-03T05:38:27+00:00","og_image":[{"width":600,"height":600,"url":"https:\/\/rckopen.com\/wp-content\/uploads\/2023\/08\/AVP.jpg","type":"image\/jpeg"}],"twitter_card":"summary_large_image","twitter_misc":{"Gesch\u00e4tzte Lesezeit":"2\u00a0Minuten"},"schema":{"@context":"https:\/\/schema.org","@graph":[{"@type":"WebPage","@id":"https:\/\/rckopen.com\/product\/avp\/","url":"https:\/\/rckopen.com\/product\/avp\/","name":"AVP online kopen - AVP te koop | AVP - RC Kopen","isPartOf":{"@id":"https:\/\/rckopen.com\/#website"},"primaryImageOfPage":{"@id":"https:\/\/rckopen.com\/product\/avp\/#primaryimage"},"image":{"@id":"https:\/\/rckopen.com\/product\/avp\/#primaryimage"},"thumbnailUrl":"https:\/\/rckopen.com\/wp-content\/uploads\/2023\/08\/AVP.jpg","datePublished":"2023-08-15T08:07:11+00:00","dateModified":"2025-02-03T05:38:27+00:00","description":"Onze online Rc Kopen winkel heeft de beste kwaliteit AVP te koop. Als u AVP online wilt kopen, kunnen wij u van alle kanten helpen. Bestel vandaag nog!","breadcrumb":{"@id":"https:\/\/rckopen.com\/product\/avp\/#breadcrumb"},"inLanguage":"de-CH","potentialAction":[{"@type":"ReadAction","target":["https:\/\/rckopen.com\/product\/avp\/"]}]},{"@type":"ImageObject","inLanguage":"de-CH","@id":"https:\/\/rckopen.com\/product\/avp\/#primaryimage","url":"https:\/\/rckopen.com\/wp-content\/uploads\/2023\/08\/AVP.jpg","contentUrl":"https:\/\/rckopen.com\/wp-content\/uploads\/2023\/08\/AVP.jpg","width":600,"height":600,"caption":"AVP Online bestellen"},{"@type":"BreadcrumbList","@id":"https:\/\/rckopen.com\/product\/avp\/#breadcrumb","itemListElement":[{"@type":"ListItem","position":1,"name":"Home","item":"https:\/\/rckopen.com\/"},{"@type":"ListItem","position":2,"name":"Shop","item":"https:\/\/rckopen.com\/shop\/"},{"@type":"ListItem","position":3,"name":"AVP ONLINE KOPEN"}]},{"@type":"WebSite","@id":"https:\/\/rckopen.com\/#website","url":"https:\/\/rckopen.com\/","name":"RC Kopen","description":"Research Chemicals","potentialAction":[{"@type":"SearchAction","target":{"@type":"EntryPoint","urlTemplate":"https:\/\/rckopen.com\/?s={search_term_string}"},"query-input":{"@type":"PropertyValueSpecification","valueRequired":true,"valueName":"search_term_string"}}],"inLanguage":"de-CH"}]}},"_links":{"self":[{"href":"https:\/\/rckopen.com\/de\/wp-json\/wp\/v2\/product\/6435","targetHints":{"allow":["GET"]}}],"collection":[{"href":"https:\/\/rckopen.com\/de\/wp-json\/wp\/v2\/product"}],"about":[{"href":"https:\/\/rckopen.com\/de\/wp-json\/wp\/v2\/types\/product"}],"replies":[{"embeddable":true,"href":"https:\/\/rckopen.com\/de\/wp-json\/wp\/v2\/comments?post=6435"}],"wp:featuredmedia":[{"embeddable":true,"href":"https:\/\/rckopen.com\/de\/wp-json\/wp\/v2\/media\/6455"}],"wp:attachment":[{"href":"https:\/\/rckopen.com\/de\/wp-json\/wp\/v2\/media?parent=6435"}],"wp:term":[{"taxonomy":"product_brand","embeddable":true,"href":"https:\/\/rckopen.com\/de\/wp-json\/wp\/v2\/product_brand?post=6435"},{"taxonomy":"product_cat","embeddable":true,"href":"https:\/\/rckopen.com\/de\/wp-json\/wp\/v2\/product_cat?post=6435"},{"taxonomy":"product_tag","embeddable":true,"href":"https:\/\/rckopen.com\/de\/wp-json\/wp\/v2\/product_tag?post=6435"}],"curies":[{"name":"wp","href":"https:\/\/api.w.org\/{rel}","templated":true}]}}