{"id":6436,"date":"2023-08-15T08:09:20","date_gmt":"2023-08-15T08:09:20","guid":{"rendered":"https:\/\/diligentplug.com\/chems\/?post_type=product&#038;p=6436"},"modified":"2025-01-31T04:39:33","modified_gmt":"2025-01-31T04:39:33","slug":"3f-a-pvp","status":"publish","type":"product","link":"https:\/\/rckopen.com\/de\/produkt\/3f-ein-pvp\/","title":{"rendered":"3F-a-PVP online kaufen"},"content":{"rendered":"<h2>3F-a-PVP Kristal online kopen<\/h2>\n<p><a href=\"https:\/\/rckopen.com\/de\/produkt\/3f-ein-pvp\/\">3F-A-PVP online kaufen<\/a>Wenn Sie nach einer hochwertigen Forschungschemikalie zur Erg\u00e4nzung Ihrer Laborsammlung suchen, sind Sie bei 3F-a-PVP Crystal genau richtig. Es ist jetzt bei rckopen erh\u00e4ltlich. Diese Verbindung geh\u00f6rt zur Gruppe der chemischen Cathinone und ist f\u00fcr ihre starke Wirkung auf das Gehirn und das Verhalten bekannt. Es weist eine \u00e4hnliche Struktur wie andere beliebte Forschungschemikalien wie \u03b1-PVP und MDPV auf und ist daher die bevorzugte Wahl f\u00fcr Forscher, die die Auswirkungen von Cathinonen auf das Gehirn und das Verhalten untersuchen.<\/p>\n<p>Biene <a href=\"https:\/\/rckopen.com\/de\/\">RCKopen<\/a>sind wir bestrebt, unseren Kunden Forschungschemikalien h\u00f6chster Qualit\u00e4t zu liefern, und unsere <a href=\"https:\/\/en.wikipedia.org\/wiki\/3F-PVP\">3F-a-PVP<\/a> Crystal is geen uitzondering. Ons product wordt grondig getest op zuiverheid en kwaliteit, om ervoor te zorgen dat je alleen het best mogelijke product ontvangt voor je onderzoeksbehoeften. Het is echter belangrijk op te merken dat deze verbinding alleen moet worden gebruikt door ervaren onderzoekers die bekend zijn met de eigenschappen en effecten ervan 3F-A-PVP online kopen.<\/p>\n<p>Beim Umgang mit 3F-a-PVP Crystal ist es wichtig, sichere Laborpraktiken zu befolgen und die richtige Schutzausr\u00fcstung zu verwenden. Unser Team bei rckopen trifft alle Vorkehrungen, um sicherzustellen, dass unsere Kunden Produkte von h\u00f6chster Qualit\u00e4t und den bestm\u00f6glichen Kundenservice erhalten.<a href=\"https:\/\/chemswell.com\/\">.<\/a><\/p>\n<p>Wenn Sie auf der Suche nach einer leistungsstarken und effektiven Forschungschemikalie sind, sind Sie bei 3F-a-PVP Crystal von rckopen genau richtig. Bestellen Sie jetzt und erleben Sie die hochwertigsten Forschungschemikalien, die heute auf dem Markt erh\u00e4ltlich sind.<\/p>\n<p>rckopen.com bietet Produkte an, die nicht f\u00fcr den menschlichen Verzehr bestimmt sind. Der (unbeabsichtigte) Verzehr dieses Produkts kann schwerwiegende medizinische Folgen haben mdphp kaufen deutschland<a href=\"https:\/\/rckopen.com\/de\/\">.<\/a><\/p>","protected":false},"excerpt":{"rendered":"<p><strong>IUPAC-Name: <\/strong>1-(3-Fluorphenyl)-2-(pyrrolidin-1-yl)pentan-1-on<\/p>\n<p><strong>NMR-Analyse: <\/strong>C15H20FNO<\/p>\n<p>3F-a-PVP Crystal ist eine Forschungschemikalie, die zur Klasse der Cathinone geh\u00f6rt. Der IUPAC-Name f\u00fcr 3F-a-PVP ist (RS)-1-Phenyl-2-(3-Fluorphenyl)-1-Pentanon, und die CAS-Nummer lautet n\/a. In seiner kristallinen Form erscheint 3F-a-PVP als feiner, wei\u00dfer Kristall von hoher Reinheit, normalerweise 98,0% oder h\u00f6her. Diese Verbindung ist bei Forschern, die die Auswirkungen von Cathinonen auf Gehirn und Verhalten untersuchen, aufgrund ihrer starken und einzigartigen Eigenschaften sehr begehrt.<\/p>","protected":false},"featured_media":6456,"comment_status":"open","ping_status":"closed","template":"","meta":{"_joinchat":[]},"product_brand":[],"product_cat":[134],"product_tag":[],"class_list":{"0":"post-6436","1":"product","2":"type-product","3":"status-publish","4":"has-post-thumbnail","6":"product_cat-cathinon","8":"first","9":"instock","10":"shipping-taxable","11":"purchasable","12":"product-type-variable"},"yoast_head":"<!-- This site is optimized with the Yoast SEO plugin v26.3 - https:\/\/yoast.com\/wordpress\/plugins\/seo\/ -->\n<title>3F-A-PVP - 3F-A-PVP te koop - 3F-A-PVP online kopen<\/title>\n<meta name=\"description\" content=\"3F-A-PVP te koop bij een van de beste online winkels RCKopen. Wij helpen u bij het online kopen van 3F-A-PVP van hoge kwaliteit.\" \/>\n<meta name=\"robots\" content=\"index, follow, max-snippet:-1, max-image-preview:large, max-video-preview:-1\" \/>\n<link rel=\"canonical\" href=\"https:\/\/rckopen.com\/de\/produkt\/3f-ein-pvp\/\" \/>\n<meta property=\"og:locale\" content=\"de_DE\" \/>\n<meta property=\"og:type\" content=\"article\" \/>\n<meta property=\"og:title\" content=\"3F-A-PVP - 3F-A-PVP te koop - 3F-A-PVP online kopen\" \/>\n<meta property=\"og:description\" content=\"3F-A-PVP te koop bij een van de beste online winkels RCKopen. Wij helpen u bij het online kopen van 3F-A-PVP van hoge kwaliteit.\" \/>\n<meta property=\"og:url\" content=\"https:\/\/rckopen.com\/de\/produkt\/3f-ein-pvp\/\" \/>\n<meta property=\"og:site_name\" content=\"RC Kopen\" \/>\n<meta property=\"article:modified_time\" content=\"2025-01-31T04:39:33+00:00\" \/>\n<meta property=\"og:image\" content=\"https:\/\/rckopen.com\/wp-content\/uploads\/2023\/08\/3F-a-PVP.jpg\" \/>\n\t<meta property=\"og:image:width\" content=\"600\" \/>\n\t<meta property=\"og:image:height\" content=\"600\" \/>\n\t<meta property=\"og:image:type\" content=\"image\/jpeg\" \/>\n<meta name=\"twitter:card\" content=\"summary_large_image\" \/>\n<meta name=\"twitter:label1\" content=\"Gesch\u00e4tzte Lesezeit\" \/>\n\t<meta name=\"twitter:data1\" content=\"2\u00a0Minuten\" \/>\n<script type=\"application\/ld+json\" class=\"yoast-schema-graph\">{\"@context\":\"https:\/\/schema.org\",\"@graph\":[{\"@type\":\"WebPage\",\"@id\":\"https:\/\/rckopen.com\/product\/3f-a-pvp\/\",\"url\":\"https:\/\/rckopen.com\/product\/3f-a-pvp\/\",\"name\":\"3F-A-PVP - 3F-A-PVP te koop - 3F-A-PVP online kopen\",\"isPartOf\":{\"@id\":\"https:\/\/rckopen.com\/#website\"},\"primaryImageOfPage\":{\"@id\":\"https:\/\/rckopen.com\/product\/3f-a-pvp\/#primaryimage\"},\"image\":{\"@id\":\"https:\/\/rckopen.com\/product\/3f-a-pvp\/#primaryimage\"},\"thumbnailUrl\":\"https:\/\/rckopen.com\/wp-content\/uploads\/2023\/08\/3F-a-PVP.jpg\",\"datePublished\":\"2023-08-15T08:09:20+00:00\",\"dateModified\":\"2025-01-31T04:39:33+00:00\",\"description\":\"3F-A-PVP te koop bij een van de beste online winkels RCKopen. Wij helpen u bij het online kopen van 3F-A-PVP van hoge kwaliteit.\",\"breadcrumb\":{\"@id\":\"https:\/\/rckopen.com\/product\/3f-a-pvp\/#breadcrumb\"},\"inLanguage\":\"de-CH\",\"potentialAction\":[{\"@type\":\"ReadAction\",\"target\":[\"https:\/\/rckopen.com\/product\/3f-a-pvp\/\"]}]},{\"@type\":\"ImageObject\",\"inLanguage\":\"de-CH\",\"@id\":\"https:\/\/rckopen.com\/product\/3f-a-pvp\/#primaryimage\",\"url\":\"https:\/\/rckopen.com\/wp-content\/uploads\/2023\/08\/3F-a-PVP.jpg\",\"contentUrl\":\"https:\/\/rckopen.com\/wp-content\/uploads\/2023\/08\/3F-a-PVP.jpg\",\"width\":600,\"height\":600,\"caption\":\"3F-a-PVP online kopen\"},{\"@type\":\"BreadcrumbList\",\"@id\":\"https:\/\/rckopen.com\/product\/3f-a-pvp\/#breadcrumb\",\"itemListElement\":[{\"@type\":\"ListItem\",\"position\":1,\"name\":\"Home\",\"item\":\"https:\/\/rckopen.com\/\"},{\"@type\":\"ListItem\",\"position\":2,\"name\":\"Shop\",\"item\":\"https:\/\/rckopen.com\/shop\/\"},{\"@type\":\"ListItem\",\"position\":3,\"name\":\"3F-a-PVP online kopen\"}]},{\"@type\":\"WebSite\",\"@id\":\"https:\/\/rckopen.com\/#website\",\"url\":\"https:\/\/rckopen.com\/\",\"name\":\"RC Kopen\",\"description\":\"Research Chemicals\",\"potentialAction\":[{\"@type\":\"SearchAction\",\"target\":{\"@type\":\"EntryPoint\",\"urlTemplate\":\"https:\/\/rckopen.com\/?s={search_term_string}\"},\"query-input\":{\"@type\":\"PropertyValueSpecification\",\"valueRequired\":true,\"valueName\":\"search_term_string\"}}],\"inLanguage\":\"de-CH\"}]}<\/script>\n<!-- \/ Yoast SEO plugin. -->","yoast_head_json":{"title":"3F-A-PVP - 3F-A-PVP te koop - 3F-A-PVP online kopen","description":"3F-A-PVP te koop bij een van de beste online winkels RCKopen. Wij helpen u bij het online kopen van 3F-A-PVP van hoge kwaliteit.","robots":{"index":"index","follow":"follow","max-snippet":"max-snippet:-1","max-image-preview":"max-image-preview:large","max-video-preview":"max-video-preview:-1"},"canonical":"https:\/\/rckopen.com\/de\/produkt\/3f-ein-pvp\/","og_locale":"de_DE","og_type":"article","og_title":"3F-A-PVP - 3F-A-PVP te koop - 3F-A-PVP online kopen","og_description":"3F-A-PVP te koop bij een van de beste online winkels RCKopen. Wij helpen u bij het online kopen van 3F-A-PVP van hoge kwaliteit.","og_url":"https:\/\/rckopen.com\/de\/produkt\/3f-ein-pvp\/","og_site_name":"RC Kopen","article_modified_time":"2025-01-31T04:39:33+00:00","og_image":[{"width":600,"height":600,"url":"https:\/\/rckopen.com\/wp-content\/uploads\/2023\/08\/3F-a-PVP.jpg","type":"image\/jpeg"}],"twitter_card":"summary_large_image","twitter_misc":{"Gesch\u00e4tzte Lesezeit":"2\u00a0Minuten"},"schema":{"@context":"https:\/\/schema.org","@graph":[{"@type":"WebPage","@id":"https:\/\/rckopen.com\/product\/3f-a-pvp\/","url":"https:\/\/rckopen.com\/product\/3f-a-pvp\/","name":"3F-A-PVP - 3F-A-PVP te koop - 3F-A-PVP online kopen","isPartOf":{"@id":"https:\/\/rckopen.com\/#website"},"primaryImageOfPage":{"@id":"https:\/\/rckopen.com\/product\/3f-a-pvp\/#primaryimage"},"image":{"@id":"https:\/\/rckopen.com\/product\/3f-a-pvp\/#primaryimage"},"thumbnailUrl":"https:\/\/rckopen.com\/wp-content\/uploads\/2023\/08\/3F-a-PVP.jpg","datePublished":"2023-08-15T08:09:20+00:00","dateModified":"2025-01-31T04:39:33+00:00","description":"3F-A-PVP te koop bij een van de beste online winkels RCKopen. Wij helpen u bij het online kopen van 3F-A-PVP van hoge kwaliteit.","breadcrumb":{"@id":"https:\/\/rckopen.com\/product\/3f-a-pvp\/#breadcrumb"},"inLanguage":"de-CH","potentialAction":[{"@type":"ReadAction","target":["https:\/\/rckopen.com\/product\/3f-a-pvp\/"]}]},{"@type":"ImageObject","inLanguage":"de-CH","@id":"https:\/\/rckopen.com\/product\/3f-a-pvp\/#primaryimage","url":"https:\/\/rckopen.com\/wp-content\/uploads\/2023\/08\/3F-a-PVP.jpg","contentUrl":"https:\/\/rckopen.com\/wp-content\/uploads\/2023\/08\/3F-a-PVP.jpg","width":600,"height":600,"caption":"3F-a-PVP online kopen"},{"@type":"BreadcrumbList","@id":"https:\/\/rckopen.com\/product\/3f-a-pvp\/#breadcrumb","itemListElement":[{"@type":"ListItem","position":1,"name":"Home","item":"https:\/\/rckopen.com\/"},{"@type":"ListItem","position":2,"name":"Shop","item":"https:\/\/rckopen.com\/shop\/"},{"@type":"ListItem","position":3,"name":"3F-a-PVP online kopen"}]},{"@type":"WebSite","@id":"https:\/\/rckopen.com\/#website","url":"https:\/\/rckopen.com\/","name":"RC Kopen","description":"Research Chemicals","potentialAction":[{"@type":"SearchAction","target":{"@type":"EntryPoint","urlTemplate":"https:\/\/rckopen.com\/?s={search_term_string}"},"query-input":{"@type":"PropertyValueSpecification","valueRequired":true,"valueName":"search_term_string"}}],"inLanguage":"de-CH"}]}},"_links":{"self":[{"href":"https:\/\/rckopen.com\/de\/wp-json\/wp\/v2\/product\/6436","targetHints":{"allow":["GET"]}}],"collection":[{"href":"https:\/\/rckopen.com\/de\/wp-json\/wp\/v2\/product"}],"about":[{"href":"https:\/\/rckopen.com\/de\/wp-json\/wp\/v2\/types\/product"}],"replies":[{"embeddable":true,"href":"https:\/\/rckopen.com\/de\/wp-json\/wp\/v2\/comments?post=6436"}],"wp:featuredmedia":[{"embeddable":true,"href":"https:\/\/rckopen.com\/de\/wp-json\/wp\/v2\/media\/6456"}],"wp:attachment":[{"href":"https:\/\/rckopen.com\/de\/wp-json\/wp\/v2\/media?parent=6436"}],"wp:term":[{"taxonomy":"product_brand","embeddable":true,"href":"https:\/\/rckopen.com\/de\/wp-json\/wp\/v2\/product_brand?post=6436"},{"taxonomy":"product_cat","embeddable":true,"href":"https:\/\/rckopen.com\/de\/wp-json\/wp\/v2\/product_cat?post=6436"},{"taxonomy":"product_tag","embeddable":true,"href":"https:\/\/rckopen.com\/de\/wp-json\/wp\/v2\/product_tag?post=6436"}],"curies":[{"name":"wp","href":"https:\/\/api.w.org\/{rel}","templated":true}]}}