{"id":6438,"date":"2023-08-15T08:18:48","date_gmt":"2023-08-15T08:18:48","guid":{"rendered":"https:\/\/diligentplug.com\/chems\/?post_type=product&#038;p=6438"},"modified":"2025-02-04T05:41:31","modified_gmt":"2025-02-04T05:41:31","slug":"kopen-nep-poeder","status":"publish","type":"product","link":"https:\/\/rckopen.com\/de\/produkt\/falsches-pulver-kaufen\/","title":{"rendered":"Kunstpuder online kaufen"},"content":{"rendered":"<h2>rckopen.com bietet Produkte an, die nicht f\u00fcr den menschlichen Verzehr bestimmt sind.<br \/>\nAlgemene informatie NEP poeder online kopen<\/h2>\n<p>Kunstpulver online kaufen. N-Ethylpentedron (NEP) ist ein synthetisches Stimulans. Es hat oft eine wei\u00dfe oder gr\u00e4uliche Farbe und ist in Pulver-, Glas- oder Tablettenform erh\u00e4ltlich. NEP kann mit verschiedenen Stimulanzien wie Kokain und MDMA gemischt oder f\u00e4lschlicherweise als solche vermarktet werden.<\/p>\n<p>Sie kann genauso aussehen und riechen wie diese Drogen. Ohne Tests in einem Forschungszentrum ist es nicht m\u00f6glich, sie zu unterscheiden.<a href=\"https:\/\/rckopen.com\/de\/produktkategorie\/benzodiazepine\/\">.<\/a><\/p>\n<h3>Chemische Zusammensetzung von NEP-Pulver<\/h3>\n<p>NEP, oder N-Ethyl-(nor)-pentedron, geh\u00f6rt zur Klasse der synthetischen Cathinone. Pentedron NEP hat einen Phenethylaminkern (2 Ethylamino 1) mit einer Alkylgruppe am Alphakohlenstoff und einer Sauerstoffgruppe am Betakohlenstoff Buy Fake Powder.<\/p>\n<p>NEP ist eine Tochter des Hexedrons; der an dieses Stickstoffmolek\u00fcl gebundene Methylbunker ist verkn\u00fcpft und durch einen Ethylbunker (2-Ethylamino-1-phenylhexan 1) ersetzt. Die zweite Substitution ist ein Ethylstrang, der an die Aminogruppe von R N2 gebunden ist und N-Ethyl<a href=\"https:\/\/safemedistore.com\/product-category\/cannabinoids-for-sale\/\">.<\/a><\/p>\n<h3>Pharmakologie des NEP-Pulvers<\/h3>\n<p>\u00dcber die Pharmakologie von NEP ist nicht viel bekannt. Allerdings ist n-Ethyl-nor-pentedrone (N-Ethylpentedrone, Ethyl-pentedrone oder NEP) ein fortschrittlicher Energizer der Cathinon-Klasse mit belebenden, euphorisierenden Effekten bei der Einnahme.<\/p>\n<p>In Kundenberichten wird N-Ethylpentedron eine euphorisierende Wirkung nachgesagt, die ausdr\u00fccklich dazu bestimmt ist, die Eigenschaften verbotener Substanzen nachzubilden, und die der Wirkung von Kokain und Euphorie gleichkommt.<\/p>\n<h3>Hochwertiges NEP-Pulver online kaufen.<\/h3>\n<p>Da Rckopen seit vielen Jahren in der chemischen Industrie t\u00e4tig ist, k\u00f6nnen wir f\u00fcr unsere Produkte die besten Leistungen garantieren. Hier k\u00f6nnen Sie ein tolles NEP Pulver als NEP Pulver sicher online kaufen.<\/p>\n<p>Forschungschemikalien, einschlie\u00dflich Pentedrone N-Ethylpentedrone NEP, werden sorgf\u00e4ltig behandelt, versandt, gelagert und in einem k\u00fchlen, trockenen Klima aufbewahrt. Alle Artikel werden in der Regel vorab auf Qualit\u00e4t, Makellosigkeit und Sicherheit gepr\u00fcft. NEP-Pulver ist durchgehend bei Raumtemperatur zu lagern.<\/p>\n<p>Jeder Artikel ist mit der aussagekr\u00e4ftigen Research Chemical gekennzeichnet und enth\u00e4lt ein herunterladbares PDF-Dokument mit den Laborergebnissen. So k\u00f6nnen Sie sich immer auf eine gute Qualit\u00e4t von Pentedrone NEP verlassen. Au\u00dferdem hat jeder unserer Artikel einen fairen Preis!<\/p>\n<h3>Laborgepr\u00fcftes NEP-Pulver mit Ergebnissen.<\/h3>\n<p>Rckopen macht Fortschritte bei der allgemeinen Zufriedenheit seiner Kunden. Mehrere Umfragen haben gezeigt, dass die Kunden vor dem Kauf von synthetischen Forschungschemikalien so viele Daten wie m\u00f6glich verlangen. Au\u00dferdem ver\u00f6ffentlichen wir alle Laborergebnisse zu jeder Forschungsverbindung in einer PDF-Datei.<\/p>\n<p>Unser NEP-Pulver entspricht durchweg den Wirkstoffen und ist f\u00fcr alle sofort sichtbar.<\/p>\n<p>Wir ver\u00f6ffentlichen alle Laborergebnisse zu jeder Forschungschemikalie in einem PDF-Dokument.<\/p>\n<h3>Sichere Bestellung bei NEP powder.<\/h3>\n<p>Rckopen Designer Research Chemicals sind von ausgezeichneter Qualit\u00e4t und haben einen fairen Preis. In dem Moment, in dem Sie Ihr NEP-Pulver bei TRRCSHOP bestellen, garantieren wir Ihnen, dass Ihre Bestellung schnell und sicher zu Ihnen nach Hause geliefert wird.<\/p>\n<p>Die Beantragung von synthetischen Forschungsverbindungen mit Bitcoin oder Bank\u00fcberweisung ist bei Rckopen einfach.<\/p>\n<p>Wir versenden NEP-Pulver am selben Werktag, wenn die Zahlung vor 14.00 Uhr MESZ eingeht. Wir versenden nicht an Samstagen, Sonntagen oder nationalen\/internationalen Feiertagen.<\/p>\n<h3>Diskreter Versand von Forschungschemikalien.<\/h3>\n<p>Obwohl Designer-Forschungschemikalien online legal erh\u00e4ltlich sind, sind wir bei Rckopen bestrebt, die sichersten und g\u00fcnstigsten Produkte zu liefern. Zuerst wird der Artikel in einen Druckverschlussbeutel gegeben, bevor er in einen Sack kommt, in dem er doppelt verbrannt wird. Wir verpacken die Artikel sehr unsichtbar und man kann von au\u00dfen nicht erkennen, was sich darin befindet.<\/p>\n<p>W\u00e4hlen Sie beim Bezahlen eine verfolgbare Bestellung aus, damit Sie Ihre Bestellung nach und nach verfolgen k\u00f6nnen. Bestellungen \u00fcber 500 \u20ac werden beispielsweise kostenlos verfolgt.<\/p>\n<p>Wir liefern keine Artikel an Personen unter 18 Jahren!<\/p>\n<h3>Vorsichtsma\u00dfnahmen<\/h3>\n<ul>\n<li>Die bei Rckopen angebotenen RCs sind f\u00fcr Forschungszwecke bestimmt; der Verzehr ist streng verboten.<\/li>\n<li>Kaufen Sie die richtige individuelle Schutzausr\u00fcstung wie Schutzbrillen und Handschuhe. Reinigen und pflegen Sie sie richtig. Befolgen Sie beim Umgang mit Chemikalien f\u00fcr die Forschung sichere Systeme und nehmen Sie keine Abk\u00fcrzungen.<\/li>\n<li>Wenn die Chemikalie aus der Studie mit den Augen in Ber\u00fchrung kommt, sp\u00fclen Sie sie gut aus und nehmen Sie die Kontaktlinsen heraus, wenn dies unbedingt erforderlich ist.<\/li>\n<li>Versuchen Sie, bei der Verwendung dieser Chemikalien eine Maske zu tragen, damit sie nicht in den K\u00f6rper eindringen k\u00f6nnen, w\u00e4hrend Sie atmen.<\/li>\n<li>Wie die unterst\u00fctzten Methoden zeigen, sollten Sie Gefahrstoffe sicher handhaben, lagern und entsorgen. Sch\u00fctten Sie sie niemals in die Kanalisation oder in Kan\u00e4le.<\/li>\n<li>Lagern Sie Forschungschemikalien ordnungsgem\u00e4\u00df entsprechend ihrer Bezeichnung. Entflammbare Chemikalien sollten an einem ausgezeichneten, trockenen Ort gelagert werden, der vor intensiver Sonneneinstrahlung und Tageslicht gesch\u00fctzt ist. Einige synthetische Stoffe wie S\u00e4uren sollten separat gelagert werden.<\/li>\n<\/ul>","protected":false},"excerpt":{"rendered":"<p><strong>IUPAC-Name: <\/strong>2-(Ethylamino)-1-phenyl-1-pentanon<\/p>\n<p><strong>CAS # <\/strong>779974-89-9<\/p>\n<p><strong>Anderer Name: <\/strong>N-Ethyl-Nor-Penton<\/p>","protected":false},"featured_media":6458,"comment_status":"open","ping_status":"closed","template":"","meta":{"_joinchat":[]},"product_brand":[],"product_cat":[134],"product_tag":[],"class_list":{"0":"post-6438","1":"product","2":"type-product","3":"status-publish","4":"has-post-thumbnail","6":"product_cat-cathinon","8":"first","9":"instock","10":"shipping-taxable","11":"purchasable","12":"product-type-variable"},"yoast_head":"<!-- This site is optimized with the Yoast SEO plugin v26.3 - https:\/\/yoast.com\/wordpress\/plugins\/seo\/ -->\n<title>Nep Poeder online kopen - Nep Poeder Europa te koop<\/title>\n<meta name=\"description\" content=\"Als u Nep Poeder Europe online wilt kopen, kan onze online rc kopen-winkel u helpen. We hebben Nep Powder Europe hier te koop tegen de beste prijzen.\" \/>\n<meta name=\"robots\" content=\"index, follow, max-snippet:-1, max-image-preview:large, max-video-preview:-1\" \/>\n<link rel=\"canonical\" href=\"https:\/\/rckopen.com\/de\/produkt\/falsches-pulver-kaufen\/\" \/>\n<meta property=\"og:locale\" content=\"de_DE\" \/>\n<meta property=\"og:type\" content=\"article\" \/>\n<meta property=\"og:title\" content=\"Nep Poeder online kopen - Nep Poeder Europa te koop\" \/>\n<meta property=\"og:description\" content=\"Als u Nep Poeder Europe online wilt kopen, kan onze online rc kopen-winkel u helpen. We hebben Nep Powder Europe hier te koop tegen de beste prijzen.\" \/>\n<meta property=\"og:url\" content=\"https:\/\/rckopen.com\/de\/produkt\/falsches-pulver-kaufen\/\" \/>\n<meta property=\"og:site_name\" content=\"RC Kopen\" \/>\n<meta property=\"article:modified_time\" content=\"2025-02-04T05:41:31+00:00\" \/>\n<meta property=\"og:image\" content=\"https:\/\/rckopen.com\/wp-content\/uploads\/2023\/08\/Nep-powder-Europe.jpg\" \/>\n\t<meta property=\"og:image:width\" content=\"600\" \/>\n\t<meta property=\"og:image:height\" content=\"600\" \/>\n\t<meta property=\"og:image:type\" content=\"image\/jpeg\" \/>\n<meta name=\"twitter:card\" content=\"summary_large_image\" \/>\n<meta name=\"twitter:label1\" content=\"Gesch\u00e4tzte Lesezeit\" \/>\n\t<meta name=\"twitter:data1\" content=\"4\u00a0Minuten\" \/>\n<script type=\"application\/ld+json\" class=\"yoast-schema-graph\">{\"@context\":\"https:\/\/schema.org\",\"@graph\":[{\"@type\":\"WebPage\",\"@id\":\"https:\/\/rckopen.com\/product\/kopen-nep-poeder\/\",\"url\":\"https:\/\/rckopen.com\/product\/kopen-nep-poeder\/\",\"name\":\"Nep Poeder online kopen - Nep Poeder Europa te koop\",\"isPartOf\":{\"@id\":\"https:\/\/rckopen.com\/#website\"},\"primaryImageOfPage\":{\"@id\":\"https:\/\/rckopen.com\/product\/kopen-nep-poeder\/#primaryimage\"},\"image\":{\"@id\":\"https:\/\/rckopen.com\/product\/kopen-nep-poeder\/#primaryimage\"},\"thumbnailUrl\":\"https:\/\/rckopen.com\/wp-content\/uploads\/2023\/08\/Nep-powder-Europe.jpg\",\"datePublished\":\"2023-08-15T08:18:48+00:00\",\"dateModified\":\"2025-02-04T05:41:31+00:00\",\"description\":\"Als u Nep Poeder Europe online wilt kopen, kan onze online rc kopen-winkel u helpen. We hebben Nep Powder Europe hier te koop tegen de beste prijzen.\",\"breadcrumb\":{\"@id\":\"https:\/\/rckopen.com\/product\/kopen-nep-poeder\/#breadcrumb\"},\"inLanguage\":\"de-CH\",\"potentialAction\":[{\"@type\":\"ReadAction\",\"target\":[\"https:\/\/rckopen.com\/product\/kopen-nep-poeder\/\"]}]},{\"@type\":\"ImageObject\",\"inLanguage\":\"de-CH\",\"@id\":\"https:\/\/rckopen.com\/product\/kopen-nep-poeder\/#primaryimage\",\"url\":\"https:\/\/rckopen.com\/wp-content\/uploads\/2023\/08\/Nep-powder-Europe.jpg\",\"contentUrl\":\"https:\/\/rckopen.com\/wp-content\/uploads\/2023\/08\/Nep-powder-Europe.jpg\",\"width\":600,\"height\":600,\"caption\":\"Nep Poeder online kopen\"},{\"@type\":\"BreadcrumbList\",\"@id\":\"https:\/\/rckopen.com\/product\/kopen-nep-poeder\/#breadcrumb\",\"itemListElement\":[{\"@type\":\"ListItem\",\"position\":1,\"name\":\"Home\",\"item\":\"https:\/\/rckopen.com\/\"},{\"@type\":\"ListItem\",\"position\":2,\"name\":\"Shop\",\"item\":\"https:\/\/rckopen.com\/shop\/\"},{\"@type\":\"ListItem\",\"position\":3,\"name\":\"Nep poeder online kopen\"}]},{\"@type\":\"WebSite\",\"@id\":\"https:\/\/rckopen.com\/#website\",\"url\":\"https:\/\/rckopen.com\/\",\"name\":\"RC Kopen\",\"description\":\"Research Chemicals\",\"potentialAction\":[{\"@type\":\"SearchAction\",\"target\":{\"@type\":\"EntryPoint\",\"urlTemplate\":\"https:\/\/rckopen.com\/?s={search_term_string}\"},\"query-input\":{\"@type\":\"PropertyValueSpecification\",\"valueRequired\":true,\"valueName\":\"search_term_string\"}}],\"inLanguage\":\"de-CH\"}]}<\/script>\n<!-- \/ Yoast SEO plugin. -->","yoast_head_json":{"title":"Nep Poeder online kopen - Nep Poeder Europa te koop","description":"Als u Nep Poeder Europe online wilt kopen, kan onze online rc kopen-winkel u helpen. We hebben Nep Powder Europe hier te koop tegen de beste prijzen.","robots":{"index":"index","follow":"follow","max-snippet":"max-snippet:-1","max-image-preview":"max-image-preview:large","max-video-preview":"max-video-preview:-1"},"canonical":"https:\/\/rckopen.com\/de\/produkt\/falsches-pulver-kaufen\/","og_locale":"de_DE","og_type":"article","og_title":"Nep Poeder online kopen - Nep Poeder Europa te koop","og_description":"Als u Nep Poeder Europe online wilt kopen, kan onze online rc kopen-winkel u helpen. We hebben Nep Powder Europe hier te koop tegen de beste prijzen.","og_url":"https:\/\/rckopen.com\/de\/produkt\/falsches-pulver-kaufen\/","og_site_name":"RC Kopen","article_modified_time":"2025-02-04T05:41:31+00:00","og_image":[{"width":600,"height":600,"url":"https:\/\/rckopen.com\/wp-content\/uploads\/2023\/08\/Nep-powder-Europe.jpg","type":"image\/jpeg"}],"twitter_card":"summary_large_image","twitter_misc":{"Gesch\u00e4tzte Lesezeit":"4\u00a0Minuten"},"schema":{"@context":"https:\/\/schema.org","@graph":[{"@type":"WebPage","@id":"https:\/\/rckopen.com\/product\/kopen-nep-poeder\/","url":"https:\/\/rckopen.com\/product\/kopen-nep-poeder\/","name":"Nep Poeder online kopen - Nep Poeder Europa te koop","isPartOf":{"@id":"https:\/\/rckopen.com\/#website"},"primaryImageOfPage":{"@id":"https:\/\/rckopen.com\/product\/kopen-nep-poeder\/#primaryimage"},"image":{"@id":"https:\/\/rckopen.com\/product\/kopen-nep-poeder\/#primaryimage"},"thumbnailUrl":"https:\/\/rckopen.com\/wp-content\/uploads\/2023\/08\/Nep-powder-Europe.jpg","datePublished":"2023-08-15T08:18:48+00:00","dateModified":"2025-02-04T05:41:31+00:00","description":"Als u Nep Poeder Europe online wilt kopen, kan onze online rc kopen-winkel u helpen. We hebben Nep Powder Europe hier te koop tegen de beste prijzen.","breadcrumb":{"@id":"https:\/\/rckopen.com\/product\/kopen-nep-poeder\/#breadcrumb"},"inLanguage":"de-CH","potentialAction":[{"@type":"ReadAction","target":["https:\/\/rckopen.com\/product\/kopen-nep-poeder\/"]}]},{"@type":"ImageObject","inLanguage":"de-CH","@id":"https:\/\/rckopen.com\/product\/kopen-nep-poeder\/#primaryimage","url":"https:\/\/rckopen.com\/wp-content\/uploads\/2023\/08\/Nep-powder-Europe.jpg","contentUrl":"https:\/\/rckopen.com\/wp-content\/uploads\/2023\/08\/Nep-powder-Europe.jpg","width":600,"height":600,"caption":"Nep Poeder online kopen"},{"@type":"BreadcrumbList","@id":"https:\/\/rckopen.com\/product\/kopen-nep-poeder\/#breadcrumb","itemListElement":[{"@type":"ListItem","position":1,"name":"Home","item":"https:\/\/rckopen.com\/"},{"@type":"ListItem","position":2,"name":"Shop","item":"https:\/\/rckopen.com\/shop\/"},{"@type":"ListItem","position":3,"name":"Nep poeder online kopen"}]},{"@type":"WebSite","@id":"https:\/\/rckopen.com\/#website","url":"https:\/\/rckopen.com\/","name":"RC Kopen","description":"Research Chemicals","potentialAction":[{"@type":"SearchAction","target":{"@type":"EntryPoint","urlTemplate":"https:\/\/rckopen.com\/?s={search_term_string}"},"query-input":{"@type":"PropertyValueSpecification","valueRequired":true,"valueName":"search_term_string"}}],"inLanguage":"de-CH"}]}},"_links":{"self":[{"href":"https:\/\/rckopen.com\/de\/wp-json\/wp\/v2\/product\/6438","targetHints":{"allow":["GET"]}}],"collection":[{"href":"https:\/\/rckopen.com\/de\/wp-json\/wp\/v2\/product"}],"about":[{"href":"https:\/\/rckopen.com\/de\/wp-json\/wp\/v2\/types\/product"}],"replies":[{"embeddable":true,"href":"https:\/\/rckopen.com\/de\/wp-json\/wp\/v2\/comments?post=6438"}],"wp:featuredmedia":[{"embeddable":true,"href":"https:\/\/rckopen.com\/de\/wp-json\/wp\/v2\/media\/6458"}],"wp:attachment":[{"href":"https:\/\/rckopen.com\/de\/wp-json\/wp\/v2\/media?parent=6438"}],"wp:term":[{"taxonomy":"product_brand","embeddable":true,"href":"https:\/\/rckopen.com\/de\/wp-json\/wp\/v2\/product_brand?post=6438"},{"taxonomy":"product_cat","embeddable":true,"href":"https:\/\/rckopen.com\/de\/wp-json\/wp\/v2\/product_cat?post=6438"},{"taxonomy":"product_tag","embeddable":true,"href":"https:\/\/rckopen.com\/de\/wp-json\/wp\/v2\/product_tag?post=6438"}],"curies":[{"name":"wp","href":"https:\/\/api.w.org\/{rel}","templated":true}]}}