{"id":6439,"date":"2023-08-15T08:20:39","date_gmt":"2023-08-15T08:20:39","guid":{"rendered":"https:\/\/diligentplug.com\/chems\/?post_type=product&#038;p=6439"},"modified":"2025-02-04T05:12:59","modified_gmt":"2025-02-04T05:12:59","slug":"mephedrene-kopen","status":"publish","type":"product","link":"https:\/\/rckopen.com\/de\/produkt\/mephedren-kaufen\/","title":{"rendered":"Mephedren online kaufen"},"content":{"rendered":"<h1>5-MMPA (Mephedren) online kaufen<\/h1>\n<p>Mephedrene Buy, 5-MMPA (Mephedrene oder 5-Methylmethiopropamin) ist eine neue stimulierende Chemikalie, die zur Familie der Cathinone geh\u00f6rt. Es wurde noch nicht viel \u00fcber diese Chemikalie berichtet, da sie erst seit Juni 2020 auf dem Markt f\u00fcr Forschungschemikalien erh\u00e4ltlich ist! 5-MMPA kann mit Methiopropamin (MPA) und 4-FA (4-Fluoramphetamin) verglichen werden und ist auch ein Analogon von Mephedron (4MMC)<a href=\"https:\/\/safemedistore.com\/\">.<\/a><\/p>\n<p>M\u00f6chten Sie 5-MMPA (Mephedren) online kaufen? Dann suchen Sie nicht weiter als [Website], die f\u00fchrende Quelle f\u00fcr hochwertige Forschungschemikalien. Wir bieten 5-MMPA zum Verkauf an und k\u00f6nnen es an Kunden in der ganzen Welt liefern, darunter Kanada, Deutschland, Indonesien, Europa, Afrika, Israel, Russland, die Niederlande, die T\u00fcrkei, Thailand, Japan und viele andere L\u00e4nder.<\/p>\n<p>Wir von rckopen.com sind stolz darauf, unseren Kunden Produkte von h\u00f6chster Qualit\u00e4t anbieten zu k\u00f6nnen. Alle unsere Produkte werden sorgf\u00e4ltig auf Reinheit und Wirksamkeit getestet und wir arbeiten nur mit zuverl\u00e4ssigen Lieferanten zusammen, um sicherzustellen, dass unsere Kunden immer die bestm\u00f6glichen Produkte erhalten<a href=\"https:\/\/rckopen.com\/de\/produkt\/grunes-bali\/\">.<\/a><\/p>\n<p>Die Bestellung von 5-MMPA bei kansobiotech.com ist einfach und sicher. Wir akzeptieren verschiedene Zahlungsmethoden, einschlie\u00dflich Bitcoin, Bank\u00fcberweisungen Wir verstehen, dass unsere Kunden Wert auf Privatsph\u00e4re und Diskretion legen, weshalb wir sicherstellen, dass alle Bestellungen diskret verpackt und schnell versendet werden.<\/p>\n<p>Wenn Sie auf der Suche nach einer zuverl\u00e4ssigen Quelle f\u00fcr 5-MMPA sind, sind Sie bei kansobiotech.com genau richtig. Wir sind bestrebt, unseren Kunden die bestm\u00f6glichen Produkte und den bestm\u00f6glichen Service zu bieten, und wir sind sicher, dass Sie mit Ihrem Kauf zufrieden sein werden. Bestellen Sie noch heute und entdecken Sie den [website] Unterschied f\u00fcr sich selbst!<\/p>\n<p>rckopen.com bietet Produkte an, die nicht f\u00fcr den menschlichen Verzehr bestimmt sind. Der (unbeabsichtigte) Verzehr dieses Produkts kann schwerwiegende medizinische Folgen haben.<\/p>","protected":false},"excerpt":{"rendered":"<p><strong>IUPAC-Name: <\/strong>N-Methyl-1-(5-methylthiophen-2-yl)propan-2-amin<\/p>\n<p><strong>CAS # <\/strong>1340105-79-4<\/p>\n<p><strong>Anderer Name: <\/strong>5-MMPA<\/p>\n<p><strong>NMR-Analyse: <\/strong>C9H15NS<\/p>","protected":false},"featured_media":6459,"comment_status":"open","ping_status":"closed","template":"","meta":{"_joinchat":[]},"product_brand":[],"product_cat":[134],"product_tag":[],"class_list":{"0":"post-6439","1":"product","2":"type-product","3":"status-publish","4":"has-post-thumbnail","6":"product_cat-cathinon","8":"first","9":"instock","10":"shipping-taxable","11":"purchasable","12":"product-type-variable"},"yoast_head":"<!-- This site is optimized with the Yoast SEO plugin v26.3 - https:\/\/yoast.com\/wordpress\/plugins\/seo\/ -->\n<title>Mephedrene online Kopen - Mephedrene te koop | RC Kopen<\/title>\n<meta name=\"description\" content=\"Mephedrene Kopen, RC Kopen is een toonaangevende winkel waar u online wiet kunt kopen, Mephedrene online kunt kopen tegen de beste prijs.\" \/>\n<meta name=\"robots\" content=\"index, follow, max-snippet:-1, max-image-preview:large, max-video-preview:-1\" \/>\n<link rel=\"canonical\" href=\"https:\/\/rckopen.com\/de\/produkt\/mephedren-kaufen\/\" \/>\n<meta property=\"og:locale\" content=\"de_DE\" \/>\n<meta property=\"og:type\" content=\"article\" \/>\n<meta property=\"og:title\" content=\"Mephedrene online Kopen - Mephedrene te koop | RC Kopen\" \/>\n<meta property=\"og:description\" content=\"Mephedrene Kopen, RC Kopen is een toonaangevende winkel waar u online wiet kunt kopen, Mephedrene online kunt kopen tegen de beste prijs.\" \/>\n<meta property=\"og:url\" content=\"https:\/\/rckopen.com\/de\/produkt\/mephedren-kaufen\/\" \/>\n<meta property=\"og:site_name\" content=\"RC Kopen\" \/>\n<meta property=\"article:modified_time\" content=\"2025-02-04T05:12:59+00:00\" \/>\n<meta property=\"og:image\" content=\"https:\/\/rckopen.com\/wp-content\/uploads\/2023\/08\/Mephedrone.jpg\" \/>\n\t<meta property=\"og:image:width\" content=\"600\" \/>\n\t<meta property=\"og:image:height\" content=\"600\" \/>\n\t<meta property=\"og:image:type\" content=\"image\/jpeg\" \/>\n<meta name=\"twitter:card\" content=\"summary_large_image\" \/>\n<meta name=\"twitter:label1\" content=\"Gesch\u00e4tzte Lesezeit\" \/>\n\t<meta name=\"twitter:data1\" content=\"2\u00a0Minuten\" \/>\n<script type=\"application\/ld+json\" class=\"yoast-schema-graph\">{\"@context\":\"https:\/\/schema.org\",\"@graph\":[{\"@type\":\"WebPage\",\"@id\":\"https:\/\/rckopen.com\/product\/mephedrene-kopen\/\",\"url\":\"https:\/\/rckopen.com\/product\/mephedrene-kopen\/\",\"name\":\"Mephedrene online Kopen - Mephedrene te koop | RC Kopen\",\"isPartOf\":{\"@id\":\"https:\/\/rckopen.com\/#website\"},\"primaryImageOfPage\":{\"@id\":\"https:\/\/rckopen.com\/product\/mephedrene-kopen\/#primaryimage\"},\"image\":{\"@id\":\"https:\/\/rckopen.com\/product\/mephedrene-kopen\/#primaryimage\"},\"thumbnailUrl\":\"https:\/\/rckopen.com\/wp-content\/uploads\/2023\/08\/Mephedrone.jpg\",\"datePublished\":\"2023-08-15T08:20:39+00:00\",\"dateModified\":\"2025-02-04T05:12:59+00:00\",\"description\":\"Mephedrene Kopen, RC Kopen is een toonaangevende winkel waar u online wiet kunt kopen, Mephedrene online kunt kopen tegen de beste prijs.\",\"breadcrumb\":{\"@id\":\"https:\/\/rckopen.com\/product\/mephedrene-kopen\/#breadcrumb\"},\"inLanguage\":\"de-CH\",\"potentialAction\":[{\"@type\":\"ReadAction\",\"target\":[\"https:\/\/rckopen.com\/product\/mephedrene-kopen\/\"]}]},{\"@type\":\"ImageObject\",\"inLanguage\":\"de-CH\",\"@id\":\"https:\/\/rckopen.com\/product\/mephedrene-kopen\/#primaryimage\",\"url\":\"https:\/\/rckopen.com\/wp-content\/uploads\/2023\/08\/Mephedrone.jpg\",\"contentUrl\":\"https:\/\/rckopen.com\/wp-content\/uploads\/2023\/08\/Mephedrone.jpg\",\"width\":600,\"height\":600,\"caption\":\"Mephedrene online Kopen\"},{\"@type\":\"BreadcrumbList\",\"@id\":\"https:\/\/rckopen.com\/product\/mephedrene-kopen\/#breadcrumb\",\"itemListElement\":[{\"@type\":\"ListItem\",\"position\":1,\"name\":\"Home\",\"item\":\"https:\/\/rckopen.com\/\"},{\"@type\":\"ListItem\",\"position\":2,\"name\":\"Shop\",\"item\":\"https:\/\/rckopen.com\/shop\/\"},{\"@type\":\"ListItem\",\"position\":3,\"name\":\"Mephedrene online kopen\"}]},{\"@type\":\"WebSite\",\"@id\":\"https:\/\/rckopen.com\/#website\",\"url\":\"https:\/\/rckopen.com\/\",\"name\":\"RC Kopen\",\"description\":\"Research Chemicals\",\"potentialAction\":[{\"@type\":\"SearchAction\",\"target\":{\"@type\":\"EntryPoint\",\"urlTemplate\":\"https:\/\/rckopen.com\/?s={search_term_string}\"},\"query-input\":{\"@type\":\"PropertyValueSpecification\",\"valueRequired\":true,\"valueName\":\"search_term_string\"}}],\"inLanguage\":\"de-CH\"}]}<\/script>\n<!-- \/ Yoast SEO plugin. -->","yoast_head_json":{"title":"Mephedrene online Kopen - Mephedrene te koop | RC Kopen","description":"Mephedrene Kopen, RC Kopen is een toonaangevende winkel waar u online wiet kunt kopen, Mephedrene online kunt kopen tegen de beste prijs.","robots":{"index":"index","follow":"follow","max-snippet":"max-snippet:-1","max-image-preview":"max-image-preview:large","max-video-preview":"max-video-preview:-1"},"canonical":"https:\/\/rckopen.com\/de\/produkt\/mephedren-kaufen\/","og_locale":"de_DE","og_type":"article","og_title":"Mephedrene online Kopen - Mephedrene te koop | RC Kopen","og_description":"Mephedrene Kopen, RC Kopen is een toonaangevende winkel waar u online wiet kunt kopen, Mephedrene online kunt kopen tegen de beste prijs.","og_url":"https:\/\/rckopen.com\/de\/produkt\/mephedren-kaufen\/","og_site_name":"RC Kopen","article_modified_time":"2025-02-04T05:12:59+00:00","og_image":[{"width":600,"height":600,"url":"https:\/\/rckopen.com\/wp-content\/uploads\/2023\/08\/Mephedrone.jpg","type":"image\/jpeg"}],"twitter_card":"summary_large_image","twitter_misc":{"Gesch\u00e4tzte Lesezeit":"2\u00a0Minuten"},"schema":{"@context":"https:\/\/schema.org","@graph":[{"@type":"WebPage","@id":"https:\/\/rckopen.com\/product\/mephedrene-kopen\/","url":"https:\/\/rckopen.com\/product\/mephedrene-kopen\/","name":"Mephedrene online Kopen - Mephedrene te koop | RC Kopen","isPartOf":{"@id":"https:\/\/rckopen.com\/#website"},"primaryImageOfPage":{"@id":"https:\/\/rckopen.com\/product\/mephedrene-kopen\/#primaryimage"},"image":{"@id":"https:\/\/rckopen.com\/product\/mephedrene-kopen\/#primaryimage"},"thumbnailUrl":"https:\/\/rckopen.com\/wp-content\/uploads\/2023\/08\/Mephedrone.jpg","datePublished":"2023-08-15T08:20:39+00:00","dateModified":"2025-02-04T05:12:59+00:00","description":"Mephedrene Kopen, RC Kopen is een toonaangevende winkel waar u online wiet kunt kopen, Mephedrene online kunt kopen tegen de beste prijs.","breadcrumb":{"@id":"https:\/\/rckopen.com\/product\/mephedrene-kopen\/#breadcrumb"},"inLanguage":"de-CH","potentialAction":[{"@type":"ReadAction","target":["https:\/\/rckopen.com\/product\/mephedrene-kopen\/"]}]},{"@type":"ImageObject","inLanguage":"de-CH","@id":"https:\/\/rckopen.com\/product\/mephedrene-kopen\/#primaryimage","url":"https:\/\/rckopen.com\/wp-content\/uploads\/2023\/08\/Mephedrone.jpg","contentUrl":"https:\/\/rckopen.com\/wp-content\/uploads\/2023\/08\/Mephedrone.jpg","width":600,"height":600,"caption":"Mephedrene online Kopen"},{"@type":"BreadcrumbList","@id":"https:\/\/rckopen.com\/product\/mephedrene-kopen\/#breadcrumb","itemListElement":[{"@type":"ListItem","position":1,"name":"Home","item":"https:\/\/rckopen.com\/"},{"@type":"ListItem","position":2,"name":"Shop","item":"https:\/\/rckopen.com\/shop\/"},{"@type":"ListItem","position":3,"name":"Mephedrene online kopen"}]},{"@type":"WebSite","@id":"https:\/\/rckopen.com\/#website","url":"https:\/\/rckopen.com\/","name":"RC Kopen","description":"Research Chemicals","potentialAction":[{"@type":"SearchAction","target":{"@type":"EntryPoint","urlTemplate":"https:\/\/rckopen.com\/?s={search_term_string}"},"query-input":{"@type":"PropertyValueSpecification","valueRequired":true,"valueName":"search_term_string"}}],"inLanguage":"de-CH"}]}},"_links":{"self":[{"href":"https:\/\/rckopen.com\/de\/wp-json\/wp\/v2\/product\/6439","targetHints":{"allow":["GET"]}}],"collection":[{"href":"https:\/\/rckopen.com\/de\/wp-json\/wp\/v2\/product"}],"about":[{"href":"https:\/\/rckopen.com\/de\/wp-json\/wp\/v2\/types\/product"}],"replies":[{"embeddable":true,"href":"https:\/\/rckopen.com\/de\/wp-json\/wp\/v2\/comments?post=6439"}],"wp:featuredmedia":[{"embeddable":true,"href":"https:\/\/rckopen.com\/de\/wp-json\/wp\/v2\/media\/6459"}],"wp:attachment":[{"href":"https:\/\/rckopen.com\/de\/wp-json\/wp\/v2\/media?parent=6439"}],"wp:term":[{"taxonomy":"product_brand","embeddable":true,"href":"https:\/\/rckopen.com\/de\/wp-json\/wp\/v2\/product_brand?post=6439"},{"taxonomy":"product_cat","embeddable":true,"href":"https:\/\/rckopen.com\/de\/wp-json\/wp\/v2\/product_cat?post=6439"},{"taxonomy":"product_tag","embeddable":true,"href":"https:\/\/rckopen.com\/de\/wp-json\/wp\/v2\/product_tag?post=6439"}],"curies":[{"name":"wp","href":"https:\/\/api.w.org\/{rel}","templated":true}]}}