{"id":6440,"date":"2023-08-15T08:24:49","date_gmt":"2023-08-15T08:24:49","guid":{"rendered":"https:\/\/diligentplug.com\/chems\/?post_type=product&#038;p=6440"},"modified":"2025-02-04T04:26:11","modified_gmt":"2025-02-04T04:26:11","slug":"mdphp-freebase","status":"publish","type":"product","link":"https:\/\/rckopen.com\/de\/produkt\/mdphp-freebase\/","title":{"rendered":"MDPHP Freebase online kaufen"},"content":{"rendered":"<h2>Algemene informatie over MDPHP FREEBASE online kopen<\/h2>\n<p><a href=\"https:\/\/rckopen.com\/de\/produkt\/mdphp-freebase\/\">MDPHP Freebase online kaufen<\/a>, MDPHP Freebase ist eine Forschungschemikalie aus der Verbindungsklasse der Cathinone. In wissenschaftlichen Studien wird es h\u00e4ufig verwendet, um seine pharmakologischen Wirkungen und potenziellen Chemikalien zu untersuchen. MDPHP Freebase ist unter seinem vollst\u00e4ndigen chemischen Namen bekannt: 3\u2032,4\u2032-Methylenedioxy-\u03b1-pyrrolidinohexanophenone Freebase<a href=\"https:\/\/rckopen.com\/de\/produkt\/3-fpm-kugelchen-60mg\/\">.<\/a><\/p>\n<p>Es wird in der Regel in kleinen Mengen in Pulver- oder Kristallform verkauft und h\u00e4ufig von Forschern und Wissenschaftlern online gekauft.<\/p>\n<p>Van <a href=\"https:\/\/en.wikipedia.org\/wiki\/MDPHP\">MDPHP<\/a> Es ist bekannt, dass Freebase die gleiche Wirkung hat wie andere Cathinon-Derivate, beispielsweise Methcathinon und Mephedron.<\/p>\n<p>Bei der Handhabung und Verwendung von MDPHP Freebase in einer Laborumgebung sind strenge Sicherheitsma\u00dfnahmen erforderlich<a href=\"https:\/\/chemswell.com\/product\/pink-kenzo-tiger-230mg-mdma\/\">.<\/a><\/p>\n<h3>Chemische Zusammensetzung von MDPHP FREEBASE<\/h3>\n<p>MDPHP Freebase, auch bekannt als 3\u2032, 4\u2032-Methylendioxy-\u03b1-pyrrolidinohexanophenon Freebase, hat die folgende chemische Zusammensetzung:<\/p>\n<p>Chemische Formel: C17H23NO3<\/p>\n<p>Molekulargewicht: 289,4 g\/mol<\/p>\n<p>IUPAC-Bezeichnung: (RS)-1-(3, 4-Methylendioxyphenyl)-2-(1-pyrrolidinyl)-1-hexanon<\/p>\n<p>CAS-Nr.: 776994-64-0<\/p>\n<p>MDPHP Freebase ist eine synthetische Verbindung aus der Familie der Cathinone und ist strukturell mit anderen Cathinon-Derivaten wie Methcathinon und Mephedron verwandt. Es enth\u00e4lt einen Phenylring mit einer Methylendioxygruppe und einen Pyrrolidinring an der Kohlenstoffkette.<\/p>\n<p>Als Forschungschemikalie ist die Pharmakologie von MDPHP Freebase nicht umfassend untersucht worden; es handelt sich um eine synthetische Cathinonverbindung, die strukturell mit anderen Cathinonderivaten wie Methcathinon und Mephedron verwandt ist.<\/p>\n<h3>Hochwertiges MDPHP FREEBASE online kaufen<\/h3>\n<p>RC Kopen verf\u00fcgt \u00fcber eine langj\u00e4hrige Erfahrung in der Entwicklung von Forschungschemikalien, die es uns erm\u00f6glicht, die h\u00f6chste Qualit\u00e4t dieser Forschungschemikalien zu garantieren. Der Kauf von MDPHP FREEBASE ist einfach und von h\u00f6chster Qualit\u00e4t. Die Kosten von MDPHP FREEBASE sind relativ niedrig im Vergleich zu anderen Unternehmen. Forschungschemikalien, einschlie\u00dflich MDPHP FREEBASE, erf\u00fcllen alle Sicherheitsanforderungen. Forschungschemikalien werden sorgf\u00e4ltig verteilt und an einem k\u00fchlen, trockenen Ort gelagert.<\/p>\n<p>Alle Produkte werden regelm\u00e4\u00dfig auf Qualit\u00e4t, Reinheit und Sicherheit gepr\u00fcft. Lagern Sie MDPHP FREEBASE immer bei Raumtemperatur und au\u00dferhalb der Reichweite von Kindern und Haustieren. Unsere MDPHP FREEBASE ist nicht f\u00fcr den pers\u00f6nlichen Gebrauch bestimmt. Es ist nur f\u00fcr Forschungszwecke bestimmt.<\/p>\n<p>Unsere Produkte haben einen fairen Preis, und Sie k\u00f6nnen MDPHP FREEBASE online zu sehr niedrigen Preisen kaufen.<\/p>\n<h3>Laborgepr\u00fcfte MDPHP FREEBASE mit Ergebnissen.<\/h3>\n<p>Remakes setzt sich f\u00fcr die allgemeine Zufriedenheit seiner Kunden ein. Mehrere Umfragen haben gezeigt, dass die Kunden vor dem Kauf von synthetischen Forschungschemikalien so viele Daten wie m\u00f6glich verlangen. Au\u00dferdem ver\u00f6ffentlichen wir alle Laborergebnisse zu jeder Forschungsverbindung in einer PDF-Datei.<\/p>\n<p>Unser MDPHP FREEBASE-Pulver erf\u00fcllt durchweg die Anforderungen an die Wirkstoffe und ist f\u00fcr alle sichtbar.<\/p>\n<p>Wir verteilen alle Laborergebnisse zu jeder Forschungschemikalie auf einem PDF-Dokument.<\/p>\n<h3>Sichere Bestellung bei MDPHP FREEBASE.<\/h3>\n<p><a href=\"https:\/\/rckopen.com\/de\/\">RCKopen<\/a> Designer-Forschungschemikalien sind von ausgezeichneter Qualit\u00e4t und haben einen fairen Preis. Wenn Sie Ihre Forschungschemikalien bei rckopen.com anfordern, garantieren wir Ihnen daher, dass wir Ihre Bestellung schnell und sicher bis an Ihre Haust\u00fcr liefern, da Forschungschemikalien bei rckopen.com immer verkauft werden. Kaufen Sie MDPHP Freebase online.<\/p>\n<p>Die Bestellung von synthetischen Forschungschemikalien mit Bitcoin oder Bank\u00fcberweisung ist bei RC Kopen ganz einfach.<\/p>\n<p>Wir versenden das Pulver f\u00fcr Forschungschemikalien noch am selben Werktag, wenn die Zahlung bis 15.00 Uhr MESZ eingegangen ist.<\/p>\n<p>Wir liefern keine Artikel an Personen unter 18 Jahren!<\/p>\n<p>Verkauf von Chemikalien nur zu Forschungszwecken.<\/p>\n<p>Diskreter Versand von Forschungschemikalien.<\/p>\n<p>RC Buy wird Ihre Bestellung sicher verpacken, um einen ordnungsgem\u00e4\u00dfen Transport zu gew\u00e4hrleisten. Dar\u00fcber hinaus verpacken wir mit perfekter Tarnung, und kein Zeichen von dem, was drin sein k\u00f6nnte, wird auf der Au\u00dfenseite zeigen.<\/p>","protected":false},"excerpt":{"rendered":"<p><strong>IUPAC-Name<\/strong>3\u2032,4\u2032-Methylendioxy-\u03b1-pyrrolidinohexiophenon<\/p>\n<p><strong>CAS #<\/strong> 776994-64-0<\/p>\n<p><strong>Erscheinungsbild:<\/strong> Pulver<\/p>\n<p><strong>Die Form:<\/strong> freebase<\/p>\n<p><strong>NMR-Analyse:<\/strong> C17H23NO3 SOCKEL FREI<\/p>","protected":false},"featured_media":6460,"comment_status":"open","ping_status":"closed","template":"","meta":{"_joinchat":[]},"product_brand":[],"product_cat":[134],"product_tag":[],"class_list":{"0":"post-6440","1":"product","2":"type-product","3":"status-publish","4":"has-post-thumbnail","6":"product_cat-cathinon","8":"first","9":"instock","10":"shipping-taxable","11":"purchasable","12":"product-type-variable"},"yoast_head":"<!-- This site is optimized with the Yoast SEO plugin v26.3 - https:\/\/yoast.com\/wordpress\/plugins\/seo\/ -->\n<title>MDPHP Freebase online kopen - MDPHP Freebase te koop<\/title>\n<meta name=\"description\" content=\"MDPHP Freebase te koop. Onze online Rc Kopen-winkel verkoopt MDPHP Freebase online kopen wereldwijd. Bestel binnenkort om 4F-PIHP online te kopen.\" \/>\n<meta name=\"robots\" content=\"index, follow, max-snippet:-1, max-image-preview:large, max-video-preview:-1\" \/>\n<link rel=\"canonical\" href=\"https:\/\/rckopen.com\/de\/produkt\/mdphp-freebase\/\" \/>\n<meta property=\"og:locale\" content=\"de_DE\" \/>\n<meta property=\"og:type\" content=\"article\" \/>\n<meta property=\"og:title\" content=\"MDPHP Freebase online kopen - MDPHP Freebase te koop\" \/>\n<meta property=\"og:description\" content=\"MDPHP Freebase te koop. Onze online Rc Kopen-winkel verkoopt MDPHP Freebase online kopen wereldwijd. Bestel binnenkort om 4F-PIHP online te kopen.\" \/>\n<meta property=\"og:url\" content=\"https:\/\/rckopen.com\/de\/produkt\/mdphp-freebase\/\" \/>\n<meta property=\"og:site_name\" content=\"RC Kopen\" \/>\n<meta property=\"article:modified_time\" content=\"2025-02-04T04:26:11+00:00\" \/>\n<meta property=\"og:image\" content=\"https:\/\/rckopen.com\/wp-content\/uploads\/2023\/08\/MDPHP-freebase.jpg\" \/>\n\t<meta property=\"og:image:width\" content=\"600\" \/>\n\t<meta property=\"og:image:height\" content=\"600\" \/>\n\t<meta property=\"og:image:type\" content=\"image\/jpeg\" \/>\n<meta name=\"twitter:card\" content=\"summary_large_image\" \/>\n<meta name=\"twitter:label1\" content=\"Gesch\u00e4tzte Lesezeit\" \/>\n\t<meta name=\"twitter:data1\" content=\"3\u00a0Minuten\" \/>\n<script type=\"application\/ld+json\" class=\"yoast-schema-graph\">{\"@context\":\"https:\/\/schema.org\",\"@graph\":[{\"@type\":\"WebPage\",\"@id\":\"https:\/\/rckopen.com\/product\/mdphp-freebase\/\",\"url\":\"https:\/\/rckopen.com\/product\/mdphp-freebase\/\",\"name\":\"MDPHP Freebase online kopen - MDPHP Freebase te koop\",\"isPartOf\":{\"@id\":\"https:\/\/rckopen.com\/#website\"},\"primaryImageOfPage\":{\"@id\":\"https:\/\/rckopen.com\/product\/mdphp-freebase\/#primaryimage\"},\"image\":{\"@id\":\"https:\/\/rckopen.com\/product\/mdphp-freebase\/#primaryimage\"},\"thumbnailUrl\":\"https:\/\/rckopen.com\/wp-content\/uploads\/2023\/08\/MDPHP-freebase.jpg\",\"datePublished\":\"2023-08-15T08:24:49+00:00\",\"dateModified\":\"2025-02-04T04:26:11+00:00\",\"description\":\"MDPHP Freebase te koop. Onze online Rc Kopen-winkel verkoopt MDPHP Freebase online kopen wereldwijd. Bestel binnenkort om 4F-PIHP online te kopen.\",\"breadcrumb\":{\"@id\":\"https:\/\/rckopen.com\/product\/mdphp-freebase\/#breadcrumb\"},\"inLanguage\":\"de-CH\",\"potentialAction\":[{\"@type\":\"ReadAction\",\"target\":[\"https:\/\/rckopen.com\/product\/mdphp-freebase\/\"]}]},{\"@type\":\"ImageObject\",\"inLanguage\":\"de-CH\",\"@id\":\"https:\/\/rckopen.com\/product\/mdphp-freebase\/#primaryimage\",\"url\":\"https:\/\/rckopen.com\/wp-content\/uploads\/2023\/08\/MDPHP-freebase.jpg\",\"contentUrl\":\"https:\/\/rckopen.com\/wp-content\/uploads\/2023\/08\/MDPHP-freebase.jpg\",\"width\":600,\"height\":600,\"caption\":\"MDPHP-freebase online kopen\"},{\"@type\":\"BreadcrumbList\",\"@id\":\"https:\/\/rckopen.com\/product\/mdphp-freebase\/#breadcrumb\",\"itemListElement\":[{\"@type\":\"ListItem\",\"position\":1,\"name\":\"Home\",\"item\":\"https:\/\/rckopen.com\/\"},{\"@type\":\"ListItem\",\"position\":2,\"name\":\"Shop\",\"item\":\"https:\/\/rckopen.com\/shop\/\"},{\"@type\":\"ListItem\",\"position\":3,\"name\":\"MDPHP freebase online kopen\"}]},{\"@type\":\"WebSite\",\"@id\":\"https:\/\/rckopen.com\/#website\",\"url\":\"https:\/\/rckopen.com\/\",\"name\":\"RC Kopen\",\"description\":\"Research Chemicals\",\"potentialAction\":[{\"@type\":\"SearchAction\",\"target\":{\"@type\":\"EntryPoint\",\"urlTemplate\":\"https:\/\/rckopen.com\/?s={search_term_string}\"},\"query-input\":{\"@type\":\"PropertyValueSpecification\",\"valueRequired\":true,\"valueName\":\"search_term_string\"}}],\"inLanguage\":\"de-CH\"}]}<\/script>\n<!-- \/ Yoast SEO plugin. -->","yoast_head_json":{"title":"MDPHP Freebase online kopen - MDPHP Freebase te koop","description":"MDPHP Freebase te koop. Onze online Rc Kopen-winkel verkoopt MDPHP Freebase online kopen wereldwijd. Bestel binnenkort om 4F-PIHP online te kopen.","robots":{"index":"index","follow":"follow","max-snippet":"max-snippet:-1","max-image-preview":"max-image-preview:large","max-video-preview":"max-video-preview:-1"},"canonical":"https:\/\/rckopen.com\/de\/produkt\/mdphp-freebase\/","og_locale":"de_DE","og_type":"article","og_title":"MDPHP Freebase online kopen - MDPHP Freebase te koop","og_description":"MDPHP Freebase te koop. Onze online Rc Kopen-winkel verkoopt MDPHP Freebase online kopen wereldwijd. Bestel binnenkort om 4F-PIHP online te kopen.","og_url":"https:\/\/rckopen.com\/de\/produkt\/mdphp-freebase\/","og_site_name":"RC Kopen","article_modified_time":"2025-02-04T04:26:11+00:00","og_image":[{"width":600,"height":600,"url":"https:\/\/rckopen.com\/wp-content\/uploads\/2023\/08\/MDPHP-freebase.jpg","type":"image\/jpeg"}],"twitter_card":"summary_large_image","twitter_misc":{"Gesch\u00e4tzte Lesezeit":"3\u00a0Minuten"},"schema":{"@context":"https:\/\/schema.org","@graph":[{"@type":"WebPage","@id":"https:\/\/rckopen.com\/product\/mdphp-freebase\/","url":"https:\/\/rckopen.com\/product\/mdphp-freebase\/","name":"MDPHP Freebase online kopen - MDPHP Freebase te koop","isPartOf":{"@id":"https:\/\/rckopen.com\/#website"},"primaryImageOfPage":{"@id":"https:\/\/rckopen.com\/product\/mdphp-freebase\/#primaryimage"},"image":{"@id":"https:\/\/rckopen.com\/product\/mdphp-freebase\/#primaryimage"},"thumbnailUrl":"https:\/\/rckopen.com\/wp-content\/uploads\/2023\/08\/MDPHP-freebase.jpg","datePublished":"2023-08-15T08:24:49+00:00","dateModified":"2025-02-04T04:26:11+00:00","description":"MDPHP Freebase te koop. Onze online Rc Kopen-winkel verkoopt MDPHP Freebase online kopen wereldwijd. Bestel binnenkort om 4F-PIHP online te kopen.","breadcrumb":{"@id":"https:\/\/rckopen.com\/product\/mdphp-freebase\/#breadcrumb"},"inLanguage":"de-CH","potentialAction":[{"@type":"ReadAction","target":["https:\/\/rckopen.com\/product\/mdphp-freebase\/"]}]},{"@type":"ImageObject","inLanguage":"de-CH","@id":"https:\/\/rckopen.com\/product\/mdphp-freebase\/#primaryimage","url":"https:\/\/rckopen.com\/wp-content\/uploads\/2023\/08\/MDPHP-freebase.jpg","contentUrl":"https:\/\/rckopen.com\/wp-content\/uploads\/2023\/08\/MDPHP-freebase.jpg","width":600,"height":600,"caption":"MDPHP-freebase online kopen"},{"@type":"BreadcrumbList","@id":"https:\/\/rckopen.com\/product\/mdphp-freebase\/#breadcrumb","itemListElement":[{"@type":"ListItem","position":1,"name":"Home","item":"https:\/\/rckopen.com\/"},{"@type":"ListItem","position":2,"name":"Shop","item":"https:\/\/rckopen.com\/shop\/"},{"@type":"ListItem","position":3,"name":"MDPHP freebase online kopen"}]},{"@type":"WebSite","@id":"https:\/\/rckopen.com\/#website","url":"https:\/\/rckopen.com\/","name":"RC Kopen","description":"Research Chemicals","potentialAction":[{"@type":"SearchAction","target":{"@type":"EntryPoint","urlTemplate":"https:\/\/rckopen.com\/?s={search_term_string}"},"query-input":{"@type":"PropertyValueSpecification","valueRequired":true,"valueName":"search_term_string"}}],"inLanguage":"de-CH"}]}},"_links":{"self":[{"href":"https:\/\/rckopen.com\/de\/wp-json\/wp\/v2\/product\/6440","targetHints":{"allow":["GET"]}}],"collection":[{"href":"https:\/\/rckopen.com\/de\/wp-json\/wp\/v2\/product"}],"about":[{"href":"https:\/\/rckopen.com\/de\/wp-json\/wp\/v2\/types\/product"}],"replies":[{"embeddable":true,"href":"https:\/\/rckopen.com\/de\/wp-json\/wp\/v2\/comments?post=6440"}],"wp:featuredmedia":[{"embeddable":true,"href":"https:\/\/rckopen.com\/de\/wp-json\/wp\/v2\/media\/6460"}],"wp:attachment":[{"href":"https:\/\/rckopen.com\/de\/wp-json\/wp\/v2\/media?parent=6440"}],"wp:term":[{"taxonomy":"product_brand","embeddable":true,"href":"https:\/\/rckopen.com\/de\/wp-json\/wp\/v2\/product_brand?post=6440"},{"taxonomy":"product_cat","embeddable":true,"href":"https:\/\/rckopen.com\/de\/wp-json\/wp\/v2\/product_cat?post=6440"},{"taxonomy":"product_tag","embeddable":true,"href":"https:\/\/rckopen.com\/de\/wp-json\/wp\/v2\/product_tag?post=6440"}],"curies":[{"name":"wp","href":"https:\/\/api.w.org\/{rel}","templated":true}]}}