{"id":6444,"date":"2023-08-15T08:36:48","date_gmt":"2023-08-15T08:36:48","guid":{"rendered":"https:\/\/diligentplug.com\/chems\/?post_type=product&#038;p=6444"},"modified":"2025-02-03T05:21:26","modified_gmt":"2025-02-03T05:21:26","slug":"a-pihp-crystals","status":"publish","type":"product","link":"https:\/\/rckopen.com\/de\/produkt\/a-pihp-kristalle\/","title":{"rendered":"A-PiHP-Kristalle online kaufen"},"content":{"rendered":"<h2>rckopen.com bietet Produkte an, die nicht f\u00fcr den menschlichen Verzehr bestimmt sind.<br \/>\nAlgemene informatie over A-PiHP\u00a0 kristallen<\/h2>\n<p><a href=\"https:\/\/rckopen.com\/de\/produkt\/a-pihp-kristalle\/\">A-Pihp-Kristall online kaufen<\/a>A-PiHP ist eine stimulierende Verbindung, die zur chemischen Gruppe der Cathinone und Pyrovalerone geh\u00f6rt und Ende 2015 entwickelt wurde. Es ist das Ergebnis des Verst\u00e4ndnisses der quantitativen Struktur-Aktivit\u00e4ts-Beziehung der Pyrovaleron- und Cathinon-Derivate, bekannt als NDRI (Noradrenalin-Dopamin-Wiederaufnahmehemmer).<a href=\"https:\/\/rckopen.com\/de\/produkt\/2-methyl-ap-237-20mg-pellets\/\">.<\/a><\/p>\n<p>Diesmal hat unsere Gruppe eine sehr spezifische Verbindung hergestellt, die den Dopamin-Transporter viel st\u00e4rker einschr\u00e4nkt und unterdr\u00fcckt als den Noradrenalin-Transporter. Es handelte sich um dieselbe partiell abh\u00e4ngige Chemikalie, die eine gro\u00dfe Bandbreite an Wirkungen haben kann. Es ist auch m\u00f6glich, dass diese Substanz eine geringe Vorliebe f\u00fcr den Serotonin-Transporter hat; aber wer kann bei den Mengen, die f\u00fcr eine erfolgreiche Exploration erwartet werden, auf diese Wirkung verzichten?<\/p>\n<p>Angenommen, Sie \u00fcberlegen noch, ob Sie diese Chemikalie kaufen sollen, hier sind Daten, die Sie vielleicht \u00fcberzeugen werden<a href=\"https:\/\/chemswell.com\/product-category\/crystal-meth\/\">.<\/a><\/p>\n<p>\u0391-PiHP ist ein vollst\u00e4ndiger Ersatz f\u00fcr \u03b1-PVP und Pentedrone und zeigt laut Strukturstudien \u00e4hnliche und \u00fcberraschenderweise st\u00e4rkere Wirkungen. F\u00fcr einen erfolgreichen Test sind nur 5 mg a-PiHP erforderlich; Allerdings wird es in der Regel sicher auf die extremsten 25 mg beim ersten Labortest erweitert <a href=\"https:\/\/en.wikipedia.org\/wiki\/%CE%91-PHiP\">\u00a0A-Pihp<\/a> Kristall online kaufen.<\/p>\n<p>Die Dauer der chemischen Reaktion im Forschungszentrum beginnt bei 20 Sekunden bis 5 Minuten (je nach verwendeter Laborausr\u00fcstung), wobei die Gesamtergebnisse nach 15 Minuten vorliegen und mehr als anderthalb Stunden lang stabil bleiben.<\/p>\n<h3>Chemische Zusammensetzung von A-PiHP-Kristallen<\/h3>\n<p>\u0391-PiHP-Kristalle, oder \u03b1-Pyrrolidinohexanophenon, ist eine Verbindung der chemischen Klassen der substituierten Cathinone und der substituierten Pyrrolidine. Das Design umfasst Hexanal, das an einer Position an einen Phenylring und an den beiden Positionen an den Stickstoff eines Pyrrolidinrings gebunden ist.<\/p>\n<p>\u0391-PHP ist das Homologe mit einer l\u00e4ngeren Kette von \u03b1-PVP, mit zus\u00e4tzlichem Kohlenstoff an der Alkylseitenkette. Die chemische Gleichung lautet C16H23NO und die molare Masse betr\u00e4gt 245,366 g-mol-1.<\/p>\n<h3>Pharmakologie A-PiHP-Kristalle<\/h3>\n<p>Der Wirkmechanismus von \u03b1-PHP ist unklar. Abgesehen von einer deutlich k\u00fcrzeren Wirkdauer ist es plausibel, dass es \u00e4hnlich wie die Designer-Forschungschemikalien Pentedron und \u03b1-PVP wirkt, beides starke Noradrenalin-Dopamin-Wiederaufnahmehemmer (NDRI). Die Pharmakologie dieser Verbindung ist jedoch noch nicht in nennenswertem Umfang erforscht worden.<\/p>\n<p>Es deutet darauf hin, dass es den Spiegel der Neurotransmitter Noradrenalin und Dopamin im Gehirn erh\u00f6hen k\u00f6nnte, indem es die Transportproteine, die diese Monoamine normalerweise aus dem synaptischen Spalt entfernen, einschr\u00e4nkt und in gewissem Ma\u00dfe behindert. Dadurch k\u00f6nnen sich Dopamin und Noradrenalin im Kleinhirn anreichern und stimulierende und euphorisierende Wirkungen entfalten.<\/p>\n<h3>Kaufen Sie hochwertige A-PiHP-Kristalle<\/h3>\n<p><a href=\"https:\/\/rckopen.com\/de\/\">RC Kopen<\/a> verf\u00fcgt \u00fcber langj\u00e4hrige Erfahrung in der Entwicklung von Forschungschemikalien und kann daher die h\u00f6chste Qualit\u00e4t dieser Forschungschemikalien garantieren. Das Research Chemical-Team verkauft A-PiHP-Kristalle. Forschungschemikalien, einschlie\u00dflich A-PiHP-Kristalle, erf\u00fcllen alle Sicherheitsanforderungen. Forschungschemikalien werden sorgf\u00e4ltig verteilt und an einem k\u00fchlen, trockenen Ort gelagert.<\/p>\n<p>Alle Produkte werden regelm\u00e4\u00dfig auf Qualit\u00e4t, Reinheit und Sicherheit gepr\u00fcft. Lagern Sie A-PiHP-Kristalle immer bei Raumtemperatur und au\u00dferhalb der Reichweite von Kindern und Haustieren. Unsere A-PiHP-Kristalle sind nicht f\u00fcr den pers\u00f6nlichen Gebrauch bestimmt. Sie sind nur f\u00fcr Forschungszwecke bestimmt.<\/p>\n<p>Bei der Untersuchung dieser Chemikalie sollte sie nicht mit Alkohol oder Forschungschemikalien gemischt werden!<\/p>\n<p>Alle unsere Produkte haben einen fairen Preis!<\/p>\n<h3>Im Labor getestete A-PiHP-Kristalle mit Ergebnissen.<\/h3>\n<p>Remakes setzt sich f\u00fcr die allgemeine Zufriedenheit seiner Kunden ein. Mehrere Studien haben gezeigt, dass Kunden vor dem Kauf von synthetischen Forschungschemikalien so viele Daten wie m\u00f6glich verlangen. Dar\u00fcber hinaus ver\u00f6ffentlichen wir alle Laborergebnisse zu jeder Forschungsverbindung in einer PDF-Datei.<\/p>\n<p>Unsere A-PiHP-Kristalle entsprechen durchweg den Wirkstoffen und sind f\u00fcr jeden sofort sichtbar.<\/p>\n<p>Wir ver\u00f6ffentlichen alle Laborergebnisse zu jeder Forschungschemikalie in einem PDF-Dokument.<\/p>\n<h3>Sichere Bestellung von A-PiHP-Kristallen.<\/h3>\n<p>RC Kopen Designer Forschungschemikalien sind von ausgezeichneter Qualit\u00e4t und haben einen fairen Preis. Wenn Sie also Ihre Forschungschemikalien bei RC Kopen anfordern, garantieren wir Ihnen, dass wir Ihre Anfrage schnell und sicher zu Ihnen nach Hause liefern, denn der Verkauf von Forschungschemikalien ist bei RC Kopen immer verf\u00fcgbar.<\/p>\n<p>Die Bestellung von synthetischen Forschungschemikalien mit Bitcoin oder Bank\u00fcberweisung ist bei RC Kopen ganz einfach.<\/p>\n<p>Wir versenden das Pulver f\u00fcr Forschungschemikalien noch am selben Werktag, wenn die Zahlung bis 15.00 Uhr MESZ eingegangen ist.<\/p>\n<p>Wir liefern keine Artikel an Personen unter 18 Jahren!<\/p>\n<p>Verkauf von Chemikalien nur zu Forschungszwecken.<\/p>\n<h3>Diskreter Versand von Forschungschemikalien.<\/h3>\n<p>RC Buy verpackt Ihre Bestellung sicher und gesch\u00fctzt, um einen ordnungsgem\u00e4\u00dfen Transport zu gew\u00e4hrleisten. Dar\u00fcber hinaus verpacken wir mit perfekter Tarnung, und kein Zeichen von dem, was drin sein k\u00f6nnte, wird auf der Au\u00dfenseite zeigen.<\/p>\n<h3>Vorsichtsma\u00dfnahmen<\/h3>\n<ul>\n<li>Kaufen Sie A-PiHP-Kristalle und die entsprechende pers\u00f6nliche Schutzausr\u00fcstung wie Schutzbrille und Handschuhe. Reinigen und pflegen Sie sie ordnungsgem\u00e4\u00df. Befolgen Sie beim Umgang mit Chemikalien f\u00fcr Forschungszwecke die Sicherheitsvorschriften und nehmen Sie keine Abk\u00fcrzungen.<\/li>\n<li>Wenn die Chemikalie aus der Studie mit den Augen in Ber\u00fchrung kommt, sp\u00fclen Sie sie gut aus und nehmen Sie die Kontaktlinsen heraus, wenn dies unbedingt erforderlich ist.<\/li>\n<li>Versuchen Sie, bei der Verwendung dieser Chemikalien eine Maske zu tragen, damit sie nicht in den K\u00f6rper eindringen k\u00f6nnen, w\u00e4hrend Sie atmen.<\/li>\n<li>Wie die unterst\u00fctzten Methoden zeigen, sollten Sie Gefahrstoffe sicher handhaben, lagern und entsorgen. Gie\u00dfen Sie sie niemals in die Kanalisation oder in Kan\u00e4le Buy A-Pihp Crystal .<\/li>\n<li>Lagern Sie Forschungschemikalien entsprechend ihrer Bezeichnung. Entflammbare Chemikalien sollten in ausgezeichnetem, trockenem Cannabis gelagert werden, fern von Intensit\u00e4t und Tageslicht. Einige synthetische Stoffe, wie S\u00e4uren, sollten getrennt gelagert werden.<\/li>\n<li>RC Buy wird zu Forschungszwecken angeboten; der Verzehr ist streng verboten.<\/li>\n<\/ul>","protected":false},"excerpt":{"rendered":"<p><strong>IUPAC-Name<\/strong>4-Methyl-1-phenyl-2-(pyrrolidin-1-yl)pentan-1-on<\/p>\n<p>CAS # 2181620-71-1<\/p>\n<p><strong>Erscheinungsbild<\/strong>Off-wei\u00dfe Kristalle<\/p>\n<p><strong>NMR-Analyse:<\/strong> C16H23NO<\/p>","protected":false},"featured_media":6464,"comment_status":"open","ping_status":"closed","template":"","meta":{"_joinchat":[]},"product_brand":[],"product_cat":[134],"product_tag":[],"class_list":{"0":"post-6444","1":"product","2":"type-product","3":"status-publish","4":"has-post-thumbnail","6":"product_cat-cathinon","8":"first","9":"instock","10":"shipping-taxable","11":"purchasable","12":"product-type-variable"},"yoast_head":"<!-- This site is optimized with the Yoast SEO plugin v26.3 - https:\/\/yoast.com\/wordpress\/plugins\/seo\/ -->\n<title>A-Pihp Crystal online kopen - A-PCYP te koop - RCKOPEN<\/title>\n<meta name=\"description\" content=\"A-Pihp Crystal online te kopen bij onze Rckopen. Wij hebben uitsluitend te maken met A-Pihp Crystal te koop tegen goedkope tarieven. Koop A-Pihp Crystal .\" \/>\n<meta name=\"robots\" content=\"index, follow, max-snippet:-1, max-image-preview:large, max-video-preview:-1\" \/>\n<link rel=\"canonical\" href=\"https:\/\/rckopen.com\/de\/produkt\/a-pihp-kristalle\/\" \/>\n<meta property=\"og:locale\" content=\"de_DE\" \/>\n<meta property=\"og:type\" content=\"article\" \/>\n<meta property=\"og:title\" content=\"A-Pihp Crystal online kopen - A-PCYP te koop - RCKOPEN\" \/>\n<meta property=\"og:description\" content=\"A-Pihp Crystal online te kopen bij onze Rckopen. Wij hebben uitsluitend te maken met A-Pihp Crystal te koop tegen goedkope tarieven. Koop A-Pihp Crystal .\" \/>\n<meta property=\"og:url\" content=\"https:\/\/rckopen.com\/de\/produkt\/a-pihp-kristalle\/\" \/>\n<meta property=\"og:site_name\" content=\"RC Kopen\" \/>\n<meta property=\"article:modified_time\" content=\"2025-02-03T05:21:26+00:00\" \/>\n<meta property=\"og:image\" content=\"https:\/\/rckopen.com\/wp-content\/uploads\/2023\/08\/A-PiHP-crystals.jpg\" \/>\n\t<meta property=\"og:image:width\" content=\"600\" \/>\n\t<meta property=\"og:image:height\" content=\"600\" \/>\n\t<meta property=\"og:image:type\" content=\"image\/jpeg\" \/>\n<meta name=\"twitter:card\" content=\"summary_large_image\" \/>\n<meta name=\"twitter:label1\" content=\"Gesch\u00e4tzte Lesezeit\" \/>\n\t<meta name=\"twitter:data1\" content=\"5\u00a0Minuten\" \/>\n<script type=\"application\/ld+json\" class=\"yoast-schema-graph\">{\"@context\":\"https:\/\/schema.org\",\"@graph\":[{\"@type\":\"WebPage\",\"@id\":\"https:\/\/rckopen.com\/product\/a-pihp-crystals\/\",\"url\":\"https:\/\/rckopen.com\/product\/a-pihp-crystals\/\",\"name\":\"A-Pihp Crystal online kopen - A-PCYP te koop - RCKOPEN\",\"isPartOf\":{\"@id\":\"https:\/\/rckopen.com\/#website\"},\"primaryImageOfPage\":{\"@id\":\"https:\/\/rckopen.com\/product\/a-pihp-crystals\/#primaryimage\"},\"image\":{\"@id\":\"https:\/\/rckopen.com\/product\/a-pihp-crystals\/#primaryimage\"},\"thumbnailUrl\":\"https:\/\/rckopen.com\/wp-content\/uploads\/2023\/08\/A-PiHP-crystals.jpg\",\"datePublished\":\"2023-08-15T08:36:48+00:00\",\"dateModified\":\"2025-02-03T05:21:26+00:00\",\"description\":\"A-Pihp Crystal online te kopen bij onze Rckopen. Wij hebben uitsluitend te maken met A-Pihp Crystal te koop tegen goedkope tarieven. Koop A-Pihp Crystal .\",\"breadcrumb\":{\"@id\":\"https:\/\/rckopen.com\/product\/a-pihp-crystals\/#breadcrumb\"},\"inLanguage\":\"de-CH\",\"potentialAction\":[{\"@type\":\"ReadAction\",\"target\":[\"https:\/\/rckopen.com\/product\/a-pihp-crystals\/\"]}]},{\"@type\":\"ImageObject\",\"inLanguage\":\"de-CH\",\"@id\":\"https:\/\/rckopen.com\/product\/a-pihp-crystals\/#primaryimage\",\"url\":\"https:\/\/rckopen.com\/wp-content\/uploads\/2023\/08\/A-PiHP-crystals.jpg\",\"contentUrl\":\"https:\/\/rckopen.com\/wp-content\/uploads\/2023\/08\/A-PiHP-crystals.jpg\",\"width\":600,\"height\":600,\"caption\":\"A-Pihp Crystal online kopen\"},{\"@type\":\"BreadcrumbList\",\"@id\":\"https:\/\/rckopen.com\/product\/a-pihp-crystals\/#breadcrumb\",\"itemListElement\":[{\"@type\":\"ListItem\",\"position\":1,\"name\":\"Home\",\"item\":\"https:\/\/rckopen.com\/\"},{\"@type\":\"ListItem\",\"position\":2,\"name\":\"Shop\",\"item\":\"https:\/\/rckopen.com\/shop\/\"},{\"@type\":\"ListItem\",\"position\":3,\"name\":\"A-PiHP crystals online kopen\"}]},{\"@type\":\"WebSite\",\"@id\":\"https:\/\/rckopen.com\/#website\",\"url\":\"https:\/\/rckopen.com\/\",\"name\":\"RC Kopen\",\"description\":\"Research Chemicals\",\"potentialAction\":[{\"@type\":\"SearchAction\",\"target\":{\"@type\":\"EntryPoint\",\"urlTemplate\":\"https:\/\/rckopen.com\/?s={search_term_string}\"},\"query-input\":{\"@type\":\"PropertyValueSpecification\",\"valueRequired\":true,\"valueName\":\"search_term_string\"}}],\"inLanguage\":\"de-CH\"}]}<\/script>\n<!-- \/ Yoast SEO plugin. -->","yoast_head_json":{"title":"A-Pihp Crystal online kopen - A-PCYP te koop - RCKOPEN","description":"A-Pihp Crystal online te kopen bij onze Rckopen. Wij hebben uitsluitend te maken met A-Pihp Crystal te koop tegen goedkope tarieven. Koop A-Pihp Crystal .","robots":{"index":"index","follow":"follow","max-snippet":"max-snippet:-1","max-image-preview":"max-image-preview:large","max-video-preview":"max-video-preview:-1"},"canonical":"https:\/\/rckopen.com\/de\/produkt\/a-pihp-kristalle\/","og_locale":"de_DE","og_type":"article","og_title":"A-Pihp Crystal online kopen - A-PCYP te koop - RCKOPEN","og_description":"A-Pihp Crystal online te kopen bij onze Rckopen. Wij hebben uitsluitend te maken met A-Pihp Crystal te koop tegen goedkope tarieven. Koop A-Pihp Crystal .","og_url":"https:\/\/rckopen.com\/de\/produkt\/a-pihp-kristalle\/","og_site_name":"RC Kopen","article_modified_time":"2025-02-03T05:21:26+00:00","og_image":[{"width":600,"height":600,"url":"https:\/\/rckopen.com\/wp-content\/uploads\/2023\/08\/A-PiHP-crystals.jpg","type":"image\/jpeg"}],"twitter_card":"summary_large_image","twitter_misc":{"Gesch\u00e4tzte Lesezeit":"5\u00a0Minuten"},"schema":{"@context":"https:\/\/schema.org","@graph":[{"@type":"WebPage","@id":"https:\/\/rckopen.com\/product\/a-pihp-crystals\/","url":"https:\/\/rckopen.com\/product\/a-pihp-crystals\/","name":"A-Pihp Crystal online kopen - A-PCYP te koop - RCKOPEN","isPartOf":{"@id":"https:\/\/rckopen.com\/#website"},"primaryImageOfPage":{"@id":"https:\/\/rckopen.com\/product\/a-pihp-crystals\/#primaryimage"},"image":{"@id":"https:\/\/rckopen.com\/product\/a-pihp-crystals\/#primaryimage"},"thumbnailUrl":"https:\/\/rckopen.com\/wp-content\/uploads\/2023\/08\/A-PiHP-crystals.jpg","datePublished":"2023-08-15T08:36:48+00:00","dateModified":"2025-02-03T05:21:26+00:00","description":"A-Pihp Crystal online te kopen bij onze Rckopen. Wij hebben uitsluitend te maken met A-Pihp Crystal te koop tegen goedkope tarieven. Koop A-Pihp Crystal .","breadcrumb":{"@id":"https:\/\/rckopen.com\/product\/a-pihp-crystals\/#breadcrumb"},"inLanguage":"de-CH","potentialAction":[{"@type":"ReadAction","target":["https:\/\/rckopen.com\/product\/a-pihp-crystals\/"]}]},{"@type":"ImageObject","inLanguage":"de-CH","@id":"https:\/\/rckopen.com\/product\/a-pihp-crystals\/#primaryimage","url":"https:\/\/rckopen.com\/wp-content\/uploads\/2023\/08\/A-PiHP-crystals.jpg","contentUrl":"https:\/\/rckopen.com\/wp-content\/uploads\/2023\/08\/A-PiHP-crystals.jpg","width":600,"height":600,"caption":"A-Pihp Crystal online kopen"},{"@type":"BreadcrumbList","@id":"https:\/\/rckopen.com\/product\/a-pihp-crystals\/#breadcrumb","itemListElement":[{"@type":"ListItem","position":1,"name":"Home","item":"https:\/\/rckopen.com\/"},{"@type":"ListItem","position":2,"name":"Shop","item":"https:\/\/rckopen.com\/shop\/"},{"@type":"ListItem","position":3,"name":"A-PiHP crystals online kopen"}]},{"@type":"WebSite","@id":"https:\/\/rckopen.com\/#website","url":"https:\/\/rckopen.com\/","name":"RC Kopen","description":"Research Chemicals","potentialAction":[{"@type":"SearchAction","target":{"@type":"EntryPoint","urlTemplate":"https:\/\/rckopen.com\/?s={search_term_string}"},"query-input":{"@type":"PropertyValueSpecification","valueRequired":true,"valueName":"search_term_string"}}],"inLanguage":"de-CH"}]}},"_links":{"self":[{"href":"https:\/\/rckopen.com\/de\/wp-json\/wp\/v2\/product\/6444","targetHints":{"allow":["GET"]}}],"collection":[{"href":"https:\/\/rckopen.com\/de\/wp-json\/wp\/v2\/product"}],"about":[{"href":"https:\/\/rckopen.com\/de\/wp-json\/wp\/v2\/types\/product"}],"replies":[{"embeddable":true,"href":"https:\/\/rckopen.com\/de\/wp-json\/wp\/v2\/comments?post=6444"}],"wp:featuredmedia":[{"embeddable":true,"href":"https:\/\/rckopen.com\/de\/wp-json\/wp\/v2\/media\/6464"}],"wp:attachment":[{"href":"https:\/\/rckopen.com\/de\/wp-json\/wp\/v2\/media?parent=6444"}],"wp:term":[{"taxonomy":"product_brand","embeddable":true,"href":"https:\/\/rckopen.com\/de\/wp-json\/wp\/v2\/product_brand?post=6444"},{"taxonomy":"product_cat","embeddable":true,"href":"https:\/\/rckopen.com\/de\/wp-json\/wp\/v2\/product_cat?post=6444"},{"taxonomy":"product_tag","embeddable":true,"href":"https:\/\/rckopen.com\/de\/wp-json\/wp\/v2\/product_tag?post=6444"}],"curies":[{"name":"wp","href":"https:\/\/api.w.org\/{rel}","templated":true}]}}