{"id":6492,"date":"2023-08-16T05:44:50","date_gmt":"2023-08-16T05:44:50","guid":{"rendered":"https:\/\/diligentplug.com\/chems\/?post_type=product&#038;p=6492"},"modified":"2025-02-04T07:03:02","modified_gmt":"2025-02-04T07:03:02","slug":"o-pce","status":"publish","type":"product","link":"https:\/\/rckopen.com\/de\/produkt\/o-pce\/","title":{"rendered":"O-PCE online kaufen"},"content":{"rendered":"<h2>O-PCE Pulver online im Shop kaufen<\/h2>\n<h2>O-PCE-Pulver - was ist das?<\/h2>\n<p>O-PCE, offiziell bekannt als 2-Oxo-PCE oder N-Ethyldeschloroketamin, ist ein Derivat von DCK oder Dechloroketamin. Es ist eng mit Ethicyclidin oder PCE verwandt. Die Wirkung von Eticyclidin \u00e4hnelt der von Phencyclidin oder PCP, einem hochwirksamen Dissoziationsmittel<a href=\"https:\/\/en.wikipedia.org\/wiki\/2-Oxo-PCE\">.<\/a><\/p>\n<p>Alle diese Verbindungen sind dissoziative An\u00e4sthetika und geh\u00f6ren zur Klasse der Arylcyclohexylamin-Verbindungen. Diese Wirkstoffe erf\u00fcllen \u00e4hnliche Funktionen, aber ihre Dauer und Wirksamkeit variieren stark, je nachdem, wie sie sich entwickeln<a href=\"https:\/\/rckopen.com\/de\/produkt\/mxipr\/\">.<\/a><\/p>\n<h2>O-PCE online kaufen<\/h2>\n<p>O-PCE oder 2-Oxo-PCE ist eine chemische Verbindung, die entwickelt wurde, um die Wirkung ihres Vorg\u00e4ngers PCE zu imitieren. Es handelt sich um eine relativ neue Chemikalie, f\u00fcr die nur sehr wenige Daten verf\u00fcgbar sind Buy O Pce online.<\/p>\n<h2>O-PCE - wie wird es verwendet?<\/h2>\n<p>Wir haben nicht viele Informationen \u00fcber O-PCE, insbesondere in der wissenschaftlichen Literatur. Jeder, der diese Beziehung nutzt, sollte vorsichtig sein. Obwohl es anderen Arylcyclohexylamin-Verbindungen (wie Ketamin und DCK) \u00e4hnelt, bedeutet dies nicht unbedingt, dass es genauso gut wirkt oder das gleiche Sicherheitsprofil aufweist.<\/p>\n<h2>O-PCE-Pulver - wie aufbewahren?<\/h2>\n<p>O-PCE in Pulverform online kaufen in h\u00f6chster Qualit\u00e4t. F\u00fcr eine maximale Haltbarkeit lagern Sie O-PCE-Pulver an einem k\u00fchlen, trockenen Ort. Beim Umgang mit neuen synthetischen Materialien sollten immer die entsprechenden Laborvorkehrungen getroffen werden, wie z. B. das Abwischen von Oberfl\u00e4chen und das Tragen von Handschuhen, Masken und Schutzkleidung.<\/p>\n<h2>O-PCE-Pulver - weitere Informationen<\/h2>\n<p>O-PCE weist viele \u00c4hnlichkeiten mit DCK und Ketamin auf und soll antibakterielle Wirkungen haben. Diese Hypothese wurde jedoch nicht verifiziert.<\/p>\n<p>Wie andere Stoffe aus der Klasse der Arylcyclohexylamine hat O-PCE einen Cyclohexanonring, der an einen aromatischen Ring und eine Aminogruppe gebunden ist. O-PCE enth\u00e4lt eine Amino-Ethylkette, die an das benachbarte Alpha-Kohlenstoffatom (R2) des Cyclohexanonrings gebunden ist.<\/p>\n<p>Strukturell ist O-PCE fast identisch mit DCK, der einzige Unterschied ist die L\u00e4nge der Kohlenstoffkette. DCK hat eine Aminomethylkette, w\u00e4hrend O-PCE eine Aminoethylkette hat Die strukturelle \u00c4hnlichkeit und die Extrapolation legen nahe, dass O-PCE mit dem NMDA-Rezeptor interagiert. Dies ist der gleiche Mechanismus, \u00fcber den Ketamin, DCK und andere Arylcyclohexylamine wirken.<\/p>\n<p>rckopen.com bietet Produkte an, die nicht f\u00fcr den menschlichen Verzehr bestimmt sind. Der (unbeabsichtigte) Verzehr dieses Produkts kann schwerwiegende medizinische Folgen haben. O Pce online kaufen.<\/p>","protected":false},"excerpt":{"rendered":"<p><strong>IUPAC-Name: <\/strong>2-(Ethylamino)-2-phenyl-cyclohexanon, Monohydrochlorid<\/p>\n<p><strong>CAS # <\/strong>4551-92-2<\/p>\n<p><strong>Anderer Name: <\/strong>Eticyclidon \/ O-PCE \/ 2-Oxo-PCE<\/p>\n<p><strong>Erscheinungsbild: <\/strong>Kristall<\/p>\n<p><strong>NMR-Analyse: <\/strong>C14H19NO - HCl<\/p>","protected":false},"featured_media":6502,"comment_status":"open","ping_status":"closed","template":"","meta":{"_joinchat":[]},"product_brand":[],"product_cat":[137],"product_tag":[],"class_list":{"0":"post-6492","1":"product","2":"type-product","3":"status-publish","4":"has-post-thumbnail","6":"product_cat-dissociatieven","8":"first","9":"instock","10":"shipping-taxable","11":"purchasable","12":"product-type-variable"},"yoast_head":"<!-- This site is optimized with the Yoast SEO plugin v26.3 - https:\/\/yoast.com\/wordpress\/plugins\/seo\/ -->\n<title>O Pce online kopen - O Pce online te koop | RC Kopen<\/title>\n<meta name=\"description\" content=\"Op zoek naar hoogwaardige O Pce te koop? RC kopen is een toonaangevende winkel waar u O Pce online kunt kopen tegen de beste prijs.\" \/>\n<meta name=\"robots\" content=\"index, follow, max-snippet:-1, max-image-preview:large, max-video-preview:-1\" \/>\n<link rel=\"canonical\" href=\"https:\/\/rckopen.com\/de\/produkt\/o-pce\/\" \/>\n<meta property=\"og:locale\" content=\"de_DE\" \/>\n<meta property=\"og:type\" content=\"article\" \/>\n<meta property=\"og:title\" content=\"O Pce online kopen - O Pce online te koop | RC Kopen\" \/>\n<meta property=\"og:description\" content=\"Op zoek naar hoogwaardige O Pce te koop? RC kopen is een toonaangevende winkel waar u O Pce online kunt kopen tegen de beste prijs.\" \/>\n<meta property=\"og:url\" content=\"https:\/\/rckopen.com\/de\/produkt\/o-pce\/\" \/>\n<meta property=\"og:site_name\" content=\"RC Kopen\" \/>\n<meta property=\"article:modified_time\" content=\"2025-02-04T07:03:02+00:00\" \/>\n<meta property=\"og:image\" content=\"https:\/\/rckopen.com\/wp-content\/uploads\/2023\/08\/O-PCE.jpg\" \/>\n\t<meta property=\"og:image:width\" content=\"600\" \/>\n\t<meta property=\"og:image:height\" content=\"600\" \/>\n\t<meta property=\"og:image:type\" content=\"image\/jpeg\" \/>\n<meta name=\"twitter:card\" content=\"summary_large_image\" \/>\n<meta name=\"twitter:label1\" content=\"Gesch\u00e4tzte Lesezeit\" \/>\n\t<meta name=\"twitter:data1\" content=\"2\u00a0Minuten\" \/>\n<script type=\"application\/ld+json\" class=\"yoast-schema-graph\">{\"@context\":\"https:\/\/schema.org\",\"@graph\":[{\"@type\":\"WebPage\",\"@id\":\"https:\/\/rckopen.com\/product\/o-pce\/\",\"url\":\"https:\/\/rckopen.com\/product\/o-pce\/\",\"name\":\"O Pce online kopen - O Pce online te koop | RC Kopen\",\"isPartOf\":{\"@id\":\"https:\/\/rckopen.com\/#website\"},\"primaryImageOfPage\":{\"@id\":\"https:\/\/rckopen.com\/product\/o-pce\/#primaryimage\"},\"image\":{\"@id\":\"https:\/\/rckopen.com\/product\/o-pce\/#primaryimage\"},\"thumbnailUrl\":\"https:\/\/rckopen.com\/wp-content\/uploads\/2023\/08\/O-PCE.jpg\",\"datePublished\":\"2023-08-16T05:44:50+00:00\",\"dateModified\":\"2025-02-04T07:03:02+00:00\",\"description\":\"Op zoek naar hoogwaardige O Pce te koop? RC kopen is een toonaangevende winkel waar u O Pce online kunt kopen tegen de beste prijs.\",\"breadcrumb\":{\"@id\":\"https:\/\/rckopen.com\/product\/o-pce\/#breadcrumb\"},\"inLanguage\":\"de-CH\",\"potentialAction\":[{\"@type\":\"ReadAction\",\"target\":[\"https:\/\/rckopen.com\/product\/o-pce\/\"]}]},{\"@type\":\"ImageObject\",\"inLanguage\":\"de-CH\",\"@id\":\"https:\/\/rckopen.com\/product\/o-pce\/#primaryimage\",\"url\":\"https:\/\/rckopen.com\/wp-content\/uploads\/2023\/08\/O-PCE.jpg\",\"contentUrl\":\"https:\/\/rckopen.com\/wp-content\/uploads\/2023\/08\/O-PCE.jpg\",\"width\":600,\"height\":600,\"caption\":\"O-PCE online kopen\"},{\"@type\":\"BreadcrumbList\",\"@id\":\"https:\/\/rckopen.com\/product\/o-pce\/#breadcrumb\",\"itemListElement\":[{\"@type\":\"ListItem\",\"position\":1,\"name\":\"Home\",\"item\":\"https:\/\/rckopen.com\/\"},{\"@type\":\"ListItem\",\"position\":2,\"name\":\"Shop\",\"item\":\"https:\/\/rckopen.com\/shop\/\"},{\"@type\":\"ListItem\",\"position\":3,\"name\":\"O-PCE online kopen\"}]},{\"@type\":\"WebSite\",\"@id\":\"https:\/\/rckopen.com\/#website\",\"url\":\"https:\/\/rckopen.com\/\",\"name\":\"RC Kopen\",\"description\":\"Research Chemicals\",\"potentialAction\":[{\"@type\":\"SearchAction\",\"target\":{\"@type\":\"EntryPoint\",\"urlTemplate\":\"https:\/\/rckopen.com\/?s={search_term_string}\"},\"query-input\":{\"@type\":\"PropertyValueSpecification\",\"valueRequired\":true,\"valueName\":\"search_term_string\"}}],\"inLanguage\":\"de-CH\"}]}<\/script>\n<!-- \/ Yoast SEO plugin. -->","yoast_head_json":{"title":"O Pce online kopen - O Pce online te koop | RC Kopen","description":"Op zoek naar hoogwaardige O Pce te koop? RC kopen is een toonaangevende winkel waar u O Pce online kunt kopen tegen de beste prijs.","robots":{"index":"index","follow":"follow","max-snippet":"max-snippet:-1","max-image-preview":"max-image-preview:large","max-video-preview":"max-video-preview:-1"},"canonical":"https:\/\/rckopen.com\/de\/produkt\/o-pce\/","og_locale":"de_DE","og_type":"article","og_title":"O Pce online kopen - O Pce online te koop | RC Kopen","og_description":"Op zoek naar hoogwaardige O Pce te koop? RC kopen is een toonaangevende winkel waar u O Pce online kunt kopen tegen de beste prijs.","og_url":"https:\/\/rckopen.com\/de\/produkt\/o-pce\/","og_site_name":"RC Kopen","article_modified_time":"2025-02-04T07:03:02+00:00","og_image":[{"width":600,"height":600,"url":"https:\/\/rckopen.com\/wp-content\/uploads\/2023\/08\/O-PCE.jpg","type":"image\/jpeg"}],"twitter_card":"summary_large_image","twitter_misc":{"Gesch\u00e4tzte Lesezeit":"2\u00a0Minuten"},"schema":{"@context":"https:\/\/schema.org","@graph":[{"@type":"WebPage","@id":"https:\/\/rckopen.com\/product\/o-pce\/","url":"https:\/\/rckopen.com\/product\/o-pce\/","name":"O Pce online kopen - O Pce online te koop | RC Kopen","isPartOf":{"@id":"https:\/\/rckopen.com\/#website"},"primaryImageOfPage":{"@id":"https:\/\/rckopen.com\/product\/o-pce\/#primaryimage"},"image":{"@id":"https:\/\/rckopen.com\/product\/o-pce\/#primaryimage"},"thumbnailUrl":"https:\/\/rckopen.com\/wp-content\/uploads\/2023\/08\/O-PCE.jpg","datePublished":"2023-08-16T05:44:50+00:00","dateModified":"2025-02-04T07:03:02+00:00","description":"Op zoek naar hoogwaardige O Pce te koop? RC kopen is een toonaangevende winkel waar u O Pce online kunt kopen tegen de beste prijs.","breadcrumb":{"@id":"https:\/\/rckopen.com\/product\/o-pce\/#breadcrumb"},"inLanguage":"de-CH","potentialAction":[{"@type":"ReadAction","target":["https:\/\/rckopen.com\/product\/o-pce\/"]}]},{"@type":"ImageObject","inLanguage":"de-CH","@id":"https:\/\/rckopen.com\/product\/o-pce\/#primaryimage","url":"https:\/\/rckopen.com\/wp-content\/uploads\/2023\/08\/O-PCE.jpg","contentUrl":"https:\/\/rckopen.com\/wp-content\/uploads\/2023\/08\/O-PCE.jpg","width":600,"height":600,"caption":"O-PCE online kopen"},{"@type":"BreadcrumbList","@id":"https:\/\/rckopen.com\/product\/o-pce\/#breadcrumb","itemListElement":[{"@type":"ListItem","position":1,"name":"Home","item":"https:\/\/rckopen.com\/"},{"@type":"ListItem","position":2,"name":"Shop","item":"https:\/\/rckopen.com\/shop\/"},{"@type":"ListItem","position":3,"name":"O-PCE online kopen"}]},{"@type":"WebSite","@id":"https:\/\/rckopen.com\/#website","url":"https:\/\/rckopen.com\/","name":"RC Kopen","description":"Research Chemicals","potentialAction":[{"@type":"SearchAction","target":{"@type":"EntryPoint","urlTemplate":"https:\/\/rckopen.com\/?s={search_term_string}"},"query-input":{"@type":"PropertyValueSpecification","valueRequired":true,"valueName":"search_term_string"}}],"inLanguage":"de-CH"}]}},"_links":{"self":[{"href":"https:\/\/rckopen.com\/de\/wp-json\/wp\/v2\/product\/6492","targetHints":{"allow":["GET"]}}],"collection":[{"href":"https:\/\/rckopen.com\/de\/wp-json\/wp\/v2\/product"}],"about":[{"href":"https:\/\/rckopen.com\/de\/wp-json\/wp\/v2\/types\/product"}],"replies":[{"embeddable":true,"href":"https:\/\/rckopen.com\/de\/wp-json\/wp\/v2\/comments?post=6492"}],"wp:featuredmedia":[{"embeddable":true,"href":"https:\/\/rckopen.com\/de\/wp-json\/wp\/v2\/media\/6502"}],"wp:attachment":[{"href":"https:\/\/rckopen.com\/de\/wp-json\/wp\/v2\/media?parent=6492"}],"wp:term":[{"taxonomy":"product_brand","embeddable":true,"href":"https:\/\/rckopen.com\/de\/wp-json\/wp\/v2\/product_brand?post=6492"},{"taxonomy":"product_cat","embeddable":true,"href":"https:\/\/rckopen.com\/de\/wp-json\/wp\/v2\/product_cat?post=6492"},{"taxonomy":"product_tag","embeddable":true,"href":"https:\/\/rckopen.com\/de\/wp-json\/wp\/v2\/product_tag?post=6492"}],"curies":[{"name":"wp","href":"https:\/\/api.w.org\/{rel}","templated":true}]}}