{"id":6528,"date":"2023-08-16T06:43:55","date_gmt":"2023-08-16T06:43:55","guid":{"rendered":"https:\/\/diligentplug.com\/chems\/?post_type=product&#038;p=6528"},"modified":"2025-02-06T05:30:44","modified_gmt":"2025-02-06T05:30:44","slug":"green-sulawesi","status":"publish","type":"product","link":"https:\/\/rckopen.com\/de\/produkt\/grunes-sulawesi\/","title":{"rendered":"Green Sulawesi online kaufen"},"content":{"rendered":"<h2>Green Sulawesi online kaufen<\/h2>\n<p>Comling GmbH, Neue Bahnhofstr. 4a, 75056 Sulzfeld, Germany, www.kratomdudes.com, Managing Director: Bj\u00f6rn Lingnau, VAT ID: DE364875247, Mannheim District Court, Registration number: HRB 749487<\/p>\n<p>Gesch\u00e4ftsf\u00fchrer: Bj\u00f6rn Lingnau, Umsatzsteuer-Identifikationsnummer: DE364875247, Registergericht: Amtsgericht Mannheim, Registernummer: HRB 749487, Verantwortlicher: Compling GmbH, Neue Bahnhofstr. 4a, 75056 Sulzfeld, Deutschland, info@kratomdudes.com<\/p>\n<p>Hinweise und Verkaufsbedingungen: Das pflanzliche Farbpigment ist ausschlie\u00dflich zum Ausmalen bzw. Bemalen geeignet.<\/p>\n<p>Die Farbpigmente d\u00fcrfen nicht in die Augen gelangen. Sollten sie dennoch in die Augen gelangen, sp\u00fclen Sie diese mit klarem Wasser aus. Bei anhaltender Reizung suchen Sie bitte einen Arzt auf.<\/p>\n<p>Da es sich um ein feines Pulver handelt, d\u00fcrfen die Farbpigmente nicht in die Lunge gelangen. Sollten Sie sie einatmen, sp\u00fclen Sie Mund und Nase mit klarem Wasser aus. Bei anhaltender Reizung suchen Sie bitte einen Arzt auf.<\/p>\n<p>Das Farbpigment ist ausschlie\u00dflich f\u00fcr K\u00fcnstler geeignet, die beeindruckende Gem\u00e4lde erstellen m\u00f6chten oder zum F\u00e4rben von Textilien, Keramik, Kerzen usw. Es ist nicht f\u00fcr den menschlichen Verzehr geeignet. Hinweise finden Sie auf der Verpackung und auf unserer Website.<\/p>\n<p>Halten Sie Kinder vom Farbpigment fern.<\/p>\n<p>Nur Personen \u00fcber 18 Jahren d\u00fcrfen das Farbpigment verwenden. Nicht f\u00fcr Kinder und Jugendliche geeignet. Anwendungshinweise:<\/p>\n<p>Schritt 1: Grundfarbe Beginnen Sie immer mit der Farbe Wei\u00df. Mischen Sie beispielsweise 15 Milliliter Wasser mit 5 Gramm Farbpigment. R\u00fchren Sie, bis sich Schaum bildet. Die Farbe kann nun vermalt werden.<\/p>\n<p>Schritt zwei: Farbton<br \/>\nVerwenden Sie eine helle Farbe, wenn Sie einen rosa Farbton w\u00fcnschen. Die zweite Farbe ist rot.Schritt 3: Mischen Sie den Test<br \/>\nMischen Sie drei Teile Wei\u00df und vier Teile Purpur. Verlassen Sie sich auf die Intensit\u00e4t der Farbe.<\/p>\n<p>Schritt 2: Farbton mischen Wenn Sie mit Ihrer Probemischung zufrieden sind, wenden Sie das gleiche Verh\u00e4ltnis an und verr\u00fchren Sie alles gut. Tipp: Farbe sollte immer an einem trockenen, dunklen Ort aufbewahrt werden.<\/p>","protected":false},"excerpt":{"rendered":"<p><strong>Form: <\/strong>Pulver<\/p>\n<p><strong>NMR-Analyse: <\/strong>K.A.<\/p>","protected":false},"featured_media":6540,"comment_status":"open","ping_status":"closed","template":"","meta":{"_joinchat":[]},"product_brand":[],"product_cat":[139],"product_tag":[],"class_list":{"0":"post-6528","1":"product","2":"type-product","3":"status-publish","4":"has-post-thumbnail","6":"product_cat-kratom","8":"first","9":"instock","10":"shipping-taxable","11":"purchasable","12":"product-type-variable"},"yoast_head":"<!-- This site is optimized with the Yoast SEO plugin v26.3 - https:\/\/yoast.com\/wordpress\/plugins\/seo\/ -->\n<title>Green Sulawesi Online kopen - Green Sulawesi te koop | RC Kopen<\/title>\n<meta name=\"description\" content=\"Wilt u Groen Sulawesi online kopen tegen een redelijke prijs? Bezoek onze gerenommeerde online RC Kopen-winkel en koop vandaag nog Green Sulawesi. Plaats nu een bestelling en ontvang de beste prijs in onze winkel.\" \/>\n<meta name=\"robots\" content=\"index, follow, max-snippet:-1, max-image-preview:large, max-video-preview:-1\" \/>\n<link rel=\"canonical\" href=\"https:\/\/rckopen.com\/de\/produkt\/grunes-sulawesi\/\" \/>\n<meta property=\"og:locale\" content=\"de_DE\" \/>\n<meta property=\"og:type\" content=\"article\" \/>\n<meta property=\"og:title\" content=\"Green Sulawesi Online kopen - Green Sulawesi te koop | RC Kopen\" \/>\n<meta property=\"og:description\" content=\"Wilt u Groen Sulawesi online kopen tegen een redelijke prijs? Bezoek onze gerenommeerde online RC Kopen-winkel en koop vandaag nog Green Sulawesi. Plaats nu een bestelling en ontvang de beste prijs in onze winkel.\" \/>\n<meta property=\"og:url\" content=\"https:\/\/rckopen.com\/de\/produkt\/grunes-sulawesi\/\" \/>\n<meta property=\"og:site_name\" content=\"RC Kopen\" \/>\n<meta property=\"article:modified_time\" content=\"2025-02-06T05:30:44+00:00\" \/>\n<meta property=\"og:image\" content=\"https:\/\/rckopen.com\/wp-content\/uploads\/2023\/08\/Green-Sulawesi.jpg\" \/>\n\t<meta property=\"og:image:width\" content=\"600\" \/>\n\t<meta property=\"og:image:height\" content=\"600\" \/>\n\t<meta property=\"og:image:type\" content=\"image\/jpeg\" \/>\n<meta name=\"twitter:card\" content=\"summary_large_image\" \/>\n<meta name=\"twitter:label1\" content=\"Gesch\u00e4tzte Lesezeit\" \/>\n\t<meta name=\"twitter:data1\" content=\"2\u00a0Minuten\" \/>\n<script type=\"application\/ld+json\" class=\"yoast-schema-graph\">{\"@context\":\"https:\/\/schema.org\",\"@graph\":[{\"@type\":\"WebPage\",\"@id\":\"https:\/\/rckopen.com\/product\/green-sulawesi\/\",\"url\":\"https:\/\/rckopen.com\/product\/green-sulawesi\/\",\"name\":\"Green Sulawesi Online kopen - Green Sulawesi te koop | RC Kopen\",\"isPartOf\":{\"@id\":\"https:\/\/rckopen.com\/#website\"},\"primaryImageOfPage\":{\"@id\":\"https:\/\/rckopen.com\/product\/green-sulawesi\/#primaryimage\"},\"image\":{\"@id\":\"https:\/\/rckopen.com\/product\/green-sulawesi\/#primaryimage\"},\"thumbnailUrl\":\"https:\/\/rckopen.com\/wp-content\/uploads\/2023\/08\/Green-Sulawesi.jpg\",\"datePublished\":\"2023-08-16T06:43:55+00:00\",\"dateModified\":\"2025-02-06T05:30:44+00:00\",\"description\":\"Wilt u Groen Sulawesi online kopen tegen een redelijke prijs? Bezoek onze gerenommeerde online RC Kopen-winkel en koop vandaag nog Green Sulawesi. Plaats nu een bestelling en ontvang de beste prijs in onze winkel.\",\"breadcrumb\":{\"@id\":\"https:\/\/rckopen.com\/product\/green-sulawesi\/#breadcrumb\"},\"inLanguage\":\"de-CH\",\"potentialAction\":[{\"@type\":\"ReadAction\",\"target\":[\"https:\/\/rckopen.com\/product\/green-sulawesi\/\"]}]},{\"@type\":\"ImageObject\",\"inLanguage\":\"de-CH\",\"@id\":\"https:\/\/rckopen.com\/product\/green-sulawesi\/#primaryimage\",\"url\":\"https:\/\/rckopen.com\/wp-content\/uploads\/2023\/08\/Green-Sulawesi.jpg\",\"contentUrl\":\"https:\/\/rckopen.com\/wp-content\/uploads\/2023\/08\/Green-Sulawesi.jpg\",\"width\":600,\"height\":600,\"caption\":\"Green-Sulawesi online kopen\"},{\"@type\":\"BreadcrumbList\",\"@id\":\"https:\/\/rckopen.com\/product\/green-sulawesi\/#breadcrumb\",\"itemListElement\":[{\"@type\":\"ListItem\",\"position\":1,\"name\":\"Home\",\"item\":\"https:\/\/rckopen.com\/\"},{\"@type\":\"ListItem\",\"position\":2,\"name\":\"Shop\",\"item\":\"https:\/\/rckopen.com\/shop\/\"},{\"@type\":\"ListItem\",\"position\":3,\"name\":\"Green Sulawesi online kopen\"}]},{\"@type\":\"WebSite\",\"@id\":\"https:\/\/rckopen.com\/#website\",\"url\":\"https:\/\/rckopen.com\/\",\"name\":\"RC Kopen\",\"description\":\"Research Chemicals\",\"potentialAction\":[{\"@type\":\"SearchAction\",\"target\":{\"@type\":\"EntryPoint\",\"urlTemplate\":\"https:\/\/rckopen.com\/?s={search_term_string}\"},\"query-input\":{\"@type\":\"PropertyValueSpecification\",\"valueRequired\":true,\"valueName\":\"search_term_string\"}}],\"inLanguage\":\"de-CH\"}]}<\/script>\n<!-- \/ Yoast SEO plugin. -->","yoast_head_json":{"title":"Green Sulawesi Online kopen - Green Sulawesi te koop | RC Kopen","description":"Wilt u Groen Sulawesi online kopen tegen een redelijke prijs? Bezoek onze gerenommeerde online RC Kopen-winkel en koop vandaag nog Green Sulawesi. Plaats nu een bestelling en ontvang de beste prijs in onze winkel.","robots":{"index":"index","follow":"follow","max-snippet":"max-snippet:-1","max-image-preview":"max-image-preview:large","max-video-preview":"max-video-preview:-1"},"canonical":"https:\/\/rckopen.com\/de\/produkt\/grunes-sulawesi\/","og_locale":"de_DE","og_type":"article","og_title":"Green Sulawesi Online kopen - Green Sulawesi te koop | RC Kopen","og_description":"Wilt u Groen Sulawesi online kopen tegen een redelijke prijs? Bezoek onze gerenommeerde online RC Kopen-winkel en koop vandaag nog Green Sulawesi. Plaats nu een bestelling en ontvang de beste prijs in onze winkel.","og_url":"https:\/\/rckopen.com\/de\/produkt\/grunes-sulawesi\/","og_site_name":"RC Kopen","article_modified_time":"2025-02-06T05:30:44+00:00","og_image":[{"width":600,"height":600,"url":"https:\/\/rckopen.com\/wp-content\/uploads\/2023\/08\/Green-Sulawesi.jpg","type":"image\/jpeg"}],"twitter_card":"summary_large_image","twitter_misc":{"Gesch\u00e4tzte Lesezeit":"2\u00a0Minuten"},"schema":{"@context":"https:\/\/schema.org","@graph":[{"@type":"WebPage","@id":"https:\/\/rckopen.com\/product\/green-sulawesi\/","url":"https:\/\/rckopen.com\/product\/green-sulawesi\/","name":"Green Sulawesi Online kopen - Green Sulawesi te koop | RC Kopen","isPartOf":{"@id":"https:\/\/rckopen.com\/#website"},"primaryImageOfPage":{"@id":"https:\/\/rckopen.com\/product\/green-sulawesi\/#primaryimage"},"image":{"@id":"https:\/\/rckopen.com\/product\/green-sulawesi\/#primaryimage"},"thumbnailUrl":"https:\/\/rckopen.com\/wp-content\/uploads\/2023\/08\/Green-Sulawesi.jpg","datePublished":"2023-08-16T06:43:55+00:00","dateModified":"2025-02-06T05:30:44+00:00","description":"Wilt u Groen Sulawesi online kopen tegen een redelijke prijs? Bezoek onze gerenommeerde online RC Kopen-winkel en koop vandaag nog Green Sulawesi. Plaats nu een bestelling en ontvang de beste prijs in onze winkel.","breadcrumb":{"@id":"https:\/\/rckopen.com\/product\/green-sulawesi\/#breadcrumb"},"inLanguage":"de-CH","potentialAction":[{"@type":"ReadAction","target":["https:\/\/rckopen.com\/product\/green-sulawesi\/"]}]},{"@type":"ImageObject","inLanguage":"de-CH","@id":"https:\/\/rckopen.com\/product\/green-sulawesi\/#primaryimage","url":"https:\/\/rckopen.com\/wp-content\/uploads\/2023\/08\/Green-Sulawesi.jpg","contentUrl":"https:\/\/rckopen.com\/wp-content\/uploads\/2023\/08\/Green-Sulawesi.jpg","width":600,"height":600,"caption":"Green-Sulawesi online kopen"},{"@type":"BreadcrumbList","@id":"https:\/\/rckopen.com\/product\/green-sulawesi\/#breadcrumb","itemListElement":[{"@type":"ListItem","position":1,"name":"Home","item":"https:\/\/rckopen.com\/"},{"@type":"ListItem","position":2,"name":"Shop","item":"https:\/\/rckopen.com\/shop\/"},{"@type":"ListItem","position":3,"name":"Green Sulawesi online kopen"}]},{"@type":"WebSite","@id":"https:\/\/rckopen.com\/#website","url":"https:\/\/rckopen.com\/","name":"RC Kopen","description":"Research Chemicals","potentialAction":[{"@type":"SearchAction","target":{"@type":"EntryPoint","urlTemplate":"https:\/\/rckopen.com\/?s={search_term_string}"},"query-input":{"@type":"PropertyValueSpecification","valueRequired":true,"valueName":"search_term_string"}}],"inLanguage":"de-CH"}]}},"_links":{"self":[{"href":"https:\/\/rckopen.com\/de\/wp-json\/wp\/v2\/product\/6528","targetHints":{"allow":["GET"]}}],"collection":[{"href":"https:\/\/rckopen.com\/de\/wp-json\/wp\/v2\/product"}],"about":[{"href":"https:\/\/rckopen.com\/de\/wp-json\/wp\/v2\/types\/product"}],"replies":[{"embeddable":true,"href":"https:\/\/rckopen.com\/de\/wp-json\/wp\/v2\/comments?post=6528"}],"wp:featuredmedia":[{"embeddable":true,"href":"https:\/\/rckopen.com\/de\/wp-json\/wp\/v2\/media\/6540"}],"wp:attachment":[{"href":"https:\/\/rckopen.com\/de\/wp-json\/wp\/v2\/media?parent=6528"}],"wp:term":[{"taxonomy":"product_brand","embeddable":true,"href":"https:\/\/rckopen.com\/de\/wp-json\/wp\/v2\/product_brand?post=6528"},{"taxonomy":"product_cat","embeddable":true,"href":"https:\/\/rckopen.com\/de\/wp-json\/wp\/v2\/product_cat?post=6528"},{"taxonomy":"product_tag","embeddable":true,"href":"https:\/\/rckopen.com\/de\/wp-json\/wp\/v2\/product_tag?post=6528"}],"curies":[{"name":"wp","href":"https:\/\/api.w.org\/{rel}","templated":true}]}}