{"id":6530,"date":"2023-08-16T06:44:35","date_gmt":"2023-08-16T06:44:35","guid":{"rendered":"https:\/\/diligentplug.com\/chems\/?post_type=product&#038;p=6530"},"modified":"2025-02-03T10:44:14","modified_gmt":"2025-02-03T10:44:14","slug":"green-bentuangie","status":"publish","type":"product","link":"https:\/\/rckopen.com\/de\/produkt\/gruner-bentuangie\/","title":{"rendered":"gr\u00fcnes Bentuangie online kaufen"},"content":{"rendered":"<h2>gr\u00fcnes Bentuangie online kaufen<\/h2>\n<p><a href=\"https:\/\/rckopen.com\/de\/produkt\/gruner-bentuangie\/\">Green Bentuangie kaufen<\/a>Erleben Sie das Beste aus beiden Welten mit unserem Green Bentuangie Kratom. Hergestellt mit einem speziellen Fermentationsverfahren, um Ihnen ein unvergleichliches Erlebnis zu garantieren. Diese einzigartige Sorte stammt aus den wundersch\u00f6nen W\u00e4ldern S\u00fcdostasiens und bietet eine harmonische Mischung aus energetischer Vitalit\u00e4t und wohltuender Entspannung.<a href=\"https:\/\/en.wikipedia.org\/wiki\/Mitragyna_speciosa\">.<\/a><\/p>\n<p><a href=\"https:\/\/rckopen.com\/de\/\">rckopen.com<\/a> bietet Produkte an, die nicht f\u00fcr den menschlichen Verzehr bestimmt sind. Wenn Sie dieses Produkt (unabsichtlich) konsumieren, kann dies schwerwiegende medizinische Folgen haben<a href=\"https:\/\/rckopen.com\/de\/produktkategorie\/kratom\/\">.<\/a><\/p>","protected":false},"excerpt":{"rendered":"<p><strong>Form: <\/strong>Pulver<\/p>\n<p><strong>NMR-Analyse: <\/strong>K.A.<\/p>","protected":false},"featured_media":6541,"comment_status":"open","ping_status":"closed","template":"","meta":{"_joinchat":[]},"product_brand":[],"product_cat":[139],"product_tag":[],"class_list":{"0":"post-6530","1":"product","2":"type-product","3":"status-publish","4":"has-post-thumbnail","6":"product_cat-kratom","8":"first","9":"instock","10":"shipping-taxable","11":"purchasable","12":"product-type-variable"},"yoast_head":"<!-- This site is optimized with the Yoast SEO plugin v26.3 - https:\/\/yoast.com\/wordpress\/plugins\/seo\/ -->\n<title>Green Bentuangie online online - Green Bentuangie te koop<\/title>\n<meta name=\"description\" content=\"Green Bentuangie kopen, Als u bereid bent Green Bentuangie te koop aan te schaffen, dan zijn wij de juiste keuze voor u. Onze medewerkers helpen u bij het kopen van Green Bentuangie.\" \/>\n<meta name=\"robots\" content=\"index, follow, max-snippet:-1, max-image-preview:large, max-video-preview:-1\" \/>\n<link rel=\"canonical\" href=\"https:\/\/rckopen.com\/de\/produkt\/gruner-bentuangie\/\" \/>\n<meta property=\"og:locale\" content=\"de_DE\" \/>\n<meta property=\"og:type\" content=\"article\" \/>\n<meta property=\"og:title\" content=\"Green Bentuangie online online - Green Bentuangie te koop\" \/>\n<meta property=\"og:description\" content=\"Green Bentuangie kopen, Als u bereid bent Green Bentuangie te koop aan te schaffen, dan zijn wij de juiste keuze voor u. Onze medewerkers helpen u bij het kopen van Green Bentuangie.\" \/>\n<meta property=\"og:url\" content=\"https:\/\/rckopen.com\/de\/produkt\/gruner-bentuangie\/\" \/>\n<meta property=\"og:site_name\" content=\"RC Kopen\" \/>\n<meta property=\"article:modified_time\" content=\"2025-02-03T10:44:14+00:00\" \/>\n<meta property=\"og:image\" content=\"https:\/\/rckopen.com\/wp-content\/uploads\/2023\/08\/Green-Bentuangie.jpg\" \/>\n\t<meta property=\"og:image:width\" content=\"600\" \/>\n\t<meta property=\"og:image:height\" content=\"600\" \/>\n\t<meta property=\"og:image:type\" content=\"image\/jpeg\" \/>\n<meta name=\"twitter:card\" content=\"summary_large_image\" \/>\n<meta name=\"twitter:label1\" content=\"Gesch\u00e4tzte Lesezeit\" \/>\n\t<meta name=\"twitter:data1\" content=\"1\u00a0Minute\" \/>\n<script type=\"application\/ld+json\" class=\"yoast-schema-graph\">{\"@context\":\"https:\/\/schema.org\",\"@graph\":[{\"@type\":\"WebPage\",\"@id\":\"https:\/\/rckopen.com\/product\/green-bentuangie\/\",\"url\":\"https:\/\/rckopen.com\/product\/green-bentuangie\/\",\"name\":\"Green Bentuangie online online - Green Bentuangie te koop\",\"isPartOf\":{\"@id\":\"https:\/\/rckopen.com\/#website\"},\"primaryImageOfPage\":{\"@id\":\"https:\/\/rckopen.com\/product\/green-bentuangie\/#primaryimage\"},\"image\":{\"@id\":\"https:\/\/rckopen.com\/product\/green-bentuangie\/#primaryimage\"},\"thumbnailUrl\":\"https:\/\/rckopen.com\/wp-content\/uploads\/2023\/08\/Green-Bentuangie.jpg\",\"datePublished\":\"2023-08-16T06:44:35+00:00\",\"dateModified\":\"2025-02-03T10:44:14+00:00\",\"description\":\"Green Bentuangie kopen, Als u bereid bent Green Bentuangie te koop aan te schaffen, dan zijn wij de juiste keuze voor u. Onze medewerkers helpen u bij het kopen van Green Bentuangie.\",\"breadcrumb\":{\"@id\":\"https:\/\/rckopen.com\/product\/green-bentuangie\/#breadcrumb\"},\"inLanguage\":\"de-CH\",\"potentialAction\":[{\"@type\":\"ReadAction\",\"target\":[\"https:\/\/rckopen.com\/product\/green-bentuangie\/\"]}]},{\"@type\":\"ImageObject\",\"inLanguage\":\"de-CH\",\"@id\":\"https:\/\/rckopen.com\/product\/green-bentuangie\/#primaryimage\",\"url\":\"https:\/\/rckopen.com\/wp-content\/uploads\/2023\/08\/Green-Bentuangie.jpg\",\"contentUrl\":\"https:\/\/rckopen.com\/wp-content\/uploads\/2023\/08\/Green-Bentuangie.jpg\",\"width\":600,\"height\":600,\"caption\":\"Green-Bentuangie online kopen\"},{\"@type\":\"BreadcrumbList\",\"@id\":\"https:\/\/rckopen.com\/product\/green-bentuangie\/#breadcrumb\",\"itemListElement\":[{\"@type\":\"ListItem\",\"position\":1,\"name\":\"Home\",\"item\":\"https:\/\/rckopen.com\/\"},{\"@type\":\"ListItem\",\"position\":2,\"name\":\"Shop\",\"item\":\"https:\/\/rckopen.com\/shop\/\"},{\"@type\":\"ListItem\",\"position\":3,\"name\":\"Green Bentuangie Online kopen\"}]},{\"@type\":\"WebSite\",\"@id\":\"https:\/\/rckopen.com\/#website\",\"url\":\"https:\/\/rckopen.com\/\",\"name\":\"RC Kopen\",\"description\":\"Research Chemicals\",\"potentialAction\":[{\"@type\":\"SearchAction\",\"target\":{\"@type\":\"EntryPoint\",\"urlTemplate\":\"https:\/\/rckopen.com\/?s={search_term_string}\"},\"query-input\":{\"@type\":\"PropertyValueSpecification\",\"valueRequired\":true,\"valueName\":\"search_term_string\"}}],\"inLanguage\":\"de-CH\"}]}<\/script>\n<!-- \/ Yoast SEO plugin. -->","yoast_head_json":{"title":"Green Bentuangie online online - Green Bentuangie te koop","description":"Green Bentuangie kopen, Als u bereid bent Green Bentuangie te koop aan te schaffen, dan zijn wij de juiste keuze voor u. Onze medewerkers helpen u bij het kopen van Green Bentuangie.","robots":{"index":"index","follow":"follow","max-snippet":"max-snippet:-1","max-image-preview":"max-image-preview:large","max-video-preview":"max-video-preview:-1"},"canonical":"https:\/\/rckopen.com\/de\/produkt\/gruner-bentuangie\/","og_locale":"de_DE","og_type":"article","og_title":"Green Bentuangie online online - Green Bentuangie te koop","og_description":"Green Bentuangie kopen, Als u bereid bent Green Bentuangie te koop aan te schaffen, dan zijn wij de juiste keuze voor u. Onze medewerkers helpen u bij het kopen van Green Bentuangie.","og_url":"https:\/\/rckopen.com\/de\/produkt\/gruner-bentuangie\/","og_site_name":"RC Kopen","article_modified_time":"2025-02-03T10:44:14+00:00","og_image":[{"width":600,"height":600,"url":"https:\/\/rckopen.com\/wp-content\/uploads\/2023\/08\/Green-Bentuangie.jpg","type":"image\/jpeg"}],"twitter_card":"summary_large_image","twitter_misc":{"Gesch\u00e4tzte Lesezeit":"1\u00a0Minute"},"schema":{"@context":"https:\/\/schema.org","@graph":[{"@type":"WebPage","@id":"https:\/\/rckopen.com\/product\/green-bentuangie\/","url":"https:\/\/rckopen.com\/product\/green-bentuangie\/","name":"Green Bentuangie online online - Green Bentuangie te koop","isPartOf":{"@id":"https:\/\/rckopen.com\/#website"},"primaryImageOfPage":{"@id":"https:\/\/rckopen.com\/product\/green-bentuangie\/#primaryimage"},"image":{"@id":"https:\/\/rckopen.com\/product\/green-bentuangie\/#primaryimage"},"thumbnailUrl":"https:\/\/rckopen.com\/wp-content\/uploads\/2023\/08\/Green-Bentuangie.jpg","datePublished":"2023-08-16T06:44:35+00:00","dateModified":"2025-02-03T10:44:14+00:00","description":"Green Bentuangie kopen, Als u bereid bent Green Bentuangie te koop aan te schaffen, dan zijn wij de juiste keuze voor u. Onze medewerkers helpen u bij het kopen van Green Bentuangie.","breadcrumb":{"@id":"https:\/\/rckopen.com\/product\/green-bentuangie\/#breadcrumb"},"inLanguage":"de-CH","potentialAction":[{"@type":"ReadAction","target":["https:\/\/rckopen.com\/product\/green-bentuangie\/"]}]},{"@type":"ImageObject","inLanguage":"de-CH","@id":"https:\/\/rckopen.com\/product\/green-bentuangie\/#primaryimage","url":"https:\/\/rckopen.com\/wp-content\/uploads\/2023\/08\/Green-Bentuangie.jpg","contentUrl":"https:\/\/rckopen.com\/wp-content\/uploads\/2023\/08\/Green-Bentuangie.jpg","width":600,"height":600,"caption":"Green-Bentuangie online kopen"},{"@type":"BreadcrumbList","@id":"https:\/\/rckopen.com\/product\/green-bentuangie\/#breadcrumb","itemListElement":[{"@type":"ListItem","position":1,"name":"Home","item":"https:\/\/rckopen.com\/"},{"@type":"ListItem","position":2,"name":"Shop","item":"https:\/\/rckopen.com\/shop\/"},{"@type":"ListItem","position":3,"name":"Green Bentuangie Online kopen"}]},{"@type":"WebSite","@id":"https:\/\/rckopen.com\/#website","url":"https:\/\/rckopen.com\/","name":"RC Kopen","description":"Research Chemicals","potentialAction":[{"@type":"SearchAction","target":{"@type":"EntryPoint","urlTemplate":"https:\/\/rckopen.com\/?s={search_term_string}"},"query-input":{"@type":"PropertyValueSpecification","valueRequired":true,"valueName":"search_term_string"}}],"inLanguage":"de-CH"}]}},"_links":{"self":[{"href":"https:\/\/rckopen.com\/de\/wp-json\/wp\/v2\/product\/6530","targetHints":{"allow":["GET"]}}],"collection":[{"href":"https:\/\/rckopen.com\/de\/wp-json\/wp\/v2\/product"}],"about":[{"href":"https:\/\/rckopen.com\/de\/wp-json\/wp\/v2\/types\/product"}],"replies":[{"embeddable":true,"href":"https:\/\/rckopen.com\/de\/wp-json\/wp\/v2\/comments?post=6530"}],"wp:featuredmedia":[{"embeddable":true,"href":"https:\/\/rckopen.com\/de\/wp-json\/wp\/v2\/media\/6541"}],"wp:attachment":[{"href":"https:\/\/rckopen.com\/de\/wp-json\/wp\/v2\/media?parent=6530"}],"wp:term":[{"taxonomy":"product_brand","embeddable":true,"href":"https:\/\/rckopen.com\/de\/wp-json\/wp\/v2\/product_brand?post=6530"},{"taxonomy":"product_cat","embeddable":true,"href":"https:\/\/rckopen.com\/de\/wp-json\/wp\/v2\/product_cat?post=6530"},{"taxonomy":"product_tag","embeddable":true,"href":"https:\/\/rckopen.com\/de\/wp-json\/wp\/v2\/product_tag?post=6530"}],"curies":[{"name":"wp","href":"https:\/\/api.w.org\/{rel}","templated":true}]}}