{"id":6545,"date":"2023-08-16T07:04:00","date_gmt":"2023-08-16T07:04:00","guid":{"rendered":"https:\/\/diligentplug.com\/chems\/?post_type=product&#038;p=6545"},"modified":"2025-02-06T06:06:26","modified_gmt":"2025-02-06T06:06:26","slug":"green-indo","status":"publish","type":"product","link":"https:\/\/rckopen.com\/de\/produkt\/gruner-indo\/","title":{"rendered":"Green Indo online kaufen"},"content":{"rendered":"<h2>Green Indo online kaufen<\/h2>\n<h3>\u00dcber Green Indo<\/h3>\n<p>Die ultimative Kratom-Kombination ist <a href=\"https:\/\/rckopen.com\/de\/produkt\/gruner-indo\/\">Gr\u00fcner Indo<\/a>, eine Hybridsorte, die genug Kraft und Stil hat, um selbst die erfahrensten Kratom-Benutzer zufriedenzustellen. Unser beliebtestes Kratompulver mit gr\u00fcnen Adern ist diese k\u00f6stliche Mischung aus zwei Kratomsorten. Sie werden verstehen, warum es ein nationaler Bestseller geworden ist, wenn Sie es probiert haben. Die Sorte Green Indo ist ein best\u00e4ndiges, hervorragendes Kr\u00e4uterexemplar und hat einen ausgewogenen, anhaltenden Duft. Sie bietet Benutzern den idealen Kompromiss zwischen \u201elangsamen\u201c und \u201eschnellen\u201c Kratomsorten.<\/p>\n<h3>Die Geschichte und der Ursprung von Green Indo<\/h3>\n<p>Im n\u00f6rdlichen Borneo-Reservat in Indonesien wachsen die Flussufer von Green Indo. Jede Gattung von Mitragyna speciosa, einem immergr\u00fcnen Baum aus der Kaffeefamilie mit bestimmten ungew\u00f6hnlichen chemischen Bestandteilen, ist die Quelle von Kratom. Obwohl seine genaue Herkunft unbekannt ist, ist Green Indo derzeit in einigen Gebieten Indonesiens vorhanden. <a href=\"https:\/\/rckopen.com\/de\/produkt\/gruner-indo\/\">RC Kopen<\/a><\/p>\n<p>Unsere Sorte Green Indo wird auf einer privaten Farm neben dem Kapuas-Fluss unter ethischen Gesichtspunkten angebaut. Entlang des welligen Nebenflusses des Tenegang-Sees in Sabah wachsen diese Kratompflanzen biologisch. Unsere ausgewachsenen, vielf\u00e4ltigen Indo-Kratomb\u00e4ume werden in oder in der N\u00e4he der S\u00fc\u00dfwassers\u00fcmpfe im Staat Malaysia gez\u00fcchtet.<\/p>\n<p>Sobald die Stecklinge dieser malaysischen Kratomb\u00e4ume die entscheidende Reife erreicht haben, werden sie auf unsere Farm in Kalimantan gebracht. Dort werden sie auf Maeng Da-Kratomb\u00e4ume gepfropft, um ein st\u00e4rkeres, widerstandsf\u00e4higeres Exemplar zu schaffen. Der Anbau mehrerer Pflanzen auf einem St\u00fcck Land ist ein Beispiel f\u00fcr die nachhaltigen landwirtschaftlichen Praktiken unserer einheimischen Partner.<\/p>\n<p>Unsere Green Indo-B\u00e4ume wachsen bis zu einer H\u00f6he von 10 bis 15 Fu\u00df, bevor ihre Bl\u00e4tter gepfl\u00fcckt werden. Der gesamte K\u00f6rper unserer starken Green Indo-Mischung wird aus den Mineralien und N\u00e4hrstoffen gewonnen, die in der schlammigen, tiefen Erde reichlich vorhanden sind. Bevor unsere Kratombl\u00e4tter sortiert und durch unsere Hammerm\u00fchle mit breiter \u00d6ffnung geleitet werden, werden sie mithilfe einer Technologie zur Feuchtigkeitsentfernung bel\u00fcftet.<\/p>\n<p>Green Indo ist eine kr\u00e4ftige Mischung aus den Bl\u00e4ttern von White Malay und Green Maeng Da. Wir verwenden ein Insektenschutzmittel ohne Pestizide, um die Baumkronen unserer Kratomb\u00e4ume zu sch\u00fctzen.<\/p>\n<h3>Vorteile, die Sie mit Green Indo erleben k\u00f6nnen<\/h3>\n<p>Eine der faszinierendsten Sorten der Kratom-Familie ist Green Indo. Mit der zus\u00e4tzlichen Klarheit von White Malay bietet Ihnen diese exquisite Kratom-Kombination die gesamte potenzielle Linderung von Maeng Da. Die Wirkung von Green Indo hat mehr zu bieten als nur tiefe Entspannung, wenn es in Ma\u00dfen eingenommen wird.<\/p>\n<p>Die vielen Alkaloide, Flavonoide und Terpenoide in dieser starken gr\u00fcnen Kratom-Sorte sind f\u00fcr ihre vielen m\u00f6glichen Wirkungen verantwortlich. Ajmalicin, Corynoxin A und B, Mitragynin, 9-Hydroxycorynantheidin, 7-Hydroxymitragynin (7-OH) und Speciociliatin sind einige dieser notwendigen Bestandteile.<\/p>\n<p>Die oben genannten Stoffe sind f\u00fcr das vielf\u00e4ltige Aroma von Green Indo unerl\u00e4sslich. Green Indo kann heilende Eigenschaften, nat\u00fcrliche Redseligkeit und einen Energieschub haben.<\/p>\n<h3>Diese starke Sorte kann dosisabh\u00e4ngige Wirkungen haben.<\/h3>\n<p>Eine der faszinierendsten Sorten der Kratom-Familie ist Green Indo. Mit der zus\u00e4tzlichen Klarheit von White Malay bietet Ihnen diese exquisite Kratom-Kombination die gesamte potenzielle Linderung von Maeng Da. Die Wirkung von Green Indo hat mehr zu bieten als nur tiefe Entspannung, wenn es in Ma\u00dfen eingenommen wird.<\/p>\n<p>Die vielen Alkaloide, Flavonoide und Terpenoide in dieser starken gr\u00fcnen Kratom-Sorte sind f\u00fcr ihre vielen m\u00f6glichen Wirkungen verantwortlich. Ajmalicin, Corynoxin A und B, Mitragynin, 9-Hydroxycorynantheidin, 7-Hydroxymitragynin (7-OH) und Speciociliatin sind einige dieser notwendigen Bestandteile.<\/p>\n<p>Die oben genannten Stoffe sind f\u00fcr das vielf\u00e4ltige Aroma von Green Indo unerl\u00e4sslich. Green Indo kann heilende Eigenschaften, nat\u00fcrliche Redseligkeit und einen Energieschub haben.<\/p>\n<p>This strong strain may have dose-dependent effects. Dosage may affect effects; the effects of this strong strain vary slightly depending on the dosage. Green Indo, like Maeng D, is effective at lower dosages than most. While bigger dosages may produce exceptional levels of elevation, lower doses may cause waves of well-being.<\/p>\n<p>In niedrigen Dosen ist Green Indo sehr klar, in mittleren Dosen inspirierend und in h\u00f6heren Dosen zutiefst erholsam. Die meisten erfahrenen Kratom-Experten empfehlen, kleine bis mittlere Mengen Kratom zu konsumieren, um unangenehme Nebenwirkungen zu vermeiden. Hohe Dosen k\u00f6nnen unerw\u00fcnschte Nebenwirkungen verursachen. Hohe Dosen \u00fcber einen l\u00e4ngeren Zeitraum sind ebenfalls nicht angezeigt.<\/p>\n<p>Die Wirkungen verschiedener Kratom-Sorten k\u00f6nnen unterschiedlich sein. Generell k\u00f6nnen die Auswirkungen des Kratom-Konsums je nach Empfindlichkeit, Gr\u00f6\u00dfe, Gewicht und Ern\u00e4hrung des Benutzers variieren. Die Auswirkungen k\u00f6nnen von Person zu Person erheblich unterschiedlich sein.<\/p>","protected":false},"excerpt":{"rendered":"<p><strong>Form: <\/strong>Pulver<\/p>\n<p><strong>NMR-Analyse: <\/strong>K.A.<\/p>","protected":false},"featured_media":6555,"comment_status":"open","ping_status":"closed","template":"","meta":{"_joinchat":[]},"product_brand":[],"product_cat":[139],"product_tag":[],"class_list":{"0":"post-6545","1":"product","2":"type-product","3":"status-publish","4":"has-post-thumbnail","6":"product_cat-kratom","8":"first","9":"instock","10":"shipping-taxable","11":"purchasable","12":"product-type-variable"},"yoast_head":"<!-- This site is optimized with the Yoast SEO plugin v26.3 - https:\/\/yoast.com\/wordpress\/plugins\/seo\/ -->\n<title>Green Indo online kopen- Green Indo te koop | RC kopen<\/title>\n<meta name=\"description\" content=\"Als je gepassioneerd bent door Green Indo, dan is onze winkel de beste plek om Green Indo online te kopen. U kunt groene indo te koop hebben tegen de laagste prijs. Bestel nu en ontvang hem binnenkort!\" \/>\n<meta name=\"robots\" content=\"index, follow, max-snippet:-1, max-image-preview:large, max-video-preview:-1\" \/>\n<link rel=\"canonical\" href=\"https:\/\/rckopen.com\/de\/produkt\/gruner-indo\/\" \/>\n<meta property=\"og:locale\" content=\"de_DE\" \/>\n<meta property=\"og:type\" content=\"article\" \/>\n<meta property=\"og:title\" content=\"Green Indo online kopen- Green Indo te koop | RC kopen\" \/>\n<meta property=\"og:description\" content=\"Als je gepassioneerd bent door Green Indo, dan is onze winkel de beste plek om Green Indo online te kopen. U kunt groene indo te koop hebben tegen de laagste prijs. Bestel nu en ontvang hem binnenkort!\" \/>\n<meta property=\"og:url\" content=\"https:\/\/rckopen.com\/de\/produkt\/gruner-indo\/\" \/>\n<meta property=\"og:site_name\" content=\"RC Kopen\" \/>\n<meta property=\"article:modified_time\" content=\"2025-02-06T06:06:26+00:00\" \/>\n<meta property=\"og:image\" content=\"https:\/\/rckopen.com\/wp-content\/uploads\/2023\/08\/Green-Indo.jpg\" \/>\n\t<meta property=\"og:image:width\" content=\"600\" \/>\n\t<meta property=\"og:image:height\" content=\"600\" \/>\n\t<meta property=\"og:image:type\" content=\"image\/jpeg\" \/>\n<meta name=\"twitter:card\" content=\"summary_large_image\" \/>\n<meta name=\"twitter:label1\" content=\"Gesch\u00e4tzte Lesezeit\" \/>\n\t<meta name=\"twitter:data1\" content=\"4\u00a0Minuten\" \/>\n<script type=\"application\/ld+json\" class=\"yoast-schema-graph\">{\"@context\":\"https:\/\/schema.org\",\"@graph\":[{\"@type\":\"WebPage\",\"@id\":\"https:\/\/rckopen.com\/product\/green-indo\/\",\"url\":\"https:\/\/rckopen.com\/product\/green-indo\/\",\"name\":\"Green Indo online kopen- Green Indo te koop | RC kopen\",\"isPartOf\":{\"@id\":\"https:\/\/rckopen.com\/#website\"},\"primaryImageOfPage\":{\"@id\":\"https:\/\/rckopen.com\/product\/green-indo\/#primaryimage\"},\"image\":{\"@id\":\"https:\/\/rckopen.com\/product\/green-indo\/#primaryimage\"},\"thumbnailUrl\":\"https:\/\/rckopen.com\/wp-content\/uploads\/2023\/08\/Green-Indo.jpg\",\"datePublished\":\"2023-08-16T07:04:00+00:00\",\"dateModified\":\"2025-02-06T06:06:26+00:00\",\"description\":\"Als je gepassioneerd bent door Green Indo, dan is onze winkel de beste plek om Green Indo online te kopen. U kunt groene indo te koop hebben tegen de laagste prijs. Bestel nu en ontvang hem binnenkort!\",\"breadcrumb\":{\"@id\":\"https:\/\/rckopen.com\/product\/green-indo\/#breadcrumb\"},\"inLanguage\":\"de-CH\",\"potentialAction\":[{\"@type\":\"ReadAction\",\"target\":[\"https:\/\/rckopen.com\/product\/green-indo\/\"]}]},{\"@type\":\"ImageObject\",\"inLanguage\":\"de-CH\",\"@id\":\"https:\/\/rckopen.com\/product\/green-indo\/#primaryimage\",\"url\":\"https:\/\/rckopen.com\/wp-content\/uploads\/2023\/08\/Green-Indo.jpg\",\"contentUrl\":\"https:\/\/rckopen.com\/wp-content\/uploads\/2023\/08\/Green-Indo.jpg\",\"width\":600,\"height\":600,\"caption\":\"Green Indo online kopen\"},{\"@type\":\"BreadcrumbList\",\"@id\":\"https:\/\/rckopen.com\/product\/green-indo\/#breadcrumb\",\"itemListElement\":[{\"@type\":\"ListItem\",\"position\":1,\"name\":\"Home\",\"item\":\"https:\/\/rckopen.com\/\"},{\"@type\":\"ListItem\",\"position\":2,\"name\":\"Shop\",\"item\":\"https:\/\/rckopen.com\/shop\/\"},{\"@type\":\"ListItem\",\"position\":3,\"name\":\"Green Indo online kopen\"}]},{\"@type\":\"WebSite\",\"@id\":\"https:\/\/rckopen.com\/#website\",\"url\":\"https:\/\/rckopen.com\/\",\"name\":\"RC Kopen\",\"description\":\"Research Chemicals\",\"potentialAction\":[{\"@type\":\"SearchAction\",\"target\":{\"@type\":\"EntryPoint\",\"urlTemplate\":\"https:\/\/rckopen.com\/?s={search_term_string}\"},\"query-input\":{\"@type\":\"PropertyValueSpecification\",\"valueRequired\":true,\"valueName\":\"search_term_string\"}}],\"inLanguage\":\"de-CH\"}]}<\/script>\n<!-- \/ Yoast SEO plugin. -->","yoast_head_json":{"title":"Green Indo online kopen- Green Indo te koop | RC kopen","description":"Als je gepassioneerd bent door Green Indo, dan is onze winkel de beste plek om Green Indo online te kopen. U kunt groene indo te koop hebben tegen de laagste prijs. Bestel nu en ontvang hem binnenkort!","robots":{"index":"index","follow":"follow","max-snippet":"max-snippet:-1","max-image-preview":"max-image-preview:large","max-video-preview":"max-video-preview:-1"},"canonical":"https:\/\/rckopen.com\/de\/produkt\/gruner-indo\/","og_locale":"de_DE","og_type":"article","og_title":"Green Indo online kopen- Green Indo te koop | RC kopen","og_description":"Als je gepassioneerd bent door Green Indo, dan is onze winkel de beste plek om Green Indo online te kopen. U kunt groene indo te koop hebben tegen de laagste prijs. Bestel nu en ontvang hem binnenkort!","og_url":"https:\/\/rckopen.com\/de\/produkt\/gruner-indo\/","og_site_name":"RC Kopen","article_modified_time":"2025-02-06T06:06:26+00:00","og_image":[{"width":600,"height":600,"url":"https:\/\/rckopen.com\/wp-content\/uploads\/2023\/08\/Green-Indo.jpg","type":"image\/jpeg"}],"twitter_card":"summary_large_image","twitter_misc":{"Gesch\u00e4tzte Lesezeit":"4\u00a0Minuten"},"schema":{"@context":"https:\/\/schema.org","@graph":[{"@type":"WebPage","@id":"https:\/\/rckopen.com\/product\/green-indo\/","url":"https:\/\/rckopen.com\/product\/green-indo\/","name":"Green Indo online kopen- Green Indo te koop | RC kopen","isPartOf":{"@id":"https:\/\/rckopen.com\/#website"},"primaryImageOfPage":{"@id":"https:\/\/rckopen.com\/product\/green-indo\/#primaryimage"},"image":{"@id":"https:\/\/rckopen.com\/product\/green-indo\/#primaryimage"},"thumbnailUrl":"https:\/\/rckopen.com\/wp-content\/uploads\/2023\/08\/Green-Indo.jpg","datePublished":"2023-08-16T07:04:00+00:00","dateModified":"2025-02-06T06:06:26+00:00","description":"Als je gepassioneerd bent door Green Indo, dan is onze winkel de beste plek om Green Indo online te kopen. U kunt groene indo te koop hebben tegen de laagste prijs. Bestel nu en ontvang hem binnenkort!","breadcrumb":{"@id":"https:\/\/rckopen.com\/product\/green-indo\/#breadcrumb"},"inLanguage":"de-CH","potentialAction":[{"@type":"ReadAction","target":["https:\/\/rckopen.com\/product\/green-indo\/"]}]},{"@type":"ImageObject","inLanguage":"de-CH","@id":"https:\/\/rckopen.com\/product\/green-indo\/#primaryimage","url":"https:\/\/rckopen.com\/wp-content\/uploads\/2023\/08\/Green-Indo.jpg","contentUrl":"https:\/\/rckopen.com\/wp-content\/uploads\/2023\/08\/Green-Indo.jpg","width":600,"height":600,"caption":"Green Indo online kopen"},{"@type":"BreadcrumbList","@id":"https:\/\/rckopen.com\/product\/green-indo\/#breadcrumb","itemListElement":[{"@type":"ListItem","position":1,"name":"Home","item":"https:\/\/rckopen.com\/"},{"@type":"ListItem","position":2,"name":"Shop","item":"https:\/\/rckopen.com\/shop\/"},{"@type":"ListItem","position":3,"name":"Green Indo online kopen"}]},{"@type":"WebSite","@id":"https:\/\/rckopen.com\/#website","url":"https:\/\/rckopen.com\/","name":"RC Kopen","description":"Research Chemicals","potentialAction":[{"@type":"SearchAction","target":{"@type":"EntryPoint","urlTemplate":"https:\/\/rckopen.com\/?s={search_term_string}"},"query-input":{"@type":"PropertyValueSpecification","valueRequired":true,"valueName":"search_term_string"}}],"inLanguage":"de-CH"}]}},"_links":{"self":[{"href":"https:\/\/rckopen.com\/de\/wp-json\/wp\/v2\/product\/6545","targetHints":{"allow":["GET"]}}],"collection":[{"href":"https:\/\/rckopen.com\/de\/wp-json\/wp\/v2\/product"}],"about":[{"href":"https:\/\/rckopen.com\/de\/wp-json\/wp\/v2\/types\/product"}],"replies":[{"embeddable":true,"href":"https:\/\/rckopen.com\/de\/wp-json\/wp\/v2\/comments?post=6545"}],"wp:featuredmedia":[{"embeddable":true,"href":"https:\/\/rckopen.com\/de\/wp-json\/wp\/v2\/media\/6555"}],"wp:attachment":[{"href":"https:\/\/rckopen.com\/de\/wp-json\/wp\/v2\/media?parent=6545"}],"wp:term":[{"taxonomy":"product_brand","embeddable":true,"href":"https:\/\/rckopen.com\/de\/wp-json\/wp\/v2\/product_brand?post=6545"},{"taxonomy":"product_cat","embeddable":true,"href":"https:\/\/rckopen.com\/de\/wp-json\/wp\/v2\/product_cat?post=6545"},{"taxonomy":"product_tag","embeddable":true,"href":"https:\/\/rckopen.com\/de\/wp-json\/wp\/v2\/product_tag?post=6545"}],"curies":[{"name":"wp","href":"https:\/\/api.w.org\/{rel}","templated":true}]}}