{"id":6546,"date":"2023-08-16T07:04:39","date_gmt":"2023-08-16T07:04:39","guid":{"rendered":"https:\/\/diligentplug.com\/chems\/?post_type=product&#038;p=6546"},"modified":"2025-02-06T06:18:33","modified_gmt":"2025-02-06T06:18:33","slug":"green-kapuas","status":"publish","type":"product","link":"https:\/\/rckopen.com\/de\/produkt\/grune-kapuas\/","title":{"rendered":"Green Kapuas online kaufen"},"content":{"rendered":"<h2><ins datetime=\"2023-09-06T07:09:14+00:00\"><\/ins>Green Kapuas online kaufen<\/h2>\n<p>Nur wenige Sorten k\u00f6nnen mit unseren mithalten <a href=\"https:\/\/rckopen.com\/de\/produkt\/grune-kapuas\/\">Gr\u00fcner Kapuas<\/a> Reinheit und Wirksamkeit des Pulvers f\u00fcr ein wahres Kapuas-Erlebnis. Die indonesische Region Kapuas Hulu ist der Ursprung dieser Sorte, die seit Jahrtausenden von indigenen Gemeinschaften wie den Iban und Silat verwendet wird. Kats Botanicals bezieht diese Sorte von diesem Ort. Unser gr\u00fcnes Kapuas-Pulver ist f\u00fcr seine dauerhaften Vorteile und seine Verl\u00e4sslichkeit als starke Kapuas-Sorte bekannt und wird von Bauern angebaut, die auf ihre ethischen Anbaumethoden \u00fcberpr\u00fcft wurden. Die Stiele der Kapuas-Bl\u00e4tter werden abgeschnitten und im Haus getrocknet, um den tiefgr\u00fcnen Farbton zu erhalten, der mit dieser Sorte verbunden wird. Viele Kapuas-Anwender schw\u00f6ren auf das begehrte Alkaloidprofil, das durch dieses spezielle Verarbeitungsverfahren erzeugt wird. Voller Stolz pr\u00e4sentieren wir unseren Kunden diese exotische Kapuas-Sorte und halten uns dabei strikt an unsere 30-t\u00e4gige Zufriedenheitsgarantie und gute Herstellungspraxis.<\/p>\n<h3>Die Geschichte von Green Kapuas<\/h3>\n<p>Green Vein Kapuas-Sorten werden heutzutage weltweit zur F\u00f6rderung des Wohlbefindens eingesetzt. Die wahren Wurzeln dieser Sorte liegen jedoch in S\u00fcdostasien, da der Kapuas-Baum nur dort nat\u00fcrlich vorkommt. Es ist bekannt, dass Green Kapuas-Pulver starke Wirkungen hat, die l\u00e4nger anhalten als die vieler anderer Sorten derselben Kategorie. Seit 2016 bietet Kats Botanicals hochwertiges, im Labor getestetes Green Kapuas-Pulver an, und w\u00e4hrend dieser Zeit geh\u00f6rte diese Sorte zu unseren meistverkauften Artikeln. Finden Sie heraus, warum, indem Sie es ausprobieren. <a href=\"https:\/\/rckopen.com\/de\/\">RC Kopen<\/a><\/p>\n<h3>Kat\u2019s Green Kapuas Pulver: Warum es w\u00e4hlen?<\/h3>\n<p>Bei der Verarbeitung von Kr\u00e4uterpulvern ohne gro\u00dfe Sorgfalt k\u00f6nnen Schadstoffe wie Schwermetalle und Mikroorganismen freigesetzt werden. Im Fall von Kapuas trifft dies besonders zu. Kats Botanicals f\u00fchrt daher bei jeder importierten Lieferung Chargentests im Labor durch, um sicherzustellen, dass unsere Kunden nur das reinste und sauberste gr\u00fcne Kapuas-Pulver erhalten, das auf dem Markt erh\u00e4ltlich ist. Auf solche Kapuas k\u00f6nnen Sie sich verlassen. Das macht Kats Botanicals einzigartig!<\/p>","protected":false},"excerpt":{"rendered":"<p><strong>Form: <\/strong>Pulver<\/p>\n<p><strong>NMR-Analyse: <\/strong>K.A.<\/p>","protected":false},"featured_media":6556,"comment_status":"open","ping_status":"closed","template":"","meta":{"_joinchat":[]},"product_brand":[],"product_cat":[139],"product_tag":[],"class_list":{"0":"post-6546","1":"product","2":"type-product","3":"status-publish","4":"has-post-thumbnail","6":"product_cat-kratom","8":"first","9":"instock","10":"shipping-taxable","11":"purchasable","12":"product-type-variable"},"yoast_head":"<!-- This site is optimized with the Yoast SEO plugin v26.3 - https:\/\/yoast.com\/wordpress\/plugins\/seo\/ -->\n<title>Green Kapuas online kopen - Green Kapuas te koop<\/title>\n<meta name=\"description\" content=\"Als je Green Kapuas online wilt kopen, dan is een bezoek aan onze online RC Kopen winkel de beste optie. Wij hebben Green Kapuas te koop. Plaats nu uw bestelling!\" \/>\n<meta name=\"robots\" content=\"index, follow, max-snippet:-1, max-image-preview:large, max-video-preview:-1\" \/>\n<link rel=\"canonical\" href=\"https:\/\/rckopen.com\/de\/produkt\/grune-kapuas\/\" \/>\n<meta property=\"og:locale\" content=\"de_DE\" \/>\n<meta property=\"og:type\" content=\"article\" \/>\n<meta property=\"og:title\" content=\"Green Kapuas online kopen - Green Kapuas te koop\" \/>\n<meta property=\"og:description\" content=\"Als je Green Kapuas online wilt kopen, dan is een bezoek aan onze online RC Kopen winkel de beste optie. Wij hebben Green Kapuas te koop. Plaats nu uw bestelling!\" \/>\n<meta property=\"og:url\" content=\"https:\/\/rckopen.com\/de\/produkt\/grune-kapuas\/\" \/>\n<meta property=\"og:site_name\" content=\"RC Kopen\" \/>\n<meta property=\"article:modified_time\" content=\"2025-02-06T06:18:33+00:00\" \/>\n<meta property=\"og:image\" content=\"https:\/\/rckopen.com\/wp-content\/uploads\/2023\/08\/Green-Kapuas.jpg\" \/>\n\t<meta property=\"og:image:width\" content=\"600\" \/>\n\t<meta property=\"og:image:height\" content=\"600\" \/>\n\t<meta property=\"og:image:type\" content=\"image\/jpeg\" \/>\n<meta name=\"twitter:card\" content=\"summary_large_image\" \/>\n<meta name=\"twitter:label1\" content=\"Gesch\u00e4tzte Lesezeit\" \/>\n\t<meta name=\"twitter:data1\" content=\"2\u00a0Minuten\" \/>\n<script type=\"application\/ld+json\" class=\"yoast-schema-graph\">{\"@context\":\"https:\/\/schema.org\",\"@graph\":[{\"@type\":\"WebPage\",\"@id\":\"https:\/\/rckopen.com\/product\/green-kapuas\/\",\"url\":\"https:\/\/rckopen.com\/product\/green-kapuas\/\",\"name\":\"Green Kapuas online kopen - Green Kapuas te koop\",\"isPartOf\":{\"@id\":\"https:\/\/rckopen.com\/#website\"},\"primaryImageOfPage\":{\"@id\":\"https:\/\/rckopen.com\/product\/green-kapuas\/#primaryimage\"},\"image\":{\"@id\":\"https:\/\/rckopen.com\/product\/green-kapuas\/#primaryimage\"},\"thumbnailUrl\":\"https:\/\/rckopen.com\/wp-content\/uploads\/2023\/08\/Green-Kapuas.jpg\",\"datePublished\":\"2023-08-16T07:04:39+00:00\",\"dateModified\":\"2025-02-06T06:18:33+00:00\",\"description\":\"Als je Green Kapuas online wilt kopen, dan is een bezoek aan onze online RC Kopen winkel de beste optie. Wij hebben Green Kapuas te koop. Plaats nu uw bestelling!\",\"breadcrumb\":{\"@id\":\"https:\/\/rckopen.com\/product\/green-kapuas\/#breadcrumb\"},\"inLanguage\":\"de-CH\",\"potentialAction\":[{\"@type\":\"ReadAction\",\"target\":[\"https:\/\/rckopen.com\/product\/green-kapuas\/\"]}]},{\"@type\":\"ImageObject\",\"inLanguage\":\"de-CH\",\"@id\":\"https:\/\/rckopen.com\/product\/green-kapuas\/#primaryimage\",\"url\":\"https:\/\/rckopen.com\/wp-content\/uploads\/2023\/08\/Green-Kapuas.jpg\",\"contentUrl\":\"https:\/\/rckopen.com\/wp-content\/uploads\/2023\/08\/Green-Kapuas.jpg\",\"width\":600,\"height\":600,\"caption\":\"Green Kapuas online kopen\"},{\"@type\":\"BreadcrumbList\",\"@id\":\"https:\/\/rckopen.com\/product\/green-kapuas\/#breadcrumb\",\"itemListElement\":[{\"@type\":\"ListItem\",\"position\":1,\"name\":\"Home\",\"item\":\"https:\/\/rckopen.com\/\"},{\"@type\":\"ListItem\",\"position\":2,\"name\":\"Shop\",\"item\":\"https:\/\/rckopen.com\/shop\/\"},{\"@type\":\"ListItem\",\"position\":3,\"name\":\"Green Kapuas online kopen\"}]},{\"@type\":\"WebSite\",\"@id\":\"https:\/\/rckopen.com\/#website\",\"url\":\"https:\/\/rckopen.com\/\",\"name\":\"RC Kopen\",\"description\":\"Research Chemicals\",\"potentialAction\":[{\"@type\":\"SearchAction\",\"target\":{\"@type\":\"EntryPoint\",\"urlTemplate\":\"https:\/\/rckopen.com\/?s={search_term_string}\"},\"query-input\":{\"@type\":\"PropertyValueSpecification\",\"valueRequired\":true,\"valueName\":\"search_term_string\"}}],\"inLanguage\":\"de-CH\"}]}<\/script>\n<!-- \/ Yoast SEO plugin. -->","yoast_head_json":{"title":"Green Kapuas online kopen - Green Kapuas te koop","description":"Als je Green Kapuas online wilt kopen, dan is een bezoek aan onze online RC Kopen winkel de beste optie. Wij hebben Green Kapuas te koop. Plaats nu uw bestelling!","robots":{"index":"index","follow":"follow","max-snippet":"max-snippet:-1","max-image-preview":"max-image-preview:large","max-video-preview":"max-video-preview:-1"},"canonical":"https:\/\/rckopen.com\/de\/produkt\/grune-kapuas\/","og_locale":"de_DE","og_type":"article","og_title":"Green Kapuas online kopen - Green Kapuas te koop","og_description":"Als je Green Kapuas online wilt kopen, dan is een bezoek aan onze online RC Kopen winkel de beste optie. Wij hebben Green Kapuas te koop. Plaats nu uw bestelling!","og_url":"https:\/\/rckopen.com\/de\/produkt\/grune-kapuas\/","og_site_name":"RC Kopen","article_modified_time":"2025-02-06T06:18:33+00:00","og_image":[{"width":600,"height":600,"url":"https:\/\/rckopen.com\/wp-content\/uploads\/2023\/08\/Green-Kapuas.jpg","type":"image\/jpeg"}],"twitter_card":"summary_large_image","twitter_misc":{"Gesch\u00e4tzte Lesezeit":"2\u00a0Minuten"},"schema":{"@context":"https:\/\/schema.org","@graph":[{"@type":"WebPage","@id":"https:\/\/rckopen.com\/product\/green-kapuas\/","url":"https:\/\/rckopen.com\/product\/green-kapuas\/","name":"Green Kapuas online kopen - Green Kapuas te koop","isPartOf":{"@id":"https:\/\/rckopen.com\/#website"},"primaryImageOfPage":{"@id":"https:\/\/rckopen.com\/product\/green-kapuas\/#primaryimage"},"image":{"@id":"https:\/\/rckopen.com\/product\/green-kapuas\/#primaryimage"},"thumbnailUrl":"https:\/\/rckopen.com\/wp-content\/uploads\/2023\/08\/Green-Kapuas.jpg","datePublished":"2023-08-16T07:04:39+00:00","dateModified":"2025-02-06T06:18:33+00:00","description":"Als je Green Kapuas online wilt kopen, dan is een bezoek aan onze online RC Kopen winkel de beste optie. Wij hebben Green Kapuas te koop. Plaats nu uw bestelling!","breadcrumb":{"@id":"https:\/\/rckopen.com\/product\/green-kapuas\/#breadcrumb"},"inLanguage":"de-CH","potentialAction":[{"@type":"ReadAction","target":["https:\/\/rckopen.com\/product\/green-kapuas\/"]}]},{"@type":"ImageObject","inLanguage":"de-CH","@id":"https:\/\/rckopen.com\/product\/green-kapuas\/#primaryimage","url":"https:\/\/rckopen.com\/wp-content\/uploads\/2023\/08\/Green-Kapuas.jpg","contentUrl":"https:\/\/rckopen.com\/wp-content\/uploads\/2023\/08\/Green-Kapuas.jpg","width":600,"height":600,"caption":"Green Kapuas online kopen"},{"@type":"BreadcrumbList","@id":"https:\/\/rckopen.com\/product\/green-kapuas\/#breadcrumb","itemListElement":[{"@type":"ListItem","position":1,"name":"Home","item":"https:\/\/rckopen.com\/"},{"@type":"ListItem","position":2,"name":"Shop","item":"https:\/\/rckopen.com\/shop\/"},{"@type":"ListItem","position":3,"name":"Green Kapuas online kopen"}]},{"@type":"WebSite","@id":"https:\/\/rckopen.com\/#website","url":"https:\/\/rckopen.com\/","name":"RC Kopen","description":"Research Chemicals","potentialAction":[{"@type":"SearchAction","target":{"@type":"EntryPoint","urlTemplate":"https:\/\/rckopen.com\/?s={search_term_string}"},"query-input":{"@type":"PropertyValueSpecification","valueRequired":true,"valueName":"search_term_string"}}],"inLanguage":"de-CH"}]}},"_links":{"self":[{"href":"https:\/\/rckopen.com\/de\/wp-json\/wp\/v2\/product\/6546","targetHints":{"allow":["GET"]}}],"collection":[{"href":"https:\/\/rckopen.com\/de\/wp-json\/wp\/v2\/product"}],"about":[{"href":"https:\/\/rckopen.com\/de\/wp-json\/wp\/v2\/types\/product"}],"replies":[{"embeddable":true,"href":"https:\/\/rckopen.com\/de\/wp-json\/wp\/v2\/comments?post=6546"}],"wp:featuredmedia":[{"embeddable":true,"href":"https:\/\/rckopen.com\/de\/wp-json\/wp\/v2\/media\/6556"}],"wp:attachment":[{"href":"https:\/\/rckopen.com\/de\/wp-json\/wp\/v2\/media?parent=6546"}],"wp:term":[{"taxonomy":"product_brand","embeddable":true,"href":"https:\/\/rckopen.com\/de\/wp-json\/wp\/v2\/product_brand?post=6546"},{"taxonomy":"product_cat","embeddable":true,"href":"https:\/\/rckopen.com\/de\/wp-json\/wp\/v2\/product_cat?post=6546"},{"taxonomy":"product_tag","embeddable":true,"href":"https:\/\/rckopen.com\/de\/wp-json\/wp\/v2\/product_tag?post=6546"}],"curies":[{"name":"wp","href":"https:\/\/api.w.org\/{rel}","templated":true}]}}